{"id":987,"date":"2025-04-15T07:56:42","date_gmt":"2025-04-15T07:56:42","guid":{"rendered":"https:\/\/xenonkungen.com\/product\/luxtar-ledramp-x48-black-edition-480w\/"},"modified":"2026-04-10T23:50:49","modified_gmt":"2026-04-10T22:50:49","slug":"luxtar-led-rampe-x48-sort-udgave-480w","status":"publish","type":"product","link":"https:\/\/xenonkungen.com\/dk\/vare\/luxtar-led-rampe-x48-sort-udgave-480w\/","title":{"rendered":"LUXTAR\u00ae Ledramp X48 Black Edition 480W <130cm>"},"content":{"rendered":"<h2><strong>LUXTAR\u00ae LED rampe X48 Black Edition<\/strong><\/h2>\n<p>Luxtar\u00ae X-series led-ramper har et unikt design med sidemonterede diodelamper for forbedret ydeevne. Black Edition tilbyder b\u00e5de stil og ydeevne.<\/p>\n<p>De angivne v\u00e6rdier er de teoretiske v\u00e6rdier, som for X48 er 480W | 28.250 lumen.<\/p>\n<p><strong>Teoretiske v\u00e6rdier for LED-rampe <\/strong><br \/>480 W &amp; 28 250 lumen<\/p>\n<p>Luxtar Led Ramp X48 har en teoretisk v\u00e6rdi p\u00e5 480 W og 28.250 lumen. N\u00e5r du sammenligner andre muligheder p\u00e5 markedet, b\u00f8r du have disse faktorer i tankerne.<\/p>\n<p><strong>Faktiske v\u00e6rdier for LED-rampe <\/strong><br \/>350,4 W &amp; 24 060 Lumen<\/p>\n<p><strong>St\u00f8rrelse<\/strong><br \/>130 cm<\/p>\n<p><strong>Volt<\/strong><br \/>10-32<\/p>\n<p><strong>Anvendelsesomr\u00e5der<\/strong><br \/>Erhvervsk\u00f8ret\u00f8jer | Lastbil | Pickup<\/p>","protected":false},"excerpt":{"rendered":"<p><i>Luxtar\u00ae X48 Black Edition har en lysintensitet p\u00e5 24.060 lumen og er 130 cm, hvilket giver et utroligt lysbillede og kan sammenlignes med over 20 halogenp\u00e6rer p\u00e5 55w | 1.000 lumen (+-200 lm). <\/i><\/p>\n<p>BEM\u00c6RK! Kun tilg\u00e6ngelig i k\u00f8re-\/kombinationsversion*<\/p>","protected":false},"featured_media":988,"comment_status":"closed","ping_status":"closed","template":"","meta":{"_acf_changed":false,"_smort_price_nok":"7472","_smort_price_dkk":"4747","_smort_price_eur":"635.88","_smort_sale_price_nok":"","_smort_sale_price_dkk":"","_smort_sale_price_eur":"","smort_restorder":"","shipmondo_restorder":"","_kad_blocks_custom_css":"","_kad_blocks_head_custom_js":"","_kad_blocks_body_custom_js":"","_kad_blocks_footer_custom_js":"","smort_custom_pricelist_1":"4476.8","smort_custom_pricelist_2":"3637.4","smort_custom_pricelist_3":"3455.53","smort_custom_pricelist_4":"5596","smort_custom_pricelist_5":"3637.4"},"anvandningsomrade":[],"bilmarken":[],"product_brand":[103],"product_cat":[2966,2539,2826,2822,2824,2541],"product_tag":[],"class_list":{"0":"post-987","1":"product","2":"type-product","3":"status-publish","4":"has-post-thumbnail","6":"product_brand-luxtar","7":"product_cat-ledramp-rak","8":"product_cat-ledramper","9":"product_cat-luxtar","10":"product_cat-luxtar-arbetsljus","11":"product_cat-luxtar-ledramper","12":"product_cat-luxtar-x-serie-black-ledramper","13":"pa_faktisk-effekts-forbrukning-350-4","14":"pa_fuktskydd-varde-ipxx-ip68","15":"pa_godkannande-ce-emc-rohs","16":"pa_lampsockel-kontakt-open-wire","17":"pa_led-chips-effekt-w-319","18":"pa_ljusbild-driving","19":"pa_storlek-mm-1298x63x85","20":"pa_stromforbrukning-15a-24v","21":"pa_stromforbrukning-292a-137v","22":"pa_volt-v-multivolt-9-12-14-18-24-28-32","24":"first","25":"instock","26":"taxable","27":"shipping-taxable","28":"purchasable","29":"product-type-simple"},"bundled_by":[],"bundle_stock_status":"instock","bundle_stock_quantity":8,"bundle_virtual":false,"bundle_layout":"","bundle_add_to_cart_form_location":"","bundle_editable_in_cart":false,"bundle_sold_individually_context":"","bundle_item_grouping":"","bundle_min_size":"","bundle_max_size":"","bundle_price":[],"bundled_items":[],"bundle_sell_ids":[],"acf":[],"yoast_head":"<!-- This site is optimized with the Yoast SEO plugin v27.0 - https:\/\/yoast.com\/product\/yoast-seo-wordpress\/ -->\n<title>LUXTAR\u00ae Ledramp X48 Black Edition 480W  - Xenonkungen<\/title>\n<meta name=\"robots\" content=\"index, follow, max-snippet:-1, max-image-preview:large, max-video-preview:-1\" \/>\n<link rel=\"canonical\" href=\"https:\/\/xenonkungen.com\/dk\/vare\/luxtar-led-rampe-x48-sort-udgave-480w\/\" \/>\n<meta property=\"og:locale\" content=\"da_DK\" \/>\n<meta property=\"og:type\" content=\"article\" \/>\n<meta property=\"og:title\" content=\"LUXTAR\u00ae Ledramp X48 Black Edition 480W  - Xenonkungen\" \/>\n<meta property=\"og:description\" content=\"Luxtar\u00ae X48 Black Edition har en ljusintensitet p\u00e5 24 060 lumen och \u00e4r 130 cm, vilket ger en otrolig ljusbild och kan j\u00e4mf\u00f6ras med \u00f6ver 20 halogen p\u00e5 55w | 1 000 Lumen (+-200 lm).  OBS! Finns endast i Driving \/ Combo utf\u00f6rande*\" \/>\n<meta property=\"og:url\" content=\"https:\/\/xenonkungen.com\/dk\/vare\/luxtar-led-rampe-x48-sort-udgave-480w\/\" \/>\n<meta property=\"og:site_name\" content=\"Xenonkungen\" \/>\n<meta property=\"article:modified_time\" content=\"2026-04-10T22:50:49+00:00\" \/>\n<meta property=\"og:image\" content=\"https:\/\/xenonkungen.com\/wp-content\/uploads\/2025\/04\/184964539-origpic-8e8dc6-scaled.jpg\" \/>\n\t<meta property=\"og:image:width\" content=\"2560\" \/>\n\t<meta property=\"og:image:height\" content=\"2560\" \/>\n\t<meta property=\"og:image:type\" content=\"image\/jpeg\" \/>\n<meta name=\"twitter:card\" content=\"summary_large_image\" \/>\n<meta name=\"twitter:label1\" content=\"Estimeret l\u00e6setid\" \/>\n\t<meta name=\"twitter:data1\" content=\"1 minut\" \/>\n<script type=\"application\/ld+json\" class=\"yoast-schema-graph\">{\"@context\":\"https:\/\/schema.org\",\"@graph\":[{\"@type\":\"WebPage\",\"@id\":\"https:\/\/xenonkungen.com\/produkt\/luxtar-ledramp-x48-black-edition-480w\/\",\"url\":\"https:\/\/xenonkungen.com\/produkt\/luxtar-ledramp-x48-black-edition-480w\/\",\"name\":\"LUXTAR\u00ae Ledramp X48 Black Edition 480W - Xenonkungen\",\"isPartOf\":{\"@id\":\"https:\/\/xenonkungen.com\/#website\"},\"primaryImageOfPage\":{\"@id\":\"https:\/\/xenonkungen.com\/produkt\/luxtar-ledramp-x48-black-edition-480w\/#primaryimage\"},\"image\":{\"@id\":\"https:\/\/xenonkungen.com\/produkt\/luxtar-ledramp-x48-black-edition-480w\/#primaryimage\"},\"thumbnailUrl\":\"https:\/\/xenonkungen.com\/wp-content\/uploads\/2025\/04\/184964539-origpic-8e8dc6-scaled.jpg\",\"datePublished\":\"2025-04-15T07:56:42+00:00\",\"dateModified\":\"2026-04-10T22:50:49+00:00\",\"breadcrumb\":{\"@id\":\"https:\/\/xenonkungen.com\/produkt\/luxtar-ledramp-x48-black-edition-480w\/#breadcrumb\"},\"inLanguage\":\"da-DK\",\"potentialAction\":[{\"@type\":\"ReadAction\",\"target\":[\"https:\/\/xenonkungen.com\/produkt\/luxtar-ledramp-x48-black-edition-480w\/\"]}]},{\"@type\":\"ImageObject\",\"inLanguage\":\"da-DK\",\"@id\":\"https:\/\/xenonkungen.com\/produkt\/luxtar-ledramp-x48-black-edition-480w\/#primaryimage\",\"url\":\"https:\/\/xenonkungen.com\/wp-content\/uploads\/2025\/04\/184964539-origpic-8e8dc6-scaled.jpg\",\"contentUrl\":\"https:\/\/xenonkungen.com\/wp-content\/uploads\/2025\/04\/184964539-origpic-8e8dc6-scaled.jpg\",\"width\":2560,\"height\":2560},{\"@type\":\"BreadcrumbList\",\"@id\":\"https:\/\/xenonkungen.com\/produkt\/luxtar-ledramp-x48-black-edition-480w\/#breadcrumb\",\"itemListElement\":[{\"@type\":\"ListItem\",\"position\":1,\"name\":\"Hem\",\"item\":\"https:\/\/xenonkungen.com\/\"},{\"@type\":\"ListItem\",\"position\":2,\"name\":\"Shop\",\"item\":\"https:\/\/xenonkungen.com\/shop\/\"},{\"@type\":\"ListItem\",\"position\":3,\"name\":\"LUXTAR\u00ae Ledramp X48 Black Edition 480W\"}]},{\"@type\":\"WebSite\",\"@id\":\"https:\/\/xenonkungen.com\/#website\",\"url\":\"https:\/\/xenonkungen.com\/\",\"name\":\"Xenonkungen\",\"description\":\"\",\"potentialAction\":[{\"@type\":\"SearchAction\",\"target\":{\"@type\":\"EntryPoint\",\"urlTemplate\":\"https:\/\/xenonkungen.com\/?s={search_term_string}\"},\"query-input\":{\"@type\":\"PropertyValueSpecification\",\"valueRequired\":true,\"valueName\":\"search_term_string\"}}],\"inLanguage\":\"da-DK\"}]}<\/script>\n<!-- \/ Yoast SEO plugin. -->","yoast_head_json":{"title":"LUXTAR\u00ae LED-rampe X48 Black Edition 480W - Xenon-kongen","robots":{"index":"index","follow":"follow","max-snippet":"max-snippet:-1","max-image-preview":"max-image-preview:large","max-video-preview":"max-video-preview:-1"},"canonical":"https:\/\/xenonkungen.com\/dk\/vare\/luxtar-led-rampe-x48-sort-udgave-480w\/","og_locale":"da_DK","og_type":"article","og_title":"LUXTAR\u00ae Ledramp X48 Black Edition 480W  - Xenonkungen","og_description":"Luxtar\u00ae X48 Black Edition har en ljusintensitet p\u00e5 24 060 lumen och \u00e4r 130 cm, vilket ger en otrolig ljusbild och kan j\u00e4mf\u00f6ras med \u00f6ver 20 halogen p\u00e5 55w | 1 000 Lumen (+-200 lm).  OBS! Finns endast i Driving \/ Combo utf\u00f6rande*","og_url":"https:\/\/xenonkungen.com\/dk\/vare\/luxtar-led-rampe-x48-sort-udgave-480w\/","og_site_name":"Xenonkungen","article_modified_time":"2026-04-10T22:50:49+00:00","og_image":[{"width":2560,"height":2560,"url":"https:\/\/xenonkungen.com\/wp-content\/uploads\/2025\/04\/184964539-origpic-8e8dc6-scaled.jpg","type":"image\/jpeg"}],"twitter_card":"summary_large_image","twitter_misc":{"Estimeret l\u00e6setid":"1 minut"},"schema":{"@context":"https:\/\/schema.org","@graph":[{"@type":"WebPage","@id":"https:\/\/xenonkungen.com\/produkt\/luxtar-ledramp-x48-black-edition-480w\/","url":"https:\/\/xenonkungen.com\/produkt\/luxtar-ledramp-x48-black-edition-480w\/","name":"LUXTAR\u00ae LED-rampe X48 Black Edition 480W - Xenon-kongen","isPartOf":{"@id":"https:\/\/xenonkungen.com\/#website"},"primaryImageOfPage":{"@id":"https:\/\/xenonkungen.com\/produkt\/luxtar-ledramp-x48-black-edition-480w\/#primaryimage"},"image":{"@id":"https:\/\/xenonkungen.com\/produkt\/luxtar-ledramp-x48-black-edition-480w\/#primaryimage"},"thumbnailUrl":"https:\/\/xenonkungen.com\/wp-content\/uploads\/2025\/04\/184964539-origpic-8e8dc6-scaled.jpg","datePublished":"2025-04-15T07:56:42+00:00","dateModified":"2026-04-10T22:50:49+00:00","breadcrumb":{"@id":"https:\/\/xenonkungen.com\/produkt\/luxtar-ledramp-x48-black-edition-480w\/#breadcrumb"},"inLanguage":"da-DK","potentialAction":[{"@type":"ReadAction","target":["https:\/\/xenonkungen.com\/produkt\/luxtar-ledramp-x48-black-edition-480w\/"]}]},{"@type":"ImageObject","inLanguage":"da-DK","@id":"https:\/\/xenonkungen.com\/produkt\/luxtar-ledramp-x48-black-edition-480w\/#primaryimage","url":"https:\/\/xenonkungen.com\/wp-content\/uploads\/2025\/04\/184964539-origpic-8e8dc6-scaled.jpg","contentUrl":"https:\/\/xenonkungen.com\/wp-content\/uploads\/2025\/04\/184964539-origpic-8e8dc6-scaled.jpg","width":2560,"height":2560},{"@type":"BreadcrumbList","@id":"https:\/\/xenonkungen.com\/produkt\/luxtar-ledramp-x48-black-edition-480w\/#breadcrumb","itemListElement":[{"@type":"ListItem","position":1,"name":"Hem","item":"https:\/\/xenonkungen.com\/"},{"@type":"ListItem","position":2,"name":"Shop","item":"https:\/\/xenonkungen.com\/shop\/"},{"@type":"ListItem","position":3,"name":"LUXTAR\u00ae Ledramp X48 Black Edition 480W"}]},{"@type":"WebSite","@id":"https:\/\/xenonkungen.com\/#website","url":"https:\/\/xenonkungen.com\/","name":"Xenonkungen","description":"","potentialAction":[{"@type":"SearchAction","target":{"@type":"EntryPoint","urlTemplate":"https:\/\/xenonkungen.com\/?s={search_term_string}"},"query-input":{"@type":"PropertyValueSpecification","valueRequired":true,"valueName":"search_term_string"}}],"inLanguage":"da-DK"}]}},"taxonomy_info":{"product_brand":[{"value":103,"label":"LUXTAR"}],"product_cat":[{"value":2966,"label":"Ledramp Rak"},{"value":2539,"label":"LEDRAMPER"},{"value":2826,"label":"LUXTAR"},{"value":2822,"label":"Luxtar - Arbetsljus"},{"value":2824,"label":"Luxtar - Ledramper"},{"value":2541,"label":"Luxtar X-Serie Black"}],"pa_faktisk-effekts-forbrukning":[{"value":320,"label":"350.4"}],"pa_fuktskydd-varde-ipxx":[{"value":177,"label":"IP68"}],"pa_godkannande":[{"value":325,"label":"CE, EMC, RoHS"}],"pa_lampsockel-kontakt":[{"value":324,"label":"Open Wire"}],"pa_led-chips-effekt-w":[{"value":319,"label":"480"}],"pa_ljusbild":[{"value":178,"label":"Driving"}],"pa_storlek-mm":[{"value":318,"label":"1298x63x85"}],"pa_stromforbrukning":[{"value":323,"label":"15A @24V"},{"value":322,"label":"29,2A @13,7V"}],"pa_volt-v":[{"value":321,"label":"Multivolt, 9, 12, 14, 18, 24, 28, 32"}]},"featured_image_src_large":["https:\/\/xenonkungen.com\/wp-content\/uploads\/2025\/04\/184964539-origpic-8e8dc6-1024x1024.jpg",1024,1024,true],"author_info":[],"comment_info":0,"_links":{"self":[{"href":"https:\/\/xenonkungen.com\/dk\/wp-json\/wp\/v2\/product\/987","targetHints":{"allow":["GET"]}}],"collection":[{"href":"https:\/\/xenonkungen.com\/dk\/wp-json\/wp\/v2\/product"}],"about":[{"href":"https:\/\/xenonkungen.com\/dk\/wp-json\/wp\/v2\/types\/product"}],"replies":[{"embeddable":true,"href":"https:\/\/xenonkungen.com\/dk\/wp-json\/wp\/v2\/comments?post=987"}],"wp:featuredmedia":[{"embeddable":true,"href":"https:\/\/xenonkungen.com\/dk\/wp-json\/wp\/v2\/media\/988"}],"wp:attachment":[{"href":"https:\/\/xenonkungen.com\/dk\/wp-json\/wp\/v2\/media?parent=987"}],"wp:term":[{"taxonomy":"anvandningsomrade","embeddable":true,"href":"https:\/\/xenonkungen.com\/dk\/wp-json\/wp\/v2\/anvandningsomrade?post=987"},{"taxonomy":"bilmarken","embeddable":true,"href":"https:\/\/xenonkungen.com\/dk\/wp-json\/wp\/v2\/bilmarken?post=987"},{"taxonomy":"product_brand","embeddable":true,"href":"https:\/\/xenonkungen.com\/dk\/wp-json\/wp\/v2\/product_brand?post=987"},{"taxonomy":"product_cat","embeddable":true,"href":"https:\/\/xenonkungen.com\/dk\/wp-json\/wp\/v2\/product_cat?post=987"},{"taxonomy":"product_tag","embeddable":true,"href":"https:\/\/xenonkungen.com\/dk\/wp-json\/wp\/v2\/product_tag?post=987"}],"curies":[{"name":"wp","href":"https:\/\/api.w.org\/{rel}","templated":true}]}}