{"id":1003,"date":"2025-04-15T07:56:42","date_gmt":"2025-04-15T07:56:42","guid":{"rendered":"https:\/\/xenonkungen.com\/product\/relakabelsats-2st-extraljus-12vdt\/"},"modified":"2026-03-20T17:05:28","modified_gmt":"2026-03-20T16:05:28","slug":"relay-cable-set-2pcs-auxiliary-lights-12vdt","status":"publish","type":"product","link":"https:\/\/xenonkungen.com\/en\/product\/relay-cable-set-2pcs-auxiliary-lights-12vdt\/","title":{"rendered":"Relay cable set 2pcs Extra light 12V|DT 20A"},"content":{"rendered":"<h1>Relay cable set 2B | DT 20A 12V<\/h1>\n<p>Relay cable for safe power supply of 2 light bars or 2 auxiliary lights with DT (Deutsch) contacts and car without special requirements (so-called Can-bus). If your car has halogen high beam, you can generally use this cable.<\/p>\n<p>The recommended maximum power is <strong>120W\/10A<\/strong> (up to a nominal of about 160W, e.g. 16pcs 10W LEDs).<\/p>\n<p><strong>Suitable for the following items, among others:<\/strong><br \/>\nRamps: X6, X8, X10, X12, X16<br \/>\nExtra light: -<\/p>\n<p>See option Extra light cable 1B\/2B\/3B if you have lights with higher power than 120W\/10A.<\/p>\n<p>A power strip is supplied for connecting the signal cable (+).<br \/>\nSee picture for installation instructions (showing cable version with 1st DT).<\/p>\n<p>Current: <strong>12V<\/strong><br \/>\nRelay: 20A<br \/>\nFuse: 20A<br \/>\nWeight: 245 g<br \/>\nCable area: 2 or 2.7 mm\u00b2<br \/>\nLength: 1.7 metres<br \/>\n= total length 2.5 metres including 0.8 metres of ramp cable.<\/p>\n<p><em>Note that some cars require a special relay solution (see accessories XBB and\/or CanM8) due to so-called. Can-bus monitoring. This mainly applies to newer European cars with LED or xenon lights.<\/em><\/p>","protected":false},"excerpt":{"rendered":"<p>Rel\u00e4kabelsats 2B | DT 20A 12V Rel\u00e4kablage f\u00f6r s\u00e4ker str\u00f6mdrift av 2st ljusramper eller 2st extraljus med DT (Deutsch) kontakter och bil utan s\u00e4rskilda krav (sk. Can-bus). Om din bil har halogen helljus kan du i regel anv\u00e4nda detta kablage. Rekommenderad h\u00f6gsta effekt \u00e4r 120W\/10A (upp till nominellt ca 160W, t.ex. 16st 10W LED). L\u00e4mplig [&hellip;]<\/p>","protected":false},"featured_media":1004,"comment_status":"closed","ping_status":"closed","template":"","meta":{"_acf_changed":false,"_smort_price_nok":"294","_smort_price_dkk":"187","_smort_price_eur":"25","_smort_sale_price_nok":"","_smort_sale_price_dkk":"","_smort_sale_price_eur":"18.75","smort_restorder":"","shipmondo_restorder":"","_kad_blocks_custom_css":"","_kad_blocks_head_custom_js":"","_kad_blocks_body_custom_js":"","_kad_blocks_footer_custom_js":"","smort_custom_pricelist_1":"176","smort_custom_pricelist_2":"154","smort_custom_pricelist_3":"143","smort_custom_pricelist_4":"220","smort_custom_pricelist_5":"154"},"anvandningsomrade":[],"bilmarken":[],"product_brand":[117],"product_cat":[2841,2828,2795,2796,2488,2491,2489,2490,390],"product_tag":[],"class_list":{"0":"post-1003","1":"product","2":"type-product","3":"status-publish","4":"has-post-thumbnail","6":"product_brand-xenonkungen","7":"product_cat-installation-extraljus","8":"product_cat-installation-led-ramper","9":"product_cat-kablar-rela","10":"product_cat-relakabelsatser","11":"product_cat-relasats-arbetsbelysning","12":"product_cat-relasats","13":"product_cat-relasats-extraljus","14":"product_cat-relasats-2","15":"product_cat-installation","16":"pa_lampsockel-kontakt-dt","17":"pa_volt-v-159","19":"first","20":"instock","21":"taxable","22":"shipping-taxable","23":"purchasable","24":"product-type-simple"},"bundled_by":[],"bundle_stock_status":"instock","bundle_stock_quantity":91,"bundle_virtual":false,"bundle_layout":"","bundle_add_to_cart_form_location":"","bundle_editable_in_cart":false,"bundle_sold_individually_context":"","bundle_item_grouping":"","bundle_min_size":"","bundle_max_size":"","bundle_price":[],"bundled_items":[],"bundle_sell_ids":[],"acf":[],"yoast_head":"<!-- This site is optimized with the Yoast SEO plugin v27.0 - https:\/\/yoast.com\/product\/yoast-seo-wordpress\/ -->\n<title>Rel\u00e4kabelsats 2st Extraljus 12V|DT 20A - Xenonkungen<\/title>\n<meta name=\"robots\" content=\"index, follow, max-snippet:-1, max-image-preview:large, max-video-preview:-1\" \/>\n<link rel=\"canonical\" href=\"https:\/\/xenonkungen.com\/en\/product\/relay-cable-set-2pcs-auxiliary-lights-12vdt\/\" \/>\n<meta property=\"og:locale\" content=\"en_GB\" \/>\n<meta property=\"og:type\" content=\"article\" \/>\n<meta property=\"og:title\" content=\"Rel\u00e4kabelsats 2st Extraljus 12V|DT 20A - Xenonkungen\" \/>\n<meta property=\"og:description\" content=\"Rel\u00e4kabelsats 2B | DT 20A 12V Rel\u00e4kablage f\u00f6r s\u00e4ker str\u00f6mdrift av 2st ljusramper eller 2st extraljus med DT (Deutsch) kontakter och bil utan s\u00e4rskilda krav (sk. Can-bus). Om din bil har halogen helljus kan du i regel anv\u00e4nda detta kablage. Rekommenderad h\u00f6gsta effekt \u00e4r 120W\/10A (upp till nominellt ca 160W, t.ex. 16st 10W LED). L\u00e4mplig [&hellip;]\" \/>\n<meta property=\"og:url\" content=\"https:\/\/xenonkungen.com\/en\/product\/relay-cable-set-2pcs-auxiliary-lights-12vdt\/\" \/>\n<meta property=\"og:site_name\" content=\"Xenonkungen\" \/>\n<meta property=\"article:modified_time\" content=\"2026-03-20T16:05:28+00:00\" \/>\n<meta property=\"og:image\" content=\"https:\/\/xenonkungen.com\/wp-content\/uploads\/2025\/04\/65296329-origpic-0b254d.png\" \/>\n\t<meta property=\"og:image:width\" content=\"1000\" \/>\n\t<meta property=\"og:image:height\" content=\"1000\" \/>\n\t<meta property=\"og:image:type\" content=\"image\/png\" \/>\n<meta name=\"twitter:card\" content=\"summary_large_image\" \/>\n<meta name=\"twitter:label1\" content=\"Estimated reading time\" \/>\n\t<meta name=\"twitter:data1\" content=\"1 minute\" \/>\n<script type=\"application\/ld+json\" class=\"yoast-schema-graph\">{\"@context\":\"https:\/\/schema.org\",\"@graph\":[{\"@type\":\"WebPage\",\"@id\":\"https:\/\/xenonkungen.com\/nl\/product\/relakabelsats-2st-extraljus-12vdt\/\",\"url\":\"https:\/\/xenonkungen.com\/nl\/product\/relakabelsats-2st-extraljus-12vdt\/\",\"name\":\"Rel\u00e4kabelsats 2st Extraljus 12V|DT 20A - Xenonkungen\",\"isPartOf\":{\"@id\":\"https:\/\/xenonkungen.com\/#website\"},\"primaryImageOfPage\":{\"@id\":\"https:\/\/xenonkungen.com\/nl\/product\/relakabelsats-2st-extraljus-12vdt\/#primaryimage\"},\"image\":{\"@id\":\"https:\/\/xenonkungen.com\/nl\/product\/relakabelsats-2st-extraljus-12vdt\/#primaryimage\"},\"thumbnailUrl\":\"https:\/\/xenonkungen.com\/wp-content\/uploads\/2025\/04\/65296329-origpic-0b254d.png\",\"datePublished\":\"2025-04-15T07:56:42+00:00\",\"dateModified\":\"2026-03-20T16:05:28+00:00\",\"breadcrumb\":{\"@id\":\"https:\/\/xenonkungen.com\/nl\/product\/relakabelsats-2st-extraljus-12vdt\/#breadcrumb\"},\"inLanguage\":\"en-GB\",\"potentialAction\":[{\"@type\":\"ReadAction\",\"target\":[\"https:\/\/xenonkungen.com\/nl\/product\/relakabelsats-2st-extraljus-12vdt\/\"]}]},{\"@type\":\"ImageObject\",\"inLanguage\":\"en-GB\",\"@id\":\"https:\/\/xenonkungen.com\/nl\/product\/relakabelsats-2st-extraljus-12vdt\/#primaryimage\",\"url\":\"https:\/\/xenonkungen.com\/wp-content\/uploads\/2025\/04\/65296329-origpic-0b254d.png\",\"contentUrl\":\"https:\/\/xenonkungen.com\/wp-content\/uploads\/2025\/04\/65296329-origpic-0b254d.png\",\"width\":1000,\"height\":1000},{\"@type\":\"BreadcrumbList\",\"@id\":\"https:\/\/xenonkungen.com\/nl\/product\/relakabelsats-2st-extraljus-12vdt\/#breadcrumb\",\"itemListElement\":[{\"@type\":\"ListItem\",\"position\":1,\"name\":\"Hem\",\"item\":\"https:\/\/xenonkungen.com\/\"},{\"@type\":\"ListItem\",\"position\":2,\"name\":\"Shop\",\"item\":\"https:\/\/xenonkungen.com\/shop\/\"},{\"@type\":\"ListItem\",\"position\":3,\"name\":\"Rel\u00e4kabelsats 2st Extraljus 12V|DT 20A\"}]},{\"@type\":\"WebSite\",\"@id\":\"https:\/\/xenonkungen.com\/#website\",\"url\":\"https:\/\/xenonkungen.com\/\",\"name\":\"Xenonkungen\",\"description\":\"\",\"potentialAction\":[{\"@type\":\"SearchAction\",\"target\":{\"@type\":\"EntryPoint\",\"urlTemplate\":\"https:\/\/xenonkungen.com\/?s={search_term_string}\"},\"query-input\":{\"@type\":\"PropertyValueSpecification\",\"valueRequired\":true,\"valueName\":\"search_term_string\"}}],\"inLanguage\":\"en-GB\"}]}<\/script>\n<!-- \/ Yoast SEO plugin. -->","yoast_head_json":{"title":"Relay cable set 2pcs Auxiliary light 12V|DT 20A - Xenonkungen","robots":{"index":"index","follow":"follow","max-snippet":"max-snippet:-1","max-image-preview":"max-image-preview:large","max-video-preview":"max-video-preview:-1"},"canonical":"https:\/\/xenonkungen.com\/en\/product\/relay-cable-set-2pcs-auxiliary-lights-12vdt\/","og_locale":"en_GB","og_type":"article","og_title":"Rel\u00e4kabelsats 2st Extraljus 12V|DT 20A - Xenonkungen","og_description":"Rel\u00e4kabelsats 2B | DT 20A 12V Rel\u00e4kablage f\u00f6r s\u00e4ker str\u00f6mdrift av 2st ljusramper eller 2st extraljus med DT (Deutsch) kontakter och bil utan s\u00e4rskilda krav (sk. Can-bus). Om din bil har halogen helljus kan du i regel anv\u00e4nda detta kablage. Rekommenderad h\u00f6gsta effekt \u00e4r 120W\/10A (upp till nominellt ca 160W, t.ex. 16st 10W LED). L\u00e4mplig [&hellip;]","og_url":"https:\/\/xenonkungen.com\/en\/product\/relay-cable-set-2pcs-auxiliary-lights-12vdt\/","og_site_name":"Xenonkungen","article_modified_time":"2026-03-20T16:05:28+00:00","og_image":[{"width":1000,"height":1000,"url":"https:\/\/xenonkungen.com\/wp-content\/uploads\/2025\/04\/65296329-origpic-0b254d.png","type":"image\/png"}],"twitter_card":"summary_large_image","twitter_misc":{"Estimated reading time":"1 minute"},"schema":{"@context":"https:\/\/schema.org","@graph":[{"@type":"WebPage","@id":"https:\/\/xenonkungen.com\/nl\/product\/relakabelsats-2st-extraljus-12vdt\/","url":"https:\/\/xenonkungen.com\/nl\/product\/relakabelsats-2st-extraljus-12vdt\/","name":"Relay cable set 2pcs Auxiliary light 12V|DT 20A - Xenonkungen","isPartOf":{"@id":"https:\/\/xenonkungen.com\/#website"},"primaryImageOfPage":{"@id":"https:\/\/xenonkungen.com\/nl\/product\/relakabelsats-2st-extraljus-12vdt\/#primaryimage"},"image":{"@id":"https:\/\/xenonkungen.com\/nl\/product\/relakabelsats-2st-extraljus-12vdt\/#primaryimage"},"thumbnailUrl":"https:\/\/xenonkungen.com\/wp-content\/uploads\/2025\/04\/65296329-origpic-0b254d.png","datePublished":"2025-04-15T07:56:42+00:00","dateModified":"2026-03-20T16:05:28+00:00","breadcrumb":{"@id":"https:\/\/xenonkungen.com\/nl\/product\/relakabelsats-2st-extraljus-12vdt\/#breadcrumb"},"inLanguage":"en-GB","potentialAction":[{"@type":"ReadAction","target":["https:\/\/xenonkungen.com\/nl\/product\/relakabelsats-2st-extraljus-12vdt\/"]}]},{"@type":"ImageObject","inLanguage":"en-GB","@id":"https:\/\/xenonkungen.com\/nl\/product\/relakabelsats-2st-extraljus-12vdt\/#primaryimage","url":"https:\/\/xenonkungen.com\/wp-content\/uploads\/2025\/04\/65296329-origpic-0b254d.png","contentUrl":"https:\/\/xenonkungen.com\/wp-content\/uploads\/2025\/04\/65296329-origpic-0b254d.png","width":1000,"height":1000},{"@type":"BreadcrumbList","@id":"https:\/\/xenonkungen.com\/nl\/product\/relakabelsats-2st-extraljus-12vdt\/#breadcrumb","itemListElement":[{"@type":"ListItem","position":1,"name":"Hem","item":"https:\/\/xenonkungen.com\/"},{"@type":"ListItem","position":2,"name":"Shop","item":"https:\/\/xenonkungen.com\/shop\/"},{"@type":"ListItem","position":3,"name":"Rel\u00e4kabelsats 2st Extraljus 12V|DT 20A"}]},{"@type":"WebSite","@id":"https:\/\/xenonkungen.com\/#website","url":"https:\/\/xenonkungen.com\/","name":"Xenonkungen","description":"","potentialAction":[{"@type":"SearchAction","target":{"@type":"EntryPoint","urlTemplate":"https:\/\/xenonkungen.com\/?s={search_term_string}"},"query-input":{"@type":"PropertyValueSpecification","valueRequired":true,"valueName":"search_term_string"}}],"inLanguage":"en-GB"}]}},"taxonomy_info":{"product_brand":[{"value":117,"label":"Xenonkungen"}],"product_cat":[{"value":2841,"label":"Installation extraljus"},{"value":2828,"label":"Installation LED-ramper"},{"value":2795,"label":"Kablar och Rel\u00e4"},{"value":2796,"label":"Rel\u00e4kabelsatser"},{"value":2488,"label":"Rel\u00e4sats"},{"value":2491,"label":"Rel\u00e4sats"},{"value":2489,"label":"Rel\u00e4satser"},{"value":2490,"label":"Rel\u00e4satser"},{"value":390,"label":"Installation"}],"pa_lampsockel-kontakt":[{"value":329,"label":"DT"}],"pa_volt-v":[{"value":159,"label":"12"}]},"featured_image_src_large":["https:\/\/xenonkungen.com\/wp-content\/uploads\/2025\/04\/65296329-origpic-0b254d.png",1000,1000,false],"author_info":[],"comment_info":0,"_links":{"self":[{"href":"https:\/\/xenonkungen.com\/en\/wp-json\/wp\/v2\/product\/1003","targetHints":{"allow":["GET"]}}],"collection":[{"href":"https:\/\/xenonkungen.com\/en\/wp-json\/wp\/v2\/product"}],"about":[{"href":"https:\/\/xenonkungen.com\/en\/wp-json\/wp\/v2\/types\/product"}],"replies":[{"embeddable":true,"href":"https:\/\/xenonkungen.com\/en\/wp-json\/wp\/v2\/comments?post=1003"}],"wp:featuredmedia":[{"embeddable":true,"href":"https:\/\/xenonkungen.com\/en\/wp-json\/wp\/v2\/media\/1004"}],"wp:attachment":[{"href":"https:\/\/xenonkungen.com\/en\/wp-json\/wp\/v2\/media?parent=1003"}],"wp:term":[{"taxonomy":"anvandningsomrade","embeddable":true,"href":"https:\/\/xenonkungen.com\/en\/wp-json\/wp\/v2\/anvandningsomrade?post=1003"},{"taxonomy":"bilmarken","embeddable":true,"href":"https:\/\/xenonkungen.com\/en\/wp-json\/wp\/v2\/bilmarken?post=1003"},{"taxonomy":"product_brand","embeddable":true,"href":"https:\/\/xenonkungen.com\/en\/wp-json\/wp\/v2\/product_brand?post=1003"},{"taxonomy":"product_cat","embeddable":true,"href":"https:\/\/xenonkungen.com\/en\/wp-json\/wp\/v2\/product_cat?post=1003"},{"taxonomy":"product_tag","embeddable":true,"href":"https:\/\/xenonkungen.com\/en\/wp-json\/wp\/v2\/product_tag?post=1003"}],"curies":[{"name":"wp","href":"https:\/\/api.w.org\/{rel}","templated":true}]}}