{"id":10301,"date":"2025-08-25T14:19:35","date_gmt":"2025-08-25T14:19:35","guid":{"rendered":"https:\/\/xenonkungen.com\/?post_type=product&#038;p=10301"},"modified":"2026-05-13T16:03:52","modified_gmt":"2026-05-13T15:03:52","slug":"led-ramp-package-luxtar-twilight-yellow-canbus","status":"publish","type":"product","link":"https:\/\/xenonkungen.com\/en\/product\/led-ramp-package-luxtar-twilight-yellow-canbus\/","title":{"rendered":"Led ramp package Luxtar Twilight | Yellow &gt;&gt;CANBUS<<"},"content":{"rendered":"<h2>Luxtar Twilight LED Ramp Kit | Yellow &gt;&gt;CANBUS&lt;&lt; - Lighting with Full Control and Power<\/h2>\n<p>Take your lighting to the next level with <strong>Led ramp package Luxtar Twilight | Yellow &gt;&gt;CANBUS&lt;&lt;<\/strong> - designed for those who demand reliable and powerful performance in all situations. With an impressive power output of <strong>300W<\/strong> and a luminous flux of <strong>18 140 lumen<\/strong> this LED ramp delivers superior brightness and safe visibility. The light range reaches up to <strong>1 lux at 794 metres<\/strong> (R112 standard: 1 lux at 430 metres), providing optimal visibility even in dark and demanding environments.<\/p>\n<p>For easy and flexible installation, a stylish <strong>extra light bracket in black finish<\/strong> with <strong>225 mm<\/strong> between the fixing holes, perfectly adapted to most vehicles. With the <strong>Luxtar Relay cable set DTP-4 X1<\/strong> for <strong>12V<\/strong> and a <strong>80A relay<\/strong> ensures a stable and reliable power supply to the ramp, giving you long-lasting performance regardless of driving conditions.<\/p>\n<p>For easy control and smooth integration into the vehicle's systems, it includes <strong>XBB OBD-II Dongle + PowerUnit<\/strong>. Together with <strong>Relay cable set for XBB OBD-II Power Unit - DT<\/strong> you get a complete CANBUS solution that provides trouble-free installation without error messages and interference, ensuring seamless functionality with your car's electronics.<\/p>\n<h3>Features and Benefits:<\/h3>\n<ul>\n<li><strong>Effect:<\/strong> 300W<\/li>\n<li><strong>Luminous flux:<\/strong> 18 140 lumen<\/li>\n<li><strong>Scope:<\/strong> 1 lux at 794 metres \/ R112 standard: 1 lux at 430 metres<\/li>\n<li><strong>Extra light bracket:<\/strong> Black, 225 mm between fixing holes<\/li>\n<li><strong>CANBUS compatible<\/strong> with XBB OBD-II Dongle + PowerUnit for seamless integration<\/li>\n<li><strong>Relay cable set:<\/strong> DTP-4 X1 12V 80A relay and relay cable set for XBB OBD-II Power Unit - DT<\/li>\n<\/ul>\n<p><strong>Experience the powerful difference with the Luxtar Twilight LED Ramp Kit | Yellow &gt;&gt;CANBUS&lt;&lt;<\/strong><\/p>\n<h2><a href=\"https:\/\/xenonkungen.com\/wp-content\/uploads\/2025\/10\/XBB-Canbus-over-15A-inkoppling.pdf\">Click here to see the wiring diagram, Dual relay wiring harnesses with XBB\u00a0<\/a><\/h2>","protected":false},"excerpt":{"rendered":"<p>Discover the power of the Luxtar Twilight | Yellow LED light kit &gt;&gt;CANBUS&lt;&lt; - a powerful solution for any environment. With 300W and 18,140 lumens, this LED ramp ensures maximum visibility and reliability even in the most challenging conditions.<\/p>","protected":false},"featured_media":10302,"comment_status":"open","ping_status":"closed","template":"","meta":{"_acf_changed":false,"_smort_price_nok":"8860","_smort_price_dkk":"5629","_smort_price_eur":"754.06","_smort_sale_price_nok":"","_smort_sale_price_dkk":"","_smort_sale_price_eur":"","smort_restorder":"","shipmondo_restorder":"","_kad_blocks_custom_css":"","_kad_blocks_head_custom_js":"","_kad_blocks_body_custom_js":"","_kad_blocks_footer_custom_js":"","smort_custom_pricelist_1":"5308.8","smort_custom_pricelist_2":"4645.2","smort_custom_pricelist_3":"4313.4","smort_custom_pricelist_4":"6636","smort_custom_pricelist_5":"4645.2"},"anvandningsomrade":[236,207,166,167,1915],"bilmarken":[],"product_brand":[103],"product_cat":[2539,2826,2542,18,20,2159,1916],"product_tag":[2726],"class_list":{"0":"post-10301","1":"product","2":"type-product","3":"status-publish","4":"has-post-thumbnail","6":"anvandningsomrade-entreprenad","7":"anvandningsomrade-husbil","8":"anvandningsomrade-lastbil","9":"anvandningsomrade-personbil","10":"anvandningsomrade-skapbil","11":"product_brand-luxtar","12":"product_cat-ledramper","13":"product_cat-luxtar","14":"product_cat-luxtar-twilight-ledramper","15":"product_cat-led-ramper-ljusramper","16":"product_cat-luxtar-twilight-led-ramper-ljusramper","17":"product_cat-luxtar-twilight","18":"product_cat-ledrampspaket","19":"product_tag-produktpaket","21":"first","22":"onbackorder","23":"virtual","24":"taxable","25":"purchasable","26":"product-type-bundle"},"bundled_by":[],"bundle_stock_status":"instock","bundle_stock_quantity":"","bundle_virtual":false,"bundle_layout":"default","bundle_add_to_cart_form_location":"default","bundle_editable_in_cart":false,"bundle_sold_individually_context":"product","bundle_item_grouping":"parent","bundle_min_size":"","bundle_max_size":"","bundle_price":{"price":{"min":{"incl_tax":"754.02","excl_tax":"603.21790788"},"max":{"incl_tax":"754.02","excl_tax":"603.21790788"}},"regular_price":{"min":{"incl_tax":"754.02","excl_tax":"603.21790788"},"max":{"incl_tax":"754.02","excl_tax":"603.21790788"}}},"bundled_items":[{"bundled_item_id":483,"product_id":3043,"menu_order":0,"quantity_min":1,"quantity_max":1,"quantity_default":1,"priced_individually":false,"shipped_individually":false,"override_title":false,"title":"Extra light bracket for 2 x 225mm|9\"","override_description":false,"description":"","optional":false,"hide_thumbnail":false,"discount":"","override_variations":false,"allowed_variations":[],"override_default_variation_attributes":false,"default_variation_attributes":[],"single_product_visibility":"visible","cart_visibility":"visible","order_visibility":"visible","single_product_price_visibility":"visible","cart_price_visibility":"visible","order_price_visibility":"visible","stock_status":"on_backorder"},{"bundled_item_id":484,"product_id":1067,"menu_order":1,"quantity_min":1,"quantity_max":1,"quantity_default":1,"priced_individually":false,"shipped_individually":false,"override_title":false,"title":"Luxtar Relay cable set DT-4 X1 12V 80A Relay","override_description":false,"description":"","optional":false,"hide_thumbnail":false,"discount":"","override_variations":false,"allowed_variations":[],"override_default_variation_attributes":false,"default_variation_attributes":[],"single_product_visibility":"visible","cart_visibility":"visible","order_visibility":"visible","single_product_price_visibility":"visible","cart_price_visibility":"visible","order_price_visibility":"visible","stock_status":"in_stock"},{"bundled_item_id":485,"product_id":1538,"menu_order":2,"quantity_min":1,"quantity_max":1,"quantity_default":1,"priced_individually":false,"shipped_individually":false,"override_title":false,"title":"XBB OBD-II Dongle + PowerUnit","override_description":false,"description":"","optional":false,"hide_thumbnail":false,"discount":"","override_variations":false,"allowed_variations":[],"override_default_variation_attributes":false,"default_variation_attributes":[],"single_product_visibility":"visible","cart_visibility":"visible","order_visibility":"visible","single_product_price_visibility":"visible","cart_price_visibility":"visible","order_price_visibility":"visible","stock_status":"on_backorder"},{"bundled_item_id":486,"product_id":2605,"menu_order":3,"quantity_min":1,"quantity_max":1,"quantity_default":1,"priced_individually":false,"shipped_individually":false,"override_title":false,"title":"Cable set for XBB Power Unit - DT","override_description":false,"description":"","optional":false,"hide_thumbnail":false,"discount":"","override_variations":false,"allowed_variations":[],"override_default_variation_attributes":false,"default_variation_attributes":[],"single_product_visibility":"visible","cart_visibility":"visible","order_visibility":"visible","single_product_price_visibility":"visible","cart_price_visibility":"visible","order_price_visibility":"visible","stock_status":"on_backorder"}],"bundle_sell_ids":[],"acf":[],"yoast_head":"<!-- This site is optimized with the Yoast SEO plugin v27.0 - https:\/\/yoast.com\/product\/yoast-seo-wordpress\/ -->\n<title>Ledrampspaket Luxtar Twilight | Yellow &gt;&gt;CANBUS<\/title>\n<meta name=\"robots\" content=\"index, follow, max-snippet:-1, max-image-preview:large, max-video-preview:-1\" \/>\n<link rel=\"canonical\" href=\"https:\/\/xenonkungen.com\/en\/product\/led-ramp-package-luxtar-twilight-yellow-canbus\/\" \/>\n<meta property=\"og:locale\" content=\"en_GB\" \/>\n<meta property=\"og:type\" content=\"article\" \/>\n<meta property=\"og:title\" content=\"Ledrampspaket Luxtar Twilight | Yellow &gt;&gt;CANBUS\" \/>\n<meta property=\"og:description\" content=\"Uppt\u00e4ck kraften i Luxtar Twilight | Yellow LED-lyspaketet &gt;&gt;CANBUS&lt;&lt; \u2013 en kraftfull l\u00f6sning f\u00f6r alla milj\u00f6er. Med 300W och 18 140 lumen s\u00e4kerst\u00e4ller denna LED-ramp maximal synlighet och tillf\u00f6rlitlighet \u00e4ven under de mest utmanande f\u00f6rh\u00e5llanden.\" \/>\n<meta property=\"og:url\" content=\"https:\/\/xenonkungen.com\/en\/product\/led-ramp-package-luxtar-twilight-yellow-canbus\/\" \/>\n<meta property=\"og:site_name\" content=\"Xenonkungen\" \/>\n<meta property=\"article:modified_time\" content=\"2026-05-13T15:03:52+00:00\" \/>\n<meta property=\"og:image\" content=\"https:\/\/xenonkungen.com\/wp-content\/uploads\/2025\/06\/XXC-Twilight-Y.png\" \/>\n\t<meta property=\"og:image:width\" content=\"1000\" \/>\n\t<meta property=\"og:image:height\" content=\"1000\" \/>\n\t<meta property=\"og:image:type\" content=\"image\/png\" \/>\n<meta name=\"twitter:card\" content=\"summary_large_image\" \/>\n<meta name=\"twitter:label1\" content=\"Estimated reading time\" \/>\n\t<meta name=\"twitter:data1\" content=\"2 minutes\" \/>\n<script type=\"application\/ld+json\" class=\"yoast-schema-graph\">{\"@context\":\"https:\/\/schema.org\",\"@graph\":[{\"@type\":\"WebPage\",\"@id\":\"https:\/\/xenonkungen.com\/produkt\/ledrampspaket-luxtar-twilight-yellow-canbus\/\",\"url\":\"https:\/\/xenonkungen.com\/produkt\/ledrampspaket-luxtar-twilight-yellow-canbus\/\",\"name\":\"Ledrampspaket Luxtar Twilight | Yellow >>CANBUS\",\"isPartOf\":{\"@id\":\"https:\/\/xenonkungen.com\/#website\"},\"primaryImageOfPage\":{\"@id\":\"https:\/\/xenonkungen.com\/produkt\/ledrampspaket-luxtar-twilight-yellow-canbus\/#primaryimage\"},\"image\":{\"@id\":\"https:\/\/xenonkungen.com\/produkt\/ledrampspaket-luxtar-twilight-yellow-canbus\/#primaryimage\"},\"thumbnailUrl\":\"https:\/\/xenonkungen.com\/wp-content\/uploads\/2025\/06\/XXC-Twilight-Y.png\",\"datePublished\":\"2025-08-25T14:19:35+00:00\",\"dateModified\":\"2026-05-13T15:03:52+00:00\",\"breadcrumb\":{\"@id\":\"https:\/\/xenonkungen.com\/produkt\/ledrampspaket-luxtar-twilight-yellow-canbus\/#breadcrumb\"},\"inLanguage\":\"en-GB\",\"potentialAction\":[{\"@type\":\"ReadAction\",\"target\":[\"https:\/\/xenonkungen.com\/produkt\/ledrampspaket-luxtar-twilight-yellow-canbus\/\"]}]},{\"@type\":\"ImageObject\",\"inLanguage\":\"en-GB\",\"@id\":\"https:\/\/xenonkungen.com\/produkt\/ledrampspaket-luxtar-twilight-yellow-canbus\/#primaryimage\",\"url\":\"https:\/\/xenonkungen.com\/wp-content\/uploads\/2025\/06\/XXC-Twilight-Y.png\",\"contentUrl\":\"https:\/\/xenonkungen.com\/wp-content\/uploads\/2025\/06\/XXC-Twilight-Y.png\",\"width\":1000,\"height\":1000},{\"@type\":\"BreadcrumbList\",\"@id\":\"https:\/\/xenonkungen.com\/produkt\/ledrampspaket-luxtar-twilight-yellow-canbus\/#breadcrumb\",\"itemListElement\":[{\"@type\":\"ListItem\",\"position\":1,\"name\":\"Hem\",\"item\":\"https:\/\/xenonkungen.com\/\"},{\"@type\":\"ListItem\",\"position\":2,\"name\":\"Shop\",\"item\":\"https:\/\/xenonkungen.com\/shop\/\"},{\"@type\":\"ListItem\",\"position\":3,\"name\":\"Ledrampspaket Luxtar Twilight | Yellow >>CANBUS\"}]},{\"@type\":\"WebSite\",\"@id\":\"https:\/\/xenonkungen.com\/#website\",\"url\":\"https:\/\/xenonkungen.com\/\",\"name\":\"Xenonkungen\",\"description\":\"\",\"potentialAction\":[{\"@type\":\"SearchAction\",\"target\":{\"@type\":\"EntryPoint\",\"urlTemplate\":\"https:\/\/xenonkungen.com\/?s={search_term_string}\"},\"query-input\":{\"@type\":\"PropertyValueSpecification\",\"valueRequired\":true,\"valueName\":\"search_term_string\"}}],\"inLanguage\":\"en-GB\"}]}<\/script>\n<!-- \/ Yoast SEO plugin. -->","yoast_head_json":{"title":"Led ramp package Luxtar Twilight | Yellow &gt;&gt;CANBUS","robots":{"index":"index","follow":"follow","max-snippet":"max-snippet:-1","max-image-preview":"max-image-preview:large","max-video-preview":"max-video-preview:-1"},"canonical":"https:\/\/xenonkungen.com\/en\/product\/led-ramp-package-luxtar-twilight-yellow-canbus\/","og_locale":"en_GB","og_type":"article","og_title":"Ledrampspaket Luxtar Twilight | Yellow >>CANBUS","og_description":"Uppt\u00e4ck kraften i Luxtar Twilight | Yellow LED-lyspaketet &gt;&gt;CANBUS&lt;&lt; \u2013 en kraftfull l\u00f6sning f\u00f6r alla milj\u00f6er. Med 300W och 18 140 lumen s\u00e4kerst\u00e4ller denna LED-ramp maximal synlighet och tillf\u00f6rlitlighet \u00e4ven under de mest utmanande f\u00f6rh\u00e5llanden.","og_url":"https:\/\/xenonkungen.com\/en\/product\/led-ramp-package-luxtar-twilight-yellow-canbus\/","og_site_name":"Xenonkungen","article_modified_time":"2026-05-13T15:03:52+00:00","og_image":[{"width":1000,"height":1000,"url":"https:\/\/xenonkungen.com\/wp-content\/uploads\/2025\/06\/XXC-Twilight-Y.png","type":"image\/png"}],"twitter_card":"summary_large_image","twitter_misc":{"Estimated reading time":"2 minutes"},"schema":{"@context":"https:\/\/schema.org","@graph":[{"@type":"WebPage","@id":"https:\/\/xenonkungen.com\/produkt\/ledrampspaket-luxtar-twilight-yellow-canbus\/","url":"https:\/\/xenonkungen.com\/produkt\/ledrampspaket-luxtar-twilight-yellow-canbus\/","name":"Led ramp package Luxtar Twilight | Yellow &gt;&gt;CANBUS","isPartOf":{"@id":"https:\/\/xenonkungen.com\/#website"},"primaryImageOfPage":{"@id":"https:\/\/xenonkungen.com\/produkt\/ledrampspaket-luxtar-twilight-yellow-canbus\/#primaryimage"},"image":{"@id":"https:\/\/xenonkungen.com\/produkt\/ledrampspaket-luxtar-twilight-yellow-canbus\/#primaryimage"},"thumbnailUrl":"https:\/\/xenonkungen.com\/wp-content\/uploads\/2025\/06\/XXC-Twilight-Y.png","datePublished":"2025-08-25T14:19:35+00:00","dateModified":"2026-05-13T15:03:52+00:00","breadcrumb":{"@id":"https:\/\/xenonkungen.com\/produkt\/ledrampspaket-luxtar-twilight-yellow-canbus\/#breadcrumb"},"inLanguage":"en-GB","potentialAction":[{"@type":"ReadAction","target":["https:\/\/xenonkungen.com\/produkt\/ledrampspaket-luxtar-twilight-yellow-canbus\/"]}]},{"@type":"ImageObject","inLanguage":"en-GB","@id":"https:\/\/xenonkungen.com\/produkt\/ledrampspaket-luxtar-twilight-yellow-canbus\/#primaryimage","url":"https:\/\/xenonkungen.com\/wp-content\/uploads\/2025\/06\/XXC-Twilight-Y.png","contentUrl":"https:\/\/xenonkungen.com\/wp-content\/uploads\/2025\/06\/XXC-Twilight-Y.png","width":1000,"height":1000},{"@type":"BreadcrumbList","@id":"https:\/\/xenonkungen.com\/produkt\/ledrampspaket-luxtar-twilight-yellow-canbus\/#breadcrumb","itemListElement":[{"@type":"ListItem","position":1,"name":"Hem","item":"https:\/\/xenonkungen.com\/"},{"@type":"ListItem","position":2,"name":"Shop","item":"https:\/\/xenonkungen.com\/shop\/"},{"@type":"ListItem","position":3,"name":"Ledrampspaket Luxtar Twilight | Yellow >>CANBUS"}]},{"@type":"WebSite","@id":"https:\/\/xenonkungen.com\/#website","url":"https:\/\/xenonkungen.com\/","name":"Xenonkungen","description":"","potentialAction":[{"@type":"SearchAction","target":{"@type":"EntryPoint","urlTemplate":"https:\/\/xenonkungen.com\/?s={search_term_string}"},"query-input":{"@type":"PropertyValueSpecification","valueRequired":true,"valueName":"search_term_string"}}],"inLanguage":"en-GB"}]}},"taxonomy_info":{"anvandningsomrade":[{"value":236,"label":"Entreprenad"},{"value":207,"label":"Husbil"},{"value":166,"label":"Lastbil"},{"value":167,"label":"PERSONBIL"},{"value":1915,"label":"Sk\u00e5pbil"}],"product_brand":[{"value":103,"label":"LUXTAR"}],"product_cat":[{"value":2539,"label":"LEDRAMPER"},{"value":2826,"label":"LUXTAR"},{"value":2542,"label":"Luxtar Twilight"},{"value":18,"label":"LED Ramper \/ Ljusramper"},{"value":20,"label":"Luxtar Twilight"},{"value":2159,"label":"LUXTAR Twilight"},{"value":1916,"label":"Ledrampspaket"}],"product_tag":[{"value":2726,"label":"produktpaket"}]},"featured_image_src_large":["https:\/\/xenonkungen.com\/wp-content\/uploads\/2025\/06\/XXC-Twilight-Y.png",1000,1000,false],"author_info":[],"comment_info":0,"_links":{"self":[{"href":"https:\/\/xenonkungen.com\/en\/wp-json\/wp\/v2\/product\/10301","targetHints":{"allow":["GET"]}}],"collection":[{"href":"https:\/\/xenonkungen.com\/en\/wp-json\/wp\/v2\/product"}],"about":[{"href":"https:\/\/xenonkungen.com\/en\/wp-json\/wp\/v2\/types\/product"}],"replies":[{"embeddable":true,"href":"https:\/\/xenonkungen.com\/en\/wp-json\/wp\/v2\/comments?post=10301"}],"wp:featuredmedia":[{"embeddable":true,"href":"https:\/\/xenonkungen.com\/en\/wp-json\/wp\/v2\/media\/10302"}],"wp:attachment":[{"href":"https:\/\/xenonkungen.com\/en\/wp-json\/wp\/v2\/media?parent=10301"}],"wp:term":[{"taxonomy":"anvandningsomrade","embeddable":true,"href":"https:\/\/xenonkungen.com\/en\/wp-json\/wp\/v2\/anvandningsomrade?post=10301"},{"taxonomy":"bilmarken","embeddable":true,"href":"https:\/\/xenonkungen.com\/en\/wp-json\/wp\/v2\/bilmarken?post=10301"},{"taxonomy":"product_brand","embeddable":true,"href":"https:\/\/xenonkungen.com\/en\/wp-json\/wp\/v2\/product_brand?post=10301"},{"taxonomy":"product_cat","embeddable":true,"href":"https:\/\/xenonkungen.com\/en\/wp-json\/wp\/v2\/product_cat?post=10301"},{"taxonomy":"product_tag","embeddable":true,"href":"https:\/\/xenonkungen.com\/en\/wp-json\/wp\/v2\/product_tag?post=10301"}],"curies":[{"name":"wp","href":"https:\/\/api.w.org\/{rel}","templated":true}]}}