{"id":10323,"date":"2025-08-26T06:35:03","date_gmt":"2025-08-26T06:35:03","guid":{"rendered":"https:\/\/xenonkungen.com\/?post_type=product&#038;p=10323"},"modified":"2026-04-11T00:05:05","modified_gmt":"2026-04-10T23:05:05","slug":"lazer-utility-50-flashlight","status":"publish","type":"product","link":"https:\/\/xenonkungen.com\/en\/product\/lazer-utility-50-flashlight\/","title":{"rendered":"Lazer Utility-50 | Flashlight"},"content":{"rendered":"<h2 data-start=\"211\" data-end=\"268\"><strong data-start=\"214\" data-end=\"266\">Lazer Utility-50 - Professional level task lighting<\/strong><\/h2>\n<p data-start=\"269\" data-end=\"635\">Experience the power of next generation LED task lighting with <strong data-start=\"328\" data-end=\"348\">Lazer Utility-50<\/strong> - developed to deliver maximum performance, durability and visibility in the most demanding work environments. With advanced technology, compact design and smart extras, the Utility-50 is the perfect choice for professional users in transport, construction, emergency services and industry.<\/p>\n<hr data-start=\"637\" data-end=\"640\" \/>\n<h3 data-start=\"642\" data-end=\"702\"><strong data-start=\"646\" data-end=\"700\">Powerful and efficient - when light must deliver<\/strong><\/h3>\n<p data-start=\"703\" data-end=\"1010\">The Utility-50 is equipped with a high-performance LED system that provides up to <strong data-start=\"777\" data-end=\"791\">5000 lumens<\/strong> - a powerful and wide light output that illuminates the work area with precision. The <strong data-start=\"876\" data-end=\"909\">clear daylight colour (5000 K)<\/strong> and high colour rendering make it easy to see details, even during long shifts in the dark.<\/p>\n<p data-start=\"1012\" data-end=\"1294\">Lazer's proprietary <strong data-start=\"1034\" data-end=\"1058\">CEA Matrix cooling system<\/strong> provides optimal heat dissipation, maximising lamp life and maintaining constant light performance over time. The design is also lightweight and compact - only 650 grams - making the lamp easy to install, even in tight spaces.<\/p>\n<hr data-start=\"1296\" data-end=\"1299\" \/>\n<h3 data-start=\"1301\" data-end=\"1326\"><strong data-start=\"1305\" data-end=\"1326\">Key features:<\/strong><\/h3>\n<ul data-start=\"1328\" data-end=\"1551\">\n<li data-start=\"1328\" data-end=\"1353\">\n<p data-start=\"1330\" data-end=\"1353\">5000 lumen brightness<\/p>\n<\/li>\n<li data-start=\"1354\" data-end=\"1378\">\n<p data-start=\"1356\" data-end=\"1378\">Power: 50 W \/ 3.6 A<\/p>\n<\/li>\n<li data-start=\"1379\" data-end=\"1406\">\n<p data-start=\"1381\" data-end=\"1406\">Voltage range: 9-32 V<\/p>\n<\/li>\n<li data-start=\"1407\" data-end=\"1450\">\n<p data-start=\"1409\" data-end=\"1450\">Colour temperature: 5000 K (clear daylight)<\/p>\n<\/li>\n<li data-start=\"1451\" data-end=\"1488\">\n<p data-start=\"1453\" data-end=\"1488\">Lifetime: up to 50 000 hours<\/p>\n<\/li>\n<li data-start=\"1489\" data-end=\"1511\">\n<p data-start=\"1491\" data-end=\"1511\">Weight: only 650 g<\/p>\n<\/li>\n<li data-start=\"1512\" data-end=\"1551\">\n<p data-start=\"1514\" data-end=\"1551\">ECE-approved for road and work use<\/p>\n<\/li>\n<\/ul>\n<hr data-start=\"1553\" data-end=\"1556\" \/>\n<h3 data-start=\"1558\" data-end=\"1622\"><strong data-start=\"1562\" data-end=\"1622\">Smart extras - for increased safety and visibility<\/strong><\/h3>\n<p data-start=\"1624\" data-end=\"1840\"><strong data-start=\"1624\" data-end=\"1653\">Red rear light (optional):<\/strong><br data-start=\"1653\" data-end=\"1656\" \/>Ideal for mounting on the rear of the vehicle. The integrated red contour lights create a unique and visible appearance, while increasing safety - approved by <strong data-start=\"1819\" data-end=\"1839\">UNECE Reg 148-R1<\/strong>.<\/p>\n<p data-start=\"1842\" data-end=\"2091\"><strong data-start=\"1842\" data-end=\"1878\">Flashing yellow light (optional):<\/strong><br data-start=\"1878\" data-end=\"1881\" \/>Designed to warn and be seen in hazardous environments, such as roadworks or emergencies. The flashing function is approved according to <strong data-start=\"2011\" data-end=\"2027\">UNECE Reg 65<\/strong> and can be combined with a red rear light for maximum functionality.<\/p>\n<hr data-start=\"2093\" data-end=\"2096\" \/>\n<h3 data-start=\"2098\" data-end=\"2144\"><strong data-start=\"2102\" data-end=\"2144\">Supplied complete - ready to assemble<\/strong><\/h3>\n<p>Every Utility-50 comes with:<br data-start=\"2176\" data-end=\"2179\" \/>- LED light bulb<br data-start=\"2191\" data-end=\"2194\" \/>- Satin black, stainless steel mounting bracket<br data-start=\"2234\" data-end=\"2237\" \/>- Mounting bolts (fixed or loose M10, depending on choice)<br data-start=\"2296\" data-end=\"2299\" \/>- Deutsch connectors (female\/male depending on model)<br data-start=\"2350\" data-end=\"2353\" \/>- Clear installation instructions<\/p>\n<hr data-start=\"2387\" data-end=\"2390\" \/>\n<p data-start=\"2392\" data-end=\"2594\"><strong data-start=\"2392\" data-end=\"2541\">The Utility-50 from Lazer is work lighting at its most sophisticated - for those who demand uncompromising performance and reliability in every detail.<\/strong><br data-start=\"2541\" data-end=\"2544\" \/>Ready to face the challenges of everyday life - day and night.<\/p>","protected":false},"excerpt":{"rendered":"<p>The Lazer Utility-50 is a powerful and compact LED work light, developed to deliver reliable lighting in demanding environments. With high brightness, smart cooling and optional safety features, it is an obvious choice for professional users.<\/p>","protected":false},"featured_media":10324,"comment_status":"open","ping_status":"closed","template":"","meta":{"_acf_changed":false,"_smort_price_nok":"3044","_smort_price_dkk":"1934","_smort_price_eur":"259.08","_smort_sale_price_nok":"","_smort_sale_price_dkk":"","_smort_sale_price_eur":"","smort_restorder":"","shipmondo_restorder":"","_kad_blocks_custom_css":"","_kad_blocks_head_custom_js":"","_kad_blocks_body_custom_js":"","_kad_blocks_footer_custom_js":"","smort_custom_pricelist_1":"1824","smort_custom_pricelist_2":"1824","smort_custom_pricelist_3":"1824","smort_custom_pricelist_4":"2280","smort_custom_pricelist_5":"1824"},"anvandningsomrade":[1281,165,236,677,166,1915,973],"bilmarken":[],"product_brand":[1124],"product_cat":[508,934],"product_tag":[2788],"class_list":{"0":"post-10323","1":"product","2":"type-product","3":"status-publish","4":"has-post-thumbnail","6":"anvandningsomrade-arbetsfordon","7":"anvandningsomrade-atv","8":"anvandningsomrade-entreprenad","9":"anvandningsomrade-gravmaskin","10":"anvandningsomrade-lastbil","11":"anvandningsomrade-skapbil","12":"anvandningsomrade-traktorer","13":"product_brand-lazer","14":"product_cat-arbetsbelysning","15":"product_cat-blixtljus","16":"product_tag-black-week-exclude","18":"first","19":"onbackorder","20":"taxable","21":"shipping-taxable","22":"purchasable","23":"product-type-simple"},"bundled_by":[],"bundle_stock_status":"onbackorder","bundle_stock_quantity":0,"bundle_virtual":false,"bundle_layout":"","bundle_add_to_cart_form_location":"","bundle_editable_in_cart":false,"bundle_sold_individually_context":"","bundle_item_grouping":"","bundle_min_size":"","bundle_max_size":"","bundle_price":[],"bundled_items":[],"bundle_sell_ids":[],"acf":[],"yoast_head":"<!-- This site is optimized with the Yoast SEO plugin v27.0 - https:\/\/yoast.com\/product\/yoast-seo-wordpress\/ -->\n<title>Lazer Utility-50 | Blixtljus - Xenonkungen<\/title>\n<meta name=\"robots\" content=\"index, follow, max-snippet:-1, max-image-preview:large, max-video-preview:-1\" \/>\n<link rel=\"canonical\" href=\"https:\/\/xenonkungen.com\/en\/product\/lazer-utility-50-flashlight\/\" \/>\n<meta property=\"og:locale\" content=\"en_GB\" \/>\n<meta property=\"og:type\" content=\"article\" \/>\n<meta property=\"og:title\" content=\"Lazer Utility-50 | Blixtljus - Xenonkungen\" \/>\n<meta property=\"og:description\" content=\"Lazer Utility-50 \u00e4r en kraftfull och kompakt LED-arbetslampa, utvecklad f\u00f6r att leverera p\u00e5litlig belysning i kr\u00e4vande milj\u00f6er. Med h\u00f6g ljusstyrka, smart kylning och valbara s\u00e4kerhetsfunktioner \u00e4r den ett sj\u00e4lvklart val f\u00f6r professionella anv\u00e4ndare.\" \/>\n<meta property=\"og:url\" content=\"https:\/\/xenonkungen.com\/en\/product\/lazer-utility-50-flashlight\/\" \/>\n<meta property=\"og:site_name\" content=\"Xenonkungen\" \/>\n<meta property=\"article:modified_time\" content=\"2026-04-10T23:05:05+00:00\" \/>\n<meta property=\"og:image\" content=\"https:\/\/xenonkungen.com\/wp-content\/uploads\/2025\/06\/utility-50_standard_beacon_on_front_web_text.png\" \/>\n\t<meta property=\"og:image:width\" content=\"1000\" \/>\n\t<meta property=\"og:image:height\" content=\"750\" \/>\n\t<meta property=\"og:image:type\" content=\"image\/png\" \/>\n<meta name=\"twitter:card\" content=\"summary_large_image\" \/>\n<meta name=\"twitter:label1\" content=\"Estimated reading time\" \/>\n\t<meta name=\"twitter:data1\" content=\"2 minutes\" \/>\n<script type=\"application\/ld+json\" class=\"yoast-schema-graph\">{\"@context\":\"https:\/\/schema.org\",\"@graph\":[{\"@type\":\"WebPage\",\"@id\":\"https:\/\/xenonkungen.com\/en\/product\/lazer-utility-50-flashlight\/\",\"url\":\"https:\/\/xenonkungen.com\/en\/product\/lazer-utility-50-flashlight\/\",\"name\":\"Lazer Utility-50 | Blixtljus - Xenonkungen\",\"isPartOf\":{\"@id\":\"https:\/\/xenonkungen.com\/#website\"},\"primaryImageOfPage\":{\"@id\":\"https:\/\/xenonkungen.com\/en\/product\/lazer-utility-50-flashlight\/#primaryimage\"},\"image\":{\"@id\":\"https:\/\/xenonkungen.com\/en\/product\/lazer-utility-50-flashlight\/#primaryimage\"},\"thumbnailUrl\":\"https:\/\/xenonkungen.com\/wp-content\/uploads\/2025\/06\/utility-50_standard_beacon_on_front_web_text.png\",\"datePublished\":\"2025-08-26T06:35:03+00:00\",\"dateModified\":\"2026-04-10T23:05:05+00:00\",\"breadcrumb\":{\"@id\":\"https:\/\/xenonkungen.com\/en\/product\/lazer-utility-50-flashlight\/#breadcrumb\"},\"inLanguage\":\"en-GB\",\"potentialAction\":[{\"@type\":\"ReadAction\",\"target\":[\"https:\/\/xenonkungen.com\/en\/product\/lazer-utility-50-flashlight\/\"]}]},{\"@type\":\"ImageObject\",\"inLanguage\":\"en-GB\",\"@id\":\"https:\/\/xenonkungen.com\/en\/product\/lazer-utility-50-flashlight\/#primaryimage\",\"url\":\"https:\/\/xenonkungen.com\/wp-content\/uploads\/2025\/06\/utility-50_standard_beacon_on_front_web_text.png\",\"contentUrl\":\"https:\/\/xenonkungen.com\/wp-content\/uploads\/2025\/06\/utility-50_standard_beacon_on_front_web_text.png\",\"width\":1000,\"height\":750},{\"@type\":\"BreadcrumbList\",\"@id\":\"https:\/\/xenonkungen.com\/en\/product\/lazer-utility-50-flashlight\/#breadcrumb\",\"itemListElement\":[{\"@type\":\"ListItem\",\"position\":1,\"name\":\"Hem\",\"item\":\"https:\/\/xenonkungen.com\/\"},{\"@type\":\"ListItem\",\"position\":2,\"name\":\"Shop\",\"item\":\"https:\/\/xenonkungen.com\/shop\/\"},{\"@type\":\"ListItem\",\"position\":3,\"name\":\"Lazer Utility-50 | Blixtljus\"}]},{\"@type\":\"WebSite\",\"@id\":\"https:\/\/xenonkungen.com\/#website\",\"url\":\"https:\/\/xenonkungen.com\/\",\"name\":\"Xenonkungen\",\"description\":\"\",\"potentialAction\":[{\"@type\":\"SearchAction\",\"target\":{\"@type\":\"EntryPoint\",\"urlTemplate\":\"https:\/\/xenonkungen.com\/?s={search_term_string}\"},\"query-input\":{\"@type\":\"PropertyValueSpecification\",\"valueRequired\":true,\"valueName\":\"search_term_string\"}}],\"inLanguage\":\"en-GB\"}]}<\/script>\n<!-- \/ Yoast SEO plugin. -->","yoast_head_json":{"title":"Lazer Utility-50 | Flash light - Xenon King","robots":{"index":"index","follow":"follow","max-snippet":"max-snippet:-1","max-image-preview":"max-image-preview:large","max-video-preview":"max-video-preview:-1"},"canonical":"https:\/\/xenonkungen.com\/en\/product\/lazer-utility-50-flashlight\/","og_locale":"en_GB","og_type":"article","og_title":"Lazer Utility-50 | Blixtljus - Xenonkungen","og_description":"Lazer Utility-50 \u00e4r en kraftfull och kompakt LED-arbetslampa, utvecklad f\u00f6r att leverera p\u00e5litlig belysning i kr\u00e4vande milj\u00f6er. Med h\u00f6g ljusstyrka, smart kylning och valbara s\u00e4kerhetsfunktioner \u00e4r den ett sj\u00e4lvklart val f\u00f6r professionella anv\u00e4ndare.","og_url":"https:\/\/xenonkungen.com\/en\/product\/lazer-utility-50-flashlight\/","og_site_name":"Xenonkungen","article_modified_time":"2026-04-10T23:05:05+00:00","og_image":[{"width":1000,"height":750,"url":"https:\/\/xenonkungen.com\/wp-content\/uploads\/2025\/06\/utility-50_standard_beacon_on_front_web_text.png","type":"image\/png"}],"twitter_card":"summary_large_image","twitter_misc":{"Estimated reading time":"2 minutes"},"schema":{"@context":"https:\/\/schema.org","@graph":[{"@type":"WebPage","@id":"https:\/\/xenonkungen.com\/en\/product\/lazer-utility-50-flashlight\/","url":"https:\/\/xenonkungen.com\/en\/product\/lazer-utility-50-flashlight\/","name":"Lazer Utility-50 | Flash light - Xenon King","isPartOf":{"@id":"https:\/\/xenonkungen.com\/#website"},"primaryImageOfPage":{"@id":"https:\/\/xenonkungen.com\/en\/product\/lazer-utility-50-flashlight\/#primaryimage"},"image":{"@id":"https:\/\/xenonkungen.com\/en\/product\/lazer-utility-50-flashlight\/#primaryimage"},"thumbnailUrl":"https:\/\/xenonkungen.com\/wp-content\/uploads\/2025\/06\/utility-50_standard_beacon_on_front_web_text.png","datePublished":"2025-08-26T06:35:03+00:00","dateModified":"2026-04-10T23:05:05+00:00","breadcrumb":{"@id":"https:\/\/xenonkungen.com\/en\/product\/lazer-utility-50-flashlight\/#breadcrumb"},"inLanguage":"en-GB","potentialAction":[{"@type":"ReadAction","target":["https:\/\/xenonkungen.com\/en\/product\/lazer-utility-50-flashlight\/"]}]},{"@type":"ImageObject","inLanguage":"en-GB","@id":"https:\/\/xenonkungen.com\/en\/product\/lazer-utility-50-flashlight\/#primaryimage","url":"https:\/\/xenonkungen.com\/wp-content\/uploads\/2025\/06\/utility-50_standard_beacon_on_front_web_text.png","contentUrl":"https:\/\/xenonkungen.com\/wp-content\/uploads\/2025\/06\/utility-50_standard_beacon_on_front_web_text.png","width":1000,"height":750},{"@type":"BreadcrumbList","@id":"https:\/\/xenonkungen.com\/en\/product\/lazer-utility-50-flashlight\/#breadcrumb","itemListElement":[{"@type":"ListItem","position":1,"name":"Hem","item":"https:\/\/xenonkungen.com\/"},{"@type":"ListItem","position":2,"name":"Shop","item":"https:\/\/xenonkungen.com\/shop\/"},{"@type":"ListItem","position":3,"name":"Lazer Utility-50 | Blixtljus"}]},{"@type":"WebSite","@id":"https:\/\/xenonkungen.com\/#website","url":"https:\/\/xenonkungen.com\/","name":"Xenonkungen","description":"","potentialAction":[{"@type":"SearchAction","target":{"@type":"EntryPoint","urlTemplate":"https:\/\/xenonkungen.com\/?s={search_term_string}"},"query-input":{"@type":"PropertyValueSpecification","valueRequired":true,"valueName":"search_term_string"}}],"inLanguage":"en-GB"}]}},"taxonomy_info":{"anvandningsomrade":[{"value":1281,"label":"Arbetsfordon"},{"value":165,"label":"ATV"},{"value":236,"label":"Entreprenad"},{"value":677,"label":"Gr\u00e4vmaskin"},{"value":166,"label":"Lastbil"},{"value":1915,"label":"Sk\u00e5pbil"},{"value":973,"label":"traktorer"}],"product_brand":[{"value":1124,"label":"Lazer"}],"product_cat":[{"value":508,"label":"Arbetsbelysning"},{"value":934,"label":"Blixtljus"}],"product_tag":[{"value":2788,"label":"black-week-exclude"}]},"featured_image_src_large":["https:\/\/xenonkungen.com\/wp-content\/uploads\/2025\/06\/utility-50_standard_beacon_on_front_web_text.png",1000,750,false],"author_info":[],"comment_info":0,"_links":{"self":[{"href":"https:\/\/xenonkungen.com\/en\/wp-json\/wp\/v2\/product\/10323","targetHints":{"allow":["GET"]}}],"collection":[{"href":"https:\/\/xenonkungen.com\/en\/wp-json\/wp\/v2\/product"}],"about":[{"href":"https:\/\/xenonkungen.com\/en\/wp-json\/wp\/v2\/types\/product"}],"replies":[{"embeddable":true,"href":"https:\/\/xenonkungen.com\/en\/wp-json\/wp\/v2\/comments?post=10323"}],"wp:featuredmedia":[{"embeddable":true,"href":"https:\/\/xenonkungen.com\/en\/wp-json\/wp\/v2\/media\/10324"}],"wp:attachment":[{"href":"https:\/\/xenonkungen.com\/en\/wp-json\/wp\/v2\/media?parent=10323"}],"wp:term":[{"taxonomy":"anvandningsomrade","embeddable":true,"href":"https:\/\/xenonkungen.com\/en\/wp-json\/wp\/v2\/anvandningsomrade?post=10323"},{"taxonomy":"bilmarken","embeddable":true,"href":"https:\/\/xenonkungen.com\/en\/wp-json\/wp\/v2\/bilmarken?post=10323"},{"taxonomy":"product_brand","embeddable":true,"href":"https:\/\/xenonkungen.com\/en\/wp-json\/wp\/v2\/product_brand?post=10323"},{"taxonomy":"product_cat","embeddable":true,"href":"https:\/\/xenonkungen.com\/en\/wp-json\/wp\/v2\/product_cat?post=10323"},{"taxonomy":"product_tag","embeddable":true,"href":"https:\/\/xenonkungen.com\/en\/wp-json\/wp\/v2\/product_tag?post=10323"}],"curies":[{"name":"wp","href":"https:\/\/api.w.org\/{rel}","templated":true}]}}