{"id":11627,"date":"2025-06-23T13:51:18","date_gmt":"2025-06-23T13:51:18","guid":{"rendered":"https:\/\/xenonkungen.com\/produkt\/osram-ledriving-cube-x-mx85\/"},"modified":"2025-12-10T14:51:50","modified_gmt":"2025-12-10T13:51:50","slug":"osram-ledriving-cube-x-mx85","status":"publish","type":"product","link":"https:\/\/xenonkungen.com\/en\/product\/osram-ledriving-cube-x-mx85\/","title":{"rendered":"OSRAM LEDriving\u00ae Cube-X MX85"},"content":{"rendered":"<h1>OSRAM LEDriving\u00ae Cube-X MX85<\/h1>\n<h3 class=\"font-headline-text-bold orange\">Powerful LED work light for off-road driving<\/h3>\n<div class=\"product-text\">\n<div class=\"space-paragraph\" data-attr-id=\"ZPIM1TE00821\">\n<p>Those who often drive in difficult terrain know how important it is to have a bright and reliable LED headlight.<br \/>\nIlluminating the immediate area is ideal for off-road driving. The LED work light reaches up to 55 metres with an illuminance of 1 lux. The lamp has a beam angle of 43.5 degrees.<br \/>\nThe work light for cars provides the driver with two different LED light functions. One is a classic work light and the other is an LED spotlight that provides an elegant X-shaped light.<br \/>\nAnd the spotlight is more than just an LED work light. The bright LED light effectively enhances the vehicle's off-road style.<\/p>\n<p><strong>Compact, robust and durable<\/strong><br \/>\nDurability and quality are particularly sought-after features in off-road driving. The LEDriving Cube MX85-WD work light has a robust polycarbonate lens and can withstand the toughest off-road conditions. Over- and under-voltage protection up to 18 V automatically breaks the circuit when the power exceeds the predetermined current for a specified period of time.<br \/>\nAn integrated drive and thermal management system protects the powerful searchlight and contributes to its durability. It eliminates the risk of overheating during continuous operation.<\/p>\n<p><strong>Excellent compatibility<\/strong><br \/>\nThe LEDriving Cube MX85-WD work light is ideal for a wide range of applications. It is suitable for everything from 4\u00d74 vehicles to off-road, commercial and industrial vehicles, as well as recreational and agricultural vehicles.<br \/>\nHowever, it is important to point out that the powerful work light for cars must only be used when driving off-road and not on public roads.<\/p>\n<\/div>\n<\/div>\n<p>This work light comes in 2 different versions.<br \/>\n<strong>Spotlight<\/strong> and Driving.<\/p>\n<p><strong>Spotlight<\/strong> has a directional light that allows the light to reach as far as possible.<\/p>\n<p><strong>Driving<\/strong> have reflectors that spread the light in a wider beam.<\/p>","protected":false},"excerpt":{"rendered":"<p>OSRAM LEDriving\u00ae Cube-X MX85 Kraftfullt LED-arbetsljus f\u00f6r terr\u00e4ngk\u00f6rning De som ofta k\u00f6r i sv\u00e5r terr\u00e4ng vet hur viktigt det \u00e4r med ett starkt och p\u00e5litligt LED-helljus. Belysning av n\u00e4romr\u00e5det \u00e4r perfekt vid terr\u00e4ngk\u00f6rning. LED-arbetsljuset n\u00e5r upp till 55 m med en illuminans p\u00e5 1 lux. Lampan har en str\u00e5lvinkel p\u00e5 43,5 grader. Arbetsljuset f\u00f6r bilar [&hellip;]<\/p>","protected":false},"featured_media":10860,"comment_status":"closed","ping_status":"closed","template":"","meta":{"_acf_changed":false,"_smort_price_nok":"1399","_smort_price_dkk":"889","_smort_price_eur":"119.09","_smort_sale_price_nok":"","_smort_sale_price_dkk":"","_smort_sale_price_eur":"","smort_restorder":"","shipmondo_restorder":"","_kad_blocks_custom_css":"","_kad_blocks_head_custom_js":"","_kad_blocks_body_custom_js":"","_kad_blocks_footer_custom_js":"","smort_custom_pricelist_1":"838.4","smort_custom_pricelist_2":"838.4","smort_custom_pricelist_3":"796.48","smort_custom_pricelist_4":"1048","smort_custom_pricelist_5":"838.4"},"anvandningsomrade":[],"bilmarken":[],"product_brand":[108],"product_cat":[2639,508],"product_tag":[],"class_list":{"0":"post-11627","1":"product","2":"type-product","3":"status-publish","4":"has-post-thumbnail","6":"product_brand-osram","7":"product_cat-osram-ledriving-arbetsbelysning","8":"product_cat-arbetsbelysning","9":"pa_faktisk-effekts-forbrukning-527","10":"pa_fargtemperatur-1428","11":"pa_fuktskydd-varde-ipxx-ip67","12":"pa_godkannande-r10","13":"pa_ljusbild-driving","14":"pa_ljusbild-spot","15":"pa_storlek-mm-85x121x57","16":"pa_volt-v-multivolt-9-12-14","18":"first","19":"instock","20":"taxable","21":"shipping-taxable","22":"purchasable","23":"product-type-variable"},"bundled_by":[],"bundle_stock_status":"instock","bundle_stock_quantity":2,"bundle_virtual":false,"bundle_layout":"","bundle_add_to_cart_form_location":"","bundle_editable_in_cart":false,"bundle_sold_individually_context":"","bundle_item_grouping":"","bundle_min_size":"","bundle_max_size":"","bundle_price":[],"bundled_items":[],"bundle_sell_ids":[],"acf":[],"yoast_head":"<!-- This site is optimized with the Yoast SEO plugin v27.0 - https:\/\/yoast.com\/product\/yoast-seo-wordpress\/ -->\n<title>OSRAM LEDriving\u00ae Cube-X MX85 - Xenonkungen<\/title>\n<meta name=\"robots\" content=\"index, follow, max-snippet:-1, max-image-preview:large, max-video-preview:-1\" \/>\n<link rel=\"canonical\" href=\"https:\/\/xenonkungen.com\/en\/product\/osram-ledriving-cube-x-mx85\/\" \/>\n<meta property=\"og:locale\" content=\"en_GB\" \/>\n<meta property=\"og:type\" content=\"article\" \/>\n<meta property=\"og:title\" content=\"OSRAM LEDriving\u00ae Cube-X MX85 - Xenonkungen\" \/>\n<meta property=\"og:description\" content=\"OSRAM LEDriving\u00ae Cube-X MX85 Kraftfullt LED-arbetsljus f\u00f6r terr\u00e4ngk\u00f6rning De som ofta k\u00f6r i sv\u00e5r terr\u00e4ng vet hur viktigt det \u00e4r med ett starkt och p\u00e5litligt LED-helljus. Belysning av n\u00e4romr\u00e5det \u00e4r perfekt vid terr\u00e4ngk\u00f6rning. LED-arbetsljuset n\u00e5r upp till 55 m med en illuminans p\u00e5 1 lux. Lampan har en str\u00e5lvinkel p\u00e5 43,5 grader. Arbetsljuset f\u00f6r bilar [&hellip;]\" \/>\n<meta property=\"og:url\" content=\"https:\/\/xenonkungen.com\/en\/product\/osram-ledriving-cube-x-mx85\/\" \/>\n<meta property=\"og:site_name\" content=\"Xenonkungen\" \/>\n<meta property=\"article:modified_time\" content=\"2025-12-10T13:51:50+00:00\" \/>\n<meta property=\"og:image\" content=\"https:\/\/xenonkungen.com\/wp-content\/uploads\/2025\/06\/163495765-origpic-44bcf5.png\" \/>\n\t<meta property=\"og:image:width\" content=\"1000\" \/>\n\t<meta property=\"og:image:height\" content=\"932\" \/>\n\t<meta property=\"og:image:type\" content=\"image\/png\" \/>\n<meta name=\"twitter:card\" content=\"summary_large_image\" \/>\n<meta name=\"twitter:label1\" content=\"Estimated reading time\" \/>\n\t<meta name=\"twitter:data1\" content=\"2 minutes\" \/>\n<script type=\"application\/ld+json\" class=\"yoast-schema-graph\">{\"@context\":\"https:\/\/schema.org\",\"@graph\":[{\"@type\":\"WebPage\",\"@id\":\"https:\/\/xenonkungen.com\/produkt\/osram-ledriving-cube-x-mx85\/\",\"url\":\"https:\/\/xenonkungen.com\/produkt\/osram-ledriving-cube-x-mx85\/\",\"name\":\"OSRAM LEDriving\u00ae Cube-X MX85 - Xenonkungen\",\"isPartOf\":{\"@id\":\"https:\/\/xenonkungen.com\/#website\"},\"primaryImageOfPage\":{\"@id\":\"https:\/\/xenonkungen.com\/produkt\/osram-ledriving-cube-x-mx85\/#primaryimage\"},\"image\":{\"@id\":\"https:\/\/xenonkungen.com\/produkt\/osram-ledriving-cube-x-mx85\/#primaryimage\"},\"thumbnailUrl\":\"https:\/\/xenonkungen.com\/wp-content\/uploads\/2025\/06\/163495765-origpic-44bcf5.png\",\"datePublished\":\"2025-06-23T13:51:18+00:00\",\"dateModified\":\"2025-12-10T13:51:50+00:00\",\"breadcrumb\":{\"@id\":\"https:\/\/xenonkungen.com\/produkt\/osram-ledriving-cube-x-mx85\/#breadcrumb\"},\"inLanguage\":\"en-GB\",\"potentialAction\":[{\"@type\":\"ReadAction\",\"target\":[\"https:\/\/xenonkungen.com\/produkt\/osram-ledriving-cube-x-mx85\/\"]}]},{\"@type\":\"ImageObject\",\"inLanguage\":\"en-GB\",\"@id\":\"https:\/\/xenonkungen.com\/produkt\/osram-ledriving-cube-x-mx85\/#primaryimage\",\"url\":\"https:\/\/xenonkungen.com\/wp-content\/uploads\/2025\/06\/163495765-origpic-44bcf5.png\",\"contentUrl\":\"https:\/\/xenonkungen.com\/wp-content\/uploads\/2025\/06\/163495765-origpic-44bcf5.png\",\"width\":1000,\"height\":932},{\"@type\":\"BreadcrumbList\",\"@id\":\"https:\/\/xenonkungen.com\/produkt\/osram-ledriving-cube-x-mx85\/#breadcrumb\",\"itemListElement\":[{\"@type\":\"ListItem\",\"position\":1,\"name\":\"Hem\",\"item\":\"https:\/\/xenonkungen.com\/\"},{\"@type\":\"ListItem\",\"position\":2,\"name\":\"Shop\",\"item\":\"https:\/\/xenonkungen.com\/shop\/\"},{\"@type\":\"ListItem\",\"position\":3,\"name\":\"OSRAM LEDriving\u00ae Cube-X MX85\"}]},{\"@type\":\"WebSite\",\"@id\":\"https:\/\/xenonkungen.com\/#website\",\"url\":\"https:\/\/xenonkungen.com\/\",\"name\":\"Xenonkungen\",\"description\":\"\",\"potentialAction\":[{\"@type\":\"SearchAction\",\"target\":{\"@type\":\"EntryPoint\",\"urlTemplate\":\"https:\/\/xenonkungen.com\/?s={search_term_string}\"},\"query-input\":{\"@type\":\"PropertyValueSpecification\",\"valueRequired\":true,\"valueName\":\"search_term_string\"}}],\"inLanguage\":\"en-GB\"}]}<\/script>\n<!-- \/ Yoast SEO plugin. -->","yoast_head_json":{"title":"OSRAM LEDriving\u00ae Cube-X MX85 - The Xenon King","robots":{"index":"index","follow":"follow","max-snippet":"max-snippet:-1","max-image-preview":"max-image-preview:large","max-video-preview":"max-video-preview:-1"},"canonical":"https:\/\/xenonkungen.com\/en\/product\/osram-ledriving-cube-x-mx85\/","og_locale":"en_GB","og_type":"article","og_title":"OSRAM LEDriving\u00ae Cube-X MX85 - Xenonkungen","og_description":"OSRAM LEDriving\u00ae Cube-X MX85 Kraftfullt LED-arbetsljus f\u00f6r terr\u00e4ngk\u00f6rning De som ofta k\u00f6r i sv\u00e5r terr\u00e4ng vet hur viktigt det \u00e4r med ett starkt och p\u00e5litligt LED-helljus. Belysning av n\u00e4romr\u00e5det \u00e4r perfekt vid terr\u00e4ngk\u00f6rning. LED-arbetsljuset n\u00e5r upp till 55 m med en illuminans p\u00e5 1 lux. Lampan har en str\u00e5lvinkel p\u00e5 43,5 grader. Arbetsljuset f\u00f6r bilar [&hellip;]","og_url":"https:\/\/xenonkungen.com\/en\/product\/osram-ledriving-cube-x-mx85\/","og_site_name":"Xenonkungen","article_modified_time":"2025-12-10T13:51:50+00:00","og_image":[{"width":1000,"height":932,"url":"https:\/\/xenonkungen.com\/wp-content\/uploads\/2025\/06\/163495765-origpic-44bcf5.png","type":"image\/png"}],"twitter_card":"summary_large_image","twitter_misc":{"Estimated reading time":"2 minutes"},"schema":{"@context":"https:\/\/schema.org","@graph":[{"@type":"WebPage","@id":"https:\/\/xenonkungen.com\/produkt\/osram-ledriving-cube-x-mx85\/","url":"https:\/\/xenonkungen.com\/produkt\/osram-ledriving-cube-x-mx85\/","name":"OSRAM LEDriving\u00ae Cube-X MX85 - The Xenon King","isPartOf":{"@id":"https:\/\/xenonkungen.com\/#website"},"primaryImageOfPage":{"@id":"https:\/\/xenonkungen.com\/produkt\/osram-ledriving-cube-x-mx85\/#primaryimage"},"image":{"@id":"https:\/\/xenonkungen.com\/produkt\/osram-ledriving-cube-x-mx85\/#primaryimage"},"thumbnailUrl":"https:\/\/xenonkungen.com\/wp-content\/uploads\/2025\/06\/163495765-origpic-44bcf5.png","datePublished":"2025-06-23T13:51:18+00:00","dateModified":"2025-12-10T13:51:50+00:00","breadcrumb":{"@id":"https:\/\/xenonkungen.com\/produkt\/osram-ledriving-cube-x-mx85\/#breadcrumb"},"inLanguage":"en-GB","potentialAction":[{"@type":"ReadAction","target":["https:\/\/xenonkungen.com\/produkt\/osram-ledriving-cube-x-mx85\/"]}]},{"@type":"ImageObject","inLanguage":"en-GB","@id":"https:\/\/xenonkungen.com\/produkt\/osram-ledriving-cube-x-mx85\/#primaryimage","url":"https:\/\/xenonkungen.com\/wp-content\/uploads\/2025\/06\/163495765-origpic-44bcf5.png","contentUrl":"https:\/\/xenonkungen.com\/wp-content\/uploads\/2025\/06\/163495765-origpic-44bcf5.png","width":1000,"height":932},{"@type":"BreadcrumbList","@id":"https:\/\/xenonkungen.com\/produkt\/osram-ledriving-cube-x-mx85\/#breadcrumb","itemListElement":[{"@type":"ListItem","position":1,"name":"Hem","item":"https:\/\/xenonkungen.com\/"},{"@type":"ListItem","position":2,"name":"Shop","item":"https:\/\/xenonkungen.com\/shop\/"},{"@type":"ListItem","position":3,"name":"OSRAM LEDriving\u00ae Cube-X MX85"}]},{"@type":"WebSite","@id":"https:\/\/xenonkungen.com\/#website","url":"https:\/\/xenonkungen.com\/","name":"Xenonkungen","description":"","potentialAction":[{"@type":"SearchAction","target":{"@type":"EntryPoint","urlTemplate":"https:\/\/xenonkungen.com\/?s={search_term_string}"},"query-input":{"@type":"PropertyValueSpecification","valueRequired":true,"valueName":"search_term_string"}}],"inLanguage":"en-GB"}]}},"taxonomy_info":{"product_brand":[{"value":108,"label":"OSRAM"}],"product_cat":[{"value":2639,"label":"OSRAM Ledriving"},{"value":508,"label":"Arbetsbelysning"}],"pa_faktisk-effekts-forbrukning":[{"value":527,"label":"20"}],"pa_fargtemperatur":[{"value":1428,"label":"6000"}],"pa_fuktskydd-varde-ipxx":[{"value":333,"label":"IP67"}],"pa_godkannande":[{"value":184,"label":"R10"}],"pa_ljusbild":[{"value":178,"label":"Driving"},{"value":1177,"label":"Spot"}],"pa_storlek-mm":[{"value":2411,"label":"85x121x57"}],"pa_volt-v":[{"value":2271,"label":"Multivolt, 9, 12, 14"}]},"featured_image_src_large":["https:\/\/xenonkungen.com\/wp-content\/uploads\/2025\/06\/163495765-origpic-44bcf5.png",1000,932,false],"author_info":[],"comment_info":0,"_links":{"self":[{"href":"https:\/\/xenonkungen.com\/en\/wp-json\/wp\/v2\/product\/11627","targetHints":{"allow":["GET"]}}],"collection":[{"href":"https:\/\/xenonkungen.com\/en\/wp-json\/wp\/v2\/product"}],"about":[{"href":"https:\/\/xenonkungen.com\/en\/wp-json\/wp\/v2\/types\/product"}],"replies":[{"embeddable":true,"href":"https:\/\/xenonkungen.com\/en\/wp-json\/wp\/v2\/comments?post=11627"}],"wp:featuredmedia":[{"embeddable":true,"href":"https:\/\/xenonkungen.com\/en\/wp-json\/wp\/v2\/media\/10860"}],"wp:attachment":[{"href":"https:\/\/xenonkungen.com\/en\/wp-json\/wp\/v2\/media?parent=11627"}],"wp:term":[{"taxonomy":"anvandningsomrade","embeddable":true,"href":"https:\/\/xenonkungen.com\/en\/wp-json\/wp\/v2\/anvandningsomrade?post=11627"},{"taxonomy":"bilmarken","embeddable":true,"href":"https:\/\/xenonkungen.com\/en\/wp-json\/wp\/v2\/bilmarken?post=11627"},{"taxonomy":"product_brand","embeddable":true,"href":"https:\/\/xenonkungen.com\/en\/wp-json\/wp\/v2\/product_brand?post=11627"},{"taxonomy":"product_cat","embeddable":true,"href":"https:\/\/xenonkungen.com\/en\/wp-json\/wp\/v2\/product_cat?post=11627"},{"taxonomy":"product_tag","embeddable":true,"href":"https:\/\/xenonkungen.com\/en\/wp-json\/wp\/v2\/product_tag?post=11627"}],"curies":[{"name":"wp","href":"https:\/\/api.w.org\/{rel}","templated":true}]}}