{"id":11666,"date":"2025-06-23T13:51:31","date_gmt":"2025-06-23T13:51:31","guid":{"rendered":"https:\/\/xenonkungen.com\/produkt\/t10w5w-3d-led-12-24v\/"},"modified":"2026-03-27T09:49:28","modified_gmt":"2026-03-27T08:49:28","slug":"t10w5w-3d-led-12-24v","status":"publish","type":"product","link":"https:\/\/xenonkungen.com\/en\/product\/t10w5w-3d-led-12-24v\/","title":{"rendered":"T10|W5W 3D Led 12-24v"},"content":{"rendered":"<p>A simple lamp without canbus with original W5W fit for Cars, Trucks, Tractors and Boat and Caravans.<\/p>\n<p>The lamp has an omnidirectional light distribution and is equipped with a quality diode from Osram with frosted housing.<\/p>\n<p>The 3D LED lamp has independent polarity (+\/-), and can withstand current peaks up to 32V.<br \/>\nThe LED lamp is suitable to replace the halogen W5W version in Position lighting, Sign lighting, Interior lighting.<\/p>\n<p><strong>Good to know<\/strong><br \/>\nThe 3D LED has independent polarity (+\/-)<br \/>\nSafe for current peaks up to 32V and constant current regulation.<br \/>\nDesigned according to original measurements for a secure fit<\/p>\n<p>Available with colour temperature (Kelvin):<br \/>\n2000K Amber\/Orange<br \/>\n4000K Warm white<br \/>\n6000K Cool white (blue colour)<\/p>\n<p>Not compatible with Canbus cars<\/p>","protected":false},"excerpt":{"rendered":"<p>A simple lamp without canbus with original W5W fit for Cars, Trucks, Tractors and Boat and Caravans.<\/p>\n<p><strong>Diode lamp<\/strong><\/p>\n<p><strong>Areas of use<\/strong><br \/>\nCars, Trucks, Tractors and Boats and Caravans<\/p>\n<p><strong>Lamp base<\/strong><br \/>\nW5W, T10, W2.1\u00d79.5d<\/p>\n<p><strong>Multivolt<\/strong><br \/>\n9-32V DC<\/p>\n<p><strong>Canbus<\/strong><br \/>\nNo, it is not.<\/p>\n<p><strong>Delivery content<\/strong><br \/>\n2pcs W5W 3D LED 12-24V<\/p>","protected":false},"featured_media":10945,"comment_status":"closed","ping_status":"closed","template":"","meta":{"_acf_changed":false,"_smort_price_nok":"148","_smort_price_dkk":"94","_smort_price_eur":"12.64","_smort_sale_price_nok":"","_smort_sale_price_dkk":"","_smort_sale_price_eur":"","smort_restorder":"","shipmondo_restorder":"","_kad_blocks_custom_css":"","_kad_blocks_head_custom_js":"","_kad_blocks_body_custom_js":"","_kad_blocks_footer_custom_js":"","smort_custom_pricelist_1":null,"smort_custom_pricelist_2":null,"smort_custom_pricelist_3":null,"smort_custom_pricelist_4":null,"smort_custom_pricelist_5":null},"anvandningsomrade":[],"bilmarken":[],"product_brand":[117],"product_cat":[2533,338],"product_tag":[],"class_list":{"0":"post-11666","1":"product","2":"type-product","3":"status-publish","4":"has-post-thumbnail","6":"product_brand-xenonkungen","7":"product_cat-t10-diodlampor","8":"product_cat-diodlampor","9":"pa_faktisk-effekts-forbrukning-715","10":"pa_fargtemperatur-2290","11":"pa_fargtemperatur-1428","12":"pa_fargtemperatur-amber","13":"pa_fuktskydd-varde-ipxx-ip44","14":"pa_godkannande-ce-rohs","15":"pa_lampsockel-kontakt-w5w-w3w-t10-w2-1x9-5d","16":"pa_led-chips-effekt-w-766","17":"pa_storlek-mm-25x10","18":"pa_stromforbrukning-01a12v-005a24v","19":"pa_volt-v-multivolt-9-12-16-18-24-28-30-32","21":"first","22":"outofstock","23":"taxable","24":"shipping-taxable","25":"purchasable","26":"product-type-variable"},"bundled_by":[],"bundle_stock_status":"outofstock","bundle_stock_quantity":null,"bundle_virtual":false,"bundle_layout":"","bundle_add_to_cart_form_location":"","bundle_editable_in_cart":false,"bundle_sold_individually_context":"","bundle_item_grouping":"","bundle_min_size":"","bundle_max_size":"","bundle_price":[],"bundled_items":[],"bundle_sell_ids":[],"acf":[],"yoast_head":"<!-- This site is optimized with the Yoast SEO plugin v27.0 - https:\/\/yoast.com\/product\/yoast-seo-wordpress\/ -->\n<title>T10|W5W 3D Led 12-24v - Xenonkungen<\/title>\n<meta name=\"robots\" content=\"index, follow, max-snippet:-1, max-image-preview:large, max-video-preview:-1\" \/>\n<link rel=\"canonical\" href=\"https:\/\/xenonkungen.com\/en\/product\/t10w5w-3d-led-12-24v\/\" \/>\n<meta property=\"og:locale\" content=\"en_GB\" \/>\n<meta property=\"og:type\" content=\"article\" \/>\n<meta property=\"og:title\" content=\"T10|W5W 3D Led 12-24v - Xenonkungen\" \/>\n<meta property=\"og:description\" content=\"En enklare lampa utan canbus med original W5W passform f\u00f6r Bil, Lastbilar, Traktorer samt B\u00e5t och Husvagnar.  Diodlampa  Anv\u00e4ndningsomr\u00e5den Bilar, Lastbilar, Traktorer samt B\u00e5t och Husvagnar  Lampsockel W5W, T10, W2.1x9.5d  Multivolt 9-32V DC  Canbus Nej  Leveransinneh\u00e5ll 2st W5W 3D LED 12-24V\" \/>\n<meta property=\"og:url\" content=\"https:\/\/xenonkungen.com\/en\/product\/t10w5w-3d-led-12-24v\/\" \/>\n<meta property=\"og:site_name\" content=\"Xenonkungen\" \/>\n<meta property=\"article:modified_time\" content=\"2026-03-27T08:49:28+00:00\" \/>\n<meta property=\"og:image\" content=\"https:\/\/xenonkungen.com\/wp-content\/uploads\/2025\/06\/155997366-origpic-dcd330.png\" \/>\n\t<meta property=\"og:image:width\" content=\"1000\" \/>\n\t<meta property=\"og:image:height\" content=\"1000\" \/>\n\t<meta property=\"og:image:type\" content=\"image\/png\" \/>\n<meta name=\"twitter:card\" content=\"summary_large_image\" \/>\n<meta name=\"twitter:label1\" content=\"Estimated reading time\" \/>\n\t<meta name=\"twitter:data1\" content=\"1 minute\" \/>\n<script type=\"application\/ld+json\" class=\"yoast-schema-graph\">{\"@context\":\"https:\/\/schema.org\",\"@graph\":[{\"@type\":\"WebPage\",\"@id\":\"https:\/\/xenonkungen.com\/produkt\/t10w5w-3d-led-12-24v\/\",\"url\":\"https:\/\/xenonkungen.com\/produkt\/t10w5w-3d-led-12-24v\/\",\"name\":\"T10|W5W 3D Led 12-24v - Xenonkungen\",\"isPartOf\":{\"@id\":\"https:\/\/xenonkungen.com\/#website\"},\"primaryImageOfPage\":{\"@id\":\"https:\/\/xenonkungen.com\/produkt\/t10w5w-3d-led-12-24v\/#primaryimage\"},\"image\":{\"@id\":\"https:\/\/xenonkungen.com\/produkt\/t10w5w-3d-led-12-24v\/#primaryimage\"},\"thumbnailUrl\":\"https:\/\/xenonkungen.com\/wp-content\/uploads\/2025\/06\/155997366-origpic-dcd330.png\",\"datePublished\":\"2025-06-23T13:51:31+00:00\",\"dateModified\":\"2026-03-27T08:49:28+00:00\",\"breadcrumb\":{\"@id\":\"https:\/\/xenonkungen.com\/produkt\/t10w5w-3d-led-12-24v\/#breadcrumb\"},\"inLanguage\":\"en-GB\",\"potentialAction\":[{\"@type\":\"ReadAction\",\"target\":[\"https:\/\/xenonkungen.com\/produkt\/t10w5w-3d-led-12-24v\/\"]}]},{\"@type\":\"ImageObject\",\"inLanguage\":\"en-GB\",\"@id\":\"https:\/\/xenonkungen.com\/produkt\/t10w5w-3d-led-12-24v\/#primaryimage\",\"url\":\"https:\/\/xenonkungen.com\/wp-content\/uploads\/2025\/06\/155997366-origpic-dcd330.png\",\"contentUrl\":\"https:\/\/xenonkungen.com\/wp-content\/uploads\/2025\/06\/155997366-origpic-dcd330.png\",\"width\":1000,\"height\":1000},{\"@type\":\"BreadcrumbList\",\"@id\":\"https:\/\/xenonkungen.com\/produkt\/t10w5w-3d-led-12-24v\/#breadcrumb\",\"itemListElement\":[{\"@type\":\"ListItem\",\"position\":1,\"name\":\"Hem\",\"item\":\"https:\/\/xenonkungen.com\/\"},{\"@type\":\"ListItem\",\"position\":2,\"name\":\"Shop\",\"item\":\"https:\/\/xenonkungen.com\/shop\/\"},{\"@type\":\"ListItem\",\"position\":3,\"name\":\"T10|W5W 3D Led 12-24v\"}]},{\"@type\":\"WebSite\",\"@id\":\"https:\/\/xenonkungen.com\/#website\",\"url\":\"https:\/\/xenonkungen.com\/\",\"name\":\"Xenonkungen\",\"description\":\"\",\"potentialAction\":[{\"@type\":\"SearchAction\",\"target\":{\"@type\":\"EntryPoint\",\"urlTemplate\":\"https:\/\/xenonkungen.com\/?s={search_term_string}\"},\"query-input\":{\"@type\":\"PropertyValueSpecification\",\"valueRequired\":true,\"valueName\":\"search_term_string\"}}],\"inLanguage\":\"en-GB\"}]}<\/script>\n<!-- \/ Yoast SEO plugin. -->","yoast_head_json":{"title":"T10|W5W 3D Led 12-24v - The Xenon King","robots":{"index":"index","follow":"follow","max-snippet":"max-snippet:-1","max-image-preview":"max-image-preview:large","max-video-preview":"max-video-preview:-1"},"canonical":"https:\/\/xenonkungen.com\/en\/product\/t10w5w-3d-led-12-24v\/","og_locale":"en_GB","og_type":"article","og_title":"T10|W5W 3D Led 12-24v - Xenonkungen","og_description":"En enklare lampa utan canbus med original W5W passform f\u00f6r Bil, Lastbilar, Traktorer samt B\u00e5t och Husvagnar.  Diodlampa  Anv\u00e4ndningsomr\u00e5den Bilar, Lastbilar, Traktorer samt B\u00e5t och Husvagnar  Lampsockel W5W, T10, W2.1x9.5d  Multivolt 9-32V DC  Canbus Nej  Leveransinneh\u00e5ll 2st W5W 3D LED 12-24V","og_url":"https:\/\/xenonkungen.com\/en\/product\/t10w5w-3d-led-12-24v\/","og_site_name":"Xenonkungen","article_modified_time":"2026-03-27T08:49:28+00:00","og_image":[{"width":1000,"height":1000,"url":"https:\/\/xenonkungen.com\/wp-content\/uploads\/2025\/06\/155997366-origpic-dcd330.png","type":"image\/png"}],"twitter_card":"summary_large_image","twitter_misc":{"Estimated reading time":"1 minute"},"schema":{"@context":"https:\/\/schema.org","@graph":[{"@type":"WebPage","@id":"https:\/\/xenonkungen.com\/produkt\/t10w5w-3d-led-12-24v\/","url":"https:\/\/xenonkungen.com\/produkt\/t10w5w-3d-led-12-24v\/","name":"T10|W5W 3D Led 12-24v - The Xenon King","isPartOf":{"@id":"https:\/\/xenonkungen.com\/#website"},"primaryImageOfPage":{"@id":"https:\/\/xenonkungen.com\/produkt\/t10w5w-3d-led-12-24v\/#primaryimage"},"image":{"@id":"https:\/\/xenonkungen.com\/produkt\/t10w5w-3d-led-12-24v\/#primaryimage"},"thumbnailUrl":"https:\/\/xenonkungen.com\/wp-content\/uploads\/2025\/06\/155997366-origpic-dcd330.png","datePublished":"2025-06-23T13:51:31+00:00","dateModified":"2026-03-27T08:49:28+00:00","breadcrumb":{"@id":"https:\/\/xenonkungen.com\/produkt\/t10w5w-3d-led-12-24v\/#breadcrumb"},"inLanguage":"en-GB","potentialAction":[{"@type":"ReadAction","target":["https:\/\/xenonkungen.com\/produkt\/t10w5w-3d-led-12-24v\/"]}]},{"@type":"ImageObject","inLanguage":"en-GB","@id":"https:\/\/xenonkungen.com\/produkt\/t10w5w-3d-led-12-24v\/#primaryimage","url":"https:\/\/xenonkungen.com\/wp-content\/uploads\/2025\/06\/155997366-origpic-dcd330.png","contentUrl":"https:\/\/xenonkungen.com\/wp-content\/uploads\/2025\/06\/155997366-origpic-dcd330.png","width":1000,"height":1000},{"@type":"BreadcrumbList","@id":"https:\/\/xenonkungen.com\/produkt\/t10w5w-3d-led-12-24v\/#breadcrumb","itemListElement":[{"@type":"ListItem","position":1,"name":"Hem","item":"https:\/\/xenonkungen.com\/"},{"@type":"ListItem","position":2,"name":"Shop","item":"https:\/\/xenonkungen.com\/shop\/"},{"@type":"ListItem","position":3,"name":"T10|W5W 3D Led 12-24v"}]},{"@type":"WebSite","@id":"https:\/\/xenonkungen.com\/#website","url":"https:\/\/xenonkungen.com\/","name":"Xenonkungen","description":"","potentialAction":[{"@type":"SearchAction","target":{"@type":"EntryPoint","urlTemplate":"https:\/\/xenonkungen.com\/?s={search_term_string}"},"query-input":{"@type":"PropertyValueSpecification","valueRequired":true,"valueName":"search_term_string"}}],"inLanguage":"en-GB"}]}},"taxonomy_info":{"product_brand":[{"value":117,"label":"Xenonkungen"}],"product_cat":[{"value":2533,"label":"T10"},{"value":338,"label":"Diodlampor"}],"pa_faktisk-effekts-forbrukning":[{"value":715,"label":"12"}],"pa_fargtemperatur":[{"value":2290,"label":"4000"},{"value":1428,"label":"6000"},{"value":745,"label":"Amber"}],"pa_fuktskydd-varde-ipxx":[{"value":1225,"label":"IP44"}],"pa_godkannande":[{"value":337,"label":"CE, RoHS"}],"pa_lampsockel-kontakt":[{"value":768,"label":"W5W, W3W, T10, W2.1x9.5d"}],"pa_led-chips-effekt-w":[{"value":766,"label":"5"}],"pa_storlek-mm":[{"value":2419,"label":"25x10"}],"pa_stromforbrukning":[{"value":2289,"label":"0,1A@12V, 0,05A@24V"}],"pa_volt-v":[{"value":521,"label":"Multivolt, 9, 12, 16, 18, 24, 28, 30, 32"}]},"featured_image_src_large":["https:\/\/xenonkungen.com\/wp-content\/uploads\/2025\/06\/155997366-origpic-dcd330.png",1000,1000,false],"author_info":[],"comment_info":0,"_links":{"self":[{"href":"https:\/\/xenonkungen.com\/en\/wp-json\/wp\/v2\/product\/11666","targetHints":{"allow":["GET"]}}],"collection":[{"href":"https:\/\/xenonkungen.com\/en\/wp-json\/wp\/v2\/product"}],"about":[{"href":"https:\/\/xenonkungen.com\/en\/wp-json\/wp\/v2\/types\/product"}],"replies":[{"embeddable":true,"href":"https:\/\/xenonkungen.com\/en\/wp-json\/wp\/v2\/comments?post=11666"}],"wp:featuredmedia":[{"embeddable":true,"href":"https:\/\/xenonkungen.com\/en\/wp-json\/wp\/v2\/media\/10945"}],"wp:attachment":[{"href":"https:\/\/xenonkungen.com\/en\/wp-json\/wp\/v2\/media?parent=11666"}],"wp:term":[{"taxonomy":"anvandningsomrade","embeddable":true,"href":"https:\/\/xenonkungen.com\/en\/wp-json\/wp\/v2\/anvandningsomrade?post=11666"},{"taxonomy":"bilmarken","embeddable":true,"href":"https:\/\/xenonkungen.com\/en\/wp-json\/wp\/v2\/bilmarken?post=11666"},{"taxonomy":"product_brand","embeddable":true,"href":"https:\/\/xenonkungen.com\/en\/wp-json\/wp\/v2\/product_brand?post=11666"},{"taxonomy":"product_cat","embeddable":true,"href":"https:\/\/xenonkungen.com\/en\/wp-json\/wp\/v2\/product_cat?post=11666"},{"taxonomy":"product_tag","embeddable":true,"href":"https:\/\/xenonkungen.com\/en\/wp-json\/wp\/v2\/product_tag?post=11666"}],"curies":[{"name":"wp","href":"https:\/\/api.w.org\/{rel}","templated":true}]}}