{"id":11726,"date":"2025-06-23T13:51:51","date_gmt":"2025-06-23T13:51:51","guid":{"rendered":"https:\/\/xenonkungen.com\/produkt\/interior-led-list-300mm-on-off\/"},"modified":"2026-04-11T00:37:29","modified_gmt":"2026-04-10T23:37:29","slug":"interior-led-strip-300mm-on-off","status":"publish","type":"product","link":"https:\/\/xenonkungen.com\/en\/product\/interior-led-strip-300mm-on-off\/","title":{"rendered":"Interior LED strip 300mm | On\/Off"},"content":{"rendered":"<div class=\"container\">\n<h1>Slim 300mm LED Wand Light with On\/Off Button<\/h1>\n<p>This Slim 300mm LED pole light is designed to offer superior illumination in 12V\/24V vehicles and more. With its ultra-slim profile of only 10mm in height and 25mm in width, this lamp is both discreet and powerful. It is equipped with high brightness Cool white diode bulbs to create a fluorescent-like light comparable to about 20\/30W incandescent light.<\/p>\n<h2>Characteristics<\/h2>\n<ul>\n<li>Ultra-thin design makes it ideal for a wide range of applications.<\/li>\n<li>High brightness Cool white diode lamps for clear and efficient lighting.<\/li>\n<li>Polycarbonate lens with optical properties for the best possible light distribution.<\/li>\n<li>Clear lens for clear, diffused lighting at 62 Lux\/m.<\/li>\n<li>Support for both 12V and 24V systems, making it versatile for different vehicles.<\/li>\n<\/ul>\n<p>This rod light is not only efficient but also durable, shock and vibration resistant, fully submersible and can withstand high pressure washing thanks to its IP67 rating and short circuit protection. Ideal for interior lighting in vehicles, service vans, caravans and more where quality light is essential.<\/p>\n<\/div>\n<p><strong>Guarantee:<\/strong> 3 years<\/p>","protected":false},"excerpt":{"rendered":"<p>Slim 300mm LED Stavlampa med Av\/P\u00e5 Knapp Denna Slim 300mm LED stavlampa \u00e4r designad f\u00f6r att erbjuda \u00f6verl\u00e4gsen belysning i 12V\/24V fordon och mer. Med dess ultratunna profil p\u00e5 endast 10mm i h\u00f6jd och 25mm i bredd, \u00e4r denna lampa b\u00e5de diskret och kraftfull. Den utrustas med high brightness Cool white diodlampor f\u00f6r att skapa [&hellip;]<\/p>","protected":false},"featured_media":11069,"comment_status":"closed","ping_status":"closed","template":"","meta":{"_acf_changed":false,"_smort_price_nok":"620","_smort_price_dkk":"394","_smort_price_eur":"52.72","_smort_sale_price_nok":"","_smort_sale_price_dkk":"","_smort_sale_price_eur":"","smort_restorder":"","shipmondo_restorder":"","_kad_blocks_custom_css":"","_kad_blocks_head_custom_js":"","_kad_blocks_body_custom_js":"","_kad_blocks_footer_custom_js":"","smort_custom_pricelist_1":null,"smort_custom_pricelist_2":null,"smort_custom_pricelist_3":null,"smort_custom_pricelist_4":null,"smort_custom_pricelist_5":null},"anvandningsomrade":[166,238,2816],"bilmarken":[],"product_brand":[1252],"product_cat":[2586],"product_tag":[],"class_list":{"0":"post-11726","1":"product","2":"type-product","3":"status-publish","4":"has-post-thumbnail","6":"anvandningsomrade-lastbil","7":"anvandningsomrade-slap","8":"anvandningsomrade-trailer","9":"product_brand-lea","10":"product_cat-interiorbelysning-slap","11":"pa_fuktskydd-varde-ipxx-ip67","12":"pa_storlek-mm-300x25x10","13":"pa_stromforbrukning-017a-28v","14":"pa_stromforbrukning-031a-138v","15":"pa_volt-v-159","16":"pa_volt-v-160","18":"first","19":"onbackorder","20":"taxable","21":"shipping-taxable","22":"purchasable","23":"product-type-variable"},"bundled_by":[],"bundle_stock_status":"onbackorder","bundle_stock_quantity":null,"bundle_virtual":false,"bundle_layout":"","bundle_add_to_cart_form_location":"","bundle_editable_in_cart":false,"bundle_sold_individually_context":"","bundle_item_grouping":"","bundle_min_size":"","bundle_max_size":"","bundle_price":[],"bundled_items":[],"bundle_sell_ids":[],"acf":[],"yoast_head":"<!-- This site is optimized with the Yoast SEO plugin v27.0 - https:\/\/yoast.com\/product\/yoast-seo-wordpress\/ -->\n<title>Interi\u00f6r LED-list 300mm | On\/Off - Xenonkungen<\/title>\n<meta name=\"robots\" content=\"index, follow, max-snippet:-1, max-image-preview:large, max-video-preview:-1\" \/>\n<link rel=\"canonical\" href=\"https:\/\/xenonkungen.com\/en\/product\/interior-led-strip-300mm-on-off\/\" \/>\n<meta property=\"og:locale\" content=\"en_GB\" \/>\n<meta property=\"og:type\" content=\"article\" \/>\n<meta property=\"og:title\" content=\"Interi\u00f6r LED-list 300mm | On\/Off - Xenonkungen\" \/>\n<meta property=\"og:description\" content=\"Slim 300mm LED Stavlampa med Av\/P\u00e5 Knapp Denna Slim 300mm LED stavlampa \u00e4r designad f\u00f6r att erbjuda \u00f6verl\u00e4gsen belysning i 12V\/24V fordon och mer. Med dess ultratunna profil p\u00e5 endast 10mm i h\u00f6jd och 25mm i bredd, \u00e4r denna lampa b\u00e5de diskret och kraftfull. Den utrustas med high brightness Cool white diodlampor f\u00f6r att skapa [&hellip;]\" \/>\n<meta property=\"og:url\" content=\"https:\/\/xenonkungen.com\/en\/product\/interior-led-strip-300mm-on-off\/\" \/>\n<meta property=\"og:site_name\" content=\"Xenonkungen\" \/>\n<meta property=\"article:modified_time\" content=\"2026-04-10T23:37:29+00:00\" \/>\n<meta property=\"og:image\" content=\"https:\/\/xenonkungen.com\/wp-content\/uploads\/2025\/06\/24597821-origpic-42030b.jpg\" \/>\n\t<meta property=\"og:image:width\" content=\"800\" \/>\n\t<meta property=\"og:image:height\" content=\"800\" \/>\n\t<meta property=\"og:image:type\" content=\"image\/jpeg\" \/>\n<meta name=\"twitter:card\" content=\"summary_large_image\" \/>\n<meta name=\"twitter:label1\" content=\"Estimated reading time\" \/>\n\t<meta name=\"twitter:data1\" content=\"1 minute\" \/>\n<script type=\"application\/ld+json\" class=\"yoast-schema-graph\">{\"@context\":\"https:\/\/schema.org\",\"@graph\":[{\"@type\":\"WebPage\",\"@id\":\"https:\/\/xenonkungen.com\/nl\/product\/interior-led-list-300mm-on-off\/\",\"url\":\"https:\/\/xenonkungen.com\/nl\/product\/interior-led-list-300mm-on-off\/\",\"name\":\"Interi\u00f6r LED-list 300mm | On\/Off - Xenonkungen\",\"isPartOf\":{\"@id\":\"https:\/\/xenonkungen.com\/#website\"},\"primaryImageOfPage\":{\"@id\":\"https:\/\/xenonkungen.com\/nl\/product\/interior-led-list-300mm-on-off\/#primaryimage\"},\"image\":{\"@id\":\"https:\/\/xenonkungen.com\/nl\/product\/interior-led-list-300mm-on-off\/#primaryimage\"},\"thumbnailUrl\":\"https:\/\/xenonkungen.com\/wp-content\/uploads\/2025\/06\/24597821-origpic-42030b.jpg\",\"datePublished\":\"2025-06-23T13:51:51+00:00\",\"dateModified\":\"2026-04-10T23:37:29+00:00\",\"breadcrumb\":{\"@id\":\"https:\/\/xenonkungen.com\/nl\/product\/interior-led-list-300mm-on-off\/#breadcrumb\"},\"inLanguage\":\"en-GB\",\"potentialAction\":[{\"@type\":\"ReadAction\",\"target\":[\"https:\/\/xenonkungen.com\/nl\/product\/interior-led-list-300mm-on-off\/\"]}]},{\"@type\":\"ImageObject\",\"inLanguage\":\"en-GB\",\"@id\":\"https:\/\/xenonkungen.com\/nl\/product\/interior-led-list-300mm-on-off\/#primaryimage\",\"url\":\"https:\/\/xenonkungen.com\/wp-content\/uploads\/2025\/06\/24597821-origpic-42030b.jpg\",\"contentUrl\":\"https:\/\/xenonkungen.com\/wp-content\/uploads\/2025\/06\/24597821-origpic-42030b.jpg\",\"width\":800,\"height\":800},{\"@type\":\"BreadcrumbList\",\"@id\":\"https:\/\/xenonkungen.com\/nl\/product\/interior-led-list-300mm-on-off\/#breadcrumb\",\"itemListElement\":[{\"@type\":\"ListItem\",\"position\":1,\"name\":\"Hem\",\"item\":\"https:\/\/xenonkungen.com\/\"},{\"@type\":\"ListItem\",\"position\":2,\"name\":\"Shop\",\"item\":\"https:\/\/xenonkungen.com\/shop\/\"},{\"@type\":\"ListItem\",\"position\":3,\"name\":\"Interi\u00f6r LED-list 300mm | On\/Off\"}]},{\"@type\":\"WebSite\",\"@id\":\"https:\/\/xenonkungen.com\/#website\",\"url\":\"https:\/\/xenonkungen.com\/\",\"name\":\"Xenonkungen\",\"description\":\"\",\"potentialAction\":[{\"@type\":\"SearchAction\",\"target\":{\"@type\":\"EntryPoint\",\"urlTemplate\":\"https:\/\/xenonkungen.com\/?s={search_term_string}\"},\"query-input\":{\"@type\":\"PropertyValueSpecification\",\"valueRequired\":true,\"valueName\":\"search_term_string\"}}],\"inLanguage\":\"en-GB\"}]}<\/script>\n<!-- \/ Yoast SEO plugin. -->","yoast_head_json":{"title":"Interior LED strip 300mm | On\/Off - Xenonkungen","robots":{"index":"index","follow":"follow","max-snippet":"max-snippet:-1","max-image-preview":"max-image-preview:large","max-video-preview":"max-video-preview:-1"},"canonical":"https:\/\/xenonkungen.com\/en\/product\/interior-led-strip-300mm-on-off\/","og_locale":"en_GB","og_type":"article","og_title":"Interi\u00f6r LED-list 300mm | On\/Off - Xenonkungen","og_description":"Slim 300mm LED Stavlampa med Av\/P\u00e5 Knapp Denna Slim 300mm LED stavlampa \u00e4r designad f\u00f6r att erbjuda \u00f6verl\u00e4gsen belysning i 12V\/24V fordon och mer. Med dess ultratunna profil p\u00e5 endast 10mm i h\u00f6jd och 25mm i bredd, \u00e4r denna lampa b\u00e5de diskret och kraftfull. Den utrustas med high brightness Cool white diodlampor f\u00f6r att skapa [&hellip;]","og_url":"https:\/\/xenonkungen.com\/en\/product\/interior-led-strip-300mm-on-off\/","og_site_name":"Xenonkungen","article_modified_time":"2026-04-10T23:37:29+00:00","og_image":[{"width":800,"height":800,"url":"https:\/\/xenonkungen.com\/wp-content\/uploads\/2025\/06\/24597821-origpic-42030b.jpg","type":"image\/jpeg"}],"twitter_card":"summary_large_image","twitter_misc":{"Estimated reading time":"1 minute"},"schema":{"@context":"https:\/\/schema.org","@graph":[{"@type":"WebPage","@id":"https:\/\/xenonkungen.com\/nl\/product\/interior-led-list-300mm-on-off\/","url":"https:\/\/xenonkungen.com\/nl\/product\/interior-led-list-300mm-on-off\/","name":"Interior LED strip 300mm | On\/Off - Xenonkungen","isPartOf":{"@id":"https:\/\/xenonkungen.com\/#website"},"primaryImageOfPage":{"@id":"https:\/\/xenonkungen.com\/nl\/product\/interior-led-list-300mm-on-off\/#primaryimage"},"image":{"@id":"https:\/\/xenonkungen.com\/nl\/product\/interior-led-list-300mm-on-off\/#primaryimage"},"thumbnailUrl":"https:\/\/xenonkungen.com\/wp-content\/uploads\/2025\/06\/24597821-origpic-42030b.jpg","datePublished":"2025-06-23T13:51:51+00:00","dateModified":"2026-04-10T23:37:29+00:00","breadcrumb":{"@id":"https:\/\/xenonkungen.com\/nl\/product\/interior-led-list-300mm-on-off\/#breadcrumb"},"inLanguage":"en-GB","potentialAction":[{"@type":"ReadAction","target":["https:\/\/xenonkungen.com\/nl\/product\/interior-led-list-300mm-on-off\/"]}]},{"@type":"ImageObject","inLanguage":"en-GB","@id":"https:\/\/xenonkungen.com\/nl\/product\/interior-led-list-300mm-on-off\/#primaryimage","url":"https:\/\/xenonkungen.com\/wp-content\/uploads\/2025\/06\/24597821-origpic-42030b.jpg","contentUrl":"https:\/\/xenonkungen.com\/wp-content\/uploads\/2025\/06\/24597821-origpic-42030b.jpg","width":800,"height":800},{"@type":"BreadcrumbList","@id":"https:\/\/xenonkungen.com\/nl\/product\/interior-led-list-300mm-on-off\/#breadcrumb","itemListElement":[{"@type":"ListItem","position":1,"name":"Hem","item":"https:\/\/xenonkungen.com\/"},{"@type":"ListItem","position":2,"name":"Shop","item":"https:\/\/xenonkungen.com\/shop\/"},{"@type":"ListItem","position":3,"name":"Interi\u00f6r LED-list 300mm | On\/Off"}]},{"@type":"WebSite","@id":"https:\/\/xenonkungen.com\/#website","url":"https:\/\/xenonkungen.com\/","name":"Xenonkungen","description":"","potentialAction":[{"@type":"SearchAction","target":{"@type":"EntryPoint","urlTemplate":"https:\/\/xenonkungen.com\/?s={search_term_string}"},"query-input":{"@type":"PropertyValueSpecification","valueRequired":true,"valueName":"search_term_string"}}],"inLanguage":"en-GB"}]}},"taxonomy_info":{"anvandningsomrade":[{"value":166,"label":"Lastbil"},{"value":238,"label":"SL\u00c4P"},{"value":2816,"label":"TRAILER"}],"product_brand":[{"value":1252,"label":"LEA"}],"product_cat":[{"value":2586,"label":"Interi\u00f6rbelysning"}],"pa_fuktskydd-varde-ipxx":[{"value":333,"label":"IP67"}],"pa_storlek-mm":[{"value":2425,"label":"300x25x10"}],"pa_stromforbrukning":[{"value":2086,"label":"0,17A @28V"},{"value":2306,"label":"0,31A @13,8V"}],"pa_volt-v":[{"value":159,"label":"12"},{"value":160,"label":"24"}]},"featured_image_src_large":["https:\/\/xenonkungen.com\/wp-content\/uploads\/2025\/06\/24597821-origpic-42030b.jpg",800,800,false],"author_info":[],"comment_info":0,"_links":{"self":[{"href":"https:\/\/xenonkungen.com\/en\/wp-json\/wp\/v2\/product\/11726","targetHints":{"allow":["GET"]}}],"collection":[{"href":"https:\/\/xenonkungen.com\/en\/wp-json\/wp\/v2\/product"}],"about":[{"href":"https:\/\/xenonkungen.com\/en\/wp-json\/wp\/v2\/types\/product"}],"replies":[{"embeddable":true,"href":"https:\/\/xenonkungen.com\/en\/wp-json\/wp\/v2\/comments?post=11726"}],"wp:featuredmedia":[{"embeddable":true,"href":"https:\/\/xenonkungen.com\/en\/wp-json\/wp\/v2\/media\/11069"}],"wp:attachment":[{"href":"https:\/\/xenonkungen.com\/en\/wp-json\/wp\/v2\/media?parent=11726"}],"wp:term":[{"taxonomy":"anvandningsomrade","embeddable":true,"href":"https:\/\/xenonkungen.com\/en\/wp-json\/wp\/v2\/anvandningsomrade?post=11726"},{"taxonomy":"bilmarken","embeddable":true,"href":"https:\/\/xenonkungen.com\/en\/wp-json\/wp\/v2\/bilmarken?post=11726"},{"taxonomy":"product_brand","embeddable":true,"href":"https:\/\/xenonkungen.com\/en\/wp-json\/wp\/v2\/product_brand?post=11726"},{"taxonomy":"product_cat","embeddable":true,"href":"https:\/\/xenonkungen.com\/en\/wp-json\/wp\/v2\/product_cat?post=11726"},{"taxonomy":"product_tag","embeddable":true,"href":"https:\/\/xenonkungen.com\/en\/wp-json\/wp\/v2\/product_tag?post=11726"}],"curies":[{"name":"wp","href":"https:\/\/api.w.org\/{rel}","templated":true}]}}