{"id":11735,"date":"2025-06-23T13:51:54","date_gmt":"2025-06-23T13:51:54","guid":{"rendered":"https:\/\/xenonkungen.com\/produkt\/interior-led-list-150mm\/"},"modified":"2025-12-10T14:52:14","modified_gmt":"2025-12-10T13:52:14","slug":"interior-led-strip-150mm","status":"publish","type":"product","link":"https:\/\/xenonkungen.com\/en\/product\/interior-led-strip-150mm\/","title":{"rendered":"Interior LED strip 150mm"},"content":{"rendered":"<div class=\"container\">\n<h1>Slim 150mm LED Rod Lamp for Interior Lighting<\/h1>\n<p>This Slim 150mm LED rod light is designed to provide an efficient lighting solution for interior use in 12V\/24V vehicles and similar applications. With a height of only 10mm and width of 25mm, it offers high brightness Cool white diode lamps for a fluorescent-like light, ideal for a range of environments.<\/p>\n<p>Equipped with a polycarbonate lens with optical properties, this torch ensures the best possible light output. Its robust construction makes it shock and vibration resistant, as well as fully submersible and pressure washable, with an IP67 rating and short circuit protection for increased reliability and longevity.<\/p>\n<h2>Features and Benefits<\/h2>\n<ul>\n<li>Compact design for easy integration into vehicles and other environments.<\/li>\n<li>High brightness Cool white diode lamps for efficient and clear lighting.<\/li>\n<li>Polycarbonate lens with optical properties for optimal light dispersion.<\/li>\n<li>Shock and vibration resistant construction with IP67 rating and short circuit protection.<\/li>\n<\/ul>\n<p>This LED pole light is an excellent lighting solution for vehicles, service vehicles, caravans and more, which require durable, efficient and compact lighting. Its easy installation and high performance make it a valuable addition to improve safety and visibility in various interior environments.<\/p>\n<h2><strong>Alternative lenses:<\/strong><\/h2>\n<p><strong>Clear<\/strong> - clear, diffuse (33 Lux\/m)<br \/>\n<strong>Opaque<\/strong> - subdued light (21 lux\/m)<\/p>\n<\/div>\n<p>Equivalent to about &gt;10\/15W incandescent light.<\/p>\n<p><strong>Guarantee: <\/strong>3 years<\/p>","protected":false},"excerpt":{"rendered":"<p>Slim 150mm LED Stavlampa f\u00f6r Interi\u00f6r Belysning Denna Slim 150mm LED stavlampa \u00e4r utformad f\u00f6r att ge en effektiv belysningsl\u00f6sning f\u00f6r interi\u00f6r anv\u00e4ndning i 12V\/24V fordon och liknande applikationer. Med en h\u00f6jd p\u00e5 endast 10mm och bredd p\u00e5 25mm, erbjuder den high brightness Cool white diodlampor f\u00f6r ett lysr\u00f6rsliknande ljus, idealiskt f\u00f6r en rad olika [&hellip;]<\/p>","protected":false},"featured_media":11089,"comment_status":"closed","ping_status":"closed","template":"","meta":{"_acf_changed":false,"_smort_price_nok":"320","_smort_price_dkk":"204","_smort_price_eur":"27.27","_smort_sale_price_nok":"","_smort_sale_price_dkk":"","_smort_sale_price_eur":"","smort_restorder":"","shipmondo_restorder":"","_kad_blocks_custom_css":"","_kad_blocks_head_custom_js":"","_kad_blocks_body_custom_js":"","_kad_blocks_footer_custom_js":"","smort_custom_pricelist_1":null,"smort_custom_pricelist_2":null,"smort_custom_pricelist_3":null,"smort_custom_pricelist_4":null,"smort_custom_pricelist_5":null},"anvandningsomrade":[166,238,2816],"bilmarken":[],"product_brand":[1252],"product_cat":[2586],"product_tag":[],"class_list":{"0":"post-11735","1":"product","2":"type-product","3":"status-publish","4":"has-post-thumbnail","6":"anvandningsomrade-lastbil","7":"anvandningsomrade-slap","8":"anvandningsomrade-trailer","9":"product_brand-lea","10":"product_cat-interiorbelysning-slap","11":"pa_fuktskydd-varde-ipxx-ip67","12":"pa_storlek-mm-150x25x10","13":"pa_stromforbrukning-007a-28v","14":"pa_stromforbrukning-017a-138v","15":"pa_volt-v-159","16":"pa_volt-v-160","18":"first","19":"instock","20":"taxable","21":"shipping-taxable","22":"purchasable","23":"product-type-variable"},"bundled_by":[],"bundle_stock_status":"instock","bundle_stock_quantity":null,"bundle_virtual":false,"bundle_layout":"","bundle_add_to_cart_form_location":"","bundle_editable_in_cart":false,"bundle_sold_individually_context":"","bundle_item_grouping":"","bundle_min_size":"","bundle_max_size":"","bundle_price":[],"bundled_items":[],"bundle_sell_ids":[],"acf":[],"yoast_head":"<!-- This site is optimized with the Yoast SEO plugin v27.0 - https:\/\/yoast.com\/product\/yoast-seo-wordpress\/ -->\n<title>Interi\u00f6r LED-list 150mm - Xenonkungen<\/title>\n<meta name=\"robots\" content=\"index, follow, max-snippet:-1, max-image-preview:large, max-video-preview:-1\" \/>\n<link rel=\"canonical\" href=\"https:\/\/xenonkungen.com\/en\/product\/interior-led-strip-150mm\/\" \/>\n<meta property=\"og:locale\" content=\"en_GB\" \/>\n<meta property=\"og:type\" content=\"article\" \/>\n<meta property=\"og:title\" content=\"Interi\u00f6r LED-list 150mm - Xenonkungen\" \/>\n<meta property=\"og:description\" content=\"Slim 150mm LED Stavlampa f\u00f6r Interi\u00f6r Belysning Denna Slim 150mm LED stavlampa \u00e4r utformad f\u00f6r att ge en effektiv belysningsl\u00f6sning f\u00f6r interi\u00f6r anv\u00e4ndning i 12V\/24V fordon och liknande applikationer. Med en h\u00f6jd p\u00e5 endast 10mm och bredd p\u00e5 25mm, erbjuder den high brightness Cool white diodlampor f\u00f6r ett lysr\u00f6rsliknande ljus, idealiskt f\u00f6r en rad olika [&hellip;]\" \/>\n<meta property=\"og:url\" content=\"https:\/\/xenonkungen.com\/en\/product\/interior-led-strip-150mm\/\" \/>\n<meta property=\"og:site_name\" content=\"Xenonkungen\" \/>\n<meta property=\"article:modified_time\" content=\"2025-12-10T13:52:14+00:00\" \/>\n<meta property=\"og:image\" content=\"https:\/\/xenonkungen.com\/wp-content\/uploads\/2025\/06\/7332991-origpic-0a3d6b.jpg\" \/>\n\t<meta property=\"og:image:width\" content=\"800\" \/>\n\t<meta property=\"og:image:height\" content=\"800\" \/>\n\t<meta property=\"og:image:type\" content=\"image\/jpeg\" \/>\n<meta name=\"twitter:card\" content=\"summary_large_image\" \/>\n<meta name=\"twitter:label1\" content=\"Estimated reading time\" \/>\n\t<meta name=\"twitter:data1\" content=\"1 minute\" \/>\n<script type=\"application\/ld+json\" class=\"yoast-schema-graph\">{\"@context\":\"https:\/\/schema.org\",\"@graph\":[{\"@type\":\"WebPage\",\"@id\":\"https:\/\/xenonkungen.com\/nl\/product\/interior-led-list-150mm\/\",\"url\":\"https:\/\/xenonkungen.com\/nl\/product\/interior-led-list-150mm\/\",\"name\":\"Interi\u00f6r LED-list 150mm - Xenonkungen\",\"isPartOf\":{\"@id\":\"https:\/\/xenonkungen.com\/#website\"},\"primaryImageOfPage\":{\"@id\":\"https:\/\/xenonkungen.com\/nl\/product\/interior-led-list-150mm\/#primaryimage\"},\"image\":{\"@id\":\"https:\/\/xenonkungen.com\/nl\/product\/interior-led-list-150mm\/#primaryimage\"},\"thumbnailUrl\":\"https:\/\/xenonkungen.com\/wp-content\/uploads\/2025\/06\/7332991-origpic-0a3d6b.jpg\",\"datePublished\":\"2025-06-23T13:51:54+00:00\",\"dateModified\":\"2025-12-10T13:52:14+00:00\",\"breadcrumb\":{\"@id\":\"https:\/\/xenonkungen.com\/nl\/product\/interior-led-list-150mm\/#breadcrumb\"},\"inLanguage\":\"en-GB\",\"potentialAction\":[{\"@type\":\"ReadAction\",\"target\":[\"https:\/\/xenonkungen.com\/nl\/product\/interior-led-list-150mm\/\"]}]},{\"@type\":\"ImageObject\",\"inLanguage\":\"en-GB\",\"@id\":\"https:\/\/xenonkungen.com\/nl\/product\/interior-led-list-150mm\/#primaryimage\",\"url\":\"https:\/\/xenonkungen.com\/wp-content\/uploads\/2025\/06\/7332991-origpic-0a3d6b.jpg\",\"contentUrl\":\"https:\/\/xenonkungen.com\/wp-content\/uploads\/2025\/06\/7332991-origpic-0a3d6b.jpg\",\"width\":800,\"height\":800},{\"@type\":\"BreadcrumbList\",\"@id\":\"https:\/\/xenonkungen.com\/nl\/product\/interior-led-list-150mm\/#breadcrumb\",\"itemListElement\":[{\"@type\":\"ListItem\",\"position\":1,\"name\":\"Hem\",\"item\":\"https:\/\/xenonkungen.com\/\"},{\"@type\":\"ListItem\",\"position\":2,\"name\":\"Shop\",\"item\":\"https:\/\/xenonkungen.com\/shop\/\"},{\"@type\":\"ListItem\",\"position\":3,\"name\":\"Interi\u00f6r LED-list 150mm\"}]},{\"@type\":\"WebSite\",\"@id\":\"https:\/\/xenonkungen.com\/#website\",\"url\":\"https:\/\/xenonkungen.com\/\",\"name\":\"Xenonkungen\",\"description\":\"\",\"potentialAction\":[{\"@type\":\"SearchAction\",\"target\":{\"@type\":\"EntryPoint\",\"urlTemplate\":\"https:\/\/xenonkungen.com\/?s={search_term_string}\"},\"query-input\":{\"@type\":\"PropertyValueSpecification\",\"valueRequired\":true,\"valueName\":\"search_term_string\"}}],\"inLanguage\":\"en-GB\"}]}<\/script>\n<!-- \/ Yoast SEO plugin. -->","yoast_head_json":{"title":"Interior LED strip 150mm - Xenonkungen","robots":{"index":"index","follow":"follow","max-snippet":"max-snippet:-1","max-image-preview":"max-image-preview:large","max-video-preview":"max-video-preview:-1"},"canonical":"https:\/\/xenonkungen.com\/en\/product\/interior-led-strip-150mm\/","og_locale":"en_GB","og_type":"article","og_title":"Interi\u00f6r LED-list 150mm - Xenonkungen","og_description":"Slim 150mm LED Stavlampa f\u00f6r Interi\u00f6r Belysning Denna Slim 150mm LED stavlampa \u00e4r utformad f\u00f6r att ge en effektiv belysningsl\u00f6sning f\u00f6r interi\u00f6r anv\u00e4ndning i 12V\/24V fordon och liknande applikationer. Med en h\u00f6jd p\u00e5 endast 10mm och bredd p\u00e5 25mm, erbjuder den high brightness Cool white diodlampor f\u00f6r ett lysr\u00f6rsliknande ljus, idealiskt f\u00f6r en rad olika [&hellip;]","og_url":"https:\/\/xenonkungen.com\/en\/product\/interior-led-strip-150mm\/","og_site_name":"Xenonkungen","article_modified_time":"2025-12-10T13:52:14+00:00","og_image":[{"width":800,"height":800,"url":"https:\/\/xenonkungen.com\/wp-content\/uploads\/2025\/06\/7332991-origpic-0a3d6b.jpg","type":"image\/jpeg"}],"twitter_card":"summary_large_image","twitter_misc":{"Estimated reading time":"1 minute"},"schema":{"@context":"https:\/\/schema.org","@graph":[{"@type":"WebPage","@id":"https:\/\/xenonkungen.com\/nl\/product\/interior-led-list-150mm\/","url":"https:\/\/xenonkungen.com\/nl\/product\/interior-led-list-150mm\/","name":"Interior LED strip 150mm - Xenonkungen","isPartOf":{"@id":"https:\/\/xenonkungen.com\/#website"},"primaryImageOfPage":{"@id":"https:\/\/xenonkungen.com\/nl\/product\/interior-led-list-150mm\/#primaryimage"},"image":{"@id":"https:\/\/xenonkungen.com\/nl\/product\/interior-led-list-150mm\/#primaryimage"},"thumbnailUrl":"https:\/\/xenonkungen.com\/wp-content\/uploads\/2025\/06\/7332991-origpic-0a3d6b.jpg","datePublished":"2025-06-23T13:51:54+00:00","dateModified":"2025-12-10T13:52:14+00:00","breadcrumb":{"@id":"https:\/\/xenonkungen.com\/nl\/product\/interior-led-list-150mm\/#breadcrumb"},"inLanguage":"en-GB","potentialAction":[{"@type":"ReadAction","target":["https:\/\/xenonkungen.com\/nl\/product\/interior-led-list-150mm\/"]}]},{"@type":"ImageObject","inLanguage":"en-GB","@id":"https:\/\/xenonkungen.com\/nl\/product\/interior-led-list-150mm\/#primaryimage","url":"https:\/\/xenonkungen.com\/wp-content\/uploads\/2025\/06\/7332991-origpic-0a3d6b.jpg","contentUrl":"https:\/\/xenonkungen.com\/wp-content\/uploads\/2025\/06\/7332991-origpic-0a3d6b.jpg","width":800,"height":800},{"@type":"BreadcrumbList","@id":"https:\/\/xenonkungen.com\/nl\/product\/interior-led-list-150mm\/#breadcrumb","itemListElement":[{"@type":"ListItem","position":1,"name":"Hem","item":"https:\/\/xenonkungen.com\/"},{"@type":"ListItem","position":2,"name":"Shop","item":"https:\/\/xenonkungen.com\/shop\/"},{"@type":"ListItem","position":3,"name":"Interi\u00f6r LED-list 150mm"}]},{"@type":"WebSite","@id":"https:\/\/xenonkungen.com\/#website","url":"https:\/\/xenonkungen.com\/","name":"Xenonkungen","description":"","potentialAction":[{"@type":"SearchAction","target":{"@type":"EntryPoint","urlTemplate":"https:\/\/xenonkungen.com\/?s={search_term_string}"},"query-input":{"@type":"PropertyValueSpecification","valueRequired":true,"valueName":"search_term_string"}}],"inLanguage":"en-GB"}]}},"taxonomy_info":{"anvandningsomrade":[{"value":166,"label":"Lastbil"},{"value":238,"label":"SL\u00c4P"},{"value":2816,"label":"TRAILER"}],"product_brand":[{"value":1252,"label":"LEA"}],"product_cat":[{"value":2586,"label":"Interi\u00f6rbelysning"}],"pa_fuktskydd-varde-ipxx":[{"value":333,"label":"IP67"}],"pa_storlek-mm":[{"value":1600,"label":"150x25x10"}],"pa_stromforbrukning":[{"value":1876,"label":"0,07A @28V"},{"value":2079,"label":"0,17A @13,8V"}],"pa_volt-v":[{"value":159,"label":"12"},{"value":160,"label":"24"}]},"featured_image_src_large":["https:\/\/xenonkungen.com\/wp-content\/uploads\/2025\/06\/7332991-origpic-0a3d6b.jpg",800,800,false],"author_info":[],"comment_info":0,"_links":{"self":[{"href":"https:\/\/xenonkungen.com\/en\/wp-json\/wp\/v2\/product\/11735","targetHints":{"allow":["GET"]}}],"collection":[{"href":"https:\/\/xenonkungen.com\/en\/wp-json\/wp\/v2\/product"}],"about":[{"href":"https:\/\/xenonkungen.com\/en\/wp-json\/wp\/v2\/types\/product"}],"replies":[{"embeddable":true,"href":"https:\/\/xenonkungen.com\/en\/wp-json\/wp\/v2\/comments?post=11735"}],"wp:featuredmedia":[{"embeddable":true,"href":"https:\/\/xenonkungen.com\/en\/wp-json\/wp\/v2\/media\/11089"}],"wp:attachment":[{"href":"https:\/\/xenonkungen.com\/en\/wp-json\/wp\/v2\/media?parent=11735"}],"wp:term":[{"taxonomy":"anvandningsomrade","embeddable":true,"href":"https:\/\/xenonkungen.com\/en\/wp-json\/wp\/v2\/anvandningsomrade?post=11735"},{"taxonomy":"bilmarken","embeddable":true,"href":"https:\/\/xenonkungen.com\/en\/wp-json\/wp\/v2\/bilmarken?post=11735"},{"taxonomy":"product_brand","embeddable":true,"href":"https:\/\/xenonkungen.com\/en\/wp-json\/wp\/v2\/product_brand?post=11735"},{"taxonomy":"product_cat","embeddable":true,"href":"https:\/\/xenonkungen.com\/en\/wp-json\/wp\/v2\/product_cat?post=11735"},{"taxonomy":"product_tag","embeddable":true,"href":"https:\/\/xenonkungen.com\/en\/wp-json\/wp\/v2\/product_tag?post=11735"}],"curies":[{"name":"wp","href":"https:\/\/api.w.org\/{rel}","templated":true}]}}