{"id":11807,"date":"2025-06-23T13:52:24","date_gmt":"2025-06-23T13:52:24","guid":{"rendered":"https:\/\/xenonkungen.com\/produkt\/luxtar-ledramp-x12-black-edition-120w\/"},"modified":"2026-03-25T14:30:07","modified_gmt":"2026-03-25T13:30:07","slug":"luxtar-led-ramp-x12-black-edition-120w","status":"publish","type":"product","link":"https:\/\/xenonkungen.com\/en\/product\/luxtar-led-ramp-x12-black-edition-120w\/","title":{"rendered":"LUXTAR\u00ae Ledramp X12 Black Edition 120W <36cm>"},"content":{"rendered":"<h2><strong>Luxtar\u00ae X12 Ledramp Black Edition<\/strong><\/h2>\n<p>The Luxtar X Series is designed with side-mounted diode lamps that are not only unique but also improve performance. The Black Edition offers discreet looks while delivering top performance for better visibility.<\/p>\n<p>The Luxtar X12 Black Edition is ideal for those who want the best of both worlds: style and performance.<\/p>\n<p><strong>Theoretical values of LED ramp <\/strong><br \/>\n120 W &amp; 7 392 lumens<\/p>\n<p>Luxtar Led ramp X 12 has a theoretical value of 120 W and 7 392 lumens. When comparing other options on the market, you should keep these factors in mind.<\/p>\n<p><strong>Actual Values of LED Ramp <\/strong><br \/>\n87.6 W &amp; 6 013 lumens<\/p>\n<p>If you compare the actual output value of 87.6 watts &amp; 6,012 lumens, it can be compared with almost 6 halogen lamps with 55W that have a light value of about 1,000 lumens (+-200lm).<\/p>\n<p><strong>Size<\/strong><br \/>\n36cm<\/p>\n<p><strong>volts<\/strong><br \/>\n10-32<\/p>\n<p><strong>Areas of use<\/strong><br \/>\nPassenger car | Commercial vehicle | Van | Lorry | Pickup truck<\/p>\n<p><strong>Choice of reflector \/ light pattern on LED Ramp<\/strong><br \/>\nSpot &amp; Driving<\/p>\n<p>Spot: Optimised for maximum range, narrow light pattern. Suitable for those who prioritise range of light or at higher speeds where the focus is naturally on longer distances.<\/p>\n<p>Driving: Optimised for wide beam with reduced range. Also called far light image. Suitable for those looking for a wide light for better side visibility.<\/p>","protected":false},"excerpt":{"rendered":"<p><i>Luxtar\u00ae X12 Black Edition has a light intensity of 6013 lumens and is 36 cm long. The brightness can be compared to 6 original halogen 55w | 1000 Lumen (+-200 lm). <\/i><\/p>","protected":false},"featured_media":11241,"comment_status":"closed","ping_status":"closed","template":"","meta":{"_acf_changed":false,"_smort_price_nok":"1469","_smort_price_dkk":"1422","_smort_price_eur":"190.45","_smort_sale_price_nok":"","_smort_sale_price_dkk":"","_smort_sale_price_eur":"","smort_restorder":"","shipmondo_restorder":"","_kad_blocks_custom_css":"","_kad_blocks_head_custom_js":"","_kad_blocks_body_custom_js":"","_kad_blocks_footer_custom_js":"","smort_custom_pricelist_1":null,"smort_custom_pricelist_2":null,"smort_custom_pricelist_3":null,"smort_custom_pricelist_4":null,"smort_custom_pricelist_5":null},"anvandningsomrade":[],"bilmarken":[],"product_brand":[103],"product_cat":[2966,2539,2826,2822,2824,2541,2160,1402],"product_tag":[],"class_list":{"0":"post-11807","1":"product","2":"type-product","3":"status-publish","4":"has-post-thumbnail","6":"product_brand-luxtar","7":"product_cat-ledramp-rak","8":"product_cat-ledramper","9":"product_cat-luxtar","10":"product_cat-luxtar-arbetsljus","11":"product_cat-luxtar-ledramper","12":"product_cat-luxtar-x-serie-black-ledramper","13":"product_cat-luxtar-x-serie-black","14":"product_cat-outlet","15":"pa_faktisk-effekts-forbrukning-2359","16":"pa_fuktskydd-varde-ipxx-ip68","17":"pa_godkannande-ce-emc-rohs","18":"pa_lampsockel-kontakt-hb4-9006","19":"pa_led-chips-effekt-w-310","20":"pa_ljusbild-driving","21":"pa_ljusbild-spot","22":"pa_storlek-mm-362x63x85","23":"pa_stromforbrukning-36a-24v","24":"pa_stromforbrukning-64a-137v","25":"pa_volt-v-multivolt-9-12-14-18-24-28-32","27":"first","28":"instock","29":"taxable","30":"shipping-taxable","31":"purchasable","32":"product-type-variable"},"bundled_by":[],"bundle_stock_status":"instock","bundle_stock_quantity":null,"bundle_virtual":false,"bundle_layout":"","bundle_add_to_cart_form_location":"","bundle_editable_in_cart":false,"bundle_sold_individually_context":"","bundle_item_grouping":"","bundle_min_size":"","bundle_max_size":"","bundle_price":[],"bundled_items":[],"bundle_sell_ids":[],"acf":[],"yoast_head":"<!-- This site is optimized with the Yoast SEO plugin v27.0 - https:\/\/yoast.com\/product\/yoast-seo-wordpress\/ -->\n<title>LUXTAR\u00ae Ledramp X12 Black Edition 120W  - Xenonkungen<\/title>\n<meta name=\"robots\" content=\"index, follow, max-snippet:-1, max-image-preview:large, max-video-preview:-1\" \/>\n<link rel=\"canonical\" href=\"https:\/\/xenonkungen.com\/en\/product\/luxtar-led-ramp-x12-black-edition-120w\/\" \/>\n<meta property=\"og:locale\" content=\"en_GB\" \/>\n<meta property=\"og:type\" content=\"article\" \/>\n<meta property=\"og:title\" content=\"LUXTAR\u00ae Ledramp X12 Black Edition 120W  - Xenonkungen\" \/>\n<meta property=\"og:description\" content=\"Luxtar\u00ae X12 Black Edition har en ljusintensitet p\u00e5 6013 lumen och \u00e4r 36 cm l\u00e5ng. Ljusstyrkan kan j\u00e4mf\u00f6ras med 6 original halogen p\u00e5 55w | 1 000 Lumen (+-200 lm).\" \/>\n<meta property=\"og:url\" content=\"https:\/\/xenonkungen.com\/en\/product\/luxtar-led-ramp-x12-black-edition-120w\/\" \/>\n<meta property=\"og:site_name\" content=\"Xenonkungen\" \/>\n<meta property=\"article:modified_time\" content=\"2026-03-25T13:30:07+00:00\" \/>\n<meta property=\"og:image\" content=\"https:\/\/xenonkungen.com\/wp-content\/uploads\/2025\/06\/184973411-origpic-d8b557.png\" \/>\n\t<meta property=\"og:image:width\" content=\"1000\" \/>\n\t<meta property=\"og:image:height\" content=\"867\" \/>\n\t<meta property=\"og:image:type\" content=\"image\/png\" \/>\n<meta name=\"twitter:card\" content=\"summary_large_image\" \/>\n<meta name=\"twitter:label1\" content=\"Estimated reading time\" \/>\n\t<meta name=\"twitter:data1\" content=\"1 minute\" \/>\n<script type=\"application\/ld+json\" class=\"yoast-schema-graph\">{\"@context\":\"https:\/\/schema.org\",\"@graph\":[{\"@type\":\"WebPage\",\"@id\":\"https:\/\/xenonkungen.com\/produkt\/luxtar-ledramp-x12-black-edition-120w\/\",\"url\":\"https:\/\/xenonkungen.com\/produkt\/luxtar-ledramp-x12-black-edition-120w\/\",\"name\":\"LUXTAR\u00ae Ledramp X12 Black Edition 120W - Xenonkungen\",\"isPartOf\":{\"@id\":\"https:\/\/xenonkungen.com\/#website\"},\"primaryImageOfPage\":{\"@id\":\"https:\/\/xenonkungen.com\/produkt\/luxtar-ledramp-x12-black-edition-120w\/#primaryimage\"},\"image\":{\"@id\":\"https:\/\/xenonkungen.com\/produkt\/luxtar-ledramp-x12-black-edition-120w\/#primaryimage\"},\"thumbnailUrl\":\"https:\/\/xenonkungen.com\/wp-content\/uploads\/2025\/06\/184973411-origpic-d8b557.png\",\"datePublished\":\"2025-06-23T13:52:24+00:00\",\"dateModified\":\"2026-03-25T13:30:07+00:00\",\"breadcrumb\":{\"@id\":\"https:\/\/xenonkungen.com\/produkt\/luxtar-ledramp-x12-black-edition-120w\/#breadcrumb\"},\"inLanguage\":\"en-GB\",\"potentialAction\":[{\"@type\":\"ReadAction\",\"target\":[\"https:\/\/xenonkungen.com\/produkt\/luxtar-ledramp-x12-black-edition-120w\/\"]}]},{\"@type\":\"ImageObject\",\"inLanguage\":\"en-GB\",\"@id\":\"https:\/\/xenonkungen.com\/produkt\/luxtar-ledramp-x12-black-edition-120w\/#primaryimage\",\"url\":\"https:\/\/xenonkungen.com\/wp-content\/uploads\/2025\/06\/184973411-origpic-d8b557.png\",\"contentUrl\":\"https:\/\/xenonkungen.com\/wp-content\/uploads\/2025\/06\/184973411-origpic-d8b557.png\",\"width\":1000,\"height\":867},{\"@type\":\"BreadcrumbList\",\"@id\":\"https:\/\/xenonkungen.com\/produkt\/luxtar-ledramp-x12-black-edition-120w\/#breadcrumb\",\"itemListElement\":[{\"@type\":\"ListItem\",\"position\":1,\"name\":\"Hem\",\"item\":\"https:\/\/xenonkungen.com\/\"},{\"@type\":\"ListItem\",\"position\":2,\"name\":\"Shop\",\"item\":\"https:\/\/xenonkungen.com\/shop\/\"},{\"@type\":\"ListItem\",\"position\":3,\"name\":\"LUXTAR\u00ae Ledramp X12 Black Edition 120W\"}]},{\"@type\":\"WebSite\",\"@id\":\"https:\/\/xenonkungen.com\/#website\",\"url\":\"https:\/\/xenonkungen.com\/\",\"name\":\"Xenonkungen\",\"description\":\"\",\"potentialAction\":[{\"@type\":\"SearchAction\",\"target\":{\"@type\":\"EntryPoint\",\"urlTemplate\":\"https:\/\/xenonkungen.com\/?s={search_term_string}\"},\"query-input\":{\"@type\":\"PropertyValueSpecification\",\"valueRequired\":true,\"valueName\":\"search_term_string\"}}],\"inLanguage\":\"en-GB\"}]}<\/script>\n<!-- \/ Yoast SEO plugin. -->","yoast_head_json":{"title":"LUXTAR\u00ae LED ramp X12 Black Edition 120W - The Xenon king","robots":{"index":"index","follow":"follow","max-snippet":"max-snippet:-1","max-image-preview":"max-image-preview:large","max-video-preview":"max-video-preview:-1"},"canonical":"https:\/\/xenonkungen.com\/en\/product\/luxtar-led-ramp-x12-black-edition-120w\/","og_locale":"en_GB","og_type":"article","og_title":"LUXTAR\u00ae Ledramp X12 Black Edition 120W  - Xenonkungen","og_description":"Luxtar\u00ae X12 Black Edition har en ljusintensitet p\u00e5 6013 lumen och \u00e4r 36 cm l\u00e5ng. Ljusstyrkan kan j\u00e4mf\u00f6ras med 6 original halogen p\u00e5 55w | 1 000 Lumen (+-200 lm).","og_url":"https:\/\/xenonkungen.com\/en\/product\/luxtar-led-ramp-x12-black-edition-120w\/","og_site_name":"Xenonkungen","article_modified_time":"2026-03-25T13:30:07+00:00","og_image":[{"width":1000,"height":867,"url":"https:\/\/xenonkungen.com\/wp-content\/uploads\/2025\/06\/184973411-origpic-d8b557.png","type":"image\/png"}],"twitter_card":"summary_large_image","twitter_misc":{"Estimated reading time":"1 minute"},"schema":{"@context":"https:\/\/schema.org","@graph":[{"@type":"WebPage","@id":"https:\/\/xenonkungen.com\/produkt\/luxtar-ledramp-x12-black-edition-120w\/","url":"https:\/\/xenonkungen.com\/produkt\/luxtar-ledramp-x12-black-edition-120w\/","name":"LUXTAR\u00ae Led ramp X12 Black Edition 120W - The Xenon King","isPartOf":{"@id":"https:\/\/xenonkungen.com\/#website"},"primaryImageOfPage":{"@id":"https:\/\/xenonkungen.com\/produkt\/luxtar-ledramp-x12-black-edition-120w\/#primaryimage"},"image":{"@id":"https:\/\/xenonkungen.com\/produkt\/luxtar-ledramp-x12-black-edition-120w\/#primaryimage"},"thumbnailUrl":"https:\/\/xenonkungen.com\/wp-content\/uploads\/2025\/06\/184973411-origpic-d8b557.png","datePublished":"2025-06-23T13:52:24+00:00","dateModified":"2026-03-25T13:30:07+00:00","breadcrumb":{"@id":"https:\/\/xenonkungen.com\/produkt\/luxtar-ledramp-x12-black-edition-120w\/#breadcrumb"},"inLanguage":"en-GB","potentialAction":[{"@type":"ReadAction","target":["https:\/\/xenonkungen.com\/produkt\/luxtar-ledramp-x12-black-edition-120w\/"]}]},{"@type":"ImageObject","inLanguage":"en-GB","@id":"https:\/\/xenonkungen.com\/produkt\/luxtar-ledramp-x12-black-edition-120w\/#primaryimage","url":"https:\/\/xenonkungen.com\/wp-content\/uploads\/2025\/06\/184973411-origpic-d8b557.png","contentUrl":"https:\/\/xenonkungen.com\/wp-content\/uploads\/2025\/06\/184973411-origpic-d8b557.png","width":1000,"height":867},{"@type":"BreadcrumbList","@id":"https:\/\/xenonkungen.com\/produkt\/luxtar-ledramp-x12-black-edition-120w\/#breadcrumb","itemListElement":[{"@type":"ListItem","position":1,"name":"Hem","item":"https:\/\/xenonkungen.com\/"},{"@type":"ListItem","position":2,"name":"Shop","item":"https:\/\/xenonkungen.com\/shop\/"},{"@type":"ListItem","position":3,"name":"LUXTAR\u00ae Ledramp X12 Black Edition 120W"}]},{"@type":"WebSite","@id":"https:\/\/xenonkungen.com\/#website","url":"https:\/\/xenonkungen.com\/","name":"Xenonkungen","description":"","potentialAction":[{"@type":"SearchAction","target":{"@type":"EntryPoint","urlTemplate":"https:\/\/xenonkungen.com\/?s={search_term_string}"},"query-input":{"@type":"PropertyValueSpecification","valueRequired":true,"valueName":"search_term_string"}}],"inLanguage":"en-GB"}]}},"taxonomy_info":{"product_brand":[{"value":103,"label":"LUXTAR"}],"product_cat":[{"value":2966,"label":"Ledramp Rak"},{"value":2539,"label":"LEDRAMPER"},{"value":2826,"label":"LUXTAR"},{"value":2822,"label":"Luxtar - Arbetsljus"},{"value":2824,"label":"Luxtar - Ledramper"},{"value":2541,"label":"Luxtar X-Serie Black"},{"value":2160,"label":"LUXTAR X-serie Black"},{"value":1402,"label":"Outlet"}],"pa_faktisk-effekts-forbrukning":[{"value":2359,"label":"87,6"}],"pa_fuktskydd-varde-ipxx":[{"value":177,"label":"IP68"}],"pa_godkannande":[{"value":325,"label":"CE, EMC, RoHS"}],"pa_lampsockel-kontakt":[{"value":328,"label":"HB4 , 9006"}],"pa_led-chips-effekt-w":[{"value":310,"label":"120"}],"pa_ljusbild":[{"value":178,"label":"Driving"},{"value":1177,"label":"Spot"}],"pa_storlek-mm":[{"value":2435,"label":"362x63x85"}],"pa_stromforbrukning":[{"value":2361,"label":"3,6A @24V"},{"value":2360,"label":"6,4A @13,7V"}],"pa_volt-v":[{"value":321,"label":"Multivolt, 9, 12, 14, 18, 24, 28, 32"}]},"featured_image_src_large":["https:\/\/xenonkungen.com\/wp-content\/uploads\/2025\/06\/184973411-origpic-d8b557.png",1000,867,false],"author_info":[],"comment_info":0,"_links":{"self":[{"href":"https:\/\/xenonkungen.com\/en\/wp-json\/wp\/v2\/product\/11807","targetHints":{"allow":["GET"]}}],"collection":[{"href":"https:\/\/xenonkungen.com\/en\/wp-json\/wp\/v2\/product"}],"about":[{"href":"https:\/\/xenonkungen.com\/en\/wp-json\/wp\/v2\/types\/product"}],"replies":[{"embeddable":true,"href":"https:\/\/xenonkungen.com\/en\/wp-json\/wp\/v2\/comments?post=11807"}],"wp:featuredmedia":[{"embeddable":true,"href":"https:\/\/xenonkungen.com\/en\/wp-json\/wp\/v2\/media\/11241"}],"wp:attachment":[{"href":"https:\/\/xenonkungen.com\/en\/wp-json\/wp\/v2\/media?parent=11807"}],"wp:term":[{"taxonomy":"anvandningsomrade","embeddable":true,"href":"https:\/\/xenonkungen.com\/en\/wp-json\/wp\/v2\/anvandningsomrade?post=11807"},{"taxonomy":"bilmarken","embeddable":true,"href":"https:\/\/xenonkungen.com\/en\/wp-json\/wp\/v2\/bilmarken?post=11807"},{"taxonomy":"product_brand","embeddable":true,"href":"https:\/\/xenonkungen.com\/en\/wp-json\/wp\/v2\/product_brand?post=11807"},{"taxonomy":"product_cat","embeddable":true,"href":"https:\/\/xenonkungen.com\/en\/wp-json\/wp\/v2\/product_cat?post=11807"},{"taxonomy":"product_tag","embeddable":true,"href":"https:\/\/xenonkungen.com\/en\/wp-json\/wp\/v2\/product_tag?post=11807"}],"curies":[{"name":"wp","href":"https:\/\/api.w.org\/{rel}","templated":true}]}}