{"id":11816,"date":"2025-06-23T13:52:27","date_gmt":"2025-06-23T13:52:27","guid":{"rendered":"https:\/\/xenonkungen.com\/produkt\/luxtar-x20-black-edition-200w-utsedd-till-basta-led-rampen\/"},"modified":"2026-05-13T16:12:58","modified_gmt":"2026-05-13T15:12:58","slug":"luxtar-x20-black-edition-200w-named-best-led-light-bar","status":"publish","type":"product","link":"https:\/\/xenonkungen.com\/en\/product\/luxtar-x20-black-edition-200w-named-best-led-light-bar\/","title":{"rendered":"LUXTAR X20 Black Edition 200W <57cm> Awarded Best LED Ramp"},"content":{"rendered":"<h2><strong>LUXTAR\u00ae Ledramp X20 Black Edition<\/strong><\/h2>\n<p>The Luxtar\u00ae X20 Black Edition LED ramp is 57cm and delivers a whopping 10,021 actual lumens. It has an amazing light output that really lights up the dark roads. The Black Edition also offers a discreet design for better aesthetics.<\/p>\n<p>You can't get a better WOW feeling in the price range 3000 SEK-6000 SEK<\/p>\n<p>X20 Driving has a range of 1 Lux at approx. 510 metres which decreases to 0.25 Lux at approx. 720 metres and is also E-approved. Driving reflectors provide a wide and nice light image over the entire road and are the most popular choice of our LED ramp models.<\/p>\n<p>X20 Spot has a considerably longer range of 1 Lux at 720 metres, about 40% difference. X20 Spot has a narrower beam pattern than Driving and is suitable for those who prioritise long range over a wide beam pattern.<\/p>\n<p><strong>Theoretical values of LED ramp<\/strong><br \/>\n200 W &amp; 12 450 lumens<\/p>\n<p>Luxtar Led ramp X 20 has a theoretical value of 200 W and 12,450 lumens. When choosing between other products on the market, it is important to keep these values in mind.<\/p>\n<p><strong>Actual Values of LED Ramp<\/strong><br \/>\n151..2W &amp; 10 021 lumens<\/p>\n<p>The actual output of 10,021 lumens is more than 10 times the light output of a 55W halogen (1000 lumens + 200lm).<\/p>\n<p><strong>Size<\/strong><br \/>\n57cm<\/p>\n<p><strong>volts<\/strong><br \/>\n10-32<\/p>\n<p><strong>Areas of use<\/strong><br \/>\nPassenger car | Commercial vehicle | Transport vehicle | Lorry<\/p>\n<p><strong>Choice of reflector \/ light pattern on LED Ramp<\/strong><br \/>\nSpot &amp; Driving<\/p>\n<p>Spot: Optimised for maximum reach, narrow light pattern. Suitable for those who prioritise the range of the light. The X20 Spot has a significantly longer range than the Driving with 1 Lux at 720 metres, which is a difference of approximately 40 %. The narrower beam pattern is more suitable for those travelling on long open motorways where range is of great importance.<\/p>\n<p>Driving: Optimised for wide beam with reduced range. Also known as a long-range light pattern, it is suitable for those looking for a wide light for better side visibility (see image below). Luxtar X20 Driving performs 1 lux at 510 metres and 0.25 lux at 720 metres and is also E-approved.<\/p>","protected":false},"excerpt":{"rendered":"<p><i>Now the test winner and one of Sweden's most popular Led ramp models is available in a toned-down design that is more discreet and blends in. The X series has a distinctive design that is visible on the unique reflectors with side-mounted diode lamps and thus provides an improved performance. <\/i><\/p>\n<p>The Luxtar X20 was crowned best led ramp in 2021, 2022 and 2023 in the category, best value for money.<\/p>\n<p>Also sold in packs: <a href=\"https:\/\/www.xenonkungen.com\/se\/produkter\/extraljus\/extraljus-paket\/ljusramp-paket-x20-driving-bast.html\">Luxtar X20 with recessed bracket<\/a><\/p>","protected":false},"featured_media":11267,"comment_status":"closed","ping_status":"closed","template":"","meta":{"_acf_changed":false,"_smort_price_nok":"3199","_smort_price_dkk":"2032","_smort_price_eur":"272.26","_smort_sale_price_nok":"","_smort_sale_price_dkk":"","_smort_sale_price_eur":"","smort_restorder":"","shipmondo_restorder":"","_kad_blocks_custom_css":"","_kad_blocks_head_custom_js":"","_kad_blocks_body_custom_js":"","_kad_blocks_footer_custom_js":"","smort_custom_pricelist_1":"","smort_custom_pricelist_2":"","smort_custom_pricelist_3":"","smort_custom_pricelist_4":"","smort_custom_pricelist_5":""},"anvandningsomrade":[],"bilmarken":[],"product_brand":[103],"product_cat":[2966,2539,2826,2541,2160],"product_tag":[],"class_list":{"0":"post-11816","1":"product","2":"type-product","3":"status-publish","4":"has-post-thumbnail","6":"product_brand-luxtar","7":"product_cat-ledramp-rak","8":"product_cat-ledramper","9":"product_cat-luxtar","10":"product_cat-luxtar-x-serie-black-ledramper","11":"product_cat-luxtar-x-serie-black","12":"pa_faktisk-effekts-forbrukning-2198","13":"pa_fuktskydd-varde-ipxx-ip68","14":"pa_godkannande-ce-emc-rohs","15":"pa_lampsockel-kontakt-hb4-9006","16":"pa_led-chips-effekt-w-1025","17":"pa_ljusbild-driving","18":"pa_ljusbild-spot","19":"pa_storlek-mm-570x63x85","20":"pa_stromforbrukning-121a-137v","21":"pa_stromforbrukning-62a-24v","22":"pa_volt-v-multivolt-9-12-14-18-24-28-32","24":"first","25":"instock","26":"taxable","27":"shipping-taxable","28":"purchasable","29":"product-type-variable"},"bundled_by":[],"bundle_stock_status":"instock","bundle_stock_quantity":null,"bundle_virtual":false,"bundle_layout":"","bundle_add_to_cart_form_location":"","bundle_editable_in_cart":false,"bundle_sold_individually_context":"","bundle_item_grouping":"","bundle_min_size":"","bundle_max_size":"","bundle_price":[],"bundled_items":[],"bundle_sell_ids":[],"acf":[],"yoast_head":"<!-- This site is optimized with the Yoast SEO plugin v27.0 - https:\/\/yoast.com\/product\/yoast-seo-wordpress\/ -->\n<title>LUXTAR X20 Black Edition 200W  Utsedd till B\u00e4sta LED-rampen - Xenonkungen<\/title>\n<meta name=\"robots\" content=\"index, follow, max-snippet:-1, max-image-preview:large, max-video-preview:-1\" \/>\n<link rel=\"canonical\" href=\"https:\/\/xenonkungen.com\/en\/product\/luxtar-x20-black-edition-200w-named-best-led-light-bar\/\" \/>\n<meta property=\"og:locale\" content=\"en_GB\" \/>\n<meta property=\"og:type\" content=\"article\" \/>\n<meta property=\"og:title\" content=\"LUXTAR X20 Black Edition 200W  Utsedd till B\u00e4sta LED-rampen - Xenonkungen\" \/>\n<meta property=\"og:description\" content=\"Nu finns testvinnaren och en av Sveriges mest popul\u00e4ra Led ramp modeller i en nedtonad design som \u00e4r mer diskret och sm\u00e4lter in. X-serien har en distinkt design som syns p\u00e5 de unika reflektorerna med sidomonterade diodlampor och ger d\u00e4rmed en f\u00f6rb\u00e4ttrad prestanda.   Luxtar X20 blev korad b\u00e4sta led rampen \u00e5r 2021, 2022 och 2023 i kategorin, mest f\u00f6r pengarna.  S\u00e4ljs \u00e4ven i paket: Luxtar X20 med inf\u00e4llnadsf\u00e4ste\" \/>\n<meta property=\"og:url\" content=\"https:\/\/xenonkungen.com\/en\/product\/luxtar-x20-black-edition-200w-named-best-led-light-bar\/\" \/>\n<meta property=\"og:site_name\" content=\"Xenonkungen\" \/>\n<meta property=\"article:modified_time\" content=\"2026-05-13T15:12:58+00:00\" \/>\n<meta property=\"og:image\" content=\"https:\/\/xenonkungen.com\/wp-content\/uploads\/2025\/06\/184973327-origpic-594dd0.png\" \/>\n\t<meta property=\"og:image:width\" content=\"1000\" \/>\n\t<meta property=\"og:image:height\" content=\"716\" \/>\n\t<meta property=\"og:image:type\" content=\"image\/png\" \/>\n<meta name=\"twitter:card\" content=\"summary_large_image\" \/>\n<meta name=\"twitter:label1\" content=\"Estimated reading time\" \/>\n\t<meta name=\"twitter:data1\" content=\"2 minutes\" \/>\n<script type=\"application\/ld+json\" class=\"yoast-schema-graph\">{\"@context\":\"https:\/\/schema.org\",\"@graph\":[{\"@type\":\"WebPage\",\"@id\":\"https:\/\/xenonkungen.com\/produkt\/luxtar-x20-black-edition-200w-utsedd-till-basta-led-rampen\/\",\"url\":\"https:\/\/xenonkungen.com\/produkt\/luxtar-x20-black-edition-200w-utsedd-till-basta-led-rampen\/\",\"name\":\"LUXTAR X20 Black Edition 200W Utsedd till B\u00e4sta LED-rampen - Xenonkungen\",\"isPartOf\":{\"@id\":\"https:\/\/xenonkungen.com\/#website\"},\"primaryImageOfPage\":{\"@id\":\"https:\/\/xenonkungen.com\/produkt\/luxtar-x20-black-edition-200w-utsedd-till-basta-led-rampen\/#primaryimage\"},\"image\":{\"@id\":\"https:\/\/xenonkungen.com\/produkt\/luxtar-x20-black-edition-200w-utsedd-till-basta-led-rampen\/#primaryimage\"},\"thumbnailUrl\":\"https:\/\/xenonkungen.com\/wp-content\/uploads\/2025\/06\/184973327-origpic-594dd0.png\",\"datePublished\":\"2025-06-23T13:52:27+00:00\",\"dateModified\":\"2026-05-13T15:12:58+00:00\",\"breadcrumb\":{\"@id\":\"https:\/\/xenonkungen.com\/produkt\/luxtar-x20-black-edition-200w-utsedd-till-basta-led-rampen\/#breadcrumb\"},\"inLanguage\":\"en-GB\",\"potentialAction\":[{\"@type\":\"ReadAction\",\"target\":[\"https:\/\/xenonkungen.com\/produkt\/luxtar-x20-black-edition-200w-utsedd-till-basta-led-rampen\/\"]}]},{\"@type\":\"ImageObject\",\"inLanguage\":\"en-GB\",\"@id\":\"https:\/\/xenonkungen.com\/produkt\/luxtar-x20-black-edition-200w-utsedd-till-basta-led-rampen\/#primaryimage\",\"url\":\"https:\/\/xenonkungen.com\/wp-content\/uploads\/2025\/06\/184973327-origpic-594dd0.png\",\"contentUrl\":\"https:\/\/xenonkungen.com\/wp-content\/uploads\/2025\/06\/184973327-origpic-594dd0.png\",\"width\":1000,\"height\":716},{\"@type\":\"BreadcrumbList\",\"@id\":\"https:\/\/xenonkungen.com\/produkt\/luxtar-x20-black-edition-200w-utsedd-till-basta-led-rampen\/#breadcrumb\",\"itemListElement\":[{\"@type\":\"ListItem\",\"position\":1,\"name\":\"Hem\",\"item\":\"https:\/\/xenonkungen.com\/\"},{\"@type\":\"ListItem\",\"position\":2,\"name\":\"Shop\",\"item\":\"https:\/\/xenonkungen.com\/shop\/\"},{\"@type\":\"ListItem\",\"position\":3,\"name\":\"LUXTAR X20 Black Edition 200W Utsedd till B\u00e4sta LED-rampen\"}]},{\"@type\":\"WebSite\",\"@id\":\"https:\/\/xenonkungen.com\/#website\",\"url\":\"https:\/\/xenonkungen.com\/\",\"name\":\"Xenonkungen\",\"description\":\"\",\"potentialAction\":[{\"@type\":\"SearchAction\",\"target\":{\"@type\":\"EntryPoint\",\"urlTemplate\":\"https:\/\/xenonkungen.com\/?s={search_term_string}\"},\"query-input\":{\"@type\":\"PropertyValueSpecification\",\"valueRequired\":true,\"valueName\":\"search_term_string\"}}],\"inLanguage\":\"en-GB\"}]}<\/script>\n<!-- \/ Yoast SEO plugin. -->","yoast_head_json":{"title":"LUXTAR X20 Black Edition 200W Named Best LED Light Bar - Xenon King","robots":{"index":"index","follow":"follow","max-snippet":"max-snippet:-1","max-image-preview":"max-image-preview:large","max-video-preview":"max-video-preview:-1"},"canonical":"https:\/\/xenonkungen.com\/en\/product\/luxtar-x20-black-edition-200w-named-best-led-light-bar\/","og_locale":"en_GB","og_type":"article","og_title":"LUXTAR X20 Black Edition 200W  Utsedd till B\u00e4sta LED-rampen - Xenonkungen","og_description":"Nu finns testvinnaren och en av Sveriges mest popul\u00e4ra Led ramp modeller i en nedtonad design som \u00e4r mer diskret och sm\u00e4lter in. X-serien har en distinkt design som syns p\u00e5 de unika reflektorerna med sidomonterade diodlampor och ger d\u00e4rmed en f\u00f6rb\u00e4ttrad prestanda.   Luxtar X20 blev korad b\u00e4sta led rampen \u00e5r 2021, 2022 och 2023 i kategorin, mest f\u00f6r pengarna.  S\u00e4ljs \u00e4ven i paket: Luxtar X20 med inf\u00e4llnadsf\u00e4ste","og_url":"https:\/\/xenonkungen.com\/en\/product\/luxtar-x20-black-edition-200w-named-best-led-light-bar\/","og_site_name":"Xenonkungen","article_modified_time":"2026-05-13T15:12:58+00:00","og_image":[{"width":1000,"height":716,"url":"https:\/\/xenonkungen.com\/wp-content\/uploads\/2025\/06\/184973327-origpic-594dd0.png","type":"image\/png"}],"twitter_card":"summary_large_image","twitter_misc":{"Estimated reading time":"2 minutes"},"schema":{"@context":"https:\/\/schema.org","@graph":[{"@type":"WebPage","@id":"https:\/\/xenonkungen.com\/produkt\/luxtar-x20-black-edition-200w-utsedd-till-basta-led-rampen\/","url":"https:\/\/xenonkungen.com\/produkt\/luxtar-x20-black-edition-200w-utsedd-till-basta-led-rampen\/","name":"LUXTAR X20 Black Edition 200W Named Best LED Light Bar - Xenon King","isPartOf":{"@id":"https:\/\/xenonkungen.com\/#website"},"primaryImageOfPage":{"@id":"https:\/\/xenonkungen.com\/produkt\/luxtar-x20-black-edition-200w-utsedd-till-basta-led-rampen\/#primaryimage"},"image":{"@id":"https:\/\/xenonkungen.com\/produkt\/luxtar-x20-black-edition-200w-utsedd-till-basta-led-rampen\/#primaryimage"},"thumbnailUrl":"https:\/\/xenonkungen.com\/wp-content\/uploads\/2025\/06\/184973327-origpic-594dd0.png","datePublished":"2025-06-23T13:52:27+00:00","dateModified":"2026-05-13T15:12:58+00:00","breadcrumb":{"@id":"https:\/\/xenonkungen.com\/produkt\/luxtar-x20-black-edition-200w-utsedd-till-basta-led-rampen\/#breadcrumb"},"inLanguage":"en-GB","potentialAction":[{"@type":"ReadAction","target":["https:\/\/xenonkungen.com\/produkt\/luxtar-x20-black-edition-200w-utsedd-till-basta-led-rampen\/"]}]},{"@type":"ImageObject","inLanguage":"en-GB","@id":"https:\/\/xenonkungen.com\/produkt\/luxtar-x20-black-edition-200w-utsedd-till-basta-led-rampen\/#primaryimage","url":"https:\/\/xenonkungen.com\/wp-content\/uploads\/2025\/06\/184973327-origpic-594dd0.png","contentUrl":"https:\/\/xenonkungen.com\/wp-content\/uploads\/2025\/06\/184973327-origpic-594dd0.png","width":1000,"height":716},{"@type":"BreadcrumbList","@id":"https:\/\/xenonkungen.com\/produkt\/luxtar-x20-black-edition-200w-utsedd-till-basta-led-rampen\/#breadcrumb","itemListElement":[{"@type":"ListItem","position":1,"name":"Hem","item":"https:\/\/xenonkungen.com\/"},{"@type":"ListItem","position":2,"name":"Shop","item":"https:\/\/xenonkungen.com\/shop\/"},{"@type":"ListItem","position":3,"name":"LUXTAR X20 Black Edition 200W Utsedd till B\u00e4sta LED-rampen"}]},{"@type":"WebSite","@id":"https:\/\/xenonkungen.com\/#website","url":"https:\/\/xenonkungen.com\/","name":"Xenonkungen","description":"","potentialAction":[{"@type":"SearchAction","target":{"@type":"EntryPoint","urlTemplate":"https:\/\/xenonkungen.com\/?s={search_term_string}"},"query-input":{"@type":"PropertyValueSpecification","valueRequired":true,"valueName":"search_term_string"}}],"inLanguage":"en-GB"}]}},"taxonomy_info":{"product_brand":[{"value":103,"label":"LUXTAR"}],"product_cat":[{"value":2966,"label":"Ledramp Rak"},{"value":2539,"label":"LEDRAMPER"},{"value":2826,"label":"LUXTAR"},{"value":2541,"label":"Luxtar X-Serie Black"},{"value":2160,"label":"LUXTAR X-serie B"}],"pa_faktisk-effekts-forbrukning":[{"value":2198,"label":"151,2"}],"pa_fuktskydd-varde-ipxx":[{"value":177,"label":"IP68"}],"pa_godkannande":[{"value":325,"label":"CE, EMC, RoHS"}],"pa_lampsockel-kontakt":[{"value":328,"label":"HB4 , 9006"}],"pa_led-chips-effekt-w":[{"value":1025,"label":"200"}],"pa_ljusbild":[{"value":178,"label":"Driving"},{"value":1177,"label":"Spot"}],"pa_storlek-mm":[{"value":2197,"label":"570x63x85"}],"pa_stromforbrukning":[{"value":2367,"label":"12,1A @13,7V"},{"value":2275,"label":"6,2A @24V"}],"pa_volt-v":[{"value":321,"label":"Multivolt, 9, 12, 14, 18, 24, 28, 32"}]},"featured_image_src_large":["https:\/\/xenonkungen.com\/wp-content\/uploads\/2025\/06\/184973327-origpic-594dd0.png",1000,716,false],"author_info":[],"comment_info":4,"_links":{"self":[{"href":"https:\/\/xenonkungen.com\/en\/wp-json\/wp\/v2\/product\/11816","targetHints":{"allow":["GET"]}}],"collection":[{"href":"https:\/\/xenonkungen.com\/en\/wp-json\/wp\/v2\/product"}],"about":[{"href":"https:\/\/xenonkungen.com\/en\/wp-json\/wp\/v2\/types\/product"}],"replies":[{"embeddable":true,"href":"https:\/\/xenonkungen.com\/en\/wp-json\/wp\/v2\/comments?post=11816"}],"wp:featuredmedia":[{"embeddable":true,"href":"https:\/\/xenonkungen.com\/en\/wp-json\/wp\/v2\/media\/11267"}],"wp:attachment":[{"href":"https:\/\/xenonkungen.com\/en\/wp-json\/wp\/v2\/media?parent=11816"}],"wp:term":[{"taxonomy":"anvandningsomrade","embeddable":true,"href":"https:\/\/xenonkungen.com\/en\/wp-json\/wp\/v2\/anvandningsomrade?post=11816"},{"taxonomy":"bilmarken","embeddable":true,"href":"https:\/\/xenonkungen.com\/en\/wp-json\/wp\/v2\/bilmarken?post=11816"},{"taxonomy":"product_brand","embeddable":true,"href":"https:\/\/xenonkungen.com\/en\/wp-json\/wp\/v2\/product_brand?post=11816"},{"taxonomy":"product_cat","embeddable":true,"href":"https:\/\/xenonkungen.com\/en\/wp-json\/wp\/v2\/product_cat?post=11816"},{"taxonomy":"product_tag","embeddable":true,"href":"https:\/\/xenonkungen.com\/en\/wp-json\/wp\/v2\/product_tag?post=11816"}],"curies":[{"name":"wp","href":"https:\/\/api.w.org\/{rel}","templated":true}]}}