{"id":11852,"date":"2025-06-23T13:52:40","date_gmt":"2025-06-23T13:52:40","guid":{"rendered":"https:\/\/xenonkungen.com\/produkt\/extraljus-nbb-alpha-225-60w-xenon\/"},"modified":"2026-05-13T15:58:03","modified_gmt":"2026-05-13T14:58:03","slug":"auxiliary-light-nbb-alpha-225-60w-xenon","status":"publish","type":"product","link":"https:\/\/xenonkungen.com\/en\/product\/auxiliary-light-nbb-alpha-225-60w-xenon\/","title":{"rendered":"Extra light NBB Alpha 225 60W Xenon"},"content":{"rendered":"<p>NBB Alpha 225 Extra light with diameter <strong>225mm<\/strong> of very popular model with one of the best light patterns on the market. New model 2013 with LED position light on the upper edge.<\/p>\n<p>The option for those who prioritise the most and best possible light. In this version with effect <strong>60W xenon<\/strong>.<\/p>\n<p><strong>Question:<\/strong> Many people sell this extra light. Why buy from you?<br \/><strong>Answer:<\/strong> Yes, but only our version has the HNS-6 ballast. The best we have had and know of in the aftermarket and comes with a 3 year warranty.<\/p>\n<p>Luminous flux 5600 lumens (4300K).<\/p>\n<p>Lamp housing: NBB 225 Alpha LED, popular bestseller that fulfils high quality requirements. E-marked in original halogen design. Mounted vertically.<br \/>- Glass fibre reinforced plastic<br \/>- Aluminium free-form reflector<br \/>- Clear glass lens in polycarbonate<br \/>- Light image Remote<\/p>\n<p><em>If desired, you can mount the ballast inside the lantern (see picture). However, our recommendation is external placement in the engine compartment. It reduces weight and you have something left if the auxiliary lights are stolen.<\/em><\/p>\n<p><strong>Any colour temperature (K = Kelvin):<\/strong><br \/>4300K = 5600\u00b1100 lm, Standard White<br \/>5000K = 5400\u00b1100 lm, Bright White<br \/>6000K = 4700\u00b1100 lm, Diamond white<br \/>Actual values per xenon light according to spectroanalysis.<br \/>- We recommend 4300K.<\/p>\n<p><strong>Delivery content:<\/strong><br \/>1st Extra light NBB 225 LED<br \/>1st Xenon lamp D2H Power<br \/>1st Ballast HNS-6 Super fast start <strong>12\/24V<\/strong><br \/>1 Power cable 30cm<br \/>Spare parts are available in our regular range.<\/p>\n<p><strong>Accessories for NBB225:<\/strong><br \/>- Extension cable<br \/>- relay cable<br \/>- Stone bulkhead protection<\/p>\n<p><strong>Note!<\/strong> Relay cables for standard halogen auxiliary lights are unsuitable for operating xenon lights. Most of the support questions concern this. Therefore, buy one of our customised relay cables. Available for 1, 2 or 3 extra lights.<\/p>\n<p>The auxiliary light is not E-approved in this version.<\/p>\n<p>Warranty 1 year (3 years ballast HNS-6).<\/p>","protected":false},"excerpt":{"rendered":"<p>NBB Alpha 225 Extraljus med diameter 225mm av mycket popul\u00e4r modell med ett av marknadens absolut b\u00e4sta ljusbild. Ny modell 2013 med LED positionsljus p\u00e5 \u00f6verkanten. Alternativet f\u00f6r dig som prioriterar mesta och b\u00e4sta m\u00f6jliga ljus. I detta utf\u00f6rande med effekt 60W xenon. Fr\u00e5ga: M\u00e5nga s\u00e4ljer detta extraljus. Varf\u00f6r k\u00f6pa just av er?Svar: Ja, men [&hellip;]<\/p>","protected":false},"featured_media":11347,"comment_status":"closed","ping_status":"open","template":"","meta":{"_acf_changed":false,"_smort_price_nok":"1810","_smort_price_dkk":"1150","_smort_price_eur":"154.08","_smort_sale_price_nok":"","_smort_sale_price_dkk":"","_smort_sale_price_eur":"","smort_restorder":"","shipmondo_restorder":"","_kad_blocks_custom_css":"","_kad_blocks_head_custom_js":"","_kad_blocks_body_custom_js":"","_kad_blocks_footer_custom_js":"","smort_custom_pricelist_1":"1084.8","smort_custom_pricelist_2":"1084.8","smort_custom_pricelist_3":"1030.56","smort_custom_pricelist_4":"1356","smort_custom_pricelist_5":"1084.8"},"anvandningsomrade":[],"bilmarken":[],"product_brand":[],"product_cat":[2840,2544,142],"product_tag":[],"class_list":{"0":"post-11852","1":"product","2":"type-product","3":"status-publish","4":"has-post-thumbnail","6":"product_cat-extraljus-ovriga-storlekar","7":"product_cat-nbb-xenon-led","8":"product_cat-extraljus","9":"pa_fargtemperatur-2283","10":"pa_fargtemperatur-1486","11":"pa_fargtemperatur-1428","12":"pa_volt-v-12-24","14":"first","15":"outofstock","16":"taxable","17":"shipping-taxable","18":"purchasable","19":"product-type-variable"},"bundled_by":[],"bundle_stock_status":"outofstock","bundle_stock_quantity":-427,"bundle_virtual":false,"bundle_layout":"","bundle_add_to_cart_form_location":"","bundle_editable_in_cart":false,"bundle_sold_individually_context":"","bundle_item_grouping":"","bundle_min_size":"","bundle_max_size":"","bundle_price":[],"bundled_items":[],"bundle_sell_ids":[],"acf":[],"yoast_head":"<!-- This site is optimized with the Yoast SEO plugin v27.0 - https:\/\/yoast.com\/product\/yoast-seo-wordpress\/ -->\n<title>Extraljus NBB Alpha 225 60W Xenon - Xenonkungen<\/title>\n<meta name=\"robots\" content=\"index, follow, max-snippet:-1, max-image-preview:large, max-video-preview:-1\" \/>\n<link rel=\"canonical\" href=\"https:\/\/xenonkungen.com\/en\/product\/auxiliary-light-nbb-alpha-225-60w-xenon\/\" \/>\n<meta property=\"og:locale\" content=\"en_GB\" \/>\n<meta property=\"og:type\" content=\"article\" \/>\n<meta property=\"og:title\" content=\"Extraljus NBB Alpha 225 60W Xenon - Xenonkungen\" \/>\n<meta property=\"og:description\" content=\"NBB Alpha 225 Extraljus med diameter 225mm av mycket popul\u00e4r modell med ett av marknadens absolut b\u00e4sta ljusbild. Ny modell 2013 med LED positionsljus p\u00e5 \u00f6verkanten. Alternativet f\u00f6r dig som prioriterar mesta och b\u00e4sta m\u00f6jliga ljus. I detta utf\u00f6rande med effekt 60W xenon. Fr\u00e5ga: M\u00e5nga s\u00e4ljer detta extraljus. Varf\u00f6r k\u00f6pa just av er?Svar: Ja, men [&hellip;]\" \/>\n<meta property=\"og:url\" content=\"https:\/\/xenonkungen.com\/en\/product\/auxiliary-light-nbb-alpha-225-60w-xenon\/\" \/>\n<meta property=\"og:site_name\" content=\"Xenonkungen\" \/>\n<meta property=\"article:modified_time\" content=\"2026-05-13T14:58:03+00:00\" \/>\n<meta property=\"og:image\" content=\"https:\/\/xenonkungen.com\/wp-content\/uploads\/2025\/06\/20518143-origpic-a9729f.png\" \/>\n\t<meta property=\"og:image:width\" content=\"1000\" \/>\n\t<meta property=\"og:image:height\" content=\"1000\" \/>\n\t<meta property=\"og:image:type\" content=\"image\/png\" \/>\n<meta name=\"twitter:card\" content=\"summary_large_image\" \/>\n<meta name=\"twitter:label1\" content=\"Estimated reading time\" \/>\n\t<meta name=\"twitter:data1\" content=\"1 minute\" \/>\n<script type=\"application\/ld+json\" class=\"yoast-schema-graph\">{\"@context\":\"https:\/\/schema.org\",\"@graph\":[{\"@type\":\"WebPage\",\"@id\":\"https:\/\/xenonkungen.com\/fi\/tuote\/lisavalo-nbb-alpha-225-60w-xenon\/\",\"url\":\"https:\/\/xenonkungen.com\/fi\/tuote\/lisavalo-nbb-alpha-225-60w-xenon\/\",\"name\":\"Extraljus NBB Alpha 225 60W Xenon - Xenonkungen\",\"isPartOf\":{\"@id\":\"https:\/\/xenonkungen.com\/#website\"},\"primaryImageOfPage\":{\"@id\":\"https:\/\/xenonkungen.com\/fi\/tuote\/lisavalo-nbb-alpha-225-60w-xenon\/#primaryimage\"},\"image\":{\"@id\":\"https:\/\/xenonkungen.com\/fi\/tuote\/lisavalo-nbb-alpha-225-60w-xenon\/#primaryimage\"},\"thumbnailUrl\":\"https:\/\/xenonkungen.com\/wp-content\/uploads\/2025\/06\/20518143-origpic-a9729f.png\",\"datePublished\":\"2025-06-23T13:52:40+00:00\",\"dateModified\":\"2026-05-13T14:58:03+00:00\",\"breadcrumb\":{\"@id\":\"https:\/\/xenonkungen.com\/fi\/tuote\/lisavalo-nbb-alpha-225-60w-xenon\/#breadcrumb\"},\"inLanguage\":\"en-GB\",\"potentialAction\":[{\"@type\":\"ReadAction\",\"target\":[\"https:\/\/xenonkungen.com\/fi\/tuote\/lisavalo-nbb-alpha-225-60w-xenon\/\"]}]},{\"@type\":\"ImageObject\",\"inLanguage\":\"en-GB\",\"@id\":\"https:\/\/xenonkungen.com\/fi\/tuote\/lisavalo-nbb-alpha-225-60w-xenon\/#primaryimage\",\"url\":\"https:\/\/xenonkungen.com\/wp-content\/uploads\/2025\/06\/20518143-origpic-a9729f.png\",\"contentUrl\":\"https:\/\/xenonkungen.com\/wp-content\/uploads\/2025\/06\/20518143-origpic-a9729f.png\",\"width\":1000,\"height\":1000},{\"@type\":\"BreadcrumbList\",\"@id\":\"https:\/\/xenonkungen.com\/fi\/tuote\/lisavalo-nbb-alpha-225-60w-xenon\/#breadcrumb\",\"itemListElement\":[{\"@type\":\"ListItem\",\"position\":1,\"name\":\"Hem\",\"item\":\"https:\/\/xenonkungen.com\/\"},{\"@type\":\"ListItem\",\"position\":2,\"name\":\"Shop\",\"item\":\"https:\/\/xenonkungen.com\/shop\/\"},{\"@type\":\"ListItem\",\"position\":3,\"name\":\"Extraljus NBB Alpha 225 60W Xenon\"}]},{\"@type\":\"WebSite\",\"@id\":\"https:\/\/xenonkungen.com\/#website\",\"url\":\"https:\/\/xenonkungen.com\/\",\"name\":\"Xenonkungen\",\"description\":\"\",\"potentialAction\":[{\"@type\":\"SearchAction\",\"target\":{\"@type\":\"EntryPoint\",\"urlTemplate\":\"https:\/\/xenonkungen.com\/?s={search_term_string}\"},\"query-input\":{\"@type\":\"PropertyValueSpecification\",\"valueRequired\":true,\"valueName\":\"search_term_string\"}}],\"inLanguage\":\"en-GB\"}]}<\/script>\n<!-- \/ Yoast SEO plugin. -->","yoast_head_json":{"title":"Auxiliary light NBB Alpha 225 60W Xenon - Xenonkungen","robots":{"index":"index","follow":"follow","max-snippet":"max-snippet:-1","max-image-preview":"max-image-preview:large","max-video-preview":"max-video-preview:-1"},"canonical":"https:\/\/xenonkungen.com\/en\/product\/auxiliary-light-nbb-alpha-225-60w-xenon\/","og_locale":"en_GB","og_type":"article","og_title":"Extraljus NBB Alpha 225 60W Xenon - Xenonkungen","og_description":"NBB Alpha 225 Extraljus med diameter 225mm av mycket popul\u00e4r modell med ett av marknadens absolut b\u00e4sta ljusbild. Ny modell 2013 med LED positionsljus p\u00e5 \u00f6verkanten. Alternativet f\u00f6r dig som prioriterar mesta och b\u00e4sta m\u00f6jliga ljus. I detta utf\u00f6rande med effekt 60W xenon. Fr\u00e5ga: M\u00e5nga s\u00e4ljer detta extraljus. Varf\u00f6r k\u00f6pa just av er?Svar: Ja, men [&hellip;]","og_url":"https:\/\/xenonkungen.com\/en\/product\/auxiliary-light-nbb-alpha-225-60w-xenon\/","og_site_name":"Xenonkungen","article_modified_time":"2026-05-13T14:58:03+00:00","og_image":[{"width":1000,"height":1000,"url":"https:\/\/xenonkungen.com\/wp-content\/uploads\/2025\/06\/20518143-origpic-a9729f.png","type":"image\/png"}],"twitter_card":"summary_large_image","twitter_misc":{"Estimated reading time":"1 minute"},"schema":{"@context":"https:\/\/schema.org","@graph":[{"@type":"WebPage","@id":"https:\/\/xenonkungen.com\/fi\/tuote\/lisavalo-nbb-alpha-225-60w-xenon\/","url":"https:\/\/xenonkungen.com\/fi\/tuote\/lisavalo-nbb-alpha-225-60w-xenon\/","name":"Auxiliary light NBB Alpha 225 60W Xenon - Xenonkungen","isPartOf":{"@id":"https:\/\/xenonkungen.com\/#website"},"primaryImageOfPage":{"@id":"https:\/\/xenonkungen.com\/fi\/tuote\/lisavalo-nbb-alpha-225-60w-xenon\/#primaryimage"},"image":{"@id":"https:\/\/xenonkungen.com\/fi\/tuote\/lisavalo-nbb-alpha-225-60w-xenon\/#primaryimage"},"thumbnailUrl":"https:\/\/xenonkungen.com\/wp-content\/uploads\/2025\/06\/20518143-origpic-a9729f.png","datePublished":"2025-06-23T13:52:40+00:00","dateModified":"2026-05-13T14:58:03+00:00","breadcrumb":{"@id":"https:\/\/xenonkungen.com\/fi\/tuote\/lisavalo-nbb-alpha-225-60w-xenon\/#breadcrumb"},"inLanguage":"en-GB","potentialAction":[{"@type":"ReadAction","target":["https:\/\/xenonkungen.com\/fi\/tuote\/lisavalo-nbb-alpha-225-60w-xenon\/"]}]},{"@type":"ImageObject","inLanguage":"en-GB","@id":"https:\/\/xenonkungen.com\/fi\/tuote\/lisavalo-nbb-alpha-225-60w-xenon\/#primaryimage","url":"https:\/\/xenonkungen.com\/wp-content\/uploads\/2025\/06\/20518143-origpic-a9729f.png","contentUrl":"https:\/\/xenonkungen.com\/wp-content\/uploads\/2025\/06\/20518143-origpic-a9729f.png","width":1000,"height":1000},{"@type":"BreadcrumbList","@id":"https:\/\/xenonkungen.com\/fi\/tuote\/lisavalo-nbb-alpha-225-60w-xenon\/#breadcrumb","itemListElement":[{"@type":"ListItem","position":1,"name":"Hem","item":"https:\/\/xenonkungen.com\/"},{"@type":"ListItem","position":2,"name":"Shop","item":"https:\/\/xenonkungen.com\/shop\/"},{"@type":"ListItem","position":3,"name":"Extraljus NBB Alpha 225 60W Xenon"}]},{"@type":"WebSite","@id":"https:\/\/xenonkungen.com\/#website","url":"https:\/\/xenonkungen.com\/","name":"Xenonkungen","description":"","potentialAction":[{"@type":"SearchAction","target":{"@type":"EntryPoint","urlTemplate":"https:\/\/xenonkungen.com\/?s={search_term_string}"},"query-input":{"@type":"PropertyValueSpecification","valueRequired":true,"valueName":"search_term_string"}}],"inLanguage":"en-GB"}]}},"taxonomy_info":{"product_cat":[{"value":2840,"label":"Extraljus \u00d6vriga storlekar"},{"value":2544,"label":"NBB Xenon\/LED"},{"value":142,"label":"Extraljus"}],"pa_fargtemperatur":[{"value":2283,"label":"4300"},{"value":1486,"label":"5000"},{"value":1428,"label":"6000"}],"pa_volt-v":[{"value":348,"label":"12, 24"}]},"featured_image_src_large":["https:\/\/xenonkungen.com\/wp-content\/uploads\/2025\/06\/20518143-origpic-a9729f.png",1000,1000,false],"author_info":[],"comment_info":1,"_links":{"self":[{"href":"https:\/\/xenonkungen.com\/en\/wp-json\/wp\/v2\/product\/11852","targetHints":{"allow":["GET"]}}],"collection":[{"href":"https:\/\/xenonkungen.com\/en\/wp-json\/wp\/v2\/product"}],"about":[{"href":"https:\/\/xenonkungen.com\/en\/wp-json\/wp\/v2\/types\/product"}],"replies":[{"embeddable":true,"href":"https:\/\/xenonkungen.com\/en\/wp-json\/wp\/v2\/comments?post=11852"}],"wp:featuredmedia":[{"embeddable":true,"href":"https:\/\/xenonkungen.com\/en\/wp-json\/wp\/v2\/media\/11347"}],"wp:attachment":[{"href":"https:\/\/xenonkungen.com\/en\/wp-json\/wp\/v2\/media?parent=11852"}],"wp:term":[{"taxonomy":"anvandningsomrade","embeddable":true,"href":"https:\/\/xenonkungen.com\/en\/wp-json\/wp\/v2\/anvandningsomrade?post=11852"},{"taxonomy":"bilmarken","embeddable":true,"href":"https:\/\/xenonkungen.com\/en\/wp-json\/wp\/v2\/bilmarken?post=11852"},{"taxonomy":"product_brand","embeddable":true,"href":"https:\/\/xenonkungen.com\/en\/wp-json\/wp\/v2\/product_brand?post=11852"},{"taxonomy":"product_cat","embeddable":true,"href":"https:\/\/xenonkungen.com\/en\/wp-json\/wp\/v2\/product_cat?post=11852"},{"taxonomy":"product_tag","embeddable":true,"href":"https:\/\/xenonkungen.com\/en\/wp-json\/wp\/v2\/product_tag?post=11852"}],"curies":[{"name":"wp","href":"https:\/\/api.w.org\/{rel}","templated":true}]}}