{"id":11996,"date":"2025-08-25T14:14:12","date_gmt":"2025-08-25T14:14:12","guid":{"rendered":"https:\/\/xenonkungen.com\/?post_type=product&#038;p=11996"},"modified":"2026-04-24T17:38:10","modified_gmt":"2026-04-24T16:38:10","slug":"osram-night-breaker-led-smart-h16","status":"publish","type":"product","link":"https:\/\/xenonkungen.com\/en\/product\/osram-night-breaker-led-smart-h16\/","title":{"rendered":"OSRAM NIGHT BREAKER LED SMART | H16"},"content":{"rendered":"<section>\n<h2>OSRAM NIGHT BREAKER LED SMART - Premium street fog lights<\/h2>\n<p>Give your car a modern upgrade with <strong>OSRAM NIGHT BREAKER LED SMART fog light<\/strong> - a combination of exceptional brightness, compact design and reliable durability. And best of all? They are <strong>legal to use on public roads<\/strong><sup>1<\/sup>.<\/p>\n<h4>Smooth LED upgrade - fully compliant<\/h4>\n<p>Now you can easily replace traditional halogen lamps with advanced LED technology from OSRAM - perfect for fog lighting. NIGHT BREAKER LED SMART works great as a complement to your existing LED or HID floodlights from OSRAM, or as part of a complete LED conversion.<\/p>\n<h4>Why car enthusiasts choose OSRAM NIGHT BREAKER LED SMART<\/h4>\n<ul>\n<li>Legal to use as fog lights on public roads<sup>1<\/sup><\/li>\n<li>Provides a cool white, powerful light with up to 6000 Kelvin colour temperature<\/li>\n<li>Wider and clearer light pattern than traditional halogen fog lights<\/li>\n<li>Perfect match with other OSRAM LED or HID lamps<\/li>\n<li>Up to 80 per cent lower energy consumption compared to halogen<\/li>\n<li>Up to 6 times longer lifetime thanks to vibration-resistant construction<\/li>\n<li>Tested for extreme conditions - IP54 certified protection against dust and water<\/li>\n<\/ul>\n<p>OSRAM LED technology sets a new standard for innovation, performance and durability. With NIGHT BREAKER LED SMART fog lights, you get a brighter light output, better visibility in bad weather and a sleek, modern look - without compromising on safety.<\/p>\n<p>For added peace of mind, OSRAM offers a <strong>special guarantee<\/strong><sup>3<\/sup> on all NIGHT BREAKER LED replacement lamps.<\/p>\n<p><strong>Upgrade your fog lights today - for better visibility, lower energy consumption and a legal LED solution that really impresses.<\/strong><\/p>\n<h2><a href=\"https:\/\/look.ams-osram.com\/m\/279bdebe1f871386\/original\/led-night-breaker-h7-vehicle-list-en.pdf\" target=\"_blank\" rel=\"noopener\">See compatible car models here<\/a><\/h2>\n<\/section>","protected":false},"excerpt":{"rendered":"<p>OSRAM NIGHT BREAKER LED SMART \u2013 Gatulagliga dimljus i premiumklass Ge din bil en modern uppgradering med OSRAM NIGHT BREAKER LED SMART dimljus \u2013 en kombination av exceptionell ljusstyrka, kompakt design och p\u00e5litlig h\u00e5llbarhet. Och b\u00e4st av allt? De \u00e4r lagliga att anv\u00e4nda p\u00e5 allm\u00e4n v\u00e4g1. Smidig LED-uppgradering \u2013 helt enligt reglerna Nu kan du [&hellip;]<\/p>","protected":false},"featured_media":11997,"comment_status":"open","ping_status":"closed","template":"","meta":{"_acf_changed":false,"_smort_price_nok":"1917","_smort_price_dkk":"1218","_smort_price_eur":"163.17","_smort_sale_price_nok":"","_smort_sale_price_dkk":"","_smort_sale_price_eur":"","smort_restorder":"","shipmondo_restorder":"","_kad_blocks_custom_css":"","_kad_blocks_head_custom_js":"","_kad_blocks_body_custom_js":"","_kad_blocks_footer_custom_js":"","smort_custom_pricelist_1":"1148.8","smort_custom_pricelist_2":"1005.2","smort_custom_pricelist_3":"933.4","smort_custom_pricelist_4":"1436","smort_custom_pricelist_5":"1005.2"},"anvandningsomrade":[],"bilmarken":[],"product_brand":[108],"product_cat":[2451,2633,733],"product_tag":[],"class_list":{"0":"post-11996","1":"product","2":"type-product","3":"status-publish","4":"has-post-thumbnail","6":"product_brand-osram","7":"product_cat-led-konvertering","8":"product_cat-osram-ledriving-halvljus-helljus","9":"product_cat-halvljus-helljus","10":"pa_fargtemperatur-6000k","11":"pa_fuktskydd-varde-ipxx-ip54","12":"pa_lampsockel-kontakt-h16","13":"pa_volt-v-159","15":"first","16":"instock","17":"taxable","18":"shipping-taxable","19":"purchasable","20":"product-type-simple"},"bundled_by":[],"bundle_stock_status":"instock","bundle_stock_quantity":6,"bundle_virtual":false,"bundle_layout":"","bundle_add_to_cart_form_location":"","bundle_editable_in_cart":false,"bundle_sold_individually_context":"","bundle_item_grouping":"","bundle_min_size":"","bundle_max_size":"","bundle_price":[],"bundled_items":[],"bundle_sell_ids":[],"acf":[],"yoast_head":"<!-- This site is optimized with the Yoast SEO plugin v27.0 - https:\/\/yoast.com\/product\/yoast-seo-wordpress\/ -->\n<title>OSRAM NIGHT BREAKER LED SMART | H16 - Xenonkungen<\/title>\n<meta name=\"robots\" content=\"index, follow, max-snippet:-1, max-image-preview:large, max-video-preview:-1\" \/>\n<link rel=\"canonical\" href=\"https:\/\/xenonkungen.com\/en\/product\/osram-night-breaker-led-smart-h16\/\" \/>\n<meta property=\"og:locale\" content=\"en_GB\" \/>\n<meta property=\"og:type\" content=\"article\" \/>\n<meta property=\"og:title\" content=\"OSRAM NIGHT BREAKER LED SMART | H16 - Xenonkungen\" \/>\n<meta property=\"og:description\" content=\"OSRAM NIGHT BREAKER LED SMART \u2013 Gatulagliga dimljus i premiumklass Ge din bil en modern uppgradering med OSRAM NIGHT BREAKER LED SMART dimljus \u2013 en kombination av exceptionell ljusstyrka, kompakt design och p\u00e5litlig h\u00e5llbarhet. Och b\u00e4st av allt? De \u00e4r lagliga att anv\u00e4nda p\u00e5 allm\u00e4n v\u00e4g1. Smidig LED-uppgradering \u2013 helt enligt reglerna Nu kan du [&hellip;]\" \/>\n<meta property=\"og:url\" content=\"https:\/\/xenonkungen.com\/en\/product\/osram-night-breaker-led-smart-h16\/\" \/>\n<meta property=\"og:site_name\" content=\"Xenonkungen\" \/>\n<meta property=\"article:modified_time\" content=\"2026-04-24T16:38:10+00:00\" \/>\n<meta property=\"og:image\" content=\"https:\/\/xenonkungen.com\/wp-content\/uploads\/2025\/06\/Small-for-web-and-ppt-G15131113_LED_FC2_64219DWNBSM-2HB_MiCh_OSRAM_03_Composing.jpg\" \/>\n\t<meta property=\"og:image:width\" content=\"1024\" \/>\n\t<meta property=\"og:image:height\" content=\"1024\" \/>\n\t<meta property=\"og:image:type\" content=\"image\/jpeg\" \/>\n<meta name=\"twitter:card\" content=\"summary_large_image\" \/>\n<meta name=\"twitter:label1\" content=\"Estimated reading time\" \/>\n\t<meta name=\"twitter:data1\" content=\"2 minutes\" \/>\n<script type=\"application\/ld+json\" class=\"yoast-schema-graph\">{\"@context\":\"https:\/\/schema.org\",\"@graph\":[{\"@type\":\"WebPage\",\"@id\":\"https:\/\/xenonkungen.com\/produkt\/osram-night-breaker-led-smart-h16\/\",\"url\":\"https:\/\/xenonkungen.com\/produkt\/osram-night-breaker-led-smart-h16\/\",\"name\":\"OSRAM NIGHT BREAKER LED SMART | H16 - Xenonkungen\",\"isPartOf\":{\"@id\":\"https:\/\/xenonkungen.com\/#website\"},\"primaryImageOfPage\":{\"@id\":\"https:\/\/xenonkungen.com\/produkt\/osram-night-breaker-led-smart-h16\/#primaryimage\"},\"image\":{\"@id\":\"https:\/\/xenonkungen.com\/produkt\/osram-night-breaker-led-smart-h16\/#primaryimage\"},\"thumbnailUrl\":\"https:\/\/xenonkungen.com\/wp-content\/uploads\/2025\/06\/Small-for-web-and-ppt-G15131113_LED_FC2_64219DWNBSM-2HB_MiCh_OSRAM_03_Composing.jpg\",\"datePublished\":\"2025-08-25T14:14:12+00:00\",\"dateModified\":\"2026-04-24T16:38:10+00:00\",\"breadcrumb\":{\"@id\":\"https:\/\/xenonkungen.com\/produkt\/osram-night-breaker-led-smart-h16\/#breadcrumb\"},\"inLanguage\":\"en-GB\",\"potentialAction\":[{\"@type\":\"ReadAction\",\"target\":[\"https:\/\/xenonkungen.com\/produkt\/osram-night-breaker-led-smart-h16\/\"]}]},{\"@type\":\"ImageObject\",\"inLanguage\":\"en-GB\",\"@id\":\"https:\/\/xenonkungen.com\/produkt\/osram-night-breaker-led-smart-h16\/#primaryimage\",\"url\":\"https:\/\/xenonkungen.com\/wp-content\/uploads\/2025\/06\/Small-for-web-and-ppt-G15131113_LED_FC2_64219DWNBSM-2HB_MiCh_OSRAM_03_Composing.jpg\",\"contentUrl\":\"https:\/\/xenonkungen.com\/wp-content\/uploads\/2025\/06\/Small-for-web-and-ppt-G15131113_LED_FC2_64219DWNBSM-2HB_MiCh_OSRAM_03_Composing.jpg\",\"width\":1024,\"height\":1024},{\"@type\":\"BreadcrumbList\",\"@id\":\"https:\/\/xenonkungen.com\/produkt\/osram-night-breaker-led-smart-h16\/#breadcrumb\",\"itemListElement\":[{\"@type\":\"ListItem\",\"position\":1,\"name\":\"Hem\",\"item\":\"https:\/\/xenonkungen.com\/\"},{\"@type\":\"ListItem\",\"position\":2,\"name\":\"Shop\",\"item\":\"https:\/\/xenonkungen.com\/shop\/\"},{\"@type\":\"ListItem\",\"position\":3,\"name\":\"OSRAM NIGHT BREAKER LED SMART | H16\"}]},{\"@type\":\"WebSite\",\"@id\":\"https:\/\/xenonkungen.com\/#website\",\"url\":\"https:\/\/xenonkungen.com\/\",\"name\":\"Xenonkungen\",\"description\":\"\",\"potentialAction\":[{\"@type\":\"SearchAction\",\"target\":{\"@type\":\"EntryPoint\",\"urlTemplate\":\"https:\/\/xenonkungen.com\/?s={search_term_string}\"},\"query-input\":{\"@type\":\"PropertyValueSpecification\",\"valueRequired\":true,\"valueName\":\"search_term_string\"}}],\"inLanguage\":\"en-GB\"}]}<\/script>\n<!-- \/ Yoast SEO plugin. -->","yoast_head_json":{"title":"OSRAM NIGHT BREAKER LED SMART | H16 - The Xenon King","robots":{"index":"index","follow":"follow","max-snippet":"max-snippet:-1","max-image-preview":"max-image-preview:large","max-video-preview":"max-video-preview:-1"},"canonical":"https:\/\/xenonkungen.com\/en\/product\/osram-night-breaker-led-smart-h16\/","og_locale":"en_GB","og_type":"article","og_title":"OSRAM NIGHT BREAKER LED SMART | H16 - Xenonkungen","og_description":"OSRAM NIGHT BREAKER LED SMART \u2013 Gatulagliga dimljus i premiumklass Ge din bil en modern uppgradering med OSRAM NIGHT BREAKER LED SMART dimljus \u2013 en kombination av exceptionell ljusstyrka, kompakt design och p\u00e5litlig h\u00e5llbarhet. Och b\u00e4st av allt? De \u00e4r lagliga att anv\u00e4nda p\u00e5 allm\u00e4n v\u00e4g1. Smidig LED-uppgradering \u2013 helt enligt reglerna Nu kan du [&hellip;]","og_url":"https:\/\/xenonkungen.com\/en\/product\/osram-night-breaker-led-smart-h16\/","og_site_name":"Xenonkungen","article_modified_time":"2026-04-24T16:38:10+00:00","og_image":[{"width":1024,"height":1024,"url":"https:\/\/xenonkungen.com\/wp-content\/uploads\/2025\/06\/Small-for-web-and-ppt-G15131113_LED_FC2_64219DWNBSM-2HB_MiCh_OSRAM_03_Composing.jpg","type":"image\/jpeg"}],"twitter_card":"summary_large_image","twitter_misc":{"Estimated reading time":"2 minutes"},"schema":{"@context":"https:\/\/schema.org","@graph":[{"@type":"WebPage","@id":"https:\/\/xenonkungen.com\/produkt\/osram-night-breaker-led-smart-h16\/","url":"https:\/\/xenonkungen.com\/produkt\/osram-night-breaker-led-smart-h16\/","name":"OSRAM NIGHT BREAKER LED SMART | H16 - The Xenon King","isPartOf":{"@id":"https:\/\/xenonkungen.com\/#website"},"primaryImageOfPage":{"@id":"https:\/\/xenonkungen.com\/produkt\/osram-night-breaker-led-smart-h16\/#primaryimage"},"image":{"@id":"https:\/\/xenonkungen.com\/produkt\/osram-night-breaker-led-smart-h16\/#primaryimage"},"thumbnailUrl":"https:\/\/xenonkungen.com\/wp-content\/uploads\/2025\/06\/Small-for-web-and-ppt-G15131113_LED_FC2_64219DWNBSM-2HB_MiCh_OSRAM_03_Composing.jpg","datePublished":"2025-08-25T14:14:12+00:00","dateModified":"2026-04-24T16:38:10+00:00","breadcrumb":{"@id":"https:\/\/xenonkungen.com\/produkt\/osram-night-breaker-led-smart-h16\/#breadcrumb"},"inLanguage":"en-GB","potentialAction":[{"@type":"ReadAction","target":["https:\/\/xenonkungen.com\/produkt\/osram-night-breaker-led-smart-h16\/"]}]},{"@type":"ImageObject","inLanguage":"en-GB","@id":"https:\/\/xenonkungen.com\/produkt\/osram-night-breaker-led-smart-h16\/#primaryimage","url":"https:\/\/xenonkungen.com\/wp-content\/uploads\/2025\/06\/Small-for-web-and-ppt-G15131113_LED_FC2_64219DWNBSM-2HB_MiCh_OSRAM_03_Composing.jpg","contentUrl":"https:\/\/xenonkungen.com\/wp-content\/uploads\/2025\/06\/Small-for-web-and-ppt-G15131113_LED_FC2_64219DWNBSM-2HB_MiCh_OSRAM_03_Composing.jpg","width":1024,"height":1024},{"@type":"BreadcrumbList","@id":"https:\/\/xenonkungen.com\/produkt\/osram-night-breaker-led-smart-h16\/#breadcrumb","itemListElement":[{"@type":"ListItem","position":1,"name":"Hem","item":"https:\/\/xenonkungen.com\/"},{"@type":"ListItem","position":2,"name":"Shop","item":"https:\/\/xenonkungen.com\/shop\/"},{"@type":"ListItem","position":3,"name":"OSRAM NIGHT BREAKER LED SMART | H16"}]},{"@type":"WebSite","@id":"https:\/\/xenonkungen.com\/#website","url":"https:\/\/xenonkungen.com\/","name":"Xenonkungen","description":"","potentialAction":[{"@type":"SearchAction","target":{"@type":"EntryPoint","urlTemplate":"https:\/\/xenonkungen.com\/?s={search_term_string}"},"query-input":{"@type":"PropertyValueSpecification","valueRequired":true,"valueName":"search_term_string"}}],"inLanguage":"en-GB"}]}},"taxonomy_info":{"product_brand":[{"value":108,"label":"OSRAM"}],"product_cat":[{"value":2451,"label":"Led-konvertering"},{"value":2633,"label":"OSRAM Ledriving"},{"value":733,"label":"Halvljus \/ Helljus"}],"pa_fargtemperatur":[{"value":188,"label":"6000K"}],"pa_fuktskydd-varde-ipxx":[{"value":1318,"label":"IP54"}],"pa_lampsockel-kontakt":[{"value":374,"label":"H16"}],"pa_volt-v":[{"value":159,"label":"12"}]},"featured_image_src_large":["https:\/\/xenonkungen.com\/wp-content\/uploads\/2025\/06\/Small-for-web-and-ppt-G15131113_LED_FC2_64219DWNBSM-2HB_MiCh_OSRAM_03_Composing.jpg",1024,1024,false],"author_info":[],"comment_info":0,"_links":{"self":[{"href":"https:\/\/xenonkungen.com\/en\/wp-json\/wp\/v2\/product\/11996","targetHints":{"allow":["GET"]}}],"collection":[{"href":"https:\/\/xenonkungen.com\/en\/wp-json\/wp\/v2\/product"}],"about":[{"href":"https:\/\/xenonkungen.com\/en\/wp-json\/wp\/v2\/types\/product"}],"replies":[{"embeddable":true,"href":"https:\/\/xenonkungen.com\/en\/wp-json\/wp\/v2\/comments?post=11996"}],"wp:featuredmedia":[{"embeddable":true,"href":"https:\/\/xenonkungen.com\/en\/wp-json\/wp\/v2\/media\/11997"}],"wp:attachment":[{"href":"https:\/\/xenonkungen.com\/en\/wp-json\/wp\/v2\/media?parent=11996"}],"wp:term":[{"taxonomy":"anvandningsomrade","embeddable":true,"href":"https:\/\/xenonkungen.com\/en\/wp-json\/wp\/v2\/anvandningsomrade?post=11996"},{"taxonomy":"bilmarken","embeddable":true,"href":"https:\/\/xenonkungen.com\/en\/wp-json\/wp\/v2\/bilmarken?post=11996"},{"taxonomy":"product_brand","embeddable":true,"href":"https:\/\/xenonkungen.com\/en\/wp-json\/wp\/v2\/product_brand?post=11996"},{"taxonomy":"product_cat","embeddable":true,"href":"https:\/\/xenonkungen.com\/en\/wp-json\/wp\/v2\/product_cat?post=11996"},{"taxonomy":"product_tag","embeddable":true,"href":"https:\/\/xenonkungen.com\/en\/wp-json\/wp\/v2\/product_tag?post=11996"}],"curies":[{"name":"wp","href":"https:\/\/api.w.org\/{rel}","templated":true}]}}