{"id":12046,"date":"2025-07-02T11:08:04","date_gmt":"2025-07-02T11:08:04","guid":{"rendered":"https:\/\/xenonkungen.com\/?post_type=product&#038;p=12046"},"modified":"2026-05-08T15:40:58","modified_gmt":"2026-05-08T14:40:58","slug":"meguiars-hybrid-ceramic-waterless-wash-wax","status":"publish","type":"product","link":"https:\/\/xenonkungen.com\/en\/product\/meguiars-hybrid-ceramic-waterless-wash-wax\/","title":{"rendered":"Meguiar's Hybrid Ceramic Waterless Wash &amp; Wax"},"content":{"rendered":"<h2>Hybrid Ceramic Waterless Wash &amp; Wax<\/h2>\n<p>The perfect solution for those with limited access to water, limited time, or the car enthusiast who just arrived at a car show. Meguiar's Hybrid Ceramic Waterless Wash and Wax quickly and gently lifts dirt while leaving behind a smooth, protective barrier with a pearlescent effect. This advanced formula quickly cleans paintwork and exterior surfaces while leaving behind hybrid ceramic protection. Spray on and wipe off with a premium microfibre cloth, such as Meguiar's Supreme Shine Microfibre.<\/p>\n<p>The lubricating and scratch-free formula helps protect against scratches as it cleans and there is no need for water, hose or bucket. It works great on glossy paints, ceramic coatings, glass, polished metal and plastic parts.<\/p>\n<p>Hybrid Ceramic Waterless Wash and Wax is the perfect maintenance product to clean your vehicle, enhance the pearl effect and leave your car's finish smooth and clean.<\/p>\n<p><strong>WATERLESS CERAMIC CAR WASH:<\/strong> Easy to use formula, just spray on and wipe gently with a premium microfibre cloth; Gentle cleaning with hybrid ceramic technology works great on glossy lacquer, ceramic coatings, glass, polished metal and plastic parts.<br \/>\n<strong>HYDROPHOBIC PROTECTION:<\/strong> Advanced chemistry with high-lubricity properties in a convenient\u00a0<em>spray on - wipe off<\/em>\u00a0format that protects against scratches when cleaning, it also increases the pearlescent effect with hydrophobic properties while leaving the varnish smooth.<\/p>\n<p><strong>Content:<\/strong> 710 ml<\/p>\n<h2>Safety data sheet<\/h2>\n<p><a href=\"https:\/\/meguiars.se\/wp-content\/uploads\/2025\/04\/MeguiarsG2510HybridCeramicWaterlessWashWax_1.0_74888.pdf\" target=\"_blank\" rel=\"noopener\"><br \/>\nMeguiarsG2510HybridCeramicWaterlessWashWax_1.0_74888 (PDF)<br \/>\n<\/a><\/p>\n<p>&nbsp;<\/p>","protected":false},"excerpt":{"rendered":"<p><strong>WATERLESS CAR WASH:<\/strong> The premium formula works as a waterless car wash while adding ceramic wax protection to the paintwork in one easy step. This spray cleaner can be used anywhere without a hose, bucket or rinse for time-saving car care. Spray on the product and wipe off in straight strokes.<\/p>\n<p><strong>NO EQUIPMENT NEEDED:<\/strong> No need for a hose, a bucket or water. This formula makes it easy to freshen up the car and is ideal for those who do not have access to a hose or water.<\/p>","protected":false},"featured_media":12047,"comment_status":"open","ping_status":"closed","template":"","meta":{"_acf_changed":false,"_smort_price_nok":"319","_smort_price_dkk":"203","_smort_price_eur":"27.18","_smort_sale_price_nok":"","_smort_sale_price_dkk":"","_smort_sale_price_eur":"21.82","smort_restorder":"","shipmondo_restorder":"","_kad_blocks_custom_css":"","_kad_blocks_head_custom_js":"","_kad_blocks_body_custom_js":"","_kad_blocks_footer_custom_js":"","smort_custom_pricelist_1":"191.36","smort_custom_pricelist_2":"191.36","smort_custom_pricelist_3":"167.44","smort_custom_pricelist_4":"239.2","smort_custom_pricelist_5":"191.36"},"anvandningsomrade":[],"bilmarken":[],"product_brand":[1383],"product_cat":[2614,2623,378],"product_tag":[],"class_list":{"0":"post-12046","1":"product","2":"type-product","3":"status-publish","4":"has-post-thumbnail","6":"product_brand-meguiars","7":"product_cat-lackskydd","8":"product_cat-underhall","9":"product_cat-bilvard","11":"first","12":"onbackorder","13":"taxable","14":"shipping-taxable","15":"purchasable","16":"product-type-simple"},"bundled_by":[],"bundle_stock_status":"onbackorder","bundle_stock_quantity":0,"bundle_virtual":false,"bundle_layout":"","bundle_add_to_cart_form_location":"","bundle_editable_in_cart":false,"bundle_sold_individually_context":"","bundle_item_grouping":"","bundle_min_size":"","bundle_max_size":"","bundle_price":[],"bundled_items":[],"bundle_sell_ids":[],"acf":[],"yoast_head":"<!-- This site is optimized with the Yoast SEO plugin v27.0 - https:\/\/yoast.com\/product\/yoast-seo-wordpress\/ -->\n<title>Meguiar&#039;s Hybrid Ceramic Waterless Wash &amp; Wax - Xenonkungen<\/title>\n<meta name=\"robots\" content=\"index, follow, max-snippet:-1, max-image-preview:large, max-video-preview:-1\" \/>\n<link rel=\"canonical\" href=\"https:\/\/xenonkungen.com\/en\/product\/meguiars-hybrid-ceramic-waterless-wash-wax\/\" \/>\n<meta property=\"og:locale\" content=\"en_GB\" \/>\n<meta property=\"og:type\" content=\"article\" \/>\n<meta property=\"og:title\" content=\"Meguiar&#039;s Hybrid Ceramic Waterless Wash &amp; Wax - Xenonkungen\" \/>\n<meta property=\"og:description\" content=\"VATTENL\u00d6S BILTV\u00c4TT: Premiumformeln fungerar som en vattenl\u00f6s biltv\u00e4tt samtidigt som den l\u00e4gger till keramiskt vaxskydd p\u00e5 lacken i ett enkelt steg. Denna spraytv\u00e4tt kan anv\u00e4ndas var som helst utan slang, hink eller sk\u00f6ljning f\u00f6r tidsbesparande bilv\u00e5rd. Spraya p\u00e5 produkten och torka av i raka drag.  INGEN UTRUSTNING BEH\u00d6VS: Inget behov av en slang, en hink eller vatten. Denna formel g\u00f6r det enkelt att fr\u00e4scha upp bilen och \u00e4r idealisk f\u00f6r dem som inte har tillg\u00e5ng till en slang eller vatten.\" \/>\n<meta property=\"og:url\" content=\"https:\/\/xenonkungen.com\/en\/product\/meguiars-hybrid-ceramic-waterless-wash-wax\/\" \/>\n<meta property=\"og:site_name\" content=\"Xenonkungen\" \/>\n<meta property=\"article:modified_time\" content=\"2026-05-08T14:40:58+00:00\" \/>\n<meta property=\"og:image\" content=\"https:\/\/xenonkungen.com\/wp-content\/uploads\/2025\/07\/G251024_HybridCeramicWaterlessWashWax_Front_10x10-1024x1024.png\" \/>\n\t<meta property=\"og:image:width\" content=\"1024\" \/>\n\t<meta property=\"og:image:height\" content=\"1024\" \/>\n\t<meta property=\"og:image:type\" content=\"image\/png\" \/>\n<meta name=\"twitter:card\" content=\"summary_large_image\" \/>\n<meta name=\"twitter:label1\" content=\"Estimated reading time\" \/>\n\t<meta name=\"twitter:data1\" content=\"2 minutes\" \/>\n<script type=\"application\/ld+json\" class=\"yoast-schema-graph\">{\"@context\":\"https:\/\/schema.org\",\"@graph\":[{\"@type\":\"WebPage\",\"@id\":\"https:\/\/xenonkungen.com\/produkt\/meguiars-hybrid-ceramic-waterless-wash-wax\/\",\"url\":\"https:\/\/xenonkungen.com\/produkt\/meguiars-hybrid-ceramic-waterless-wash-wax\/\",\"name\":\"Meguiar's Hybrid Ceramic Waterless Wash & Wax - Xenonkungen\",\"isPartOf\":{\"@id\":\"https:\/\/xenonkungen.com\/#website\"},\"primaryImageOfPage\":{\"@id\":\"https:\/\/xenonkungen.com\/produkt\/meguiars-hybrid-ceramic-waterless-wash-wax\/#primaryimage\"},\"image\":{\"@id\":\"https:\/\/xenonkungen.com\/produkt\/meguiars-hybrid-ceramic-waterless-wash-wax\/#primaryimage\"},\"thumbnailUrl\":\"https:\/\/xenonkungen.com\/wp-content\/uploads\/2025\/07\/G251024_HybridCeramicWaterlessWashWax_Front_10x10.png\",\"datePublished\":\"2025-07-02T11:08:04+00:00\",\"dateModified\":\"2026-05-08T14:40:58+00:00\",\"breadcrumb\":{\"@id\":\"https:\/\/xenonkungen.com\/produkt\/meguiars-hybrid-ceramic-waterless-wash-wax\/#breadcrumb\"},\"inLanguage\":\"en-GB\",\"potentialAction\":[{\"@type\":\"ReadAction\",\"target\":[\"https:\/\/xenonkungen.com\/produkt\/meguiars-hybrid-ceramic-waterless-wash-wax\/\"]}]},{\"@type\":\"ImageObject\",\"inLanguage\":\"en-GB\",\"@id\":\"https:\/\/xenonkungen.com\/produkt\/meguiars-hybrid-ceramic-waterless-wash-wax\/#primaryimage\",\"url\":\"https:\/\/xenonkungen.com\/wp-content\/uploads\/2025\/07\/G251024_HybridCeramicWaterlessWashWax_Front_10x10.png\",\"contentUrl\":\"https:\/\/xenonkungen.com\/wp-content\/uploads\/2025\/07\/G251024_HybridCeramicWaterlessWashWax_Front_10x10.png\",\"width\":2560,\"height\":2560},{\"@type\":\"BreadcrumbList\",\"@id\":\"https:\/\/xenonkungen.com\/produkt\/meguiars-hybrid-ceramic-waterless-wash-wax\/#breadcrumb\",\"itemListElement\":[{\"@type\":\"ListItem\",\"position\":1,\"name\":\"Hem\",\"item\":\"https:\/\/xenonkungen.com\/\"},{\"@type\":\"ListItem\",\"position\":2,\"name\":\"Shop\",\"item\":\"https:\/\/xenonkungen.com\/shop\/\"},{\"@type\":\"ListItem\",\"position\":3,\"name\":\"Meguiar&#8217;s Hybrid Ceramic Waterless Wash &#038; Wax\"}]},{\"@type\":\"WebSite\",\"@id\":\"https:\/\/xenonkungen.com\/#website\",\"url\":\"https:\/\/xenonkungen.com\/\",\"name\":\"Xenonkungen\",\"description\":\"\",\"potentialAction\":[{\"@type\":\"SearchAction\",\"target\":{\"@type\":\"EntryPoint\",\"urlTemplate\":\"https:\/\/xenonkungen.com\/?s={search_term_string}\"},\"query-input\":{\"@type\":\"PropertyValueSpecification\",\"valueRequired\":true,\"valueName\":\"search_term_string\"}}],\"inLanguage\":\"en-GB\"}]}<\/script>\n<!-- \/ Yoast SEO plugin. -->","yoast_head_json":{"title":"Meguiar&#039;s Hybrid Ceramic Waterless Wash &amp; Wax - The Xenon King","robots":{"index":"index","follow":"follow","max-snippet":"max-snippet:-1","max-image-preview":"max-image-preview:large","max-video-preview":"max-video-preview:-1"},"canonical":"https:\/\/xenonkungen.com\/en\/product\/meguiars-hybrid-ceramic-waterless-wash-wax\/","og_locale":"en_GB","og_type":"article","og_title":"Meguiar's Hybrid Ceramic Waterless Wash & Wax - Xenonkungen","og_description":"VATTENL\u00d6S BILTV\u00c4TT: Premiumformeln fungerar som en vattenl\u00f6s biltv\u00e4tt samtidigt som den l\u00e4gger till keramiskt vaxskydd p\u00e5 lacken i ett enkelt steg. Denna spraytv\u00e4tt kan anv\u00e4ndas var som helst utan slang, hink eller sk\u00f6ljning f\u00f6r tidsbesparande bilv\u00e5rd. Spraya p\u00e5 produkten och torka av i raka drag.  INGEN UTRUSTNING BEH\u00d6VS: Inget behov av en slang, en hink eller vatten. Denna formel g\u00f6r det enkelt att fr\u00e4scha upp bilen och \u00e4r idealisk f\u00f6r dem som inte har tillg\u00e5ng till en slang eller vatten.","og_url":"https:\/\/xenonkungen.com\/en\/product\/meguiars-hybrid-ceramic-waterless-wash-wax\/","og_site_name":"Xenonkungen","article_modified_time":"2026-05-08T14:40:58+00:00","og_image":[{"width":1024,"height":1024,"url":"https:\/\/xenonkungen.com\/wp-content\/uploads\/2025\/07\/G251024_HybridCeramicWaterlessWashWax_Front_10x10-1024x1024.png","type":"image\/png"}],"twitter_card":"summary_large_image","twitter_misc":{"Estimated reading time":"2 minutes"},"schema":{"@context":"https:\/\/schema.org","@graph":[{"@type":"WebPage","@id":"https:\/\/xenonkungen.com\/produkt\/meguiars-hybrid-ceramic-waterless-wash-wax\/","url":"https:\/\/xenonkungen.com\/produkt\/meguiars-hybrid-ceramic-waterless-wash-wax\/","name":"Meguiar&#039;s Hybrid Ceramic Waterless Wash &amp; Wax - The Xenon King","isPartOf":{"@id":"https:\/\/xenonkungen.com\/#website"},"primaryImageOfPage":{"@id":"https:\/\/xenonkungen.com\/produkt\/meguiars-hybrid-ceramic-waterless-wash-wax\/#primaryimage"},"image":{"@id":"https:\/\/xenonkungen.com\/produkt\/meguiars-hybrid-ceramic-waterless-wash-wax\/#primaryimage"},"thumbnailUrl":"https:\/\/xenonkungen.com\/wp-content\/uploads\/2025\/07\/G251024_HybridCeramicWaterlessWashWax_Front_10x10.png","datePublished":"2025-07-02T11:08:04+00:00","dateModified":"2026-05-08T14:40:58+00:00","breadcrumb":{"@id":"https:\/\/xenonkungen.com\/produkt\/meguiars-hybrid-ceramic-waterless-wash-wax\/#breadcrumb"},"inLanguage":"en-GB","potentialAction":[{"@type":"ReadAction","target":["https:\/\/xenonkungen.com\/produkt\/meguiars-hybrid-ceramic-waterless-wash-wax\/"]}]},{"@type":"ImageObject","inLanguage":"en-GB","@id":"https:\/\/xenonkungen.com\/produkt\/meguiars-hybrid-ceramic-waterless-wash-wax\/#primaryimage","url":"https:\/\/xenonkungen.com\/wp-content\/uploads\/2025\/07\/G251024_HybridCeramicWaterlessWashWax_Front_10x10.png","contentUrl":"https:\/\/xenonkungen.com\/wp-content\/uploads\/2025\/07\/G251024_HybridCeramicWaterlessWashWax_Front_10x10.png","width":2560,"height":2560},{"@type":"BreadcrumbList","@id":"https:\/\/xenonkungen.com\/produkt\/meguiars-hybrid-ceramic-waterless-wash-wax\/#breadcrumb","itemListElement":[{"@type":"ListItem","position":1,"name":"Hem","item":"https:\/\/xenonkungen.com\/"},{"@type":"ListItem","position":2,"name":"Shop","item":"https:\/\/xenonkungen.com\/shop\/"},{"@type":"ListItem","position":3,"name":"Meguiar&#8217;s Hybrid Ceramic Waterless Wash &#038; Wax"}]},{"@type":"WebSite","@id":"https:\/\/xenonkungen.com\/#website","url":"https:\/\/xenonkungen.com\/","name":"Xenonkungen","description":"","potentialAction":[{"@type":"SearchAction","target":{"@type":"EntryPoint","urlTemplate":"https:\/\/xenonkungen.com\/?s={search_term_string}"},"query-input":{"@type":"PropertyValueSpecification","valueRequired":true,"valueName":"search_term_string"}}],"inLanguage":"en-GB"}]}},"taxonomy_info":{"product_brand":[{"value":1383,"label":"Meguiar's"}],"product_cat":[{"value":2614,"label":"4 | Bilvax &amp; Lackskydd"},{"value":2623,"label":"5 | Underh\u00e5ll"},{"value":378,"label":"Bilv\u00e5rd"}]},"featured_image_src_large":["https:\/\/xenonkungen.com\/wp-content\/uploads\/2025\/07\/G251024_HybridCeramicWaterlessWashWax_Front_10x10-1024x1024.png",1024,1024,true],"author_info":[],"comment_info":0,"_links":{"self":[{"href":"https:\/\/xenonkungen.com\/en\/wp-json\/wp\/v2\/product\/12046","targetHints":{"allow":["GET"]}}],"collection":[{"href":"https:\/\/xenonkungen.com\/en\/wp-json\/wp\/v2\/product"}],"about":[{"href":"https:\/\/xenonkungen.com\/en\/wp-json\/wp\/v2\/types\/product"}],"replies":[{"embeddable":true,"href":"https:\/\/xenonkungen.com\/en\/wp-json\/wp\/v2\/comments?post=12046"}],"wp:featuredmedia":[{"embeddable":true,"href":"https:\/\/xenonkungen.com\/en\/wp-json\/wp\/v2\/media\/12047"}],"wp:attachment":[{"href":"https:\/\/xenonkungen.com\/en\/wp-json\/wp\/v2\/media?parent=12046"}],"wp:term":[{"taxonomy":"anvandningsomrade","embeddable":true,"href":"https:\/\/xenonkungen.com\/en\/wp-json\/wp\/v2\/anvandningsomrade?post=12046"},{"taxonomy":"bilmarken","embeddable":true,"href":"https:\/\/xenonkungen.com\/en\/wp-json\/wp\/v2\/bilmarken?post=12046"},{"taxonomy":"product_brand","embeddable":true,"href":"https:\/\/xenonkungen.com\/en\/wp-json\/wp\/v2\/product_brand?post=12046"},{"taxonomy":"product_cat","embeddable":true,"href":"https:\/\/xenonkungen.com\/en\/wp-json\/wp\/v2\/product_cat?post=12046"},{"taxonomy":"product_tag","embeddable":true,"href":"https:\/\/xenonkungen.com\/en\/wp-json\/wp\/v2\/product_tag?post=12046"}],"curies":[{"name":"wp","href":"https:\/\/api.w.org\/{rel}","templated":true}]}}