{"id":12064,"date":"2025-07-04T12:38:54","date_gmt":"2025-07-04T12:38:54","guid":{"rendered":"https:\/\/xenonkungen.com\/?post_type=product&#038;p=12064"},"modified":"2026-01-08T18:02:32","modified_gmt":"2026-01-08T17:02:32","slug":"tesla-led-lights-purple-2-pack","status":"publish","type":"product","link":"https:\/\/xenonkungen.com\/en\/product\/tesla-led-lights-purple-2-pack\/","title":{"rendered":"Tesla led lights purple 2-pack"},"content":{"rendered":"<section>\n<h2>Plug &amp; Play - Replacement bulbs for Tesla<\/h2>\n<p>Our lamps are <strong>plug and play<\/strong>, which means they can easily replace the original lights in your Tesla - without the need for modifications or tools. They fit directly into the sockets of existing lights, enhancing both style and brightness in the cabin.<\/p>\n<h3>Number of lamps per model:<\/h3>\n<h4>Model S - 16 lamps in total<\/h4>\n<ul>\n<li>2 in each door (8 in total)<\/li>\n<li>4 in the footwell<\/li>\n<li>2 in the luggage<\/li>\n<li>1 piece in the frunk<\/li>\n<li>1 in the glove compartment<\/li>\n<\/ul>\n<h4>Model 3 - 9 lamps in total<\/h4>\n<ul>\n<li>4 in the doors<\/li>\n<li>2 in the footwell<\/li>\n<li>2 in the luggage<\/li>\n<li>1 in the glove compartment<\/li>\n<\/ul>\n<h4>Model X - Total of at least 12 lamps<\/h4>\n<ul>\n<li>2 in the doors<\/li>\n<li>4 in the footwell<\/li>\n<li>2 in the luggage<\/li>\n<li>2 pcs in the frunk<\/li>\n<li>1 in the glove compartment<\/li>\n<li><em>(The number of lights may vary depending on the configuration and number of seats)<\/em><\/li>\n<\/ul>\n<h4>Model Y - 9 lamps in total<\/h4>\n<ul>\n<li>4 in the doors<\/li>\n<li>4 in the footwell<\/li>\n<li>1 in the glove compartment<\/li>\n<\/ul>\n<\/section>","protected":false},"excerpt":{"rendered":"<p>Plug &amp; Play \u2013 Ers\u00e4ttningslampor f\u00f6r Tesla V\u00e5ra lampor \u00e4r plug and play, vilket inneb\u00e4r att de enkelt kan ers\u00e4tta originalbelysningen i din Tesla \u2013 utan behov av modifieringar eller verktyg. De passar direkt i uttagen f\u00f6r befintliga lampor och lyfter b\u00e5de stil och ljusstyrka i kup\u00e9n. Antal lampor per modell: Model S \u2013 Totalt [&hellip;]<\/p>","protected":false},"featured_media":12065,"comment_status":"open","ping_status":"closed","template":"","meta":{"_acf_changed":false,"_smort_price_nok":"315","_smort_price_dkk":"200","_smort_price_eur":"26.82","_smort_sale_price_nok":"","_smort_sale_price_dkk":"","_smort_sale_price_eur":"","smort_restorder":"","shipmondo_restorder":"","_kad_blocks_custom_css":"","_kad_blocks_head_custom_js":"","_kad_blocks_body_custom_js":"","_kad_blocks_footer_custom_js":"","smort_custom_pricelist_1":"188.8","smort_custom_pricelist_2":"188.8","smort_custom_pricelist_3":"188.8","smort_custom_pricelist_4":"236","smort_custom_pricelist_5":"188.8"},"anvandningsomrade":[],"bilmarken":[],"product_brand":[2792],"product_cat":[16],"product_tag":[],"class_list":{"0":"post-12064","1":"product","2":"type-product","3":"status-publish","4":"has-post-thumbnail","6":"product_brand-tesla","7":"product_cat-uncategorized","9":"first","10":"onbackorder","11":"taxable","12":"shipping-taxable","13":"purchasable","14":"product-type-simple"},"bundled_by":[],"bundle_stock_status":"onbackorder","bundle_stock_quantity":0,"bundle_virtual":false,"bundle_layout":"","bundle_add_to_cart_form_location":"","bundle_editable_in_cart":false,"bundle_sold_individually_context":"","bundle_item_grouping":"","bundle_min_size":"","bundle_max_size":"","bundle_price":[],"bundled_items":[],"bundle_sell_ids":[],"acf":[],"yoast_head":"<!-- This site is optimized with the Yoast SEO plugin v27.0 - https:\/\/yoast.com\/product\/yoast-seo-wordpress\/ -->\n<title>Tesla led lampor lila 2-pack - Xenonkungen<\/title>\n<meta name=\"robots\" content=\"index, follow, max-snippet:-1, max-image-preview:large, max-video-preview:-1\" \/>\n<link rel=\"canonical\" href=\"https:\/\/xenonkungen.com\/en\/product\/tesla-led-lights-purple-2-pack\/\" \/>\n<meta property=\"og:locale\" content=\"en_GB\" \/>\n<meta property=\"og:type\" content=\"article\" \/>\n<meta property=\"og:title\" content=\"Tesla led lampor lila 2-pack - Xenonkungen\" \/>\n<meta property=\"og:description\" content=\"Plug &amp; Play \u2013 Ers\u00e4ttningslampor f\u00f6r Tesla V\u00e5ra lampor \u00e4r plug and play, vilket inneb\u00e4r att de enkelt kan ers\u00e4tta originalbelysningen i din Tesla \u2013 utan behov av modifieringar eller verktyg. De passar direkt i uttagen f\u00f6r befintliga lampor och lyfter b\u00e5de stil och ljusstyrka i kup\u00e9n. Antal lampor per modell: Model S \u2013 Totalt [&hellip;]\" \/>\n<meta property=\"og:url\" content=\"https:\/\/xenonkungen.com\/en\/product\/tesla-led-lights-purple-2-pack\/\" \/>\n<meta property=\"og:site_name\" content=\"Xenonkungen\" \/>\n<meta property=\"article:modified_time\" content=\"2026-01-08T17:02:32+00:00\" \/>\n<meta property=\"og:image\" content=\"https:\/\/xenonkungen.com\/wp-content\/uploads\/2025\/07\/5e60c9bb77f8b.webp\" \/>\n\t<meta property=\"og:image:width\" content=\"493\" \/>\n\t<meta property=\"og:image:height\" content=\"316\" \/>\n\t<meta property=\"og:image:type\" content=\"image\/webp\" \/>\n<meta name=\"twitter:card\" content=\"summary_large_image\" \/>\n<meta name=\"twitter:label1\" content=\"Estimated reading time\" \/>\n\t<meta name=\"twitter:data1\" content=\"1 minute\" \/>\n<script type=\"application\/ld+json\" class=\"yoast-schema-graph\">{\"@context\":\"https:\/\/schema.org\",\"@graph\":[{\"@type\":\"WebPage\",\"@id\":\"https:\/\/xenonkungen.com\/en\/product\/tesla-led-lights-purple-2-pack\/\",\"url\":\"https:\/\/xenonkungen.com\/en\/product\/tesla-led-lights-purple-2-pack\/\",\"name\":\"Tesla led lampor lila 2-pack - Xenonkungen\",\"isPartOf\":{\"@id\":\"https:\/\/xenonkungen.com\/#website\"},\"primaryImageOfPage\":{\"@id\":\"https:\/\/xenonkungen.com\/en\/product\/tesla-led-lights-purple-2-pack\/#primaryimage\"},\"image\":{\"@id\":\"https:\/\/xenonkungen.com\/en\/product\/tesla-led-lights-purple-2-pack\/#primaryimage\"},\"thumbnailUrl\":\"https:\/\/xenonkungen.com\/wp-content\/uploads\/2025\/07\/5e60c9bb77f8b.webp\",\"datePublished\":\"2025-07-04T12:38:54+00:00\",\"dateModified\":\"2026-01-08T17:02:32+00:00\",\"breadcrumb\":{\"@id\":\"https:\/\/xenonkungen.com\/en\/product\/tesla-led-lights-purple-2-pack\/#breadcrumb\"},\"inLanguage\":\"en-GB\",\"potentialAction\":[{\"@type\":\"ReadAction\",\"target\":[\"https:\/\/xenonkungen.com\/en\/product\/tesla-led-lights-purple-2-pack\/\"]}]},{\"@type\":\"ImageObject\",\"inLanguage\":\"en-GB\",\"@id\":\"https:\/\/xenonkungen.com\/en\/product\/tesla-led-lights-purple-2-pack\/#primaryimage\",\"url\":\"https:\/\/xenonkungen.com\/wp-content\/uploads\/2025\/07\/5e60c9bb77f8b.webp\",\"contentUrl\":\"https:\/\/xenonkungen.com\/wp-content\/uploads\/2025\/07\/5e60c9bb77f8b.webp\",\"width\":493,\"height\":316},{\"@type\":\"BreadcrumbList\",\"@id\":\"https:\/\/xenonkungen.com\/en\/product\/tesla-led-lights-purple-2-pack\/#breadcrumb\",\"itemListElement\":[{\"@type\":\"ListItem\",\"position\":1,\"name\":\"Hem\",\"item\":\"https:\/\/xenonkungen.com\/\"},{\"@type\":\"ListItem\",\"position\":2,\"name\":\"Shop\",\"item\":\"https:\/\/xenonkungen.com\/shop\/\"},{\"@type\":\"ListItem\",\"position\":3,\"name\":\"Tesla led lampor lila 2-pack\"}]},{\"@type\":\"WebSite\",\"@id\":\"https:\/\/xenonkungen.com\/#website\",\"url\":\"https:\/\/xenonkungen.com\/\",\"name\":\"Xenonkungen\",\"description\":\"\",\"potentialAction\":[{\"@type\":\"SearchAction\",\"target\":{\"@type\":\"EntryPoint\",\"urlTemplate\":\"https:\/\/xenonkungen.com\/?s={search_term_string}\"},\"query-input\":{\"@type\":\"PropertyValueSpecification\",\"valueRequired\":true,\"valueName\":\"search_term_string\"}}],\"inLanguage\":\"en-GB\"}]}<\/script>\n<!-- \/ Yoast SEO plugin. -->","yoast_head_json":{"title":"Tesla LED lights purple 2-pack - Xenonkungen","robots":{"index":"index","follow":"follow","max-snippet":"max-snippet:-1","max-image-preview":"max-image-preview:large","max-video-preview":"max-video-preview:-1"},"canonical":"https:\/\/xenonkungen.com\/en\/product\/tesla-led-lights-purple-2-pack\/","og_locale":"en_GB","og_type":"article","og_title":"Tesla led lampor lila 2-pack - Xenonkungen","og_description":"Plug &amp; Play \u2013 Ers\u00e4ttningslampor f\u00f6r Tesla V\u00e5ra lampor \u00e4r plug and play, vilket inneb\u00e4r att de enkelt kan ers\u00e4tta originalbelysningen i din Tesla \u2013 utan behov av modifieringar eller verktyg. De passar direkt i uttagen f\u00f6r befintliga lampor och lyfter b\u00e5de stil och ljusstyrka i kup\u00e9n. Antal lampor per modell: Model S \u2013 Totalt [&hellip;]","og_url":"https:\/\/xenonkungen.com\/en\/product\/tesla-led-lights-purple-2-pack\/","og_site_name":"Xenonkungen","article_modified_time":"2026-01-08T17:02:32+00:00","og_image":[{"width":493,"height":316,"url":"https:\/\/xenonkungen.com\/wp-content\/uploads\/2025\/07\/5e60c9bb77f8b.webp","type":"image\/webp"}],"twitter_card":"summary_large_image","twitter_misc":{"Estimated reading time":"1 minute"},"schema":{"@context":"https:\/\/schema.org","@graph":[{"@type":"WebPage","@id":"https:\/\/xenonkungen.com\/en\/product\/tesla-led-lights-purple-2-pack\/","url":"https:\/\/xenonkungen.com\/en\/product\/tesla-led-lights-purple-2-pack\/","name":"Tesla LED lights purple 2-pack - Xenonkungen","isPartOf":{"@id":"https:\/\/xenonkungen.com\/#website"},"primaryImageOfPage":{"@id":"https:\/\/xenonkungen.com\/en\/product\/tesla-led-lights-purple-2-pack\/#primaryimage"},"image":{"@id":"https:\/\/xenonkungen.com\/en\/product\/tesla-led-lights-purple-2-pack\/#primaryimage"},"thumbnailUrl":"https:\/\/xenonkungen.com\/wp-content\/uploads\/2025\/07\/5e60c9bb77f8b.webp","datePublished":"2025-07-04T12:38:54+00:00","dateModified":"2026-01-08T17:02:32+00:00","breadcrumb":{"@id":"https:\/\/xenonkungen.com\/en\/product\/tesla-led-lights-purple-2-pack\/#breadcrumb"},"inLanguage":"en-GB","potentialAction":[{"@type":"ReadAction","target":["https:\/\/xenonkungen.com\/en\/product\/tesla-led-lights-purple-2-pack\/"]}]},{"@type":"ImageObject","inLanguage":"en-GB","@id":"https:\/\/xenonkungen.com\/en\/product\/tesla-led-lights-purple-2-pack\/#primaryimage","url":"https:\/\/xenonkungen.com\/wp-content\/uploads\/2025\/07\/5e60c9bb77f8b.webp","contentUrl":"https:\/\/xenonkungen.com\/wp-content\/uploads\/2025\/07\/5e60c9bb77f8b.webp","width":493,"height":316},{"@type":"BreadcrumbList","@id":"https:\/\/xenonkungen.com\/en\/product\/tesla-led-lights-purple-2-pack\/#breadcrumb","itemListElement":[{"@type":"ListItem","position":1,"name":"Hem","item":"https:\/\/xenonkungen.com\/"},{"@type":"ListItem","position":2,"name":"Shop","item":"https:\/\/xenonkungen.com\/shop\/"},{"@type":"ListItem","position":3,"name":"Tesla led lampor lila 2-pack"}]},{"@type":"WebSite","@id":"https:\/\/xenonkungen.com\/#website","url":"https:\/\/xenonkungen.com\/","name":"Xenonkungen","description":"","potentialAction":[{"@type":"SearchAction","target":{"@type":"EntryPoint","urlTemplate":"https:\/\/xenonkungen.com\/?s={search_term_string}"},"query-input":{"@type":"PropertyValueSpecification","valueRequired":true,"valueName":"search_term_string"}}],"inLanguage":"en-GB"}]}},"taxonomy_info":{"product_brand":[{"value":2792,"label":"TESLA"}],"product_cat":[{"value":16,"label":"Uncategorized"}]},"featured_image_src_large":["https:\/\/xenonkungen.com\/wp-content\/uploads\/2025\/07\/5e60c9bb77f8b.webp",493,316,false],"author_info":[],"comment_info":0,"_links":{"self":[{"href":"https:\/\/xenonkungen.com\/en\/wp-json\/wp\/v2\/product\/12064","targetHints":{"allow":["GET"]}}],"collection":[{"href":"https:\/\/xenonkungen.com\/en\/wp-json\/wp\/v2\/product"}],"about":[{"href":"https:\/\/xenonkungen.com\/en\/wp-json\/wp\/v2\/types\/product"}],"replies":[{"embeddable":true,"href":"https:\/\/xenonkungen.com\/en\/wp-json\/wp\/v2\/comments?post=12064"}],"wp:featuredmedia":[{"embeddable":true,"href":"https:\/\/xenonkungen.com\/en\/wp-json\/wp\/v2\/media\/12065"}],"wp:attachment":[{"href":"https:\/\/xenonkungen.com\/en\/wp-json\/wp\/v2\/media?parent=12064"}],"wp:term":[{"taxonomy":"anvandningsomrade","embeddable":true,"href":"https:\/\/xenonkungen.com\/en\/wp-json\/wp\/v2\/anvandningsomrade?post=12064"},{"taxonomy":"bilmarken","embeddable":true,"href":"https:\/\/xenonkungen.com\/en\/wp-json\/wp\/v2\/bilmarken?post=12064"},{"taxonomy":"product_brand","embeddable":true,"href":"https:\/\/xenonkungen.com\/en\/wp-json\/wp\/v2\/product_brand?post=12064"},{"taxonomy":"product_cat","embeddable":true,"href":"https:\/\/xenonkungen.com\/en\/wp-json\/wp\/v2\/product_cat?post=12064"},{"taxonomy":"product_tag","embeddable":true,"href":"https:\/\/xenonkungen.com\/en\/wp-json\/wp\/v2\/product_tag?post=12064"}],"curies":[{"name":"wp","href":"https:\/\/api.w.org\/{rel}","templated":true}]}}