{"id":12071,"date":"2025-07-04T12:44:31","date_gmt":"2025-07-04T12:44:31","guid":{"rendered":"https:\/\/xenonkungen.com\/?post_type=product&#038;p=12071"},"modified":"2026-04-17T14:41:00","modified_gmt":"2026-04-17T13:41:00","slug":"tesla-plaid-emblem-badge-silver","status":"publish","type":"product","link":"https:\/\/xenonkungen.com\/en\/product\/tesla-plaid-emblem-badge-silver\/","title":{"rendered":"Tesla Plaid Emblem \/ Badge Silver"},"content":{"rendered":"<section>\n<h2>Feel the Plaid power - without changing your car<\/h2>\n<p>Looking forward to the day you get to drive a Tesla Plaid? Now you can get one step closer - with our exclusive <strong>Plaid emblem<\/strong>, designed to fit perfectly on your Tesla.<\/p>\n<p>This is the ultimate accessory for those who love speed, style and a touch of humour. The emblem will give your car a sportier look - and maybe even a little confidence boost.<\/p>\n<p><em>Rumour has it that Elon will automatically send out a performance boost of 5 % to anyone who fits this badge. We can't confirm or deny it - but you'll definitely feel faster.<\/em><\/p>\n<\/section>","protected":false},"excerpt":{"rendered":"<p>K\u00e4nn Plaid-kraften \u2013 utan att byta bil Ser du fram emot dagen d\u00e5 du f\u00e5r k\u00f6ra en Tesla Plaid? Nu kan du komma ett steg n\u00e4rmare \u2013 med v\u00e5rt exklusiva Plaid-emblem, designat f\u00f6r att passa perfekt p\u00e5 din Tesla. Det h\u00e4r \u00e4r det ultimata tillbeh\u00f6ret f\u00f6r dig som \u00e4lskar fart, stil och en nypa humor. [&hellip;]<\/p>","protected":false},"featured_media":12072,"comment_status":"open","ping_status":"closed","template":"","meta":{"_acf_changed":false,"_smort_price_nok":"213","_smort_price_dkk":"135","_smort_price_eur":"18.09","_smort_sale_price_nok":"","_smort_sale_price_dkk":"","_smort_sale_price_eur":"","smort_restorder":"","shipmondo_restorder":"","_kad_blocks_custom_css":"","_kad_blocks_head_custom_js":"","_kad_blocks_body_custom_js":"","_kad_blocks_footer_custom_js":"","smort_custom_pricelist_1":"127.36","smort_custom_pricelist_2":"127.36","smort_custom_pricelist_3":"127.36","smort_custom_pricelist_4":"159.2","smort_custom_pricelist_5":"127.36"},"anvandningsomrade":[],"bilmarken":[],"product_brand":[2792],"product_cat":[16],"product_tag":[],"class_list":{"0":"post-12071","1":"product","2":"type-product","3":"status-publish","4":"has-post-thumbnail","6":"product_brand-tesla","7":"product_cat-uncategorized","9":"first","10":"onbackorder","11":"taxable","12":"shipping-taxable","13":"purchasable","14":"product-type-simple"},"bundled_by":[],"bundle_stock_status":"onbackorder","bundle_stock_quantity":0,"bundle_virtual":false,"bundle_layout":"","bundle_add_to_cart_form_location":"","bundle_editable_in_cart":false,"bundle_sold_individually_context":"","bundle_item_grouping":"","bundle_min_size":"","bundle_max_size":"","bundle_price":[],"bundled_items":[],"bundle_sell_ids":[],"acf":[],"yoast_head":"<!-- This site is optimized with the Yoast SEO plugin v27.0 - https:\/\/yoast.com\/product\/yoast-seo-wordpress\/ -->\n<title>Tesla Plaid Emblem \/ Badge Silver - Xenonkungen<\/title>\n<meta name=\"robots\" content=\"index, follow, max-snippet:-1, max-image-preview:large, max-video-preview:-1\" \/>\n<link rel=\"canonical\" href=\"http:\/\/xenonkungen.com\/en\/product\/tesla-plaid-emblem-badge-silver\/\" \/>\n<meta property=\"og:locale\" content=\"en_GB\" \/>\n<meta property=\"og:type\" content=\"article\" \/>\n<meta property=\"og:title\" content=\"Tesla Plaid Emblem \/ Badge Silver - Xenonkungen\" \/>\n<meta property=\"og:description\" content=\"K\u00e4nn Plaid-kraften \u2013 utan att byta bil Ser du fram emot dagen d\u00e5 du f\u00e5r k\u00f6ra en Tesla Plaid? Nu kan du komma ett steg n\u00e4rmare \u2013 med v\u00e5rt exklusiva Plaid-emblem, designat f\u00f6r att passa perfekt p\u00e5 din Tesla. Det h\u00e4r \u00e4r det ultimata tillbeh\u00f6ret f\u00f6r dig som \u00e4lskar fart, stil och en nypa humor. [&hellip;]\" \/>\n<meta property=\"og:url\" content=\"http:\/\/xenonkungen.com\/en\/product\/tesla-plaid-emblem-badge-silver\/\" \/>\n<meta property=\"og:site_name\" content=\"Xenonkungen\" \/>\n<meta property=\"article:modified_time\" content=\"2026-04-17T13:41:00+00:00\" \/>\n<meta property=\"og:image\" content=\"https:\/\/xenonkungen.com\/wp-content\/uploads\/2025\/07\/Skarmavbild2022-03-22kl.07.43.07.webp\" \/>\n\t<meta property=\"og:image:width\" content=\"493\" \/>\n\t<meta property=\"og:image:height\" content=\"422\" \/>\n\t<meta property=\"og:image:type\" content=\"image\/webp\" \/>\n<meta name=\"twitter:card\" content=\"summary_large_image\" \/>\n<meta name=\"twitter:label1\" content=\"Estimated reading time\" \/>\n\t<meta name=\"twitter:data1\" content=\"1 minute\" \/>\n<script type=\"application\/ld+json\" class=\"yoast-schema-graph\">{\"@context\":\"https:\/\/schema.org\",\"@graph\":[{\"@type\":\"WebPage\",\"@id\":\"http:\/\/xenonkungen.com\/fi\/tuote\/tesla-plaid-emblem-badge-silver\/\",\"url\":\"http:\/\/xenonkungen.com\/fi\/tuote\/tesla-plaid-emblem-badge-silver\/\",\"name\":\"Tesla Plaid Emblem \/ Badge Silver - Xenonkungen\",\"isPartOf\":{\"@id\":\"https:\/\/xenonkungen.com\/#website\"},\"primaryImageOfPage\":{\"@id\":\"http:\/\/xenonkungen.com\/fi\/tuote\/tesla-plaid-emblem-badge-silver\/#primaryimage\"},\"image\":{\"@id\":\"http:\/\/xenonkungen.com\/fi\/tuote\/tesla-plaid-emblem-badge-silver\/#primaryimage\"},\"thumbnailUrl\":\"https:\/\/xenonkungen.com\/wp-content\/uploads\/2025\/07\/Skarmavbild2022-03-22kl.07.43.07.webp\",\"datePublished\":\"2025-07-04T12:44:31+00:00\",\"dateModified\":\"2026-04-17T13:41:00+00:00\",\"breadcrumb\":{\"@id\":\"http:\/\/xenonkungen.com\/fi\/tuote\/tesla-plaid-emblem-badge-silver\/#breadcrumb\"},\"inLanguage\":\"en-GB\",\"potentialAction\":[{\"@type\":\"ReadAction\",\"target\":[\"http:\/\/xenonkungen.com\/fi\/tuote\/tesla-plaid-emblem-badge-silver\/\"]}]},{\"@type\":\"ImageObject\",\"inLanguage\":\"en-GB\",\"@id\":\"http:\/\/xenonkungen.com\/fi\/tuote\/tesla-plaid-emblem-badge-silver\/#primaryimage\",\"url\":\"https:\/\/xenonkungen.com\/wp-content\/uploads\/2025\/07\/Skarmavbild2022-03-22kl.07.43.07.webp\",\"contentUrl\":\"https:\/\/xenonkungen.com\/wp-content\/uploads\/2025\/07\/Skarmavbild2022-03-22kl.07.43.07.webp\",\"width\":493,\"height\":422},{\"@type\":\"BreadcrumbList\",\"@id\":\"http:\/\/xenonkungen.com\/fi\/tuote\/tesla-plaid-emblem-badge-silver\/#breadcrumb\",\"itemListElement\":[{\"@type\":\"ListItem\",\"position\":1,\"name\":\"Hem\",\"item\":\"https:\/\/xenonkungen.com\/\"},{\"@type\":\"ListItem\",\"position\":2,\"name\":\"Shop\",\"item\":\"https:\/\/xenonkungen.com\/shop\/\"},{\"@type\":\"ListItem\",\"position\":3,\"name\":\"Tesla Plaid Emblem \/ Badge Silver\"}]},{\"@type\":\"WebSite\",\"@id\":\"https:\/\/xenonkungen.com\/#website\",\"url\":\"https:\/\/xenonkungen.com\/\",\"name\":\"Xenonkungen\",\"description\":\"\",\"potentialAction\":[{\"@type\":\"SearchAction\",\"target\":{\"@type\":\"EntryPoint\",\"urlTemplate\":\"https:\/\/xenonkungen.com\/?s={search_term_string}\"},\"query-input\":{\"@type\":\"PropertyValueSpecification\",\"valueRequired\":true,\"valueName\":\"search_term_string\"}}],\"inLanguage\":\"en-GB\"}]}<\/script>\n<!-- \/ Yoast SEO plugin. -->","yoast_head_json":{"title":"Tesla Plaid Emblem \/ Badge Silver - The Xenon King","robots":{"index":"index","follow":"follow","max-snippet":"max-snippet:-1","max-image-preview":"max-image-preview:large","max-video-preview":"max-video-preview:-1"},"canonical":"http:\/\/xenonkungen.com\/en\/product\/tesla-plaid-emblem-badge-silver\/","og_locale":"en_GB","og_type":"article","og_title":"Tesla Plaid Emblem \/ Badge Silver - Xenonkungen","og_description":"K\u00e4nn Plaid-kraften \u2013 utan att byta bil Ser du fram emot dagen d\u00e5 du f\u00e5r k\u00f6ra en Tesla Plaid? Nu kan du komma ett steg n\u00e4rmare \u2013 med v\u00e5rt exklusiva Plaid-emblem, designat f\u00f6r att passa perfekt p\u00e5 din Tesla. Det h\u00e4r \u00e4r det ultimata tillbeh\u00f6ret f\u00f6r dig som \u00e4lskar fart, stil och en nypa humor. [&hellip;]","og_url":"http:\/\/xenonkungen.com\/en\/product\/tesla-plaid-emblem-badge-silver\/","og_site_name":"Xenonkungen","article_modified_time":"2026-04-17T13:41:00+00:00","og_image":[{"width":493,"height":422,"url":"https:\/\/xenonkungen.com\/wp-content\/uploads\/2025\/07\/Skarmavbild2022-03-22kl.07.43.07.webp","type":"image\/webp"}],"twitter_card":"summary_large_image","twitter_misc":{"Estimated reading time":"1 minute"},"schema":{"@context":"https:\/\/schema.org","@graph":[{"@type":"WebPage","@id":"http:\/\/xenonkungen.com\/fi\/tuote\/tesla-plaid-emblem-badge-silver\/","url":"http:\/\/xenonkungen.com\/fi\/tuote\/tesla-plaid-emblem-badge-silver\/","name":"Tesla Plaid Emblem \/ Badge Silver - The Xenon King","isPartOf":{"@id":"https:\/\/xenonkungen.com\/#website"},"primaryImageOfPage":{"@id":"http:\/\/xenonkungen.com\/fi\/tuote\/tesla-plaid-emblem-badge-silver\/#primaryimage"},"image":{"@id":"http:\/\/xenonkungen.com\/fi\/tuote\/tesla-plaid-emblem-badge-silver\/#primaryimage"},"thumbnailUrl":"https:\/\/xenonkungen.com\/wp-content\/uploads\/2025\/07\/Skarmavbild2022-03-22kl.07.43.07.webp","datePublished":"2025-07-04T12:44:31+00:00","dateModified":"2026-04-17T13:41:00+00:00","breadcrumb":{"@id":"http:\/\/xenonkungen.com\/fi\/tuote\/tesla-plaid-emblem-badge-silver\/#breadcrumb"},"inLanguage":"en-GB","potentialAction":[{"@type":"ReadAction","target":["http:\/\/xenonkungen.com\/fi\/tuote\/tesla-plaid-emblem-badge-silver\/"]}]},{"@type":"ImageObject","inLanguage":"en-GB","@id":"http:\/\/xenonkungen.com\/fi\/tuote\/tesla-plaid-emblem-badge-silver\/#primaryimage","url":"https:\/\/xenonkungen.com\/wp-content\/uploads\/2025\/07\/Skarmavbild2022-03-22kl.07.43.07.webp","contentUrl":"https:\/\/xenonkungen.com\/wp-content\/uploads\/2025\/07\/Skarmavbild2022-03-22kl.07.43.07.webp","width":493,"height":422},{"@type":"BreadcrumbList","@id":"http:\/\/xenonkungen.com\/fi\/tuote\/tesla-plaid-emblem-badge-silver\/#breadcrumb","itemListElement":[{"@type":"ListItem","position":1,"name":"Hem","item":"https:\/\/xenonkungen.com\/"},{"@type":"ListItem","position":2,"name":"Shop","item":"https:\/\/xenonkungen.com\/shop\/"},{"@type":"ListItem","position":3,"name":"Tesla Plaid Emblem \/ Badge Silver"}]},{"@type":"WebSite","@id":"https:\/\/xenonkungen.com\/#website","url":"https:\/\/xenonkungen.com\/","name":"Xenonkungen","description":"","potentialAction":[{"@type":"SearchAction","target":{"@type":"EntryPoint","urlTemplate":"https:\/\/xenonkungen.com\/?s={search_term_string}"},"query-input":{"@type":"PropertyValueSpecification","valueRequired":true,"valueName":"search_term_string"}}],"inLanguage":"en-GB"}]}},"taxonomy_info":{"product_brand":[{"value":2792,"label":"TESLA"}],"product_cat":[{"value":16,"label":"Uncategorized"}]},"featured_image_src_large":["https:\/\/xenonkungen.com\/wp-content\/uploads\/2025\/07\/Skarmavbild2022-03-22kl.07.43.07.webp",493,422,false],"author_info":[],"comment_info":0,"_links":{"self":[{"href":"https:\/\/xenonkungen.com\/en\/wp-json\/wp\/v2\/product\/12071","targetHints":{"allow":["GET"]}}],"collection":[{"href":"https:\/\/xenonkungen.com\/en\/wp-json\/wp\/v2\/product"}],"about":[{"href":"https:\/\/xenonkungen.com\/en\/wp-json\/wp\/v2\/types\/product"}],"replies":[{"embeddable":true,"href":"https:\/\/xenonkungen.com\/en\/wp-json\/wp\/v2\/comments?post=12071"}],"wp:featuredmedia":[{"embeddable":true,"href":"https:\/\/xenonkungen.com\/en\/wp-json\/wp\/v2\/media\/12072"}],"wp:attachment":[{"href":"https:\/\/xenonkungen.com\/en\/wp-json\/wp\/v2\/media?parent=12071"}],"wp:term":[{"taxonomy":"anvandningsomrade","embeddable":true,"href":"https:\/\/xenonkungen.com\/en\/wp-json\/wp\/v2\/anvandningsomrade?post=12071"},{"taxonomy":"bilmarken","embeddable":true,"href":"https:\/\/xenonkungen.com\/en\/wp-json\/wp\/v2\/bilmarken?post=12071"},{"taxonomy":"product_brand","embeddable":true,"href":"https:\/\/xenonkungen.com\/en\/wp-json\/wp\/v2\/product_brand?post=12071"},{"taxonomy":"product_cat","embeddable":true,"href":"https:\/\/xenonkungen.com\/en\/wp-json\/wp\/v2\/product_cat?post=12071"},{"taxonomy":"product_tag","embeddable":true,"href":"https:\/\/xenonkungen.com\/en\/wp-json\/wp\/v2\/product_tag?post=12071"}],"curies":[{"name":"wp","href":"https:\/\/api.w.org\/{rel}","templated":true}]}}