{"id":12116,"date":"2025-07-04T13:11:27","date_gmt":"2025-07-04T13:11:27","guid":{"rendered":"https:\/\/xenonkungen.com\/?post_type=product&#038;p=12116"},"modified":"2026-04-24T17:06:33","modified_gmt":"2026-04-24T16:06:33","slug":"small-package-3d-maxpider-tesla-model-3-2021-2023","status":"publish","type":"product","link":"https:\/\/xenonkungen.com\/en\/product\/small-package-3d-maxpider-tesla-model-3-2021-2023\/","title":{"rendered":"Small Package 3D Maxpider Tesla Model 3 2021-2023"},"content":{"rendered":"<section>\n<h2>3D Maxpider - Premium floor mats for Tesla Model 3<\/h2>\n<p><strong>3D Maxpider<\/strong> is a well-known brand within the Tesla community and an obvious choice among veterans. With its <strong>3-layer construction<\/strong>With their customised fit and high quality, these rubber mats belong to the absolute premium segment - whether you're driving in city traffic or on muddy gravel roads.<\/p>\n<p>The carpets for Model 3 are designed in 3D to follow the shape of the car exactly. The <strong>high edges<\/strong> effectively retains water, dirt and grit - protecting the interior all year round. The lightweight but durable material gives an exclusive feel that stands out from the crowd.<\/p>\n<p>Of course, all carpets are <strong>completely odourless<\/strong> and made from materials that hold their shape and colour over time. They are <strong>the moulded sections<\/strong> ensures that the mats lie firmly without slipping.<\/p>\n<h3>The small packet contains:<\/h3>\n<ul>\n<li>1 floor mat - front seat left<\/li>\n<li>1 floor mat - front seat right<\/li>\n<li>1 floor mat - rear seat<\/li>\n<li>1 boot mat (large boot lid)<\/li>\n<li>1 frunk carpet (front luggage)<\/li>\n<\/ul>\n<h3>Key features:<\/h3>\n<ul>\n<li>Customised for Tesla Model 3<\/li>\n<li>3-layer construction for extra durability and comfort<\/li>\n<li>High edges to retain liquid and dirt<\/li>\n<li>Exclusive design and premium feel<\/li>\n<li>Odourless and easy to clean<\/li>\n<\/ul>\n<h3>Suitable for:<\/h3>\n<ul>\n<li>Tesla Model 3 (2018-2020)<\/li>\n<li>Tesla Model 3 (2021-2023)<\/li>\n<li>Tesla Model 3 (2024 onwards)<\/li>\n<\/ul>\n<p><strong>Protect your Tesla Model 3 with the most exclusive floor mats on the market - 3D Maxpider is the choice for those who don't compromise on quality.<\/strong><\/p>\n<\/section>","protected":false},"excerpt":{"rendered":"<p>3D Maxpider \u2013 Premium golvmattor till Tesla Model 3 3D Maxpider \u00e4r ett v\u00e4lk\u00e4nt varum\u00e4rke inom Tesla-communityn och ett sj\u00e4lvklart val bland veteraner. Med sin 3-lagers konstruktion, skr\u00e4ddarsydda passform och h\u00f6ga kvalitet tillh\u00f6r dessa gummimattor det absoluta premiumsegmentet \u2013 oavsett om du k\u00f6r i stadstrafik eller p\u00e5 leriga grusv\u00e4gar. Mattorna till Model 3 \u00e4r designade [&hellip;]<\/p>","protected":false},"featured_media":12121,"comment_status":"open","ping_status":"closed","template":"","meta":{"_acf_changed":false,"_smort_price_nok":"3733","_smort_price_dkk":"2372","_smort_price_eur":"317.71","_smort_sale_price_nok":"","_smort_sale_price_dkk":"","_smort_sale_price_eur":"269.99","smort_restorder":"","shipmondo_restorder":"","_kad_blocks_custom_css":"","_kad_blocks_head_custom_js":"","_kad_blocks_body_custom_js":"","_kad_blocks_footer_custom_js":"","smort_custom_pricelist_1":"2516.4","smort_custom_pricelist_2":"2516.4","smort_custom_pricelist_3":"2516.4","smort_custom_pricelist_4":"2796","smort_custom_pricelist_5":"2516.4"},"anvandningsomrade":[],"bilmarken":[290],"product_brand":[2792],"product_cat":[2809],"product_tag":[],"class_list":{"0":"post-12116","1":"product","2":"type-product","3":"status-publish","4":"has-post-thumbnail","6":"bilmarken-tesla","7":"product_brand-tesla","8":"product_cat-mattpaket","10":"first","11":"instock","12":"taxable","13":"shipping-taxable","14":"purchasable","15":"product-type-simple"},"bundled_by":[],"bundle_stock_status":"instock","bundle_stock_quantity":1,"bundle_virtual":false,"bundle_layout":"","bundle_add_to_cart_form_location":"","bundle_editable_in_cart":false,"bundle_sold_individually_context":"","bundle_item_grouping":"","bundle_min_size":"","bundle_max_size":"","bundle_price":[],"bundled_items":[],"bundle_sell_ids":[],"acf":[],"yoast_head":"<!-- This site is optimized with the Yoast SEO plugin v27.0 - https:\/\/yoast.com\/product\/yoast-seo-wordpress\/ -->\n<title>Litet Paket 3D Maxpider Tesla Model 3 2021-2023 - Xenonkungen<\/title>\n<meta name=\"robots\" content=\"index, follow, max-snippet:-1, max-image-preview:large, max-video-preview:-1\" \/>\n<link rel=\"canonical\" href=\"https:\/\/xenonkungen.com\/en\/product\/small-package-3d-maxpider-tesla-model-3-2021-2023\/\" \/>\n<meta property=\"og:locale\" content=\"en_GB\" \/>\n<meta property=\"og:type\" content=\"article\" \/>\n<meta property=\"og:title\" content=\"Litet Paket 3D Maxpider Tesla Model 3 2021-2023 - Xenonkungen\" \/>\n<meta property=\"og:description\" content=\"3D Maxpider \u2013 Premium golvmattor till Tesla Model 3 3D Maxpider \u00e4r ett v\u00e4lk\u00e4nt varum\u00e4rke inom Tesla-communityn och ett sj\u00e4lvklart val bland veteraner. Med sin 3-lagers konstruktion, skr\u00e4ddarsydda passform och h\u00f6ga kvalitet tillh\u00f6r dessa gummimattor det absoluta premiumsegmentet \u2013 oavsett om du k\u00f6r i stadstrafik eller p\u00e5 leriga grusv\u00e4gar. Mattorna till Model 3 \u00e4r designade [&hellip;]\" \/>\n<meta property=\"og:url\" content=\"https:\/\/xenonkungen.com\/en\/product\/small-package-3d-maxpider-tesla-model-3-2021-2023\/\" \/>\n<meta property=\"og:site_name\" content=\"Xenonkungen\" \/>\n<meta property=\"article:modified_time\" content=\"2026-04-24T16:06:33+00:00\" \/>\n<meta property=\"og:image\" content=\"https:\/\/xenonkungen.com\/wp-content\/uploads\/2025\/07\/Skarmavbild2023-11-21kl.13.01.16.webp\" \/>\n\t<meta property=\"og:image:width\" content=\"493\" \/>\n\t<meta property=\"og:image:height\" content=\"666\" \/>\n\t<meta property=\"og:image:type\" content=\"image\/webp\" \/>\n<meta name=\"twitter:card\" content=\"summary_large_image\" \/>\n<meta name=\"twitter:label1\" content=\"Estimated reading time\" \/>\n\t<meta name=\"twitter:data1\" content=\"2 minutes\" \/>\n<script type=\"application\/ld+json\" class=\"yoast-schema-graph\">{\"@context\":\"https:\/\/schema.org\",\"@graph\":[{\"@type\":\"WebPage\",\"@id\":\"https:\/\/xenonkungen.com\/no\/produkt\/liten-pakke-3d-maxpider-tesla-modell-3-2021-2023\/\",\"url\":\"https:\/\/xenonkungen.com\/no\/produkt\/liten-pakke-3d-maxpider-tesla-modell-3-2021-2023\/\",\"name\":\"Litet Paket 3D Maxpider Tesla Model 3 2021-2023 - Xenonkungen\",\"isPartOf\":{\"@id\":\"https:\/\/xenonkungen.com\/#website\"},\"primaryImageOfPage\":{\"@id\":\"https:\/\/xenonkungen.com\/no\/produkt\/liten-pakke-3d-maxpider-tesla-modell-3-2021-2023\/#primaryimage\"},\"image\":{\"@id\":\"https:\/\/xenonkungen.com\/no\/produkt\/liten-pakke-3d-maxpider-tesla-modell-3-2021-2023\/#primaryimage\"},\"thumbnailUrl\":\"https:\/\/xenonkungen.com\/wp-content\/uploads\/2025\/07\/Skarmavbild2023-11-21kl.13.01.16.webp\",\"datePublished\":\"2025-07-04T13:11:27+00:00\",\"dateModified\":\"2026-04-24T16:06:33+00:00\",\"breadcrumb\":{\"@id\":\"https:\/\/xenonkungen.com\/no\/produkt\/liten-pakke-3d-maxpider-tesla-modell-3-2021-2023\/#breadcrumb\"},\"inLanguage\":\"en-GB\",\"potentialAction\":[{\"@type\":\"ReadAction\",\"target\":[\"https:\/\/xenonkungen.com\/no\/produkt\/liten-pakke-3d-maxpider-tesla-modell-3-2021-2023\/\"]}]},{\"@type\":\"ImageObject\",\"inLanguage\":\"en-GB\",\"@id\":\"https:\/\/xenonkungen.com\/no\/produkt\/liten-pakke-3d-maxpider-tesla-modell-3-2021-2023\/#primaryimage\",\"url\":\"https:\/\/xenonkungen.com\/wp-content\/uploads\/2025\/07\/Skarmavbild2023-11-21kl.13.01.16.webp\",\"contentUrl\":\"https:\/\/xenonkungen.com\/wp-content\/uploads\/2025\/07\/Skarmavbild2023-11-21kl.13.01.16.webp\",\"width\":493,\"height\":666},{\"@type\":\"BreadcrumbList\",\"@id\":\"https:\/\/xenonkungen.com\/no\/produkt\/liten-pakke-3d-maxpider-tesla-modell-3-2021-2023\/#breadcrumb\",\"itemListElement\":[{\"@type\":\"ListItem\",\"position\":1,\"name\":\"Hem\",\"item\":\"https:\/\/xenonkungen.com\/\"},{\"@type\":\"ListItem\",\"position\":2,\"name\":\"Shop\",\"item\":\"https:\/\/xenonkungen.com\/shop\/\"},{\"@type\":\"ListItem\",\"position\":3,\"name\":\"Litet Paket 3D Maxpider Tesla Model 3 2021-2023\"}]},{\"@type\":\"WebSite\",\"@id\":\"https:\/\/xenonkungen.com\/#website\",\"url\":\"https:\/\/xenonkungen.com\/\",\"name\":\"Xenonkungen\",\"description\":\"\",\"potentialAction\":[{\"@type\":\"SearchAction\",\"target\":{\"@type\":\"EntryPoint\",\"urlTemplate\":\"https:\/\/xenonkungen.com\/?s={search_term_string}\"},\"query-input\":{\"@type\":\"PropertyValueSpecification\",\"valueRequired\":true,\"valueName\":\"search_term_string\"}}],\"inLanguage\":\"en-GB\"}]}<\/script>\n<!-- \/ Yoast SEO plugin. -->","yoast_head_json":{"title":"Small Package 3D Maxpider Tesla Model 3 2021-2023 - Xenonkungen","robots":{"index":"index","follow":"follow","max-snippet":"max-snippet:-1","max-image-preview":"max-image-preview:large","max-video-preview":"max-video-preview:-1"},"canonical":"https:\/\/xenonkungen.com\/en\/product\/small-package-3d-maxpider-tesla-model-3-2021-2023\/","og_locale":"en_GB","og_type":"article","og_title":"Litet Paket 3D Maxpider Tesla Model 3 2021-2023 - Xenonkungen","og_description":"3D Maxpider \u2013 Premium golvmattor till Tesla Model 3 3D Maxpider \u00e4r ett v\u00e4lk\u00e4nt varum\u00e4rke inom Tesla-communityn och ett sj\u00e4lvklart val bland veteraner. Med sin 3-lagers konstruktion, skr\u00e4ddarsydda passform och h\u00f6ga kvalitet tillh\u00f6r dessa gummimattor det absoluta premiumsegmentet \u2013 oavsett om du k\u00f6r i stadstrafik eller p\u00e5 leriga grusv\u00e4gar. Mattorna till Model 3 \u00e4r designade [&hellip;]","og_url":"https:\/\/xenonkungen.com\/en\/product\/small-package-3d-maxpider-tesla-model-3-2021-2023\/","og_site_name":"Xenonkungen","article_modified_time":"2026-04-24T16:06:33+00:00","og_image":[{"width":493,"height":666,"url":"https:\/\/xenonkungen.com\/wp-content\/uploads\/2025\/07\/Skarmavbild2023-11-21kl.13.01.16.webp","type":"image\/webp"}],"twitter_card":"summary_large_image","twitter_misc":{"Estimated reading time":"2 minutes"},"schema":{"@context":"https:\/\/schema.org","@graph":[{"@type":"WebPage","@id":"https:\/\/xenonkungen.com\/no\/produkt\/liten-pakke-3d-maxpider-tesla-modell-3-2021-2023\/","url":"https:\/\/xenonkungen.com\/no\/produkt\/liten-pakke-3d-maxpider-tesla-modell-3-2021-2023\/","name":"Small Package 3D Maxpider Tesla Model 3 2021-2023 - Xenonkungen","isPartOf":{"@id":"https:\/\/xenonkungen.com\/#website"},"primaryImageOfPage":{"@id":"https:\/\/xenonkungen.com\/no\/produkt\/liten-pakke-3d-maxpider-tesla-modell-3-2021-2023\/#primaryimage"},"image":{"@id":"https:\/\/xenonkungen.com\/no\/produkt\/liten-pakke-3d-maxpider-tesla-modell-3-2021-2023\/#primaryimage"},"thumbnailUrl":"https:\/\/xenonkungen.com\/wp-content\/uploads\/2025\/07\/Skarmavbild2023-11-21kl.13.01.16.webp","datePublished":"2025-07-04T13:11:27+00:00","dateModified":"2026-04-24T16:06:33+00:00","breadcrumb":{"@id":"https:\/\/xenonkungen.com\/no\/produkt\/liten-pakke-3d-maxpider-tesla-modell-3-2021-2023\/#breadcrumb"},"inLanguage":"en-GB","potentialAction":[{"@type":"ReadAction","target":["https:\/\/xenonkungen.com\/no\/produkt\/liten-pakke-3d-maxpider-tesla-modell-3-2021-2023\/"]}]},{"@type":"ImageObject","inLanguage":"en-GB","@id":"https:\/\/xenonkungen.com\/no\/produkt\/liten-pakke-3d-maxpider-tesla-modell-3-2021-2023\/#primaryimage","url":"https:\/\/xenonkungen.com\/wp-content\/uploads\/2025\/07\/Skarmavbild2023-11-21kl.13.01.16.webp","contentUrl":"https:\/\/xenonkungen.com\/wp-content\/uploads\/2025\/07\/Skarmavbild2023-11-21kl.13.01.16.webp","width":493,"height":666},{"@type":"BreadcrumbList","@id":"https:\/\/xenonkungen.com\/no\/produkt\/liten-pakke-3d-maxpider-tesla-modell-3-2021-2023\/#breadcrumb","itemListElement":[{"@type":"ListItem","position":1,"name":"Hem","item":"https:\/\/xenonkungen.com\/"},{"@type":"ListItem","position":2,"name":"Shop","item":"https:\/\/xenonkungen.com\/shop\/"},{"@type":"ListItem","position":3,"name":"Litet Paket 3D Maxpider Tesla Model 3 2021-2023"}]},{"@type":"WebSite","@id":"https:\/\/xenonkungen.com\/#website","url":"https:\/\/xenonkungen.com\/","name":"Xenonkungen","description":"","potentialAction":[{"@type":"SearchAction","target":{"@type":"EntryPoint","urlTemplate":"https:\/\/xenonkungen.com\/?s={search_term_string}"},"query-input":{"@type":"PropertyValueSpecification","valueRequired":true,"valueName":"search_term_string"}}],"inLanguage":"en-GB"}]}},"taxonomy_info":{"bilmarken":[{"value":290,"label":"Tesla"}],"product_brand":[{"value":2792,"label":"TESLA"}],"product_cat":[{"value":2809,"label":"Mattpaket"}]},"featured_image_src_large":["https:\/\/xenonkungen.com\/wp-content\/uploads\/2025\/07\/Skarmavbild2023-11-21kl.13.01.16.webp",493,666,false],"author_info":[],"comment_info":0,"_links":{"self":[{"href":"https:\/\/xenonkungen.com\/en\/wp-json\/wp\/v2\/product\/12116","targetHints":{"allow":["GET"]}}],"collection":[{"href":"https:\/\/xenonkungen.com\/en\/wp-json\/wp\/v2\/product"}],"about":[{"href":"https:\/\/xenonkungen.com\/en\/wp-json\/wp\/v2\/types\/product"}],"replies":[{"embeddable":true,"href":"https:\/\/xenonkungen.com\/en\/wp-json\/wp\/v2\/comments?post=12116"}],"wp:featuredmedia":[{"embeddable":true,"href":"https:\/\/xenonkungen.com\/en\/wp-json\/wp\/v2\/media\/12121"}],"wp:attachment":[{"href":"https:\/\/xenonkungen.com\/en\/wp-json\/wp\/v2\/media?parent=12116"}],"wp:term":[{"taxonomy":"anvandningsomrade","embeddable":true,"href":"https:\/\/xenonkungen.com\/en\/wp-json\/wp\/v2\/anvandningsomrade?post=12116"},{"taxonomy":"bilmarken","embeddable":true,"href":"https:\/\/xenonkungen.com\/en\/wp-json\/wp\/v2\/bilmarken?post=12116"},{"taxonomy":"product_brand","embeddable":true,"href":"https:\/\/xenonkungen.com\/en\/wp-json\/wp\/v2\/product_brand?post=12116"},{"taxonomy":"product_cat","embeddable":true,"href":"https:\/\/xenonkungen.com\/en\/wp-json\/wp\/v2\/product_cat?post=12116"},{"taxonomy":"product_tag","embeddable":true,"href":"https:\/\/xenonkungen.com\/en\/wp-json\/wp\/v2\/product_tag?post=12116"}],"curies":[{"name":"wp","href":"https:\/\/api.w.org\/{rel}","templated":true}]}}