{"id":1257,"date":"2025-04-15T08:01:28","date_gmt":"2025-04-15T08:01:28","guid":{"rendered":"https:\/\/xenonkungen.com\/product\/extraljusfaste-huvmontage-m6\/"},"modified":"2026-05-08T15:39:55","modified_gmt":"2026-05-08T14:39:55","slug":"extra-light-fixed-hood-assembly-m6","status":"publish","type":"product","link":"https:\/\/xenonkungen.com\/en\/product\/extra-light-fixed-hood-assembly-m6\/","title":{"rendered":"Extra light bracket | Head mounting M6"},"content":{"rendered":"<div class=\"container\">\n<h1>Extra light bracket for head mounting M6<\/h1>\n<p>Optimise your vehicle with our robust and functional auxiliary light bracket, designed for easy mounting of LED ramp, work light or auxiliary light directly on your vehicle hood. This bracket is designed with an M6 bolt hole, making it compatible with most work lights and LED ramps available on the market.<\/p>\n<p>This auxiliary light bracket is an ideal solution for those who want to upgrade their lighting in a simple and safe way. Our bracket not only guarantees a stable and reliable installation, but also a seamless integration with the vehicle's aesthetics.<\/p>\n<\/div>","protected":false},"excerpt":{"rendered":"<p>Convenient auxiliary light bracket for mounting on the hood.<\/p>","protected":false},"featured_media":1258,"comment_status":"closed","ping_status":"open","template":"","meta":{"_acf_changed":false,"_smort_price_nok":"369","_smort_price_dkk":"234","_smort_price_eur":"31.36","_smort_sale_price_nok":"","_smort_sale_price_dkk":"","_smort_sale_price_eur":"","smort_restorder":"","shipmondo_restorder":"","_kad_blocks_custom_css":"","_kad_blocks_head_custom_js":"","_kad_blocks_body_custom_js":"","_kad_blocks_footer_custom_js":"","smort_custom_pricelist_1":"220.8","smort_custom_pricelist_2":"193.2","smort_custom_pricelist_3":"183.54","smort_custom_pricelist_4":"276","smort_custom_pricelist_5":"193.2"},"anvandningsomrade":[],"bilmarken":[],"product_brand":[],"product_cat":[3073,2971,2461,2841,390],"product_tag":[],"class_list":{"0":"post-1257","1":"product","2":"type-product","3":"status-publish","4":"has-post-thumbnail","6":"product_cat-takfaste","7":"product_cat-ledramp-fasten","8":"product_cat-fasten-installation","9":"product_cat-installation-extraljus","10":"product_cat-installation","12":"first","13":"instock","14":"taxable","15":"shipping-taxable","16":"purchasable","17":"product-type-simple"},"bundled_by":[],"bundle_stock_status":"instock","bundle_stock_quantity":9,"bundle_virtual":false,"bundle_layout":"","bundle_add_to_cart_form_location":"","bundle_editable_in_cart":false,"bundle_sold_individually_context":"","bundle_item_grouping":"","bundle_min_size":"","bundle_max_size":"","bundle_price":[],"bundled_items":[],"bundle_sell_ids":[],"acf":[],"yoast_head":"<!-- This site is optimized with the Yoast SEO plugin v27.0 - https:\/\/yoast.com\/product\/yoast-seo-wordpress\/ -->\n<title>Extraljusf\u00e4ste | Huvmontage M6 - Xenonkungen<\/title>\n<meta name=\"robots\" content=\"index, follow, max-snippet:-1, max-image-preview:large, max-video-preview:-1\" \/>\n<link rel=\"canonical\" href=\"https:\/\/xenonkungen.com\/en\/product\/extra-light-fixed-hood-assembly-m6\/\" \/>\n<meta property=\"og:locale\" content=\"en_GB\" \/>\n<meta property=\"og:type\" content=\"article\" \/>\n<meta property=\"og:title\" content=\"Extraljusf\u00e4ste | Huvmontage M6 - Xenonkungen\" \/>\n<meta property=\"og:description\" content=\"Smidigt extraljusf\u00e4ste f\u00f6r montering p\u00e5 huven.\" \/>\n<meta property=\"og:url\" content=\"https:\/\/xenonkungen.com\/en\/product\/extra-light-fixed-hood-assembly-m6\/\" \/>\n<meta property=\"og:site_name\" content=\"Xenonkungen\" \/>\n<meta property=\"article:modified_time\" content=\"2026-05-08T14:39:55+00:00\" \/>\n<meta property=\"og:image\" content=\"https:\/\/xenonkungen.com\/wp-content\/uploads\/2025\/04\/181609569-origpic-fd63d4.png\" \/>\n\t<meta property=\"og:image:width\" content=\"1000\" \/>\n\t<meta property=\"og:image:height\" content=\"1000\" \/>\n\t<meta property=\"og:image:type\" content=\"image\/png\" \/>\n<meta name=\"twitter:card\" content=\"summary_large_image\" \/>\n<meta name=\"twitter:label1\" content=\"Estimated reading time\" \/>\n\t<meta name=\"twitter:data1\" content=\"1 minute\" \/>\n<script type=\"application\/ld+json\" class=\"yoast-schema-graph\">{\"@context\":\"https:\/\/schema.org\",\"@graph\":[{\"@type\":\"WebPage\",\"@id\":\"https:\/\/xenonkungen.com\/produkt\/extraljusfaste-huvmontage-m6\/\",\"url\":\"https:\/\/xenonkungen.com\/produkt\/extraljusfaste-huvmontage-m6\/\",\"name\":\"Extraljusf\u00e4ste | Huvmontage M6 - Xenonkungen\",\"isPartOf\":{\"@id\":\"https:\/\/xenonkungen.com\/#website\"},\"primaryImageOfPage\":{\"@id\":\"https:\/\/xenonkungen.com\/produkt\/extraljusfaste-huvmontage-m6\/#primaryimage\"},\"image\":{\"@id\":\"https:\/\/xenonkungen.com\/produkt\/extraljusfaste-huvmontage-m6\/#primaryimage\"},\"thumbnailUrl\":\"https:\/\/xenonkungen.com\/wp-content\/uploads\/2025\/04\/181609569-origpic-fd63d4.png\",\"datePublished\":\"2025-04-15T08:01:28+00:00\",\"dateModified\":\"2026-05-08T14:39:55+00:00\",\"breadcrumb\":{\"@id\":\"https:\/\/xenonkungen.com\/produkt\/extraljusfaste-huvmontage-m6\/#breadcrumb\"},\"inLanguage\":\"en-GB\",\"potentialAction\":[{\"@type\":\"ReadAction\",\"target\":[\"https:\/\/xenonkungen.com\/produkt\/extraljusfaste-huvmontage-m6\/\"]}]},{\"@type\":\"ImageObject\",\"inLanguage\":\"en-GB\",\"@id\":\"https:\/\/xenonkungen.com\/produkt\/extraljusfaste-huvmontage-m6\/#primaryimage\",\"url\":\"https:\/\/xenonkungen.com\/wp-content\/uploads\/2025\/04\/181609569-origpic-fd63d4.png\",\"contentUrl\":\"https:\/\/xenonkungen.com\/wp-content\/uploads\/2025\/04\/181609569-origpic-fd63d4.png\",\"width\":1000,\"height\":1000},{\"@type\":\"BreadcrumbList\",\"@id\":\"https:\/\/xenonkungen.com\/produkt\/extraljusfaste-huvmontage-m6\/#breadcrumb\",\"itemListElement\":[{\"@type\":\"ListItem\",\"position\":1,\"name\":\"Hem\",\"item\":\"https:\/\/xenonkungen.com\/\"},{\"@type\":\"ListItem\",\"position\":2,\"name\":\"Shop\",\"item\":\"https:\/\/xenonkungen.com\/shop\/\"},{\"@type\":\"ListItem\",\"position\":3,\"name\":\"Extraljusf\u00e4ste | Huvmontage M6\"}]},{\"@type\":\"WebSite\",\"@id\":\"https:\/\/xenonkungen.com\/#website\",\"url\":\"https:\/\/xenonkungen.com\/\",\"name\":\"Xenonkungen\",\"description\":\"\",\"potentialAction\":[{\"@type\":\"SearchAction\",\"target\":{\"@type\":\"EntryPoint\",\"urlTemplate\":\"https:\/\/xenonkungen.com\/?s={search_term_string}\"},\"query-input\":{\"@type\":\"PropertyValueSpecification\",\"valueRequired\":true,\"valueName\":\"search_term_string\"}}],\"inLanguage\":\"en-GB\"}]}<\/script>\n<!-- \/ Yoast SEO plugin. -->","yoast_head_json":{"title":"Auxiliary light bracket | Hood mounting M6 - Xenonkungen","robots":{"index":"index","follow":"follow","max-snippet":"max-snippet:-1","max-image-preview":"max-image-preview:large","max-video-preview":"max-video-preview:-1"},"canonical":"https:\/\/xenonkungen.com\/en\/product\/extra-light-fixed-hood-assembly-m6\/","og_locale":"en_GB","og_type":"article","og_title":"Extraljusf\u00e4ste | Huvmontage M6 - Xenonkungen","og_description":"Smidigt extraljusf\u00e4ste f\u00f6r montering p\u00e5 huven.","og_url":"https:\/\/xenonkungen.com\/en\/product\/extra-light-fixed-hood-assembly-m6\/","og_site_name":"Xenonkungen","article_modified_time":"2026-05-08T14:39:55+00:00","og_image":[{"width":1000,"height":1000,"url":"https:\/\/xenonkungen.com\/wp-content\/uploads\/2025\/04\/181609569-origpic-fd63d4.png","type":"image\/png"}],"twitter_card":"summary_large_image","twitter_misc":{"Estimated reading time":"1 minute"},"schema":{"@context":"https:\/\/schema.org","@graph":[{"@type":"WebPage","@id":"https:\/\/xenonkungen.com\/produkt\/extraljusfaste-huvmontage-m6\/","url":"https:\/\/xenonkungen.com\/produkt\/extraljusfaste-huvmontage-m6\/","name":"Auxiliary light bracket | Hood mounting M6 - Xenonkungen","isPartOf":{"@id":"https:\/\/xenonkungen.com\/#website"},"primaryImageOfPage":{"@id":"https:\/\/xenonkungen.com\/produkt\/extraljusfaste-huvmontage-m6\/#primaryimage"},"image":{"@id":"https:\/\/xenonkungen.com\/produkt\/extraljusfaste-huvmontage-m6\/#primaryimage"},"thumbnailUrl":"https:\/\/xenonkungen.com\/wp-content\/uploads\/2025\/04\/181609569-origpic-fd63d4.png","datePublished":"2025-04-15T08:01:28+00:00","dateModified":"2026-05-08T14:39:55+00:00","breadcrumb":{"@id":"https:\/\/xenonkungen.com\/produkt\/extraljusfaste-huvmontage-m6\/#breadcrumb"},"inLanguage":"en-GB","potentialAction":[{"@type":"ReadAction","target":["https:\/\/xenonkungen.com\/produkt\/extraljusfaste-huvmontage-m6\/"]}]},{"@type":"ImageObject","inLanguage":"en-GB","@id":"https:\/\/xenonkungen.com\/produkt\/extraljusfaste-huvmontage-m6\/#primaryimage","url":"https:\/\/xenonkungen.com\/wp-content\/uploads\/2025\/04\/181609569-origpic-fd63d4.png","contentUrl":"https:\/\/xenonkungen.com\/wp-content\/uploads\/2025\/04\/181609569-origpic-fd63d4.png","width":1000,"height":1000},{"@type":"BreadcrumbList","@id":"https:\/\/xenonkungen.com\/produkt\/extraljusfaste-huvmontage-m6\/#breadcrumb","itemListElement":[{"@type":"ListItem","position":1,"name":"Hem","item":"https:\/\/xenonkungen.com\/"},{"@type":"ListItem","position":2,"name":"Shop","item":"https:\/\/xenonkungen.com\/shop\/"},{"@type":"ListItem","position":3,"name":"Extraljusf\u00e4ste | Huvmontage M6"}]},{"@type":"WebSite","@id":"https:\/\/xenonkungen.com\/#website","url":"https:\/\/xenonkungen.com\/","name":"Xenonkungen","description":"","potentialAction":[{"@type":"SearchAction","target":{"@type":"EntryPoint","urlTemplate":"https:\/\/xenonkungen.com\/?s={search_term_string}"},"query-input":{"@type":"PropertyValueSpecification","valueRequired":true,"valueName":"search_term_string"}}],"inLanguage":"en-GB"}]}},"taxonomy_info":{"product_cat":[{"value":3073,"label":"Takf\u00e4ste"},{"value":2971,"label":"F\u00e4ste till ledramp"},{"value":2461,"label":"F\u00e4sten"},{"value":2841,"label":"Installation extraljus"},{"value":390,"label":"Installation"}]},"featured_image_src_large":["https:\/\/xenonkungen.com\/wp-content\/uploads\/2025\/04\/181609569-origpic-fd63d4.png",1000,1000,false],"author_info":[],"comment_info":0,"_links":{"self":[{"href":"https:\/\/xenonkungen.com\/en\/wp-json\/wp\/v2\/product\/1257","targetHints":{"allow":["GET"]}}],"collection":[{"href":"https:\/\/xenonkungen.com\/en\/wp-json\/wp\/v2\/product"}],"about":[{"href":"https:\/\/xenonkungen.com\/en\/wp-json\/wp\/v2\/types\/product"}],"replies":[{"embeddable":true,"href":"https:\/\/xenonkungen.com\/en\/wp-json\/wp\/v2\/comments?post=1257"}],"wp:featuredmedia":[{"embeddable":true,"href":"https:\/\/xenonkungen.com\/en\/wp-json\/wp\/v2\/media\/1258"}],"wp:attachment":[{"href":"https:\/\/xenonkungen.com\/en\/wp-json\/wp\/v2\/media?parent=1257"}],"wp:term":[{"taxonomy":"anvandningsomrade","embeddable":true,"href":"https:\/\/xenonkungen.com\/en\/wp-json\/wp\/v2\/anvandningsomrade?post=1257"},{"taxonomy":"bilmarken","embeddable":true,"href":"https:\/\/xenonkungen.com\/en\/wp-json\/wp\/v2\/bilmarken?post=1257"},{"taxonomy":"product_brand","embeddable":true,"href":"https:\/\/xenonkungen.com\/en\/wp-json\/wp\/v2\/product_brand?post=1257"},{"taxonomy":"product_cat","embeddable":true,"href":"https:\/\/xenonkungen.com\/en\/wp-json\/wp\/v2\/product_cat?post=1257"},{"taxonomy":"product_tag","embeddable":true,"href":"https:\/\/xenonkungen.com\/en\/wp-json\/wp\/v2\/product_tag?post=1257"}],"curies":[{"name":"wp","href":"https:\/\/api.w.org\/{rel}","templated":true}]}}