{"id":1271,"date":"2025-04-15T08:01:28","date_gmt":"2025-04-15T08:01:28","guid":{"rendered":"https:\/\/xenonkungen.com\/product\/power-rela-12-24v-dc\/"},"modified":"2026-04-02T12:31:09","modified_gmt":"2026-04-02T11:31:09","slug":"power-relay-12-24v-dc","status":"publish","type":"product","link":"https:\/\/xenonkungen.com\/en\/product\/power-relay-12-24v-dc\/","title":{"rendered":"Switch panel 8-Button 12V\/24V 600W"},"content":{"rendered":"<h2 data-start=\"644\" data-end=\"695\">Complete and flexible control for the entire vehicle<\/h2>\n<p data-start=\"697\" data-end=\"996\">This 8-button switch panel gives you full control over work lights, auxiliary lights, LED lights, interior lighting and other electrical accessories. With eight separate and fused connection points, you can easily control everything from lighting to the refrigerator, coffee maker or other equipment in your vehicle.<\/p>\n<p data-start=\"998\" data-end=\"1218\">The system is adapted for both 12V and 24V and can handle a maximum load of 600W at 12VDC and 1200W at 24VDC, making it suitable for passenger cars, vans, trucks, construction machinery and special vehicles.<\/p>\n<h2 data-start=\"1220\" data-end=\"1252\">Safe and clear installation<\/h2>\n<p data-start=\"1254\" data-end=\"1391\">Each output is individually fused for increased safety and reliable operation. The distribution is optimized for different types of equipment:<\/p>\n<ul data-start=\"1393\" data-end=\"1439\">\n<li data-start=\"1393\" data-end=\"1403\">\n<p data-start=\"1395\" data-end=\"1403\">2 x 5A<\/p>\n<\/li>\n<li data-start=\"1404\" data-end=\"1415\">\n<p data-start=\"1406\" data-end=\"1415\">2 x 10A<\/p>\n<\/li>\n<li data-start=\"1416\" data-end=\"1427\">\n<p data-start=\"1418\" data-end=\"1427\">2x20A<\/p>\n<\/li>\n<li data-start=\"1428\" data-end=\"1439\">\n<p data-start=\"1430\" data-end=\"1439\">2 x 30A<\/p>\n<\/li>\n<\/ul>\n<p data-start=\"1441\" data-end=\"1673\">A sheet of stickers is included to apply to the buttons, allowing you to clearly label each function. This provides a professional, structured and easy-to-understand installation \u2013 perfect in the dark or during intensive use.<\/p>\n<h2 data-start=\"1675\" data-end=\"1705\">Adapted for modern vehicles<\/h2>\n<p data-start=\"1707\" data-end=\"2066\">The switch panel is designed to provide a clean and organized electrical installation without unnecessary separate switches. The result is a stylish cockpit with full control over all additional equipment. Whether it is work lighting on a construction site, additional lighting for driving at night or comfort equipment in service vehicles, this is a flexible and future-proof solution.<\/p>","protected":false},"excerpt":{"rendered":"<p>Complete control system with 8 fused outputs for work lights, LED lights and accessories. Handles up to 600W at 12V and 1200W at 24V \u2013 perfect for both passenger cars and work vehicles.<\/p>","protected":false},"featured_media":1272,"comment_status":"closed","ping_status":"closed","template":"","meta":{"_acf_changed":false,"_smort_price_nok":"2879","_smort_price_dkk":"1829","_smort_price_eur":"244.99","_smort_sale_price_nok":"","_smort_sale_price_dkk":"","_smort_sale_price_eur":"","smort_restorder":"","shipmondo_restorder":"","_kad_blocks_custom_css":"","_kad_blocks_head_custom_js":"","_kad_blocks_body_custom_js":"","_kad_blocks_footer_custom_js":"","smort_custom_pricelist_1":"1724.8","smort_custom_pricelist_2":"1293.6","smort_custom_pricelist_3":"1228.92","smort_custom_pricelist_4":"2156","smort_custom_pricelist_5":"1293.6"},"anvandningsomrade":[],"bilmarken":[],"product_brand":[117],"product_cat":[2841,2468,2464,390],"product_tag":[],"class_list":{"0":"post-1271","1":"product","2":"type-product","3":"status-publish","4":"has-post-thumbnail","6":"product_brand-xenonkungen","7":"product_cat-installation-extraljus","8":"product_cat-rela","9":"product_cat-styrenhet-installation","10":"product_cat-installation","11":"pa_volt-v-12-24-multivolt","13":"first","14":"instock","15":"taxable","16":"shipping-taxable","17":"purchasable","18":"product-type-simple"},"bundled_by":[],"bundle_stock_status":"instock","bundle_stock_quantity":6,"bundle_virtual":false,"bundle_layout":"","bundle_add_to_cart_form_location":"","bundle_editable_in_cart":false,"bundle_sold_individually_context":"","bundle_item_grouping":"","bundle_min_size":"","bundle_max_size":"","bundle_price":[],"bundled_items":[],"bundle_sell_ids":[],"acf":[],"yoast_head":"<!-- This site is optimized with the Yoast SEO plugin v27.0 - https:\/\/yoast.com\/product\/yoast-seo-wordpress\/ -->\n<title>Switchpanel 8-Knapp 12V\/24V 600W - Xenonkungen Switchpanel 8-Knapp 600W\/1200W 12V\/24V - Xenonkungen<\/title>\n<meta name=\"description\" content=\"K\u00f6p Switchpanel 8-Knapp f\u00f6r arbetsljus och ledramp. 8 avs\u00e4krade utg\u00e5ngar upp till 600W\/1200W. Snabb leverans. \u00d6ppet k\u00f6p 30 dagar. Handla enkelt p\u00e5 xenonkungen.com!\" \/>\n<meta name=\"robots\" content=\"index, follow, max-snippet:-1, max-image-preview:large, max-video-preview:-1\" \/>\n<link rel=\"canonical\" href=\"https:\/\/xenonkungen.com\/en\/product\/power-relay-12-24v-dc\/\" \/>\n<meta property=\"og:locale\" content=\"en_GB\" \/>\n<meta property=\"og:type\" content=\"article\" \/>\n<meta property=\"og:title\" content=\"Switchpanel 8-Knapp 12V\/24V 600W - Xenonkungen Switchpanel 8-Knapp 600W\/1200W 12V\/24V - Xenonkungen\" \/>\n<meta property=\"og:description\" content=\"K\u00f6p Switchpanel 8-Knapp f\u00f6r arbetsljus och ledramp. 8 avs\u00e4krade utg\u00e5ngar upp till 600W\/1200W. Snabb leverans. \u00d6ppet k\u00f6p 30 dagar. Handla enkelt p\u00e5 xenonkungen.com!\" \/>\n<meta property=\"og:url\" content=\"https:\/\/xenonkungen.com\/en\/product\/power-relay-12-24v-dc\/\" \/>\n<meta property=\"og:site_name\" content=\"Xenonkungen\" \/>\n<meta property=\"article:modified_time\" content=\"2026-04-02T11:31:09+00:00\" \/>\n<meta property=\"og:image\" content=\"https:\/\/xenonkungen.com\/wp-content\/uploads\/2025\/04\/193310508-origpic-94bce2.jpg\" \/>\n\t<meta property=\"og:image:width\" content=\"1000\" \/>\n\t<meta property=\"og:image:height\" content=\"1000\" \/>\n\t<meta property=\"og:image:type\" content=\"image\/jpeg\" \/>\n<meta name=\"twitter:card\" content=\"summary_large_image\" \/>\n<meta name=\"twitter:label1\" content=\"Estimated reading time\" \/>\n\t<meta name=\"twitter:data1\" content=\"2 minutes\" \/>\n<script type=\"application\/ld+json\" class=\"yoast-schema-graph\">{\"@context\":\"https:\/\/schema.org\",\"@graph\":[{\"@type\":\"WebPage\",\"@id\":\"https:\/\/xenonkungen.com\/produkt\/power-rela-12-24v-dc\/\",\"url\":\"https:\/\/xenonkungen.com\/produkt\/power-rela-12-24v-dc\/\",\"name\":\"Switchpanel 8-Knapp 12V\/24V 600W - Xenonkungen Switchpanel 8-Knapp 600W\/1200W 12V\/24V - Xenonkungen\",\"isPartOf\":{\"@id\":\"https:\/\/xenonkungen.com\/#website\"},\"primaryImageOfPage\":{\"@id\":\"https:\/\/xenonkungen.com\/produkt\/power-rela-12-24v-dc\/#primaryimage\"},\"image\":{\"@id\":\"https:\/\/xenonkungen.com\/produkt\/power-rela-12-24v-dc\/#primaryimage\"},\"thumbnailUrl\":\"https:\/\/xenonkungen.com\/wp-content\/uploads\/2025\/04\/193310508-origpic-94bce2.jpg\",\"datePublished\":\"2025-04-15T08:01:28+00:00\",\"dateModified\":\"2026-04-02T11:31:09+00:00\",\"description\":\"K\u00f6p Switchpanel 8-Knapp f\u00f6r arbetsljus och ledramp. 8 avs\u00e4krade utg\u00e5ngar upp till 600W\/1200W. Snabb leverans. \u00d6ppet k\u00f6p 30 dagar. Handla enkelt p\u00e5 xenonkungen.com!\",\"breadcrumb\":{\"@id\":\"https:\/\/xenonkungen.com\/produkt\/power-rela-12-24v-dc\/#breadcrumb\"},\"inLanguage\":\"en-GB\",\"potentialAction\":[{\"@type\":\"ReadAction\",\"target\":[\"https:\/\/xenonkungen.com\/produkt\/power-rela-12-24v-dc\/\"]}]},{\"@type\":\"ImageObject\",\"inLanguage\":\"en-GB\",\"@id\":\"https:\/\/xenonkungen.com\/produkt\/power-rela-12-24v-dc\/#primaryimage\",\"url\":\"https:\/\/xenonkungen.com\/wp-content\/uploads\/2025\/04\/193310508-origpic-94bce2.jpg\",\"contentUrl\":\"https:\/\/xenonkungen.com\/wp-content\/uploads\/2025\/04\/193310508-origpic-94bce2.jpg\",\"width\":1000,\"height\":1000},{\"@type\":\"BreadcrumbList\",\"@id\":\"https:\/\/xenonkungen.com\/produkt\/power-rela-12-24v-dc\/#breadcrumb\",\"itemListElement\":[{\"@type\":\"ListItem\",\"position\":1,\"name\":\"Hem\",\"item\":\"https:\/\/xenonkungen.com\/\"},{\"@type\":\"ListItem\",\"position\":2,\"name\":\"Shop\",\"item\":\"https:\/\/xenonkungen.com\/shop\/\"},{\"@type\":\"ListItem\",\"position\":3,\"name\":\"Switchpanel 8-Knapp 12V\/24V 600W\"}]},{\"@type\":\"WebSite\",\"@id\":\"https:\/\/xenonkungen.com\/#website\",\"url\":\"https:\/\/xenonkungen.com\/\",\"name\":\"Xenonkungen\",\"description\":\"\",\"potentialAction\":[{\"@type\":\"SearchAction\",\"target\":{\"@type\":\"EntryPoint\",\"urlTemplate\":\"https:\/\/xenonkungen.com\/?s={search_term_string}\"},\"query-input\":{\"@type\":\"PropertyValueSpecification\",\"valueRequired\":true,\"valueName\":\"search_term_string\"}}],\"inLanguage\":\"en-GB\"}]}<\/script>\n<!-- \/ Yoast SEO plugin. -->","yoast_head_json":{"title":"Switch panel 8-Button 12V\/24V 600W - The Xenon King Switch panel 8-Button 600W\/1200W 12V\/24V - The Xenon King","description":"Buy Switchpanel 8-Button for work lights and LED lights. 8 fused outputs up to 600W\/1200W. Fast delivery. Open purchase 30 days. Shop easily at xenonkungen.com!","robots":{"index":"index","follow":"follow","max-snippet":"max-snippet:-1","max-image-preview":"max-image-preview:large","max-video-preview":"max-video-preview:-1"},"canonical":"https:\/\/xenonkungen.com\/en\/product\/power-relay-12-24v-dc\/","og_locale":"en_GB","og_type":"article","og_title":"Switchpanel 8-Knapp 12V\/24V 600W - Xenonkungen Switchpanel 8-Knapp 600W\/1200W 12V\/24V - Xenonkungen","og_description":"K\u00f6p Switchpanel 8-Knapp f\u00f6r arbetsljus och ledramp. 8 avs\u00e4krade utg\u00e5ngar upp till 600W\/1200W. Snabb leverans. \u00d6ppet k\u00f6p 30 dagar. Handla enkelt p\u00e5 xenonkungen.com!","og_url":"https:\/\/xenonkungen.com\/en\/product\/power-relay-12-24v-dc\/","og_site_name":"Xenonkungen","article_modified_time":"2026-04-02T11:31:09+00:00","og_image":[{"width":1000,"height":1000,"url":"https:\/\/xenonkungen.com\/wp-content\/uploads\/2025\/04\/193310508-origpic-94bce2.jpg","type":"image\/jpeg"}],"twitter_card":"summary_large_image","twitter_misc":{"Estimated reading time":"2 minutes"},"schema":{"@context":"https:\/\/schema.org","@graph":[{"@type":"WebPage","@id":"https:\/\/xenonkungen.com\/produkt\/power-rela-12-24v-dc\/","url":"https:\/\/xenonkungen.com\/produkt\/power-rela-12-24v-dc\/","name":"Switch panel 8-Button 12V\/24V 600W - The Xenon King Switch panel 8-Button 600W\/1200W 12V\/24V - The Xenon King","isPartOf":{"@id":"https:\/\/xenonkungen.com\/#website"},"primaryImageOfPage":{"@id":"https:\/\/xenonkungen.com\/produkt\/power-rela-12-24v-dc\/#primaryimage"},"image":{"@id":"https:\/\/xenonkungen.com\/produkt\/power-rela-12-24v-dc\/#primaryimage"},"thumbnailUrl":"https:\/\/xenonkungen.com\/wp-content\/uploads\/2025\/04\/193310508-origpic-94bce2.jpg","datePublished":"2025-04-15T08:01:28+00:00","dateModified":"2026-04-02T11:31:09+00:00","description":"Buy Switchpanel 8-Button for work lights and LED lights. 8 fused outputs up to 600W\/1200W. Fast delivery. Open purchase 30 days. Shop easily at xenonkungen.com!","breadcrumb":{"@id":"https:\/\/xenonkungen.com\/produkt\/power-rela-12-24v-dc\/#breadcrumb"},"inLanguage":"en-GB","potentialAction":[{"@type":"ReadAction","target":["https:\/\/xenonkungen.com\/produkt\/power-rela-12-24v-dc\/"]}]},{"@type":"ImageObject","inLanguage":"en-GB","@id":"https:\/\/xenonkungen.com\/produkt\/power-rela-12-24v-dc\/#primaryimage","url":"https:\/\/xenonkungen.com\/wp-content\/uploads\/2025\/04\/193310508-origpic-94bce2.jpg","contentUrl":"https:\/\/xenonkungen.com\/wp-content\/uploads\/2025\/04\/193310508-origpic-94bce2.jpg","width":1000,"height":1000},{"@type":"BreadcrumbList","@id":"https:\/\/xenonkungen.com\/produkt\/power-rela-12-24v-dc\/#breadcrumb","itemListElement":[{"@type":"ListItem","position":1,"name":"Hem","item":"https:\/\/xenonkungen.com\/"},{"@type":"ListItem","position":2,"name":"Shop","item":"https:\/\/xenonkungen.com\/shop\/"},{"@type":"ListItem","position":3,"name":"Switchpanel 8-Knapp 12V\/24V 600W"}]},{"@type":"WebSite","@id":"https:\/\/xenonkungen.com\/#website","url":"https:\/\/xenonkungen.com\/","name":"Xenonkungen","description":"","potentialAction":[{"@type":"SearchAction","target":{"@type":"EntryPoint","urlTemplate":"https:\/\/xenonkungen.com\/?s={search_term_string}"},"query-input":{"@type":"PropertyValueSpecification","valueRequired":true,"valueName":"search_term_string"}}],"inLanguage":"en-GB"}]}},"taxonomy_info":{"product_brand":[{"value":117,"label":"Xenonkungen"}],"product_cat":[{"value":2841,"label":"Installation extraljus"},{"value":2468,"label":"Rel\u00e4"},{"value":2464,"label":"Styrenhet"},{"value":390,"label":"Installation"}],"pa_volt-v":[{"value":367,"label":"12, 24, Multivolt"}]},"featured_image_src_large":["https:\/\/xenonkungen.com\/wp-content\/uploads\/2025\/04\/193310508-origpic-94bce2.jpg",1000,1000,false],"author_info":[],"comment_info":0,"_links":{"self":[{"href":"https:\/\/xenonkungen.com\/en\/wp-json\/wp\/v2\/product\/1271","targetHints":{"allow":["GET"]}}],"collection":[{"href":"https:\/\/xenonkungen.com\/en\/wp-json\/wp\/v2\/product"}],"about":[{"href":"https:\/\/xenonkungen.com\/en\/wp-json\/wp\/v2\/types\/product"}],"replies":[{"embeddable":true,"href":"https:\/\/xenonkungen.com\/en\/wp-json\/wp\/v2\/comments?post=1271"}],"wp:featuredmedia":[{"embeddable":true,"href":"https:\/\/xenonkungen.com\/en\/wp-json\/wp\/v2\/media\/1272"}],"wp:attachment":[{"href":"https:\/\/xenonkungen.com\/en\/wp-json\/wp\/v2\/media?parent=1271"}],"wp:term":[{"taxonomy":"anvandningsomrade","embeddable":true,"href":"https:\/\/xenonkungen.com\/en\/wp-json\/wp\/v2\/anvandningsomrade?post=1271"},{"taxonomy":"bilmarken","embeddable":true,"href":"https:\/\/xenonkungen.com\/en\/wp-json\/wp\/v2\/bilmarken?post=1271"},{"taxonomy":"product_brand","embeddable":true,"href":"https:\/\/xenonkungen.com\/en\/wp-json\/wp\/v2\/product_brand?post=1271"},{"taxonomy":"product_cat","embeddable":true,"href":"https:\/\/xenonkungen.com\/en\/wp-json\/wp\/v2\/product_cat?post=1271"},{"taxonomy":"product_tag","embeddable":true,"href":"https:\/\/xenonkungen.com\/en\/wp-json\/wp\/v2\/product_tag?post=1271"}],"curies":[{"name":"wp","href":"https:\/\/api.w.org\/{rel}","templated":true}]}}