{"id":12882,"date":"2025-08-26T12:30:27","date_gmt":"2025-08-26T12:30:27","guid":{"rendered":"https:\/\/xenonkungen.com\/?post_type=product&#038;p=12882"},"modified":"2026-04-24T17:00:12","modified_gmt":"2026-04-24T16:00:12","slug":"luxtar-pro-noir-wl90-curved","status":"publish","type":"product","link":"https:\/\/xenonkungen.com\/en\/product\/luxtar-pro-noir-wl90-curved\/","title":{"rendered":"Luxtar\u00ae PRO Black WL90 Curved"},"content":{"rendered":"<p><b><span data-contrast=\"auto\">Powerful Work Lamp with Wide Flood Light Distribution<\/span><\/b><span data-ccp-props=\"{}\">\u00a0<\/span><\/p>\n<p><span data-contrast=\"auto\">Maximise light in the workplace with <\/span><b><span data-contrast=\"auto\">Luxtar\u00ae PRO Black WL90 Curved<\/span><\/b><span data-contrast=\"auto\">, the larger and even more powerful model in the popular Noir range. With the <\/span><b><span data-contrast=\"auto\">9 high performance 10W Osram LED<\/span><\/b><span data-contrast=\"auto\"> and advanced <\/span><b><span data-contrast=\"auto\">TIR lens optics<\/span><\/b><span data-contrast=\"auto\"> this robust work light delivers the full <\/span><b><span data-contrast=\"auto\">7 800 actual lumens<\/span><\/b><span data-contrast=\"auto\"> in a <\/span><b><span data-contrast=\"auto\">120\u00b0 wide flood light cone<\/span><\/b><span data-contrast=\"auto\">. Ideal for heavy vehicles, construction machinery and industrial use where reliable lighting is essential.<\/span><span data-ccp-props=\"{}\">\u00a0<\/span><\/p>\n<p><span data-contrast=\"auto\">Like their smaller siblings, they build <\/span><b><span data-contrast=\"auto\">Noir series<\/span><\/b><span data-contrast=\"auto\"> on Luxtar's successful previous models - now with <\/span><b><span data-contrast=\"auto\">improved optics, more powerful components and a dark-tinted lens<\/span><\/b><span data-contrast=\"auto\"> that blends in with modern vehicle design. With its sleek and stylish design, the WL90 represents the next step in the evolution of professional task lighting.<\/span><span data-ccp-props=\"{}\">\u00a0<\/span><\/p>\n<p><span data-contrast=\"auto\">Thanks to <\/span><b><span data-contrast=\"auto\">IP69K protection<\/span><\/b><span data-contrast=\"auto\">, <\/span><b><span data-contrast=\"auto\">Electronic Thermoregulation (ETM)<\/span><\/b><span data-contrast=\"auto\"> and robust construction, the WL90 Curved is designed for the toughest environments.<\/span><span data-ccp-props=\"{}\">\u00a0<\/span><\/p>\n<p><b><span data-contrast=\"auto\">Key features<\/span><\/b><span data-ccp-props=\"{}\">\u00a0<\/span><\/p>\n<ul>\n<li aria-setsize=\"-1\" data-leveltext=\"\uf0b7\" data-font=\"Symbol\" data-listid=\"1\" data-list-defn-props=\"{&quot;335552541&quot;:1,&quot;335559685&quot;:720,&quot;335559991&quot;:360,&quot;469769226&quot;:&quot;Symbol&quot;,&quot;469769242&quot;:[8226],&quot;469777803&quot;:&quot;left&quot;,&quot;469777804&quot;:&quot;\uf0b7&quot;,&quot;469777815&quot;:&quot;multilevel&quot;}\" data-aria-posinset=\"1\" data-aria-level=\"1\"><b><span data-contrast=\"auto\">Wide Flood lighting<\/span><\/b><span data-contrast=\"auto\"> - 120\u00b0 diffused light pattern for maximum workspace<\/span><span data-ccp-props=\"{}\">\u00a0<\/span><\/li>\n<\/ul>\n<ul>\n<li aria-setsize=\"-1\" data-leveltext=\"\uf0b7\" data-font=\"Symbol\" data-listid=\"1\" data-list-defn-props=\"{&quot;335552541&quot;:1,&quot;335559685&quot;:720,&quot;335559991&quot;:360,&quot;469769226&quot;:&quot;Symbol&quot;,&quot;469769242&quot;:[8226],&quot;469777803&quot;:&quot;left&quot;,&quot;469777804&quot;:&quot;\uf0b7&quot;,&quot;469777815&quot;:&quot;multilevel&quot;}\" data-aria-posinset=\"2\" data-aria-level=\"1\"><b><span data-contrast=\"auto\">Enormous brightness<\/span><\/b><span data-contrast=\"auto\"> - 9,500 raw lumens \/ 7,800 actual lumens from 9 x 10W Osram LED<\/span><span data-ccp-props=\"{}\">\u00a0<\/span><\/li>\n<\/ul>\n<ul>\n<li aria-setsize=\"-1\" data-leveltext=\"\uf0b7\" data-font=\"Symbol\" data-listid=\"1\" data-list-defn-props=\"{&quot;335552541&quot;:1,&quot;335559685&quot;:720,&quot;335559991&quot;:360,&quot;469769226&quot;:&quot;Symbol&quot;,&quot;469769242&quot;:[8226],&quot;469777803&quot;:&quot;left&quot;,&quot;469777804&quot;:&quot;\uf0b7&quot;,&quot;469777815&quot;:&quot;multilevel&quot;}\" data-aria-posinset=\"3\" data-aria-level=\"1\"><b><span data-contrast=\"auto\">Daylight-like glow<\/span><\/b><span data-contrast=\"auto\"> - 5000K natural white light reduces eye fatigue and provides clear vision<\/span><span data-ccp-props=\"{}\">\u00a0<\/span><\/li>\n<\/ul>\n<ul>\n<li aria-setsize=\"-1\" data-leveltext=\"\uf0b7\" data-font=\"Symbol\" data-listid=\"1\" data-list-defn-props=\"{&quot;335552541&quot;:1,&quot;335559685&quot;:720,&quot;335559991&quot;:360,&quot;469769226&quot;:&quot;Symbol&quot;,&quot;469769242&quot;:[8226],&quot;469777803&quot;:&quot;left&quot;,&quot;469777804&quot;:&quot;\uf0b7&quot;,&quot;469777815&quot;:&quot;multilevel&quot;}\" data-aria-posinset=\"4\" data-aria-level=\"1\"><b><span data-contrast=\"auto\">Improved design<\/span><\/b><span data-contrast=\"auto\"> - New optics, more powerful components and stylish Noir look with dark lens<\/span><span data-ccp-props=\"{}\">\u00a0<\/span><\/li>\n<\/ul>\n<ul>\n<li aria-setsize=\"-1\" data-leveltext=\"\uf0b7\" data-font=\"Symbol\" data-listid=\"1\" data-list-defn-props=\"{&quot;335552541&quot;:1,&quot;335559685&quot;:720,&quot;335559991&quot;:360,&quot;469769226&quot;:&quot;Symbol&quot;,&quot;469769242&quot;:[8226],&quot;469777803&quot;:&quot;left&quot;,&quot;469777804&quot;:&quot;\uf0b7&quot;,&quot;469777815&quot;:&quot;multilevel&quot;}\" data-aria-posinset=\"5\" data-aria-level=\"1\"><b><span data-contrast=\"auto\">Angled work light with \"3-in-1\" optical system<\/span><\/b><span data-contrast=\"auto\"> - Optimal balance between light width, intensity and efficiency<\/span><span data-ccp-props=\"{}\">\u00a0<\/span><\/li>\n<\/ul>\n<ul>\n<li aria-setsize=\"-1\" data-leveltext=\"\uf0b7\" data-font=\"Symbol\" data-listid=\"1\" data-list-defn-props=\"{&quot;335552541&quot;:1,&quot;335559685&quot;:720,&quot;335559991&quot;:360,&quot;469769226&quot;:&quot;Symbol&quot;,&quot;469769242&quot;:[8226],&quot;469777803&quot;:&quot;left&quot;,&quot;469777804&quot;:&quot;\uf0b7&quot;,&quot;469777815&quot;:&quot;multilevel&quot;}\" data-aria-posinset=\"6\" data-aria-level=\"1\"><b><span data-contrast=\"auto\">Electronic Thermoregulation (ETM)<\/span><\/b><span data-contrast=\"auto\"> - Protects diodes and circuit boards from harmful overheating<\/span><span data-ccp-props=\"{}\">\u00a0<\/span><\/li>\n<\/ul>\n<ul>\n<li aria-setsize=\"-1\" data-leveltext=\"\uf0b7\" data-font=\"Symbol\" data-listid=\"1\" data-list-defn-props=\"{&quot;335552541&quot;:1,&quot;335559685&quot;:720,&quot;335559991&quot;:360,&quot;469769226&quot;:&quot;Symbol&quot;,&quot;469769242&quot;:[8226],&quot;469777803&quot;:&quot;left&quot;,&quot;469777804&quot;:&quot;\uf0b7&quot;,&quot;469777815&quot;:&quot;multilevel&quot;}\" data-aria-posinset=\"7\" data-aria-level=\"1\"><b><span data-contrast=\"auto\">Extreme durability<\/span><\/b><span data-contrast=\"auto\"> - IP69K-rated protection and robust aluminium housing for harsh environments<\/span><span data-ccp-props=\"{}\">\u00a0<\/span><\/li>\n<\/ul>\n<ul>\n<li aria-setsize=\"-1\" data-leveltext=\"\uf0b7\" data-font=\"Symbol\" data-listid=\"1\" data-list-defn-props=\"{&quot;335552541&quot;:1,&quot;335559685&quot;:720,&quot;335559991&quot;:360,&quot;469769226&quot;:&quot;Symbol&quot;,&quot;469769242&quot;:[8226],&quot;469777803&quot;:&quot;left&quot;,&quot;469777804&quot;:&quot;\uf0b7&quot;,&quot;469777815&quot;:&quot;multilevel&quot;}\" data-aria-posinset=\"8\" data-aria-level=\"1\"><b><span data-contrast=\"auto\">Smart electrical safety<\/span><\/b><span data-contrast=\"auto\"> - Protection against wrong polarity, over- and undervoltage<\/span><span data-ccp-props=\"{}\">\u00a0<\/span><\/li>\n<\/ul>\n<ul>\n<li aria-setsize=\"-1\" data-leveltext=\"\uf0b7\" data-font=\"Symbol\" data-listid=\"1\" data-list-defn-props=\"{&quot;335552541&quot;:1,&quot;335559685&quot;:720,&quot;335559991&quot;:360,&quot;469769226&quot;:&quot;Symbol&quot;,&quot;469769242&quot;:[8226],&quot;469777803&quot;:&quot;left&quot;,&quot;469777804&quot;:&quot;\uf0b7&quot;,&quot;469777815&quot;:&quot;multilevel&quot;}\" data-aria-posinset=\"9\" data-aria-level=\"1\"><b><span data-contrast=\"auto\">Compact curved profile<\/span><\/b><span data-contrast=\"auto\"> - Elegant design for discreet and stable mounting<\/span><span data-ccp-props=\"{}\">\u00a0<\/span><\/li>\n<\/ul>\n<ul>\n<li aria-setsize=\"-1\" data-leveltext=\"\uf0b7\" data-font=\"Symbol\" data-listid=\"1\" data-list-defn-props=\"{&quot;335552541&quot;:1,&quot;335559685&quot;:720,&quot;335559991&quot;:360,&quot;469769226&quot;:&quot;Symbol&quot;,&quot;469769242&quot;:[8226],&quot;469777803&quot;:&quot;left&quot;,&quot;469777804&quot;:&quot;\uf0b7&quot;,&quot;469777815&quot;:&quot;multilevel&quot;}\" data-aria-posinset=\"10\" data-aria-level=\"1\"><b><span data-contrast=\"auto\">Professional standard<\/span><\/b><span data-contrast=\"auto\"> - E-marked, CE, RoHS, EMC, ECE R10, CISPR25 Class 3<\/span><span data-ccp-props=\"{}\">\u00a0<\/span><\/li>\n<\/ul>\n<ul>\n<li aria-setsize=\"-1\" data-leveltext=\"\uf0b7\" data-font=\"Symbol\" data-listid=\"1\" data-list-defn-props=\"{&quot;335552541&quot;:1,&quot;335559685&quot;:720,&quot;335559991&quot;:360,&quot;469769226&quot;:&quot;Symbol&quot;,&quot;469769242&quot;:[8226],&quot;469777803&quot;:&quot;left&quot;,&quot;469777804&quot;:&quot;\uf0b7&quot;,&quot;469777815&quot;:&quot;multilevel&quot;}\" data-aria-posinset=\"11\" data-aria-level=\"1\"><b><span data-contrast=\"auto\">Heavy duty fasteners<\/span><\/b><span data-contrast=\"auto\"> - Stainless steel mounting brackets (SUS304)<\/span><span data-ccp-props=\"{}\">\u00a0<\/span><\/li>\n<\/ul>\n<p><span data-ccp-props=\"{}\"><br \/>\n<\/span><b><span data-contrast=\"auto\">Luxtar quality you can rely on<\/span><\/b><span data-ccp-props=\"{}\">\u00a0<\/span><\/p>\n<p><span data-contrast=\"auto\">Designed for reliable operation in extreme temperatures from <\/span><b><span data-contrast=\"auto\">-40\u00b0C to +60\u00b0C<\/span><\/b><span data-contrast=\"auto\">, the WL90 Curved is built for long life and high performance. With the <\/span><b><span data-contrast=\"auto\">2 year guarantee<\/span><\/b><span data-contrast=\"auto\"> you get safety and reliability in any working environment.<\/span><span data-ccp-props=\"{}\">\u00a0<\/span><\/p>\n<p><b><span data-contrast=\"auto\">Luxtar\u00ae PRO Noir WL90 Curved - uncompromising brightness and modern design in perfect balance.<\/span><\/b><span data-ccp-props=\"{}\">\u00a0<\/span><\/p>","protected":false},"excerpt":{"rendered":"<p>Kraftfull Arbetslampa med Bred Flood Ljusspridning\u00a0 Maximera ljuset p\u00e5 arbetsplatsen med Luxtar\u00ae PRO Noir WL90 Curved, den st\u00f6rre och \u00e4nnu mer kraftfulla modellen i den popul\u00e4ra Noir-serien. Med 9 h\u00f6gpresterande 10W Osram LED och avancerad TIR-linsoptik levererar denna robusta arbetslampa hela 7 800 faktiska lumen i en 120\u00b0 bred flood-ljusk\u00e4gla. Perfekt f\u00f6r tunga fordon, entreprenadmaskiner [&hellip;]<\/p>","protected":false},"featured_media":16758,"comment_status":"open","ping_status":"closed","template":"","meta":{"_acf_changed":false,"_smort_price_nok":"1810","_smort_price_dkk":"1150","_smort_price_eur":"154.08","_smort_sale_price_nok":"","_smort_sale_price_dkk":"","_smort_sale_price_eur":"","smort_restorder":"","shipmondo_restorder":"","_kad_blocks_custom_css":"","_kad_blocks_head_custom_js":"","_kad_blocks_body_custom_js":"","_kad_blocks_footer_custom_js":"","smort_custom_pricelist_1":"1084.8","smort_custom_pricelist_2":"881.4","smort_custom_pricelist_3":"818.82","smort_custom_pricelist_4":"1356","smort_custom_pricelist_5":"881.4"},"anvandningsomrade":[166],"bilmarken":[],"product_brand":[103],"product_cat":[2826,508],"product_tag":[],"class_list":{"0":"post-12882","1":"product","2":"type-product","3":"status-publish","4":"has-post-thumbnail","6":"anvandningsomrade-lastbil","7":"product_brand-luxtar","8":"product_cat-luxtar","9":"product_cat-arbetsbelysning","10":"pa_fargtemperatur-5000k","11":"pa_fuktskydd-varde-ipxx-ip69k","12":"pa_godkannande-cispr25-klass-5","13":"pa_godkannande-e-markt-ece-r10-rohs-ce-emc","14":"pa_volt-v-9-36","16":"first","17":"instock","18":"taxable","19":"shipping-taxable","20":"purchasable","21":"product-type-simple"},"bundled_by":[],"bundle_stock_status":"instock","bundle_stock_quantity":134,"bundle_virtual":false,"bundle_layout":"","bundle_add_to_cart_form_location":"","bundle_editable_in_cart":false,"bundle_sold_individually_context":"","bundle_item_grouping":"","bundle_min_size":"","bundle_max_size":"","bundle_price":[],"bundled_items":[],"bundle_sell_ids":[],"acf":[],"yoast_head":"<!-- This site is optimized with the Yoast SEO plugin v27.0 - https:\/\/yoast.com\/product\/yoast-seo-wordpress\/ -->\n<title>Luxtar\u00ae PRO Noir WL90 Curved - Xenonkungen<\/title>\n<meta name=\"robots\" content=\"index, follow, max-snippet:-1, max-image-preview:large, max-video-preview:-1\" \/>\n<link rel=\"canonical\" href=\"https:\/\/xenonkungen.com\/en\/product\/luxtar-pro-noir-wl90-curved\/\" \/>\n<meta property=\"og:locale\" content=\"en_GB\" \/>\n<meta property=\"og:type\" content=\"article\" \/>\n<meta property=\"og:title\" content=\"Luxtar\u00ae PRO Noir WL90 Curved - Xenonkungen\" \/>\n<meta property=\"og:description\" content=\"Kraftfull Arbetslampa med Bred Flood Ljusspridning\u00a0 Maximera ljuset p\u00e5 arbetsplatsen med Luxtar\u00ae PRO Noir WL90 Curved, den st\u00f6rre och \u00e4nnu mer kraftfulla modellen i den popul\u00e4ra Noir-serien. Med 9 h\u00f6gpresterande 10W Osram LED och avancerad TIR-linsoptik levererar denna robusta arbetslampa hela 7 800 faktiska lumen i en 120\u00b0 bred flood-ljusk\u00e4gla. Perfekt f\u00f6r tunga fordon, entreprenadmaskiner [&hellip;]\" \/>\n<meta property=\"og:url\" content=\"https:\/\/xenonkungen.com\/en\/product\/luxtar-pro-noir-wl90-curved\/\" \/>\n<meta property=\"og:site_name\" content=\"Xenonkungen\" \/>\n<meta property=\"article:modified_time\" content=\"2026-04-24T16:00:12+00:00\" \/>\n<meta property=\"og:image\" content=\"https:\/\/xenonkungen.com\/wp-content\/uploads\/2025\/10\/XK_ProNoir-1.png\" \/>\n\t<meta property=\"og:image:width\" content=\"1080\" \/>\n\t<meta property=\"og:image:height\" content=\"1080\" \/>\n\t<meta property=\"og:image:type\" content=\"image\/png\" \/>\n<meta name=\"twitter:card\" content=\"summary_large_image\" \/>\n<meta name=\"twitter:label1\" content=\"Estimated reading time\" \/>\n\t<meta name=\"twitter:data1\" content=\"2 minutes\" \/>\n<script type=\"application\/ld+json\" class=\"yoast-schema-graph\">{\"@context\":\"https:\/\/schema.org\",\"@graph\":[{\"@type\":\"WebPage\",\"@id\":\"https:\/\/xenonkungen.com\/produkt\/luxtar-pro-noir-wl90-curved\/\",\"url\":\"https:\/\/xenonkungen.com\/produkt\/luxtar-pro-noir-wl90-curved\/\",\"name\":\"Luxtar\u00ae PRO Noir WL90 Curved - Xenonkungen\",\"isPartOf\":{\"@id\":\"https:\/\/xenonkungen.com\/#website\"},\"primaryImageOfPage\":{\"@id\":\"https:\/\/xenonkungen.com\/produkt\/luxtar-pro-noir-wl90-curved\/#primaryimage\"},\"image\":{\"@id\":\"https:\/\/xenonkungen.com\/produkt\/luxtar-pro-noir-wl90-curved\/#primaryimage\"},\"thumbnailUrl\":\"https:\/\/xenonkungen.com\/wp-content\/uploads\/2025\/10\/XK_ProNoir-1.png\",\"datePublished\":\"2025-08-26T12:30:27+00:00\",\"dateModified\":\"2026-04-24T16:00:12+00:00\",\"breadcrumb\":{\"@id\":\"https:\/\/xenonkungen.com\/produkt\/luxtar-pro-noir-wl90-curved\/#breadcrumb\"},\"inLanguage\":\"en-GB\",\"potentialAction\":[{\"@type\":\"ReadAction\",\"target\":[\"https:\/\/xenonkungen.com\/produkt\/luxtar-pro-noir-wl90-curved\/\"]}]},{\"@type\":\"ImageObject\",\"inLanguage\":\"en-GB\",\"@id\":\"https:\/\/xenonkungen.com\/produkt\/luxtar-pro-noir-wl90-curved\/#primaryimage\",\"url\":\"https:\/\/xenonkungen.com\/wp-content\/uploads\/2025\/10\/XK_ProNoir-1.png\",\"contentUrl\":\"https:\/\/xenonkungen.com\/wp-content\/uploads\/2025\/10\/XK_ProNoir-1.png\",\"width\":1080,\"height\":1080},{\"@type\":\"BreadcrumbList\",\"@id\":\"https:\/\/xenonkungen.com\/produkt\/luxtar-pro-noir-wl90-curved\/#breadcrumb\",\"itemListElement\":[{\"@type\":\"ListItem\",\"position\":1,\"name\":\"Hem\",\"item\":\"https:\/\/xenonkungen.com\/\"},{\"@type\":\"ListItem\",\"position\":2,\"name\":\"Shop\",\"item\":\"https:\/\/xenonkungen.com\/shop\/\"},{\"@type\":\"ListItem\",\"position\":3,\"name\":\"Luxtar\u00ae PRO Noir WL90 Curved\"}]},{\"@type\":\"WebSite\",\"@id\":\"https:\/\/xenonkungen.com\/#website\",\"url\":\"https:\/\/xenonkungen.com\/\",\"name\":\"Xenonkungen\",\"description\":\"\",\"potentialAction\":[{\"@type\":\"SearchAction\",\"target\":{\"@type\":\"EntryPoint\",\"urlTemplate\":\"https:\/\/xenonkungen.com\/?s={search_term_string}\"},\"query-input\":{\"@type\":\"PropertyValueSpecification\",\"valueRequired\":true,\"valueName\":\"search_term_string\"}}],\"inLanguage\":\"en-GB\"}]}<\/script>\n<!-- \/ Yoast SEO plugin. -->","yoast_head_json":{"title":"Luxtar\u00ae PRO Noir WL90 Curved - The Xenon King","robots":{"index":"index","follow":"follow","max-snippet":"max-snippet:-1","max-image-preview":"max-image-preview:large","max-video-preview":"max-video-preview:-1"},"canonical":"https:\/\/xenonkungen.com\/en\/product\/luxtar-pro-noir-wl90-curved\/","og_locale":"en_GB","og_type":"article","og_title":"Luxtar\u00ae PRO Noir WL90 Curved - Xenonkungen","og_description":"Kraftfull Arbetslampa med Bred Flood Ljusspridning\u00a0 Maximera ljuset p\u00e5 arbetsplatsen med Luxtar\u00ae PRO Noir WL90 Curved, den st\u00f6rre och \u00e4nnu mer kraftfulla modellen i den popul\u00e4ra Noir-serien. Med 9 h\u00f6gpresterande 10W Osram LED och avancerad TIR-linsoptik levererar denna robusta arbetslampa hela 7 800 faktiska lumen i en 120\u00b0 bred flood-ljusk\u00e4gla. Perfekt f\u00f6r tunga fordon, entreprenadmaskiner [&hellip;]","og_url":"https:\/\/xenonkungen.com\/en\/product\/luxtar-pro-noir-wl90-curved\/","og_site_name":"Xenonkungen","article_modified_time":"2026-04-24T16:00:12+00:00","og_image":[{"width":1080,"height":1080,"url":"https:\/\/xenonkungen.com\/wp-content\/uploads\/2025\/10\/XK_ProNoir-1.png","type":"image\/png"}],"twitter_card":"summary_large_image","twitter_misc":{"Estimated reading time":"2 minutes"},"schema":{"@context":"https:\/\/schema.org","@graph":[{"@type":"WebPage","@id":"https:\/\/xenonkungen.com\/produkt\/luxtar-pro-noir-wl90-curved\/","url":"https:\/\/xenonkungen.com\/produkt\/luxtar-pro-noir-wl90-curved\/","name":"Luxtar\u00ae PRO Noir WL90 Curved - The Xenon King","isPartOf":{"@id":"https:\/\/xenonkungen.com\/#website"},"primaryImageOfPage":{"@id":"https:\/\/xenonkungen.com\/produkt\/luxtar-pro-noir-wl90-curved\/#primaryimage"},"image":{"@id":"https:\/\/xenonkungen.com\/produkt\/luxtar-pro-noir-wl90-curved\/#primaryimage"},"thumbnailUrl":"https:\/\/xenonkungen.com\/wp-content\/uploads\/2025\/10\/XK_ProNoir-1.png","datePublished":"2025-08-26T12:30:27+00:00","dateModified":"2026-04-24T16:00:12+00:00","breadcrumb":{"@id":"https:\/\/xenonkungen.com\/produkt\/luxtar-pro-noir-wl90-curved\/#breadcrumb"},"inLanguage":"en-GB","potentialAction":[{"@type":"ReadAction","target":["https:\/\/xenonkungen.com\/produkt\/luxtar-pro-noir-wl90-curved\/"]}]},{"@type":"ImageObject","inLanguage":"en-GB","@id":"https:\/\/xenonkungen.com\/produkt\/luxtar-pro-noir-wl90-curved\/#primaryimage","url":"https:\/\/xenonkungen.com\/wp-content\/uploads\/2025\/10\/XK_ProNoir-1.png","contentUrl":"https:\/\/xenonkungen.com\/wp-content\/uploads\/2025\/10\/XK_ProNoir-1.png","width":1080,"height":1080},{"@type":"BreadcrumbList","@id":"https:\/\/xenonkungen.com\/produkt\/luxtar-pro-noir-wl90-curved\/#breadcrumb","itemListElement":[{"@type":"ListItem","position":1,"name":"Hem","item":"https:\/\/xenonkungen.com\/"},{"@type":"ListItem","position":2,"name":"Shop","item":"https:\/\/xenonkungen.com\/shop\/"},{"@type":"ListItem","position":3,"name":"Luxtar\u00ae PRO Noir WL90 Curved"}]},{"@type":"WebSite","@id":"https:\/\/xenonkungen.com\/#website","url":"https:\/\/xenonkungen.com\/","name":"Xenonkungen","description":"","potentialAction":[{"@type":"SearchAction","target":{"@type":"EntryPoint","urlTemplate":"https:\/\/xenonkungen.com\/?s={search_term_string}"},"query-input":{"@type":"PropertyValueSpecification","valueRequired":true,"valueName":"search_term_string"}}],"inLanguage":"en-GB"}]}},"taxonomy_info":{"anvandningsomrade":[{"value":166,"label":"Lastbil"}],"product_brand":[{"value":103,"label":"LUXTAR"}],"product_cat":[{"value":2826,"label":"LUXTAR"},{"value":508,"label":"Arbetsbelysning"}],"pa_fargtemperatur":[{"value":154,"label":"5000K"}],"pa_fuktskydd-varde-ipxx":[{"value":155,"label":"IP69K"}],"pa_godkannande":[{"value":2727,"label":"CISPR25 Klass 5"},{"value":675,"label":"E-m\u00e4rkt, ECE R10, RoHs, CE, EMC"}],"pa_volt-v":[{"value":1444,"label":"9-36"}]},"featured_image_src_large":["https:\/\/xenonkungen.com\/wp-content\/uploads\/2025\/10\/XK_ProNoir-1-1024x1024.png",1024,1024,true],"author_info":[],"comment_info":0,"_links":{"self":[{"href":"https:\/\/xenonkungen.com\/en\/wp-json\/wp\/v2\/product\/12882","targetHints":{"allow":["GET"]}}],"collection":[{"href":"https:\/\/xenonkungen.com\/en\/wp-json\/wp\/v2\/product"}],"about":[{"href":"https:\/\/xenonkungen.com\/en\/wp-json\/wp\/v2\/types\/product"}],"replies":[{"embeddable":true,"href":"https:\/\/xenonkungen.com\/en\/wp-json\/wp\/v2\/comments?post=12882"}],"wp:featuredmedia":[{"embeddable":true,"href":"https:\/\/xenonkungen.com\/en\/wp-json\/wp\/v2\/media\/16758"}],"wp:attachment":[{"href":"https:\/\/xenonkungen.com\/en\/wp-json\/wp\/v2\/media?parent=12882"}],"wp:term":[{"taxonomy":"anvandningsomrade","embeddable":true,"href":"https:\/\/xenonkungen.com\/en\/wp-json\/wp\/v2\/anvandningsomrade?post=12882"},{"taxonomy":"bilmarken","embeddable":true,"href":"https:\/\/xenonkungen.com\/en\/wp-json\/wp\/v2\/bilmarken?post=12882"},{"taxonomy":"product_brand","embeddable":true,"href":"https:\/\/xenonkungen.com\/en\/wp-json\/wp\/v2\/product_brand?post=12882"},{"taxonomy":"product_cat","embeddable":true,"href":"https:\/\/xenonkungen.com\/en\/wp-json\/wp\/v2\/product_cat?post=12882"},{"taxonomy":"product_tag","embeddable":true,"href":"https:\/\/xenonkungen.com\/en\/wp-json\/wp\/v2\/product_tag?post=12882"}],"curies":[{"name":"wp","href":"https:\/\/api.w.org\/{rel}","templated":true}]}}