{"id":13314,"date":"2025-09-04T09:46:43","date_gmt":"2025-09-04T09:46:43","guid":{"rendered":"https:\/\/xenonkungen.com\/?post_type=product&#038;p=13314"},"modified":"2026-05-08T13:31:56","modified_gmt":"2026-05-08T12:31:56","slug":"osram-h1-cool-blue-intense-next-gen","status":"publish","type":"product","link":"https:\/\/xenonkungen.com\/en\/product\/osram-h1-cool-blue-intense-next-gen\/","title":{"rendered":"Osram | H1 | COOL BLUE INTENSE (NEXT GEN)"},"content":{"rendered":"<h3 data-start=\"82\" data-end=\"124\">Extra white light with up to 5 000 K<\/h3>\n<p data-start=\"126\" data-end=\"355\">Discover <strong data-start=\"134\" data-end=\"161\">OSRAM COOL BLUE INTENSE<\/strong> - high-tech halogen lamps that deliver light almost in <strong data-start=\"222\" data-end=\"235\">LED class<\/strong>. With a powerful, extra white light of up to <strong data-start=\"285\" data-end=\"296\">5 000 K<\/strong> design-conscious drivers get both style and performance in one.<\/p>\n<p data-start=\"357\" data-end=\"621\">The light is <strong data-start=\"367\" data-end=\"404\">high-contrast and daylight-like<\/strong>, which makes it more comfortable for the eyes than the light from a standard lamp. Compared to the ECE minimum requirements, COOL BLUE INTENSE offers up to <strong data-start=\"544\" data-end=\"567\">100 % brighter light<\/strong> - for a safer and more comfortable driving experience.<\/p>\n<p data-start=\"792\" data-end=\"823\"><strong data-start=\"792\" data-end=\"821\">Technical specifications:<\/strong><\/p>\n<ul data-start=\"824\" data-end=\"951\">\n<li data-start=\"824\" data-end=\"845\">\n<p data-start=\"826\" data-end=\"845\">Max. power: 68 W<\/p>\n<\/li>\n<li data-start=\"846\" data-end=\"877\">\n<p data-start=\"848\" data-end=\"877\">Nominal rated voltage: 12 V<\/p>\n<\/li>\n<li data-start=\"878\" data-end=\"903\">\n<p data-start=\"880\" data-end=\"903\">Nominal wattage: 55 W<\/p>\n<\/li>\n<li data-start=\"904\" data-end=\"928\">\n<p data-start=\"906\" data-end=\"928\">Test voltage: 13.2 V<\/p>\n<\/li>\n<li data-start=\"929\" data-end=\"951\">\n<p data-start=\"931\" data-end=\"951\">Luminous flux: 1550 lm<\/p>\n<\/li>\n<\/ul>\n<p>The modern design with <strong data-start=\"648\" data-end=\"681\">silver top (H4\/H7\/H8\/H11\/HB4)<\/strong> allows the lamp to blend in perfectly with clear-glass headlights, giving the car a sleek, modern look.<\/p>","protected":false},"excerpt":{"rendered":"<p>Extra vitt ljus med upp till 5 000 K Uppt\u00e4ck OSRAM COOL BLUE INTENSE \u2013 h\u00f6gteknologiska halogenlampor som levererar ljus n\u00e4stan i LED-klass. Med ett kraftfullt, extra vitt sken p\u00e5 upp till 5 000 K f\u00e5r designmedvetna f\u00f6rare b\u00e5de stil och prestanda i ett. Ljuset \u00e4r kontrastrikt och dagsljusliknande, vilket g\u00f6r det mer behagligt f\u00f6r [&hellip;]<\/p>","protected":false},"featured_media":13317,"comment_status":"open","ping_status":"closed","template":"","meta":{"_acf_changed":false,"_smort_price_nok":"101","_smort_price_dkk":"64","_smort_price_eur":"8.64","_smort_sale_price_nok":"","_smort_sale_price_dkk":"","_smort_sale_price_eur":"","smort_restorder":"","shipmondo_restorder":"","_kad_blocks_custom_css":"","_kad_blocks_head_custom_js":"","_kad_blocks_body_custom_js":"","_kad_blocks_footer_custom_js":"","smort_custom_pricelist_1":"60.8","smort_custom_pricelist_2":"53.2","smort_custom_pricelist_3":"49.4","smort_custom_pricelist_4":"76","smort_custom_pricelist_5":"53.2"},"anvandningsomrade":[],"bilmarken":[],"product_brand":[108],"product_cat":[2543,733],"product_tag":[],"class_list":{"0":"post-13314","1":"product","2":"type-product","3":"status-publish","4":"has-post-thumbnail","6":"product_brand-osram","7":"product_cat-halogen-halvljus-helljus","8":"product_cat-halvljus-helljus","9":"pa_fargtemperatur-5000k","10":"pa_lampsockel-kontakt-h1","11":"pa_lampsockel-kontakt-p14-5s","12":"pa_volt-v-159","14":"first","15":"instock","16":"taxable","17":"shipping-taxable","18":"purchasable","19":"product-type-simple"},"bundled_by":[],"bundle_stock_status":"instock","bundle_stock_quantity":8,"bundle_virtual":false,"bundle_layout":"","bundle_add_to_cart_form_location":"","bundle_editable_in_cart":false,"bundle_sold_individually_context":"","bundle_item_grouping":"","bundle_min_size":"","bundle_max_size":"","bundle_price":[],"bundled_items":[],"bundle_sell_ids":[],"acf":[],"yoast_head":"<!-- This site is optimized with the Yoast SEO plugin v27.0 - https:\/\/yoast.com\/product\/yoast-seo-wordpress\/ -->\n<title>Osram | H1 | COOL BLUE INTENSE (NEXT GEN) - Xenonkungen<\/title>\n<meta name=\"robots\" content=\"index, follow, max-snippet:-1, max-image-preview:large, max-video-preview:-1\" \/>\n<link rel=\"canonical\" href=\"https:\/\/xenonkungen.com\/en\/product\/osram-h1-cool-blue-intense-next-gen\/\" \/>\n<meta property=\"og:locale\" content=\"en_GB\" \/>\n<meta property=\"og:type\" content=\"article\" \/>\n<meta property=\"og:title\" content=\"Osram | H1 | COOL BLUE INTENSE (NEXT GEN) - Xenonkungen\" \/>\n<meta property=\"og:description\" content=\"Extra vitt ljus med upp till 5 000 K Uppt\u00e4ck OSRAM COOL BLUE INTENSE \u2013 h\u00f6gteknologiska halogenlampor som levererar ljus n\u00e4stan i LED-klass. Med ett kraftfullt, extra vitt sken p\u00e5 upp till 5 000 K f\u00e5r designmedvetna f\u00f6rare b\u00e5de stil och prestanda i ett. Ljuset \u00e4r kontrastrikt och dagsljusliknande, vilket g\u00f6r det mer behagligt f\u00f6r [&hellip;]\" \/>\n<meta property=\"og:url\" content=\"https:\/\/xenonkungen.com\/en\/product\/osram-h1-cool-blue-intense-next-gen\/\" \/>\n<meta property=\"og:site_name\" content=\"Xenonkungen\" \/>\n<meta property=\"article:modified_time\" content=\"2026-05-08T12:31:56+00:00\" \/>\n<meta property=\"og:image\" content=\"https:\/\/xenonkungen.com\/wp-content\/uploads\/2025\/09\/Web-publishing-COOL-BLUE-NEXT_H1_64150CBN_P14.5s_S_G15084614.webp\" \/>\n\t<meta property=\"og:image:width\" content=\"568\" \/>\n\t<meta property=\"og:image:height\" content=\"1053\" \/>\n\t<meta property=\"og:image:type\" content=\"image\/webp\" \/>\n<meta name=\"twitter:card\" content=\"summary_large_image\" \/>\n<meta name=\"twitter:label1\" content=\"Estimated reading time\" \/>\n\t<meta name=\"twitter:data1\" content=\"1 minute\" \/>\n<script type=\"application\/ld+json\" class=\"yoast-schema-graph\">{\"@context\":\"https:\/\/schema.org\",\"@graph\":[{\"@type\":\"WebPage\",\"@id\":\"https:\/\/xenonkungen.com\/produkt\/osram-h1-cool-blue-intense-next-gen\/\",\"url\":\"https:\/\/xenonkungen.com\/produkt\/osram-h1-cool-blue-intense-next-gen\/\",\"name\":\"Osram | H1 | COOL BLUE INTENSE (NEXT GEN) - Xenonkungen\",\"isPartOf\":{\"@id\":\"https:\/\/xenonkungen.com\/#website\"},\"primaryImageOfPage\":{\"@id\":\"https:\/\/xenonkungen.com\/produkt\/osram-h1-cool-blue-intense-next-gen\/#primaryimage\"},\"image\":{\"@id\":\"https:\/\/xenonkungen.com\/produkt\/osram-h1-cool-blue-intense-next-gen\/#primaryimage\"},\"thumbnailUrl\":\"https:\/\/xenonkungen.com\/wp-content\/uploads\/2025\/09\/Web-publishing-COOL-BLUE-NEXT_H1_64150CBN_P14.5s_S_G15084614.webp\",\"datePublished\":\"2025-09-04T09:46:43+00:00\",\"dateModified\":\"2026-05-08T12:31:56+00:00\",\"breadcrumb\":{\"@id\":\"https:\/\/xenonkungen.com\/produkt\/osram-h1-cool-blue-intense-next-gen\/#breadcrumb\"},\"inLanguage\":\"en-GB\",\"potentialAction\":[{\"@type\":\"ReadAction\",\"target\":[\"https:\/\/xenonkungen.com\/produkt\/osram-h1-cool-blue-intense-next-gen\/\"]}]},{\"@type\":\"ImageObject\",\"inLanguage\":\"en-GB\",\"@id\":\"https:\/\/xenonkungen.com\/produkt\/osram-h1-cool-blue-intense-next-gen\/#primaryimage\",\"url\":\"https:\/\/xenonkungen.com\/wp-content\/uploads\/2025\/09\/Web-publishing-COOL-BLUE-NEXT_H1_64150CBN_P14.5s_S_G15084614.webp\",\"contentUrl\":\"https:\/\/xenonkungen.com\/wp-content\/uploads\/2025\/09\/Web-publishing-COOL-BLUE-NEXT_H1_64150CBN_P14.5s_S_G15084614.webp\",\"width\":568,\"height\":1053},{\"@type\":\"BreadcrumbList\",\"@id\":\"https:\/\/xenonkungen.com\/produkt\/osram-h1-cool-blue-intense-next-gen\/#breadcrumb\",\"itemListElement\":[{\"@type\":\"ListItem\",\"position\":1,\"name\":\"Hem\",\"item\":\"https:\/\/xenonkungen.com\/\"},{\"@type\":\"ListItem\",\"position\":2,\"name\":\"Shop\",\"item\":\"https:\/\/xenonkungen.com\/shop\/\"},{\"@type\":\"ListItem\",\"position\":3,\"name\":\"Osram | H1 | COOL BLUE INTENSE (NEXT GEN)\"}]},{\"@type\":\"WebSite\",\"@id\":\"https:\/\/xenonkungen.com\/#website\",\"url\":\"https:\/\/xenonkungen.com\/\",\"name\":\"Xenonkungen\",\"description\":\"\",\"potentialAction\":[{\"@type\":\"SearchAction\",\"target\":{\"@type\":\"EntryPoint\",\"urlTemplate\":\"https:\/\/xenonkungen.com\/?s={search_term_string}\"},\"query-input\":{\"@type\":\"PropertyValueSpecification\",\"valueRequired\":true,\"valueName\":\"search_term_string\"}}],\"inLanguage\":\"en-GB\"}]}<\/script>\n<!-- \/ Yoast SEO plugin. -->","yoast_head_json":{"title":"Osram | H1 | COOL BLUE INTENSE (NEXT GEN) - The Xenon King","robots":{"index":"index","follow":"follow","max-snippet":"max-snippet:-1","max-image-preview":"max-image-preview:large","max-video-preview":"max-video-preview:-1"},"canonical":"https:\/\/xenonkungen.com\/en\/product\/osram-h1-cool-blue-intense-next-gen\/","og_locale":"en_GB","og_type":"article","og_title":"Osram | H1 | COOL BLUE INTENSE (NEXT GEN) - Xenonkungen","og_description":"Extra vitt ljus med upp till 5 000 K Uppt\u00e4ck OSRAM COOL BLUE INTENSE \u2013 h\u00f6gteknologiska halogenlampor som levererar ljus n\u00e4stan i LED-klass. Med ett kraftfullt, extra vitt sken p\u00e5 upp till 5 000 K f\u00e5r designmedvetna f\u00f6rare b\u00e5de stil och prestanda i ett. Ljuset \u00e4r kontrastrikt och dagsljusliknande, vilket g\u00f6r det mer behagligt f\u00f6r [&hellip;]","og_url":"https:\/\/xenonkungen.com\/en\/product\/osram-h1-cool-blue-intense-next-gen\/","og_site_name":"Xenonkungen","article_modified_time":"2026-05-08T12:31:56+00:00","og_image":[{"width":568,"height":1053,"url":"https:\/\/xenonkungen.com\/wp-content\/uploads\/2025\/09\/Web-publishing-COOL-BLUE-NEXT_H1_64150CBN_P14.5s_S_G15084614.webp","type":"image\/webp"}],"twitter_card":"summary_large_image","twitter_misc":{"Estimated reading time":"1 minute"},"schema":{"@context":"https:\/\/schema.org","@graph":[{"@type":"WebPage","@id":"https:\/\/xenonkungen.com\/produkt\/osram-h1-cool-blue-intense-next-gen\/","url":"https:\/\/xenonkungen.com\/produkt\/osram-h1-cool-blue-intense-next-gen\/","name":"Osram | H1 | COOL BLUE INTENSE (NEXT GEN) - The Xenon King","isPartOf":{"@id":"https:\/\/xenonkungen.com\/#website"},"primaryImageOfPage":{"@id":"https:\/\/xenonkungen.com\/produkt\/osram-h1-cool-blue-intense-next-gen\/#primaryimage"},"image":{"@id":"https:\/\/xenonkungen.com\/produkt\/osram-h1-cool-blue-intense-next-gen\/#primaryimage"},"thumbnailUrl":"https:\/\/xenonkungen.com\/wp-content\/uploads\/2025\/09\/Web-publishing-COOL-BLUE-NEXT_H1_64150CBN_P14.5s_S_G15084614.webp","datePublished":"2025-09-04T09:46:43+00:00","dateModified":"2026-05-08T12:31:56+00:00","breadcrumb":{"@id":"https:\/\/xenonkungen.com\/produkt\/osram-h1-cool-blue-intense-next-gen\/#breadcrumb"},"inLanguage":"en-GB","potentialAction":[{"@type":"ReadAction","target":["https:\/\/xenonkungen.com\/produkt\/osram-h1-cool-blue-intense-next-gen\/"]}]},{"@type":"ImageObject","inLanguage":"en-GB","@id":"https:\/\/xenonkungen.com\/produkt\/osram-h1-cool-blue-intense-next-gen\/#primaryimage","url":"https:\/\/xenonkungen.com\/wp-content\/uploads\/2025\/09\/Web-publishing-COOL-BLUE-NEXT_H1_64150CBN_P14.5s_S_G15084614.webp","contentUrl":"https:\/\/xenonkungen.com\/wp-content\/uploads\/2025\/09\/Web-publishing-COOL-BLUE-NEXT_H1_64150CBN_P14.5s_S_G15084614.webp","width":568,"height":1053},{"@type":"BreadcrumbList","@id":"https:\/\/xenonkungen.com\/produkt\/osram-h1-cool-blue-intense-next-gen\/#breadcrumb","itemListElement":[{"@type":"ListItem","position":1,"name":"Hem","item":"https:\/\/xenonkungen.com\/"},{"@type":"ListItem","position":2,"name":"Shop","item":"https:\/\/xenonkungen.com\/shop\/"},{"@type":"ListItem","position":3,"name":"Osram | H1 | COOL BLUE INTENSE (NEXT GEN)"}]},{"@type":"WebSite","@id":"https:\/\/xenonkungen.com\/#website","url":"https:\/\/xenonkungen.com\/","name":"Xenonkungen","description":"","potentialAction":[{"@type":"SearchAction","target":{"@type":"EntryPoint","urlTemplate":"https:\/\/xenonkungen.com\/?s={search_term_string}"},"query-input":{"@type":"PropertyValueSpecification","valueRequired":true,"valueName":"search_term_string"}}],"inLanguage":"en-GB"}]}},"taxonomy_info":{"product_brand":[{"value":108,"label":"OSRAM"}],"product_cat":[{"value":2543,"label":"Halogen"},{"value":733,"label":"Halvljus \/ Helljus"}],"pa_fargtemperatur":[{"value":154,"label":"5000K"}],"pa_lampsockel-kontakt":[{"value":336,"label":"H1"},{"value":2746,"label":"P14.5s"}],"pa_volt-v":[{"value":159,"label":"12"}]},"featured_image_src_large":["https:\/\/xenonkungen.com\/wp-content\/uploads\/2025\/09\/Web-publishing-COOL-BLUE-NEXT_H1_64150CBN_P14.5s_S_G15084614-552x1024.webp",552,1024,true],"author_info":[],"comment_info":0,"_links":{"self":[{"href":"https:\/\/xenonkungen.com\/en\/wp-json\/wp\/v2\/product\/13314","targetHints":{"allow":["GET"]}}],"collection":[{"href":"https:\/\/xenonkungen.com\/en\/wp-json\/wp\/v2\/product"}],"about":[{"href":"https:\/\/xenonkungen.com\/en\/wp-json\/wp\/v2\/types\/product"}],"replies":[{"embeddable":true,"href":"https:\/\/xenonkungen.com\/en\/wp-json\/wp\/v2\/comments?post=13314"}],"wp:featuredmedia":[{"embeddable":true,"href":"https:\/\/xenonkungen.com\/en\/wp-json\/wp\/v2\/media\/13317"}],"wp:attachment":[{"href":"https:\/\/xenonkungen.com\/en\/wp-json\/wp\/v2\/media?parent=13314"}],"wp:term":[{"taxonomy":"anvandningsomrade","embeddable":true,"href":"https:\/\/xenonkungen.com\/en\/wp-json\/wp\/v2\/anvandningsomrade?post=13314"},{"taxonomy":"bilmarken","embeddable":true,"href":"https:\/\/xenonkungen.com\/en\/wp-json\/wp\/v2\/bilmarken?post=13314"},{"taxonomy":"product_brand","embeddable":true,"href":"https:\/\/xenonkungen.com\/en\/wp-json\/wp\/v2\/product_brand?post=13314"},{"taxonomy":"product_cat","embeddable":true,"href":"https:\/\/xenonkungen.com\/en\/wp-json\/wp\/v2\/product_cat?post=13314"},{"taxonomy":"product_tag","embeddable":true,"href":"https:\/\/xenonkungen.com\/en\/wp-json\/wp\/v2\/product_tag?post=13314"}],"curies":[{"name":"wp","href":"https:\/\/api.w.org\/{rel}","templated":true}]}}