{"id":13342,"date":"2025-09-04T12:33:18","date_gmt":"2025-09-04T12:33:18","guid":{"rendered":"https:\/\/xenonkungen.com\/?post_type=product&#038;p=13342"},"modified":"2026-04-24T17:43:11","modified_gmt":"2026-04-24T16:43:11","slug":"osram-lightbar-wl-vx150-wd","status":"publish","type":"product","link":"https:\/\/xenonkungen.com\/en\/product\/osram-lightbar-wl-vx150-wd\/","title":{"rendered":"OSRAM Lightbar WL VX150-WD"},"content":{"rendered":"<h3 data-start=\"128\" data-end=\"210\">OSRAM LEDriving Lightbar WL VX150-WD - Powerful lighting for harsh environments<\/h3>\n<p data-start=\"212\" data-end=\"454\">Darkness should not stop you. With <strong data-start=\"244\" data-end=\"284\">OSRAM LEDriving Lightbar WL VX150-WD<\/strong> you get a work light that combines <strong data-start=\"322\" data-end=\"373\">extreme performance, reliability and robust design<\/strong> - ideal for working on country roads, fields, forest tracks or in rough terrain.<\/p>\n<p data-start=\"456\" data-end=\"758\">With a luminous flux of up to <strong data-start=\"486\" data-end=\"501\">1 500 lumens<\/strong> and a wide light distribution, the lamp creates a safer working environment for you and others. The high colour temperature of <strong data-start=\"620\" data-end=\"640\">up to 6 000 K<\/strong> provides a light similar to daylight - improving visibility and reducing eye fatigue even in difficult lighting conditions.<\/p>\n<p data-start=\"760\" data-end=\"786\"><strong data-start=\"760\" data-end=\"784\">Built to last:<\/strong><\/p>\n<ul data-start=\"787\" data-end=\"1019\">\n<li data-start=\"787\" data-end=\"843\">\n<p data-start=\"789\" data-end=\"843\">Robust aluminium housing and impact-resistant polycarbonate lens<\/p>\n<\/li>\n<li data-start=\"844\" data-end=\"958\">\n<p data-start=\"846\" data-end=\"958\">Tested in OSRAM's DIN-certified laboratory against water, dust, vibration, shock and extreme temperatures<\/p>\n<\/li>\n<li data-start=\"959\" data-end=\"1019\">\n<p data-start=\"961\" data-end=\"1019\">Classified according to <strong data-start=\"976\" data-end=\"996\">IP6K8 and IP6K9K<\/strong> for maximum durability<\/p>\n<\/li>\n<\/ul>\n<p data-start=\"1021\" data-end=\"1200\"><strong data-start=\"1021\" data-end=\"1046\">Versatile use:<\/strong><br data-start=\"1046\" data-end=\"1049\" \/>Suitable for lorries, agricultural machinery, construction machinery, commercial vehicles and off-road vehicles - an effective complement for professional users.<\/p>\n<p data-start=\"1202\" data-end=\"1281\">OSRAM also provides <strong data-start=\"1221\" data-end=\"1238\">2 year guarantee<\/strong> on the product, providing extra peace of mind.<\/p>\n<p data-start=\"1283\" data-end=\"1624\"><strong data-start=\"1286\" data-end=\"1309\">Important information:<\/strong><br data-start=\"1309\" data-end=\"1312\" \/>The working light is <strong data-start=\"1328\" data-end=\"1348\">not ECE-approved<\/strong> and therefore may not be used as a driving light on public roads. However, according to German road traffic laws (\u00a752, 7 StVZO) it is allowed as a work light on vehicles - but must not be switched on while driving. Always check local laws and regulations in the country where you use the product.<\/p>","protected":false},"excerpt":{"rendered":"<p>OSRAM LEDriving Lightbar WL VX150-WD \u2013 Kraftfull belysning f\u00f6r tuffa milj\u00f6er M\u00f6rker ska inte stoppa dig. Med OSRAM LEDriving Lightbar WL VX150-WD f\u00e5r du ett arbetsljus som kombinerar extrem prestanda, p\u00e5litlighet och robust design \u2013 perfekt f\u00f6r arbete p\u00e5 landsv\u00e4gar, f\u00e4lt, skogsv\u00e4gar eller i kr\u00e4vande terr\u00e4ng. Med ett ljusfl\u00f6de p\u00e5 upp till 1 500 lumen [&hellip;]<\/p>","protected":false},"featured_media":13349,"comment_status":"open","ping_status":"closed","template":"","meta":{"_acf_changed":false,"_smort_price_nok":"529","_smort_price_dkk":"336","_smort_price_eur":"45","_smort_sale_price_nok":"","_smort_sale_price_dkk":"","_smort_sale_price_eur":"","smort_restorder":"","shipmondo_restorder":"","_kad_blocks_custom_css":"","_kad_blocks_head_custom_js":"","_kad_blocks_body_custom_js":"","_kad_blocks_footer_custom_js":"","smort_custom_pricelist_1":"316.8","smort_custom_pricelist_2":"277.2","smort_custom_pricelist_3":"257.4","smort_custom_pricelist_4":"396","smort_custom_pricelist_5":"277.2"},"anvandningsomrade":[],"bilmarken":[],"product_brand":[108],"product_cat":[2639,2642,508],"product_tag":[],"class_list":{"0":"post-13342","1":"product","2":"type-product","3":"status-publish","4":"has-post-thumbnail","6":"product_brand-osram","7":"product_cat-osram-ledriving-arbetsbelysning","8":"product_cat-osram-ledriving-backljus-backljus-osram-ledriving-arbetsbelysning","9":"product_cat-arbetsbelysning","10":"pa_fargtemperatur-6000k","11":"pa_fuktskydd-varde-ipxx-ip69k","12":"pa_fuktskydd-varde-ipxx-ip68k","13":"pa_godkannande-ece-r10-2","14":"pa_volt-v-12-24","16":"first","17":"instock","18":"taxable","19":"shipping-taxable","20":"purchasable","21":"product-type-simple"},"bundled_by":[],"bundle_stock_status":"instock","bundle_stock_quantity":3,"bundle_virtual":false,"bundle_layout":"","bundle_add_to_cart_form_location":"","bundle_editable_in_cart":false,"bundle_sold_individually_context":"","bundle_item_grouping":"","bundle_min_size":"","bundle_max_size":"","bundle_price":[],"bundled_items":[],"bundle_sell_ids":[],"acf":[],"yoast_head":"<!-- This site is optimized with the Yoast SEO plugin v27.0 - https:\/\/yoast.com\/product\/yoast-seo-wordpress\/ -->\n<title>OSRAM Lightbar WL VX150-WD - Xenonkungen<\/title>\n<meta name=\"robots\" content=\"index, follow, max-snippet:-1, max-image-preview:large, max-video-preview:-1\" \/>\n<link rel=\"canonical\" href=\"https:\/\/xenonkungen.com\/en\/product\/osram-lightbar-wl-vx150-wd\/\" \/>\n<meta property=\"og:locale\" content=\"en_GB\" \/>\n<meta property=\"og:type\" content=\"article\" \/>\n<meta property=\"og:title\" content=\"OSRAM Lightbar WL VX150-WD - Xenonkungen\" \/>\n<meta property=\"og:description\" content=\"OSRAM LEDriving Lightbar WL VX150-WD \u2013 Kraftfull belysning f\u00f6r tuffa milj\u00f6er M\u00f6rker ska inte stoppa dig. Med OSRAM LEDriving Lightbar WL VX150-WD f\u00e5r du ett arbetsljus som kombinerar extrem prestanda, p\u00e5litlighet och robust design \u2013 perfekt f\u00f6r arbete p\u00e5 landsv\u00e4gar, f\u00e4lt, skogsv\u00e4gar eller i kr\u00e4vande terr\u00e4ng. Med ett ljusfl\u00f6de p\u00e5 upp till 1 500 lumen [&hellip;]\" \/>\n<meta property=\"og:url\" content=\"https:\/\/xenonkungen.com\/en\/product\/osram-lightbar-wl-vx150-wd\/\" \/>\n<meta property=\"og:site_name\" content=\"Xenonkungen\" \/>\n<meta property=\"article:modified_time\" content=\"2026-04-24T16:43:11+00:00\" \/>\n<meta property=\"og:image\" content=\"https:\/\/xenonkungen.com\/wp-content\/uploads\/2025\/09\/Small-for-web-and-ppt-PI_ARF-2023-00254_LEDriving_LIGHTBAR_WL_VX150-WD_Front_02.jpg\" \/>\n\t<meta property=\"og:image:width\" content=\"1024\" \/>\n\t<meta property=\"og:image:height\" content=\"1024\" \/>\n\t<meta property=\"og:image:type\" content=\"image\/jpeg\" \/>\n<meta name=\"twitter:card\" content=\"summary_large_image\" \/>\n<meta name=\"twitter:label1\" content=\"Estimated reading time\" \/>\n\t<meta name=\"twitter:data1\" content=\"2 minutes\" \/>\n<script type=\"application\/ld+json\" class=\"yoast-schema-graph\">{\"@context\":\"https:\/\/schema.org\",\"@graph\":[{\"@type\":\"WebPage\",\"@id\":\"https:\/\/xenonkungen.com\/produkt\/osram-lightbar-wl-vx150-wd\/\",\"url\":\"https:\/\/xenonkungen.com\/produkt\/osram-lightbar-wl-vx150-wd\/\",\"name\":\"OSRAM Lightbar WL VX150-WD - Xenonkungen\",\"isPartOf\":{\"@id\":\"https:\/\/xenonkungen.com\/#website\"},\"primaryImageOfPage\":{\"@id\":\"https:\/\/xenonkungen.com\/produkt\/osram-lightbar-wl-vx150-wd\/#primaryimage\"},\"image\":{\"@id\":\"https:\/\/xenonkungen.com\/produkt\/osram-lightbar-wl-vx150-wd\/#primaryimage\"},\"thumbnailUrl\":\"https:\/\/xenonkungen.com\/wp-content\/uploads\/2025\/09\/Small-for-web-and-ppt-PI_ARF-2023-00254_LEDriving_LIGHTBAR_WL_VX150-WD_Front_02.jpg\",\"datePublished\":\"2025-09-04T12:33:18+00:00\",\"dateModified\":\"2026-04-24T16:43:11+00:00\",\"breadcrumb\":{\"@id\":\"https:\/\/xenonkungen.com\/produkt\/osram-lightbar-wl-vx150-wd\/#breadcrumb\"},\"inLanguage\":\"en-GB\",\"potentialAction\":[{\"@type\":\"ReadAction\",\"target\":[\"https:\/\/xenonkungen.com\/produkt\/osram-lightbar-wl-vx150-wd\/\"]}]},{\"@type\":\"ImageObject\",\"inLanguage\":\"en-GB\",\"@id\":\"https:\/\/xenonkungen.com\/produkt\/osram-lightbar-wl-vx150-wd\/#primaryimage\",\"url\":\"https:\/\/xenonkungen.com\/wp-content\/uploads\/2025\/09\/Small-for-web-and-ppt-PI_ARF-2023-00254_LEDriving_LIGHTBAR_WL_VX150-WD_Front_02.jpg\",\"contentUrl\":\"https:\/\/xenonkungen.com\/wp-content\/uploads\/2025\/09\/Small-for-web-and-ppt-PI_ARF-2023-00254_LEDriving_LIGHTBAR_WL_VX150-WD_Front_02.jpg\",\"width\":1024,\"height\":1024},{\"@type\":\"BreadcrumbList\",\"@id\":\"https:\/\/xenonkungen.com\/produkt\/osram-lightbar-wl-vx150-wd\/#breadcrumb\",\"itemListElement\":[{\"@type\":\"ListItem\",\"position\":1,\"name\":\"Hem\",\"item\":\"https:\/\/xenonkungen.com\/\"},{\"@type\":\"ListItem\",\"position\":2,\"name\":\"Shop\",\"item\":\"https:\/\/xenonkungen.com\/shop\/\"},{\"@type\":\"ListItem\",\"position\":3,\"name\":\"OSRAM Lightbar WL VX150-WD\"}]},{\"@type\":\"WebSite\",\"@id\":\"https:\/\/xenonkungen.com\/#website\",\"url\":\"https:\/\/xenonkungen.com\/\",\"name\":\"Xenonkungen\",\"description\":\"\",\"potentialAction\":[{\"@type\":\"SearchAction\",\"target\":{\"@type\":\"EntryPoint\",\"urlTemplate\":\"https:\/\/xenonkungen.com\/?s={search_term_string}\"},\"query-input\":{\"@type\":\"PropertyValueSpecification\",\"valueRequired\":true,\"valueName\":\"search_term_string\"}}],\"inLanguage\":\"en-GB\"}]}<\/script>\n<!-- \/ Yoast SEO plugin. -->","yoast_head_json":{"title":"OSRAM Lightbar WL VX150-WD - The Xenon King","robots":{"index":"index","follow":"follow","max-snippet":"max-snippet:-1","max-image-preview":"max-image-preview:large","max-video-preview":"max-video-preview:-1"},"canonical":"https:\/\/xenonkungen.com\/en\/product\/osram-lightbar-wl-vx150-wd\/","og_locale":"en_GB","og_type":"article","og_title":"OSRAM Lightbar WL VX150-WD - Xenonkungen","og_description":"OSRAM LEDriving Lightbar WL VX150-WD \u2013 Kraftfull belysning f\u00f6r tuffa milj\u00f6er M\u00f6rker ska inte stoppa dig. Med OSRAM LEDriving Lightbar WL VX150-WD f\u00e5r du ett arbetsljus som kombinerar extrem prestanda, p\u00e5litlighet och robust design \u2013 perfekt f\u00f6r arbete p\u00e5 landsv\u00e4gar, f\u00e4lt, skogsv\u00e4gar eller i kr\u00e4vande terr\u00e4ng. Med ett ljusfl\u00f6de p\u00e5 upp till 1 500 lumen [&hellip;]","og_url":"https:\/\/xenonkungen.com\/en\/product\/osram-lightbar-wl-vx150-wd\/","og_site_name":"Xenonkungen","article_modified_time":"2026-04-24T16:43:11+00:00","og_image":[{"width":1024,"height":1024,"url":"https:\/\/xenonkungen.com\/wp-content\/uploads\/2025\/09\/Small-for-web-and-ppt-PI_ARF-2023-00254_LEDriving_LIGHTBAR_WL_VX150-WD_Front_02.jpg","type":"image\/jpeg"}],"twitter_card":"summary_large_image","twitter_misc":{"Estimated reading time":"2 minutes"},"schema":{"@context":"https:\/\/schema.org","@graph":[{"@type":"WebPage","@id":"https:\/\/xenonkungen.com\/produkt\/osram-lightbar-wl-vx150-wd\/","url":"https:\/\/xenonkungen.com\/produkt\/osram-lightbar-wl-vx150-wd\/","name":"OSRAM Lightbar WL VX150-WD - The Xenon King","isPartOf":{"@id":"https:\/\/xenonkungen.com\/#website"},"primaryImageOfPage":{"@id":"https:\/\/xenonkungen.com\/produkt\/osram-lightbar-wl-vx150-wd\/#primaryimage"},"image":{"@id":"https:\/\/xenonkungen.com\/produkt\/osram-lightbar-wl-vx150-wd\/#primaryimage"},"thumbnailUrl":"https:\/\/xenonkungen.com\/wp-content\/uploads\/2025\/09\/Small-for-web-and-ppt-PI_ARF-2023-00254_LEDriving_LIGHTBAR_WL_VX150-WD_Front_02.jpg","datePublished":"2025-09-04T12:33:18+00:00","dateModified":"2026-04-24T16:43:11+00:00","breadcrumb":{"@id":"https:\/\/xenonkungen.com\/produkt\/osram-lightbar-wl-vx150-wd\/#breadcrumb"},"inLanguage":"en-GB","potentialAction":[{"@type":"ReadAction","target":["https:\/\/xenonkungen.com\/produkt\/osram-lightbar-wl-vx150-wd\/"]}]},{"@type":"ImageObject","inLanguage":"en-GB","@id":"https:\/\/xenonkungen.com\/produkt\/osram-lightbar-wl-vx150-wd\/#primaryimage","url":"https:\/\/xenonkungen.com\/wp-content\/uploads\/2025\/09\/Small-for-web-and-ppt-PI_ARF-2023-00254_LEDriving_LIGHTBAR_WL_VX150-WD_Front_02.jpg","contentUrl":"https:\/\/xenonkungen.com\/wp-content\/uploads\/2025\/09\/Small-for-web-and-ppt-PI_ARF-2023-00254_LEDriving_LIGHTBAR_WL_VX150-WD_Front_02.jpg","width":1024,"height":1024},{"@type":"BreadcrumbList","@id":"https:\/\/xenonkungen.com\/produkt\/osram-lightbar-wl-vx150-wd\/#breadcrumb","itemListElement":[{"@type":"ListItem","position":1,"name":"Hem","item":"https:\/\/xenonkungen.com\/"},{"@type":"ListItem","position":2,"name":"Shop","item":"https:\/\/xenonkungen.com\/shop\/"},{"@type":"ListItem","position":3,"name":"OSRAM Lightbar WL VX150-WD"}]},{"@type":"WebSite","@id":"https:\/\/xenonkungen.com\/#website","url":"https:\/\/xenonkungen.com\/","name":"Xenonkungen","description":"","potentialAction":[{"@type":"SearchAction","target":{"@type":"EntryPoint","urlTemplate":"https:\/\/xenonkungen.com\/?s={search_term_string}"},"query-input":{"@type":"PropertyValueSpecification","valueRequired":true,"valueName":"search_term_string"}}],"inLanguage":"en-GB"}]}},"taxonomy_info":{"product_brand":[{"value":108,"label":"OSRAM"}],"product_cat":[{"value":2639,"label":"OSRAM Ledriving"},{"value":2642,"label":"OSRAM Ledriving"},{"value":508,"label":"Arbetsbelysning"}],"pa_fargtemperatur":[{"value":188,"label":"6000K"}],"pa_fuktskydd-varde-ipxx":[{"value":155,"label":"IP69K"},{"value":682,"label":"IP68K"}],"pa_godkannande":[{"value":2753,"label":"ECE R10"}],"pa_volt-v":[{"value":348,"label":"12, 24"}]},"featured_image_src_large":["https:\/\/xenonkungen.com\/wp-content\/uploads\/2025\/09\/Small-for-web-and-ppt-PI_ARF-2023-00254_LEDriving_LIGHTBAR_WL_VX150-WD_Front_02.jpg",1024,1024,false],"author_info":[],"comment_info":0,"_links":{"self":[{"href":"https:\/\/xenonkungen.com\/en\/wp-json\/wp\/v2\/product\/13342","targetHints":{"allow":["GET"]}}],"collection":[{"href":"https:\/\/xenonkungen.com\/en\/wp-json\/wp\/v2\/product"}],"about":[{"href":"https:\/\/xenonkungen.com\/en\/wp-json\/wp\/v2\/types\/product"}],"replies":[{"embeddable":true,"href":"https:\/\/xenonkungen.com\/en\/wp-json\/wp\/v2\/comments?post=13342"}],"wp:featuredmedia":[{"embeddable":true,"href":"https:\/\/xenonkungen.com\/en\/wp-json\/wp\/v2\/media\/13349"}],"wp:attachment":[{"href":"https:\/\/xenonkungen.com\/en\/wp-json\/wp\/v2\/media?parent=13342"}],"wp:term":[{"taxonomy":"anvandningsomrade","embeddable":true,"href":"https:\/\/xenonkungen.com\/en\/wp-json\/wp\/v2\/anvandningsomrade?post=13342"},{"taxonomy":"bilmarken","embeddable":true,"href":"https:\/\/xenonkungen.com\/en\/wp-json\/wp\/v2\/bilmarken?post=13342"},{"taxonomy":"product_brand","embeddable":true,"href":"https:\/\/xenonkungen.com\/en\/wp-json\/wp\/v2\/product_brand?post=13342"},{"taxonomy":"product_cat","embeddable":true,"href":"https:\/\/xenonkungen.com\/en\/wp-json\/wp\/v2\/product_cat?post=13342"},{"taxonomy":"product_tag","embeddable":true,"href":"https:\/\/xenonkungen.com\/en\/wp-json\/wp\/v2\/product_tag?post=13342"}],"curies":[{"name":"wp","href":"https:\/\/api.w.org\/{rel}","templated":true}]}}