{"id":13951,"date":"2025-09-18T10:58:05","date_gmt":"2025-09-18T10:58:05","guid":{"rendered":"https:\/\/xenonkungen.com\/?post_type=product&#038;p=13951"},"modified":"2025-12-10T14:53:19","modified_gmt":"2025-12-10T13:53:19","slug":"luxtar-liver-nut-wire-connector-5-port-lxpct-215","status":"publish","type":"product","link":"https:\/\/xenonkungen.com\/en\/product\/luxtar-liver-nut-wire-connector-5-port-lxpct-215\/","title":{"rendered":"Luxtar Lever Nut Wire Connector | 5 Port | LXPCT-215"},"content":{"rendered":"<p>Discover the Luxtar Lever Nut Wire Connector - a compact and openable quick clamp with two connections, suitable for all types of conductors between 0.8 and 4 mm\u00b2. This connector clamp is resealable and requires no tools thanks to its innovative Lever-Nut technology, also known as Cage Clamp connection.<\/p>\n<p>This terminal block is compatible with all conductor types, both multi-wire and single-wire. It handles a rated current up to 32A and a voltage of 400V AC. The splice clamp is suitable for cables in sizes 28-12 AWG and has the following cable sizes:<\/p>\n<ul>\n<li>Fine wire: 0.08-4 mm\u00b2<\/li>\n<li>Single-wire: up to 2.5 mm\u00b2<\/li>\n<\/ul>\n<p>Ideal for both high and low voltage installations.<\/p>\n<p><strong>Features and benefits:<\/strong><\/p>\n<ul>\n<li>No tools required - quick and easy installation<\/li>\n<li>Conductor area (rigid): 0.08-2.5 mm\u00b2<\/li>\n<li>Conductor area (flexible): 0.08-4 mm\u00b2<\/li>\n<li>Rated current: 32 A<\/li>\n<li>Cage Clamp connection<\/li>\n<li>Nominal voltage: 400V AC<\/li>\n<li>Stripping length: 9-10 mm<\/li>\n<li>Fits cable 28-12 AWG<\/li>\n<\/ul>\n<p><strong>Article number:<\/strong> 159047<\/p>\n<p><strong>Common terms used in electrical installation:<\/strong><\/p>\n<p>This product is often referred to as:<\/p>\n<ul>\n<li>Connection clamp<\/li>\n<li>Coupling clamp Flexible<\/li>\n<li>Splice clamp<\/li>\n<li>WAGO coupling<\/li>\n<li>Top clamp<\/li>\n<li>Liver-Nut connection<\/li>\n<\/ul>\n<p>Our Luxtar Lever Nut Wire Connectors are ideal for professional electrical installations and DIY projects, with high quality and easy handling. Experience a smoother and safer cable connection today!<\/p>","protected":false},"excerpt":{"rendered":"<p>Uppt\u00e4ck Luxtar Lever Nut Wire Connector \u2013 en kompakt och \u00f6ppningsbar snabbkl\u00e4mma med tv\u00e5 anslutningar, anpassad f\u00f6r alla typer av ledare mellan 0,8 och 4 mm\u00b2. Denna anslutningskl\u00e4mma \u00e4r \u00e5terf\u00f6rslutningsbar och kr\u00e4ver inga verktyg tack vare sin innovativa Lever-Nut-teknologi, \u00e4ven k\u00e4nd som Cage Clamp-anslutning. Denna kopplingskl\u00e4mma \u00e4r kompatibel med alla ledartyper, b\u00e5de flertr\u00e5diga och enkeltr\u00e5diga. [&hellip;]<\/p>","protected":false},"featured_media":13952,"comment_status":"open","ping_status":"closed","template":"","meta":{"_acf_changed":false,"_smort_price_nok":"17","_smort_price_dkk":"11","_smort_price_eur":"1.45","_smort_sale_price_nok":"","_smort_sale_price_dkk":"","_smort_sale_price_eur":"","smort_restorder":"","shipmondo_restorder":"","_kad_blocks_custom_css":"","_kad_blocks_head_custom_js":"","_kad_blocks_body_custom_js":"","_kad_blocks_footer_custom_js":"","smort_custom_pricelist_1":"10.24","smort_custom_pricelist_2":"8.96","smort_custom_pricelist_3":"8.32","smort_custom_pricelist_4":"12.8","smort_custom_pricelist_5":"8.96"},"anvandningsomrade":[],"bilmarken":[],"product_brand":[103],"product_cat":[2826,2823,727],"product_tag":[],"class_list":{"0":"post-13951","1":"product","2":"type-product","3":"status-publish","4":"has-post-thumbnail","6":"product_brand-luxtar","7":"product_cat-luxtar","8":"product_cat-luxtar-ovriga-produkter","9":"product_cat-tillbehor","11":"first","12":"instock","13":"taxable","14":"shipping-taxable","15":"purchasable","16":"product-type-simple"},"bundled_by":[],"bundle_stock_status":"instock","bundle_stock_quantity":987,"bundle_virtual":false,"bundle_layout":"","bundle_add_to_cart_form_location":"","bundle_editable_in_cart":false,"bundle_sold_individually_context":"","bundle_item_grouping":"","bundle_min_size":"","bundle_max_size":"","bundle_price":[],"bundled_items":[],"bundle_sell_ids":[],"acf":[],"yoast_head":"<!-- This site is optimized with the Yoast SEO plugin v27.0 - https:\/\/yoast.com\/product\/yoast-seo-wordpress\/ -->\n<title>Luxtar Lever Nut Wire Connector | 5 Port | LXPCT-215 - Xenonkungen<\/title>\n<meta name=\"robots\" content=\"index, follow, max-snippet:-1, max-image-preview:large, max-video-preview:-1\" \/>\n<link rel=\"canonical\" href=\"https:\/\/xenonkungen.com\/en\/product\/luxtar-liver-nut-wire-connector-5-port-lxpct-215\/\" \/>\n<meta property=\"og:locale\" content=\"en_GB\" \/>\n<meta property=\"og:type\" content=\"article\" \/>\n<meta property=\"og:title\" content=\"Luxtar Lever Nut Wire Connector | 5 Port | LXPCT-215 - Xenonkungen\" \/>\n<meta property=\"og:description\" content=\"Uppt\u00e4ck Luxtar Lever Nut Wire Connector \u2013 en kompakt och \u00f6ppningsbar snabbkl\u00e4mma med tv\u00e5 anslutningar, anpassad f\u00f6r alla typer av ledare mellan 0,8 och 4 mm\u00b2. Denna anslutningskl\u00e4mma \u00e4r \u00e5terf\u00f6rslutningsbar och kr\u00e4ver inga verktyg tack vare sin innovativa Lever-Nut-teknologi, \u00e4ven k\u00e4nd som Cage Clamp-anslutning. Denna kopplingskl\u00e4mma \u00e4r kompatibel med alla ledartyper, b\u00e5de flertr\u00e5diga och enkeltr\u00e5diga. [&hellip;]\" \/>\n<meta property=\"og:url\" content=\"https:\/\/xenonkungen.com\/en\/product\/luxtar-liver-nut-wire-connector-5-port-lxpct-215\/\" \/>\n<meta property=\"og:site_name\" content=\"Xenonkungen\" \/>\n<meta property=\"article:modified_time\" content=\"2025-12-10T13:53:19+00:00\" \/>\n<meta property=\"og:image\" content=\"https:\/\/xenonkungen.com\/wp-content\/uploads\/2025\/09\/w55ujaNQ.png\" \/>\n\t<meta property=\"og:image:width\" content=\"1024\" \/>\n\t<meta property=\"og:image:height\" content=\"1024\" \/>\n\t<meta property=\"og:image:type\" content=\"image\/png\" \/>\n<meta name=\"twitter:card\" content=\"summary_large_image\" \/>\n<meta name=\"twitter:label1\" content=\"Estimated reading time\" \/>\n\t<meta name=\"twitter:data1\" content=\"2 minutes\" \/>\n<script type=\"application\/ld+json\" class=\"yoast-schema-graph\">{\"@context\":\"https:\/\/schema.org\",\"@graph\":[{\"@type\":\"WebPage\",\"@id\":\"https:\/\/xenonkungen.com\/produkt\/luxtar-lever-nut-wire-connector-5-port-lxpct-215\/\",\"url\":\"https:\/\/xenonkungen.com\/produkt\/luxtar-lever-nut-wire-connector-5-port-lxpct-215\/\",\"name\":\"Luxtar Lever Nut Wire Connector | 5 Port | LXPCT-215 - Xenonkungen\",\"isPartOf\":{\"@id\":\"https:\/\/xenonkungen.com\/#website\"},\"primaryImageOfPage\":{\"@id\":\"https:\/\/xenonkungen.com\/produkt\/luxtar-lever-nut-wire-connector-5-port-lxpct-215\/#primaryimage\"},\"image\":{\"@id\":\"https:\/\/xenonkungen.com\/produkt\/luxtar-lever-nut-wire-connector-5-port-lxpct-215\/#primaryimage\"},\"thumbnailUrl\":\"https:\/\/xenonkungen.com\/wp-content\/uploads\/2025\/09\/w55ujaNQ.png\",\"datePublished\":\"2025-09-18T10:58:05+00:00\",\"dateModified\":\"2025-12-10T13:53:19+00:00\",\"breadcrumb\":{\"@id\":\"https:\/\/xenonkungen.com\/produkt\/luxtar-lever-nut-wire-connector-5-port-lxpct-215\/#breadcrumb\"},\"inLanguage\":\"en-GB\",\"potentialAction\":[{\"@type\":\"ReadAction\",\"target\":[\"https:\/\/xenonkungen.com\/produkt\/luxtar-lever-nut-wire-connector-5-port-lxpct-215\/\"]}]},{\"@type\":\"ImageObject\",\"inLanguage\":\"en-GB\",\"@id\":\"https:\/\/xenonkungen.com\/produkt\/luxtar-lever-nut-wire-connector-5-port-lxpct-215\/#primaryimage\",\"url\":\"https:\/\/xenonkungen.com\/wp-content\/uploads\/2025\/09\/w55ujaNQ.png\",\"contentUrl\":\"https:\/\/xenonkungen.com\/wp-content\/uploads\/2025\/09\/w55ujaNQ.png\",\"width\":1024,\"height\":1024},{\"@type\":\"BreadcrumbList\",\"@id\":\"https:\/\/xenonkungen.com\/produkt\/luxtar-lever-nut-wire-connector-5-port-lxpct-215\/#breadcrumb\",\"itemListElement\":[{\"@type\":\"ListItem\",\"position\":1,\"name\":\"Hem\",\"item\":\"https:\/\/xenonkungen.com\/\"},{\"@type\":\"ListItem\",\"position\":2,\"name\":\"Shop\",\"item\":\"https:\/\/xenonkungen.com\/shop\/\"},{\"@type\":\"ListItem\",\"position\":3,\"name\":\"Luxtar Lever Nut Wire Connector | 5 Port | LXPCT-215\"}]},{\"@type\":\"WebSite\",\"@id\":\"https:\/\/xenonkungen.com\/#website\",\"url\":\"https:\/\/xenonkungen.com\/\",\"name\":\"Xenonkungen\",\"description\":\"\",\"potentialAction\":[{\"@type\":\"SearchAction\",\"target\":{\"@type\":\"EntryPoint\",\"urlTemplate\":\"https:\/\/xenonkungen.com\/?s={search_term_string}\"},\"query-input\":{\"@type\":\"PropertyValueSpecification\",\"valueRequired\":true,\"valueName\":\"search_term_string\"}}],\"inLanguage\":\"en-GB\"}]}<\/script>\n<!-- \/ Yoast SEO plugin. -->","yoast_head_json":{"title":"Luxtar Lever Nut Wire Connector | 5 Port | LXPCT-215 - The Xenon King","robots":{"index":"index","follow":"follow","max-snippet":"max-snippet:-1","max-image-preview":"max-image-preview:large","max-video-preview":"max-video-preview:-1"},"canonical":"https:\/\/xenonkungen.com\/en\/product\/luxtar-liver-nut-wire-connector-5-port-lxpct-215\/","og_locale":"en_GB","og_type":"article","og_title":"Luxtar Lever Nut Wire Connector | 5 Port | LXPCT-215 - Xenonkungen","og_description":"Uppt\u00e4ck Luxtar Lever Nut Wire Connector \u2013 en kompakt och \u00f6ppningsbar snabbkl\u00e4mma med tv\u00e5 anslutningar, anpassad f\u00f6r alla typer av ledare mellan 0,8 och 4 mm\u00b2. Denna anslutningskl\u00e4mma \u00e4r \u00e5terf\u00f6rslutningsbar och kr\u00e4ver inga verktyg tack vare sin innovativa Lever-Nut-teknologi, \u00e4ven k\u00e4nd som Cage Clamp-anslutning. Denna kopplingskl\u00e4mma \u00e4r kompatibel med alla ledartyper, b\u00e5de flertr\u00e5diga och enkeltr\u00e5diga. [&hellip;]","og_url":"https:\/\/xenonkungen.com\/en\/product\/luxtar-liver-nut-wire-connector-5-port-lxpct-215\/","og_site_name":"Xenonkungen","article_modified_time":"2025-12-10T13:53:19+00:00","og_image":[{"width":1024,"height":1024,"url":"https:\/\/xenonkungen.com\/wp-content\/uploads\/2025\/09\/w55ujaNQ.png","type":"image\/png"}],"twitter_card":"summary_large_image","twitter_misc":{"Estimated reading time":"2 minutes"},"schema":{"@context":"https:\/\/schema.org","@graph":[{"@type":"WebPage","@id":"https:\/\/xenonkungen.com\/produkt\/luxtar-lever-nut-wire-connector-5-port-lxpct-215\/","url":"https:\/\/xenonkungen.com\/produkt\/luxtar-lever-nut-wire-connector-5-port-lxpct-215\/","name":"Luxtar Lever Nut Wire Connector | 5 Port | LXPCT-215 - The Xenon King","isPartOf":{"@id":"https:\/\/xenonkungen.com\/#website"},"primaryImageOfPage":{"@id":"https:\/\/xenonkungen.com\/produkt\/luxtar-lever-nut-wire-connector-5-port-lxpct-215\/#primaryimage"},"image":{"@id":"https:\/\/xenonkungen.com\/produkt\/luxtar-lever-nut-wire-connector-5-port-lxpct-215\/#primaryimage"},"thumbnailUrl":"https:\/\/xenonkungen.com\/wp-content\/uploads\/2025\/09\/w55ujaNQ.png","datePublished":"2025-09-18T10:58:05+00:00","dateModified":"2025-12-10T13:53:19+00:00","breadcrumb":{"@id":"https:\/\/xenonkungen.com\/produkt\/luxtar-lever-nut-wire-connector-5-port-lxpct-215\/#breadcrumb"},"inLanguage":"en-GB","potentialAction":[{"@type":"ReadAction","target":["https:\/\/xenonkungen.com\/produkt\/luxtar-lever-nut-wire-connector-5-port-lxpct-215\/"]}]},{"@type":"ImageObject","inLanguage":"en-GB","@id":"https:\/\/xenonkungen.com\/produkt\/luxtar-lever-nut-wire-connector-5-port-lxpct-215\/#primaryimage","url":"https:\/\/xenonkungen.com\/wp-content\/uploads\/2025\/09\/w55ujaNQ.png","contentUrl":"https:\/\/xenonkungen.com\/wp-content\/uploads\/2025\/09\/w55ujaNQ.png","width":1024,"height":1024},{"@type":"BreadcrumbList","@id":"https:\/\/xenonkungen.com\/produkt\/luxtar-lever-nut-wire-connector-5-port-lxpct-215\/#breadcrumb","itemListElement":[{"@type":"ListItem","position":1,"name":"Hem","item":"https:\/\/xenonkungen.com\/"},{"@type":"ListItem","position":2,"name":"Shop","item":"https:\/\/xenonkungen.com\/shop\/"},{"@type":"ListItem","position":3,"name":"Luxtar Lever Nut Wire Connector | 5 Port | LXPCT-215"}]},{"@type":"WebSite","@id":"https:\/\/xenonkungen.com\/#website","url":"https:\/\/xenonkungen.com\/","name":"Xenonkungen","description":"","potentialAction":[{"@type":"SearchAction","target":{"@type":"EntryPoint","urlTemplate":"https:\/\/xenonkungen.com\/?s={search_term_string}"},"query-input":{"@type":"PropertyValueSpecification","valueRequired":true,"valueName":"search_term_string"}}],"inLanguage":"en-GB"}]}},"taxonomy_info":{"product_brand":[{"value":103,"label":"LUXTAR"}],"product_cat":[{"value":2826,"label":"LUXTAR"},{"value":2823,"label":"Luxtar - \u00d6vriga produkter"},{"value":727,"label":"Tillbeh\u00f6r"}]},"featured_image_src_large":["https:\/\/xenonkungen.com\/wp-content\/uploads\/2025\/09\/w55ujaNQ.png",1024,1024,false],"author_info":[],"comment_info":0,"_links":{"self":[{"href":"https:\/\/xenonkungen.com\/en\/wp-json\/wp\/v2\/product\/13951","targetHints":{"allow":["GET"]}}],"collection":[{"href":"https:\/\/xenonkungen.com\/en\/wp-json\/wp\/v2\/product"}],"about":[{"href":"https:\/\/xenonkungen.com\/en\/wp-json\/wp\/v2\/types\/product"}],"replies":[{"embeddable":true,"href":"https:\/\/xenonkungen.com\/en\/wp-json\/wp\/v2\/comments?post=13951"}],"wp:featuredmedia":[{"embeddable":true,"href":"https:\/\/xenonkungen.com\/en\/wp-json\/wp\/v2\/media\/13952"}],"wp:attachment":[{"href":"https:\/\/xenonkungen.com\/en\/wp-json\/wp\/v2\/media?parent=13951"}],"wp:term":[{"taxonomy":"anvandningsomrade","embeddable":true,"href":"https:\/\/xenonkungen.com\/en\/wp-json\/wp\/v2\/anvandningsomrade?post=13951"},{"taxonomy":"bilmarken","embeddable":true,"href":"https:\/\/xenonkungen.com\/en\/wp-json\/wp\/v2\/bilmarken?post=13951"},{"taxonomy":"product_brand","embeddable":true,"href":"https:\/\/xenonkungen.com\/en\/wp-json\/wp\/v2\/product_brand?post=13951"},{"taxonomy":"product_cat","embeddable":true,"href":"https:\/\/xenonkungen.com\/en\/wp-json\/wp\/v2\/product_cat?post=13951"},{"taxonomy":"product_tag","embeddable":true,"href":"https:\/\/xenonkungen.com\/en\/wp-json\/wp\/v2\/product_tag?post=13951"}],"curies":[{"name":"wp","href":"https:\/\/api.w.org\/{rel}","templated":true}]}}