{"id":1431,"date":"2025-04-15T08:04:00","date_gmt":"2025-04-15T08:04:00","guid":{"rendered":"https:\/\/xenonkungen.com\/product\/hid-decoder\/"},"modified":"2026-04-21T16:04:43","modified_gmt":"2026-04-21T15:04:43","slug":"hid-decoder","status":"publish","type":"product","link":"https:\/\/xenonkungen.com\/en\/product\/hid-decoder\/","title":{"rendered":"HID Decoder"},"content":{"rendered":"<h1>Problem solver for lamp warnings<\/h1>\n<p>HID Decoder 9-16V is a canceller that enables operation and\/or fixes lamp warning after conversion to xenon light if such problems occur? Can also fix Canbus problems in some cases.<\/p>\n<p>Universal for 9-16V ballasts.<\/p>\n<p>Fixes problems for the following cars, among others:<br \/>Chrysler 300C high beam (+ 50W xenon kit)<br \/>Saab 9-3 2006 Fog Lights (+ HID Canceller 103147)<br \/>Saab 9-5 2006-, 2011- (+ Basic xenon kit)<br \/>&#8211;<\/p>\n<p>No guarantee of function as there are always exceptions depending on ballast and vehicle\/model.<\/p>\n<p><em>We will repurchase or exchange for another version if necessary (res. possible price difference).<\/em><\/p>","protected":false},"excerpt":{"rendered":"<p>Probleml\u00f6sare f\u00f6r lampvarningar HID Decoder 9-16V \u00e4r en canceller som m\u00f6jligg\u00f6r funktion och\/eller \u00e5tg\u00e4rdar lampvarning efter konvertering till xenonljus om dylika problem uppst\u00e5r? Kan \u00e4ven \u00e5tg\u00e4rda Canbus problem i vissa fall. Universal f\u00f6r 9-16V ballaster. \u00c5tg\u00e4rdar problem f\u00f6r bl.a. f\u00f6ljande bilar:Chrysler 300C helljus (+ 50W xenonkit)Saab 9-3 2006 dimljus (+ HID Canceller 103147)Saab 9-5 2006-, [&hellip;]<\/p>","protected":false},"featured_media":1432,"comment_status":"closed","ping_status":"open","template":"","meta":{"_acf_changed":false,"_smort_price_nok":"160","_smort_price_dkk":"102","_smort_price_eur":"13.64","_smort_sale_price_nok":"","_smort_sale_price_dkk":"","_smort_sale_price_eur":"","smort_restorder":"","shipmondo_restorder":"","_kad_blocks_custom_css":"","_kad_blocks_head_custom_js":"","_kad_blocks_body_custom_js":"","_kad_blocks_footer_custom_js":"","smort_custom_pricelist_1":"96","smort_custom_pricelist_2":"84","smort_custom_pricelist_3":"79.8","smort_custom_pricelist_4":"120","smort_custom_pricelist_5":"84"},"anvandningsomrade":[],"bilmarken":[],"product_brand":[2793],"product_cat":[2487,390],"product_tag":[],"class_list":{"0":"post-1431","1":"product","2":"type-product","3":"status-publish","4":"has-post-thumbnail","6":"product_brand-ovrigt","7":"product_cat-canbus-installation","8":"product_cat-installation","9":"pa_lampsockel-kontakt-9006-hb4","10":"pa_volt-v-multivolt-9-12-16","12":"first","13":"instock","14":"taxable","15":"shipping-taxable","16":"purchasable","17":"product-type-simple"},"bundled_by":[],"bundle_stock_status":"instock","bundle_stock_quantity":109,"bundle_virtual":false,"bundle_layout":"","bundle_add_to_cart_form_location":"","bundle_editable_in_cart":false,"bundle_sold_individually_context":"","bundle_item_grouping":"","bundle_min_size":"","bundle_max_size":"","bundle_price":[],"bundled_items":[],"bundle_sell_ids":[],"acf":[],"yoast_head":"<!-- This site is optimized with the Yoast SEO plugin v27.0 - https:\/\/yoast.com\/product\/yoast-seo-wordpress\/ -->\n<title>HID Decoder - Xenonkungen<\/title>\n<meta name=\"robots\" content=\"index, follow, max-snippet:-1, max-image-preview:large, max-video-preview:-1\" \/>\n<link rel=\"canonical\" href=\"https:\/\/xenonkungen.com\/en\/product\/hid-decoder\/\" \/>\n<meta property=\"og:locale\" content=\"en_GB\" \/>\n<meta property=\"og:type\" content=\"article\" \/>\n<meta property=\"og:title\" content=\"HID Decoder - Xenonkungen\" \/>\n<meta property=\"og:description\" content=\"Probleml\u00f6sare f\u00f6r lampvarningar HID Decoder 9-16V \u00e4r en canceller som m\u00f6jligg\u00f6r funktion och\/eller \u00e5tg\u00e4rdar lampvarning efter konvertering till xenonljus om dylika problem uppst\u00e5r? Kan \u00e4ven \u00e5tg\u00e4rda Canbus problem i vissa fall. Universal f\u00f6r 9-16V ballaster. \u00c5tg\u00e4rdar problem f\u00f6r bl.a. f\u00f6ljande bilar:Chrysler 300C helljus (+ 50W xenonkit)Saab 9-3 2006 dimljus (+ HID Canceller 103147)Saab 9-5 2006-, [&hellip;]\" \/>\n<meta property=\"og:url\" content=\"https:\/\/xenonkungen.com\/en\/product\/hid-decoder\/\" \/>\n<meta property=\"og:site_name\" content=\"Xenonkungen\" \/>\n<meta property=\"article:modified_time\" content=\"2026-04-21T15:04:43+00:00\" \/>\n<meta property=\"og:image\" content=\"https:\/\/xenonkungen.com\/wp-content\/uploads\/2025\/04\/998054-origpic-6d6684.png\" \/>\n\t<meta property=\"og:image:width\" content=\"1000\" \/>\n\t<meta property=\"og:image:height\" content=\"1000\" \/>\n\t<meta property=\"og:image:type\" content=\"image\/png\" \/>\n<meta name=\"twitter:card\" content=\"summary_large_image\" \/>\n<meta name=\"twitter:label1\" content=\"Estimated reading time\" \/>\n\t<meta name=\"twitter:data1\" content=\"1 minute\" \/>\n<script type=\"application\/ld+json\" class=\"yoast-schema-graph\">{\"@context\":\"https:\/\/schema.org\",\"@graph\":[{\"@type\":\"WebPage\",\"@id\":\"https:\/\/xenonkungen.com\/no\/produkt\/skjult-dekoder\/\",\"url\":\"https:\/\/xenonkungen.com\/no\/produkt\/skjult-dekoder\/\",\"name\":\"HID Decoder - Xenonkungen\",\"isPartOf\":{\"@id\":\"https:\/\/xenonkungen.com\/#website\"},\"primaryImageOfPage\":{\"@id\":\"https:\/\/xenonkungen.com\/no\/produkt\/skjult-dekoder\/#primaryimage\"},\"image\":{\"@id\":\"https:\/\/xenonkungen.com\/no\/produkt\/skjult-dekoder\/#primaryimage\"},\"thumbnailUrl\":\"https:\/\/xenonkungen.com\/wp-content\/uploads\/2025\/04\/998054-origpic-6d6684.png\",\"datePublished\":\"2025-04-15T08:04:00+00:00\",\"dateModified\":\"2026-04-21T15:04:43+00:00\",\"breadcrumb\":{\"@id\":\"https:\/\/xenonkungen.com\/no\/produkt\/skjult-dekoder\/#breadcrumb\"},\"inLanguage\":\"en-GB\",\"potentialAction\":[{\"@type\":\"ReadAction\",\"target\":[\"https:\/\/xenonkungen.com\/no\/produkt\/skjult-dekoder\/\"]}]},{\"@type\":\"ImageObject\",\"inLanguage\":\"en-GB\",\"@id\":\"https:\/\/xenonkungen.com\/no\/produkt\/skjult-dekoder\/#primaryimage\",\"url\":\"https:\/\/xenonkungen.com\/wp-content\/uploads\/2025\/04\/998054-origpic-6d6684.png\",\"contentUrl\":\"https:\/\/xenonkungen.com\/wp-content\/uploads\/2025\/04\/998054-origpic-6d6684.png\",\"width\":1000,\"height\":1000},{\"@type\":\"BreadcrumbList\",\"@id\":\"https:\/\/xenonkungen.com\/no\/produkt\/skjult-dekoder\/#breadcrumb\",\"itemListElement\":[{\"@type\":\"ListItem\",\"position\":1,\"name\":\"Hem\",\"item\":\"https:\/\/xenonkungen.com\/\"},{\"@type\":\"ListItem\",\"position\":2,\"name\":\"Shop\",\"item\":\"https:\/\/xenonkungen.com\/shop\/\"},{\"@type\":\"ListItem\",\"position\":3,\"name\":\"HID Decoder\"}]},{\"@type\":\"WebSite\",\"@id\":\"https:\/\/xenonkungen.com\/#website\",\"url\":\"https:\/\/xenonkungen.com\/\",\"name\":\"Xenonkungen\",\"description\":\"\",\"potentialAction\":[{\"@type\":\"SearchAction\",\"target\":{\"@type\":\"EntryPoint\",\"urlTemplate\":\"https:\/\/xenonkungen.com\/?s={search_term_string}\"},\"query-input\":{\"@type\":\"PropertyValueSpecification\",\"valueRequired\":true,\"valueName\":\"search_term_string\"}}],\"inLanguage\":\"en-GB\"}]}<\/script>\n<!-- \/ Yoast SEO plugin. -->","yoast_head_json":{"title":"HID Decoder - Xenon King","robots":{"index":"index","follow":"follow","max-snippet":"max-snippet:-1","max-image-preview":"max-image-preview:large","max-video-preview":"max-video-preview:-1"},"canonical":"https:\/\/xenonkungen.com\/en\/product\/hid-decoder\/","og_locale":"en_GB","og_type":"article","og_title":"HID Decoder - Xenonkungen","og_description":"Probleml\u00f6sare f\u00f6r lampvarningar HID Decoder 9-16V \u00e4r en canceller som m\u00f6jligg\u00f6r funktion och\/eller \u00e5tg\u00e4rdar lampvarning efter konvertering till xenonljus om dylika problem uppst\u00e5r? Kan \u00e4ven \u00e5tg\u00e4rda Canbus problem i vissa fall. Universal f\u00f6r 9-16V ballaster. \u00c5tg\u00e4rdar problem f\u00f6r bl.a. f\u00f6ljande bilar:Chrysler 300C helljus (+ 50W xenonkit)Saab 9-3 2006 dimljus (+ HID Canceller 103147)Saab 9-5 2006-, [&hellip;]","og_url":"https:\/\/xenonkungen.com\/en\/product\/hid-decoder\/","og_site_name":"Xenonkungen","article_modified_time":"2026-04-21T15:04:43+00:00","og_image":[{"width":1000,"height":1000,"url":"https:\/\/xenonkungen.com\/wp-content\/uploads\/2025\/04\/998054-origpic-6d6684.png","type":"image\/png"}],"twitter_card":"summary_large_image","twitter_misc":{"Estimated reading time":"1 minute"},"schema":{"@context":"https:\/\/schema.org","@graph":[{"@type":"WebPage","@id":"https:\/\/xenonkungen.com\/no\/produkt\/skjult-dekoder\/","url":"https:\/\/xenonkungen.com\/no\/produkt\/skjult-dekoder\/","name":"HID Decoder - Xenon King","isPartOf":{"@id":"https:\/\/xenonkungen.com\/#website"},"primaryImageOfPage":{"@id":"https:\/\/xenonkungen.com\/no\/produkt\/skjult-dekoder\/#primaryimage"},"image":{"@id":"https:\/\/xenonkungen.com\/no\/produkt\/skjult-dekoder\/#primaryimage"},"thumbnailUrl":"https:\/\/xenonkungen.com\/wp-content\/uploads\/2025\/04\/998054-origpic-6d6684.png","datePublished":"2025-04-15T08:04:00+00:00","dateModified":"2026-04-21T15:04:43+00:00","breadcrumb":{"@id":"https:\/\/xenonkungen.com\/no\/produkt\/skjult-dekoder\/#breadcrumb"},"inLanguage":"en-GB","potentialAction":[{"@type":"ReadAction","target":["https:\/\/xenonkungen.com\/no\/produkt\/skjult-dekoder\/"]}]},{"@type":"ImageObject","inLanguage":"en-GB","@id":"https:\/\/xenonkungen.com\/no\/produkt\/skjult-dekoder\/#primaryimage","url":"https:\/\/xenonkungen.com\/wp-content\/uploads\/2025\/04\/998054-origpic-6d6684.png","contentUrl":"https:\/\/xenonkungen.com\/wp-content\/uploads\/2025\/04\/998054-origpic-6d6684.png","width":1000,"height":1000},{"@type":"BreadcrumbList","@id":"https:\/\/xenonkungen.com\/no\/produkt\/skjult-dekoder\/#breadcrumb","itemListElement":[{"@type":"ListItem","position":1,"name":"Hem","item":"https:\/\/xenonkungen.com\/"},{"@type":"ListItem","position":2,"name":"Shop","item":"https:\/\/xenonkungen.com\/shop\/"},{"@type":"ListItem","position":3,"name":"HID Decoder"}]},{"@type":"WebSite","@id":"https:\/\/xenonkungen.com\/#website","url":"https:\/\/xenonkungen.com\/","name":"Xenonkungen","description":"","potentialAction":[{"@type":"SearchAction","target":{"@type":"EntryPoint","urlTemplate":"https:\/\/xenonkungen.com\/?s={search_term_string}"},"query-input":{"@type":"PropertyValueSpecification","valueRequired":true,"valueName":"search_term_string"}}],"inLanguage":"en-GB"}]}},"taxonomy_info":{"product_brand":[{"value":2793,"label":"\u00d6VRIGT"}],"product_cat":[{"value":2487,"label":"Canbus"},{"value":390,"label":"Installation"}],"pa_lampsockel-kontakt":[{"value":326,"label":"9006 , HB4"}],"pa_volt-v":[{"value":476,"label":"Multivolt, 9, 12, 16"}]},"featured_image_src_large":["https:\/\/xenonkungen.com\/wp-content\/uploads\/2025\/04\/998054-origpic-6d6684.png",1000,1000,false],"author_info":[],"comment_info":0,"_links":{"self":[{"href":"https:\/\/xenonkungen.com\/en\/wp-json\/wp\/v2\/product\/1431","targetHints":{"allow":["GET"]}}],"collection":[{"href":"https:\/\/xenonkungen.com\/en\/wp-json\/wp\/v2\/product"}],"about":[{"href":"https:\/\/xenonkungen.com\/en\/wp-json\/wp\/v2\/types\/product"}],"replies":[{"embeddable":true,"href":"https:\/\/xenonkungen.com\/en\/wp-json\/wp\/v2\/comments?post=1431"}],"wp:featuredmedia":[{"embeddable":true,"href":"https:\/\/xenonkungen.com\/en\/wp-json\/wp\/v2\/media\/1432"}],"wp:attachment":[{"href":"https:\/\/xenonkungen.com\/en\/wp-json\/wp\/v2\/media?parent=1431"}],"wp:term":[{"taxonomy":"anvandningsomrade","embeddable":true,"href":"https:\/\/xenonkungen.com\/en\/wp-json\/wp\/v2\/anvandningsomrade?post=1431"},{"taxonomy":"bilmarken","embeddable":true,"href":"https:\/\/xenonkungen.com\/en\/wp-json\/wp\/v2\/bilmarken?post=1431"},{"taxonomy":"product_brand","embeddable":true,"href":"https:\/\/xenonkungen.com\/en\/wp-json\/wp\/v2\/product_brand?post=1431"},{"taxonomy":"product_cat","embeddable":true,"href":"https:\/\/xenonkungen.com\/en\/wp-json\/wp\/v2\/product_cat?post=1431"},{"taxonomy":"product_tag","embeddable":true,"href":"https:\/\/xenonkungen.com\/en\/wp-json\/wp\/v2\/product_tag?post=1431"}],"curies":[{"name":"wp","href":"https:\/\/api.w.org\/{rel}","templated":true}]}}