{"id":1457,"date":"2025-04-15T08:04:00","date_gmt":"2025-04-15T08:04:00","guid":{"rendered":"https:\/\/xenonkungen.com\/product\/forlangningskabel-40cm\/"},"modified":"2026-03-11T09:48:12","modified_gmt":"2026-03-11T08:48:12","slug":"extension-cable-40cm","status":"publish","type":"product","link":"https:\/\/xenonkungen.com\/en\/product\/extension-cable-40cm\/","title":{"rendered":"Extension cable 40cm"},"content":{"rendered":"<h1>40cm extension cable for extra light<\/h1>\n<p>Extension cable with AMP connectors. If you are installing xenon in <strong>EXTRA LIGHT<\/strong> you may need these extensions of about <strong>40cm<\/strong> so that the actuators can be safely mounted protected inside the engine compartment.<\/p>\n<p><strong>Note!<\/strong> Always choose the shortest possible extension of high voltage cable between ballast and xenon lamp. The longer the cable, the higher <em>risk<\/em> for complications.<\/p>\n<p>Measure the total length of cable you need between the auxiliary light and the ballast position.<\/p>\n<p>Length of input wiring:<br \/>Xenon lamp: approx. 40 cm<br \/>Ballast: ca 40 cm<br \/>Extension: shortest possible<br \/><strong>Intended for: Ballasts 35\/50\/60W power.<\/strong><\/p>","protected":false},"excerpt":{"rendered":"<p>40cm f\u00f6rl\u00e4ngningskabel till extraljus F\u00f6rl\u00e4ngningskabel med AMP kontakter. Om du ska montera xenon i extraljus kan du beh\u00f6va dessa f\u00f6rl\u00e4ngningar p\u00e5 ca 40cm s\u00e5 att drivdonen s\u00e4kert kan monteras skyddade inne i motorrummet. Obs! V\u00e4lj alltid kortast m\u00f6jliga f\u00f6rl\u00e4ngning av h\u00f6gsp\u00e4nningskabel mellan ballast och xenonlampa. Ju l\u00e4ngre kabel desto h\u00f6gre risk f\u00f6r komplikationer. M\u00e4t upp [&hellip;]<\/p>","protected":false},"featured_media":1458,"comment_status":"closed","ping_status":"open","template":"","meta":{"_acf_changed":false,"_smort_price_nok":"42","_smort_price_dkk":"26","_smort_price_eur":"3.55","_smort_sale_price_nok":"","_smort_sale_price_dkk":"","_smort_sale_price_eur":"","smort_restorder":"","shipmondo_restorder":"","_kad_blocks_custom_css":"","_kad_blocks_head_custom_js":"","_kad_blocks_body_custom_js":"","_kad_blocks_footer_custom_js":"","smort_custom_pricelist_1":"24.96","smort_custom_pricelist_2":"21.85","smort_custom_pricelist_3":"20.76","smort_custom_pricelist_4":"31.2","smort_custom_pricelist_5":"21.85"},"anvandningsomrade":[],"bilmarken":[],"product_brand":[],"product_cat":[2841,2488,2491,2489,2490,390],"product_tag":[],"class_list":{"0":"post-1457","1":"product","2":"type-product","3":"status-publish","4":"has-post-thumbnail","6":"product_cat-installation-extraljus","7":"product_cat-relasats-arbetsbelysning","8":"product_cat-relasats","9":"product_cat-relasats-extraljus","10":"product_cat-relasats-2","11":"product_cat-installation","12":"pa_lampsockel-kontakt-amp","14":"first","15":"instock","16":"taxable","17":"shipping-taxable","18":"purchasable","19":"product-type-simple"},"bundled_by":[],"bundle_stock_status":"instock","bundle_stock_quantity":100,"bundle_virtual":false,"bundle_layout":"","bundle_add_to_cart_form_location":"","bundle_editable_in_cart":false,"bundle_sold_individually_context":"","bundle_item_grouping":"","bundle_min_size":"","bundle_max_size":"","bundle_price":[],"bundled_items":[],"bundle_sell_ids":[],"acf":[],"yoast_head":"<!-- This site is optimized with the Yoast SEO plugin v27.0 - https:\/\/yoast.com\/product\/yoast-seo-wordpress\/ -->\n<title>F\u00f6rl\u00e4ngningskabel 40cm - Xenonkungen<\/title>\n<meta name=\"robots\" content=\"index, follow, max-snippet:-1, max-image-preview:large, max-video-preview:-1\" \/>\n<link rel=\"canonical\" href=\"https:\/\/xenonkungen.com\/en\/product\/extension-cable-40cm\/\" \/>\n<meta property=\"og:locale\" content=\"en_GB\" \/>\n<meta property=\"og:type\" content=\"article\" \/>\n<meta property=\"og:title\" content=\"F\u00f6rl\u00e4ngningskabel 40cm - Xenonkungen\" \/>\n<meta property=\"og:description\" content=\"40cm f\u00f6rl\u00e4ngningskabel till extraljus F\u00f6rl\u00e4ngningskabel med AMP kontakter. Om du ska montera xenon i extraljus kan du beh\u00f6va dessa f\u00f6rl\u00e4ngningar p\u00e5 ca 40cm s\u00e5 att drivdonen s\u00e4kert kan monteras skyddade inne i motorrummet. Obs! V\u00e4lj alltid kortast m\u00f6jliga f\u00f6rl\u00e4ngning av h\u00f6gsp\u00e4nningskabel mellan ballast och xenonlampa. Ju l\u00e4ngre kabel desto h\u00f6gre risk f\u00f6r komplikationer. M\u00e4t upp [&hellip;]\" \/>\n<meta property=\"og:url\" content=\"https:\/\/xenonkungen.com\/en\/product\/extension-cable-40cm\/\" \/>\n<meta property=\"og:site_name\" content=\"Xenonkungen\" \/>\n<meta property=\"article:modified_time\" content=\"2026-03-11T08:48:12+00:00\" \/>\n<meta property=\"og:image\" content=\"https:\/\/xenonkungen.com\/wp-content\/uploads\/2025\/04\/68816131-origpic-bed152.png\" \/>\n\t<meta property=\"og:image:width\" content=\"1000\" \/>\n\t<meta property=\"og:image:height\" content=\"1000\" \/>\n\t<meta property=\"og:image:type\" content=\"image\/png\" \/>\n<meta name=\"twitter:card\" content=\"summary_large_image\" \/>\n<meta name=\"twitter:label1\" content=\"Estimated reading time\" \/>\n\t<meta name=\"twitter:data1\" content=\"1 minute\" \/>\n<script type=\"application\/ld+json\" class=\"yoast-schema-graph\">{\"@context\":\"https:\/\/schema.org\",\"@graph\":[{\"@type\":\"WebPage\",\"@id\":\"https:\/\/xenonkungen.com\/nl\/product\/forlangningskabel-40cm\/\",\"url\":\"https:\/\/xenonkungen.com\/nl\/product\/forlangningskabel-40cm\/\",\"name\":\"F\u00f6rl\u00e4ngningskabel 40cm - Xenonkungen\",\"isPartOf\":{\"@id\":\"https:\/\/xenonkungen.com\/#website\"},\"primaryImageOfPage\":{\"@id\":\"https:\/\/xenonkungen.com\/nl\/product\/forlangningskabel-40cm\/#primaryimage\"},\"image\":{\"@id\":\"https:\/\/xenonkungen.com\/nl\/product\/forlangningskabel-40cm\/#primaryimage\"},\"thumbnailUrl\":\"https:\/\/xenonkungen.com\/wp-content\/uploads\/2025\/04\/68816131-origpic-bed152.png\",\"datePublished\":\"2025-04-15T08:04:00+00:00\",\"dateModified\":\"2026-03-11T08:48:12+00:00\",\"breadcrumb\":{\"@id\":\"https:\/\/xenonkungen.com\/nl\/product\/forlangningskabel-40cm\/#breadcrumb\"},\"inLanguage\":\"en-GB\",\"potentialAction\":[{\"@type\":\"ReadAction\",\"target\":[\"https:\/\/xenonkungen.com\/nl\/product\/forlangningskabel-40cm\/\"]}]},{\"@type\":\"ImageObject\",\"inLanguage\":\"en-GB\",\"@id\":\"https:\/\/xenonkungen.com\/nl\/product\/forlangningskabel-40cm\/#primaryimage\",\"url\":\"https:\/\/xenonkungen.com\/wp-content\/uploads\/2025\/04\/68816131-origpic-bed152.png\",\"contentUrl\":\"https:\/\/xenonkungen.com\/wp-content\/uploads\/2025\/04\/68816131-origpic-bed152.png\",\"width\":1000,\"height\":1000},{\"@type\":\"BreadcrumbList\",\"@id\":\"https:\/\/xenonkungen.com\/nl\/product\/forlangningskabel-40cm\/#breadcrumb\",\"itemListElement\":[{\"@type\":\"ListItem\",\"position\":1,\"name\":\"Hem\",\"item\":\"https:\/\/xenonkungen.com\/\"},{\"@type\":\"ListItem\",\"position\":2,\"name\":\"Shop\",\"item\":\"https:\/\/xenonkungen.com\/shop\/\"},{\"@type\":\"ListItem\",\"position\":3,\"name\":\"F\u00f6rl\u00e4ngningskabel 40cm\"}]},{\"@type\":\"WebSite\",\"@id\":\"https:\/\/xenonkungen.com\/#website\",\"url\":\"https:\/\/xenonkungen.com\/\",\"name\":\"Xenonkungen\",\"description\":\"\",\"potentialAction\":[{\"@type\":\"SearchAction\",\"target\":{\"@type\":\"EntryPoint\",\"urlTemplate\":\"https:\/\/xenonkungen.com\/?s={search_term_string}\"},\"query-input\":{\"@type\":\"PropertyValueSpecification\",\"valueRequired\":true,\"valueName\":\"search_term_string\"}}],\"inLanguage\":\"en-GB\"}]}<\/script>\n<!-- \/ Yoast SEO plugin. -->","yoast_head_json":{"title":"Extension cable 40cm - Xenonkungen","robots":{"index":"index","follow":"follow","max-snippet":"max-snippet:-1","max-image-preview":"max-image-preview:large","max-video-preview":"max-video-preview:-1"},"canonical":"https:\/\/xenonkungen.com\/en\/product\/extension-cable-40cm\/","og_locale":"en_GB","og_type":"article","og_title":"F\u00f6rl\u00e4ngningskabel 40cm - Xenonkungen","og_description":"40cm f\u00f6rl\u00e4ngningskabel till extraljus F\u00f6rl\u00e4ngningskabel med AMP kontakter. Om du ska montera xenon i extraljus kan du beh\u00f6va dessa f\u00f6rl\u00e4ngningar p\u00e5 ca 40cm s\u00e5 att drivdonen s\u00e4kert kan monteras skyddade inne i motorrummet. Obs! V\u00e4lj alltid kortast m\u00f6jliga f\u00f6rl\u00e4ngning av h\u00f6gsp\u00e4nningskabel mellan ballast och xenonlampa. Ju l\u00e4ngre kabel desto h\u00f6gre risk f\u00f6r komplikationer. M\u00e4t upp [&hellip;]","og_url":"https:\/\/xenonkungen.com\/en\/product\/extension-cable-40cm\/","og_site_name":"Xenonkungen","article_modified_time":"2026-03-11T08:48:12+00:00","og_image":[{"width":1000,"height":1000,"url":"https:\/\/xenonkungen.com\/wp-content\/uploads\/2025\/04\/68816131-origpic-bed152.png","type":"image\/png"}],"twitter_card":"summary_large_image","twitter_misc":{"Estimated reading time":"1 minute"},"schema":{"@context":"https:\/\/schema.org","@graph":[{"@type":"WebPage","@id":"https:\/\/xenonkungen.com\/nl\/product\/forlangningskabel-40cm\/","url":"https:\/\/xenonkungen.com\/nl\/product\/forlangningskabel-40cm\/","name":"Extension cable 40cm - Xenonkungen","isPartOf":{"@id":"https:\/\/xenonkungen.com\/#website"},"primaryImageOfPage":{"@id":"https:\/\/xenonkungen.com\/nl\/product\/forlangningskabel-40cm\/#primaryimage"},"image":{"@id":"https:\/\/xenonkungen.com\/nl\/product\/forlangningskabel-40cm\/#primaryimage"},"thumbnailUrl":"https:\/\/xenonkungen.com\/wp-content\/uploads\/2025\/04\/68816131-origpic-bed152.png","datePublished":"2025-04-15T08:04:00+00:00","dateModified":"2026-03-11T08:48:12+00:00","breadcrumb":{"@id":"https:\/\/xenonkungen.com\/nl\/product\/forlangningskabel-40cm\/#breadcrumb"},"inLanguage":"en-GB","potentialAction":[{"@type":"ReadAction","target":["https:\/\/xenonkungen.com\/nl\/product\/forlangningskabel-40cm\/"]}]},{"@type":"ImageObject","inLanguage":"en-GB","@id":"https:\/\/xenonkungen.com\/nl\/product\/forlangningskabel-40cm\/#primaryimage","url":"https:\/\/xenonkungen.com\/wp-content\/uploads\/2025\/04\/68816131-origpic-bed152.png","contentUrl":"https:\/\/xenonkungen.com\/wp-content\/uploads\/2025\/04\/68816131-origpic-bed152.png","width":1000,"height":1000},{"@type":"BreadcrumbList","@id":"https:\/\/xenonkungen.com\/nl\/product\/forlangningskabel-40cm\/#breadcrumb","itemListElement":[{"@type":"ListItem","position":1,"name":"Hem","item":"https:\/\/xenonkungen.com\/"},{"@type":"ListItem","position":2,"name":"Shop","item":"https:\/\/xenonkungen.com\/shop\/"},{"@type":"ListItem","position":3,"name":"F\u00f6rl\u00e4ngningskabel 40cm"}]},{"@type":"WebSite","@id":"https:\/\/xenonkungen.com\/#website","url":"https:\/\/xenonkungen.com\/","name":"Xenonkungen","description":"","potentialAction":[{"@type":"SearchAction","target":{"@type":"EntryPoint","urlTemplate":"https:\/\/xenonkungen.com\/?s={search_term_string}"},"query-input":{"@type":"PropertyValueSpecification","valueRequired":true,"valueName":"search_term_string"}}],"inLanguage":"en-GB"}]}},"taxonomy_info":{"product_cat":[{"value":2841,"label":"Installation extraljus"},{"value":2488,"label":"Rel\u00e4sats"},{"value":2491,"label":"Rel\u00e4sats"},{"value":2489,"label":"Rel\u00e4satser"},{"value":2490,"label":"Rel\u00e4satser"},{"value":390,"label":"Installation"}],"pa_lampsockel-kontakt":[{"value":478,"label":"AMP"}]},"featured_image_src_large":["https:\/\/xenonkungen.com\/wp-content\/uploads\/2025\/04\/68816131-origpic-bed152.png",1000,1000,false],"author_info":[],"comment_info":0,"_links":{"self":[{"href":"https:\/\/xenonkungen.com\/en\/wp-json\/wp\/v2\/product\/1457","targetHints":{"allow":["GET"]}}],"collection":[{"href":"https:\/\/xenonkungen.com\/en\/wp-json\/wp\/v2\/product"}],"about":[{"href":"https:\/\/xenonkungen.com\/en\/wp-json\/wp\/v2\/types\/product"}],"replies":[{"embeddable":true,"href":"https:\/\/xenonkungen.com\/en\/wp-json\/wp\/v2\/comments?post=1457"}],"wp:featuredmedia":[{"embeddable":true,"href":"https:\/\/xenonkungen.com\/en\/wp-json\/wp\/v2\/media\/1458"}],"wp:attachment":[{"href":"https:\/\/xenonkungen.com\/en\/wp-json\/wp\/v2\/media?parent=1457"}],"wp:term":[{"taxonomy":"anvandningsomrade","embeddable":true,"href":"https:\/\/xenonkungen.com\/en\/wp-json\/wp\/v2\/anvandningsomrade?post=1457"},{"taxonomy":"bilmarken","embeddable":true,"href":"https:\/\/xenonkungen.com\/en\/wp-json\/wp\/v2\/bilmarken?post=1457"},{"taxonomy":"product_brand","embeddable":true,"href":"https:\/\/xenonkungen.com\/en\/wp-json\/wp\/v2\/product_brand?post=1457"},{"taxonomy":"product_cat","embeddable":true,"href":"https:\/\/xenonkungen.com\/en\/wp-json\/wp\/v2\/product_cat?post=1457"},{"taxonomy":"product_tag","embeddable":true,"href":"https:\/\/xenonkungen.com\/en\/wp-json\/wp\/v2\/product_tag?post=1457"}],"curies":[{"name":"wp","href":"https:\/\/api.w.org\/{rel}","templated":true}]}}