{"id":15067,"date":"2025-10-08T08:45:25","date_gmt":"2025-10-08T08:45:25","guid":{"rendered":"https:\/\/xenonkungen.com\/?post_type=product&#038;p=15067"},"modified":"2026-04-24T17:43:09","modified_gmt":"2026-04-24T16:43:09","slug":"osram-ledriving-cube-wl-vx80-wd","status":"publish","type":"product","link":"https:\/\/xenonkungen.com\/en\/product\/osram-ledriving-cube-wl-vx80-wd\/","title":{"rendered":"OSRAM LEDriving\u00ae CUBE WL VX80-WD"},"content":{"rendered":"<h3 data-start=\"152\" data-end=\"189\">OSRAM LEDriving Cube WL VX80-WD<\/h3>\n<p data-start=\"191\" data-end=\"331\">Give yourself the best possible visibility with the OSRAM LEDriving Cube WL VX80-WD - a powerful and reliable work light for both work and adventure.<\/p>\n<p data-start=\"333\" data-end=\"574\">This compact LED light delivers up to <strong data-start=\"377\" data-end=\"391\">1350 lumens<\/strong> with a <strong data-start=\"399\" data-end=\"416\">wide light pattern<\/strong> and <strong data-start=\"421\" data-end=\"453\">6000 K daylight-like light<\/strong>, providing optimal visibility even in dark conditions. Ideal for workplaces, forest roads and off-road driving.<\/p>\n<p data-start=\"576\" data-end=\"775\">Built in <strong data-start=\"584\" data-end=\"604\">robust aluminium<\/strong> with <strong data-start=\"609\" data-end=\"639\">impact-resistant polycarbonate lens<\/strong> and tested according to <strong data-start=\"658\" data-end=\"678\">IP6K8 and IP6K9K<\/strong>, it resists water, dust, shock, heat, cold and vibration - ideal for harsh environments.<\/p>\n<p data-start=\"777\" data-end=\"904\"><strong data-start=\"777\" data-end=\"797\">ECE R148 approved<\/strong> as reversing lights and easy to fit on lorries, tractors, construction machinery, off-road vehicles and more.<\/p>\n<p data-start=\"906\" data-end=\"921\"><strong data-start=\"906\" data-end=\"919\">Advantages:<\/strong><\/p>\n<ul data-start=\"922\" data-end=\"1130\">\n<li data-start=\"922\" data-end=\"955\">\n<p data-start=\"924\" data-end=\"955\">Up to 1350 lumen light output<\/p>\n<\/li>\n<li data-start=\"956\" data-end=\"997\">\n<p data-start=\"958\" data-end=\"997\">6000 K colour temperature - similar to daylight<\/p>\n<\/li>\n<li data-start=\"998\" data-end=\"1031\">\n<p data-start=\"1000\" data-end=\"1031\">ECE R148 approved as reversing light<\/p>\n<\/li>\n<li data-start=\"1032\" data-end=\"1064\">\n<p data-start=\"1034\" data-end=\"1064\">IP6K8 and IP6K9K certified<\/p>\n<\/li>\n<li data-start=\"1065\" data-end=\"1106\">\n<p data-start=\"1067\" data-end=\"1106\">Lightweight, robust and durable construction<\/p>\n<\/li>\n<li data-start=\"1107\" data-end=\"1130\">\n<p data-start=\"1109\" data-end=\"1130\">2 year OSRAM guarantee<\/p>\n<\/li>\n<\/ul>\n<p data-start=\"1132\" data-end=\"1225\"><strong data-start=\"1132\" data-end=\"1225\">OSRAM LEDriving Cube WL VX80-WD - when you demand light that delivers, whatever the conditions.<\/strong><\/p>","protected":false},"excerpt":{"rendered":"<p>OSRAM LEDriving Cube WL VX80-WD Ge dig sj\u00e4lv b\u00e4sta m\u00f6jliga sikt med OSRAM LEDriving Cube WL VX80-WD \u2013 ett kraftfullt och p\u00e5litligt arbetsljus f\u00f6r b\u00e5de arbete och \u00e4ventyr. Denna kompakta LED-lampa levererar upp till 1350 lumen med en bred ljusbild och 6000 K dagsljusliknande ljus, vilket ger optimal synlighet \u00e4ven under m\u00f6rka f\u00f6rh\u00e5llanden. Perfekt f\u00f6r [&hellip;]<\/p>","protected":false},"featured_media":15078,"comment_status":"open","ping_status":"closed","template":"","meta":{"_acf_changed":false,"_smort_price_nok":"373","_smort_price_dkk":"237","_smort_price_eur":"31.73","_smort_sale_price_nok":"","_smort_sale_price_dkk":"","_smort_sale_price_eur":"","smort_restorder":"","shipmondo_restorder":"","_kad_blocks_custom_css":"","_kad_blocks_head_custom_js":"","_kad_blocks_body_custom_js":"","_kad_blocks_footer_custom_js":"","smort_custom_pricelist_1":"223.36","smort_custom_pricelist_2":"195.44","smort_custom_pricelist_3":"181.48","smort_custom_pricelist_4":"279.2","smort_custom_pricelist_5":"195.44"},"anvandningsomrade":[],"bilmarken":[],"product_brand":[108],"product_cat":[2639,2642,508],"product_tag":[],"class_list":{"0":"post-15067","1":"product","2":"type-product","3":"status-publish","4":"has-post-thumbnail","6":"product_brand-osram","7":"product_cat-osram-ledriving-arbetsbelysning","8":"product_cat-osram-ledriving-backljus-backljus-osram-ledriving-arbetsbelysning","9":"product_cat-arbetsbelysning","10":"pa_fargtemperatur-6000k","11":"pa_fuktskydd-varde-ipxx-ip68","12":"pa_fuktskydd-varde-ipxx-ip69","13":"pa_lampsockel-kontakt-open-wire","14":"pa_led-chips-effekt-w-2138","15":"pa_storlek-mm-75x1252x1022","16":"pa_volt-v-159","17":"pa_volt-v-160","19":"first","20":"instock","21":"taxable","22":"shipping-taxable","23":"purchasable","24":"product-type-simple"},"bundled_by":[],"bundle_stock_status":"instock","bundle_stock_quantity":7,"bundle_virtual":false,"bundle_layout":"","bundle_add_to_cart_form_location":"","bundle_editable_in_cart":false,"bundle_sold_individually_context":"","bundle_item_grouping":"","bundle_min_size":"","bundle_max_size":"","bundle_price":[],"bundled_items":[],"bundle_sell_ids":[],"acf":[],"yoast_head":"<!-- This site is optimized with the Yoast SEO plugin v27.0 - https:\/\/yoast.com\/product\/yoast-seo-wordpress\/ -->\n<title>OSRAM LEDriving\u00ae CUBE WL VX80-WD - Xenonkungen<\/title>\n<meta name=\"robots\" content=\"index, follow, max-snippet:-1, max-image-preview:large, max-video-preview:-1\" \/>\n<link rel=\"canonical\" href=\"https:\/\/xenonkungen.com\/en\/product\/osram-ledriving-cube-wl-vx80-wd\/\" \/>\n<meta property=\"og:locale\" content=\"en_GB\" \/>\n<meta property=\"og:type\" content=\"article\" \/>\n<meta property=\"og:title\" content=\"OSRAM LEDriving\u00ae CUBE WL VX80-WD - Xenonkungen\" \/>\n<meta property=\"og:description\" content=\"OSRAM LEDriving Cube WL VX80-WD Ge dig sj\u00e4lv b\u00e4sta m\u00f6jliga sikt med OSRAM LEDriving Cube WL VX80-WD \u2013 ett kraftfullt och p\u00e5litligt arbetsljus f\u00f6r b\u00e5de arbete och \u00e4ventyr. Denna kompakta LED-lampa levererar upp till 1350 lumen med en bred ljusbild och 6000 K dagsljusliknande ljus, vilket ger optimal synlighet \u00e4ven under m\u00f6rka f\u00f6rh\u00e5llanden. Perfekt f\u00f6r [&hellip;]\" \/>\n<meta property=\"og:url\" content=\"https:\/\/xenonkungen.com\/en\/product\/osram-ledriving-cube-wl-vx80-wd\/\" \/>\n<meta property=\"og:site_name\" content=\"Xenonkungen\" \/>\n<meta property=\"article:modified_time\" content=\"2026-04-24T16:43:09+00:00\" \/>\n<meta property=\"og:image\" content=\"https:\/\/xenonkungen.com\/wp-content\/uploads\/2025\/10\/Small-for-web-and-ppt-PI_ARF-2023-00252_LEDriving_CUBE_WL_VX80-WD_Perspective_Front_02.jpg\" \/>\n\t<meta property=\"og:image:width\" content=\"1024\" \/>\n\t<meta property=\"og:image:height\" content=\"1024\" \/>\n\t<meta property=\"og:image:type\" content=\"image\/jpeg\" \/>\n<meta name=\"twitter:card\" content=\"summary_large_image\" \/>\n<meta name=\"twitter:label1\" content=\"Estimated reading time\" \/>\n\t<meta name=\"twitter:data1\" content=\"1 minute\" \/>\n<script type=\"application\/ld+json\" class=\"yoast-schema-graph\">{\"@context\":\"https:\/\/schema.org\",\"@graph\":[{\"@type\":\"WebPage\",\"@id\":\"https:\/\/xenonkungen.com\/produkt\/osram-ledriving-cube-wl-vx80-wd\/\",\"url\":\"https:\/\/xenonkungen.com\/produkt\/osram-ledriving-cube-wl-vx80-wd\/\",\"name\":\"OSRAM LEDriving\u00ae CUBE WL VX80-WD - Xenonkungen\",\"isPartOf\":{\"@id\":\"https:\/\/xenonkungen.com\/#website\"},\"primaryImageOfPage\":{\"@id\":\"https:\/\/xenonkungen.com\/produkt\/osram-ledriving-cube-wl-vx80-wd\/#primaryimage\"},\"image\":{\"@id\":\"https:\/\/xenonkungen.com\/produkt\/osram-ledriving-cube-wl-vx80-wd\/#primaryimage\"},\"thumbnailUrl\":\"https:\/\/xenonkungen.com\/wp-content\/uploads\/2025\/10\/Small-for-web-and-ppt-PI_ARF-2023-00252_LEDriving_CUBE_WL_VX80-WD_Perspective_Front_02.jpg\",\"datePublished\":\"2025-10-08T08:45:25+00:00\",\"dateModified\":\"2026-04-24T16:43:09+00:00\",\"breadcrumb\":{\"@id\":\"https:\/\/xenonkungen.com\/produkt\/osram-ledriving-cube-wl-vx80-wd\/#breadcrumb\"},\"inLanguage\":\"en-GB\",\"potentialAction\":[{\"@type\":\"ReadAction\",\"target\":[\"https:\/\/xenonkungen.com\/produkt\/osram-ledriving-cube-wl-vx80-wd\/\"]}]},{\"@type\":\"ImageObject\",\"inLanguage\":\"en-GB\",\"@id\":\"https:\/\/xenonkungen.com\/produkt\/osram-ledriving-cube-wl-vx80-wd\/#primaryimage\",\"url\":\"https:\/\/xenonkungen.com\/wp-content\/uploads\/2025\/10\/Small-for-web-and-ppt-PI_ARF-2023-00252_LEDriving_CUBE_WL_VX80-WD_Perspective_Front_02.jpg\",\"contentUrl\":\"https:\/\/xenonkungen.com\/wp-content\/uploads\/2025\/10\/Small-for-web-and-ppt-PI_ARF-2023-00252_LEDriving_CUBE_WL_VX80-WD_Perspective_Front_02.jpg\",\"width\":1024,\"height\":1024},{\"@type\":\"BreadcrumbList\",\"@id\":\"https:\/\/xenonkungen.com\/produkt\/osram-ledriving-cube-wl-vx80-wd\/#breadcrumb\",\"itemListElement\":[{\"@type\":\"ListItem\",\"position\":1,\"name\":\"Hem\",\"item\":\"https:\/\/xenonkungen.com\/\"},{\"@type\":\"ListItem\",\"position\":2,\"name\":\"Shop\",\"item\":\"https:\/\/xenonkungen.com\/shop\/\"},{\"@type\":\"ListItem\",\"position\":3,\"name\":\"OSRAM LEDriving\u00ae CUBE WL VX80-WD\"}]},{\"@type\":\"WebSite\",\"@id\":\"https:\/\/xenonkungen.com\/#website\",\"url\":\"https:\/\/xenonkungen.com\/\",\"name\":\"Xenonkungen\",\"description\":\"\",\"potentialAction\":[{\"@type\":\"SearchAction\",\"target\":{\"@type\":\"EntryPoint\",\"urlTemplate\":\"https:\/\/xenonkungen.com\/?s={search_term_string}\"},\"query-input\":{\"@type\":\"PropertyValueSpecification\",\"valueRequired\":true,\"valueName\":\"search_term_string\"}}],\"inLanguage\":\"en-GB\"}]}<\/script>\n<!-- \/ Yoast SEO plugin. -->","yoast_head_json":{"title":"OSRAM LEDriving\u00ae CUBE WL VX80-WD - The Xenon King","robots":{"index":"index","follow":"follow","max-snippet":"max-snippet:-1","max-image-preview":"max-image-preview:large","max-video-preview":"max-video-preview:-1"},"canonical":"https:\/\/xenonkungen.com\/en\/product\/osram-ledriving-cube-wl-vx80-wd\/","og_locale":"en_GB","og_type":"article","og_title":"OSRAM LEDriving\u00ae CUBE WL VX80-WD - Xenonkungen","og_description":"OSRAM LEDriving Cube WL VX80-WD Ge dig sj\u00e4lv b\u00e4sta m\u00f6jliga sikt med OSRAM LEDriving Cube WL VX80-WD \u2013 ett kraftfullt och p\u00e5litligt arbetsljus f\u00f6r b\u00e5de arbete och \u00e4ventyr. Denna kompakta LED-lampa levererar upp till 1350 lumen med en bred ljusbild och 6000 K dagsljusliknande ljus, vilket ger optimal synlighet \u00e4ven under m\u00f6rka f\u00f6rh\u00e5llanden. Perfekt f\u00f6r [&hellip;]","og_url":"https:\/\/xenonkungen.com\/en\/product\/osram-ledriving-cube-wl-vx80-wd\/","og_site_name":"Xenonkungen","article_modified_time":"2026-04-24T16:43:09+00:00","og_image":[{"width":1024,"height":1024,"url":"https:\/\/xenonkungen.com\/wp-content\/uploads\/2025\/10\/Small-for-web-and-ppt-PI_ARF-2023-00252_LEDriving_CUBE_WL_VX80-WD_Perspective_Front_02.jpg","type":"image\/jpeg"}],"twitter_card":"summary_large_image","twitter_misc":{"Estimated reading time":"1 minute"},"schema":{"@context":"https:\/\/schema.org","@graph":[{"@type":"WebPage","@id":"https:\/\/xenonkungen.com\/produkt\/osram-ledriving-cube-wl-vx80-wd\/","url":"https:\/\/xenonkungen.com\/produkt\/osram-ledriving-cube-wl-vx80-wd\/","name":"OSRAM LEDriving\u00ae CUBE WL VX80-WD - The Xenon King","isPartOf":{"@id":"https:\/\/xenonkungen.com\/#website"},"primaryImageOfPage":{"@id":"https:\/\/xenonkungen.com\/produkt\/osram-ledriving-cube-wl-vx80-wd\/#primaryimage"},"image":{"@id":"https:\/\/xenonkungen.com\/produkt\/osram-ledriving-cube-wl-vx80-wd\/#primaryimage"},"thumbnailUrl":"https:\/\/xenonkungen.com\/wp-content\/uploads\/2025\/10\/Small-for-web-and-ppt-PI_ARF-2023-00252_LEDriving_CUBE_WL_VX80-WD_Perspective_Front_02.jpg","datePublished":"2025-10-08T08:45:25+00:00","dateModified":"2026-04-24T16:43:09+00:00","breadcrumb":{"@id":"https:\/\/xenonkungen.com\/produkt\/osram-ledriving-cube-wl-vx80-wd\/#breadcrumb"},"inLanguage":"en-GB","potentialAction":[{"@type":"ReadAction","target":["https:\/\/xenonkungen.com\/produkt\/osram-ledriving-cube-wl-vx80-wd\/"]}]},{"@type":"ImageObject","inLanguage":"en-GB","@id":"https:\/\/xenonkungen.com\/produkt\/osram-ledriving-cube-wl-vx80-wd\/#primaryimage","url":"https:\/\/xenonkungen.com\/wp-content\/uploads\/2025\/10\/Small-for-web-and-ppt-PI_ARF-2023-00252_LEDriving_CUBE_WL_VX80-WD_Perspective_Front_02.jpg","contentUrl":"https:\/\/xenonkungen.com\/wp-content\/uploads\/2025\/10\/Small-for-web-and-ppt-PI_ARF-2023-00252_LEDriving_CUBE_WL_VX80-WD_Perspective_Front_02.jpg","width":1024,"height":1024},{"@type":"BreadcrumbList","@id":"https:\/\/xenonkungen.com\/produkt\/osram-ledriving-cube-wl-vx80-wd\/#breadcrumb","itemListElement":[{"@type":"ListItem","position":1,"name":"Hem","item":"https:\/\/xenonkungen.com\/"},{"@type":"ListItem","position":2,"name":"Shop","item":"https:\/\/xenonkungen.com\/shop\/"},{"@type":"ListItem","position":3,"name":"OSRAM LEDriving\u00ae CUBE WL VX80-WD"}]},{"@type":"WebSite","@id":"https:\/\/xenonkungen.com\/#website","url":"https:\/\/xenonkungen.com\/","name":"Xenonkungen","description":"","potentialAction":[{"@type":"SearchAction","target":{"@type":"EntryPoint","urlTemplate":"https:\/\/xenonkungen.com\/?s={search_term_string}"},"query-input":{"@type":"PropertyValueSpecification","valueRequired":true,"valueName":"search_term_string"}}],"inLanguage":"en-GB"}]}},"taxonomy_info":{"product_brand":[{"value":108,"label":"OSRAM"}],"product_cat":[{"value":2639,"label":"OSRAM Ledriving"},{"value":2642,"label":"OSRAM Ledriving"},{"value":508,"label":"Arbetsbelysning"}],"pa_fargtemperatur":[{"value":188,"label":"6000K"}],"pa_fuktskydd-varde-ipxx":[{"value":177,"label":"IP68"},{"value":960,"label":"IP69"}],"pa_lampsockel-kontakt":[{"value":324,"label":"Open Wire"}],"pa_led-chips-effekt-w":[{"value":2138,"label":"12"}],"pa_storlek-mm":[{"value":2763,"label":"75x125,2x102,2"}],"pa_volt-v":[{"value":159,"label":"12"},{"value":160,"label":"24"}]},"featured_image_src_large":["https:\/\/xenonkungen.com\/wp-content\/uploads\/2025\/10\/Small-for-web-and-ppt-PI_ARF-2023-00252_LEDriving_CUBE_WL_VX80-WD_Perspective_Front_02.jpg",1024,1024,false],"author_info":[],"comment_info":0,"_links":{"self":[{"href":"https:\/\/xenonkungen.com\/en\/wp-json\/wp\/v2\/product\/15067","targetHints":{"allow":["GET"]}}],"collection":[{"href":"https:\/\/xenonkungen.com\/en\/wp-json\/wp\/v2\/product"}],"about":[{"href":"https:\/\/xenonkungen.com\/en\/wp-json\/wp\/v2\/types\/product"}],"replies":[{"embeddable":true,"href":"https:\/\/xenonkungen.com\/en\/wp-json\/wp\/v2\/comments?post=15067"}],"wp:featuredmedia":[{"embeddable":true,"href":"https:\/\/xenonkungen.com\/en\/wp-json\/wp\/v2\/media\/15078"}],"wp:attachment":[{"href":"https:\/\/xenonkungen.com\/en\/wp-json\/wp\/v2\/media?parent=15067"}],"wp:term":[{"taxonomy":"anvandningsomrade","embeddable":true,"href":"https:\/\/xenonkungen.com\/en\/wp-json\/wp\/v2\/anvandningsomrade?post=15067"},{"taxonomy":"bilmarken","embeddable":true,"href":"https:\/\/xenonkungen.com\/en\/wp-json\/wp\/v2\/bilmarken?post=15067"},{"taxonomy":"product_brand","embeddable":true,"href":"https:\/\/xenonkungen.com\/en\/wp-json\/wp\/v2\/product_brand?post=15067"},{"taxonomy":"product_cat","embeddable":true,"href":"https:\/\/xenonkungen.com\/en\/wp-json\/wp\/v2\/product_cat?post=15067"},{"taxonomy":"product_tag","embeddable":true,"href":"https:\/\/xenonkungen.com\/en\/wp-json\/wp\/v2\/product_tag?post=15067"}],"curies":[{"name":"wp","href":"https:\/\/api.w.org\/{rel}","templated":true}]}}