{"id":15118,"date":"2025-10-08T11:28:53","date_gmt":"2025-10-08T11:28:53","guid":{"rendered":"https:\/\/xenonkungen.com\/?post_type=product&#038;p=15118"},"modified":"2026-04-24T17:44:16","modified_gmt":"2026-04-24T16:44:16","slug":"bullpro-spectrum-54w-square","status":"publish","type":"product","link":"https:\/\/xenonkungen.com\/en\/product\/bullpro-spectrum-54w-square\/","title":{"rendered":"Bullpro Spectrum 54w Square"},"content":{"rendered":"<h3 data-start=\"176\" data-end=\"255\"><strong data-start=\"180\" data-end=\"253\">BullPro Spectrum 54 Square - Powerful LED work light for professionals<\/strong><\/h3>\n<p data-start=\"257\" data-end=\"483\">Take your task lighting to the next level with <strong data-start=\"300\" data-end=\"350\">BullPro Spectrum 54 Square LED task light<\/strong>. It is designed to deliver <strong data-start=\"386\" data-end=\"449\">maximum performance, long lifetime and superior brightness<\/strong> - whatever the environment or challenge.<\/p>\n<p data-start=\"485\" data-end=\"862\">Med <strong data-start=\"489\" data-end=\"527\">36 high-performance OSRAM LEDs<\/strong> BullPro Spectrum 54 Square delivers up to <strong data-start=\"574\" data-end=\"601\">8100 lumens (theoretical)<\/strong> and <strong data-start=\"606\" data-end=\"642\">6050 lumens in practical use<\/strong>, providing a powerful and even luminous flux that illuminates even the darkest workplaces. The <strong data-start=\"742\" data-end=\"769\">5000 K colour temperature<\/strong> provides a natural white light that reduces eye fatigue and improves precision at work.<\/p>\n<p data-start=\"864\" data-end=\"1155\">The BullPro Spectrum 54 Square is built to withstand the toughest conditions. With a <strong data-start=\"944\" data-end=\"962\">IP68 rating<\/strong> it is both <strong data-start=\"975\" data-end=\"1000\">waterproof and dustproof<\/strong>making it perfect for working in rain, snow, mud or dusty environments. You can rely on it to deliver stable and reliable lighting - every time.<\/p>\n<p data-start=\"1157\" data-end=\"1432\">Thanks to its <strong data-start=\"1171\" data-end=\"1219\">widely compatible input voltage (9-32 V DC)<\/strong> it works with a wide range of vehicles and machines. It is also <strong data-start=\"1286\" data-end=\"1304\">energy efficient<\/strong>, with a power consumption of only <strong data-start=\"1340\" data-end=\"1361\">3.89 A at 13.7 V<\/strong>which maximises light output without putting unnecessary strain on the electrical system.<\/p>\n<p data-start=\"1434\" data-end=\"1621\">The <strong data-start=\"1438\" data-end=\"1490\">compact square design (101 x 101 x 45 mm)<\/strong> makes installation easy and flexible. The <strong data-start=\"1531\" data-end=\"1557\">integrated DT plug<\/strong> is conveniently positioned downwards for quick and safe installation.<\/p>\n<p data-start=\"1623\" data-end=\"1784\">BullPro Spectrum 54 Square is <strong data-start=\"1653\" data-end=\"1672\">R10 certified<\/strong>, ensuring high quality, electromagnetic compatibility and reliable operation according to industry standards.<\/p>\n<p data-start=\"1786\" data-end=\"1801\"><strong data-start=\"1786\" data-end=\"1799\">Advantages:<\/strong><\/p>\n<ul data-start=\"1802\" data-end=\"2198\">\n<li data-start=\"1802\" data-end=\"1876\">\n<p data-start=\"1804\" data-end=\"1876\">Up to <strong data-start=\"1813\" data-end=\"1827\">8100 lumens<\/strong> - extreme brightness for all work situations<\/p>\n<\/li>\n<li data-start=\"1877\" data-end=\"1941\">\n<p data-start=\"1879\" data-end=\"1941\"><strong data-start=\"1879\" data-end=\"1904\">5000 K colour temperature<\/strong> - bright, white light for better visibility<\/p>\n<\/li>\n<li data-start=\"1942\" data-end=\"1989\">\n<p data-start=\"1944\" data-end=\"1989\"><strong data-start=\"1944\" data-end=\"1960\">IP68 rated<\/strong> - fully dust and waterproof<\/p>\n<\/li>\n<li data-start=\"1990\" data-end=\"2056\">\n<p data-start=\"1992\" data-end=\"2056\"><strong data-start=\"1992\" data-end=\"2016\">Energy efficient operation<\/strong> - low power consumption, high performance<\/p>\n<\/li>\n<li data-start=\"2057\" data-end=\"2128\">\n<p data-start=\"2059\" data-end=\"2128\"><strong data-start=\"2059\" data-end=\"2088\">Compact and robust design<\/strong> - easy assembly and long durability<\/p>\n<\/li>\n<li data-start=\"2129\" data-end=\"2198\">\n<p data-start=\"2131\" data-end=\"2198\"><strong data-start=\"2131\" data-end=\"2159\">R10 certified quality<\/strong> - built for professional use<\/p>\n<\/li>\n<\/ul>\n<p data-start=\"2200\" data-end=\"2375\">Maximise your task lighting and increase your efficiency with <strong data-start=\"2258\" data-end=\"2308\">BullPro Spectrum 54 Square LED task light<\/strong> - the perfect combination of power, quality and reliability.<\/p>\n<p data-start=\"2377\" data-end=\"2485\"><strong data-start=\"2377\" data-end=\"2424\">Order your BullPro Spectrum 54 Square today<\/strong> and experience the difference a truly professional light can make!<\/p>","protected":false},"excerpt":{"rendered":"<p>BullPro Spectrum 54 Square \u2013 Kraftfull LED-arbetsbelysning f\u00f6r proffs Ta din arbetsbelysning till n\u00e4sta niv\u00e5 med BullPro Spectrum 54 Square LED-arbetsbelysning. Den \u00e4r utvecklad f\u00f6r att leverera maximal prestanda, l\u00e5ng livsl\u00e4ngd och \u00f6verl\u00e4gsen ljusstyrka \u2013 oavsett milj\u00f6 eller utmaning. Med 36 h\u00f6gpresterande OSRAM LED-dioder levererar BullPro Spectrum 54 Square upp till 8100 lumen (teoretiskt) och [&hellip;]<\/p>","protected":false},"featured_media":15122,"comment_status":"open","ping_status":"closed","template":"","meta":{"_acf_changed":false,"_smort_price_nok":"800","_smort_price_dkk":"508","_smort_price_eur":"68.09","_smort_sale_price_nok":"","_smort_sale_price_dkk":"","_smort_sale_price_eur":"","smort_restorder":"","shipmondo_restorder":"","_kad_blocks_custom_css":"","_kad_blocks_head_custom_js":"","_kad_blocks_body_custom_js":"","_kad_blocks_footer_custom_js":"","smort_custom_pricelist_1":"479.36","smort_custom_pricelist_2":"419.44","smort_custom_pricelist_3":"389.48","smort_custom_pricelist_4":"599.2","smort_custom_pricelist_5":"419.44"},"anvandningsomrade":[],"bilmarken":[],"product_brand":[93],"product_cat":[508],"product_tag":[],"class_list":{"0":"post-15118","1":"product","2":"type-product","3":"status-publish","4":"has-post-thumbnail","6":"product_brand-bullpro","7":"product_cat-arbetsbelysning","8":"pa_fargtemperatur-5000k","9":"pa_godkannande-r23-r10","10":"pa_lampsockel-kontakt-inbyggd-dt","11":"pa_ljusbild-bred","12":"pa_volt-v-9-32","14":"first","15":"instock","16":"taxable","17":"shipping-taxable","18":"purchasable","19":"product-type-simple"},"bundled_by":[],"bundle_stock_status":"instock","bundle_stock_quantity":20,"bundle_virtual":false,"bundle_layout":"","bundle_add_to_cart_form_location":"","bundle_editable_in_cart":false,"bundle_sold_individually_context":"","bundle_item_grouping":"","bundle_min_size":"","bundle_max_size":"","bundle_price":[],"bundled_items":[],"bundle_sell_ids":[],"acf":[],"yoast_head":"<!-- This site is optimized with the Yoast SEO plugin v27.0 - https:\/\/yoast.com\/product\/yoast-seo-wordpress\/ -->\n<title>Bullpro Spectrum 54w Square - Xenonkungen<\/title>\n<meta name=\"robots\" content=\"index, follow, max-snippet:-1, max-image-preview:large, max-video-preview:-1\" \/>\n<link rel=\"canonical\" href=\"https:\/\/xenonkungen.com\/en\/product\/bullpro-spectrum-54w-square\/\" \/>\n<meta property=\"og:locale\" content=\"en_GB\" \/>\n<meta property=\"og:type\" content=\"article\" \/>\n<meta property=\"og:title\" content=\"Bullpro Spectrum 54w Square - Xenonkungen\" \/>\n<meta property=\"og:description\" content=\"BullPro Spectrum 54 Square \u2013 Kraftfull LED-arbetsbelysning f\u00f6r proffs Ta din arbetsbelysning till n\u00e4sta niv\u00e5 med BullPro Spectrum 54 Square LED-arbetsbelysning. Den \u00e4r utvecklad f\u00f6r att leverera maximal prestanda, l\u00e5ng livsl\u00e4ngd och \u00f6verl\u00e4gsen ljusstyrka \u2013 oavsett milj\u00f6 eller utmaning. Med 36 h\u00f6gpresterande OSRAM LED-dioder levererar BullPro Spectrum 54 Square upp till 8100 lumen (teoretiskt) och [&hellip;]\" \/>\n<meta property=\"og:url\" content=\"https:\/\/xenonkungen.com\/en\/product\/bullpro-spectrum-54w-square\/\" \/>\n<meta property=\"og:site_name\" content=\"Xenonkungen\" \/>\n<meta property=\"article:modified_time\" content=\"2026-04-24T16:44:16+00:00\" \/>\n<meta property=\"og:image\" content=\"https:\/\/xenonkungen.com\/wp-content\/uploads\/2025\/10\/bullprospectrum54square_8020108070_f06b31cfeeb3_1.webp\" \/>\n\t<meta property=\"og:image:width\" content=\"1852\" \/>\n\t<meta property=\"og:image:height\" content=\"2048\" \/>\n\t<meta property=\"og:image:type\" content=\"image\/webp\" \/>\n<meta name=\"twitter:card\" content=\"summary_large_image\" \/>\n<meta name=\"twitter:label1\" content=\"Estimated reading time\" \/>\n\t<meta name=\"twitter:data1\" content=\"2 minutes\" \/>\n<script type=\"application\/ld+json\" class=\"yoast-schema-graph\">{\"@context\":\"https:\/\/schema.org\",\"@graph\":[{\"@type\":\"WebPage\",\"@id\":\"https:\/\/xenonkungen.com\/es\/producto\/bullpro-spectrum-54w-cuadrado\/\",\"url\":\"https:\/\/xenonkungen.com\/es\/producto\/bullpro-spectrum-54w-cuadrado\/\",\"name\":\"Bullpro Spectrum 54w Square - Xenonkungen\",\"isPartOf\":{\"@id\":\"https:\/\/xenonkungen.com\/#website\"},\"primaryImageOfPage\":{\"@id\":\"https:\/\/xenonkungen.com\/es\/producto\/bullpro-spectrum-54w-cuadrado\/#primaryimage\"},\"image\":{\"@id\":\"https:\/\/xenonkungen.com\/es\/producto\/bullpro-spectrum-54w-cuadrado\/#primaryimage\"},\"thumbnailUrl\":\"https:\/\/xenonkungen.com\/wp-content\/uploads\/2025\/10\/bullprospectrum54square_8020108070_f06b31cfeeb3_1.webp\",\"datePublished\":\"2025-10-08T11:28:53+00:00\",\"dateModified\":\"2026-04-24T16:44:16+00:00\",\"breadcrumb\":{\"@id\":\"https:\/\/xenonkungen.com\/es\/producto\/bullpro-spectrum-54w-cuadrado\/#breadcrumb\"},\"inLanguage\":\"en-GB\",\"potentialAction\":[{\"@type\":\"ReadAction\",\"target\":[\"https:\/\/xenonkungen.com\/es\/producto\/bullpro-spectrum-54w-cuadrado\/\"]}]},{\"@type\":\"ImageObject\",\"inLanguage\":\"en-GB\",\"@id\":\"https:\/\/xenonkungen.com\/es\/producto\/bullpro-spectrum-54w-cuadrado\/#primaryimage\",\"url\":\"https:\/\/xenonkungen.com\/wp-content\/uploads\/2025\/10\/bullprospectrum54square_8020108070_f06b31cfeeb3_1.webp\",\"contentUrl\":\"https:\/\/xenonkungen.com\/wp-content\/uploads\/2025\/10\/bullprospectrum54square_8020108070_f06b31cfeeb3_1.webp\",\"width\":1852,\"height\":2048},{\"@type\":\"BreadcrumbList\",\"@id\":\"https:\/\/xenonkungen.com\/es\/producto\/bullpro-spectrum-54w-cuadrado\/#breadcrumb\",\"itemListElement\":[{\"@type\":\"ListItem\",\"position\":1,\"name\":\"Hem\",\"item\":\"https:\/\/xenonkungen.com\/\"},{\"@type\":\"ListItem\",\"position\":2,\"name\":\"Shop\",\"item\":\"https:\/\/xenonkungen.com\/shop\/\"},{\"@type\":\"ListItem\",\"position\":3,\"name\":\"Bullpro Spectrum 54w Square\"}]},{\"@type\":\"WebSite\",\"@id\":\"https:\/\/xenonkungen.com\/#website\",\"url\":\"https:\/\/xenonkungen.com\/\",\"name\":\"Xenonkungen\",\"description\":\"\",\"potentialAction\":[{\"@type\":\"SearchAction\",\"target\":{\"@type\":\"EntryPoint\",\"urlTemplate\":\"https:\/\/xenonkungen.com\/?s={search_term_string}\"},\"query-input\":{\"@type\":\"PropertyValueSpecification\",\"valueRequired\":true,\"valueName\":\"search_term_string\"}}],\"inLanguage\":\"en-GB\"}]}<\/script>\n<!-- \/ Yoast SEO plugin. -->","yoast_head_json":{"title":"Bullpro Spectrum 54w Square - The Xenon King","robots":{"index":"index","follow":"follow","max-snippet":"max-snippet:-1","max-image-preview":"max-image-preview:large","max-video-preview":"max-video-preview:-1"},"canonical":"https:\/\/xenonkungen.com\/en\/product\/bullpro-spectrum-54w-square\/","og_locale":"en_GB","og_type":"article","og_title":"Bullpro Spectrum 54w Square - Xenonkungen","og_description":"BullPro Spectrum 54 Square \u2013 Kraftfull LED-arbetsbelysning f\u00f6r proffs Ta din arbetsbelysning till n\u00e4sta niv\u00e5 med BullPro Spectrum 54 Square LED-arbetsbelysning. Den \u00e4r utvecklad f\u00f6r att leverera maximal prestanda, l\u00e5ng livsl\u00e4ngd och \u00f6verl\u00e4gsen ljusstyrka \u2013 oavsett milj\u00f6 eller utmaning. Med 36 h\u00f6gpresterande OSRAM LED-dioder levererar BullPro Spectrum 54 Square upp till 8100 lumen (teoretiskt) och [&hellip;]","og_url":"https:\/\/xenonkungen.com\/en\/product\/bullpro-spectrum-54w-square\/","og_site_name":"Xenonkungen","article_modified_time":"2026-04-24T16:44:16+00:00","og_image":[{"width":1852,"height":2048,"url":"https:\/\/xenonkungen.com\/wp-content\/uploads\/2025\/10\/bullprospectrum54square_8020108070_f06b31cfeeb3_1.webp","type":"image\/webp"}],"twitter_card":"summary_large_image","twitter_misc":{"Estimated reading time":"2 minutes"},"schema":{"@context":"https:\/\/schema.org","@graph":[{"@type":"WebPage","@id":"https:\/\/xenonkungen.com\/es\/producto\/bullpro-spectrum-54w-cuadrado\/","url":"https:\/\/xenonkungen.com\/es\/producto\/bullpro-spectrum-54w-cuadrado\/","name":"Bullpro Spectrum 54w Square - The Xenon King","isPartOf":{"@id":"https:\/\/xenonkungen.com\/#website"},"primaryImageOfPage":{"@id":"https:\/\/xenonkungen.com\/es\/producto\/bullpro-spectrum-54w-cuadrado\/#primaryimage"},"image":{"@id":"https:\/\/xenonkungen.com\/es\/producto\/bullpro-spectrum-54w-cuadrado\/#primaryimage"},"thumbnailUrl":"https:\/\/xenonkungen.com\/wp-content\/uploads\/2025\/10\/bullprospectrum54square_8020108070_f06b31cfeeb3_1.webp","datePublished":"2025-10-08T11:28:53+00:00","dateModified":"2026-04-24T16:44:16+00:00","breadcrumb":{"@id":"https:\/\/xenonkungen.com\/es\/producto\/bullpro-spectrum-54w-cuadrado\/#breadcrumb"},"inLanguage":"en-GB","potentialAction":[{"@type":"ReadAction","target":["https:\/\/xenonkungen.com\/es\/producto\/bullpro-spectrum-54w-cuadrado\/"]}]},{"@type":"ImageObject","inLanguage":"en-GB","@id":"https:\/\/xenonkungen.com\/es\/producto\/bullpro-spectrum-54w-cuadrado\/#primaryimage","url":"https:\/\/xenonkungen.com\/wp-content\/uploads\/2025\/10\/bullprospectrum54square_8020108070_f06b31cfeeb3_1.webp","contentUrl":"https:\/\/xenonkungen.com\/wp-content\/uploads\/2025\/10\/bullprospectrum54square_8020108070_f06b31cfeeb3_1.webp","width":1852,"height":2048},{"@type":"BreadcrumbList","@id":"https:\/\/xenonkungen.com\/es\/producto\/bullpro-spectrum-54w-cuadrado\/#breadcrumb","itemListElement":[{"@type":"ListItem","position":1,"name":"Hem","item":"https:\/\/xenonkungen.com\/"},{"@type":"ListItem","position":2,"name":"Shop","item":"https:\/\/xenonkungen.com\/shop\/"},{"@type":"ListItem","position":3,"name":"Bullpro Spectrum 54w Square"}]},{"@type":"WebSite","@id":"https:\/\/xenonkungen.com\/#website","url":"https:\/\/xenonkungen.com\/","name":"Xenonkungen","description":"","potentialAction":[{"@type":"SearchAction","target":{"@type":"EntryPoint","urlTemplate":"https:\/\/xenonkungen.com\/?s={search_term_string}"},"query-input":{"@type":"PropertyValueSpecification","valueRequired":true,"valueName":"search_term_string"}}],"inLanguage":"en-GB"}]}},"taxonomy_info":{"product_brand":[{"value":93,"label":"Bullpro"}],"product_cat":[{"value":508,"label":"Arbetsbelysning"}],"pa_fargtemperatur":[{"value":154,"label":"5000K"}],"pa_godkannande":[{"value":1424,"label":"R23, R10"}],"pa_lampsockel-kontakt":[{"value":1420,"label":"inbyggd DT"}],"pa_ljusbild":[{"value":1422,"label":"bred"}],"pa_volt-v":[{"value":1434,"label":"9-32"}]},"featured_image_src_large":["https:\/\/xenonkungen.com\/wp-content\/uploads\/2025\/10\/bullprospectrum54square_8020108070_f06b31cfeeb3_1-926x1024.webp",926,1024,true],"author_info":[],"comment_info":0,"_links":{"self":[{"href":"https:\/\/xenonkungen.com\/en\/wp-json\/wp\/v2\/product\/15118","targetHints":{"allow":["GET"]}}],"collection":[{"href":"https:\/\/xenonkungen.com\/en\/wp-json\/wp\/v2\/product"}],"about":[{"href":"https:\/\/xenonkungen.com\/en\/wp-json\/wp\/v2\/types\/product"}],"replies":[{"embeddable":true,"href":"https:\/\/xenonkungen.com\/en\/wp-json\/wp\/v2\/comments?post=15118"}],"wp:featuredmedia":[{"embeddable":true,"href":"https:\/\/xenonkungen.com\/en\/wp-json\/wp\/v2\/media\/15122"}],"wp:attachment":[{"href":"https:\/\/xenonkungen.com\/en\/wp-json\/wp\/v2\/media?parent=15118"}],"wp:term":[{"taxonomy":"anvandningsomrade","embeddable":true,"href":"https:\/\/xenonkungen.com\/en\/wp-json\/wp\/v2\/anvandningsomrade?post=15118"},{"taxonomy":"bilmarken","embeddable":true,"href":"https:\/\/xenonkungen.com\/en\/wp-json\/wp\/v2\/bilmarken?post=15118"},{"taxonomy":"product_brand","embeddable":true,"href":"https:\/\/xenonkungen.com\/en\/wp-json\/wp\/v2\/product_brand?post=15118"},{"taxonomy":"product_cat","embeddable":true,"href":"https:\/\/xenonkungen.com\/en\/wp-json\/wp\/v2\/product_cat?post=15118"},{"taxonomy":"product_tag","embeddable":true,"href":"https:\/\/xenonkungen.com\/en\/wp-json\/wp\/v2\/product_tag?post=15118"}],"curies":[{"name":"wp","href":"https:\/\/api.w.org\/{rel}","templated":true}]}}