{"id":15238,"date":"2025-10-09T13:53:31","date_gmt":"2025-10-09T13:53:31","guid":{"rendered":"https:\/\/xenonkungen.com\/?post_type=product&#038;p=15238"},"modified":"2026-04-17T16:15:58","modified_gmt":"2026-04-17T15:15:58","slug":"osram-ledinspect-slim-500","status":"publish","type":"product","link":"https:\/\/xenonkungen.com\/en\/product\/osram-ledinspect-slim-500\/","title":{"rendered":"OSRAM LEDinspect SLIM 500"},"content":{"rendered":"<h3 data-start=\"160\" data-end=\"234\">OSRAM LEDinspect SLIM 500 - Versatile and powerful inspection lamp<\/h3>\n<p data-start=\"236\" data-end=\"419\">Light is versatile - and with <strong data-start=\"265\" data-end=\"294\">OSRAM LEDinspect SLIM 500<\/strong> you get a <strong data-start=\"305\" data-end=\"363\">flexible, durable and professional inspection light<\/strong> suitable for the workshop as well as for home use.<\/p>\n<p data-start=\"421\" data-end=\"657\">The lamp offers three different light modes: <strong data-start=\"458\" data-end=\"465\">pile<\/strong> with up to 500 lumens, <strong data-start=\"490\" data-end=\"497\">low<\/strong> with up to 250 lumens and a <strong data-start=\"529\" data-end=\"550\">flashlight function<\/strong> of up to 70 lumens. This makes it ideal for all kinds of tasks where the right light is essential.<\/p>\n<p data-start=\"659\" data-end=\"869\">The <strong data-start=\"663\" data-end=\"686\">ultra-thin design<\/strong> combined with the possibility to <strong data-start=\"721\" data-end=\"762\">turn the lamp 270\u00b0 and tilt it 180\u00b0<\/strong> provides maximum flexibility. You can easily direct light exactly where you need it - even in tight spaces.<\/p>\n<p data-start=\"871\" data-end=\"1126\"><strong data-start=\"871\" data-end=\"894\">LEDinspect SLIM 500<\/strong> is also <strong data-start=\"907\" data-end=\"923\">rechargeable<\/strong> and has a <strong data-start=\"935\" data-end=\"968\">integrated charge indicator<\/strong> which shows the battery status. <strong data-start=\"997\" data-end=\"1027\">USB-C cable and power adapter<\/strong> is included. Battery life is up to <strong data-start=\"1064\" data-end=\"1078\">six hours<\/strong> on low brightness and <strong data-start=\"1101\" data-end=\"1116\">four hours<\/strong> on a pile.<\/p>\n<p data-start=\"1128\" data-end=\"1407\">Med <strong data-start=\"1132\" data-end=\"1155\">IP54 rating<\/strong> the lamp is protected against dust and splashing water, and thanks to <strong data-start=\"1219\" data-end=\"1240\">IK07 slaughter testing<\/strong> it can withstand harsh environments. The easy-to-grip, dirt-repellent surface, the <strong data-start=\"1307\" data-end=\"1326\">built-in hooks<\/strong> and <strong data-start=\"1331\" data-end=\"1352\">strong magnets<\/strong> making it easy to place and use anywhere.<\/p>\n<p data-start=\"1409\" data-end=\"1608\">Ideal for crafts, car repairs or everyday tasks <strong data-start=\"1476\" data-end=\"1505\">OSRAM LEDinspect SLIM 500<\/strong> delivers reliable light in all situations. OSRAM also offers <strong data-start=\"1575\" data-end=\"1592\">2 year guarantee<\/strong> on the product.<\/p>\n<hr data-start=\"1610\" data-end=\"1613\" \/>\n<p data-start=\"1615\" data-end=\"1646\"><strong data-start=\"1615\" data-end=\"1644\">Technical specifications:<\/strong><\/p>\n<ul data-start=\"1647\" data-end=\"1808\">\n<li data-start=\"1647\" data-end=\"1670\">\n<p data-start=\"1649\" data-end=\"1670\">Rated voltage: 3.7 V<\/p>\n<\/li>\n<li data-start=\"1671\" data-end=\"1686\">\n<p data-start=\"1673\" data-end=\"1686\">Power: 9 W<\/p>\n<\/li>\n<li data-start=\"1687\" data-end=\"1714\">\n<p data-start=\"1689\" data-end=\"1714\">Colour temperature: 5 700 K<\/p>\n<\/li>\n<li data-start=\"1715\" data-end=\"1745\">\n<p data-start=\"1717\" data-end=\"1745\">Luminous flux: up to 500 lm<\/p>\n<\/li>\n<li data-start=\"1746\" data-end=\"1774\">\n<p data-start=\"1748\" data-end=\"1774\">Protection class: IP54 \/ IK07<\/p>\n<\/li>\n<li data-start=\"1775\" data-end=\"1808\">\n<p data-start=\"1777\" data-end=\"1808\">Battery life: up to 6 hours<\/p>\n<\/li>\n<\/ul>\n<hr data-start=\"1810\" data-end=\"1813\" \/>\n<p data-start=\"1815\" data-end=\"2102\"><strong data-start=\"1815\" data-end=\"1828\">Advantages:<\/strong><br data-start=\"1828\" data-end=\"1831\" \/>Three light modes for maximum flexibility<br data-start=\"1869\" data-end=\"1872\" \/>Swivelling 270\u00b0 and tilting 180\u00b0<br data-start=\"1906\" data-end=\"1909\" \/>Up to 500 lumens of brightness<br data-start=\"1938\" data-end=\"1941\" \/>Rechargeable via USB-C with indicator<br data-start=\"1977\" data-end=\"1980\" \/>Durable, dirt-repellent and ergonomic design<br data-start=\"2023\" data-end=\"2026\" \/>Equipped with hook and magnets for easy positioning<br data-start=\"2076\" data-end=\"2079\" \/>Two years OSRAM guarantee<\/p>","protected":false},"excerpt":{"rendered":"<p>OSRAM LEDinspect SLIM 500 \u2013 M\u00e5ngsidig och kraftfull inspektionslampa Ljus \u00e4r m\u00e5ngsidigt \u2013 och med OSRAM LEDinspect SLIM 500 f\u00e5r du en flexibel, slitstark och professionell inspektionslampa som passar lika bra f\u00f6r verkstaden som f\u00f6r hemmabruk. Lampan erbjuder tre olika ljusl\u00e4gen: h\u00f6g med upp till 500 lumen, l\u00e5g med upp till 250 lumen samt en [&hellip;]<\/p>","protected":false},"featured_media":15252,"comment_status":"open","ping_status":"closed","template":"","meta":{"_acf_changed":false,"_smort_price_nok":"521","_smort_price_dkk":"441","_smort_price_eur":"59.09","_smort_sale_price_nok":"521","_smort_sale_price_dkk":"","_smort_sale_price_eur":"","smort_restorder":"","shipmondo_restorder":"","_kad_blocks_custom_css":"","_kad_blocks_head_custom_js":"","_kad_blocks_body_custom_js":"","_kad_blocks_footer_custom_js":"","smort_custom_pricelist_1":"416","smort_custom_pricelist_2":"364","smort_custom_pricelist_3":"364","smort_custom_pricelist_4":"520","smort_custom_pricelist_5":"364"},"anvandningsomrade":[],"bilmarken":[],"product_brand":[108],"product_cat":[2647,1320,1402],"product_tag":[],"class_list":{"0":"post-15238","1":"product","2":"type-product","3":"status-publish","4":"has-post-thumbnail","6":"product_brand-osram","7":"product_cat-osram-ficklampor","8":"product_cat-ficklampor","9":"product_cat-outlet","11":"first","12":"instock","13":"sale","14":"taxable","15":"shipping-taxable","16":"purchasable","17":"product-type-simple"},"bundled_by":[],"bundle_stock_status":"instock","bundle_stock_quantity":5,"bundle_virtual":false,"bundle_layout":"","bundle_add_to_cart_form_location":"","bundle_editable_in_cart":false,"bundle_sold_individually_context":"","bundle_item_grouping":"","bundle_min_size":"","bundle_max_size":"","bundle_price":[],"bundled_items":[],"bundle_sell_ids":[],"acf":[],"yoast_head":"<!-- This site is optimized with the Yoast SEO plugin v27.0 - https:\/\/yoast.com\/product\/yoast-seo-wordpress\/ -->\n<title>OSRAM LEDinspect SLIM 500 - Xenonkungen<\/title>\n<meta name=\"robots\" content=\"index, follow, max-snippet:-1, max-image-preview:large, max-video-preview:-1\" \/>\n<link rel=\"canonical\" href=\"https:\/\/xenonkungen.com\/en\/product\/osram-ledinspect-slim-500\/\" \/>\n<meta property=\"og:locale\" content=\"en_GB\" \/>\n<meta property=\"og:type\" content=\"article\" \/>\n<meta property=\"og:title\" content=\"OSRAM LEDinspect SLIM 500 - Xenonkungen\" \/>\n<meta property=\"og:description\" content=\"OSRAM LEDinspect SLIM 500 \u2013 M\u00e5ngsidig och kraftfull inspektionslampa Ljus \u00e4r m\u00e5ngsidigt \u2013 och med OSRAM LEDinspect SLIM 500 f\u00e5r du en flexibel, slitstark och professionell inspektionslampa som passar lika bra f\u00f6r verkstaden som f\u00f6r hemmabruk. Lampan erbjuder tre olika ljusl\u00e4gen: h\u00f6g med upp till 500 lumen, l\u00e5g med upp till 250 lumen samt en [&hellip;]\" \/>\n<meta property=\"og:url\" content=\"https:\/\/xenonkungen.com\/en\/product\/osram-ledinspect-slim-500\/\" \/>\n<meta property=\"og:site_name\" content=\"Xenonkungen\" \/>\n<meta property=\"article:modified_time\" content=\"2026-04-17T15:15:58+00:00\" \/>\n<meta property=\"og:image\" content=\"https:\/\/xenonkungen.com\/wp-content\/uploads\/2025\/10\/LEDIL403.jpg\" \/>\n\t<meta property=\"og:image:width\" content=\"1024\" \/>\n\t<meta property=\"og:image:height\" content=\"1024\" \/>\n\t<meta property=\"og:image:type\" content=\"image\/jpeg\" \/>\n<meta name=\"twitter:card\" content=\"summary_large_image\" \/>\n<meta name=\"twitter:label1\" content=\"Estimated reading time\" \/>\n\t<meta name=\"twitter:data1\" content=\"2 minutes\" \/>\n<script type=\"application\/ld+json\" class=\"yoast-schema-graph\">{\"@context\":\"https:\/\/schema.org\",\"@graph\":[{\"@type\":\"WebPage\",\"@id\":\"https:\/\/xenonkungen.com\/produkt\/osram-ledinspect-slim-500\/\",\"url\":\"https:\/\/xenonkungen.com\/produkt\/osram-ledinspect-slim-500\/\",\"name\":\"OSRAM LEDinspect SLIM 500 - Xenonkungen\",\"isPartOf\":{\"@id\":\"https:\/\/xenonkungen.com\/#website\"},\"primaryImageOfPage\":{\"@id\":\"https:\/\/xenonkungen.com\/produkt\/osram-ledinspect-slim-500\/#primaryimage\"},\"image\":{\"@id\":\"https:\/\/xenonkungen.com\/produkt\/osram-ledinspect-slim-500\/#primaryimage\"},\"thumbnailUrl\":\"https:\/\/xenonkungen.com\/wp-content\/uploads\/2025\/10\/LEDIL403.jpg\",\"datePublished\":\"2025-10-09T13:53:31+00:00\",\"dateModified\":\"2026-04-17T15:15:58+00:00\",\"breadcrumb\":{\"@id\":\"https:\/\/xenonkungen.com\/produkt\/osram-ledinspect-slim-500\/#breadcrumb\"},\"inLanguage\":\"en-GB\",\"potentialAction\":[{\"@type\":\"ReadAction\",\"target\":[\"https:\/\/xenonkungen.com\/produkt\/osram-ledinspect-slim-500\/\"]}]},{\"@type\":\"ImageObject\",\"inLanguage\":\"en-GB\",\"@id\":\"https:\/\/xenonkungen.com\/produkt\/osram-ledinspect-slim-500\/#primaryimage\",\"url\":\"https:\/\/xenonkungen.com\/wp-content\/uploads\/2025\/10\/LEDIL403.jpg\",\"contentUrl\":\"https:\/\/xenonkungen.com\/wp-content\/uploads\/2025\/10\/LEDIL403.jpg\",\"width\":1024,\"height\":1024},{\"@type\":\"BreadcrumbList\",\"@id\":\"https:\/\/xenonkungen.com\/produkt\/osram-ledinspect-slim-500\/#breadcrumb\",\"itemListElement\":[{\"@type\":\"ListItem\",\"position\":1,\"name\":\"Hem\",\"item\":\"https:\/\/xenonkungen.com\/\"},{\"@type\":\"ListItem\",\"position\":2,\"name\":\"Shop\",\"item\":\"https:\/\/xenonkungen.com\/shop\/\"},{\"@type\":\"ListItem\",\"position\":3,\"name\":\"OSRAM LEDinspect SLIM 500\"}]},{\"@type\":\"WebSite\",\"@id\":\"https:\/\/xenonkungen.com\/#website\",\"url\":\"https:\/\/xenonkungen.com\/\",\"name\":\"Xenonkungen\",\"description\":\"\",\"potentialAction\":[{\"@type\":\"SearchAction\",\"target\":{\"@type\":\"EntryPoint\",\"urlTemplate\":\"https:\/\/xenonkungen.com\/?s={search_term_string}\"},\"query-input\":{\"@type\":\"PropertyValueSpecification\",\"valueRequired\":true,\"valueName\":\"search_term_string\"}}],\"inLanguage\":\"en-GB\"}]}<\/script>\n<!-- \/ Yoast SEO plugin. -->","yoast_head_json":{"title":"OSRAM LEDinspect SLIM 500 - The xenon king","robots":{"index":"index","follow":"follow","max-snippet":"max-snippet:-1","max-image-preview":"max-image-preview:large","max-video-preview":"max-video-preview:-1"},"canonical":"https:\/\/xenonkungen.com\/en\/product\/osram-ledinspect-slim-500\/","og_locale":"en_GB","og_type":"article","og_title":"OSRAM LEDinspect SLIM 500 - Xenonkungen","og_description":"OSRAM LEDinspect SLIM 500 \u2013 M\u00e5ngsidig och kraftfull inspektionslampa Ljus \u00e4r m\u00e5ngsidigt \u2013 och med OSRAM LEDinspect SLIM 500 f\u00e5r du en flexibel, slitstark och professionell inspektionslampa som passar lika bra f\u00f6r verkstaden som f\u00f6r hemmabruk. Lampan erbjuder tre olika ljusl\u00e4gen: h\u00f6g med upp till 500 lumen, l\u00e5g med upp till 250 lumen samt en [&hellip;]","og_url":"https:\/\/xenonkungen.com\/en\/product\/osram-ledinspect-slim-500\/","og_site_name":"Xenonkungen","article_modified_time":"2026-04-17T15:15:58+00:00","og_image":[{"width":1024,"height":1024,"url":"https:\/\/xenonkungen.com\/wp-content\/uploads\/2025\/10\/LEDIL403.jpg","type":"image\/jpeg"}],"twitter_card":"summary_large_image","twitter_misc":{"Estimated reading time":"2 minutes"},"schema":{"@context":"https:\/\/schema.org","@graph":[{"@type":"WebPage","@id":"https:\/\/xenonkungen.com\/produkt\/osram-ledinspect-slim-500\/","url":"https:\/\/xenonkungen.com\/produkt\/osram-ledinspect-slim-500\/","name":"OSRAM LEDinspect SLIM 500 - The xenon king","isPartOf":{"@id":"https:\/\/xenonkungen.com\/#website"},"primaryImageOfPage":{"@id":"https:\/\/xenonkungen.com\/produkt\/osram-ledinspect-slim-500\/#primaryimage"},"image":{"@id":"https:\/\/xenonkungen.com\/produkt\/osram-ledinspect-slim-500\/#primaryimage"},"thumbnailUrl":"https:\/\/xenonkungen.com\/wp-content\/uploads\/2025\/10\/LEDIL403.jpg","datePublished":"2025-10-09T13:53:31+00:00","dateModified":"2026-04-17T15:15:58+00:00","breadcrumb":{"@id":"https:\/\/xenonkungen.com\/produkt\/osram-ledinspect-slim-500\/#breadcrumb"},"inLanguage":"en-GB","potentialAction":[{"@type":"ReadAction","target":["https:\/\/xenonkungen.com\/produkt\/osram-ledinspect-slim-500\/"]}]},{"@type":"ImageObject","inLanguage":"en-GB","@id":"https:\/\/xenonkungen.com\/produkt\/osram-ledinspect-slim-500\/#primaryimage","url":"https:\/\/xenonkungen.com\/wp-content\/uploads\/2025\/10\/LEDIL403.jpg","contentUrl":"https:\/\/xenonkungen.com\/wp-content\/uploads\/2025\/10\/LEDIL403.jpg","width":1024,"height":1024},{"@type":"BreadcrumbList","@id":"https:\/\/xenonkungen.com\/produkt\/osram-ledinspect-slim-500\/#breadcrumb","itemListElement":[{"@type":"ListItem","position":1,"name":"Hem","item":"https:\/\/xenonkungen.com\/"},{"@type":"ListItem","position":2,"name":"Shop","item":"https:\/\/xenonkungen.com\/shop\/"},{"@type":"ListItem","position":3,"name":"OSRAM LEDinspect SLIM 500"}]},{"@type":"WebSite","@id":"https:\/\/xenonkungen.com\/#website","url":"https:\/\/xenonkungen.com\/","name":"Xenonkungen","description":"","potentialAction":[{"@type":"SearchAction","target":{"@type":"EntryPoint","urlTemplate":"https:\/\/xenonkungen.com\/?s={search_term_string}"},"query-input":{"@type":"PropertyValueSpecification","valueRequired":true,"valueName":"search_term_string"}}],"inLanguage":"en-GB"}]}},"taxonomy_info":{"product_brand":[{"value":108,"label":"OSRAM"}],"product_cat":[{"value":2647,"label":"Osram"},{"value":1320,"label":"Ficklampor"},{"value":1402,"label":"Outlet"}]},"featured_image_src_large":["https:\/\/xenonkungen.com\/wp-content\/uploads\/2025\/10\/LEDIL403.jpg",1024,1024,false],"author_info":[],"comment_info":0,"_links":{"self":[{"href":"https:\/\/xenonkungen.com\/en\/wp-json\/wp\/v2\/product\/15238","targetHints":{"allow":["GET"]}}],"collection":[{"href":"https:\/\/xenonkungen.com\/en\/wp-json\/wp\/v2\/product"}],"about":[{"href":"https:\/\/xenonkungen.com\/en\/wp-json\/wp\/v2\/types\/product"}],"replies":[{"embeddable":true,"href":"https:\/\/xenonkungen.com\/en\/wp-json\/wp\/v2\/comments?post=15238"}],"wp:featuredmedia":[{"embeddable":true,"href":"https:\/\/xenonkungen.com\/en\/wp-json\/wp\/v2\/media\/15252"}],"wp:attachment":[{"href":"https:\/\/xenonkungen.com\/en\/wp-json\/wp\/v2\/media?parent=15238"}],"wp:term":[{"taxonomy":"anvandningsomrade","embeddable":true,"href":"https:\/\/xenonkungen.com\/en\/wp-json\/wp\/v2\/anvandningsomrade?post=15238"},{"taxonomy":"bilmarken","embeddable":true,"href":"https:\/\/xenonkungen.com\/en\/wp-json\/wp\/v2\/bilmarken?post=15238"},{"taxonomy":"product_brand","embeddable":true,"href":"https:\/\/xenonkungen.com\/en\/wp-json\/wp\/v2\/product_brand?post=15238"},{"taxonomy":"product_cat","embeddable":true,"href":"https:\/\/xenonkungen.com\/en\/wp-json\/wp\/v2\/product_cat?post=15238"},{"taxonomy":"product_tag","embeddable":true,"href":"https:\/\/xenonkungen.com\/en\/wp-json\/wp\/v2\/product_tag?post=15238"}],"curies":[{"name":"wp","href":"https:\/\/api.w.org\/{rel}","templated":true}]}}