{"id":15378,"date":"2025-10-10T13:08:39","date_gmt":"2025-10-10T13:08:39","guid":{"rendered":"https:\/\/xenonkungen.com\/?post_type=product&#038;p=15378"},"modified":"2026-04-24T17:23:37","modified_gmt":"2026-04-24T16:23:37","slug":"ledlenser-kidled-4r-green-es","status":"publish","type":"product","link":"https:\/\/xenonkungen.com\/en\/product\/ledlenser-kidled-4r-green-es\/","title":{"rendered":"Ledlenser Kidled 4R Green ES"},"content":{"rendered":"<p data-start=\"162\" data-end=\"235\"><strong data-start=\"162\" data-end=\"233\">Ledlenser Kidled 4R - the headlamp that makes every adventure a little brighter<\/strong><\/p>\n<p data-start=\"237\" data-end=\"507\">Give children the security and freedom to explore the world even after dark. <strong data-start=\"313\" data-end=\"336\">Ledlenser Kidled 4R<\/strong> is the perfect companion for little adventurers - whether it's evening walks, reading under the covers, playing in the garden or colourful signals at night.<\/p>\n<p data-start=\"509\" data-end=\"621\">This smart and safe headlamp is full of thoughtful details that make it both fun and safe to use.<\/p>\n<p data-start=\"623\" data-end=\"653\"><strong data-start=\"623\" data-end=\"651\">Features and benefits:<\/strong><\/p>\n<ul data-start=\"654\" data-end=\"1365\">\n<li data-start=\"654\" data-end=\"756\">\n<p data-start=\"656\" data-end=\"756\"><strong data-start=\"656\" data-end=\"680\">Versatile lighting:<\/strong> Choose between white, red and blue light - with both fixed and flashing modes.<\/p>\n<\/li>\n<li data-start=\"757\" data-end=\"874\">\n<p data-start=\"759\" data-end=\"874\"><strong data-start=\"759\" data-end=\"780\">Childproof design:<\/strong> The headband automatically releases when loaded and the battery compartment is childproofed with a screw lock.<\/p>\n<\/li>\n<li data-start=\"875\" data-end=\"976\">\n<p data-start=\"877\" data-end=\"976\"><strong data-start=\"877\" data-end=\"900\">Gentle on the eyes:<\/strong> The optics are specially adapted for children's sensitive eyes with reduced glare.<\/p>\n<\/li>\n<li data-start=\"977\" data-end=\"1115\">\n<p data-start=\"979\" data-end=\"1115\"><strong data-start=\"979\" data-end=\"1003\">Practical use:<\/strong> Attach the lamp to the headband or use the metal clip to put it on your backpack, jacket or school bag.<\/p>\n<\/li>\n<li data-start=\"1116\" data-end=\"1202\">\n<p data-start=\"1118\" data-end=\"1202\"><strong data-start=\"1118\" data-end=\"1133\">Energy efficient:<\/strong> Automatic switch-off after 20 minutes (can be activated if necessary).<\/p>\n<\/li>\n<li data-start=\"1203\" data-end=\"1314\">\n<p data-start=\"1205\" data-end=\"1314\"><strong data-start=\"1205\" data-end=\"1225\">Rechargeable:<\/strong> Powered by a rechargeable battery via Micro-USB - environmentally friendly and cost-effective.<\/p>\n<\/li>\n<li data-start=\"1315\" data-end=\"1365\">\n<p data-start=\"1317\" data-end=\"1365\"><strong data-start=\"1317\" data-end=\"1336\">Safe quality:<\/strong> CE and CPSIA certified.<\/p>\n<\/li>\n<\/ul>\n<p data-start=\"1367\" data-end=\"1514\"><strong data-start=\"1367\" data-end=\"1390\">Ledlenser Kidled 4R<\/strong> is not just a headlamp - it's part of your child's adventure. Perfect for everything from evening adventures to the road to school.<\/p>","protected":false},"excerpt":{"rendered":"<p>Ledlenser Kidled 4R \u2013 pannlampan som g\u00f6r varje \u00e4ventyr lite ljusare Ge barnen trygghet och frihet att utforska v\u00e4rlden \u00e4ven n\u00e4r m\u00f6rkret faller. Ledlenser Kidled 4R \u00e4r den perfekta f\u00f6ljeslagaren f\u00f6r sm\u00e5 \u00e4ventyrare \u2013 oavsett om det handlar om kv\u00e4llspromenader, l\u00e4sning under t\u00e4cket, lek i tr\u00e4dg\u00e5rden eller f\u00e4rgglada signaler i natten. Denna smarta och s\u00e4kra [&hellip;]<\/p>","protected":false},"featured_media":15383,"comment_status":"open","ping_status":"closed","template":"","meta":{"_acf_changed":false,"_smort_price_nok":"373","_smort_price_dkk":"237","_smort_price_eur":"31.73","_smort_sale_price_nok":"","_smort_sale_price_dkk":"","_smort_sale_price_eur":"","smort_restorder":"","shipmondo_restorder":"","_kad_blocks_custom_css":"","_kad_blocks_head_custom_js":"","_kad_blocks_body_custom_js":"","_kad_blocks_footer_custom_js":"","smort_custom_pricelist_1":"223.36","smort_custom_pricelist_2":"223.36","smort_custom_pricelist_3":"223.36","smort_custom_pricelist_4":"279.2","smort_custom_pricelist_5":"223.36"},"anvandningsomrade":[],"bilmarken":[],"product_brand":[101],"product_cat":[1277],"product_tag":[],"class_list":{"0":"post-15378","1":"product","2":"type-product","3":"status-publish","4":"has-post-thumbnail","6":"product_brand-ledlenser","7":"product_cat-pannlampor","9":"first","10":"onbackorder","11":"taxable","12":"shipping-taxable","13":"purchasable","14":"product-type-simple"},"bundled_by":[],"bundle_stock_status":"onbackorder","bundle_stock_quantity":0,"bundle_virtual":false,"bundle_layout":"","bundle_add_to_cart_form_location":"","bundle_editable_in_cart":false,"bundle_sold_individually_context":"","bundle_item_grouping":"","bundle_min_size":"","bundle_max_size":"","bundle_price":[],"bundled_items":[],"bundle_sell_ids":[],"acf":[],"yoast_head":"<!-- This site is optimized with the Yoast SEO plugin v27.0 - https:\/\/yoast.com\/product\/yoast-seo-wordpress\/ -->\n<title>Ledlenser Kidled 4R Green ES - Xenonkungen<\/title>\n<meta name=\"robots\" content=\"index, follow, max-snippet:-1, max-image-preview:large, max-video-preview:-1\" \/>\n<link rel=\"canonical\" href=\"https:\/\/xenonkungen.com\/en\/product\/ledlenser-kidled-4r-green-es\/\" \/>\n<meta property=\"og:locale\" content=\"en_GB\" \/>\n<meta property=\"og:type\" content=\"article\" \/>\n<meta property=\"og:title\" content=\"Ledlenser Kidled 4R Green ES - Xenonkungen\" \/>\n<meta property=\"og:description\" content=\"Ledlenser Kidled 4R \u2013 pannlampan som g\u00f6r varje \u00e4ventyr lite ljusare Ge barnen trygghet och frihet att utforska v\u00e4rlden \u00e4ven n\u00e4r m\u00f6rkret faller. Ledlenser Kidled 4R \u00e4r den perfekta f\u00f6ljeslagaren f\u00f6r sm\u00e5 \u00e4ventyrare \u2013 oavsett om det handlar om kv\u00e4llspromenader, l\u00e4sning under t\u00e4cket, lek i tr\u00e4dg\u00e5rden eller f\u00e4rgglada signaler i natten. Denna smarta och s\u00e4kra [&hellip;]\" \/>\n<meta property=\"og:url\" content=\"https:\/\/xenonkungen.com\/en\/product\/ledlenser-kidled-4r-green-es\/\" \/>\n<meta property=\"og:site_name\" content=\"Xenonkungen\" \/>\n<meta property=\"article:modified_time\" content=\"2026-04-24T16:23:37+00:00\" \/>\n<meta property=\"og:image\" content=\"https:\/\/xenonkungen.com\/wp-content\/uploads\/2025\/10\/large.png\" \/>\n\t<meta property=\"og:image:width\" content=\"1024\" \/>\n\t<meta property=\"og:image:height\" content=\"412\" \/>\n\t<meta property=\"og:image:type\" content=\"image\/png\" \/>\n<meta name=\"twitter:card\" content=\"summary_large_image\" \/>\n<meta name=\"twitter:label1\" content=\"Estimated reading time\" \/>\n\t<meta name=\"twitter:data1\" content=\"2 minutes\" \/>\n<script type=\"application\/ld+json\" class=\"yoast-schema-graph\">{\"@context\":\"https:\/\/schema.org\",\"@graph\":[{\"@type\":\"WebPage\",\"@id\":\"https:\/\/xenonkungen.com\/en\/product\/ledlenser-kidled-4r-green-es\/\",\"url\":\"https:\/\/xenonkungen.com\/en\/product\/ledlenser-kidled-4r-green-es\/\",\"name\":\"Ledlenser Kidled 4R Green ES - Xenonkungen\",\"isPartOf\":{\"@id\":\"https:\/\/xenonkungen.com\/#website\"},\"primaryImageOfPage\":{\"@id\":\"https:\/\/xenonkungen.com\/en\/product\/ledlenser-kidled-4r-green-es\/#primaryimage\"},\"image\":{\"@id\":\"https:\/\/xenonkungen.com\/en\/product\/ledlenser-kidled-4r-green-es\/#primaryimage\"},\"thumbnailUrl\":\"https:\/\/xenonkungen.com\/wp-content\/uploads\/2025\/10\/large.png\",\"datePublished\":\"2025-10-10T13:08:39+00:00\",\"dateModified\":\"2026-04-24T16:23:37+00:00\",\"breadcrumb\":{\"@id\":\"https:\/\/xenonkungen.com\/en\/product\/ledlenser-kidled-4r-green-es\/#breadcrumb\"},\"inLanguage\":\"en-GB\",\"potentialAction\":[{\"@type\":\"ReadAction\",\"target\":[\"https:\/\/xenonkungen.com\/en\/product\/ledlenser-kidled-4r-green-es\/\"]}]},{\"@type\":\"ImageObject\",\"inLanguage\":\"en-GB\",\"@id\":\"https:\/\/xenonkungen.com\/en\/product\/ledlenser-kidled-4r-green-es\/#primaryimage\",\"url\":\"https:\/\/xenonkungen.com\/wp-content\/uploads\/2025\/10\/large.png\",\"contentUrl\":\"https:\/\/xenonkungen.com\/wp-content\/uploads\/2025\/10\/large.png\",\"width\":1024,\"height\":412},{\"@type\":\"BreadcrumbList\",\"@id\":\"https:\/\/xenonkungen.com\/en\/product\/ledlenser-kidled-4r-green-es\/#breadcrumb\",\"itemListElement\":[{\"@type\":\"ListItem\",\"position\":1,\"name\":\"Hem\",\"item\":\"https:\/\/xenonkungen.com\/\"},{\"@type\":\"ListItem\",\"position\":2,\"name\":\"Shop\",\"item\":\"https:\/\/xenonkungen.com\/shop\/\"},{\"@type\":\"ListItem\",\"position\":3,\"name\":\"Ledlenser Kidled 4R Green ES\"}]},{\"@type\":\"WebSite\",\"@id\":\"https:\/\/xenonkungen.com\/#website\",\"url\":\"https:\/\/xenonkungen.com\/\",\"name\":\"Xenonkungen\",\"description\":\"\",\"potentialAction\":[{\"@type\":\"SearchAction\",\"target\":{\"@type\":\"EntryPoint\",\"urlTemplate\":\"https:\/\/xenonkungen.com\/?s={search_term_string}\"},\"query-input\":{\"@type\":\"PropertyValueSpecification\",\"valueRequired\":true,\"valueName\":\"search_term_string\"}}],\"inLanguage\":\"en-GB\"}]}<\/script>\n<!-- \/ Yoast SEO plugin. -->","yoast_head_json":{"title":"Ledlenser Kidled 4R Green ES - The Xenon King","robots":{"index":"index","follow":"follow","max-snippet":"max-snippet:-1","max-image-preview":"max-image-preview:large","max-video-preview":"max-video-preview:-1"},"canonical":"https:\/\/xenonkungen.com\/en\/product\/ledlenser-kidled-4r-green-es\/","og_locale":"en_GB","og_type":"article","og_title":"Ledlenser Kidled 4R Green ES - Xenonkungen","og_description":"Ledlenser Kidled 4R \u2013 pannlampan som g\u00f6r varje \u00e4ventyr lite ljusare Ge barnen trygghet och frihet att utforska v\u00e4rlden \u00e4ven n\u00e4r m\u00f6rkret faller. Ledlenser Kidled 4R \u00e4r den perfekta f\u00f6ljeslagaren f\u00f6r sm\u00e5 \u00e4ventyrare \u2013 oavsett om det handlar om kv\u00e4llspromenader, l\u00e4sning under t\u00e4cket, lek i tr\u00e4dg\u00e5rden eller f\u00e4rgglada signaler i natten. Denna smarta och s\u00e4kra [&hellip;]","og_url":"https:\/\/xenonkungen.com\/en\/product\/ledlenser-kidled-4r-green-es\/","og_site_name":"Xenonkungen","article_modified_time":"2026-04-24T16:23:37+00:00","og_image":[{"width":1024,"height":412,"url":"https:\/\/xenonkungen.com\/wp-content\/uploads\/2025\/10\/large.png","type":"image\/png"}],"twitter_card":"summary_large_image","twitter_misc":{"Estimated reading time":"2 minutes"},"schema":{"@context":"https:\/\/schema.org","@graph":[{"@type":"WebPage","@id":"https:\/\/xenonkungen.com\/en\/product\/ledlenser-kidled-4r-green-es\/","url":"https:\/\/xenonkungen.com\/en\/product\/ledlenser-kidled-4r-green-es\/","name":"Ledlenser Kidled 4R Green ES - The Xenon King","isPartOf":{"@id":"https:\/\/xenonkungen.com\/#website"},"primaryImageOfPage":{"@id":"https:\/\/xenonkungen.com\/en\/product\/ledlenser-kidled-4r-green-es\/#primaryimage"},"image":{"@id":"https:\/\/xenonkungen.com\/en\/product\/ledlenser-kidled-4r-green-es\/#primaryimage"},"thumbnailUrl":"https:\/\/xenonkungen.com\/wp-content\/uploads\/2025\/10\/large.png","datePublished":"2025-10-10T13:08:39+00:00","dateModified":"2026-04-24T16:23:37+00:00","breadcrumb":{"@id":"https:\/\/xenonkungen.com\/en\/product\/ledlenser-kidled-4r-green-es\/#breadcrumb"},"inLanguage":"en-GB","potentialAction":[{"@type":"ReadAction","target":["https:\/\/xenonkungen.com\/en\/product\/ledlenser-kidled-4r-green-es\/"]}]},{"@type":"ImageObject","inLanguage":"en-GB","@id":"https:\/\/xenonkungen.com\/en\/product\/ledlenser-kidled-4r-green-es\/#primaryimage","url":"https:\/\/xenonkungen.com\/wp-content\/uploads\/2025\/10\/large.png","contentUrl":"https:\/\/xenonkungen.com\/wp-content\/uploads\/2025\/10\/large.png","width":1024,"height":412},{"@type":"BreadcrumbList","@id":"https:\/\/xenonkungen.com\/en\/product\/ledlenser-kidled-4r-green-es\/#breadcrumb","itemListElement":[{"@type":"ListItem","position":1,"name":"Hem","item":"https:\/\/xenonkungen.com\/"},{"@type":"ListItem","position":2,"name":"Shop","item":"https:\/\/xenonkungen.com\/shop\/"},{"@type":"ListItem","position":3,"name":"Ledlenser Kidled 4R Green ES"}]},{"@type":"WebSite","@id":"https:\/\/xenonkungen.com\/#website","url":"https:\/\/xenonkungen.com\/","name":"Xenonkungen","description":"","potentialAction":[{"@type":"SearchAction","target":{"@type":"EntryPoint","urlTemplate":"https:\/\/xenonkungen.com\/?s={search_term_string}"},"query-input":{"@type":"PropertyValueSpecification","valueRequired":true,"valueName":"search_term_string"}}],"inLanguage":"en-GB"}]}},"taxonomy_info":{"product_brand":[{"value":101,"label":"LEDLENSER"}],"product_cat":[{"value":1277,"label":"Pannlampor"}]},"featured_image_src_large":["https:\/\/xenonkungen.com\/wp-content\/uploads\/2025\/10\/large.png",1024,412,false],"author_info":[],"comment_info":0,"_links":{"self":[{"href":"https:\/\/xenonkungen.com\/en\/wp-json\/wp\/v2\/product\/15378","targetHints":{"allow":["GET"]}}],"collection":[{"href":"https:\/\/xenonkungen.com\/en\/wp-json\/wp\/v2\/product"}],"about":[{"href":"https:\/\/xenonkungen.com\/en\/wp-json\/wp\/v2\/types\/product"}],"replies":[{"embeddable":true,"href":"https:\/\/xenonkungen.com\/en\/wp-json\/wp\/v2\/comments?post=15378"}],"wp:featuredmedia":[{"embeddable":true,"href":"https:\/\/xenonkungen.com\/en\/wp-json\/wp\/v2\/media\/15383"}],"wp:attachment":[{"href":"https:\/\/xenonkungen.com\/en\/wp-json\/wp\/v2\/media?parent=15378"}],"wp:term":[{"taxonomy":"anvandningsomrade","embeddable":true,"href":"https:\/\/xenonkungen.com\/en\/wp-json\/wp\/v2\/anvandningsomrade?post=15378"},{"taxonomy":"bilmarken","embeddable":true,"href":"https:\/\/xenonkungen.com\/en\/wp-json\/wp\/v2\/bilmarken?post=15378"},{"taxonomy":"product_brand","embeddable":true,"href":"https:\/\/xenonkungen.com\/en\/wp-json\/wp\/v2\/product_brand?post=15378"},{"taxonomy":"product_cat","embeddable":true,"href":"https:\/\/xenonkungen.com\/en\/wp-json\/wp\/v2\/product_cat?post=15378"},{"taxonomy":"product_tag","embeddable":true,"href":"https:\/\/xenonkungen.com\/en\/wp-json\/wp\/v2\/product_tag?post=15378"}],"curies":[{"name":"wp","href":"https:\/\/api.w.org\/{rel}","templated":true}]}}