{"id":1538,"date":"2025-04-15T08:24:14","date_gmt":"2025-04-15T08:24:14","guid":{"rendered":"https:\/\/xenonkungen.com\/product\/xbb-obd-ii-dongel-powerunit\/"},"modified":"2026-05-13T11:45:24","modified_gmt":"2026-05-13T10:45:24","slug":"xbb-obd-ii-dongle-power-unit","status":"publish","type":"product","link":"https:\/\/xenonkungen.com\/en\/product\/xbb-obd-ii-dongle-power-unit\/","title":{"rendered":"XBB OBD-II Dongle + PowerUnit"},"content":{"rendered":"<h2>XBB OBD-II Dongle + PowerUnit<\/h2>\n<div class=\"container\">\n<section class=\"hero card\">\n<div>\n<p>Unique to the market, <strong>wireless<\/strong> control of LED ramps, auxiliary lights, reversing lights and work lights. <strong>Operates on 12\/24 V<\/strong> and installed in minutes - directly via the truck's OBD socket and the XBB app.<\/p>\n<div class=\"badges\"><span class=\"badge\">Wireless relay control<\/span><br \/>\n<span class=\"badge\">12\/24 V<\/span><br \/>\n<span class=\"badge\">Up to 4 PowerUnits<\/span><br \/>\n<span class=\"badge\">iOS &amp; Android app<\/span><br \/>\n<span class=\"badge\">Swedish developed - Innoware<\/span><\/div>\n<\/div>\n<aside class=\"card\">\n<h3>Briefly about the product<\/h3>\n<ul>\n<li>Place the relay near the lights - <em>minimises voltage drops<\/em>.<\/li>\n<li>Pair the dongle with up to <strong>four<\/strong> wireless PowerUnits.<\/li>\n<li>Select functions in the app: high beam, reverse gear, DRL, position light, etc.<\/li>\n<li>Continuous updates &amp; new \"recipes\" for more car models.<\/li>\n<\/ul>\n<p class=\"note\">Developed by Innoware Development (Sweden).<\/p>\n<\/aside>\n<\/section>\n<section class=\"grid cols-3\" aria-label=\"Advantages of the programme\">\n<article class=\"card\">\n<h3>Why XBB?<\/h3>\n<ul>\n<li><strong>Unique to the market<\/strong> solution for smart lighting control.<\/li>\n<li><strong>Wireless relay<\/strong> - no long signalling cables.<\/li>\n<li><strong>Quick installation<\/strong> via OBD-II and app.<\/li>\n<li><strong>Scalable<\/strong> - controls multiple lights with one dongle.<\/li>\n<\/ul>\n<\/article>\n<article class=\"card\">\n<h3>How it works<\/h3>\n<ol>\n<li>Plug the XBB dongle into your car's OBD-II socket.<\/li>\n<li>Pair it in the app with up to 4 <em>PowerUnit<\/em>-county.<\/li>\n<li>Mount the PowerUnit close to the lights (auxiliary\/lead\/trailing lights).<\/li>\n<li>Select triggers in the app: e.g. high beam, reverse, DRL or position light.<\/li>\n<\/ol>\n<\/article>\n<article class=\"card\">\n<h3>Areas of use<\/h3>\n<ul>\n<li>Auxiliary lights &amp; LED ramps (incl. DRL control)<\/li>\n<li>Reversing lights &amp; work lights<\/li>\n<li>Vehicles 12 V &amp; 24 V (passenger car, transport, lorry)<\/li>\n<li>Manual control with <span style=\"color: #0000ff;\"><a style=\"color: #0000ff;\" href=\"https:\/\/xenonkungen.com\/produkt\/xbb-smart-button\/\" target=\"_blank\" rel=\"noopener\">XBB Smart Button<\/a><\/span><\/li>\n<\/ul>\n<\/article>\n<\/section>\n<section id=\"kompatibilitet\" class=\"card\">\n<h2>Compatibility &amp; updates<\/h2>\n<p>XBB is continuously releasing new <em>prescription<\/em> (vehicle profiles) for car models on the market. The list is continuously updated.<\/p>\n<ul>\n<li>Check if your car is compatible via the link:<span style=\"color: #0000ff;\"> <a style=\"color: #0000ff;\" href=\"https:\/\/www.xbb.se\/xbbTable\/bilmodeller.php\" target=\"_blank\" rel=\"nofollow noopener\">Current vehicle list<\/a><\/span>.<\/li>\n<li>The device is automatically updated for better accuracy and functionality.<\/li>\n<\/ul>\n<\/section>\n<section class=\"card\">\n<h2>Delivery content<\/h2>\n<ul>\n<li>1 \u00d7 XBB PowerUnit (wireless relay)<\/li>\n<li>1 \u00d7 XBB OBD-II Dongle<\/li>\n<\/ul>\n<p class=\"pill\">1 year warranty<\/p>\n<\/section>\n<section id=\"smartbutton\" class=\"card\">\n<h2>Accessories: XBB Smart Button<\/h2>\n<p>A separate, wireless button to switch on\/off the connected light manually - perfect in heavy fog, for example.<\/p>\n<ul>\n<li>Easily synced in the app to the selected PowerUnit.<\/li>\n<li>Choose which lights to control.<\/li>\n<\/ul>\n<p><span style=\"color: #0000ff;\"><a style=\"color: #0000ff;\" href=\"https:\/\/xenonkungen.com\/produkt\/xbb-smart-button\/\" target=\"_blank\" rel=\"noopener\">XBB Smart Button<\/a><\/span><\/p>\n<\/section>\n<section class=\"card\">\n<h2>Select more devices<\/h2>\n<ul>\n<li>Do you only need a new relay? <span style=\"color: #0000ff;\"><a style=\"color: #0000ff;\" href=\"https:\/\/xenonkungen.com\/produkt\/xbb-obd-ii-powerunit\/\" target=\"_blank\" rel=\"noopener\">Extra XBB PowerUnit<\/a><\/span><\/li>\n<li>Are you just looking for the dongle? <span style=\"color: #0000ff;\"><a style=\"color: #0000ff;\" href=\"https:\/\/xenonkungen.com\/produkt\/xbb-obd-ii-dongel\/\" target=\"_blank\" rel=\"noopener\">Extra XBB dongle<\/a><\/span><\/li>\n<\/ul>\n<\/section>\n<section class=\"card specs\" aria-label=\"Specifications\">\n<div>\n<h3>Specifications<\/h3>\n<ul>\n<li>System voltage: 12 \/ 24 V<\/li>\n<li>Communication: Wireless dongle \u2194 PowerUnit<\/li>\n<li>Support for up to 4 PowerUnits per dongle<\/li>\n<li>Control via the XBB app (App Store &amp; Google Play)<\/li>\n<\/ul>\n<\/div>\n<div>\n<h3>App &amp; installation<\/h3>\n<ul>\n<li>Download the app from the App Store or Google Play.<\/li>\n<li>Guided steps in the app - installation in just a few minutes.<\/li>\n<li>Ongoing firmware and recipe updates.<\/li>\n<\/ul>\n<\/div>\n<\/section>\n<section class=\"card\">\n<h2>Quick guide<\/h2>\n<details open=\"\">\n<summary>Installation &amp; operation<\/summary>\n<ol>\n<li>Plug the dongle into the OBD socket.<\/li>\n<li>Open the app and pair one or more PowerUnits.<\/li>\n<li>Place the PowerUnit close to the lights for the shortest possible cabling.<\/li>\n<li>Select the desired function (e.g. reverse gear, DRL, high beam, position light).<\/li>\n<li>Test the function and fine-tune if necessary.<\/li>\n<\/ol>\n<p class=\"note\">See also: <span style=\"color: #0000ff;\"><a style=\"color: #0000ff;\" href=\"https:\/\/www.xbb.se\/sv_se\/snabbguide\/\" target=\"_blank\" rel=\"noopener\">Quick guide to installation and operation<\/a><\/span><\/p>\n<\/details>\n<div class=\"warning\" role=\"note\" aria-label=\"Please note\"><strong>NB:<\/strong> This product is under development and new recipes are added regularly. If your car is not yet on the list, please check back later - or contact us and we will help you.<\/div>\n<\/section>\n<footer class=\"card\">\n<h3>Do you need help?<\/h3>\n<p>We're here if you're not sure. Feel free to go through the quick guide first - many questions are solved in a few minutes.<\/p>\n<ul>\n<li><a href=\"https:\/\/www.xbb.se\/sv_se\/snabbguide\/\" target=\"_blank\" rel=\"noopener\"><span style=\"color: #0000ff;\">Quick guide to installation and operation<\/span><\/a><\/li>\n<li><span style=\"color: #0000ff;\"><a style=\"color: #0000ff;\" href=\"https:\/\/www.xbb.se\/xbbTable\/bilmodeller.php\" target=\"_blank\" rel=\"noopener\">Compatibility list<\/a><\/span><\/li>\n<\/ul>\n<p class=\"note\">Brand: XBB - Developed by Innoware Development (Sweden)<\/p>\n<\/footer>\n<\/div>","protected":false},"excerpt":{"rendered":"<p>XBB's smart solution for connecting auxiliary lights and ramps even on the newest models!<\/p>","protected":false},"featured_media":1539,"comment_status":"closed","ping_status":"closed","template":"","meta":{"_acf_changed":false,"_smort_price_nok":"2558","_smort_price_dkk":"1625","_smort_price_eur":"217.72","_smort_sale_price_nok":"","_smort_sale_price_dkk":"","_smort_sale_price_eur":"","smort_restorder":"","shipmondo_restorder":"","_kad_blocks_custom_css":"","_kad_blocks_head_custom_js":"","_kad_blocks_body_custom_js":"","_kad_blocks_footer_custom_js":"","smort_custom_pricelist_1":"1532.8","smort_custom_pricelist_2":"1341.2","smort_custom_pricelist_3":"1245.4","smort_custom_pricelist_4":"1916","smort_custom_pricelist_5":"1341.2"},"anvandningsomrade":[],"bilmarken":[],"product_brand":[115],"product_cat":[3076,2487,2841,2828,2849,2468,2497,477,390],"product_tag":[],"class_list":{"0":"post-1538","1":"product","2":"type-product","3":"status-publish","4":"has-post-thumbnail","6":"product_brand-xbb","7":"product_cat-rekommendationer","8":"product_cat-canbus-installation","9":"product_cat-installation-extraljus","10":"product_cat-installation-led-ramper","11":"product_cat-malvin","12":"product_cat-rela","13":"product_cat-xbb","14":"product_cat-canbus-emc","15":"product_cat-installation","16":"pa_stromforbrukning-15a","17":"pa_volt-v-12-24","19":"first","20":"onbackorder","21":"taxable","22":"shipping-taxable","23":"purchasable","24":"product-type-simple"},"bundled_by":["9152","9161","9170","9215","9223","9231","9239","9265","9271","9277","9283","9305","9309","9315","9339","9346","9353","9360","9368","9375","9384","9393","9400","9509","9520","9527","9534","9541","9545","9553","9559","9574","9580","9586","9593","9600","9608","9614","9624","9633","9643","10292","10301","10303","21277","25260","25266","25270","25275","25279","25283","25285","25797","25806","25816","25821","25824","25826","25827","25828","27189","27187"],"bundle_stock_status":"onbackorder","bundle_stock_quantity":-1202,"bundle_virtual":false,"bundle_layout":"","bundle_add_to_cart_form_location":"","bundle_editable_in_cart":false,"bundle_sold_individually_context":"","bundle_item_grouping":"","bundle_min_size":"","bundle_max_size":"","bundle_price":[],"bundled_items":[],"bundle_sell_ids":[],"acf":[],"yoast_head":"<!-- This site is optimized with the Yoast SEO plugin v27.0 - https:\/\/yoast.com\/product\/yoast-seo-wordpress\/ -->\n<title>XBB OBD-II Dongel + PowerUnit - Xenonkungen<\/title>\n<meta name=\"robots\" content=\"index, follow, max-snippet:-1, max-image-preview:large, max-video-preview:-1\" \/>\n<link rel=\"canonical\" href=\"https:\/\/xenonkungen.com\/en\/product\/xbb-obd-ii-dongle-power-unit\/\" \/>\n<meta property=\"og:locale\" content=\"en_GB\" \/>\n<meta property=\"og:type\" content=\"article\" \/>\n<meta property=\"og:title\" content=\"XBB OBD-II Dongel + PowerUnit - Xenonkungen\" \/>\n<meta property=\"og:description\" content=\"XBBs smarta l\u00f6sning f\u00f6r att koppla in extraljus och ledramper \u00e4ven p\u00e5 dom nyaste modellerna!\" \/>\n<meta property=\"og:url\" content=\"https:\/\/xenonkungen.com\/en\/product\/xbb-obd-ii-dongle-power-unit\/\" \/>\n<meta property=\"og:site_name\" content=\"Xenonkungen\" \/>\n<meta property=\"article:modified_time\" content=\"2026-05-13T10:45:24+00:00\" \/>\n<meta property=\"og:image\" content=\"https:\/\/xenonkungen.com\/wp-content\/uploads\/2025\/04\/179733167-origpic-898ced.png\" \/>\n\t<meta property=\"og:image:width\" content=\"1000\" \/>\n\t<meta property=\"og:image:height\" content=\"1000\" \/>\n\t<meta property=\"og:image:type\" content=\"image\/png\" \/>\n<meta name=\"twitter:card\" content=\"summary_large_image\" \/>\n<meta name=\"twitter:label1\" content=\"Estimated reading time\" \/>\n\t<meta name=\"twitter:data1\" content=\"3 minutes\" \/>\n<script type=\"application\/ld+json\" class=\"yoast-schema-graph\">{\"@context\":\"https:\/\/schema.org\",\"@graph\":[{\"@type\":\"WebPage\",\"@id\":\"https:\/\/xenonkungen.com\/produkt\/xbb-obd-ii-dongel-powerunit\/\",\"url\":\"https:\/\/xenonkungen.com\/produkt\/xbb-obd-ii-dongel-powerunit\/\",\"name\":\"XBB OBD-II Dongel + PowerUnit - Xenonkungen\",\"isPartOf\":{\"@id\":\"https:\/\/xenonkungen.com\/#website\"},\"primaryImageOfPage\":{\"@id\":\"https:\/\/xenonkungen.com\/produkt\/xbb-obd-ii-dongel-powerunit\/#primaryimage\"},\"image\":{\"@id\":\"https:\/\/xenonkungen.com\/produkt\/xbb-obd-ii-dongel-powerunit\/#primaryimage\"},\"thumbnailUrl\":\"https:\/\/xenonkungen.com\/wp-content\/uploads\/2025\/04\/179733167-origpic-898ced.png\",\"datePublished\":\"2025-04-15T08:24:14+00:00\",\"dateModified\":\"2026-05-13T10:45:24+00:00\",\"breadcrumb\":{\"@id\":\"https:\/\/xenonkungen.com\/produkt\/xbb-obd-ii-dongel-powerunit\/#breadcrumb\"},\"inLanguage\":\"en-GB\",\"potentialAction\":[{\"@type\":\"ReadAction\",\"target\":[\"https:\/\/xenonkungen.com\/produkt\/xbb-obd-ii-dongel-powerunit\/\"]}]},{\"@type\":\"ImageObject\",\"inLanguage\":\"en-GB\",\"@id\":\"https:\/\/xenonkungen.com\/produkt\/xbb-obd-ii-dongel-powerunit\/#primaryimage\",\"url\":\"https:\/\/xenonkungen.com\/wp-content\/uploads\/2025\/04\/179733167-origpic-898ced.png\",\"contentUrl\":\"https:\/\/xenonkungen.com\/wp-content\/uploads\/2025\/04\/179733167-origpic-898ced.png\",\"width\":1000,\"height\":1000},{\"@type\":\"BreadcrumbList\",\"@id\":\"https:\/\/xenonkungen.com\/produkt\/xbb-obd-ii-dongel-powerunit\/#breadcrumb\",\"itemListElement\":[{\"@type\":\"ListItem\",\"position\":1,\"name\":\"Hem\",\"item\":\"https:\/\/xenonkungen.com\/\"},{\"@type\":\"ListItem\",\"position\":2,\"name\":\"Shop\",\"item\":\"https:\/\/xenonkungen.com\/shop\/\"},{\"@type\":\"ListItem\",\"position\":3,\"name\":\"XBB OBD-II Dongel + PowerUnit\"}]},{\"@type\":\"WebSite\",\"@id\":\"https:\/\/xenonkungen.com\/#website\",\"url\":\"https:\/\/xenonkungen.com\/\",\"name\":\"Xenonkungen\",\"description\":\"\",\"potentialAction\":[{\"@type\":\"SearchAction\",\"target\":{\"@type\":\"EntryPoint\",\"urlTemplate\":\"https:\/\/xenonkungen.com\/?s={search_term_string}\"},\"query-input\":{\"@type\":\"PropertyValueSpecification\",\"valueRequired\":true,\"valueName\":\"search_term_string\"}}],\"inLanguage\":\"en-GB\"}]}<\/script>\n<!-- \/ Yoast SEO plugin. -->","yoast_head_json":{"title":"XBB OBD-II Dongle + PowerUnit - The Xenon King","robots":{"index":"index","follow":"follow","max-snippet":"max-snippet:-1","max-image-preview":"max-image-preview:large","max-video-preview":"max-video-preview:-1"},"canonical":"https:\/\/xenonkungen.com\/en\/product\/xbb-obd-ii-dongle-power-unit\/","og_locale":"en_GB","og_type":"article","og_title":"XBB OBD-II Dongel + PowerUnit - Xenonkungen","og_description":"XBBs smarta l\u00f6sning f\u00f6r att koppla in extraljus och ledramper \u00e4ven p\u00e5 dom nyaste modellerna!","og_url":"https:\/\/xenonkungen.com\/en\/product\/xbb-obd-ii-dongle-power-unit\/","og_site_name":"Xenonkungen","article_modified_time":"2026-05-13T10:45:24+00:00","og_image":[{"width":1000,"height":1000,"url":"https:\/\/xenonkungen.com\/wp-content\/uploads\/2025\/04\/179733167-origpic-898ced.png","type":"image\/png"}],"twitter_card":"summary_large_image","twitter_misc":{"Estimated reading time":"3 minutes"},"schema":{"@context":"https:\/\/schema.org","@graph":[{"@type":"WebPage","@id":"https:\/\/xenonkungen.com\/produkt\/xbb-obd-ii-dongel-powerunit\/","url":"https:\/\/xenonkungen.com\/produkt\/xbb-obd-ii-dongel-powerunit\/","name":"XBB OBD-II Dongle + PowerUnit - The Xenon King","isPartOf":{"@id":"https:\/\/xenonkungen.com\/#website"},"primaryImageOfPage":{"@id":"https:\/\/xenonkungen.com\/produkt\/xbb-obd-ii-dongel-powerunit\/#primaryimage"},"image":{"@id":"https:\/\/xenonkungen.com\/produkt\/xbb-obd-ii-dongel-powerunit\/#primaryimage"},"thumbnailUrl":"https:\/\/xenonkungen.com\/wp-content\/uploads\/2025\/04\/179733167-origpic-898ced.png","datePublished":"2025-04-15T08:24:14+00:00","dateModified":"2026-05-13T10:45:24+00:00","breadcrumb":{"@id":"https:\/\/xenonkungen.com\/produkt\/xbb-obd-ii-dongel-powerunit\/#breadcrumb"},"inLanguage":"en-GB","potentialAction":[{"@type":"ReadAction","target":["https:\/\/xenonkungen.com\/produkt\/xbb-obd-ii-dongel-powerunit\/"]}]},{"@type":"ImageObject","inLanguage":"en-GB","@id":"https:\/\/xenonkungen.com\/produkt\/xbb-obd-ii-dongel-powerunit\/#primaryimage","url":"https:\/\/xenonkungen.com\/wp-content\/uploads\/2025\/04\/179733167-origpic-898ced.png","contentUrl":"https:\/\/xenonkungen.com\/wp-content\/uploads\/2025\/04\/179733167-origpic-898ced.png","width":1000,"height":1000},{"@type":"BreadcrumbList","@id":"https:\/\/xenonkungen.com\/produkt\/xbb-obd-ii-dongel-powerunit\/#breadcrumb","itemListElement":[{"@type":"ListItem","position":1,"name":"Hem","item":"https:\/\/xenonkungen.com\/"},{"@type":"ListItem","position":2,"name":"Shop","item":"https:\/\/xenonkungen.com\/shop\/"},{"@type":"ListItem","position":3,"name":"XBB OBD-II Dongel + PowerUnit"}]},{"@type":"WebSite","@id":"https:\/\/xenonkungen.com\/#website","url":"https:\/\/xenonkungen.com\/","name":"Xenonkungen","description":"","potentialAction":[{"@type":"SearchAction","target":{"@type":"EntryPoint","urlTemplate":"https:\/\/xenonkungen.com\/?s={search_term_string}"},"query-input":{"@type":"PropertyValueSpecification","valueRequired":true,"valueName":"search_term_string"}}],"inLanguage":"en-GB"}]}},"taxonomy_info":{"product_brand":[{"value":115,"label":"XBB"}],"product_cat":[{"value":3076,"label":"Rekommendationer"},{"value":2487,"label":"Canbus"},{"value":2841,"label":"Installation extraljus"},{"value":2828,"label":"Installation LED-ramper"},{"value":2849,"label":"Malvins VW Golf"},{"value":2468,"label":"Rel\u00e4"},{"value":2497,"label":"XBB"},{"value":477,"label":"Canbus | EMC"},{"value":390,"label":"Installation"}],"pa_stromforbrukning":[{"value":482,"label":"15A"}],"pa_volt-v":[{"value":348,"label":"12, 24"}]},"featured_image_src_large":["https:\/\/xenonkungen.com\/wp-content\/uploads\/2025\/04\/179733167-origpic-898ced.png",1000,1000,false],"author_info":[],"comment_info":4,"_links":{"self":[{"href":"https:\/\/xenonkungen.com\/en\/wp-json\/wp\/v2\/product\/1538","targetHints":{"allow":["GET"]}}],"collection":[{"href":"https:\/\/xenonkungen.com\/en\/wp-json\/wp\/v2\/product"}],"about":[{"href":"https:\/\/xenonkungen.com\/en\/wp-json\/wp\/v2\/types\/product"}],"replies":[{"embeddable":true,"href":"https:\/\/xenonkungen.com\/en\/wp-json\/wp\/v2\/comments?post=1538"}],"wp:featuredmedia":[{"embeddable":true,"href":"https:\/\/xenonkungen.com\/en\/wp-json\/wp\/v2\/media\/1539"}],"wp:attachment":[{"href":"https:\/\/xenonkungen.com\/en\/wp-json\/wp\/v2\/media?parent=1538"}],"wp:term":[{"taxonomy":"anvandningsomrade","embeddable":true,"href":"https:\/\/xenonkungen.com\/en\/wp-json\/wp\/v2\/anvandningsomrade?post=1538"},{"taxonomy":"bilmarken","embeddable":true,"href":"https:\/\/xenonkungen.com\/en\/wp-json\/wp\/v2\/bilmarken?post=1538"},{"taxonomy":"product_brand","embeddable":true,"href":"https:\/\/xenonkungen.com\/en\/wp-json\/wp\/v2\/product_brand?post=1538"},{"taxonomy":"product_cat","embeddable":true,"href":"https:\/\/xenonkungen.com\/en\/wp-json\/wp\/v2\/product_cat?post=1538"},{"taxonomy":"product_tag","embeddable":true,"href":"https:\/\/xenonkungen.com\/en\/wp-json\/wp\/v2\/product_tag?post=1538"}],"curies":[{"name":"wp","href":"https:\/\/api.w.org\/{rel}","templated":true}]}}