{"id":15390,"date":"2025-10-10T13:15:58","date_gmt":"2025-10-10T13:15:58","guid":{"rendered":"https:\/\/xenonkungen.com\/?post_type=product&#038;p=15390"},"modified":"2026-05-08T13:30:53","modified_gmt":"2026-05-08T12:30:53","slug":"ledlenser-magnetic-charge-cable-ih-mh-series-black-zip-lock","status":"publish","type":"product","link":"https:\/\/xenonkungen.com\/en\/product\/ledlenser-magnetic-charge-cable-ih-mh-series-black-zip-lock\/","title":{"rendered":"Ledlenser Magnetic Charge Cable iH\/MH Series Black Zip-lock"},"content":{"rendered":"<p data-start=\"101\" data-end=\"175\"><strong data-start=\"101\" data-end=\"173\">Magnetic charging cable for Ledlenser - easy, fast and convenient charging<\/strong><\/p>\n<p data-start=\"177\" data-end=\"393\">Keep your Ledlenser products always ready for the next adventure with this <strong data-start=\"247\" data-end=\"271\">magnetic charging cables<\/strong>. The smart magnetic connector makes charging both easy and safe - just click the cable into place and charging starts immediately.<\/p>\n<p data-start=\"395\" data-end=\"500\">Perfect as <strong data-start=\"407\" data-end=\"422\">spare cable<\/strong> at home, at work or in the car, so you always have power at your fingertips.<\/p>\n<p data-start=\"502\" data-end=\"646\"><strong data-start=\"502\" data-end=\"521\">Compatible with:<\/strong><br data-start=\"521\" data-end=\"524\" \/>MH4 (with magnetic charge), MH5 (with magnetic charge), Active Light 2.0, ML4, MH7, MH8, MH11, iH5R, iH9R and iH11R.<\/p>\n<p data-start=\"648\" data-end=\"727\">Charge quickly, smoothly and conveniently - without the hassle of plugs or wear and tear.<\/p>","protected":false},"excerpt":{"rendered":"<p>Magnetisk laddkabel f\u00f6r Ledlenser \u2013 enkel, snabb och smidig laddning H\u00e5ll dina Ledlenser-produkter alltid redo f\u00f6r n\u00e4sta \u00e4ventyr med denna magnetiska laddkabel. Den smarta magnetkontakten g\u00f6r laddningen b\u00e5de enkel och s\u00e4ker \u2013 bara klicka fast kabeln, s\u00e5 b\u00f6rjar laddningen direkt. Perfekt som reservkabel hemma, p\u00e5 jobbet eller i bilen, s\u00e5 att du alltid har kraft [&hellip;]<\/p>","protected":false},"featured_media":15395,"comment_status":"open","ping_status":"closed","template":"","meta":{"_acf_changed":false,"_smort_price_nok":"138","_smort_price_dkk":"88","_smort_price_eur":"11.73","_smort_sale_price_nok":"","_smort_sale_price_dkk":"","_smort_sale_price_eur":"","smort_restorder":"","shipmondo_restorder":"","_kad_blocks_custom_css":"","_kad_blocks_head_custom_js":"","_kad_blocks_body_custom_js":"","_kad_blocks_footer_custom_js":"","smort_custom_pricelist_1":"82.56","smort_custom_pricelist_2":"82.56","smort_custom_pricelist_3":"82.56","smort_custom_pricelist_4":"103.2","smort_custom_pricelist_5":"82.56"},"anvandningsomrade":[],"bilmarken":[],"product_brand":[101],"product_cat":[1277],"product_tag":[],"class_list":{"0":"post-15390","1":"product","2":"type-product","3":"status-publish","4":"has-post-thumbnail","6":"product_brand-ledlenser","7":"product_cat-pannlampor","9":"first","10":"instock","11":"taxable","12":"shipping-taxable","13":"purchasable","14":"product-type-simple"},"bundled_by":[],"bundle_stock_status":"instock","bundle_stock_quantity":6,"bundle_virtual":false,"bundle_layout":"","bundle_add_to_cart_form_location":"","bundle_editable_in_cart":false,"bundle_sold_individually_context":"","bundle_item_grouping":"","bundle_min_size":"","bundle_max_size":"","bundle_price":[],"bundled_items":[],"bundle_sell_ids":[],"acf":[],"yoast_head":"<!-- This site is optimized with the Yoast SEO plugin v27.0 - https:\/\/yoast.com\/product\/yoast-seo-wordpress\/ -->\n<title>Ledlenser Magnetic Charge Cable iH\/MH Series Black Zip-lock - Xenonkungen<\/title>\n<meta name=\"robots\" content=\"index, follow, max-snippet:-1, max-image-preview:large, max-video-preview:-1\" \/>\n<link rel=\"canonical\" href=\"https:\/\/xenonkungen.com\/en\/product\/ledlenser-magnetic-charge-cable-ih-mh-series-black-zip-lock\/\" \/>\n<meta property=\"og:locale\" content=\"en_GB\" \/>\n<meta property=\"og:type\" content=\"article\" \/>\n<meta property=\"og:title\" content=\"Ledlenser Magnetic Charge Cable iH\/MH Series Black Zip-lock - Xenonkungen\" \/>\n<meta property=\"og:description\" content=\"Magnetisk laddkabel f\u00f6r Ledlenser \u2013 enkel, snabb och smidig laddning H\u00e5ll dina Ledlenser-produkter alltid redo f\u00f6r n\u00e4sta \u00e4ventyr med denna magnetiska laddkabel. Den smarta magnetkontakten g\u00f6r laddningen b\u00e5de enkel och s\u00e4ker \u2013 bara klicka fast kabeln, s\u00e5 b\u00f6rjar laddningen direkt. Perfekt som reservkabel hemma, p\u00e5 jobbet eller i bilen, s\u00e5 att du alltid har kraft [&hellip;]\" \/>\n<meta property=\"og:url\" content=\"https:\/\/xenonkungen.com\/en\/product\/ledlenser-magnetic-charge-cable-ih-mh-series-black-zip-lock\/\" \/>\n<meta property=\"og:site_name\" content=\"Xenonkungen\" \/>\n<meta property=\"article:modified_time\" content=\"2026-05-08T12:30:53+00:00\" \/>\n<meta property=\"og:image\" content=\"https:\/\/xenonkungen.com\/wp-content\/uploads\/2025\/10\/large-1.png\" \/>\n\t<meta property=\"og:image:width\" content=\"1024\" \/>\n\t<meta property=\"og:image:height\" content=\"421\" \/>\n\t<meta property=\"og:image:type\" content=\"image\/png\" \/>\n<meta name=\"twitter:card\" content=\"summary_large_image\" \/>\n<meta name=\"twitter:label1\" content=\"Estimated reading time\" \/>\n\t<meta name=\"twitter:data1\" content=\"1 minute\" \/>\n<script type=\"application\/ld+json\" class=\"yoast-schema-graph\">{\"@context\":\"https:\/\/schema.org\",\"@graph\":[{\"@type\":\"WebPage\",\"@id\":\"https:\/\/xenonkungen.com\/produkt\/ledlenser-magnetic-charge-cable-ih-mh-series-black-zip-lock\/\",\"url\":\"https:\/\/xenonkungen.com\/produkt\/ledlenser-magnetic-charge-cable-ih-mh-series-black-zip-lock\/\",\"name\":\"Ledlenser Magnetic Charge Cable iH\/MH Series Black Zip-lock - Xenonkungen\",\"isPartOf\":{\"@id\":\"https:\/\/xenonkungen.com\/#website\"},\"primaryImageOfPage\":{\"@id\":\"https:\/\/xenonkungen.com\/produkt\/ledlenser-magnetic-charge-cable-ih-mh-series-black-zip-lock\/#primaryimage\"},\"image\":{\"@id\":\"https:\/\/xenonkungen.com\/produkt\/ledlenser-magnetic-charge-cable-ih-mh-series-black-zip-lock\/#primaryimage\"},\"thumbnailUrl\":\"https:\/\/xenonkungen.com\/wp-content\/uploads\/2025\/10\/large-1.png\",\"datePublished\":\"2025-10-10T13:15:58+00:00\",\"dateModified\":\"2026-05-08T12:30:53+00:00\",\"breadcrumb\":{\"@id\":\"https:\/\/xenonkungen.com\/produkt\/ledlenser-magnetic-charge-cable-ih-mh-series-black-zip-lock\/#breadcrumb\"},\"inLanguage\":\"en-GB\",\"potentialAction\":[{\"@type\":\"ReadAction\",\"target\":[\"https:\/\/xenonkungen.com\/produkt\/ledlenser-magnetic-charge-cable-ih-mh-series-black-zip-lock\/\"]}]},{\"@type\":\"ImageObject\",\"inLanguage\":\"en-GB\",\"@id\":\"https:\/\/xenonkungen.com\/produkt\/ledlenser-magnetic-charge-cable-ih-mh-series-black-zip-lock\/#primaryimage\",\"url\":\"https:\/\/xenonkungen.com\/wp-content\/uploads\/2025\/10\/large-1.png\",\"contentUrl\":\"https:\/\/xenonkungen.com\/wp-content\/uploads\/2025\/10\/large-1.png\",\"width\":1024,\"height\":421},{\"@type\":\"BreadcrumbList\",\"@id\":\"https:\/\/xenonkungen.com\/produkt\/ledlenser-magnetic-charge-cable-ih-mh-series-black-zip-lock\/#breadcrumb\",\"itemListElement\":[{\"@type\":\"ListItem\",\"position\":1,\"name\":\"Hem\",\"item\":\"https:\/\/xenonkungen.com\/\"},{\"@type\":\"ListItem\",\"position\":2,\"name\":\"Shop\",\"item\":\"https:\/\/xenonkungen.com\/shop\/\"},{\"@type\":\"ListItem\",\"position\":3,\"name\":\"Ledlenser Magnetic Charge Cable iH\/MH Series Black Zip-lock\"}]},{\"@type\":\"WebSite\",\"@id\":\"https:\/\/xenonkungen.com\/#website\",\"url\":\"https:\/\/xenonkungen.com\/\",\"name\":\"Xenonkungen\",\"description\":\"\",\"potentialAction\":[{\"@type\":\"SearchAction\",\"target\":{\"@type\":\"EntryPoint\",\"urlTemplate\":\"https:\/\/xenonkungen.com\/?s={search_term_string}\"},\"query-input\":{\"@type\":\"PropertyValueSpecification\",\"valueRequired\":true,\"valueName\":\"search_term_string\"}}],\"inLanguage\":\"en-GB\"}]}<\/script>\n<!-- \/ Yoast SEO plugin. -->","yoast_head_json":{"title":"Ledlenser Magnetic Charge Cable iH\/MH Series Black Zip-lock - The Xenon King","robots":{"index":"index","follow":"follow","max-snippet":"max-snippet:-1","max-image-preview":"max-image-preview:large","max-video-preview":"max-video-preview:-1"},"canonical":"https:\/\/xenonkungen.com\/en\/product\/ledlenser-magnetic-charge-cable-ih-mh-series-black-zip-lock\/","og_locale":"en_GB","og_type":"article","og_title":"Ledlenser Magnetic Charge Cable iH\/MH Series Black Zip-lock - Xenonkungen","og_description":"Magnetisk laddkabel f\u00f6r Ledlenser \u2013 enkel, snabb och smidig laddning H\u00e5ll dina Ledlenser-produkter alltid redo f\u00f6r n\u00e4sta \u00e4ventyr med denna magnetiska laddkabel. Den smarta magnetkontakten g\u00f6r laddningen b\u00e5de enkel och s\u00e4ker \u2013 bara klicka fast kabeln, s\u00e5 b\u00f6rjar laddningen direkt. Perfekt som reservkabel hemma, p\u00e5 jobbet eller i bilen, s\u00e5 att du alltid har kraft [&hellip;]","og_url":"https:\/\/xenonkungen.com\/en\/product\/ledlenser-magnetic-charge-cable-ih-mh-series-black-zip-lock\/","og_site_name":"Xenonkungen","article_modified_time":"2026-05-08T12:30:53+00:00","og_image":[{"width":1024,"height":421,"url":"https:\/\/xenonkungen.com\/wp-content\/uploads\/2025\/10\/large-1.png","type":"image\/png"}],"twitter_card":"summary_large_image","twitter_misc":{"Estimated reading time":"1 minute"},"schema":{"@context":"https:\/\/schema.org","@graph":[{"@type":"WebPage","@id":"https:\/\/xenonkungen.com\/produkt\/ledlenser-magnetic-charge-cable-ih-mh-series-black-zip-lock\/","url":"https:\/\/xenonkungen.com\/produkt\/ledlenser-magnetic-charge-cable-ih-mh-series-black-zip-lock\/","name":"Ledlenser Magnetic Charge Cable iH\/MH Series Black Zip-lock - The Xenon King","isPartOf":{"@id":"https:\/\/xenonkungen.com\/#website"},"primaryImageOfPage":{"@id":"https:\/\/xenonkungen.com\/produkt\/ledlenser-magnetic-charge-cable-ih-mh-series-black-zip-lock\/#primaryimage"},"image":{"@id":"https:\/\/xenonkungen.com\/produkt\/ledlenser-magnetic-charge-cable-ih-mh-series-black-zip-lock\/#primaryimage"},"thumbnailUrl":"https:\/\/xenonkungen.com\/wp-content\/uploads\/2025\/10\/large-1.png","datePublished":"2025-10-10T13:15:58+00:00","dateModified":"2026-05-08T12:30:53+00:00","breadcrumb":{"@id":"https:\/\/xenonkungen.com\/produkt\/ledlenser-magnetic-charge-cable-ih-mh-series-black-zip-lock\/#breadcrumb"},"inLanguage":"en-GB","potentialAction":[{"@type":"ReadAction","target":["https:\/\/xenonkungen.com\/produkt\/ledlenser-magnetic-charge-cable-ih-mh-series-black-zip-lock\/"]}]},{"@type":"ImageObject","inLanguage":"en-GB","@id":"https:\/\/xenonkungen.com\/produkt\/ledlenser-magnetic-charge-cable-ih-mh-series-black-zip-lock\/#primaryimage","url":"https:\/\/xenonkungen.com\/wp-content\/uploads\/2025\/10\/large-1.png","contentUrl":"https:\/\/xenonkungen.com\/wp-content\/uploads\/2025\/10\/large-1.png","width":1024,"height":421},{"@type":"BreadcrumbList","@id":"https:\/\/xenonkungen.com\/produkt\/ledlenser-magnetic-charge-cable-ih-mh-series-black-zip-lock\/#breadcrumb","itemListElement":[{"@type":"ListItem","position":1,"name":"Hem","item":"https:\/\/xenonkungen.com\/"},{"@type":"ListItem","position":2,"name":"Shop","item":"https:\/\/xenonkungen.com\/shop\/"},{"@type":"ListItem","position":3,"name":"Ledlenser Magnetic Charge Cable iH\/MH Series Black Zip-lock"}]},{"@type":"WebSite","@id":"https:\/\/xenonkungen.com\/#website","url":"https:\/\/xenonkungen.com\/","name":"Xenonkungen","description":"","potentialAction":[{"@type":"SearchAction","target":{"@type":"EntryPoint","urlTemplate":"https:\/\/xenonkungen.com\/?s={search_term_string}"},"query-input":{"@type":"PropertyValueSpecification","valueRequired":true,"valueName":"search_term_string"}}],"inLanguage":"en-GB"}]}},"taxonomy_info":{"product_brand":[{"value":101,"label":"LEDLENSER"}],"product_cat":[{"value":1277,"label":"Pannlampor"}]},"featured_image_src_large":["https:\/\/xenonkungen.com\/wp-content\/uploads\/2025\/10\/large-1.png",1024,421,false],"author_info":[],"comment_info":1,"_links":{"self":[{"href":"https:\/\/xenonkungen.com\/en\/wp-json\/wp\/v2\/product\/15390","targetHints":{"allow":["GET"]}}],"collection":[{"href":"https:\/\/xenonkungen.com\/en\/wp-json\/wp\/v2\/product"}],"about":[{"href":"https:\/\/xenonkungen.com\/en\/wp-json\/wp\/v2\/types\/product"}],"replies":[{"embeddable":true,"href":"https:\/\/xenonkungen.com\/en\/wp-json\/wp\/v2\/comments?post=15390"}],"wp:featuredmedia":[{"embeddable":true,"href":"https:\/\/xenonkungen.com\/en\/wp-json\/wp\/v2\/media\/15395"}],"wp:attachment":[{"href":"https:\/\/xenonkungen.com\/en\/wp-json\/wp\/v2\/media?parent=15390"}],"wp:term":[{"taxonomy":"anvandningsomrade","embeddable":true,"href":"https:\/\/xenonkungen.com\/en\/wp-json\/wp\/v2\/anvandningsomrade?post=15390"},{"taxonomy":"bilmarken","embeddable":true,"href":"https:\/\/xenonkungen.com\/en\/wp-json\/wp\/v2\/bilmarken?post=15390"},{"taxonomy":"product_brand","embeddable":true,"href":"https:\/\/xenonkungen.com\/en\/wp-json\/wp\/v2\/product_brand?post=15390"},{"taxonomy":"product_cat","embeddable":true,"href":"https:\/\/xenonkungen.com\/en\/wp-json\/wp\/v2\/product_cat?post=15390"},{"taxonomy":"product_tag","embeddable":true,"href":"https:\/\/xenonkungen.com\/en\/wp-json\/wp\/v2\/product_tag?post=15390"}],"curies":[{"name":"wp","href":"https:\/\/api.w.org\/{rel}","templated":true}]}}