{"id":1546,"date":"2025-04-15T08:24:14","date_gmt":"2025-04-15T08:24:14","guid":{"rendered":"https:\/\/xenonkungen.com\/product\/emc-avstorningsfilter\/"},"modified":"2026-04-10T17:41:03","modified_gmt":"2026-04-10T16:41:03","slug":"emc-suppression-filter","status":"publish","type":"product","link":"https:\/\/xenonkungen.com\/en\/product\/emc-suppression-filter\/","title":{"rendered":"EMC Interference suppression filters"},"content":{"rendered":"<h1>Interference suppression filters for Xenon and LED lighting<\/h1>\n<p>When installing xenon conversion or LED auxiliary lights\/lead lights, less severe electromagnetic interference may occur, which may affect e.g. radio reception. To minimise this interference, the use of an interference suppression filter is recommended.<\/p>\n<p>This interference suppression filter connects between the ballast and\/or the 12V power cable, helping to reduce electromagnetic interference and ensure stable and interference-free operation of your lighting systems.<\/p>\n<p>Please note that this filter is not needed in most normal installation cases, but it can be retrofitted if needed in case of interference. It is a practical solution to ensure that your xenon or LED lights work optimally without interfering with other electronic systems in the vehicle.<\/p>\n<p>By using this interference suppression filter, you can ensure improved performance of your lighting systems while minimising the risk of electromagnetic interference. It is a recommended solution for those who experience problems with radio reception or other electronic interference associated with their lighting installations.<\/p>","protected":false},"excerpt":{"rendered":"<p>Avst\u00f6rningsfilter f\u00f6r Xenon och LED-belysning Vid installation av xenonkonvertering eller LED-extraljus\/ledramper kan lindrigare elektromagnetiska st\u00f6rningar uppst\u00e5, vilket kan p\u00e5verka t.ex. radiomottagning. F\u00f6r att minimera dessa st\u00f6rningar rekommenderas anv\u00e4ndning av ett avst\u00f6rningsfilter. Detta avst\u00f6rningsfilter ansluts mellan ballasten och\/eller 12V str\u00f6mkabeln, vilket hj\u00e4lper till att reducera elektromagnetiska st\u00f6rningar och s\u00e4kerst\u00e4lla en stabil och st\u00f6rningsfri drift av dina [&hellip;]<\/p>","protected":false},"featured_media":1547,"comment_status":"closed","ping_status":"closed","template":"","meta":{"_acf_changed":false,"_smort_price_nok":"61","_smort_price_dkk":"64","_smort_price_eur":"8.64","_smort_sale_price_nok":"61","_smort_sale_price_dkk":"","_smort_sale_price_eur":"5.18","smort_restorder":"","shipmondo_restorder":"","_kad_blocks_custom_css":"","_kad_blocks_head_custom_js":"","_kad_blocks_body_custom_js":"","_kad_blocks_footer_custom_js":"","smort_custom_pricelist_1":"60.8","smort_custom_pricelist_2":"53.2","smort_custom_pricelist_3":"50.54","smort_custom_pricelist_4":"76","smort_custom_pricelist_5":"53.2"},"anvandningsomrade":[],"bilmarken":[],"product_brand":[],"product_cat":[2487,390],"product_tag":[],"class_list":{"0":"post-1546","1":"product","2":"type-product","3":"status-publish","4":"has-post-thumbnail","6":"product_cat-canbus-installation","7":"product_cat-installation","8":"pa_lampsockel-kontakt-9006-hb4","9":"pa_volt-v-159","11":"first","12":"instock","13":"sale","14":"taxable","15":"shipping-taxable","16":"purchasable","17":"product-type-simple"},"bundled_by":[],"bundle_stock_status":"instock","bundle_stock_quantity":93,"bundle_virtual":false,"bundle_layout":"","bundle_add_to_cart_form_location":"","bundle_editable_in_cart":false,"bundle_sold_individually_context":"","bundle_item_grouping":"","bundle_min_size":"","bundle_max_size":"","bundle_price":[],"bundled_items":[],"bundle_sell_ids":[],"acf":[],"yoast_head":"<!-- This site is optimized with the Yoast SEO plugin v27.0 - https:\/\/yoast.com\/product\/yoast-seo-wordpress\/ -->\n<title>EMC Avst\u00f6rningsfilter - Xenonkungen<\/title>\n<meta name=\"robots\" content=\"index, follow, max-snippet:-1, max-image-preview:large, max-video-preview:-1\" \/>\n<link rel=\"canonical\" href=\"https:\/\/xenonkungen.com\/en\/product\/emc-suppression-filter\/\" \/>\n<meta property=\"og:locale\" content=\"en_GB\" \/>\n<meta property=\"og:type\" content=\"article\" \/>\n<meta property=\"og:title\" content=\"EMC Avst\u00f6rningsfilter - Xenonkungen\" \/>\n<meta property=\"og:description\" content=\"Avst\u00f6rningsfilter f\u00f6r Xenon och LED-belysning Vid installation av xenonkonvertering eller LED-extraljus\/ledramper kan lindrigare elektromagnetiska st\u00f6rningar uppst\u00e5, vilket kan p\u00e5verka t.ex. radiomottagning. F\u00f6r att minimera dessa st\u00f6rningar rekommenderas anv\u00e4ndning av ett avst\u00f6rningsfilter. Detta avst\u00f6rningsfilter ansluts mellan ballasten och\/eller 12V str\u00f6mkabeln, vilket hj\u00e4lper till att reducera elektromagnetiska st\u00f6rningar och s\u00e4kerst\u00e4lla en stabil och st\u00f6rningsfri drift av dina [&hellip;]\" \/>\n<meta property=\"og:url\" content=\"https:\/\/xenonkungen.com\/en\/product\/emc-suppression-filter\/\" \/>\n<meta property=\"og:site_name\" content=\"Xenonkungen\" \/>\n<meta property=\"article:modified_time\" content=\"2026-04-10T16:41:03+00:00\" \/>\n<meta property=\"og:image\" content=\"https:\/\/xenonkungen.com\/wp-content\/uploads\/2025\/04\/739193-origpic-61badb.png\" \/>\n\t<meta property=\"og:image:width\" content=\"1000\" \/>\n\t<meta property=\"og:image:height\" content=\"1000\" \/>\n\t<meta property=\"og:image:type\" content=\"image\/png\" \/>\n<meta name=\"twitter:card\" content=\"summary_large_image\" \/>\n<meta name=\"twitter:label1\" content=\"Estimated reading time\" \/>\n\t<meta name=\"twitter:data1\" content=\"1 minute\" \/>\n<script type=\"application\/ld+json\" class=\"yoast-schema-graph\">{\"@context\":\"https:\/\/schema.org\",\"@graph\":[{\"@type\":\"WebPage\",\"@id\":\"https:\/\/xenonkungen.com\/fi\/tuote\/emc-vaimennussuodatin\/\",\"url\":\"https:\/\/xenonkungen.com\/fi\/tuote\/emc-vaimennussuodatin\/\",\"name\":\"EMC Avst\u00f6rningsfilter - Xenonkungen\",\"isPartOf\":{\"@id\":\"https:\/\/xenonkungen.com\/#website\"},\"primaryImageOfPage\":{\"@id\":\"https:\/\/xenonkungen.com\/fi\/tuote\/emc-vaimennussuodatin\/#primaryimage\"},\"image\":{\"@id\":\"https:\/\/xenonkungen.com\/fi\/tuote\/emc-vaimennussuodatin\/#primaryimage\"},\"thumbnailUrl\":\"https:\/\/xenonkungen.com\/wp-content\/uploads\/2025\/04\/739193-origpic-61badb.png\",\"datePublished\":\"2025-04-15T08:24:14+00:00\",\"dateModified\":\"2026-04-10T16:41:03+00:00\",\"breadcrumb\":{\"@id\":\"https:\/\/xenonkungen.com\/fi\/tuote\/emc-vaimennussuodatin\/#breadcrumb\"},\"inLanguage\":\"en-GB\",\"potentialAction\":[{\"@type\":\"ReadAction\",\"target\":[\"https:\/\/xenonkungen.com\/fi\/tuote\/emc-vaimennussuodatin\/\"]}]},{\"@type\":\"ImageObject\",\"inLanguage\":\"en-GB\",\"@id\":\"https:\/\/xenonkungen.com\/fi\/tuote\/emc-vaimennussuodatin\/#primaryimage\",\"url\":\"https:\/\/xenonkungen.com\/wp-content\/uploads\/2025\/04\/739193-origpic-61badb.png\",\"contentUrl\":\"https:\/\/xenonkungen.com\/wp-content\/uploads\/2025\/04\/739193-origpic-61badb.png\",\"width\":1000,\"height\":1000},{\"@type\":\"BreadcrumbList\",\"@id\":\"https:\/\/xenonkungen.com\/fi\/tuote\/emc-vaimennussuodatin\/#breadcrumb\",\"itemListElement\":[{\"@type\":\"ListItem\",\"position\":1,\"name\":\"Hem\",\"item\":\"https:\/\/xenonkungen.com\/\"},{\"@type\":\"ListItem\",\"position\":2,\"name\":\"Shop\",\"item\":\"https:\/\/xenonkungen.com\/shop\/\"},{\"@type\":\"ListItem\",\"position\":3,\"name\":\"EMC Avst\u00f6rningsfilter\"}]},{\"@type\":\"WebSite\",\"@id\":\"https:\/\/xenonkungen.com\/#website\",\"url\":\"https:\/\/xenonkungen.com\/\",\"name\":\"Xenonkungen\",\"description\":\"\",\"potentialAction\":[{\"@type\":\"SearchAction\",\"target\":{\"@type\":\"EntryPoint\",\"urlTemplate\":\"https:\/\/xenonkungen.com\/?s={search_term_string}\"},\"query-input\":{\"@type\":\"PropertyValueSpecification\",\"valueRequired\":true,\"valueName\":\"search_term_string\"}}],\"inLanguage\":\"en-GB\"}]}<\/script>\n<!-- \/ Yoast SEO plugin. -->","yoast_head_json":{"title":"EMC Interference Filter - Xenonkungen","robots":{"index":"index","follow":"follow","max-snippet":"max-snippet:-1","max-image-preview":"max-image-preview:large","max-video-preview":"max-video-preview:-1"},"canonical":"https:\/\/xenonkungen.com\/en\/product\/emc-suppression-filter\/","og_locale":"en_GB","og_type":"article","og_title":"EMC Avst\u00f6rningsfilter - Xenonkungen","og_description":"Avst\u00f6rningsfilter f\u00f6r Xenon och LED-belysning Vid installation av xenonkonvertering eller LED-extraljus\/ledramper kan lindrigare elektromagnetiska st\u00f6rningar uppst\u00e5, vilket kan p\u00e5verka t.ex. radiomottagning. F\u00f6r att minimera dessa st\u00f6rningar rekommenderas anv\u00e4ndning av ett avst\u00f6rningsfilter. Detta avst\u00f6rningsfilter ansluts mellan ballasten och\/eller 12V str\u00f6mkabeln, vilket hj\u00e4lper till att reducera elektromagnetiska st\u00f6rningar och s\u00e4kerst\u00e4lla en stabil och st\u00f6rningsfri drift av dina [&hellip;]","og_url":"https:\/\/xenonkungen.com\/en\/product\/emc-suppression-filter\/","og_site_name":"Xenonkungen","article_modified_time":"2026-04-10T16:41:03+00:00","og_image":[{"width":1000,"height":1000,"url":"https:\/\/xenonkungen.com\/wp-content\/uploads\/2025\/04\/739193-origpic-61badb.png","type":"image\/png"}],"twitter_card":"summary_large_image","twitter_misc":{"Estimated reading time":"1 minute"},"schema":{"@context":"https:\/\/schema.org","@graph":[{"@type":"WebPage","@id":"https:\/\/xenonkungen.com\/fi\/tuote\/emc-vaimennussuodatin\/","url":"https:\/\/xenonkungen.com\/fi\/tuote\/emc-vaimennussuodatin\/","name":"EMC Interference Filter - Xenonkungen","isPartOf":{"@id":"https:\/\/xenonkungen.com\/#website"},"primaryImageOfPage":{"@id":"https:\/\/xenonkungen.com\/fi\/tuote\/emc-vaimennussuodatin\/#primaryimage"},"image":{"@id":"https:\/\/xenonkungen.com\/fi\/tuote\/emc-vaimennussuodatin\/#primaryimage"},"thumbnailUrl":"https:\/\/xenonkungen.com\/wp-content\/uploads\/2025\/04\/739193-origpic-61badb.png","datePublished":"2025-04-15T08:24:14+00:00","dateModified":"2026-04-10T16:41:03+00:00","breadcrumb":{"@id":"https:\/\/xenonkungen.com\/fi\/tuote\/emc-vaimennussuodatin\/#breadcrumb"},"inLanguage":"en-GB","potentialAction":[{"@type":"ReadAction","target":["https:\/\/xenonkungen.com\/fi\/tuote\/emc-vaimennussuodatin\/"]}]},{"@type":"ImageObject","inLanguage":"en-GB","@id":"https:\/\/xenonkungen.com\/fi\/tuote\/emc-vaimennussuodatin\/#primaryimage","url":"https:\/\/xenonkungen.com\/wp-content\/uploads\/2025\/04\/739193-origpic-61badb.png","contentUrl":"https:\/\/xenonkungen.com\/wp-content\/uploads\/2025\/04\/739193-origpic-61badb.png","width":1000,"height":1000},{"@type":"BreadcrumbList","@id":"https:\/\/xenonkungen.com\/fi\/tuote\/emc-vaimennussuodatin\/#breadcrumb","itemListElement":[{"@type":"ListItem","position":1,"name":"Hem","item":"https:\/\/xenonkungen.com\/"},{"@type":"ListItem","position":2,"name":"Shop","item":"https:\/\/xenonkungen.com\/shop\/"},{"@type":"ListItem","position":3,"name":"EMC Avst\u00f6rningsfilter"}]},{"@type":"WebSite","@id":"https:\/\/xenonkungen.com\/#website","url":"https:\/\/xenonkungen.com\/","name":"Xenonkungen","description":"","potentialAction":[{"@type":"SearchAction","target":{"@type":"EntryPoint","urlTemplate":"https:\/\/xenonkungen.com\/?s={search_term_string}"},"query-input":{"@type":"PropertyValueSpecification","valueRequired":true,"valueName":"search_term_string"}}],"inLanguage":"en-GB"}]}},"taxonomy_info":{"product_cat":[{"value":2487,"label":"Canbus"},{"value":390,"label":"Installation"}],"pa_lampsockel-kontakt":[{"value":326,"label":"9006 , HB4"}],"pa_volt-v":[{"value":159,"label":"12"}]},"featured_image_src_large":["https:\/\/xenonkungen.com\/wp-content\/uploads\/2025\/04\/739193-origpic-61badb.png",1000,1000,false],"author_info":[],"comment_info":0,"_links":{"self":[{"href":"https:\/\/xenonkungen.com\/en\/wp-json\/wp\/v2\/product\/1546","targetHints":{"allow":["GET"]}}],"collection":[{"href":"https:\/\/xenonkungen.com\/en\/wp-json\/wp\/v2\/product"}],"about":[{"href":"https:\/\/xenonkungen.com\/en\/wp-json\/wp\/v2\/types\/product"}],"replies":[{"embeddable":true,"href":"https:\/\/xenonkungen.com\/en\/wp-json\/wp\/v2\/comments?post=1546"}],"wp:featuredmedia":[{"embeddable":true,"href":"https:\/\/xenonkungen.com\/en\/wp-json\/wp\/v2\/media\/1547"}],"wp:attachment":[{"href":"https:\/\/xenonkungen.com\/en\/wp-json\/wp\/v2\/media?parent=1546"}],"wp:term":[{"taxonomy":"anvandningsomrade","embeddable":true,"href":"https:\/\/xenonkungen.com\/en\/wp-json\/wp\/v2\/anvandningsomrade?post=1546"},{"taxonomy":"bilmarken","embeddable":true,"href":"https:\/\/xenonkungen.com\/en\/wp-json\/wp\/v2\/bilmarken?post=1546"},{"taxonomy":"product_brand","embeddable":true,"href":"https:\/\/xenonkungen.com\/en\/wp-json\/wp\/v2\/product_brand?post=1546"},{"taxonomy":"product_cat","embeddable":true,"href":"https:\/\/xenonkungen.com\/en\/wp-json\/wp\/v2\/product_cat?post=1546"},{"taxonomy":"product_tag","embeddable":true,"href":"https:\/\/xenonkungen.com\/en\/wp-json\/wp\/v2\/product_tag?post=1546"}],"curies":[{"name":"wp","href":"https:\/\/api.w.org\/{rel}","templated":true}]}}