{"id":15587,"date":"2025-10-14T08:00:29","date_gmt":"2025-10-14T08:00:29","guid":{"rendered":"https:\/\/xenonkungen.com\/?post_type=product&#038;p=15587"},"modified":"2026-04-24T16:32:41","modified_gmt":"2026-04-24T15:32:41","slug":"xk-ballast-31427776-volvo","status":"publish","type":"product","link":"https:\/\/xenonkungen.com\/en\/product\/xk-ballast-31427776-volvo\/","title":{"rendered":"XK Ballast | Volvo | 31427776"},"content":{"rendered":"<h2 data-start=\"57\" data-end=\"191\"><strong data-start=\"57\" data-end=\"136\">FULL LED Headlight Light Control Unit<br \/>\n<\/strong><strong style=\"font-size: 16px;\" data-start=\"57\" data-end=\"136\">VOLVO 31427776 AED1J HIGH 07 E4 03 PBL31427778 AF 1725600798 A2-C751-7490.2<\/strong><\/h2>\n<p data-start=\"57\" data-end=\"191\">Controller \/ Module \/ Insert \/ Computer \/ Ballast \/ ECU<\/p>\n<p data-start=\"193\" data-end=\"246\"><strong data-start=\"193\" data-end=\"219\">Location on the vehicle:<\/strong> Left or right side<\/p>\n<p>12VDC.<\/p>\n<p>In its original version, this article is used in the following cars\/models, among others:<\/p>\n<ul data-start=\"295\" data-end=\"497\">\n<li data-start=\"295\" data-end=\"348\">\n<p data-start=\"297\" data-end=\"348\"><strong data-start=\"297\" data-end=\"310\">S60 \/ V60<\/strong> 2018 - .. with FULL LED headlights<\/p>\n<\/li>\n<li data-start=\"349\" data-end=\"376\">\n<p data-start=\"351\" data-end=\"376\"><strong data-start=\"351\" data-end=\"364\">S90 \/ V90<\/strong> 2016 - ..<\/p>\n<\/li>\n<li data-start=\"377\" data-end=\"425\">\n<p data-start=\"379\" data-end=\"425\"><strong data-start=\"379\" data-end=\"387\">XC40<\/strong> 2017 - .. with FULL LED headlights<\/p>\n<\/li>\n<li data-start=\"426\" data-end=\"474\">\n<p data-start=\"428\" data-end=\"474\"><strong data-start=\"428\" data-end=\"436\">XC60<\/strong> 2017 - .. with FULL LED headlights<\/p>\n<\/li>\n<li data-start=\"475\" data-end=\"497\">\n<p data-start=\"477\" data-end=\"497\"><strong data-start=\"477\" data-end=\"485\">XC90<\/strong> 2015 - ..<\/p>\n<\/li>\n<\/ul>\n<p data-start=\"499\" data-end=\"581\"><strong data-start=\"499\" data-end=\"526\">Volvo module product type:<\/strong><br data-start=\"526\" data-end=\"529\" \/>Volvo 31427776 FULL LED headlight light control unit<\/p>\n<p data-start=\"499\" data-end=\"581\"><strong>Good to know<\/strong><br \/>\nThis type of replica of original products is available on the market. The most common feature of originals and copies is the outer casing. What distinguishes them is the components, programming and quality.<br \/>\nAnd this also applies between different manufacturers of replicas.<br \/>\nWhile the original is fully functional for all listed vehicles, some copies may be limited in functionality for individual makes or models depending on, among other things, the manufacturer's technical knowledge and ambition.<br \/>\nOur XK ballasts are more expensive to purchase and therefore generally better than cheaper alternatives. \u2013 Which ones by all means <strong>2 year guarantee<\/strong> may also be priced higher by a competitor.<\/p>","protected":false},"excerpt":{"rendered":"<p>FULL LED Headlight Light Control Unit VOLVO 31427776 AED1J HIGH 07 E4 03 PBL31427778 AF 1725600798 A2-C751-7490.2 Styrenhet \/ Modul \/ Insats \/ Dator \/ Ballast \/ ECU Placering p\u00e5 fordonet: V\u00e4nster eller h\u00f6ger sida 12VDC. I original utf\u00f6rande f\u00f6rekommer denna artikel i bl.a. f\u00f6ljande bilar\/modeller: S60 \/ V60 2018 \u2013 .. med FULL LED-str\u00e5lkastare [&hellip;]<\/p>","protected":false},"featured_media":15590,"comment_status":"open","ping_status":"closed","template":"","meta":{"_acf_changed":false,"_smort_price_nok":"1917","_smort_price_dkk":"1218","_smort_price_eur":"163.17","_smort_sale_price_nok":"","_smort_sale_price_dkk":"","_smort_sale_price_eur":"","smort_restorder":"","shipmondo_restorder":"","_kad_blocks_custom_css":"","_kad_blocks_head_custom_js":"","_kad_blocks_body_custom_js":"","_kad_blocks_footer_custom_js":"","smort_custom_pricelist_1":"1148.8","smort_custom_pricelist_2":"1005.2","smort_custom_pricelist_3":"933.4","smort_custom_pricelist_4":"1436","smort_custom_pricelist_5":"1005.2"},"anvandningsomrade":[],"bilmarken":[169,588,596,599,639,2768,602,601],"product_brand":[],"product_cat":[2484,789,733],"product_tag":[],"class_list":{"0":"post-15587","1":"product","2":"type-product","3":"status-publish","4":"has-post-thumbnail","6":"bilmarken-volvo","7":"bilmarken-volvo-s60","8":"bilmarken-volvo-s90","9":"bilmarken-volvo-v60","10":"bilmarken-volvo-v90","11":"bilmarken-volvo-xc40","12":"bilmarken-volvo-xc60","13":"bilmarken-volvo-xc90","14":"product_cat-ballast-halvljus-helljus","15":"product_cat-ballast","16":"product_cat-halvljus-helljus","17":"pa_volt-v-159","19":"first","20":"instock","21":"taxable","22":"shipping-taxable","23":"purchasable","24":"product-type-simple"},"bundled_by":[],"bundle_stock_status":"instock","bundle_stock_quantity":9,"bundle_virtual":false,"bundle_layout":"","bundle_add_to_cart_form_location":"","bundle_editable_in_cart":false,"bundle_sold_individually_context":"","bundle_item_grouping":"","bundle_min_size":"","bundle_max_size":"","bundle_price":[],"bundled_items":[],"bundle_sell_ids":[],"acf":[],"yoast_head":"<!-- This site is optimized with the Yoast SEO plugin v27.0 - https:\/\/yoast.com\/product\/yoast-seo-wordpress\/ -->\n<title>XK Ballast | Volvo | 31427776 - Xenonkungen<\/title>\n<meta name=\"robots\" content=\"index, follow, max-snippet:-1, max-image-preview:large, max-video-preview:-1\" \/>\n<link rel=\"canonical\" href=\"http:\/\/xenonkungen.com\/en\/product\/xk-ballast-31427776-volvo\/\" \/>\n<meta property=\"og:locale\" content=\"en_GB\" \/>\n<meta property=\"og:type\" content=\"article\" \/>\n<meta property=\"og:title\" content=\"XK Ballast | Volvo | 31427776 - Xenonkungen\" \/>\n<meta property=\"og:description\" content=\"FULL LED Headlight Light Control Unit VOLVO 31427776 AED1J HIGH 07 E4 03 PBL31427778 AF 1725600798 A2-C751-7490.2 Styrenhet \/ Modul \/ Insats \/ Dator \/ Ballast \/ ECU Placering p\u00e5 fordonet: V\u00e4nster eller h\u00f6ger sida 12VDC. I original utf\u00f6rande f\u00f6rekommer denna artikel i bl.a. f\u00f6ljande bilar\/modeller: S60 \/ V60 2018 \u2013 .. med FULL LED-str\u00e5lkastare [&hellip;]\" \/>\n<meta property=\"og:url\" content=\"http:\/\/xenonkungen.com\/en\/product\/xk-ballast-31427776-volvo\/\" \/>\n<meta property=\"og:site_name\" content=\"Xenonkungen\" \/>\n<meta property=\"article:modified_time\" content=\"2026-04-24T15:32:41+00:00\" \/>\n<meta property=\"og:image\" content=\"https:\/\/xenonkungen.com\/wp-content\/uploads\/2025\/10\/TPS-V01-XK259464-2000px-PNNG-1024x905.png\" \/>\n\t<meta property=\"og:image:width\" content=\"1024\" \/>\n\t<meta property=\"og:image:height\" content=\"905\" \/>\n\t<meta property=\"og:image:type\" content=\"image\/png\" \/>\n<meta name=\"twitter:card\" content=\"summary_large_image\" \/>\n<meta name=\"twitter:label1\" content=\"Estimated reading time\" \/>\n\t<meta name=\"twitter:data1\" content=\"2 minutes\" \/>\n<script type=\"application\/ld+json\" class=\"yoast-schema-graph\">{\"@context\":\"https:\/\/schema.org\",\"@graph\":[{\"@type\":\"WebPage\",\"@id\":\"http:\/\/xenonkungen.com\/en\/product\/xk-ballast-31427776-volvo\/\",\"url\":\"http:\/\/xenonkungen.com\/en\/product\/xk-ballast-31427776-volvo\/\",\"name\":\"XK Ballast | Volvo | 31427776 - Xenonkungen\",\"isPartOf\":{\"@id\":\"https:\/\/xenonkungen.com\/#website\"},\"primaryImageOfPage\":{\"@id\":\"http:\/\/xenonkungen.com\/en\/product\/xk-ballast-31427776-volvo\/#primaryimage\"},\"image\":{\"@id\":\"http:\/\/xenonkungen.com\/en\/product\/xk-ballast-31427776-volvo\/#primaryimage\"},\"thumbnailUrl\":\"https:\/\/xenonkungen.com\/wp-content\/uploads\/2025\/10\/TPS-V01-XK259464-2000px-PNNG.png\",\"datePublished\":\"2025-10-14T08:00:29+00:00\",\"dateModified\":\"2026-04-24T15:32:41+00:00\",\"breadcrumb\":{\"@id\":\"http:\/\/xenonkungen.com\/en\/product\/xk-ballast-31427776-volvo\/#breadcrumb\"},\"inLanguage\":\"en-GB\",\"potentialAction\":[{\"@type\":\"ReadAction\",\"target\":[\"http:\/\/xenonkungen.com\/en\/product\/xk-ballast-31427776-volvo\/\"]}]},{\"@type\":\"ImageObject\",\"inLanguage\":\"en-GB\",\"@id\":\"http:\/\/xenonkungen.com\/en\/product\/xk-ballast-31427776-volvo\/#primaryimage\",\"url\":\"https:\/\/xenonkungen.com\/wp-content\/uploads\/2025\/10\/TPS-V01-XK259464-2000px-PNNG.png\",\"contentUrl\":\"https:\/\/xenonkungen.com\/wp-content\/uploads\/2025\/10\/TPS-V01-XK259464-2000px-PNNG.png\",\"width\":2200,\"height\":1945},{\"@type\":\"BreadcrumbList\",\"@id\":\"http:\/\/xenonkungen.com\/en\/product\/xk-ballast-31427776-volvo\/#breadcrumb\",\"itemListElement\":[{\"@type\":\"ListItem\",\"position\":1,\"name\":\"Hem\",\"item\":\"https:\/\/xenonkungen.com\/\"},{\"@type\":\"ListItem\",\"position\":2,\"name\":\"Shop\",\"item\":\"https:\/\/xenonkungen.com\/shop\/\"},{\"@type\":\"ListItem\",\"position\":3,\"name\":\"XK Ballast | Volvo | 31427776\"}]},{\"@type\":\"WebSite\",\"@id\":\"https:\/\/xenonkungen.com\/#website\",\"url\":\"https:\/\/xenonkungen.com\/\",\"name\":\"Xenonkungen\",\"description\":\"\",\"potentialAction\":[{\"@type\":\"SearchAction\",\"target\":{\"@type\":\"EntryPoint\",\"urlTemplate\":\"https:\/\/xenonkungen.com\/?s={search_term_string}\"},\"query-input\":{\"@type\":\"PropertyValueSpecification\",\"valueRequired\":true,\"valueName\":\"search_term_string\"}}],\"inLanguage\":\"en-GB\"}]}<\/script>\n<!-- \/ Yoast SEO plugin. -->","yoast_head_json":{"title":"XK Ballast | Volvo | 31427776 - Xenon King","robots":{"index":"index","follow":"follow","max-snippet":"max-snippet:-1","max-image-preview":"max-image-preview:large","max-video-preview":"max-video-preview:-1"},"canonical":"http:\/\/xenonkungen.com\/en\/product\/xk-ballast-31427776-volvo\/","og_locale":"en_GB","og_type":"article","og_title":"XK Ballast | Volvo | 31427776 - Xenonkungen","og_description":"FULL LED Headlight Light Control Unit VOLVO 31427776 AED1J HIGH 07 E4 03 PBL31427778 AF 1725600798 A2-C751-7490.2 Styrenhet \/ Modul \/ Insats \/ Dator \/ Ballast \/ ECU Placering p\u00e5 fordonet: V\u00e4nster eller h\u00f6ger sida 12VDC. I original utf\u00f6rande f\u00f6rekommer denna artikel i bl.a. f\u00f6ljande bilar\/modeller: S60 \/ V60 2018 \u2013 .. med FULL LED-str\u00e5lkastare [&hellip;]","og_url":"http:\/\/xenonkungen.com\/en\/product\/xk-ballast-31427776-volvo\/","og_site_name":"Xenonkungen","article_modified_time":"2026-04-24T15:32:41+00:00","og_image":[{"width":1024,"height":905,"url":"https:\/\/xenonkungen.com\/wp-content\/uploads\/2025\/10\/TPS-V01-XK259464-2000px-PNNG-1024x905.png","type":"image\/png"}],"twitter_card":"summary_large_image","twitter_misc":{"Estimated reading time":"2 minutes"},"schema":{"@context":"https:\/\/schema.org","@graph":[{"@type":"WebPage","@id":"http:\/\/xenonkungen.com\/en\/product\/xk-ballast-31427776-volvo\/","url":"http:\/\/xenonkungen.com\/en\/product\/xk-ballast-31427776-volvo\/","name":"XK Ballast | Volvo | 31427776 - Xenon King","isPartOf":{"@id":"https:\/\/xenonkungen.com\/#website"},"primaryImageOfPage":{"@id":"http:\/\/xenonkungen.com\/en\/product\/xk-ballast-31427776-volvo\/#primaryimage"},"image":{"@id":"http:\/\/xenonkungen.com\/en\/product\/xk-ballast-31427776-volvo\/#primaryimage"},"thumbnailUrl":"https:\/\/xenonkungen.com\/wp-content\/uploads\/2025\/10\/TPS-V01-XK259464-2000px-PNNG.png","datePublished":"2025-10-14T08:00:29+00:00","dateModified":"2026-04-24T15:32:41+00:00","breadcrumb":{"@id":"http:\/\/xenonkungen.com\/en\/product\/xk-ballast-31427776-volvo\/#breadcrumb"},"inLanguage":"en-GB","potentialAction":[{"@type":"ReadAction","target":["http:\/\/xenonkungen.com\/en\/product\/xk-ballast-31427776-volvo\/"]}]},{"@type":"ImageObject","inLanguage":"en-GB","@id":"http:\/\/xenonkungen.com\/en\/product\/xk-ballast-31427776-volvo\/#primaryimage","url":"https:\/\/xenonkungen.com\/wp-content\/uploads\/2025\/10\/TPS-V01-XK259464-2000px-PNNG.png","contentUrl":"https:\/\/xenonkungen.com\/wp-content\/uploads\/2025\/10\/TPS-V01-XK259464-2000px-PNNG.png","width":2200,"height":1945},{"@type":"BreadcrumbList","@id":"http:\/\/xenonkungen.com\/en\/product\/xk-ballast-31427776-volvo\/#breadcrumb","itemListElement":[{"@type":"ListItem","position":1,"name":"Hem","item":"https:\/\/xenonkungen.com\/"},{"@type":"ListItem","position":2,"name":"Shop","item":"https:\/\/xenonkungen.com\/shop\/"},{"@type":"ListItem","position":3,"name":"XK Ballast | Volvo | 31427776"}]},{"@type":"WebSite","@id":"https:\/\/xenonkungen.com\/#website","url":"https:\/\/xenonkungen.com\/","name":"Xenonkungen","description":"","potentialAction":[{"@type":"SearchAction","target":{"@type":"EntryPoint","urlTemplate":"https:\/\/xenonkungen.com\/?s={search_term_string}"},"query-input":{"@type":"PropertyValueSpecification","valueRequired":true,"valueName":"search_term_string"}}],"inLanguage":"en-GB"}]}},"taxonomy_info":{"bilmarken":[{"value":169,"label":"volvo"},{"value":588,"label":"Volvo S60"},{"value":596,"label":"Volvo S90"},{"value":599,"label":"Volvo V60"},{"value":639,"label":"Volvo V90"},{"value":2768,"label":"Volvo XC40"},{"value":602,"label":"Volvo XC60"},{"value":601,"label":"Volvo XC90"}],"product_cat":[{"value":2484,"label":"Ballast"},{"value":789,"label":"Ballast"},{"value":733,"label":"Halvljus \/ Helljus"}],"pa_volt-v":[{"value":159,"label":"12"}]},"featured_image_src_large":["https:\/\/xenonkungen.com\/wp-content\/uploads\/2025\/10\/TPS-V01-XK259464-2000px-PNNG-1024x905.png",1024,905,true],"author_info":[],"comment_info":0,"_links":{"self":[{"href":"https:\/\/xenonkungen.com\/en\/wp-json\/wp\/v2\/product\/15587","targetHints":{"allow":["GET"]}}],"collection":[{"href":"https:\/\/xenonkungen.com\/en\/wp-json\/wp\/v2\/product"}],"about":[{"href":"https:\/\/xenonkungen.com\/en\/wp-json\/wp\/v2\/types\/product"}],"replies":[{"embeddable":true,"href":"https:\/\/xenonkungen.com\/en\/wp-json\/wp\/v2\/comments?post=15587"}],"wp:featuredmedia":[{"embeddable":true,"href":"https:\/\/xenonkungen.com\/en\/wp-json\/wp\/v2\/media\/15590"}],"wp:attachment":[{"href":"https:\/\/xenonkungen.com\/en\/wp-json\/wp\/v2\/media?parent=15587"}],"wp:term":[{"taxonomy":"anvandningsomrade","embeddable":true,"href":"https:\/\/xenonkungen.com\/en\/wp-json\/wp\/v2\/anvandningsomrade?post=15587"},{"taxonomy":"bilmarken","embeddable":true,"href":"https:\/\/xenonkungen.com\/en\/wp-json\/wp\/v2\/bilmarken?post=15587"},{"taxonomy":"product_brand","embeddable":true,"href":"https:\/\/xenonkungen.com\/en\/wp-json\/wp\/v2\/product_brand?post=15587"},{"taxonomy":"product_cat","embeddable":true,"href":"https:\/\/xenonkungen.com\/en\/wp-json\/wp\/v2\/product_cat?post=15587"},{"taxonomy":"product_tag","embeddable":true,"href":"https:\/\/xenonkungen.com\/en\/wp-json\/wp\/v2\/product_tag?post=15587"}],"curies":[{"name":"wp","href":"https:\/\/api.w.org\/{rel}","templated":true}]}}