{"id":15594,"date":"2025-10-14T08:15:57","date_gmt":"2025-10-14T08:15:57","guid":{"rendered":"https:\/\/xenonkungen.com\/?post_type=product&#038;p=15594"},"modified":"2026-04-24T16:32:42","modified_gmt":"2026-04-24T15:32:42","slug":"xk-ballast-31427787-volvo","status":"publish","type":"product","link":"https:\/\/xenonkungen.com\/en\/product\/xk-ballast-31427787-volvo\/","title":{"rendered":"XK Ballast | Volvo | 31427787"},"content":{"rendered":"<p data-start=\"59\" data-end=\"113\"><strong data-start=\"59\" data-end=\"113\">Volvo 31427787 FULL LED headlight light control unit<\/strong><\/p>\n<p data-start=\"115\" data-end=\"233\"><strong data-start=\"115\" data-end=\"178\">VOLVO 31427787 AED1J MID 07 E4.03 PBL31427787 AF 1813104006<\/strong><br data-start=\"178\" data-end=\"181\" \/>Controller \/ Module \/ Insert \/ Computer \/ Ballast \/ ECU<\/p>\n<p data-start=\"235\" data-end=\"288\"><strong data-start=\"235\" data-end=\"261\">Location on the vehicle:<\/strong> Left or right side<\/p>\n<p data-start=\"290\" data-end=\"333\"><strong data-start=\"290\" data-end=\"320\">Volvo module part number:<\/strong><br data-start=\"320\" data-end=\"323\" \/>31427787<\/p>\n<p data-start=\"290\" data-end=\"333\">In its original version, this article is used in the following cars\/models, among others:<\/p>\n<ul data-start=\"382\" data-end=\"521\">\n<li data-start=\"382\" data-end=\"431\">\n<p data-start=\"384\" data-end=\"431\"><strong data-start=\"384\" data-end=\"397\">S60 \/ V60<\/strong> 2018 - with LED MID headlights<\/p>\n<\/li>\n<li data-start=\"432\" data-end=\"476\">\n<p data-start=\"434\" data-end=\"476\"><strong data-start=\"434\" data-end=\"442\">XC40<\/strong> 2017 - with LED MID headlights<\/p>\n<\/li>\n<li data-start=\"477\" data-end=\"521\">\n<p data-start=\"479\" data-end=\"521\"><strong data-start=\"479\" data-end=\"487\">XC60<\/strong> 2017 - with LED MID headlights<\/p>\n<\/li>\n<\/ul>\n<p data-start=\"523\" data-end=\"605\"><strong data-start=\"523\" data-end=\"550\">Volvo module product type:<\/strong><br data-start=\"550\" data-end=\"553\" \/>Volvo 31427787 FULL LED headlight light control unit<\/p>\n<p><strong>2 year guarantee<\/strong><\/p>\n<p><strong>Good to know<\/strong><br \/>\nThis type of replica of original products is available on the market. The most common feature of originals and copies is the outer casing. What distinguishes them is the components, programming and quality.<br \/>\nAnd this also applies between different manufacturers of replicas.<br \/>\nWhile the original is fully functional for all listed vehicles, some copies may be limited in functionality for individual makes or models depending on, among other things, the manufacturer's technical knowledge and ambition.<br \/>\nOur XK ballasts are more expensive to buy and therefore generally better than cheaper alternatives - which, by the way, may also be priced higher by competitors.<\/p>","protected":false},"excerpt":{"rendered":"<p><b>Original replacement<\/b> <b>High quality<\/b> <b>Fits many different car models<\/b> <b>2 year guarantee<\/b><\/p>","protected":false},"featured_media":15600,"comment_status":"open","ping_status":"closed","template":"","meta":{"_acf_changed":false,"_smort_price_nok":"1917","_smort_price_dkk":"1218","_smort_price_eur":"163.17","_smort_sale_price_nok":"","_smort_sale_price_dkk":"","_smort_sale_price_eur":"","smort_restorder":"","shipmondo_restorder":"","_kad_blocks_custom_css":"","_kad_blocks_head_custom_js":"","_kad_blocks_body_custom_js":"","_kad_blocks_footer_custom_js":"","smort_custom_pricelist_1":"1148.8","smort_custom_pricelist_2":"1005.2","smort_custom_pricelist_3":"933.4","smort_custom_pricelist_4":"1436","smort_custom_pricelist_5":"1005.2"},"anvandningsomrade":[],"bilmarken":[169,588,599,2768,602],"product_brand":[],"product_cat":[2484,789,733],"product_tag":[],"class_list":{"0":"post-15594","1":"product","2":"type-product","3":"status-publish","4":"has-post-thumbnail","6":"bilmarken-volvo","7":"bilmarken-volvo-s60","8":"bilmarken-volvo-v60","9":"bilmarken-volvo-xc40","10":"bilmarken-volvo-xc60","11":"product_cat-ballast-halvljus-helljus","12":"product_cat-ballast","13":"product_cat-halvljus-helljus","14":"pa_volt-v-159","16":"first","17":"instock","18":"taxable","19":"shipping-taxable","20":"purchasable","21":"product-type-simple"},"bundled_by":[],"bundle_stock_status":"instock","bundle_stock_quantity":10,"bundle_virtual":false,"bundle_layout":"","bundle_add_to_cart_form_location":"","bundle_editable_in_cart":false,"bundle_sold_individually_context":"","bundle_item_grouping":"","bundle_min_size":"","bundle_max_size":"","bundle_price":[],"bundled_items":[],"bundle_sell_ids":[],"acf":[],"yoast_head":"<!-- This site is optimized with the Yoast SEO plugin v27.0 - https:\/\/yoast.com\/product\/yoast-seo-wordpress\/ -->\n<title>XK Ballast | Volvo | 31427787 - Xenonkungen<\/title>\n<meta name=\"robots\" content=\"index, follow, max-snippet:-1, max-image-preview:large, max-video-preview:-1\" \/>\n<link rel=\"canonical\" href=\"https:\/\/xenonkungen.com\/en\/product\/xk-ballast-31427787-volvo\/\" \/>\n<meta property=\"og:locale\" content=\"en_GB\" \/>\n<meta property=\"og:type\" content=\"article\" \/>\n<meta property=\"og:title\" content=\"XK Ballast | Volvo | 31427787 - Xenonkungen\" \/>\n<meta property=\"og:description\" content=\"Orginalers\u00e4ttning H\u00f6g kvalitet Passar m\u00e5nga olika bilmodeller 2 \u00e5rs garanti\" \/>\n<meta property=\"og:url\" content=\"https:\/\/xenonkungen.com\/en\/product\/xk-ballast-31427787-volvo\/\" \/>\n<meta property=\"og:site_name\" content=\"Xenonkungen\" \/>\n<meta property=\"article:modified_time\" content=\"2026-04-24T15:32:42+00:00\" \/>\n<meta property=\"og:image\" content=\"https:\/\/xenonkungen.com\/wp-content\/uploads\/2025\/10\/TPS-V02-XK259509-2000px-PNNG-1024x814.png\" \/>\n\t<meta property=\"og:image:width\" content=\"1024\" \/>\n\t<meta property=\"og:image:height\" content=\"814\" \/>\n\t<meta property=\"og:image:type\" content=\"image\/png\" \/>\n<meta name=\"twitter:card\" content=\"summary_large_image\" \/>\n<meta name=\"twitter:label1\" content=\"Estimated reading time\" \/>\n\t<meta name=\"twitter:data1\" content=\"2 minutes\" \/>\n<script type=\"application\/ld+json\" class=\"yoast-schema-graph\">{\"@context\":\"https:\/\/schema.org\",\"@graph\":[{\"@type\":\"WebPage\",\"@id\":\"https:\/\/xenonkungen.com\/fi\/tuote\/xk-ballast-31427787-volvo\/\",\"url\":\"https:\/\/xenonkungen.com\/fi\/tuote\/xk-ballast-31427787-volvo\/\",\"name\":\"XK Ballast | Volvo | 31427787 - Xenonkungen\",\"isPartOf\":{\"@id\":\"https:\/\/xenonkungen.com\/#website\"},\"primaryImageOfPage\":{\"@id\":\"https:\/\/xenonkungen.com\/fi\/tuote\/xk-ballast-31427787-volvo\/#primaryimage\"},\"image\":{\"@id\":\"https:\/\/xenonkungen.com\/fi\/tuote\/xk-ballast-31427787-volvo\/#primaryimage\"},\"thumbnailUrl\":\"https:\/\/xenonkungen.com\/wp-content\/uploads\/2025\/10\/TPS-V02-XK259509-2000px-PNNG.png\",\"datePublished\":\"2025-10-14T08:15:57+00:00\",\"dateModified\":\"2026-04-24T15:32:42+00:00\",\"breadcrumb\":{\"@id\":\"https:\/\/xenonkungen.com\/fi\/tuote\/xk-ballast-31427787-volvo\/#breadcrumb\"},\"inLanguage\":\"en-GB\",\"potentialAction\":[{\"@type\":\"ReadAction\",\"target\":[\"https:\/\/xenonkungen.com\/fi\/tuote\/xk-ballast-31427787-volvo\/\"]}]},{\"@type\":\"ImageObject\",\"inLanguage\":\"en-GB\",\"@id\":\"https:\/\/xenonkungen.com\/fi\/tuote\/xk-ballast-31427787-volvo\/#primaryimage\",\"url\":\"https:\/\/xenonkungen.com\/wp-content\/uploads\/2025\/10\/TPS-V02-XK259509-2000px-PNNG.png\",\"contentUrl\":\"https:\/\/xenonkungen.com\/wp-content\/uploads\/2025\/10\/TPS-V02-XK259509-2000px-PNNG.png\",\"width\":2200,\"height\":1748},{\"@type\":\"BreadcrumbList\",\"@id\":\"https:\/\/xenonkungen.com\/fi\/tuote\/xk-ballast-31427787-volvo\/#breadcrumb\",\"itemListElement\":[{\"@type\":\"ListItem\",\"position\":1,\"name\":\"Hem\",\"item\":\"https:\/\/xenonkungen.com\/\"},{\"@type\":\"ListItem\",\"position\":2,\"name\":\"Shop\",\"item\":\"https:\/\/xenonkungen.com\/shop\/\"},{\"@type\":\"ListItem\",\"position\":3,\"name\":\"XK Ballast | Volvo | 31427787\"}]},{\"@type\":\"WebSite\",\"@id\":\"https:\/\/xenonkungen.com\/#website\",\"url\":\"https:\/\/xenonkungen.com\/\",\"name\":\"Xenonkungen\",\"description\":\"\",\"potentialAction\":[{\"@type\":\"SearchAction\",\"target\":{\"@type\":\"EntryPoint\",\"urlTemplate\":\"https:\/\/xenonkungen.com\/?s={search_term_string}\"},\"query-input\":{\"@type\":\"PropertyValueSpecification\",\"valueRequired\":true,\"valueName\":\"search_term_string\"}}],\"inLanguage\":\"en-GB\"}]}<\/script>\n<!-- \/ Yoast SEO plugin. -->","yoast_head_json":{"title":"XK Ballast | Volvo | 31427787 - Xenon King","robots":{"index":"index","follow":"follow","max-snippet":"max-snippet:-1","max-image-preview":"max-image-preview:large","max-video-preview":"max-video-preview:-1"},"canonical":"https:\/\/xenonkungen.com\/en\/product\/xk-ballast-31427787-volvo\/","og_locale":"en_GB","og_type":"article","og_title":"XK Ballast | Volvo | 31427787 - Xenonkungen","og_description":"Orginalers\u00e4ttning H\u00f6g kvalitet Passar m\u00e5nga olika bilmodeller 2 \u00e5rs garanti","og_url":"https:\/\/xenonkungen.com\/en\/product\/xk-ballast-31427787-volvo\/","og_site_name":"Xenonkungen","article_modified_time":"2026-04-24T15:32:42+00:00","og_image":[{"width":1024,"height":814,"url":"https:\/\/xenonkungen.com\/wp-content\/uploads\/2025\/10\/TPS-V02-XK259509-2000px-PNNG-1024x814.png","type":"image\/png"}],"twitter_card":"summary_large_image","twitter_misc":{"Estimated reading time":"2 minutes"},"schema":{"@context":"https:\/\/schema.org","@graph":[{"@type":"WebPage","@id":"https:\/\/xenonkungen.com\/fi\/tuote\/xk-ballast-31427787-volvo\/","url":"https:\/\/xenonkungen.com\/fi\/tuote\/xk-ballast-31427787-volvo\/","name":"XK Ballast | Volvo | 31427787 - Xenon King","isPartOf":{"@id":"https:\/\/xenonkungen.com\/#website"},"primaryImageOfPage":{"@id":"https:\/\/xenonkungen.com\/fi\/tuote\/xk-ballast-31427787-volvo\/#primaryimage"},"image":{"@id":"https:\/\/xenonkungen.com\/fi\/tuote\/xk-ballast-31427787-volvo\/#primaryimage"},"thumbnailUrl":"https:\/\/xenonkungen.com\/wp-content\/uploads\/2025\/10\/TPS-V02-XK259509-2000px-PNNG.png","datePublished":"2025-10-14T08:15:57+00:00","dateModified":"2026-04-24T15:32:42+00:00","breadcrumb":{"@id":"https:\/\/xenonkungen.com\/fi\/tuote\/xk-ballast-31427787-volvo\/#breadcrumb"},"inLanguage":"en-GB","potentialAction":[{"@type":"ReadAction","target":["https:\/\/xenonkungen.com\/fi\/tuote\/xk-ballast-31427787-volvo\/"]}]},{"@type":"ImageObject","inLanguage":"en-GB","@id":"https:\/\/xenonkungen.com\/fi\/tuote\/xk-ballast-31427787-volvo\/#primaryimage","url":"https:\/\/xenonkungen.com\/wp-content\/uploads\/2025\/10\/TPS-V02-XK259509-2000px-PNNG.png","contentUrl":"https:\/\/xenonkungen.com\/wp-content\/uploads\/2025\/10\/TPS-V02-XK259509-2000px-PNNG.png","width":2200,"height":1748},{"@type":"BreadcrumbList","@id":"https:\/\/xenonkungen.com\/fi\/tuote\/xk-ballast-31427787-volvo\/#breadcrumb","itemListElement":[{"@type":"ListItem","position":1,"name":"Hem","item":"https:\/\/xenonkungen.com\/"},{"@type":"ListItem","position":2,"name":"Shop","item":"https:\/\/xenonkungen.com\/shop\/"},{"@type":"ListItem","position":3,"name":"XK Ballast | Volvo | 31427787"}]},{"@type":"WebSite","@id":"https:\/\/xenonkungen.com\/#website","url":"https:\/\/xenonkungen.com\/","name":"Xenonkungen","description":"","potentialAction":[{"@type":"SearchAction","target":{"@type":"EntryPoint","urlTemplate":"https:\/\/xenonkungen.com\/?s={search_term_string}"},"query-input":{"@type":"PropertyValueSpecification","valueRequired":true,"valueName":"search_term_string"}}],"inLanguage":"en-GB"}]}},"taxonomy_info":{"bilmarken":[{"value":169,"label":"volvo"},{"value":588,"label":"Volvo S60"},{"value":599,"label":"Volvo V60"},{"value":2768,"label":"Volvo XC40"},{"value":602,"label":"Volvo XC60"}],"product_cat":[{"value":2484,"label":"Ballast"},{"value":789,"label":"Ballast"},{"value":733,"label":"Halvljus \/ Helljus"}],"pa_volt-v":[{"value":159,"label":"12"}]},"featured_image_src_large":["https:\/\/xenonkungen.com\/wp-content\/uploads\/2025\/10\/TPS-V02-XK259509-2000px-PNNG-1024x814.png",1024,814,true],"author_info":[],"comment_info":0,"_links":{"self":[{"href":"https:\/\/xenonkungen.com\/en\/wp-json\/wp\/v2\/product\/15594","targetHints":{"allow":["GET"]}}],"collection":[{"href":"https:\/\/xenonkungen.com\/en\/wp-json\/wp\/v2\/product"}],"about":[{"href":"https:\/\/xenonkungen.com\/en\/wp-json\/wp\/v2\/types\/product"}],"replies":[{"embeddable":true,"href":"https:\/\/xenonkungen.com\/en\/wp-json\/wp\/v2\/comments?post=15594"}],"wp:featuredmedia":[{"embeddable":true,"href":"https:\/\/xenonkungen.com\/en\/wp-json\/wp\/v2\/media\/15600"}],"wp:attachment":[{"href":"https:\/\/xenonkungen.com\/en\/wp-json\/wp\/v2\/media?parent=15594"}],"wp:term":[{"taxonomy":"anvandningsomrade","embeddable":true,"href":"https:\/\/xenonkungen.com\/en\/wp-json\/wp\/v2\/anvandningsomrade?post=15594"},{"taxonomy":"bilmarken","embeddable":true,"href":"https:\/\/xenonkungen.com\/en\/wp-json\/wp\/v2\/bilmarken?post=15594"},{"taxonomy":"product_brand","embeddable":true,"href":"https:\/\/xenonkungen.com\/en\/wp-json\/wp\/v2\/product_brand?post=15594"},{"taxonomy":"product_cat","embeddable":true,"href":"https:\/\/xenonkungen.com\/en\/wp-json\/wp\/v2\/product_cat?post=15594"},{"taxonomy":"product_tag","embeddable":true,"href":"https:\/\/xenonkungen.com\/en\/wp-json\/wp\/v2\/product_tag?post=15594"}],"curies":[{"name":"wp","href":"https:\/\/api.w.org\/{rel}","templated":true}]}}