{"id":15835,"date":"2025-10-16T14:19:13","date_gmt":"2025-10-16T14:19:13","guid":{"rendered":"https:\/\/xenonkungen.com\/?post_type=product&#038;p=15835"},"modified":"2026-04-24T17:24:15","modified_gmt":"2026-04-24T16:24:15","slug":"lazer-linear-24-elite-led-extra-light-ramp-27682-mm","status":"publish","type":"product","link":"https:\/\/xenonkungen.com\/en\/product\/lazer-linear-24-elite-led-extra-light-ramp-27682-mm\/","title":{"rendered":"Lazer Linear 24 Elite Led extra light ramp 27\u2033 (682 mm)"},"content":{"rendered":"<h3 data-start=\"178\" data-end=\"235\">Lazer Linear - powerful performance in an elegant format<\/h3>\n<p data-start=\"237\" data-end=\"535\"><strong data-start=\"237\" data-end=\"254\">Linear series<\/strong> from <strong data-start=\"260\" data-end=\"269\">Lazer<\/strong> is designed for those who demand the best - both in terms of performance and design. The range is available in both <strong data-start=\"376\" data-end=\"388\">Standard<\/strong> and <strong data-start=\"393\" data-end=\"402\">Elite<\/strong>-design and combines outstanding brightness with a <strong data-start=\"457\" data-end=\"489\">slim, aerodynamic profile<\/strong> which fits perfectly on all types of vehicles.<\/p>\n<p data-start=\"537\" data-end=\"836\">Med <strong data-start=\"541\" data-end=\"590\">double rows of high-quality 3 W LEDs<\/strong> behind a <strong data-start=\"600\" data-end=\"630\">unbreakable polycarbonate lens<\/strong> Linear delivers a light image that exceeds expectations. The lens is also coated to <strong data-start=\"732\" data-end=\"764\">repel snow, ice and dirt<\/strong>, ensuring an even light output even in harsh conditions.<\/p>\n<p data-start=\"838\" data-end=\"1150\"><strong data-start=\"838\" data-end=\"854\">Linear Elite<\/strong> is now available in <strong data-start=\"866\" data-end=\"887\">seven different lengths<\/strong>, from 232 to 1282 mm. Thanks to the low profile - only <strong data-start=\"949\" data-end=\"965\">40 mm in height<\/strong> and <strong data-start=\"970\" data-end=\"986\">62 mm in depth<\/strong> - the ramp can be installed even in confined spaces. The <strong data-start=\"1036\" data-end=\"1056\">stainless steel brackets<\/strong> makes installation easy and safe, whether you place the ramp in the front or on the roof.<\/p>\n<p data-start=\"1152\" data-end=\"1321\">The <strong data-start=\"1156\" data-end=\"1180\">lightweight aluminium housing<\/strong> contributes to low weight and efficient heat dissipation, while the elegant design allows the ramp to blend naturally into the lines of the car.<\/p>\n<p data-start=\"1323\" data-end=\"1447\">Med <strong data-start=\"1327\" data-end=\"1349\">Lazer Linear Elite<\/strong> you get an auxiliary lightbar that delivers <strong data-start=\"1388\" data-end=\"1445\">maximising performance, durability and style - year after year.<\/strong><\/p>\n<p data-start=\"1449\" data-end=\"1484\"><strong data-start=\"1449\" data-end=\"1475\">5-year functional warranty<\/strong> included.<\/p>","protected":false},"excerpt":{"rendered":"<p>Ensure optimal lighting in all conditions with the Lazer Linear Elite+ LED light bar, now available at Xenonkungen.se. This innovative light bar offers a unique combination of powerful white and yellow LEDs, designed to improve visibility and safety in all weather conditions.<\/p>","protected":false},"featured_media":15844,"comment_status":"open","ping_status":"closed","template":"","meta":{"_acf_changed":false,"_smort_price_nok":"10948","_smort_price_dkk":"6955","_smort_price_eur":"931.78","_smort_sale_price_nok":"","_smort_sale_price_dkk":"","_smort_sale_price_eur":"","smort_restorder":"","shipmondo_restorder":"","_kad_blocks_custom_css":"","_kad_blocks_head_custom_js":"","_kad_blocks_body_custom_js":"","_kad_blocks_footer_custom_js":"","smort_custom_pricelist_1":"6560","smort_custom_pricelist_2":"6560","smort_custom_pricelist_3":"6560","smort_custom_pricelist_4":"8200","smort_custom_pricelist_5":"6560"},"anvandningsomrade":[],"bilmarken":[],"product_brand":[1124,98],"product_cat":[2561,2966,2539,18,2158,2166],"product_tag":[],"class_list":{"0":"post-15835","1":"product","2":"type-product","3":"status-publish","4":"has-post-thumbnail","6":"product_brand-lazer","7":"product_brand-lazer-lamps","8":"product_cat-lazer","9":"product_cat-ledramp-rak","10":"product_cat-ledramper","11":"product_cat-led-ramper-ljusramper","12":"product_cat-serie","13":"product_cat-lazer-linear","14":"pa_fargtemperatur-5000k","15":"pa_fuktskydd-varde-ipxx-ip67","16":"pa_lampsockel-kontakt-superseal","17":"pa_storlek-mm-682x40x62","18":"pa_stromforbrukning-15-7a-12v","19":"pa_stromforbrukning-7-83a-24v","20":"pa_volt-v-multivolt-10-12-16-18-24-28-30-32","22":"first","23":"onbackorder","24":"taxable","25":"shipping-taxable","26":"purchasable","27":"product-type-simple"},"bundled_by":[],"bundle_stock_status":"onbackorder","bundle_stock_quantity":0,"bundle_virtual":false,"bundle_layout":"","bundle_add_to_cart_form_location":"","bundle_editable_in_cart":false,"bundle_sold_individually_context":"","bundle_item_grouping":"","bundle_min_size":"","bundle_max_size":"","bundle_price":[],"bundled_items":[],"bundle_sell_ids":[],"acf":[],"yoast_head":"<!-- This site is optimized with the Yoast SEO plugin v27.0 - https:\/\/yoast.com\/product\/yoast-seo-wordpress\/ -->\n<title>Lazer Linear 24 Elite Led extraljusramp 27&quot; (682 mm) - Xenonkungen<\/title>\n<meta name=\"robots\" content=\"index, follow, max-snippet:-1, max-image-preview:large, max-video-preview:-1\" \/>\n<link rel=\"canonical\" href=\"https:\/\/xenonkungen.com\/en\/product\/lazer-linear-24-elite-led-extra-light-ramp-27682-mm\/\" \/>\n<meta property=\"og:locale\" content=\"en_GB\" \/>\n<meta property=\"og:type\" content=\"article\" \/>\n<meta property=\"og:title\" content=\"Lazer Linear 24 Elite Led extraljusramp 27&quot; (682 mm) - Xenonkungen\" \/>\n<meta property=\"og:description\" content=\"S\u00e4kerst\u00e4ll optimal belysning under alla f\u00f6rh\u00e5llanden med Lazer Linear Elite+ LED-ljusramp, nu tillg\u00e4nglig p\u00e5 Xenonkungen.se. Denna innovativa ljusramp erbjuder en unik kombination av kraftfulla vita och gula lysdioder, designad f\u00f6r att f\u00f6rb\u00e4ttra sikt och s\u00e4kerhet i alla v\u00e4der.\" \/>\n<meta property=\"og:url\" content=\"https:\/\/xenonkungen.com\/en\/product\/lazer-linear-24-elite-led-extra-light-ramp-27682-mm\/\" \/>\n<meta property=\"og:site_name\" content=\"Xenonkungen\" \/>\n<meta property=\"article:modified_time\" content=\"2026-04-24T16:24:15+00:00\" \/>\n<meta property=\"og:image\" content=\"https:\/\/xenonkungen.com\/wp-content\/uploads\/2025\/10\/linear-24_elite_-_angled_-_side_mounts_web.jpg\" \/>\n\t<meta property=\"og:image:width\" content=\"1000\" \/>\n\t<meta property=\"og:image:height\" content=\"750\" \/>\n\t<meta property=\"og:image:type\" content=\"image\/jpeg\" \/>\n<meta name=\"twitter:card\" content=\"summary_large_image\" \/>\n<meta name=\"twitter:label1\" content=\"Estimated reading time\" \/>\n\t<meta name=\"twitter:data1\" content=\"2 minutes\" \/>\n<script type=\"application\/ld+json\" class=\"yoast-schema-graph\">{\"@context\":\"https:\/\/schema.org\",\"@graph\":[{\"@type\":\"WebPage\",\"@id\":\"https:\/\/xenonkungen.com\/produkt\/lazer-linear-24-elite-led-extraljusramp-27-682-mm\/\",\"url\":\"https:\/\/xenonkungen.com\/produkt\/lazer-linear-24-elite-led-extraljusramp-27-682-mm\/\",\"name\":\"Lazer Linear 24 Elite Led extraljusramp 27\\\" (682 mm) - Xenonkungen\",\"isPartOf\":{\"@id\":\"https:\/\/xenonkungen.com\/#website\"},\"primaryImageOfPage\":{\"@id\":\"https:\/\/xenonkungen.com\/produkt\/lazer-linear-24-elite-led-extraljusramp-27-682-mm\/#primaryimage\"},\"image\":{\"@id\":\"https:\/\/xenonkungen.com\/produkt\/lazer-linear-24-elite-led-extraljusramp-27-682-mm\/#primaryimage\"},\"thumbnailUrl\":\"https:\/\/xenonkungen.com\/wp-content\/uploads\/2025\/10\/linear-24_elite_-_angled_-_side_mounts_web.jpg\",\"datePublished\":\"2025-10-16T14:19:13+00:00\",\"dateModified\":\"2026-04-24T16:24:15+00:00\",\"breadcrumb\":{\"@id\":\"https:\/\/xenonkungen.com\/produkt\/lazer-linear-24-elite-led-extraljusramp-27-682-mm\/#breadcrumb\"},\"inLanguage\":\"en-GB\",\"potentialAction\":[{\"@type\":\"ReadAction\",\"target\":[\"https:\/\/xenonkungen.com\/produkt\/lazer-linear-24-elite-led-extraljusramp-27-682-mm\/\"]}]},{\"@type\":\"ImageObject\",\"inLanguage\":\"en-GB\",\"@id\":\"https:\/\/xenonkungen.com\/produkt\/lazer-linear-24-elite-led-extraljusramp-27-682-mm\/#primaryimage\",\"url\":\"https:\/\/xenonkungen.com\/wp-content\/uploads\/2025\/10\/linear-24_elite_-_angled_-_side_mounts_web.jpg\",\"contentUrl\":\"https:\/\/xenonkungen.com\/wp-content\/uploads\/2025\/10\/linear-24_elite_-_angled_-_side_mounts_web.jpg\",\"width\":1000,\"height\":750},{\"@type\":\"BreadcrumbList\",\"@id\":\"https:\/\/xenonkungen.com\/produkt\/lazer-linear-24-elite-led-extraljusramp-27-682-mm\/#breadcrumb\",\"itemListElement\":[{\"@type\":\"ListItem\",\"position\":1,\"name\":\"Hem\",\"item\":\"https:\/\/xenonkungen.com\/\"},{\"@type\":\"ListItem\",\"position\":2,\"name\":\"Shop\",\"item\":\"https:\/\/xenonkungen.com\/shop\/\"},{\"@type\":\"ListItem\",\"position\":3,\"name\":\"Lazer Linear 24 Elite Led extraljusramp 27&#8243; (682 mm)\"}]},{\"@type\":\"WebSite\",\"@id\":\"https:\/\/xenonkungen.com\/#website\",\"url\":\"https:\/\/xenonkungen.com\/\",\"name\":\"Xenonkungen\",\"description\":\"\",\"potentialAction\":[{\"@type\":\"SearchAction\",\"target\":{\"@type\":\"EntryPoint\",\"urlTemplate\":\"https:\/\/xenonkungen.com\/?s={search_term_string}\"},\"query-input\":{\"@type\":\"PropertyValueSpecification\",\"valueRequired\":true,\"valueName\":\"search_term_string\"}}],\"inLanguage\":\"en-GB\"}]}<\/script>\n<!-- \/ Yoast SEO plugin. -->","yoast_head_json":{"title":"Lazer Linear 24 Elite Led additional light ramp 27&quot; (682 mm) - The Xenon King","robots":{"index":"index","follow":"follow","max-snippet":"max-snippet:-1","max-image-preview":"max-image-preview:large","max-video-preview":"max-video-preview:-1"},"canonical":"https:\/\/xenonkungen.com\/en\/product\/lazer-linear-24-elite-led-extra-light-ramp-27682-mm\/","og_locale":"en_GB","og_type":"article","og_title":"Lazer Linear 24 Elite Led extraljusramp 27\" (682 mm) - Xenonkungen","og_description":"S\u00e4kerst\u00e4ll optimal belysning under alla f\u00f6rh\u00e5llanden med Lazer Linear Elite+ LED-ljusramp, nu tillg\u00e4nglig p\u00e5 Xenonkungen.se. Denna innovativa ljusramp erbjuder en unik kombination av kraftfulla vita och gula lysdioder, designad f\u00f6r att f\u00f6rb\u00e4ttra sikt och s\u00e4kerhet i alla v\u00e4der.","og_url":"https:\/\/xenonkungen.com\/en\/product\/lazer-linear-24-elite-led-extra-light-ramp-27682-mm\/","og_site_name":"Xenonkungen","article_modified_time":"2026-04-24T16:24:15+00:00","og_image":[{"width":1000,"height":750,"url":"https:\/\/xenonkungen.com\/wp-content\/uploads\/2025\/10\/linear-24_elite_-_angled_-_side_mounts_web.jpg","type":"image\/jpeg"}],"twitter_card":"summary_large_image","twitter_misc":{"Estimated reading time":"2 minutes"},"schema":{"@context":"https:\/\/schema.org","@graph":[{"@type":"WebPage","@id":"https:\/\/xenonkungen.com\/produkt\/lazer-linear-24-elite-led-extraljusramp-27-682-mm\/","url":"https:\/\/xenonkungen.com\/produkt\/lazer-linear-24-elite-led-extraljusramp-27-682-mm\/","name":"Lazer Linear 24 Elite Led additional light ramp 27&quot; (682 mm) - The Xenon King","isPartOf":{"@id":"https:\/\/xenonkungen.com\/#website"},"primaryImageOfPage":{"@id":"https:\/\/xenonkungen.com\/produkt\/lazer-linear-24-elite-led-extraljusramp-27-682-mm\/#primaryimage"},"image":{"@id":"https:\/\/xenonkungen.com\/produkt\/lazer-linear-24-elite-led-extraljusramp-27-682-mm\/#primaryimage"},"thumbnailUrl":"https:\/\/xenonkungen.com\/wp-content\/uploads\/2025\/10\/linear-24_elite_-_angled_-_side_mounts_web.jpg","datePublished":"2025-10-16T14:19:13+00:00","dateModified":"2026-04-24T16:24:15+00:00","breadcrumb":{"@id":"https:\/\/xenonkungen.com\/produkt\/lazer-linear-24-elite-led-extraljusramp-27-682-mm\/#breadcrumb"},"inLanguage":"en-GB","potentialAction":[{"@type":"ReadAction","target":["https:\/\/xenonkungen.com\/produkt\/lazer-linear-24-elite-led-extraljusramp-27-682-mm\/"]}]},{"@type":"ImageObject","inLanguage":"en-GB","@id":"https:\/\/xenonkungen.com\/produkt\/lazer-linear-24-elite-led-extraljusramp-27-682-mm\/#primaryimage","url":"https:\/\/xenonkungen.com\/wp-content\/uploads\/2025\/10\/linear-24_elite_-_angled_-_side_mounts_web.jpg","contentUrl":"https:\/\/xenonkungen.com\/wp-content\/uploads\/2025\/10\/linear-24_elite_-_angled_-_side_mounts_web.jpg","width":1000,"height":750},{"@type":"BreadcrumbList","@id":"https:\/\/xenonkungen.com\/produkt\/lazer-linear-24-elite-led-extraljusramp-27-682-mm\/#breadcrumb","itemListElement":[{"@type":"ListItem","position":1,"name":"Hem","item":"https:\/\/xenonkungen.com\/"},{"@type":"ListItem","position":2,"name":"Shop","item":"https:\/\/xenonkungen.com\/shop\/"},{"@type":"ListItem","position":3,"name":"Lazer Linear 24 Elite Led extraljusramp 27&#8243; (682 mm)"}]},{"@type":"WebSite","@id":"https:\/\/xenonkungen.com\/#website","url":"https:\/\/xenonkungen.com\/","name":"Xenonkungen","description":"","potentialAction":[{"@type":"SearchAction","target":{"@type":"EntryPoint","urlTemplate":"https:\/\/xenonkungen.com\/?s={search_term_string}"},"query-input":{"@type":"PropertyValueSpecification","valueRequired":true,"valueName":"search_term_string"}}],"inLanguage":"en-GB"}]}},"taxonomy_info":{"product_brand":[{"value":1124,"label":"Lazer"},{"value":98,"label":"Lazer Lamps"}],"product_cat":[{"value":2561,"label":"Lazer"},{"value":2966,"label":"Ledramp Rak"},{"value":2539,"label":"LEDRAMPER"},{"value":18,"label":"LED Ramper \/ Ljusramper"},{"value":2158,"label":"Serie"},{"value":2166,"label":"LAZER LINEAR"}],"pa_fargtemperatur":[{"value":154,"label":"5000K"}],"pa_fuktskydd-varde-ipxx":[{"value":333,"label":"IP67"}],"pa_lampsockel-kontakt":[{"value":1122,"label":"Superseal"}],"pa_storlek-mm":[{"value":2779,"label":"682x40x62"}],"pa_stromforbrukning":[{"value":2780,"label":"15.7A @12V"},{"value":2781,"label":"7.83A @24V"}],"pa_volt-v":[{"value":1084,"label":"Multivolt, 10, 12, 16, 18, 24, 28, 30, 32"}]},"featured_image_src_large":["https:\/\/xenonkungen.com\/wp-content\/uploads\/2025\/10\/linear-24_elite_-_angled_-_side_mounts_web.jpg",1000,750,false],"author_info":[],"comment_info":0,"_links":{"self":[{"href":"https:\/\/xenonkungen.com\/en\/wp-json\/wp\/v2\/product\/15835","targetHints":{"allow":["GET"]}}],"collection":[{"href":"https:\/\/xenonkungen.com\/en\/wp-json\/wp\/v2\/product"}],"about":[{"href":"https:\/\/xenonkungen.com\/en\/wp-json\/wp\/v2\/types\/product"}],"replies":[{"embeddable":true,"href":"https:\/\/xenonkungen.com\/en\/wp-json\/wp\/v2\/comments?post=15835"}],"wp:featuredmedia":[{"embeddable":true,"href":"https:\/\/xenonkungen.com\/en\/wp-json\/wp\/v2\/media\/15844"}],"wp:attachment":[{"href":"https:\/\/xenonkungen.com\/en\/wp-json\/wp\/v2\/media?parent=15835"}],"wp:term":[{"taxonomy":"anvandningsomrade","embeddable":true,"href":"https:\/\/xenonkungen.com\/en\/wp-json\/wp\/v2\/anvandningsomrade?post=15835"},{"taxonomy":"bilmarken","embeddable":true,"href":"https:\/\/xenonkungen.com\/en\/wp-json\/wp\/v2\/bilmarken?post=15835"},{"taxonomy":"product_brand","embeddable":true,"href":"https:\/\/xenonkungen.com\/en\/wp-json\/wp\/v2\/product_brand?post=15835"},{"taxonomy":"product_cat","embeddable":true,"href":"https:\/\/xenonkungen.com\/en\/wp-json\/wp\/v2\/product_cat?post=15835"},{"taxonomy":"product_tag","embeddable":true,"href":"https:\/\/xenonkungen.com\/en\/wp-json\/wp\/v2\/product_tag?post=15835"}],"curies":[{"name":"wp","href":"https:\/\/api.w.org\/{rel}","templated":true}]}}