{"id":1587,"date":"2025-04-15T08:24:46","date_gmt":"2025-04-15T08:24:46","guid":{"rendered":"https:\/\/xenonkungen.com\/product\/canm8-styrstromssignal-till-extraljus-12v\/"},"modified":"2026-03-27T17:17:14","modified_gmt":"2026-03-27T16:17:14","slug":"canm8-control-current-signal-for-auxiliary-lights-12v","status":"publish","type":"product","link":"https:\/\/xenonkungen.com\/en\/product\/canm8-control-current-signal-for-auxiliary-lights-12v\/","title":{"rendered":"CANM8 - Control current signal to Extra light 12V"},"content":{"rendered":"<h1>CANM8 - Control current signal to Extra light 12V<\/h1>\n<p>For cars where no high beam signal is available to control auxiliary lights or lightbar via relay wiring or XBB.<\/p>\n<p>CANM8 connects to the car's ODM port where it recognises the high beam signal.<\/p>\n<p>This type of technical module is particularly required in newer cars with full LED lighting where both dipped and main beam are LED.<\/p>\n<p>CANM8 may in some exceptions also be needed in other cases where the signal is not found or is difficult to access for ordinary relay wiring or XBB Dongle + Powerunit. <\/p>\n<p>From programme version SKY-V2-176, a separate box is no longer needed for Volvo's CAN\/LIN system. This box also works on these models. <\/p>\n<p>Works on all Volvo 2017 and above. <\/p>\n<p>See appendix for instructions on how to connect.<\/p>\n<p>OPTIONS:<br \/>No \u2013<br \/>Yes \u2013 Including Inductive Canbus Reader<\/p>\n<p>1 year guarantee.<\/p>","protected":false},"excerpt":{"rendered":"<p>This unit allows you to connect additional lights or LED lights to a car that lacks a classic 12V activation of the high beam at the front of the headlight.<\/p>","protected":false},"featured_media":1588,"comment_status":"closed","ping_status":"open","template":"","meta":{"_acf_changed":false,"_smort_price_nok":"1383","_smort_price_dkk":"879","_smort_price_eur":"117.72","_smort_sale_price_nok":"","_smort_sale_price_dkk":"","_smort_sale_price_eur":"","smort_restorder":"","shipmondo_restorder":"","_kad_blocks_custom_css":"","_kad_blocks_head_custom_js":"","_kad_blocks_body_custom_js":"","_kad_blocks_footer_custom_js":"","smort_custom_pricelist_1":"828.8","smort_custom_pricelist_2":"725.2","smort_custom_pricelist_3":"673.4","smort_custom_pricelist_4":"1036","smort_custom_pricelist_5":"725.2"},"anvandningsomrade":[],"bilmarken":[],"product_brand":[],"product_cat":[2487,390],"product_tag":[],"class_list":{"0":"post-1587","1":"product","2":"type-product","3":"status-publish","4":"has-post-thumbnail","6":"product_cat-canbus-installation","7":"product_cat-installation","8":"pa_volt-v-159","10":"first","11":"instock","12":"taxable","13":"shipping-taxable","14":"purchasable","15":"product-type-simple"},"bundled_by":[],"bundle_stock_status":"instock","bundle_stock_quantity":12,"bundle_virtual":false,"bundle_layout":"","bundle_add_to_cart_form_location":"","bundle_editable_in_cart":false,"bundle_sold_individually_context":"","bundle_item_grouping":"","bundle_min_size":"","bundle_max_size":"","bundle_price":[],"bundled_items":[],"bundle_sell_ids":[],"acf":[],"yoast_head":"<!-- This site is optimized with the Yoast SEO plugin v27.0 - https:\/\/yoast.com\/product\/yoast-seo-wordpress\/ -->\n<title>CANM8 - Styrstr\u00f6mssignal till Extraljus 12V - Xenonkungen<\/title>\n<meta name=\"robots\" content=\"index, follow, max-snippet:-1, max-image-preview:large, max-video-preview:-1\" \/>\n<link rel=\"canonical\" href=\"https:\/\/xenonkungen.com\/en\/product\/canm8-control-current-signal-for-auxiliary-lights-12v\/\" \/>\n<meta property=\"og:locale\" content=\"en_GB\" \/>\n<meta property=\"og:type\" content=\"article\" \/>\n<meta property=\"og:title\" content=\"CANM8 - Styrstr\u00f6mssignal till Extraljus 12V - Xenonkungen\" \/>\n<meta property=\"og:description\" content=\"Denna enhet l\u00e5ter er koppla extraljus eller ledramper p\u00e5 en bil som saknar en klassisk 12V aktivering av helljuset framme vid lyktan.\" \/>\n<meta property=\"og:url\" content=\"https:\/\/xenonkungen.com\/en\/product\/canm8-control-current-signal-for-auxiliary-lights-12v\/\" \/>\n<meta property=\"og:site_name\" content=\"Xenonkungen\" \/>\n<meta property=\"article:modified_time\" content=\"2026-03-27T16:17:14+00:00\" \/>\n<meta property=\"og:image\" content=\"https:\/\/xenonkungen.com\/wp-content\/uploads\/2025\/04\/95183645-origpic-fc6095.png\" \/>\n\t<meta property=\"og:image:width\" content=\"1000\" \/>\n\t<meta property=\"og:image:height\" content=\"1000\" \/>\n\t<meta property=\"og:image:type\" content=\"image\/png\" \/>\n<meta name=\"twitter:card\" content=\"summary_large_image\" \/>\n<meta name=\"twitter:label1\" content=\"Estimated reading time\" \/>\n\t<meta name=\"twitter:data1\" content=\"1 minute\" \/>\n<script type=\"application\/ld+json\" class=\"yoast-schema-graph\">{\"@context\":\"https:\/\/schema.org\",\"@graph\":[{\"@type\":\"WebPage\",\"@id\":\"https:\/\/xenonkungen.com\/produkt\/canm8-styrstromssignal-till-extraljus-12v\/\",\"url\":\"https:\/\/xenonkungen.com\/produkt\/canm8-styrstromssignal-till-extraljus-12v\/\",\"name\":\"CANM8 - Styrstr\u00f6mssignal till Extraljus 12V - Xenonkungen\",\"isPartOf\":{\"@id\":\"https:\/\/xenonkungen.com\/#website\"},\"primaryImageOfPage\":{\"@id\":\"https:\/\/xenonkungen.com\/produkt\/canm8-styrstromssignal-till-extraljus-12v\/#primaryimage\"},\"image\":{\"@id\":\"https:\/\/xenonkungen.com\/produkt\/canm8-styrstromssignal-till-extraljus-12v\/#primaryimage\"},\"thumbnailUrl\":\"https:\/\/xenonkungen.com\/wp-content\/uploads\/2025\/04\/95183645-origpic-fc6095.png\",\"datePublished\":\"2025-04-15T08:24:46+00:00\",\"dateModified\":\"2026-03-27T16:17:14+00:00\",\"breadcrumb\":{\"@id\":\"https:\/\/xenonkungen.com\/produkt\/canm8-styrstromssignal-till-extraljus-12v\/#breadcrumb\"},\"inLanguage\":\"en-GB\",\"potentialAction\":[{\"@type\":\"ReadAction\",\"target\":[\"https:\/\/xenonkungen.com\/produkt\/canm8-styrstromssignal-till-extraljus-12v\/\"]}]},{\"@type\":\"ImageObject\",\"inLanguage\":\"en-GB\",\"@id\":\"https:\/\/xenonkungen.com\/produkt\/canm8-styrstromssignal-till-extraljus-12v\/#primaryimage\",\"url\":\"https:\/\/xenonkungen.com\/wp-content\/uploads\/2025\/04\/95183645-origpic-fc6095.png\",\"contentUrl\":\"https:\/\/xenonkungen.com\/wp-content\/uploads\/2025\/04\/95183645-origpic-fc6095.png\",\"width\":1000,\"height\":1000},{\"@type\":\"BreadcrumbList\",\"@id\":\"https:\/\/xenonkungen.com\/produkt\/canm8-styrstromssignal-till-extraljus-12v\/#breadcrumb\",\"itemListElement\":[{\"@type\":\"ListItem\",\"position\":1,\"name\":\"Hem\",\"item\":\"https:\/\/xenonkungen.com\/\"},{\"@type\":\"ListItem\",\"position\":2,\"name\":\"Shop\",\"item\":\"https:\/\/xenonkungen.com\/shop\/\"},{\"@type\":\"ListItem\",\"position\":3,\"name\":\"CANM8 &#8211; Styrstr\u00f6mssignal till Extraljus 12V\"}]},{\"@type\":\"WebSite\",\"@id\":\"https:\/\/xenonkungen.com\/#website\",\"url\":\"https:\/\/xenonkungen.com\/\",\"name\":\"Xenonkungen\",\"description\":\"\",\"potentialAction\":[{\"@type\":\"SearchAction\",\"target\":{\"@type\":\"EntryPoint\",\"urlTemplate\":\"https:\/\/xenonkungen.com\/?s={search_term_string}\"},\"query-input\":{\"@type\":\"PropertyValueSpecification\",\"valueRequired\":true,\"valueName\":\"search_term_string\"}}],\"inLanguage\":\"en-GB\"}]}<\/script>\n<!-- \/ Yoast SEO plugin. -->","yoast_head_json":{"title":"CANM8 - Control current signal for Auxiliary light 12V - Xenonkungen","robots":{"index":"index","follow":"follow","max-snippet":"max-snippet:-1","max-image-preview":"max-image-preview:large","max-video-preview":"max-video-preview:-1"},"canonical":"https:\/\/xenonkungen.com\/en\/product\/canm8-control-current-signal-for-auxiliary-lights-12v\/","og_locale":"en_GB","og_type":"article","og_title":"CANM8 - Styrstr\u00f6mssignal till Extraljus 12V - Xenonkungen","og_description":"Denna enhet l\u00e5ter er koppla extraljus eller ledramper p\u00e5 en bil som saknar en klassisk 12V aktivering av helljuset framme vid lyktan.","og_url":"https:\/\/xenonkungen.com\/en\/product\/canm8-control-current-signal-for-auxiliary-lights-12v\/","og_site_name":"Xenonkungen","article_modified_time":"2026-03-27T16:17:14+00:00","og_image":[{"width":1000,"height":1000,"url":"https:\/\/xenonkungen.com\/wp-content\/uploads\/2025\/04\/95183645-origpic-fc6095.png","type":"image\/png"}],"twitter_card":"summary_large_image","twitter_misc":{"Estimated reading time":"1 minute"},"schema":{"@context":"https:\/\/schema.org","@graph":[{"@type":"WebPage","@id":"https:\/\/xenonkungen.com\/produkt\/canm8-styrstromssignal-till-extraljus-12v\/","url":"https:\/\/xenonkungen.com\/produkt\/canm8-styrstromssignal-till-extraljus-12v\/","name":"CANM8 - Control current signal for Auxiliary light 12V - Xenonkungen","isPartOf":{"@id":"https:\/\/xenonkungen.com\/#website"},"primaryImageOfPage":{"@id":"https:\/\/xenonkungen.com\/produkt\/canm8-styrstromssignal-till-extraljus-12v\/#primaryimage"},"image":{"@id":"https:\/\/xenonkungen.com\/produkt\/canm8-styrstromssignal-till-extraljus-12v\/#primaryimage"},"thumbnailUrl":"https:\/\/xenonkungen.com\/wp-content\/uploads\/2025\/04\/95183645-origpic-fc6095.png","datePublished":"2025-04-15T08:24:46+00:00","dateModified":"2026-03-27T16:17:14+00:00","breadcrumb":{"@id":"https:\/\/xenonkungen.com\/produkt\/canm8-styrstromssignal-till-extraljus-12v\/#breadcrumb"},"inLanguage":"en-GB","potentialAction":[{"@type":"ReadAction","target":["https:\/\/xenonkungen.com\/produkt\/canm8-styrstromssignal-till-extraljus-12v\/"]}]},{"@type":"ImageObject","inLanguage":"en-GB","@id":"https:\/\/xenonkungen.com\/produkt\/canm8-styrstromssignal-till-extraljus-12v\/#primaryimage","url":"https:\/\/xenonkungen.com\/wp-content\/uploads\/2025\/04\/95183645-origpic-fc6095.png","contentUrl":"https:\/\/xenonkungen.com\/wp-content\/uploads\/2025\/04\/95183645-origpic-fc6095.png","width":1000,"height":1000},{"@type":"BreadcrumbList","@id":"https:\/\/xenonkungen.com\/produkt\/canm8-styrstromssignal-till-extraljus-12v\/#breadcrumb","itemListElement":[{"@type":"ListItem","position":1,"name":"Hem","item":"https:\/\/xenonkungen.com\/"},{"@type":"ListItem","position":2,"name":"Shop","item":"https:\/\/xenonkungen.com\/shop\/"},{"@type":"ListItem","position":3,"name":"CANM8 &#8211; Styrstr\u00f6mssignal till Extraljus 12V"}]},{"@type":"WebSite","@id":"https:\/\/xenonkungen.com\/#website","url":"https:\/\/xenonkungen.com\/","name":"Xenonkungen","description":"","potentialAction":[{"@type":"SearchAction","target":{"@type":"EntryPoint","urlTemplate":"https:\/\/xenonkungen.com\/?s={search_term_string}"},"query-input":{"@type":"PropertyValueSpecification","valueRequired":true,"valueName":"search_term_string"}}],"inLanguage":"en-GB"}]}},"taxonomy_info":{"product_cat":[{"value":2487,"label":"Canbus"},{"value":390,"label":"Installation"}],"pa_volt-v":[{"value":159,"label":"12"}]},"featured_image_src_large":["https:\/\/xenonkungen.com\/wp-content\/uploads\/2025\/04\/95183645-origpic-fc6095.png",1000,1000,false],"author_info":[],"comment_info":0,"_links":{"self":[{"href":"https:\/\/xenonkungen.com\/en\/wp-json\/wp\/v2\/product\/1587","targetHints":{"allow":["GET"]}}],"collection":[{"href":"https:\/\/xenonkungen.com\/en\/wp-json\/wp\/v2\/product"}],"about":[{"href":"https:\/\/xenonkungen.com\/en\/wp-json\/wp\/v2\/types\/product"}],"replies":[{"embeddable":true,"href":"https:\/\/xenonkungen.com\/en\/wp-json\/wp\/v2\/comments?post=1587"}],"wp:featuredmedia":[{"embeddable":true,"href":"https:\/\/xenonkungen.com\/en\/wp-json\/wp\/v2\/media\/1588"}],"wp:attachment":[{"href":"https:\/\/xenonkungen.com\/en\/wp-json\/wp\/v2\/media?parent=1587"}],"wp:term":[{"taxonomy":"anvandningsomrade","embeddable":true,"href":"https:\/\/xenonkungen.com\/en\/wp-json\/wp\/v2\/anvandningsomrade?post=1587"},{"taxonomy":"bilmarken","embeddable":true,"href":"https:\/\/xenonkungen.com\/en\/wp-json\/wp\/v2\/bilmarken?post=1587"},{"taxonomy":"product_brand","embeddable":true,"href":"https:\/\/xenonkungen.com\/en\/wp-json\/wp\/v2\/product_brand?post=1587"},{"taxonomy":"product_cat","embeddable":true,"href":"https:\/\/xenonkungen.com\/en\/wp-json\/wp\/v2\/product_cat?post=1587"},{"taxonomy":"product_tag","embeddable":true,"href":"https:\/\/xenonkungen.com\/en\/wp-json\/wp\/v2\/product_tag?post=1587"}],"curies":[{"name":"wp","href":"https:\/\/api.w.org\/{rel}","templated":true}]}}