{"id":16154,"date":"2025-10-21T13:16:10","date_gmt":"2025-10-21T13:16:10","guid":{"rendered":"https:\/\/xenonkungen.com\/?post_type=product&#038;p=16154"},"modified":"2026-04-24T17:36:26","modified_gmt":"2026-04-24T16:36:26","slug":"night-breaker-silver-h4","status":"publish","type":"product","link":"https:\/\/xenonkungen.com\/en\/product\/night-breaker-silver-h4\/","title":{"rendered":"NIGHT BREAKER SILVER H4"},"content":{"rendered":"<h3 data-start=\"137\" data-end=\"213\">OSRAM NIGHT BREAKER SILVER - More light. Longer life. Better visibility.<\/h3>\n<p data-start=\"215\" data-end=\"380\">Experience the road like never before with <strong data-start=\"248\" data-end=\"278\">OSRAM NIGHT BREAKER SILVER<\/strong> - the high-performance halogen lamp for those who want <strong data-start=\"334\" data-end=\"377\">both powerful light and long life<\/strong>.<\/p>\n<p data-start=\"382\" data-end=\"627\">With up to <strong data-start=\"395\" data-end=\"413\">100 % more light<\/strong> compared to standard lamps and a <strong data-start=\"448\" data-end=\"483\">light cone of up to 130 metres<\/strong>, you'll see road signs, obstacles and hazards much earlier. It gives you <strong data-start=\"553\" data-end=\"599\">safer driving and faster reaction time<\/strong>, whatever the weather or the road.<\/p>\n<p data-start=\"629\" data-end=\"863\">In addition, NIGHT BREAKER SILVER combines <strong data-start=\"670\" data-end=\"698\">performance with sustainability<\/strong> - a perfect balance between <strong data-start=\"726\" data-end=\"750\">strength and longevity<\/strong>. The modern design with <strong data-start=\"777\" data-end=\"799\">elegant silver top<\/strong>\u00a0makes the lamp look as good as it performs.<\/p>\n<p data-start=\"865\" data-end=\"892\"><strong data-start=\"867\" data-end=\"890\">Benefits in brief:<\/strong><\/p>\n<ul data-start=\"893\" data-end=\"1124\">\n<li data-start=\"893\" data-end=\"936\">\n<p data-start=\"895\" data-end=\"936\">Up to <strong data-start=\"904\" data-end=\"922\">100 % more light<\/strong> than standard<\/p>\n<\/li>\n<li data-start=\"937\" data-end=\"996\">\n<p data-start=\"939\" data-end=\"996\"><strong data-start=\"939\" data-end=\"966\">Light output up to 130 m<\/strong> - see further and drive safer<\/p>\n<\/li>\n<li data-start=\"997\" data-end=\"1046\">\n<p data-start=\"999\" data-end=\"1046\"><strong data-start=\"999\" data-end=\"1022\">Optimised lifetime<\/strong> for longer use<\/p>\n<\/li>\n<li data-start=\"1047\" data-end=\"1083\">\n<p data-start=\"1049\" data-end=\"1083\"><strong data-start=\"1049\" data-end=\"1066\">Modern design<\/strong> with silver top<\/p>\n<\/li>\n<li data-start=\"1084\" data-end=\"1124\">\n<p data-start=\"1086\" data-end=\"1124\"><strong data-start=\"1086\" data-end=\"1124\">Excellent price\/performance ratio<\/strong><\/p>\n<\/li>\n<\/ul>\n<p data-start=\"1126\" data-end=\"1236\"><strong data-start=\"1129\" data-end=\"1159\">OSRAM NIGHT BREAKER SILVER<\/strong> - for those who want <strong data-start=\"1182\" data-end=\"1219\">maximum performance and reliability<\/strong> in each run.<\/p>","protected":false},"excerpt":{"rendered":"<p>OSRAM NIGHT BREAKER SILVER \u2013 Mer ljus. L\u00e4ngre livsl\u00e4ngd. B\u00e4ttre sikt. Upplev v\u00e4gen som aldrig f\u00f6rr med OSRAM NIGHT BREAKER SILVER \u2013 den h\u00f6gpresterande halogenlampan f\u00f6r dig som vill ha b\u00e5de kraftfullt ljus och l\u00e5ng livsl\u00e4ngd. Med upp till 100 % mer ljus j\u00e4mf\u00f6rt med standardlampor och en ljusk\u00e4gla p\u00e5 upp till 130 meter, ser [&hellip;]<\/p>","protected":false},"featured_media":16158,"comment_status":"open","ping_status":"closed","template":"","meta":{"_acf_changed":false,"_smort_price_nok":"128","_smort_price_dkk":"81","_smort_price_eur":"10.91","_smort_sale_price_nok":"","_smort_sale_price_dkk":"","_smort_sale_price_eur":"","smort_restorder":"","shipmondo_restorder":"","_kad_blocks_custom_css":"","_kad_blocks_head_custom_js":"","_kad_blocks_body_custom_js":"","_kad_blocks_footer_custom_js":"","smort_custom_pricelist_1":"76.8","smort_custom_pricelist_2":"67.2","smort_custom_pricelist_3":"62.4","smort_custom_pricelist_4":"96","smort_custom_pricelist_5":"67.2"},"anvandningsomrade":[],"bilmarken":[],"product_brand":[108],"product_cat":[2543,844,733],"product_tag":[],"class_list":{"0":"post-16154","1":"product","2":"type-product","3":"status-publish","4":"has-post-thumbnail","6":"product_brand-osram","7":"product_cat-halogen-halvljus-helljus","8":"product_cat-halogen","9":"product_cat-halvljus-helljus","10":"pa_faktisk-effekts-forbrukning-60-55","11":"pa_lampsockel-kontakt-h4","12":"pa_lampsockel-kontakt-p43t","13":"pa_volt-v-159","15":"first","16":"instock","17":"taxable","18":"shipping-taxable","19":"purchasable","20":"product-type-simple"},"bundled_by":[],"bundle_stock_status":"instock","bundle_stock_quantity":4,"bundle_virtual":false,"bundle_layout":"","bundle_add_to_cart_form_location":"","bundle_editable_in_cart":false,"bundle_sold_individually_context":"","bundle_item_grouping":"","bundle_min_size":"","bundle_max_size":"","bundle_price":[],"bundled_items":[],"bundle_sell_ids":[],"acf":[],"yoast_head":"<!-- This site is optimized with the Yoast SEO plugin v27.0 - https:\/\/yoast.com\/product\/yoast-seo-wordpress\/ -->\n<title>NIGHT BREAKER SILVER H4 - Xenonkungen<\/title>\n<meta name=\"robots\" content=\"index, follow, max-snippet:-1, max-image-preview:large, max-video-preview:-1\" \/>\n<link rel=\"canonical\" href=\"https:\/\/xenonkungen.com\/en\/product\/night-breaker-silver-h4\/\" \/>\n<meta property=\"og:locale\" content=\"en_GB\" \/>\n<meta property=\"og:type\" content=\"article\" \/>\n<meta property=\"og:title\" content=\"NIGHT BREAKER SILVER H4 - Xenonkungen\" \/>\n<meta property=\"og:description\" content=\"OSRAM NIGHT BREAKER SILVER \u2013 Mer ljus. L\u00e4ngre livsl\u00e4ngd. B\u00e4ttre sikt. Upplev v\u00e4gen som aldrig f\u00f6rr med OSRAM NIGHT BREAKER SILVER \u2013 den h\u00f6gpresterande halogenlampan f\u00f6r dig som vill ha b\u00e5de kraftfullt ljus och l\u00e5ng livsl\u00e4ngd. Med upp till 100 % mer ljus j\u00e4mf\u00f6rt med standardlampor och en ljusk\u00e4gla p\u00e5 upp till 130 meter, ser [&hellip;]\" \/>\n<meta property=\"og:url\" content=\"https:\/\/xenonkungen.com\/en\/product\/night-breaker-silver-h4\/\" \/>\n<meta property=\"og:site_name\" content=\"Xenonkungen\" \/>\n<meta property=\"article:modified_time\" content=\"2026-04-24T16:36:26+00:00\" \/>\n<meta property=\"og:image\" content=\"https:\/\/xenonkungen.com\/wp-content\/uploads\/2025\/10\/Small-for-web-and-ppt-PI_NIGHT_BREAKER_SILVER_H4_64193NBS_2x.jpg\" \/>\n\t<meta property=\"og:image:width\" content=\"1024\" \/>\n\t<meta property=\"og:image:height\" content=\"1024\" \/>\n\t<meta property=\"og:image:type\" content=\"image\/jpeg\" \/>\n<meta name=\"twitter:card\" content=\"summary_large_image\" \/>\n<meta name=\"twitter:label1\" content=\"Estimated reading time\" \/>\n\t<meta name=\"twitter:data1\" content=\"1 minute\" \/>\n<script type=\"application\/ld+json\" class=\"yoast-schema-graph\">{\"@context\":\"https:\/\/schema.org\",\"@graph\":[{\"@type\":\"WebPage\",\"@id\":\"https:\/\/xenonkungen.com\/produkt\/night-breaker-silver-h4\/\",\"url\":\"https:\/\/xenonkungen.com\/produkt\/night-breaker-silver-h4\/\",\"name\":\"NIGHT BREAKER SILVER H4 - Xenonkungen\",\"isPartOf\":{\"@id\":\"https:\/\/xenonkungen.com\/#website\"},\"primaryImageOfPage\":{\"@id\":\"https:\/\/xenonkungen.com\/produkt\/night-breaker-silver-h4\/#primaryimage\"},\"image\":{\"@id\":\"https:\/\/xenonkungen.com\/produkt\/night-breaker-silver-h4\/#primaryimage\"},\"thumbnailUrl\":\"https:\/\/xenonkungen.com\/wp-content\/uploads\/2025\/10\/Small-for-web-and-ppt-PI_NIGHT_BREAKER_SILVER_H4_64193NBS_2x.jpg\",\"datePublished\":\"2025-10-21T13:16:10+00:00\",\"dateModified\":\"2026-04-24T16:36:26+00:00\",\"breadcrumb\":{\"@id\":\"https:\/\/xenonkungen.com\/produkt\/night-breaker-silver-h4\/#breadcrumb\"},\"inLanguage\":\"en-GB\",\"potentialAction\":[{\"@type\":\"ReadAction\",\"target\":[\"https:\/\/xenonkungen.com\/produkt\/night-breaker-silver-h4\/\"]}]},{\"@type\":\"ImageObject\",\"inLanguage\":\"en-GB\",\"@id\":\"https:\/\/xenonkungen.com\/produkt\/night-breaker-silver-h4\/#primaryimage\",\"url\":\"https:\/\/xenonkungen.com\/wp-content\/uploads\/2025\/10\/Small-for-web-and-ppt-PI_NIGHT_BREAKER_SILVER_H4_64193NBS_2x.jpg\",\"contentUrl\":\"https:\/\/xenonkungen.com\/wp-content\/uploads\/2025\/10\/Small-for-web-and-ppt-PI_NIGHT_BREAKER_SILVER_H4_64193NBS_2x.jpg\",\"width\":1024,\"height\":1024},{\"@type\":\"BreadcrumbList\",\"@id\":\"https:\/\/xenonkungen.com\/produkt\/night-breaker-silver-h4\/#breadcrumb\",\"itemListElement\":[{\"@type\":\"ListItem\",\"position\":1,\"name\":\"Hem\",\"item\":\"https:\/\/xenonkungen.com\/\"},{\"@type\":\"ListItem\",\"position\":2,\"name\":\"Shop\",\"item\":\"https:\/\/xenonkungen.com\/shop\/\"},{\"@type\":\"ListItem\",\"position\":3,\"name\":\"NIGHT BREAKER SILVER H4\"}]},{\"@type\":\"WebSite\",\"@id\":\"https:\/\/xenonkungen.com\/#website\",\"url\":\"https:\/\/xenonkungen.com\/\",\"name\":\"Xenonkungen\",\"description\":\"\",\"potentialAction\":[{\"@type\":\"SearchAction\",\"target\":{\"@type\":\"EntryPoint\",\"urlTemplate\":\"https:\/\/xenonkungen.com\/?s={search_term_string}\"},\"query-input\":{\"@type\":\"PropertyValueSpecification\",\"valueRequired\":true,\"valueName\":\"search_term_string\"}}],\"inLanguage\":\"en-GB\"}]}<\/script>\n<!-- \/ Yoast SEO plugin. -->","yoast_head_json":{"title":"NIGHT BREAKER SILVER H4 - The Xenon King","robots":{"index":"index","follow":"follow","max-snippet":"max-snippet:-1","max-image-preview":"max-image-preview:large","max-video-preview":"max-video-preview:-1"},"canonical":"https:\/\/xenonkungen.com\/en\/product\/night-breaker-silver-h4\/","og_locale":"en_GB","og_type":"article","og_title":"NIGHT BREAKER SILVER H4 - Xenonkungen","og_description":"OSRAM NIGHT BREAKER SILVER \u2013 Mer ljus. L\u00e4ngre livsl\u00e4ngd. B\u00e4ttre sikt. Upplev v\u00e4gen som aldrig f\u00f6rr med OSRAM NIGHT BREAKER SILVER \u2013 den h\u00f6gpresterande halogenlampan f\u00f6r dig som vill ha b\u00e5de kraftfullt ljus och l\u00e5ng livsl\u00e4ngd. Med upp till 100 % mer ljus j\u00e4mf\u00f6rt med standardlampor och en ljusk\u00e4gla p\u00e5 upp till 130 meter, ser [&hellip;]","og_url":"https:\/\/xenonkungen.com\/en\/product\/night-breaker-silver-h4\/","og_site_name":"Xenonkungen","article_modified_time":"2026-04-24T16:36:26+00:00","og_image":[{"width":1024,"height":1024,"url":"https:\/\/xenonkungen.com\/wp-content\/uploads\/2025\/10\/Small-for-web-and-ppt-PI_NIGHT_BREAKER_SILVER_H4_64193NBS_2x.jpg","type":"image\/jpeg"}],"twitter_card":"summary_large_image","twitter_misc":{"Estimated reading time":"1 minute"},"schema":{"@context":"https:\/\/schema.org","@graph":[{"@type":"WebPage","@id":"https:\/\/xenonkungen.com\/produkt\/night-breaker-silver-h4\/","url":"https:\/\/xenonkungen.com\/produkt\/night-breaker-silver-h4\/","name":"NIGHT BREAKER SILVER H4 - The Xenon King","isPartOf":{"@id":"https:\/\/xenonkungen.com\/#website"},"primaryImageOfPage":{"@id":"https:\/\/xenonkungen.com\/produkt\/night-breaker-silver-h4\/#primaryimage"},"image":{"@id":"https:\/\/xenonkungen.com\/produkt\/night-breaker-silver-h4\/#primaryimage"},"thumbnailUrl":"https:\/\/xenonkungen.com\/wp-content\/uploads\/2025\/10\/Small-for-web-and-ppt-PI_NIGHT_BREAKER_SILVER_H4_64193NBS_2x.jpg","datePublished":"2025-10-21T13:16:10+00:00","dateModified":"2026-04-24T16:36:26+00:00","breadcrumb":{"@id":"https:\/\/xenonkungen.com\/produkt\/night-breaker-silver-h4\/#breadcrumb"},"inLanguage":"en-GB","potentialAction":[{"@type":"ReadAction","target":["https:\/\/xenonkungen.com\/produkt\/night-breaker-silver-h4\/"]}]},{"@type":"ImageObject","inLanguage":"en-GB","@id":"https:\/\/xenonkungen.com\/produkt\/night-breaker-silver-h4\/#primaryimage","url":"https:\/\/xenonkungen.com\/wp-content\/uploads\/2025\/10\/Small-for-web-and-ppt-PI_NIGHT_BREAKER_SILVER_H4_64193NBS_2x.jpg","contentUrl":"https:\/\/xenonkungen.com\/wp-content\/uploads\/2025\/10\/Small-for-web-and-ppt-PI_NIGHT_BREAKER_SILVER_H4_64193NBS_2x.jpg","width":1024,"height":1024},{"@type":"BreadcrumbList","@id":"https:\/\/xenonkungen.com\/produkt\/night-breaker-silver-h4\/#breadcrumb","itemListElement":[{"@type":"ListItem","position":1,"name":"Hem","item":"https:\/\/xenonkungen.com\/"},{"@type":"ListItem","position":2,"name":"Shop","item":"https:\/\/xenonkungen.com\/shop\/"},{"@type":"ListItem","position":3,"name":"NIGHT BREAKER SILVER H4"}]},{"@type":"WebSite","@id":"https:\/\/xenonkungen.com\/#website","url":"https:\/\/xenonkungen.com\/","name":"Xenonkungen","description":"","potentialAction":[{"@type":"SearchAction","target":{"@type":"EntryPoint","urlTemplate":"https:\/\/xenonkungen.com\/?s={search_term_string}"},"query-input":{"@type":"PropertyValueSpecification","valueRequired":true,"valueName":"search_term_string"}}],"inLanguage":"en-GB"}]}},"taxonomy_info":{"product_brand":[{"value":108,"label":"OSRAM"}],"product_cat":[{"value":2543,"label":"Halogen"},{"value":844,"label":"Halogen"},{"value":733,"label":"Halvljus \/ Helljus"}],"pa_faktisk-effekts-forbrukning":[{"value":845,"label":"60\/55"}],"pa_lampsockel-kontakt":[{"value":340,"label":"H4"},{"value":2785,"label":"P43t"}],"pa_volt-v":[{"value":159,"label":"12"}]},"featured_image_src_large":["https:\/\/xenonkungen.com\/wp-content\/uploads\/2025\/10\/Small-for-web-and-ppt-PI_NIGHT_BREAKER_SILVER_H4_64193NBS_2x.jpg",1024,1024,false],"author_info":[],"comment_info":0,"_links":{"self":[{"href":"https:\/\/xenonkungen.com\/en\/wp-json\/wp\/v2\/product\/16154","targetHints":{"allow":["GET"]}}],"collection":[{"href":"https:\/\/xenonkungen.com\/en\/wp-json\/wp\/v2\/product"}],"about":[{"href":"https:\/\/xenonkungen.com\/en\/wp-json\/wp\/v2\/types\/product"}],"replies":[{"embeddable":true,"href":"https:\/\/xenonkungen.com\/en\/wp-json\/wp\/v2\/comments?post=16154"}],"wp:featuredmedia":[{"embeddable":true,"href":"https:\/\/xenonkungen.com\/en\/wp-json\/wp\/v2\/media\/16158"}],"wp:attachment":[{"href":"https:\/\/xenonkungen.com\/en\/wp-json\/wp\/v2\/media?parent=16154"}],"wp:term":[{"taxonomy":"anvandningsomrade","embeddable":true,"href":"https:\/\/xenonkungen.com\/en\/wp-json\/wp\/v2\/anvandningsomrade?post=16154"},{"taxonomy":"bilmarken","embeddable":true,"href":"https:\/\/xenonkungen.com\/en\/wp-json\/wp\/v2\/bilmarken?post=16154"},{"taxonomy":"product_brand","embeddable":true,"href":"https:\/\/xenonkungen.com\/en\/wp-json\/wp\/v2\/product_brand?post=16154"},{"taxonomy":"product_cat","embeddable":true,"href":"https:\/\/xenonkungen.com\/en\/wp-json\/wp\/v2\/product_cat?post=16154"},{"taxonomy":"product_tag","embeddable":true,"href":"https:\/\/xenonkungen.com\/en\/wp-json\/wp\/v2\/product_tag?post=16154"}],"curies":[{"name":"wp","href":"https:\/\/api.w.org\/{rel}","templated":true}]}}