{"id":1639,"date":"2025-04-15T08:25:43","date_gmt":"2025-04-15T08:25:43","guid":{"rendered":"https:\/\/xenonkungen.com\/product\/led-decoder-motstand-10w\/"},"modified":"2026-04-21T16:22:31","modified_gmt":"2026-04-21T15:22:31","slug":"led-decoder-resistor-10w","status":"publish","type":"product","link":"https:\/\/xenonkungen.com\/en\/product\/led-decoder-resistor-10w\/","title":{"rendered":"LED Decoder \/ resistor 10W"},"content":{"rendered":"<p>This resistor is used to prevent, for example, \"Speedflash\" when installing led indicators on the motorbike. <\/p>\n<p>Installed to increase the power consumption of an LED lamp if you do not have a load insensitive relay.<br \/>Fits directly to the connectors on our motorbike indicators.<\/p>\n<p><strong>Specifications:<\/strong><\/p>\n<ul>\n<li>Equivalent to 10 W bulb (indicators, position lights, signage lighting)<\/li>\n<li>One power resistor per lamp is needed for mounting<\/li>\n<li>Cable length: 30 cm<\/li>\n<li>Delivered individually<\/li>\n<\/ul>","protected":false},"excerpt":{"rendered":"<p>Detta motst\u00e5nd anv\u00e4nds f\u00f6r att f\u00f6rhindra tex &#8221;Speedflash&#8221; n\u00e4r man monterar led blinkers p\u00e5 motorcykeln. Monteras f\u00f6r att \u00f6ka str\u00f6mf\u00f6rbrukningen p\u00e5 en LED-lampa om ni inte har ett lastok\u00e4nsligt rel\u00e4.Passar direkt mot kontakterna p\u00e5 v\u00e5ra MC-blinkers. Specifikationer: Motsvarar 10 W-gl\u00f6dlampa (blinkers, positionsljus, skyltbelysning) Ett effektmotst\u00e5nd per lampa beh\u00f6vs vid montering Kabell\u00e4ngd: 30 cm Levereras styckvis<\/p>","protected":false},"featured_media":1640,"comment_status":"closed","ping_status":"open","template":"","meta":{"_acf_changed":false,"_smort_price_nok":"63","_smort_price_dkk":"40","_smort_price_eur":"5.36","_smort_sale_price_nok":"","_smort_sale_price_dkk":"","_smort_sale_price_eur":"","smort_restorder":"","shipmondo_restorder":"","_kad_blocks_custom_css":"","_kad_blocks_head_custom_js":"","_kad_blocks_body_custom_js":"","_kad_blocks_footer_custom_js":"","smort_custom_pricelist_1":"37.76","smort_custom_pricelist_2":"33.04","smort_custom_pricelist_3":"31.39","smort_custom_pricelist_4":"47.2","smort_custom_pricelist_5":"33.04"},"anvandningsomrade":[],"bilmarken":[],"product_brand":[2793],"product_cat":[390],"product_tag":[],"class_list":{"0":"post-1639","1":"product","2":"type-product","3":"status-publish","4":"has-post-thumbnail","6":"product_brand-ovrigt","7":"product_cat-installation","8":"pa_faktisk-effekts-forbrukning-541","9":"pa_volt-v-multivolt-12-24","11":"first","12":"instock","13":"taxable","14":"shipping-taxable","15":"purchasable","16":"product-type-simple"},"bundled_by":[],"bundle_stock_status":"instock","bundle_stock_quantity":66,"bundle_virtual":false,"bundle_layout":"","bundle_add_to_cart_form_location":"","bundle_editable_in_cart":false,"bundle_sold_individually_context":"","bundle_item_grouping":"","bundle_min_size":"","bundle_max_size":"","bundle_price":[],"bundled_items":[],"bundle_sell_ids":[],"acf":[],"yoast_head":"<!-- This site is optimized with the Yoast SEO plugin v27.0 - https:\/\/yoast.com\/product\/yoast-seo-wordpress\/ -->\n<title>LED Decoder \/ motst\u00e5nd 10W - Xenonkungen<\/title>\n<meta name=\"robots\" content=\"index, follow, max-snippet:-1, max-image-preview:large, max-video-preview:-1\" \/>\n<link rel=\"canonical\" href=\"https:\/\/xenonkungen.com\/en\/product\/led-decoder-resistor-10w\/\" \/>\n<meta property=\"og:locale\" content=\"en_GB\" \/>\n<meta property=\"og:type\" content=\"article\" \/>\n<meta property=\"og:title\" content=\"LED Decoder \/ motst\u00e5nd 10W - Xenonkungen\" \/>\n<meta property=\"og:description\" content=\"Detta motst\u00e5nd anv\u00e4nds f\u00f6r att f\u00f6rhindra tex &#8221;Speedflash&#8221; n\u00e4r man monterar led blinkers p\u00e5 motorcykeln. Monteras f\u00f6r att \u00f6ka str\u00f6mf\u00f6rbrukningen p\u00e5 en LED-lampa om ni inte har ett lastok\u00e4nsligt rel\u00e4.Passar direkt mot kontakterna p\u00e5 v\u00e5ra MC-blinkers. Specifikationer: Motsvarar 10 W-gl\u00f6dlampa (blinkers, positionsljus, skyltbelysning) Ett effektmotst\u00e5nd per lampa beh\u00f6vs vid montering Kabell\u00e4ngd: 30 cm Levereras styckvis\" \/>\n<meta property=\"og:url\" content=\"https:\/\/xenonkungen.com\/en\/product\/led-decoder-resistor-10w\/\" \/>\n<meta property=\"og:site_name\" content=\"Xenonkungen\" \/>\n<meta property=\"article:modified_time\" content=\"2026-04-21T15:22:31+00:00\" \/>\n<meta property=\"og:image\" content=\"https:\/\/xenonkungen.com\/wp-content\/uploads\/2025\/04\/169699885-origpic-659306-scaled.png\" \/>\n\t<meta property=\"og:image:width\" content=\"2560\" \/>\n\t<meta property=\"og:image:height\" content=\"2560\" \/>\n\t<meta property=\"og:image:type\" content=\"image\/png\" \/>\n<meta name=\"twitter:card\" content=\"summary_large_image\" \/>\n<script type=\"application\/ld+json\" class=\"yoast-schema-graph\">{\"@context\":\"https:\/\/schema.org\",\"@graph\":[{\"@type\":\"WebPage\",\"@id\":\"https:\/\/xenonkungen.com\/produkt\/led-decoder-motstand-10w\/\",\"url\":\"https:\/\/xenonkungen.com\/produkt\/led-decoder-motstand-10w\/\",\"name\":\"LED Decoder \/ motst\u00e5nd 10W - Xenonkungen\",\"isPartOf\":{\"@id\":\"https:\/\/xenonkungen.com\/#website\"},\"primaryImageOfPage\":{\"@id\":\"https:\/\/xenonkungen.com\/produkt\/led-decoder-motstand-10w\/#primaryimage\"},\"image\":{\"@id\":\"https:\/\/xenonkungen.com\/produkt\/led-decoder-motstand-10w\/#primaryimage\"},\"thumbnailUrl\":\"https:\/\/xenonkungen.com\/wp-content\/uploads\/2025\/04\/169699885-origpic-659306-scaled.png\",\"datePublished\":\"2025-04-15T08:25:43+00:00\",\"dateModified\":\"2026-04-21T15:22:31+00:00\",\"breadcrumb\":{\"@id\":\"https:\/\/xenonkungen.com\/produkt\/led-decoder-motstand-10w\/#breadcrumb\"},\"inLanguage\":\"en-GB\",\"potentialAction\":[{\"@type\":\"ReadAction\",\"target\":[\"https:\/\/xenonkungen.com\/produkt\/led-decoder-motstand-10w\/\"]}]},{\"@type\":\"ImageObject\",\"inLanguage\":\"en-GB\",\"@id\":\"https:\/\/xenonkungen.com\/produkt\/led-decoder-motstand-10w\/#primaryimage\",\"url\":\"https:\/\/xenonkungen.com\/wp-content\/uploads\/2025\/04\/169699885-origpic-659306-scaled.png\",\"contentUrl\":\"https:\/\/xenonkungen.com\/wp-content\/uploads\/2025\/04\/169699885-origpic-659306-scaled.png\",\"width\":2560,\"height\":2560},{\"@type\":\"BreadcrumbList\",\"@id\":\"https:\/\/xenonkungen.com\/produkt\/led-decoder-motstand-10w\/#breadcrumb\",\"itemListElement\":[{\"@type\":\"ListItem\",\"position\":1,\"name\":\"Hem\",\"item\":\"https:\/\/xenonkungen.com\/\"},{\"@type\":\"ListItem\",\"position\":2,\"name\":\"Shop\",\"item\":\"https:\/\/xenonkungen.com\/shop\/\"},{\"@type\":\"ListItem\",\"position\":3,\"name\":\"LED Decoder \/ motst\u00e5nd 10W\"}]},{\"@type\":\"WebSite\",\"@id\":\"https:\/\/xenonkungen.com\/#website\",\"url\":\"https:\/\/xenonkungen.com\/\",\"name\":\"Xenonkungen\",\"description\":\"\",\"potentialAction\":[{\"@type\":\"SearchAction\",\"target\":{\"@type\":\"EntryPoint\",\"urlTemplate\":\"https:\/\/xenonkungen.com\/?s={search_term_string}\"},\"query-input\":{\"@type\":\"PropertyValueSpecification\",\"valueRequired\":true,\"valueName\":\"search_term_string\"}}],\"inLanguage\":\"en-GB\"}]}<\/script>\n<!-- \/ Yoast SEO plugin. -->","yoast_head_json":{"title":"LED Decoder \/ resistor 10W - Xenonkungen","robots":{"index":"index","follow":"follow","max-snippet":"max-snippet:-1","max-image-preview":"max-image-preview:large","max-video-preview":"max-video-preview:-1"},"canonical":"https:\/\/xenonkungen.com\/en\/product\/led-decoder-resistor-10w\/","og_locale":"en_GB","og_type":"article","og_title":"LED Decoder \/ motst\u00e5nd 10W - Xenonkungen","og_description":"Detta motst\u00e5nd anv\u00e4nds f\u00f6r att f\u00f6rhindra tex &#8221;Speedflash&#8221; n\u00e4r man monterar led blinkers p\u00e5 motorcykeln. Monteras f\u00f6r att \u00f6ka str\u00f6mf\u00f6rbrukningen p\u00e5 en LED-lampa om ni inte har ett lastok\u00e4nsligt rel\u00e4.Passar direkt mot kontakterna p\u00e5 v\u00e5ra MC-blinkers. Specifikationer: Motsvarar 10 W-gl\u00f6dlampa (blinkers, positionsljus, skyltbelysning) Ett effektmotst\u00e5nd per lampa beh\u00f6vs vid montering Kabell\u00e4ngd: 30 cm Levereras styckvis","og_url":"https:\/\/xenonkungen.com\/en\/product\/led-decoder-resistor-10w\/","og_site_name":"Xenonkungen","article_modified_time":"2026-04-21T15:22:31+00:00","og_image":[{"width":2560,"height":2560,"url":"https:\/\/xenonkungen.com\/wp-content\/uploads\/2025\/04\/169699885-origpic-659306-scaled.png","type":"image\/png"}],"twitter_card":"summary_large_image","schema":{"@context":"https:\/\/schema.org","@graph":[{"@type":"WebPage","@id":"https:\/\/xenonkungen.com\/produkt\/led-decoder-motstand-10w\/","url":"https:\/\/xenonkungen.com\/produkt\/led-decoder-motstand-10w\/","name":"LED Decoder \/ resistor 10W - Xenonkungen","isPartOf":{"@id":"https:\/\/xenonkungen.com\/#website"},"primaryImageOfPage":{"@id":"https:\/\/xenonkungen.com\/produkt\/led-decoder-motstand-10w\/#primaryimage"},"image":{"@id":"https:\/\/xenonkungen.com\/produkt\/led-decoder-motstand-10w\/#primaryimage"},"thumbnailUrl":"https:\/\/xenonkungen.com\/wp-content\/uploads\/2025\/04\/169699885-origpic-659306-scaled.png","datePublished":"2025-04-15T08:25:43+00:00","dateModified":"2026-04-21T15:22:31+00:00","breadcrumb":{"@id":"https:\/\/xenonkungen.com\/produkt\/led-decoder-motstand-10w\/#breadcrumb"},"inLanguage":"en-GB","potentialAction":[{"@type":"ReadAction","target":["https:\/\/xenonkungen.com\/produkt\/led-decoder-motstand-10w\/"]}]},{"@type":"ImageObject","inLanguage":"en-GB","@id":"https:\/\/xenonkungen.com\/produkt\/led-decoder-motstand-10w\/#primaryimage","url":"https:\/\/xenonkungen.com\/wp-content\/uploads\/2025\/04\/169699885-origpic-659306-scaled.png","contentUrl":"https:\/\/xenonkungen.com\/wp-content\/uploads\/2025\/04\/169699885-origpic-659306-scaled.png","width":2560,"height":2560},{"@type":"BreadcrumbList","@id":"https:\/\/xenonkungen.com\/produkt\/led-decoder-motstand-10w\/#breadcrumb","itemListElement":[{"@type":"ListItem","position":1,"name":"Hem","item":"https:\/\/xenonkungen.com\/"},{"@type":"ListItem","position":2,"name":"Shop","item":"https:\/\/xenonkungen.com\/shop\/"},{"@type":"ListItem","position":3,"name":"LED Decoder \/ motst\u00e5nd 10W"}]},{"@type":"WebSite","@id":"https:\/\/xenonkungen.com\/#website","url":"https:\/\/xenonkungen.com\/","name":"Xenonkungen","description":"","potentialAction":[{"@type":"SearchAction","target":{"@type":"EntryPoint","urlTemplate":"https:\/\/xenonkungen.com\/?s={search_term_string}"},"query-input":{"@type":"PropertyValueSpecification","valueRequired":true,"valueName":"search_term_string"}}],"inLanguage":"en-GB"}]}},"taxonomy_info":{"product_brand":[{"value":2793,"label":"\u00d6VRIGT"}],"product_cat":[{"value":390,"label":"Installation"}],"pa_faktisk-effekts-forbrukning":[{"value":541,"label":"10"}],"pa_volt-v":[{"value":382,"label":"Multivolt, 12, 24"}]},"featured_image_src_large":["https:\/\/xenonkungen.com\/wp-content\/uploads\/2025\/04\/169699885-origpic-659306-1024x1024.png",1024,1024,true],"author_info":[],"comment_info":0,"_links":{"self":[{"href":"https:\/\/xenonkungen.com\/en\/wp-json\/wp\/v2\/product\/1639","targetHints":{"allow":["GET"]}}],"collection":[{"href":"https:\/\/xenonkungen.com\/en\/wp-json\/wp\/v2\/product"}],"about":[{"href":"https:\/\/xenonkungen.com\/en\/wp-json\/wp\/v2\/types\/product"}],"replies":[{"embeddable":true,"href":"https:\/\/xenonkungen.com\/en\/wp-json\/wp\/v2\/comments?post=1639"}],"wp:featuredmedia":[{"embeddable":true,"href":"https:\/\/xenonkungen.com\/en\/wp-json\/wp\/v2\/media\/1640"}],"wp:attachment":[{"href":"https:\/\/xenonkungen.com\/en\/wp-json\/wp\/v2\/media?parent=1639"}],"wp:term":[{"taxonomy":"anvandningsomrade","embeddable":true,"href":"https:\/\/xenonkungen.com\/en\/wp-json\/wp\/v2\/anvandningsomrade?post=1639"},{"taxonomy":"bilmarken","embeddable":true,"href":"https:\/\/xenonkungen.com\/en\/wp-json\/wp\/v2\/bilmarken?post=1639"},{"taxonomy":"product_brand","embeddable":true,"href":"https:\/\/xenonkungen.com\/en\/wp-json\/wp\/v2\/product_brand?post=1639"},{"taxonomy":"product_cat","embeddable":true,"href":"https:\/\/xenonkungen.com\/en\/wp-json\/wp\/v2\/product_cat?post=1639"},{"taxonomy":"product_tag","embeddable":true,"href":"https:\/\/xenonkungen.com\/en\/wp-json\/wp\/v2\/product_tag?post=1639"}],"curies":[{"name":"wp","href":"https:\/\/api.w.org\/{rel}","templated":true}]}}