{"id":1965,"date":"2025-04-15T08:31:29","date_gmt":"2025-04-15T08:31:29","guid":{"rendered":"https:\/\/xenonkungen.com\/product\/ledis-on-s2-led-konvertering-h15\/"},"modified":"2026-04-24T16:38:34","modified_gmt":"2026-04-24T15:38:34","slug":"ledis-on-s2-led-conversion-h15","status":"publish","type":"product","link":"https:\/\/xenonkungen.com\/en\/product\/ledis-on-s2-led-conversion-h15\/","title":{"rendered":"Ledis-on\u00ae S2 Led Conversion H15"},"content":{"rendered":"<p>With 2500 lumens (actual), LEDISON S2 provides twice the brightness of the car's existing 55W halogen bulbs.<\/p>\n<p>The brightness of these diodes for low beam and\/or high beam is close to 35W xenon light (6000K).<br \/>Lamp type H15 has dual lighting functions and the &quot;low beam&quot; is usually used as DRL daytime running lights and full power provides high beam.<\/p>\n<p>Equipped with Korean Seoul LED type Y19, designed for vehicle lighting.<\/p>\n<p>Since its introduction in October 2016, the S2 series has been copied by other manufacturers, often using cheaper materials with worse results.<\/p>","protected":false},"excerpt":{"rendered":"<p>LEDISON S2 ger med 2500 lumen (faktiska) dubbel ljusstyrka j\u00e4mf\u00f6rt bilens befintliga 55W halogen gl\u00f6dlampor. Ljusstyrkan hos dessa diodlampor f\u00f6r halvljus och\/eller helljus tangerar n\u00e4stan 35W xenonljus (6000K).Lamptyp H15 har dubbla ljusfunktioner och &#8221;halvljuset&#8221; anv\u00e4nds vanligtvis som DRL varselljus och full effekt ger helljus. Bestyckad med koreanska Seoul LED av typ Y19 som \u00e4r framtagna [&hellip;]<\/p>","protected":false},"featured_media":1966,"comment_status":"closed","ping_status":"open","template":"","meta":{"_acf_changed":false,"_smort_price_nok":"481","_smort_price_dkk":"472","_smort_price_eur":"63.18","_smort_sale_price_nok":"481","_smort_sale_price_dkk":"","_smort_sale_price_eur":"","smort_restorder":"","shipmondo_restorder":"","_kad_blocks_custom_css":"","_kad_blocks_head_custom_js":"","_kad_blocks_body_custom_js":"","_kad_blocks_footer_custom_js":"","smort_custom_pricelist_1":"444.8","smort_custom_pricelist_2":"330","smort_custom_pricelist_3":"313.5","smort_custom_pricelist_4":"556","smort_custom_pricelist_5":"330"},"anvandningsomrade":[],"bilmarken":[],"product_brand":[100],"product_cat":[2451,733,1402],"product_tag":[],"class_list":{"0":"post-1965","1":"product","2":"type-product","3":"status-publish","4":"has-post-thumbnail","6":"product_brand-ledis-on","7":"product_cat-led-konvertering","8":"product_cat-halvljus-helljus","9":"product_cat-outlet","10":"pa_faktisk-effekts-forbrukning-734","11":"pa_fargtemperatur-6000k","12":"pa_lampsockel-kontakt-h15","13":"pa_stromforbrukning-26a12v","14":"pa_volt-v-12-24","16":"first","17":"instock","18":"sale","19":"taxable","20":"shipping-taxable","21":"purchasable","22":"product-type-simple"},"bundled_by":[],"bundle_stock_status":"instock","bundle_stock_quantity":39,"bundle_virtual":false,"bundle_layout":"","bundle_add_to_cart_form_location":"","bundle_editable_in_cart":false,"bundle_sold_individually_context":"","bundle_item_grouping":"","bundle_min_size":"","bundle_max_size":"","bundle_price":[],"bundled_items":[],"bundle_sell_ids":[],"acf":[],"yoast_head":"<!-- This site is optimized with the Yoast SEO plugin v27.0 - https:\/\/yoast.com\/product\/yoast-seo-wordpress\/ -->\n<title>Ledis-on\u00ae S2 Led Konvertering H15 - Xenonkungen<\/title>\n<meta name=\"robots\" content=\"index, follow, max-snippet:-1, max-image-preview:large, max-video-preview:-1\" \/>\n<link rel=\"canonical\" href=\"https:\/\/xenonkungen.com\/en\/product\/ledis-on-s2-led-conversion-h15\/\" \/>\n<meta property=\"og:locale\" content=\"en_GB\" \/>\n<meta property=\"og:type\" content=\"article\" \/>\n<meta property=\"og:title\" content=\"Ledis-on\u00ae S2 Led Konvertering H15 - Xenonkungen\" \/>\n<meta property=\"og:description\" content=\"LEDISON S2 ger med 2500 lumen (faktiska) dubbel ljusstyrka j\u00e4mf\u00f6rt bilens befintliga 55W halogen gl\u00f6dlampor. Ljusstyrkan hos dessa diodlampor f\u00f6r halvljus och\/eller helljus tangerar n\u00e4stan 35W xenonljus (6000K).Lamptyp H15 har dubbla ljusfunktioner och &#8221;halvljuset&#8221; anv\u00e4nds vanligtvis som DRL varselljus och full effekt ger helljus. Bestyckad med koreanska Seoul LED av typ Y19 som \u00e4r framtagna [&hellip;]\" \/>\n<meta property=\"og:url\" content=\"https:\/\/xenonkungen.com\/en\/product\/ledis-on-s2-led-conversion-h15\/\" \/>\n<meta property=\"og:site_name\" content=\"Xenonkungen\" \/>\n<meta property=\"article:modified_time\" content=\"2026-04-24T15:38:34+00:00\" \/>\n<meta property=\"og:image\" content=\"https:\/\/xenonkungen.com\/wp-content\/uploads\/2025\/04\/155371102-origpic-a9341c.png\" \/>\n\t<meta property=\"og:image:width\" content=\"1000\" \/>\n\t<meta property=\"og:image:height\" content=\"1000\" \/>\n\t<meta property=\"og:image:type\" content=\"image\/png\" \/>\n<meta name=\"twitter:card\" content=\"summary_large_image\" \/>\n<script type=\"application\/ld+json\" class=\"yoast-schema-graph\">{\"@context\":\"https:\/\/schema.org\",\"@graph\":[{\"@type\":\"WebPage\",\"@id\":\"https:\/\/xenonkungen.com\/es\/producto\/ledis-on-s2-led-konvertering-h15\/\",\"url\":\"https:\/\/xenonkungen.com\/es\/producto\/ledis-on-s2-led-konvertering-h15\/\",\"name\":\"Ledis-on\u00ae S2 Led Konvertering H15 - Xenonkungen\",\"isPartOf\":{\"@id\":\"https:\/\/xenonkungen.com\/#website\"},\"primaryImageOfPage\":{\"@id\":\"https:\/\/xenonkungen.com\/es\/producto\/ledis-on-s2-led-konvertering-h15\/#primaryimage\"},\"image\":{\"@id\":\"https:\/\/xenonkungen.com\/es\/producto\/ledis-on-s2-led-konvertering-h15\/#primaryimage\"},\"thumbnailUrl\":\"https:\/\/xenonkungen.com\/wp-content\/uploads\/2025\/04\/155371102-origpic-a9341c.png\",\"datePublished\":\"2025-04-15T08:31:29+00:00\",\"dateModified\":\"2026-04-24T15:38:34+00:00\",\"breadcrumb\":{\"@id\":\"https:\/\/xenonkungen.com\/es\/producto\/ledis-on-s2-led-konvertering-h15\/#breadcrumb\"},\"inLanguage\":\"en-GB\",\"potentialAction\":[{\"@type\":\"ReadAction\",\"target\":[\"https:\/\/xenonkungen.com\/es\/producto\/ledis-on-s2-led-konvertering-h15\/\"]}]},{\"@type\":\"ImageObject\",\"inLanguage\":\"en-GB\",\"@id\":\"https:\/\/xenonkungen.com\/es\/producto\/ledis-on-s2-led-konvertering-h15\/#primaryimage\",\"url\":\"https:\/\/xenonkungen.com\/wp-content\/uploads\/2025\/04\/155371102-origpic-a9341c.png\",\"contentUrl\":\"https:\/\/xenonkungen.com\/wp-content\/uploads\/2025\/04\/155371102-origpic-a9341c.png\",\"width\":1000,\"height\":1000},{\"@type\":\"BreadcrumbList\",\"@id\":\"https:\/\/xenonkungen.com\/es\/producto\/ledis-on-s2-led-konvertering-h15\/#breadcrumb\",\"itemListElement\":[{\"@type\":\"ListItem\",\"position\":1,\"name\":\"Hem\",\"item\":\"https:\/\/xenonkungen.com\/\"},{\"@type\":\"ListItem\",\"position\":2,\"name\":\"Shop\",\"item\":\"https:\/\/xenonkungen.com\/shop\/\"},{\"@type\":\"ListItem\",\"position\":3,\"name\":\"Ledis-on\u00ae S2 Led Konvertering H15\"}]},{\"@type\":\"WebSite\",\"@id\":\"https:\/\/xenonkungen.com\/#website\",\"url\":\"https:\/\/xenonkungen.com\/\",\"name\":\"Xenonkungen\",\"description\":\"\",\"potentialAction\":[{\"@type\":\"SearchAction\",\"target\":{\"@type\":\"EntryPoint\",\"urlTemplate\":\"https:\/\/xenonkungen.com\/?s={search_term_string}\"},\"query-input\":{\"@type\":\"PropertyValueSpecification\",\"valueRequired\":true,\"valueName\":\"search_term_string\"}}],\"inLanguage\":\"en-GB\"}]}<\/script>\n<!-- \/ Yoast SEO plugin. -->","yoast_head_json":{"title":"Ledis-on\u00ae S2 Led Conversion H15 - The Xenon King","robots":{"index":"index","follow":"follow","max-snippet":"max-snippet:-1","max-image-preview":"max-image-preview:large","max-video-preview":"max-video-preview:-1"},"canonical":"https:\/\/xenonkungen.com\/en\/product\/ledis-on-s2-led-conversion-h15\/","og_locale":"en_GB","og_type":"article","og_title":"Ledis-on\u00ae S2 Led Konvertering H15 - Xenonkungen","og_description":"LEDISON S2 ger med 2500 lumen (faktiska) dubbel ljusstyrka j\u00e4mf\u00f6rt bilens befintliga 55W halogen gl\u00f6dlampor. Ljusstyrkan hos dessa diodlampor f\u00f6r halvljus och\/eller helljus tangerar n\u00e4stan 35W xenonljus (6000K).Lamptyp H15 har dubbla ljusfunktioner och &#8221;halvljuset&#8221; anv\u00e4nds vanligtvis som DRL varselljus och full effekt ger helljus. Bestyckad med koreanska Seoul LED av typ Y19 som \u00e4r framtagna [&hellip;]","og_url":"https:\/\/xenonkungen.com\/en\/product\/ledis-on-s2-led-conversion-h15\/","og_site_name":"Xenonkungen","article_modified_time":"2026-04-24T15:38:34+00:00","og_image":[{"width":1000,"height":1000,"url":"https:\/\/xenonkungen.com\/wp-content\/uploads\/2025\/04\/155371102-origpic-a9341c.png","type":"image\/png"}],"twitter_card":"summary_large_image","schema":{"@context":"https:\/\/schema.org","@graph":[{"@type":"WebPage","@id":"https:\/\/xenonkungen.com\/es\/producto\/ledis-on-s2-led-konvertering-h15\/","url":"https:\/\/xenonkungen.com\/es\/producto\/ledis-on-s2-led-konvertering-h15\/","name":"Ledis-on\u00ae S2 Led Conversion H15 - The Xenon King","isPartOf":{"@id":"https:\/\/xenonkungen.com\/#website"},"primaryImageOfPage":{"@id":"https:\/\/xenonkungen.com\/es\/producto\/ledis-on-s2-led-konvertering-h15\/#primaryimage"},"image":{"@id":"https:\/\/xenonkungen.com\/es\/producto\/ledis-on-s2-led-konvertering-h15\/#primaryimage"},"thumbnailUrl":"https:\/\/xenonkungen.com\/wp-content\/uploads\/2025\/04\/155371102-origpic-a9341c.png","datePublished":"2025-04-15T08:31:29+00:00","dateModified":"2026-04-24T15:38:34+00:00","breadcrumb":{"@id":"https:\/\/xenonkungen.com\/es\/producto\/ledis-on-s2-led-konvertering-h15\/#breadcrumb"},"inLanguage":"en-GB","potentialAction":[{"@type":"ReadAction","target":["https:\/\/xenonkungen.com\/es\/producto\/ledis-on-s2-led-konvertering-h15\/"]}]},{"@type":"ImageObject","inLanguage":"en-GB","@id":"https:\/\/xenonkungen.com\/es\/producto\/ledis-on-s2-led-konvertering-h15\/#primaryimage","url":"https:\/\/xenonkungen.com\/wp-content\/uploads\/2025\/04\/155371102-origpic-a9341c.png","contentUrl":"https:\/\/xenonkungen.com\/wp-content\/uploads\/2025\/04\/155371102-origpic-a9341c.png","width":1000,"height":1000},{"@type":"BreadcrumbList","@id":"https:\/\/xenonkungen.com\/es\/producto\/ledis-on-s2-led-konvertering-h15\/#breadcrumb","itemListElement":[{"@type":"ListItem","position":1,"name":"Hem","item":"https:\/\/xenonkungen.com\/"},{"@type":"ListItem","position":2,"name":"Shop","item":"https:\/\/xenonkungen.com\/shop\/"},{"@type":"ListItem","position":3,"name":"Ledis-on\u00ae S2 Led Konvertering H15"}]},{"@type":"WebSite","@id":"https:\/\/xenonkungen.com\/#website","url":"https:\/\/xenonkungen.com\/","name":"Xenonkungen","description":"","potentialAction":[{"@type":"SearchAction","target":{"@type":"EntryPoint","urlTemplate":"https:\/\/xenonkungen.com\/?s={search_term_string}"},"query-input":{"@type":"PropertyValueSpecification","valueRequired":true,"valueName":"search_term_string"}}],"inLanguage":"en-GB"}]}},"taxonomy_info":{"product_brand":[{"value":100,"label":"LEDIS-ON"}],"product_cat":[{"value":2451,"label":"Led-konvertering"},{"value":733,"label":"Halvljus \/ Helljus"},{"value":1402,"label":"Outlet"}],"pa_faktisk-effekts-forbrukning":[{"value":734,"label":"31,2"}],"pa_fargtemperatur":[{"value":188,"label":"6000K"}],"pa_lampsockel-kontakt":[{"value":736,"label":"H15"}],"pa_stromforbrukning":[{"value":735,"label":"2,6A@12V"}],"pa_volt-v":[{"value":348,"label":"12, 24"}]},"featured_image_src_large":["https:\/\/xenonkungen.com\/wp-content\/uploads\/2025\/04\/155371102-origpic-a9341c.png",1000,1000,false],"author_info":[],"comment_info":0,"_links":{"self":[{"href":"https:\/\/xenonkungen.com\/en\/wp-json\/wp\/v2\/product\/1965","targetHints":{"allow":["GET"]}}],"collection":[{"href":"https:\/\/xenonkungen.com\/en\/wp-json\/wp\/v2\/product"}],"about":[{"href":"https:\/\/xenonkungen.com\/en\/wp-json\/wp\/v2\/types\/product"}],"replies":[{"embeddable":true,"href":"https:\/\/xenonkungen.com\/en\/wp-json\/wp\/v2\/comments?post=1965"}],"wp:featuredmedia":[{"embeddable":true,"href":"https:\/\/xenonkungen.com\/en\/wp-json\/wp\/v2\/media\/1966"}],"wp:attachment":[{"href":"https:\/\/xenonkungen.com\/en\/wp-json\/wp\/v2\/media?parent=1965"}],"wp:term":[{"taxonomy":"anvandningsomrade","embeddable":true,"href":"https:\/\/xenonkungen.com\/en\/wp-json\/wp\/v2\/anvandningsomrade?post=1965"},{"taxonomy":"bilmarken","embeddable":true,"href":"https:\/\/xenonkungen.com\/en\/wp-json\/wp\/v2\/bilmarken?post=1965"},{"taxonomy":"product_brand","embeddable":true,"href":"https:\/\/xenonkungen.com\/en\/wp-json\/wp\/v2\/product_brand?post=1965"},{"taxonomy":"product_cat","embeddable":true,"href":"https:\/\/xenonkungen.com\/en\/wp-json\/wp\/v2\/product_cat?post=1965"},{"taxonomy":"product_tag","embeddable":true,"href":"https:\/\/xenonkungen.com\/en\/wp-json\/wp\/v2\/product_tag?post=1965"}],"curies":[{"name":"wp","href":"https:\/\/api.w.org\/{rel}","templated":true}]}}