{"id":2204,"date":"2025-04-15T08:34:24","date_gmt":"2025-04-15T08:34:24","guid":{"rendered":"https:\/\/xenonkungen.com\/product\/d2r-4300k-xenonlampor-xenonkungen\/"},"modified":"2026-05-13T08:00:26","modified_gmt":"2026-05-13T07:00:26","slug":"d2r-4300k-xenon-lamps-the-xenon-king","status":"publish","type":"product","link":"https:\/\/xenonkungen.com\/en\/product\/d2r-4300k-xenon-lamps-the-xenon-king\/","title":{"rendered":"D2R 4300K Xenon Lamps Xenon Heads\u00ae"},"content":{"rendered":"<p>Xenonkungen <strong>D2R 4300K<\/strong> standard xenon bulb for replacement.<\/p>\n<p>Not to be confused with \"cheapest on the net\" lamps, which we do not sell as they often do not give the correct light image. We have sold most things over the years and know today what works best.<\/p>\n<p>Xenon lamp type D2R is used in most Volvo model years 1998-2009 approx, Mercedes C-. E-, S-class 1995-2002 approx with several cars \/ models with reflector headlights (missing the round projection lens).<\/p>\n<p><em>A xenon bulb changes over its lifetime in both colour and intensity. If your current lamps have a pinkish colour, the strength is almost halved. We recommend replacing after 5 years\/8000 miles.<\/em><\/p>\n<p><strong>Note!<\/strong> <em>The car's owner's manual may indicate the wrong lamp type. The safest way is to identify the lamp directly in the car. Also compare with the Osram lamp guide.<\/em><\/p>\n<p>Sold in pairs.<br \/>2 year guarantee.<\/p>","protected":false},"excerpt":{"rendered":"<p>Xenonkungen D2R 4300K standard xenonlampa f\u00f6r utbyte. Ej att f\u00f6rv\u00e4xlas med &#8221;billigast p\u00e5 n\u00e4tet&#8221; lampor, vilka vi inte s\u00e4ljer d\u00e5 de ofta inte ger korrekt ljusbild. Vi har s\u00e5lt det mesta genom \u00e5ren och vet idag vad som fungerar b\u00e4st. Xenonlampa typ D2R anv\u00e4nds i bl.a. flertalet Volvo \u00e5rsmodell 1998-2009 ca, Mercedes C-. E-, S-klass [&hellip;]<\/p>","protected":false},"featured_media":2205,"comment_status":"closed","ping_status":"open","template":"","meta":{"_acf_changed":false,"_smort_price_nok":"373","_smort_price_dkk":"237","_smort_price_eur":"31.73","_smort_sale_price_nok":"","_smort_sale_price_dkk":"","_smort_sale_price_eur":"23.79","smort_restorder":"","shipmondo_restorder":"","_kad_blocks_custom_css":"","_kad_blocks_head_custom_js":"","_kad_blocks_body_custom_js":"","_kad_blocks_footer_custom_js":"","smort_custom_pricelist_1":"195.44","smort_custom_pricelist_2":"195.44","smort_custom_pricelist_3":"185.67","smort_custom_pricelist_4":"279.2","smort_custom_pricelist_5":"195.44"},"anvandningsomrade":[],"bilmarken":[],"product_brand":[],"product_cat":[2483,733],"product_tag":[],"class_list":{"0":"post-2204","1":"product","2":"type-product","3":"status-publish","4":"has-post-thumbnail","6":"product_cat-xenon","7":"product_cat-halvljus-helljus","8":"pa_fargtemperatur-4300k","9":"pa_godkannande-e-markt","10":"pa_lampsockel-kontakt-d2r","11":"pa_volt-v-12-24","13":"first","14":"instock","15":"taxable","16":"shipping-taxable","17":"purchasable","18":"product-type-simple"},"bundled_by":[],"bundle_stock_status":"instock","bundle_stock_quantity":73,"bundle_virtual":false,"bundle_layout":"","bundle_add_to_cart_form_location":"","bundle_editable_in_cart":false,"bundle_sold_individually_context":"","bundle_item_grouping":"","bundle_min_size":"","bundle_max_size":"","bundle_price":[],"bundled_items":[],"bundle_sell_ids":[],"acf":[],"yoast_head":"<!-- This site is optimized with the Yoast SEO plugin v27.0 - https:\/\/yoast.com\/product\/yoast-seo-wordpress\/ -->\n<title>D2R 4300K Xenonlampor Xenonkungen\u00ae - Xenonkungen<\/title>\n<meta name=\"robots\" content=\"index, follow, max-snippet:-1, max-image-preview:large, max-video-preview:-1\" \/>\n<link rel=\"canonical\" href=\"https:\/\/xenonkungen.com\/en\/product\/d2r-4300k-xenon-lamps-the-xenon-king\/\" \/>\n<meta property=\"og:locale\" content=\"en_GB\" \/>\n<meta property=\"og:type\" content=\"article\" \/>\n<meta property=\"og:title\" content=\"D2R 4300K Xenonlampor Xenonkungen\u00ae - Xenonkungen\" \/>\n<meta property=\"og:description\" content=\"Xenonkungen D2R 4300K standard xenonlampa f\u00f6r utbyte. Ej att f\u00f6rv\u00e4xlas med &#8221;billigast p\u00e5 n\u00e4tet&#8221; lampor, vilka vi inte s\u00e4ljer d\u00e5 de ofta inte ger korrekt ljusbild. Vi har s\u00e5lt det mesta genom \u00e5ren och vet idag vad som fungerar b\u00e4st. Xenonlampa typ D2R anv\u00e4nds i bl.a. flertalet Volvo \u00e5rsmodell 1998-2009 ca, Mercedes C-. E-, S-klass [&hellip;]\" \/>\n<meta property=\"og:url\" content=\"https:\/\/xenonkungen.com\/en\/product\/d2r-4300k-xenon-lamps-the-xenon-king\/\" \/>\n<meta property=\"og:site_name\" content=\"Xenonkungen\" \/>\n<meta property=\"article:modified_time\" content=\"2026-05-13T07:00:26+00:00\" \/>\n<meta property=\"og:image\" content=\"https:\/\/xenonkungen.com\/wp-content\/uploads\/2025\/04\/167048947-origpic-cd6d78.png\" \/>\n\t<meta property=\"og:image:width\" content=\"1000\" \/>\n\t<meta property=\"og:image:height\" content=\"1000\" \/>\n\t<meta property=\"og:image:type\" content=\"image\/png\" \/>\n<meta name=\"twitter:card\" content=\"summary_large_image\" \/>\n<meta name=\"twitter:label1\" content=\"Estimated reading time\" \/>\n\t<meta name=\"twitter:data1\" content=\"1 minute\" \/>\n<script type=\"application\/ld+json\" class=\"yoast-schema-graph\">{\"@context\":\"https:\/\/schema.org\",\"@graph\":[{\"@type\":\"WebPage\",\"@id\":\"https:\/\/xenonkungen.com\/produkt\/d2r-4300k-xenonlampor-xenonkungen\/\",\"url\":\"https:\/\/xenonkungen.com\/produkt\/d2r-4300k-xenonlampor-xenonkungen\/\",\"name\":\"D2R 4300K Xenonlampor Xenonkungen\u00ae - Xenonkungen\",\"isPartOf\":{\"@id\":\"https:\/\/xenonkungen.com\/#website\"},\"primaryImageOfPage\":{\"@id\":\"https:\/\/xenonkungen.com\/produkt\/d2r-4300k-xenonlampor-xenonkungen\/#primaryimage\"},\"image\":{\"@id\":\"https:\/\/xenonkungen.com\/produkt\/d2r-4300k-xenonlampor-xenonkungen\/#primaryimage\"},\"thumbnailUrl\":\"https:\/\/xenonkungen.com\/wp-content\/uploads\/2025\/04\/167048947-origpic-cd6d78.png\",\"datePublished\":\"2025-04-15T08:34:24+00:00\",\"dateModified\":\"2026-05-13T07:00:26+00:00\",\"breadcrumb\":{\"@id\":\"https:\/\/xenonkungen.com\/produkt\/d2r-4300k-xenonlampor-xenonkungen\/#breadcrumb\"},\"inLanguage\":\"en-GB\",\"potentialAction\":[{\"@type\":\"ReadAction\",\"target\":[\"https:\/\/xenonkungen.com\/produkt\/d2r-4300k-xenonlampor-xenonkungen\/\"]}]},{\"@type\":\"ImageObject\",\"inLanguage\":\"en-GB\",\"@id\":\"https:\/\/xenonkungen.com\/produkt\/d2r-4300k-xenonlampor-xenonkungen\/#primaryimage\",\"url\":\"https:\/\/xenonkungen.com\/wp-content\/uploads\/2025\/04\/167048947-origpic-cd6d78.png\",\"contentUrl\":\"https:\/\/xenonkungen.com\/wp-content\/uploads\/2025\/04\/167048947-origpic-cd6d78.png\",\"width\":1000,\"height\":1000},{\"@type\":\"BreadcrumbList\",\"@id\":\"https:\/\/xenonkungen.com\/produkt\/d2r-4300k-xenonlampor-xenonkungen\/#breadcrumb\",\"itemListElement\":[{\"@type\":\"ListItem\",\"position\":1,\"name\":\"Hem\",\"item\":\"https:\/\/xenonkungen.com\/\"},{\"@type\":\"ListItem\",\"position\":2,\"name\":\"Shop\",\"item\":\"https:\/\/xenonkungen.com\/shop\/\"},{\"@type\":\"ListItem\",\"position\":3,\"name\":\"D2R 4300K Xenonlampor Xenonkungen\u00ae\"}]},{\"@type\":\"WebSite\",\"@id\":\"https:\/\/xenonkungen.com\/#website\",\"url\":\"https:\/\/xenonkungen.com\/\",\"name\":\"Xenonkungen\",\"description\":\"\",\"potentialAction\":[{\"@type\":\"SearchAction\",\"target\":{\"@type\":\"EntryPoint\",\"urlTemplate\":\"https:\/\/xenonkungen.com\/?s={search_term_string}\"},\"query-input\":{\"@type\":\"PropertyValueSpecification\",\"valueRequired\":true,\"valueName\":\"search_term_string\"}}],\"inLanguage\":\"en-GB\"}]}<\/script>\n<!-- \/ Yoast SEO plugin. -->","yoast_head_json":{"title":"D2R 4300K Xenon lamps The Xenon king\u00ae - The Xenon king","robots":{"index":"index","follow":"follow","max-snippet":"max-snippet:-1","max-image-preview":"max-image-preview:large","max-video-preview":"max-video-preview:-1"},"canonical":"https:\/\/xenonkungen.com\/en\/product\/d2r-4300k-xenon-lamps-the-xenon-king\/","og_locale":"en_GB","og_type":"article","og_title":"D2R 4300K Xenonlampor Xenonkungen\u00ae - Xenonkungen","og_description":"Xenonkungen D2R 4300K standard xenonlampa f\u00f6r utbyte. Ej att f\u00f6rv\u00e4xlas med &#8221;billigast p\u00e5 n\u00e4tet&#8221; lampor, vilka vi inte s\u00e4ljer d\u00e5 de ofta inte ger korrekt ljusbild. Vi har s\u00e5lt det mesta genom \u00e5ren och vet idag vad som fungerar b\u00e4st. Xenonlampa typ D2R anv\u00e4nds i bl.a. flertalet Volvo \u00e5rsmodell 1998-2009 ca, Mercedes C-. E-, S-klass [&hellip;]","og_url":"https:\/\/xenonkungen.com\/en\/product\/d2r-4300k-xenon-lamps-the-xenon-king\/","og_site_name":"Xenonkungen","article_modified_time":"2026-05-13T07:00:26+00:00","og_image":[{"width":1000,"height":1000,"url":"https:\/\/xenonkungen.com\/wp-content\/uploads\/2025\/04\/167048947-origpic-cd6d78.png","type":"image\/png"}],"twitter_card":"summary_large_image","twitter_misc":{"Estimated reading time":"1 minute"},"schema":{"@context":"https:\/\/schema.org","@graph":[{"@type":"WebPage","@id":"https:\/\/xenonkungen.com\/produkt\/d2r-4300k-xenonlampor-xenonkungen\/","url":"https:\/\/xenonkungen.com\/produkt\/d2r-4300k-xenonlampor-xenonkungen\/","name":"D2R 4300K Xenon lamps The Xenon king\u00ae - The Xenon king","isPartOf":{"@id":"https:\/\/xenonkungen.com\/#website"},"primaryImageOfPage":{"@id":"https:\/\/xenonkungen.com\/produkt\/d2r-4300k-xenonlampor-xenonkungen\/#primaryimage"},"image":{"@id":"https:\/\/xenonkungen.com\/produkt\/d2r-4300k-xenonlampor-xenonkungen\/#primaryimage"},"thumbnailUrl":"https:\/\/xenonkungen.com\/wp-content\/uploads\/2025\/04\/167048947-origpic-cd6d78.png","datePublished":"2025-04-15T08:34:24+00:00","dateModified":"2026-05-13T07:00:26+00:00","breadcrumb":{"@id":"https:\/\/xenonkungen.com\/produkt\/d2r-4300k-xenonlampor-xenonkungen\/#breadcrumb"},"inLanguage":"en-GB","potentialAction":[{"@type":"ReadAction","target":["https:\/\/xenonkungen.com\/produkt\/d2r-4300k-xenonlampor-xenonkungen\/"]}]},{"@type":"ImageObject","inLanguage":"en-GB","@id":"https:\/\/xenonkungen.com\/produkt\/d2r-4300k-xenonlampor-xenonkungen\/#primaryimage","url":"https:\/\/xenonkungen.com\/wp-content\/uploads\/2025\/04\/167048947-origpic-cd6d78.png","contentUrl":"https:\/\/xenonkungen.com\/wp-content\/uploads\/2025\/04\/167048947-origpic-cd6d78.png","width":1000,"height":1000},{"@type":"BreadcrumbList","@id":"https:\/\/xenonkungen.com\/produkt\/d2r-4300k-xenonlampor-xenonkungen\/#breadcrumb","itemListElement":[{"@type":"ListItem","position":1,"name":"Hem","item":"https:\/\/xenonkungen.com\/"},{"@type":"ListItem","position":2,"name":"Shop","item":"https:\/\/xenonkungen.com\/shop\/"},{"@type":"ListItem","position":3,"name":"D2R 4300K Xenonlampor Xenonkungen\u00ae"}]},{"@type":"WebSite","@id":"https:\/\/xenonkungen.com\/#website","url":"https:\/\/xenonkungen.com\/","name":"Xenonkungen","description":"","potentialAction":[{"@type":"SearchAction","target":{"@type":"EntryPoint","urlTemplate":"https:\/\/xenonkungen.com\/?s={search_term_string}"},"query-input":{"@type":"PropertyValueSpecification","valueRequired":true,"valueName":"search_term_string"}}],"inLanguage":"en-GB"}]}},"taxonomy_info":{"product_cat":[{"value":2483,"label":"Xenon"},{"value":733,"label":"Halvljus \/ Helljus"}],"pa_fargtemperatur":[{"value":755,"label":"4300K"}],"pa_godkannande":[{"value":191,"label":"E-m\u00e4rkt"}],"pa_lampsockel-kontakt":[{"value":761,"label":"D2R"}],"pa_volt-v":[{"value":348,"label":"12, 24"}]},"featured_image_src_large":["https:\/\/xenonkungen.com\/wp-content\/uploads\/2025\/04\/167048947-origpic-cd6d78.png",1000,1000,false],"author_info":[],"comment_info":0,"_links":{"self":[{"href":"https:\/\/xenonkungen.com\/en\/wp-json\/wp\/v2\/product\/2204","targetHints":{"allow":["GET"]}}],"collection":[{"href":"https:\/\/xenonkungen.com\/en\/wp-json\/wp\/v2\/product"}],"about":[{"href":"https:\/\/xenonkungen.com\/en\/wp-json\/wp\/v2\/types\/product"}],"replies":[{"embeddable":true,"href":"https:\/\/xenonkungen.com\/en\/wp-json\/wp\/v2\/comments?post=2204"}],"wp:featuredmedia":[{"embeddable":true,"href":"https:\/\/xenonkungen.com\/en\/wp-json\/wp\/v2\/media\/2205"}],"wp:attachment":[{"href":"https:\/\/xenonkungen.com\/en\/wp-json\/wp\/v2\/media?parent=2204"}],"wp:term":[{"taxonomy":"anvandningsomrade","embeddable":true,"href":"https:\/\/xenonkungen.com\/en\/wp-json\/wp\/v2\/anvandningsomrade?post=2204"},{"taxonomy":"bilmarken","embeddable":true,"href":"https:\/\/xenonkungen.com\/en\/wp-json\/wp\/v2\/bilmarken?post=2204"},{"taxonomy":"product_brand","embeddable":true,"href":"https:\/\/xenonkungen.com\/en\/wp-json\/wp\/v2\/product_brand?post=2204"},{"taxonomy":"product_cat","embeddable":true,"href":"https:\/\/xenonkungen.com\/en\/wp-json\/wp\/v2\/product_cat?post=2204"},{"taxonomy":"product_tag","embeddable":true,"href":"https:\/\/xenonkungen.com\/en\/wp-json\/wp\/v2\/product_tag?post=2204"}],"curies":[{"name":"wp","href":"https:\/\/api.w.org\/{rel}","templated":true}]}}