{"id":2226,"date":"2025-04-15T08:34:39","date_gmt":"2025-04-15T08:34:39","guid":{"rendered":"https:\/\/xenonkungen.com\/product\/luxtar-apollo-d1s\/"},"modified":"2026-05-13T15:18:39","modified_gmt":"2026-05-13T14:18:39","slug":"luxtar-apollo-d1s","status":"publish","type":"product","link":"https:\/\/xenonkungen.com\/en\/product\/luxtar-apollo-d1s\/","title":{"rendered":"LUXTAR\u00ae APOLLO D1S"},"content":{"rendered":"<p>Luxtar Apollo is a novelty when it comes to converting Original Xenon to LED!<\/p>\n<p>Fully Plug &amp; Play on cars that normally have Xenon. Gives more performance and better looking light. With its High Performance Ledchip, it gives you a really powerful 4300 lumens per lamp, which helps during all the dark hours of the year. The lamp is fan cooled, to maximise longevity and provide full performance at all times! Works for all cars that currently have Xenon.<\/p>\n<p>Warranty: 2 years<\/p>\n<p>Delivery content: 2pcs LUXTAR\u00ae APOLLO D1S<\/p>","protected":false},"excerpt":{"rendered":"<p>Upgrade your headlights with the LUXTAR\u00ae APOLLO D1S LED. Get better brightness and longer life with this high quality LED lamp. Enjoy a comfortable driving even during dark nights. Order now and get an extra long life and brightness!<\/p>\n<p>Lamp cap: D1S<\/p>","protected":false},"featured_media":2227,"comment_status":"closed","ping_status":"closed","template":"","meta":{"_acf_changed":false,"_smort_price_nok":"1704","_smort_price_dkk":"1082","_smort_price_eur":"144.99","_smort_sale_price_nok":"","_smort_sale_price_dkk":"","_smort_sale_price_eur":"","smort_restorder":"","shipmondo_restorder":"","_kad_blocks_custom_css":"","_kad_blocks_head_custom_js":"","_kad_blocks_body_custom_js":"","_kad_blocks_footer_custom_js":"","smort_custom_pricelist_1":"1020.8","smort_custom_pricelist_2":"893.2","smort_custom_pricelist_3":"848.54","smort_custom_pricelist_4":"1276","smort_custom_pricelist_5":"893.2"},"anvandningsomrade":[],"bilmarken":[],"product_brand":[103],"product_cat":[2451,2826,733],"product_tag":[],"class_list":{"0":"post-2226","1":"product","2":"type-product","3":"status-publish","4":"has-post-thumbnail","6":"product_brand-luxtar","7":"product_cat-led-konvertering","8":"product_cat-luxtar","9":"product_cat-halvljus-helljus","10":"pa_fuktskydd-varde-ipxx-ip65","11":"pa_lampsockel-kontakt-d1s","12":"pa_volt-v-12-24","14":"first","15":"instock","16":"taxable","17":"shipping-taxable","18":"purchasable","19":"product-type-simple"},"bundled_by":[],"bundle_stock_status":"instock","bundle_stock_quantity":37,"bundle_virtual":false,"bundle_layout":"","bundle_add_to_cart_form_location":"","bundle_editable_in_cart":false,"bundle_sold_individually_context":"","bundle_item_grouping":"","bundle_min_size":"","bundle_max_size":"","bundle_price":[],"bundled_items":[],"bundle_sell_ids":[],"acf":[],"yoast_head":"<!-- This site is optimized with the Yoast SEO plugin v27.0 - https:\/\/yoast.com\/product\/yoast-seo-wordpress\/ -->\n<title>LUXTAR\u00ae APOLLO D1S - Xenonkungen<\/title>\n<meta name=\"robots\" content=\"index, follow, max-snippet:-1, max-image-preview:large, max-video-preview:-1\" \/>\n<link rel=\"canonical\" href=\"https:\/\/xenonkungen.com\/en\/product\/luxtar-apollo-d1s\/\" \/>\n<meta property=\"og:locale\" content=\"en_GB\" \/>\n<meta property=\"og:type\" content=\"article\" \/>\n<meta property=\"og:title\" content=\"LUXTAR\u00ae APOLLO D1S - Xenonkungen\" \/>\n<meta property=\"og:description\" content=\"Uppgradera dina str\u00e5lkastare med LUXTAR\u00ae APOLLO D1S LED. F\u00e5 b\u00e4ttre ljusstyrka och l\u00e4ngre livsl\u00e4ngd med denna h\u00f6gkvalitativa LED Lampa. Njut av en bekv\u00e4m k\u00f6rning \u00e4ven under m\u00f6rka n\u00e4tter. Best\u00e4ll nu och f\u00e5 en extra l\u00e5ng livsl\u00e4ngd och ljusstyrka!  Lampsockel: D1S\" \/>\n<meta property=\"og:url\" content=\"https:\/\/xenonkungen.com\/en\/product\/luxtar-apollo-d1s\/\" \/>\n<meta property=\"og:site_name\" content=\"Xenonkungen\" \/>\n<meta property=\"article:modified_time\" content=\"2026-05-13T14:18:39+00:00\" \/>\n<meta property=\"og:image\" content=\"https:\/\/xenonkungen.com\/wp-content\/uploads\/2025\/04\/192179999-origpic-af94c6.png\" \/>\n\t<meta property=\"og:image:width\" content=\"1000\" \/>\n\t<meta property=\"og:image:height\" content=\"927\" \/>\n\t<meta property=\"og:image:type\" content=\"image\/png\" \/>\n<meta name=\"twitter:card\" content=\"summary_large_image\" \/>\n<meta name=\"twitter:label1\" content=\"Estimated reading time\" \/>\n\t<meta name=\"twitter:data1\" content=\"1 minute\" \/>\n<script type=\"application\/ld+json\" class=\"yoast-schema-graph\">{\"@context\":\"https:\/\/schema.org\",\"@graph\":[{\"@type\":\"WebPage\",\"@id\":\"https:\/\/xenonkungen.com\/produkt\/luxtar-apollo-d1s\/\",\"url\":\"https:\/\/xenonkungen.com\/produkt\/luxtar-apollo-d1s\/\",\"name\":\"LUXTAR\u00ae APOLLO D1S - Xenonkungen\",\"isPartOf\":{\"@id\":\"https:\/\/xenonkungen.com\/#website\"},\"primaryImageOfPage\":{\"@id\":\"https:\/\/xenonkungen.com\/produkt\/luxtar-apollo-d1s\/#primaryimage\"},\"image\":{\"@id\":\"https:\/\/xenonkungen.com\/produkt\/luxtar-apollo-d1s\/#primaryimage\"},\"thumbnailUrl\":\"https:\/\/xenonkungen.com\/wp-content\/uploads\/2025\/04\/192179999-origpic-af94c6.png\",\"datePublished\":\"2025-04-15T08:34:39+00:00\",\"dateModified\":\"2026-05-13T14:18:39+00:00\",\"breadcrumb\":{\"@id\":\"https:\/\/xenonkungen.com\/produkt\/luxtar-apollo-d1s\/#breadcrumb\"},\"inLanguage\":\"en-GB\",\"potentialAction\":[{\"@type\":\"ReadAction\",\"target\":[\"https:\/\/xenonkungen.com\/produkt\/luxtar-apollo-d1s\/\"]}]},{\"@type\":\"ImageObject\",\"inLanguage\":\"en-GB\",\"@id\":\"https:\/\/xenonkungen.com\/produkt\/luxtar-apollo-d1s\/#primaryimage\",\"url\":\"https:\/\/xenonkungen.com\/wp-content\/uploads\/2025\/04\/192179999-origpic-af94c6.png\",\"contentUrl\":\"https:\/\/xenonkungen.com\/wp-content\/uploads\/2025\/04\/192179999-origpic-af94c6.png\",\"width\":1000,\"height\":927},{\"@type\":\"BreadcrumbList\",\"@id\":\"https:\/\/xenonkungen.com\/produkt\/luxtar-apollo-d1s\/#breadcrumb\",\"itemListElement\":[{\"@type\":\"ListItem\",\"position\":1,\"name\":\"Hem\",\"item\":\"https:\/\/xenonkungen.com\/\"},{\"@type\":\"ListItem\",\"position\":2,\"name\":\"Shop\",\"item\":\"https:\/\/xenonkungen.com\/shop\/\"},{\"@type\":\"ListItem\",\"position\":3,\"name\":\"LUXTAR\u00ae APOLLO D1S\"}]},{\"@type\":\"WebSite\",\"@id\":\"https:\/\/xenonkungen.com\/#website\",\"url\":\"https:\/\/xenonkungen.com\/\",\"name\":\"Xenonkungen\",\"description\":\"\",\"potentialAction\":[{\"@type\":\"SearchAction\",\"target\":{\"@type\":\"EntryPoint\",\"urlTemplate\":\"https:\/\/xenonkungen.com\/?s={search_term_string}\"},\"query-input\":{\"@type\":\"PropertyValueSpecification\",\"valueRequired\":true,\"valueName\":\"search_term_string\"}}],\"inLanguage\":\"en-GB\"}]}<\/script>\n<!-- \/ Yoast SEO plugin. -->","yoast_head_json":{"title":"LUXTAR\u00ae APOLLO D1S - The Xenon King","robots":{"index":"index","follow":"follow","max-snippet":"max-snippet:-1","max-image-preview":"max-image-preview:large","max-video-preview":"max-video-preview:-1"},"canonical":"https:\/\/xenonkungen.com\/en\/product\/luxtar-apollo-d1s\/","og_locale":"en_GB","og_type":"article","og_title":"LUXTAR\u00ae APOLLO D1S - Xenonkungen","og_description":"Uppgradera dina str\u00e5lkastare med LUXTAR\u00ae APOLLO D1S LED. F\u00e5 b\u00e4ttre ljusstyrka och l\u00e4ngre livsl\u00e4ngd med denna h\u00f6gkvalitativa LED Lampa. Njut av en bekv\u00e4m k\u00f6rning \u00e4ven under m\u00f6rka n\u00e4tter. Best\u00e4ll nu och f\u00e5 en extra l\u00e5ng livsl\u00e4ngd och ljusstyrka!  Lampsockel: D1S","og_url":"https:\/\/xenonkungen.com\/en\/product\/luxtar-apollo-d1s\/","og_site_name":"Xenonkungen","article_modified_time":"2026-05-13T14:18:39+00:00","og_image":[{"width":1000,"height":927,"url":"https:\/\/xenonkungen.com\/wp-content\/uploads\/2025\/04\/192179999-origpic-af94c6.png","type":"image\/png"}],"twitter_card":"summary_large_image","twitter_misc":{"Estimated reading time":"1 minute"},"schema":{"@context":"https:\/\/schema.org","@graph":[{"@type":"WebPage","@id":"https:\/\/xenonkungen.com\/produkt\/luxtar-apollo-d1s\/","url":"https:\/\/xenonkungen.com\/produkt\/luxtar-apollo-d1s\/","name":"LUXTAR\u00ae APOLLO D1S - The Xenon King","isPartOf":{"@id":"https:\/\/xenonkungen.com\/#website"},"primaryImageOfPage":{"@id":"https:\/\/xenonkungen.com\/produkt\/luxtar-apollo-d1s\/#primaryimage"},"image":{"@id":"https:\/\/xenonkungen.com\/produkt\/luxtar-apollo-d1s\/#primaryimage"},"thumbnailUrl":"https:\/\/xenonkungen.com\/wp-content\/uploads\/2025\/04\/192179999-origpic-af94c6.png","datePublished":"2025-04-15T08:34:39+00:00","dateModified":"2026-05-13T14:18:39+00:00","breadcrumb":{"@id":"https:\/\/xenonkungen.com\/produkt\/luxtar-apollo-d1s\/#breadcrumb"},"inLanguage":"en-GB","potentialAction":[{"@type":"ReadAction","target":["https:\/\/xenonkungen.com\/produkt\/luxtar-apollo-d1s\/"]}]},{"@type":"ImageObject","inLanguage":"en-GB","@id":"https:\/\/xenonkungen.com\/produkt\/luxtar-apollo-d1s\/#primaryimage","url":"https:\/\/xenonkungen.com\/wp-content\/uploads\/2025\/04\/192179999-origpic-af94c6.png","contentUrl":"https:\/\/xenonkungen.com\/wp-content\/uploads\/2025\/04\/192179999-origpic-af94c6.png","width":1000,"height":927},{"@type":"BreadcrumbList","@id":"https:\/\/xenonkungen.com\/produkt\/luxtar-apollo-d1s\/#breadcrumb","itemListElement":[{"@type":"ListItem","position":1,"name":"Hem","item":"https:\/\/xenonkungen.com\/"},{"@type":"ListItem","position":2,"name":"Shop","item":"https:\/\/xenonkungen.com\/shop\/"},{"@type":"ListItem","position":3,"name":"LUXTAR\u00ae APOLLO D1S"}]},{"@type":"WebSite","@id":"https:\/\/xenonkungen.com\/#website","url":"https:\/\/xenonkungen.com\/","name":"Xenonkungen","description":"","potentialAction":[{"@type":"SearchAction","target":{"@type":"EntryPoint","urlTemplate":"https:\/\/xenonkungen.com\/?s={search_term_string}"},"query-input":{"@type":"PropertyValueSpecification","valueRequired":true,"valueName":"search_term_string"}}],"inLanguage":"en-GB"}]}},"taxonomy_info":{"product_brand":[{"value":103,"label":"LUXTAR"}],"product_cat":[{"value":2451,"label":"Led-konvertering"},{"value":2826,"label":"LUXTAR"},{"value":733,"label":"Halvljus \/ Helljus"}],"pa_fuktskydd-varde-ipxx":[{"value":520,"label":"IP65"}],"pa_lampsockel-kontakt":[{"value":756,"label":"D1S"}],"pa_volt-v":[{"value":348,"label":"12, 24"}]},"featured_image_src_large":["https:\/\/xenonkungen.com\/wp-content\/uploads\/2025\/04\/192179999-origpic-af94c6.png",1000,927,false],"author_info":[],"comment_info":6,"_links":{"self":[{"href":"https:\/\/xenonkungen.com\/en\/wp-json\/wp\/v2\/product\/2226","targetHints":{"allow":["GET"]}}],"collection":[{"href":"https:\/\/xenonkungen.com\/en\/wp-json\/wp\/v2\/product"}],"about":[{"href":"https:\/\/xenonkungen.com\/en\/wp-json\/wp\/v2\/types\/product"}],"replies":[{"embeddable":true,"href":"https:\/\/xenonkungen.com\/en\/wp-json\/wp\/v2\/comments?post=2226"}],"wp:featuredmedia":[{"embeddable":true,"href":"https:\/\/xenonkungen.com\/en\/wp-json\/wp\/v2\/media\/2227"}],"wp:attachment":[{"href":"https:\/\/xenonkungen.com\/en\/wp-json\/wp\/v2\/media?parent=2226"}],"wp:term":[{"taxonomy":"anvandningsomrade","embeddable":true,"href":"https:\/\/xenonkungen.com\/en\/wp-json\/wp\/v2\/anvandningsomrade?post=2226"},{"taxonomy":"bilmarken","embeddable":true,"href":"https:\/\/xenonkungen.com\/en\/wp-json\/wp\/v2\/bilmarken?post=2226"},{"taxonomy":"product_brand","embeddable":true,"href":"https:\/\/xenonkungen.com\/en\/wp-json\/wp\/v2\/product_brand?post=2226"},{"taxonomy":"product_cat","embeddable":true,"href":"https:\/\/xenonkungen.com\/en\/wp-json\/wp\/v2\/product_cat?post=2226"},{"taxonomy":"product_tag","embeddable":true,"href":"https:\/\/xenonkungen.com\/en\/wp-json\/wp\/v2\/product_tag?post=2226"}],"curies":[{"name":"wp","href":"https:\/\/api.w.org\/{rel}","templated":true}]}}