{"id":2400,"date":"2025-04-15T08:36:54","date_gmt":"2025-04-15T08:36:54","guid":{"rendered":"https:\/\/xenonkungen.com\/product\/xk-ballast-denso-lexus-toyota-2\/"},"modified":"2026-05-13T16:11:07","modified_gmt":"2026-05-13T15:11:07","slug":"xk-ballast-denso-lexus-toyota-2","status":"publish","type":"product","link":"https:\/\/xenonkungen.com\/en\/product\/xk-ballast-denso-lexus-toyota-2\/","title":{"rendered":"XK Ballast Denso Lexus Toyota"},"content":{"rendered":"<p>For Toyota and Lexus models. Aftermarket xenon ballast according to original model that replaces cars equipped with similar model of brand DENSO DDLT004.<\/p>\n<p>12V DC.<\/p>\n<p>OEM makes of this ballast are found in the following cars:<\/p>\n<p><strong>Toyota<\/strong><br \/>Toyota RAV4<br \/>Toyota Land Cruiser <span>2013-2014\u00a0<\/span><br \/>Toyota Venza <span>2013-2014\u00a0<\/span><br \/>Toyota Sienna <span>2012-2014\u00a0<\/p>\n<p><strong>Mazda<br \/><\/strong>6 2013-2017<strong><br \/><\/strong><br \/><\/span><strong>Lexus<\/strong><br \/>GS350, 250, 300, 450H <span>2011-2015\u00a0<\/span><br \/>RX350, 450H, 270, 400 2013-2015<br \/>RX350, 450, 270 2013-2014<br \/>LX570, J200 <span>2013-2015\u00a0<\/span><\/p>\n<p><strong>Subaru<\/strong><br \/>Legacy 2015-<br \/>Forester <span>2014-2018<\/span><\/p>\n<p><strong>2 year guarantee<\/strong><\/p>\n<p><strong>Good to know<\/strong><br \/>This type of replica of original products is available on the market. The most common feature of originals and copies is the outer casing. What distinguishes them is the components, programming and quality.<br \/>And this also applies between different manufacturers of replicas.<br \/>While the original is fully functional for all listed vehicles, some copies may be limited in functionality for individual makes or models depending on, among other things, the manufacturer's technical knowledge and ambition.<br \/>Our XK ballasts are more expensive to buy and therefore generally better than cheaper alternatives - which, by the way, may also be priced higher by competitors.<\/p>","protected":false},"excerpt":{"rendered":"<p>Aftermarket xenon ballast according to original Denso model for Subaru, Lexus and Toyota models. <b>Original replacement<\/b> <b>High quality<\/b> <b>Fits many different car models<\/b> <b>2 year guarantee<\/b><\/p>","protected":false},"featured_media":2401,"comment_status":"closed","ping_status":"open","template":"","meta":{"_acf_changed":false,"_smort_price_nok":"956","_smort_price_dkk":"607","_smort_price_eur":"81.36","_smort_sale_price_nok":"","_smort_sale_price_dkk":"","_smort_sale_price_eur":"","smort_restorder":"","shipmondo_restorder":"","_kad_blocks_custom_css":"","_kad_blocks_head_custom_js":"","_kad_blocks_body_custom_js":"","_kad_blocks_footer_custom_js":"","smort_custom_pricelist_1":"501.2","smort_custom_pricelist_2":"501.2","smort_custom_pricelist_3":"476.14","smort_custom_pricelist_4":"716","smort_custom_pricelist_5":"501.2"},"anvandningsomrade":[165,236,237,207,166,234,167,238,235],"bilmarken":[269,273,288,219],"product_brand":[117],"product_cat":[2484,2485,789,733],"product_tag":[],"class_list":{"0":"post-2400","1":"product","2":"type-product","3":"status-publish","4":"has-post-thumbnail","6":"anvandningsomrade-atv","7":"anvandningsomrade-entreprenad","8":"anvandningsomrade-fritid","9":"anvandningsomrade-husbil","10":"anvandningsomrade-lastbil","11":"anvandningsomrade-mc","12":"anvandningsomrade-personbil","13":"anvandningsomrade-slap","14":"anvandningsomrade-snoskoter","15":"bilmarken-lexus","16":"bilmarken-mazda","17":"bilmarken-subaru","18":"bilmarken-toyota","19":"product_brand-xenonkungen","20":"product_cat-ballast-halvljus-helljus","21":"product_cat-xenonkonventering","22":"product_cat-ballast","23":"product_cat-halvljus-helljus","24":"pa_volt-v-159","26":"first","27":"instock","28":"taxable","29":"shipping-taxable","30":"purchasable","31":"product-type-simple"},"bundled_by":[],"bundle_stock_status":"instock","bundle_stock_quantity":6,"bundle_virtual":false,"bundle_layout":"","bundle_add_to_cart_form_location":"","bundle_editable_in_cart":false,"bundle_sold_individually_context":"","bundle_item_grouping":"","bundle_min_size":"","bundle_max_size":"","bundle_price":[],"bundled_items":[],"bundle_sell_ids":[],"acf":[],"yoast_head":"<!-- This site is optimized with the Yoast SEO plugin v27.0 - https:\/\/yoast.com\/product\/yoast-seo-wordpress\/ -->\n<title>XK Ballast Denso Lexus Toyota - Xenonkungen<\/title>\n<meta name=\"robots\" content=\"index, follow, max-snippet:-1, max-image-preview:large, max-video-preview:-1\" \/>\n<link rel=\"canonical\" href=\"https:\/\/xenonkungen.com\/en\/product\/xk-ballast-denso-lexus-toyota-2\/\" \/>\n<meta property=\"og:locale\" content=\"en_GB\" \/>\n<meta property=\"og:type\" content=\"article\" \/>\n<meta property=\"og:title\" content=\"XK Ballast Denso Lexus Toyota - Xenonkungen\" \/>\n<meta property=\"og:description\" content=\"Eftermarknads xenon ballast enligt original Denso f\u00f6rlaga f\u00f6r Subaru. Lexus och Toyota modeller. Orginalers\u00e4ttning H\u00f6g kvalitet Passar m\u00e5nga olika bilmodeller 2 \u00e5rs garanti\" \/>\n<meta property=\"og:url\" content=\"https:\/\/xenonkungen.com\/en\/product\/xk-ballast-denso-lexus-toyota-2\/\" \/>\n<meta property=\"og:site_name\" content=\"Xenonkungen\" \/>\n<meta property=\"article:modified_time\" content=\"2026-05-13T15:11:07+00:00\" \/>\n<meta property=\"og:image\" content=\"https:\/\/xenonkungen.com\/wp-content\/uploads\/2025\/04\/155985126-origpic-9ff008.png\" \/>\n\t<meta property=\"og:image:width\" content=\"1000\" \/>\n\t<meta property=\"og:image:height\" content=\"1000\" \/>\n\t<meta property=\"og:image:type\" content=\"image\/png\" \/>\n<meta name=\"twitter:card\" content=\"summary_large_image\" \/>\n<meta name=\"twitter:label1\" content=\"Estimated reading time\" \/>\n\t<meta name=\"twitter:data1\" content=\"1 minute\" \/>\n<script type=\"application\/ld+json\" class=\"yoast-schema-graph\">{\"@context\":\"https:\/\/schema.org\",\"@graph\":[{\"@type\":\"WebPage\",\"@id\":\"https:\/\/xenonkungen.com\/produkt\/xk-ballast-denso-lexus-toyota-2\/\",\"url\":\"https:\/\/xenonkungen.com\/produkt\/xk-ballast-denso-lexus-toyota-2\/\",\"name\":\"XK Ballast Denso Lexus Toyota - Xenonkungen\",\"isPartOf\":{\"@id\":\"https:\/\/xenonkungen.com\/#website\"},\"primaryImageOfPage\":{\"@id\":\"https:\/\/xenonkungen.com\/produkt\/xk-ballast-denso-lexus-toyota-2\/#primaryimage\"},\"image\":{\"@id\":\"https:\/\/xenonkungen.com\/produkt\/xk-ballast-denso-lexus-toyota-2\/#primaryimage\"},\"thumbnailUrl\":\"https:\/\/xenonkungen.com\/wp-content\/uploads\/2025\/04\/155985126-origpic-9ff008.png\",\"datePublished\":\"2025-04-15T08:36:54+00:00\",\"dateModified\":\"2026-05-13T15:11:07+00:00\",\"breadcrumb\":{\"@id\":\"https:\/\/xenonkungen.com\/produkt\/xk-ballast-denso-lexus-toyota-2\/#breadcrumb\"},\"inLanguage\":\"en-GB\",\"potentialAction\":[{\"@type\":\"ReadAction\",\"target\":[\"https:\/\/xenonkungen.com\/produkt\/xk-ballast-denso-lexus-toyota-2\/\"]}]},{\"@type\":\"ImageObject\",\"inLanguage\":\"en-GB\",\"@id\":\"https:\/\/xenonkungen.com\/produkt\/xk-ballast-denso-lexus-toyota-2\/#primaryimage\",\"url\":\"https:\/\/xenonkungen.com\/wp-content\/uploads\/2025\/04\/155985126-origpic-9ff008.png\",\"contentUrl\":\"https:\/\/xenonkungen.com\/wp-content\/uploads\/2025\/04\/155985126-origpic-9ff008.png\",\"width\":1000,\"height\":1000},{\"@type\":\"BreadcrumbList\",\"@id\":\"https:\/\/xenonkungen.com\/produkt\/xk-ballast-denso-lexus-toyota-2\/#breadcrumb\",\"itemListElement\":[{\"@type\":\"ListItem\",\"position\":1,\"name\":\"Hem\",\"item\":\"https:\/\/xenonkungen.com\/\"},{\"@type\":\"ListItem\",\"position\":2,\"name\":\"Shop\",\"item\":\"https:\/\/xenonkungen.com\/shop\/\"},{\"@type\":\"ListItem\",\"position\":3,\"name\":\"XK Ballast Denso Lexus Toyota\"}]},{\"@type\":\"WebSite\",\"@id\":\"https:\/\/xenonkungen.com\/#website\",\"url\":\"https:\/\/xenonkungen.com\/\",\"name\":\"Xenonkungen\",\"description\":\"\",\"potentialAction\":[{\"@type\":\"SearchAction\",\"target\":{\"@type\":\"EntryPoint\",\"urlTemplate\":\"https:\/\/xenonkungen.com\/?s={search_term_string}\"},\"query-input\":{\"@type\":\"PropertyValueSpecification\",\"valueRequired\":true,\"valueName\":\"search_term_string\"}}],\"inLanguage\":\"en-GB\"}]}<\/script>\n<!-- \/ Yoast SEO plugin. -->","yoast_head_json":{"title":"XK Ballast Denso Lexus Toyota - The Xenon King","robots":{"index":"index","follow":"follow","max-snippet":"max-snippet:-1","max-image-preview":"max-image-preview:large","max-video-preview":"max-video-preview:-1"},"canonical":"https:\/\/xenonkungen.com\/en\/product\/xk-ballast-denso-lexus-toyota-2\/","og_locale":"en_GB","og_type":"article","og_title":"XK Ballast Denso Lexus Toyota - Xenonkungen","og_description":"Eftermarknads xenon ballast enligt original Denso f\u00f6rlaga f\u00f6r Subaru. Lexus och Toyota modeller. Orginalers\u00e4ttning H\u00f6g kvalitet Passar m\u00e5nga olika bilmodeller 2 \u00e5rs garanti","og_url":"https:\/\/xenonkungen.com\/en\/product\/xk-ballast-denso-lexus-toyota-2\/","og_site_name":"Xenonkungen","article_modified_time":"2026-05-13T15:11:07+00:00","og_image":[{"width":1000,"height":1000,"url":"https:\/\/xenonkungen.com\/wp-content\/uploads\/2025\/04\/155985126-origpic-9ff008.png","type":"image\/png"}],"twitter_card":"summary_large_image","twitter_misc":{"Estimated reading time":"1 minute"},"schema":{"@context":"https:\/\/schema.org","@graph":[{"@type":"WebPage","@id":"https:\/\/xenonkungen.com\/produkt\/xk-ballast-denso-lexus-toyota-2\/","url":"https:\/\/xenonkungen.com\/produkt\/xk-ballast-denso-lexus-toyota-2\/","name":"XK Ballast Denso Lexus Toyota - The Xenon King","isPartOf":{"@id":"https:\/\/xenonkungen.com\/#website"},"primaryImageOfPage":{"@id":"https:\/\/xenonkungen.com\/produkt\/xk-ballast-denso-lexus-toyota-2\/#primaryimage"},"image":{"@id":"https:\/\/xenonkungen.com\/produkt\/xk-ballast-denso-lexus-toyota-2\/#primaryimage"},"thumbnailUrl":"https:\/\/xenonkungen.com\/wp-content\/uploads\/2025\/04\/155985126-origpic-9ff008.png","datePublished":"2025-04-15T08:36:54+00:00","dateModified":"2026-05-13T15:11:07+00:00","breadcrumb":{"@id":"https:\/\/xenonkungen.com\/produkt\/xk-ballast-denso-lexus-toyota-2\/#breadcrumb"},"inLanguage":"en-GB","potentialAction":[{"@type":"ReadAction","target":["https:\/\/xenonkungen.com\/produkt\/xk-ballast-denso-lexus-toyota-2\/"]}]},{"@type":"ImageObject","inLanguage":"en-GB","@id":"https:\/\/xenonkungen.com\/produkt\/xk-ballast-denso-lexus-toyota-2\/#primaryimage","url":"https:\/\/xenonkungen.com\/wp-content\/uploads\/2025\/04\/155985126-origpic-9ff008.png","contentUrl":"https:\/\/xenonkungen.com\/wp-content\/uploads\/2025\/04\/155985126-origpic-9ff008.png","width":1000,"height":1000},{"@type":"BreadcrumbList","@id":"https:\/\/xenonkungen.com\/produkt\/xk-ballast-denso-lexus-toyota-2\/#breadcrumb","itemListElement":[{"@type":"ListItem","position":1,"name":"Hem","item":"https:\/\/xenonkungen.com\/"},{"@type":"ListItem","position":2,"name":"Shop","item":"https:\/\/xenonkungen.com\/shop\/"},{"@type":"ListItem","position":3,"name":"XK Ballast Denso Lexus Toyota"}]},{"@type":"WebSite","@id":"https:\/\/xenonkungen.com\/#website","url":"https:\/\/xenonkungen.com\/","name":"Xenonkungen","description":"","potentialAction":[{"@type":"SearchAction","target":{"@type":"EntryPoint","urlTemplate":"https:\/\/xenonkungen.com\/?s={search_term_string}"},"query-input":{"@type":"PropertyValueSpecification","valueRequired":true,"valueName":"search_term_string"}}],"inLanguage":"en-GB"}]}},"taxonomy_info":{"anvandningsomrade":[{"value":165,"label":"ATV"},{"value":236,"label":"Entreprenad"},{"value":237,"label":"Fritid"},{"value":207,"label":"Husbil"},{"value":166,"label":"Lastbil"},{"value":234,"label":"MC"},{"value":167,"label":"PERSONBIL"},{"value":238,"label":"SL\u00c4P"},{"value":235,"label":"SN\u00d6SKOTER"}],"bilmarken":[{"value":269,"label":"Lexus"},{"value":273,"label":"Mazda"},{"value":288,"label":"Subaru"},{"value":219,"label":"Toyota"}],"product_brand":[{"value":117,"label":"Xenonkungen"}],"product_cat":[{"value":2484,"label":"Ballast"},{"value":2485,"label":"Xenonkonvertering"},{"value":789,"label":"Ballast"},{"value":733,"label":"Halvljus \/ Helljus"}],"pa_volt-v":[{"value":159,"label":"12"}]},"featured_image_src_large":["https:\/\/xenonkungen.com\/wp-content\/uploads\/2025\/04\/155985126-origpic-9ff008.png",1000,1000,false],"author_info":[],"comment_info":0,"_links":{"self":[{"href":"https:\/\/xenonkungen.com\/en\/wp-json\/wp\/v2\/product\/2400","targetHints":{"allow":["GET"]}}],"collection":[{"href":"https:\/\/xenonkungen.com\/en\/wp-json\/wp\/v2\/product"}],"about":[{"href":"https:\/\/xenonkungen.com\/en\/wp-json\/wp\/v2\/types\/product"}],"replies":[{"embeddable":true,"href":"https:\/\/xenonkungen.com\/en\/wp-json\/wp\/v2\/comments?post=2400"}],"wp:featuredmedia":[{"embeddable":true,"href":"https:\/\/xenonkungen.com\/en\/wp-json\/wp\/v2\/media\/2401"}],"wp:attachment":[{"href":"https:\/\/xenonkungen.com\/en\/wp-json\/wp\/v2\/media?parent=2400"}],"wp:term":[{"taxonomy":"anvandningsomrade","embeddable":true,"href":"https:\/\/xenonkungen.com\/en\/wp-json\/wp\/v2\/anvandningsomrade?post=2400"},{"taxonomy":"bilmarken","embeddable":true,"href":"https:\/\/xenonkungen.com\/en\/wp-json\/wp\/v2\/bilmarken?post=2400"},{"taxonomy":"product_brand","embeddable":true,"href":"https:\/\/xenonkungen.com\/en\/wp-json\/wp\/v2\/product_brand?post=2400"},{"taxonomy":"product_cat","embeddable":true,"href":"https:\/\/xenonkungen.com\/en\/wp-json\/wp\/v2\/product_cat?post=2400"},{"taxonomy":"product_tag","embeddable":true,"href":"https:\/\/xenonkungen.com\/en\/wp-json\/wp\/v2\/product_tag?post=2400"}],"curies":[{"name":"wp","href":"https:\/\/api.w.org\/{rel}","templated":true}]}}