{"id":2415,"date":"2025-04-15T08:37:06","date_gmt":"2025-04-15T08:37:06","guid":{"rendered":"https:\/\/xenonkungen.com\/product\/valeo-ballast-5g-12-pin\/"},"modified":"2026-04-24T16:32:45","modified_gmt":"2026-04-24T15:32:45","slug":"valeo-ballast-5g-12-pin","status":"publish","type":"product","link":"https:\/\/xenonkungen.com\/en\/product\/valeo-ballast-5g-12-pin\/","title":{"rendered":"Valeo Ballast 5G 12-PIN"},"content":{"rendered":"<p>Saab 9-5, Citroen, V.A.G. and other car brands. Valeo LAD5G <strong>12-PIN<\/strong> xenon high voltage unit for replacement.<\/p>\n<p>Valeo Ballast 5G 12-PIN original xenon ballast requires top quality xenon lamps (Osram or Philips) to work reliably.<\/p>\n<p>Original article in the following car\/model\/year:<br \/><strong>Alfa Romeo<\/strong> 166 2003-2007<br \/><strong>Audi<\/strong> A4, S4 2002-2005<br \/><strong>Porsche<\/strong> Cayenne 2003-2006*<br \/><strong>Volkswagen<\/strong> Touareg 2004-2006*<br \/><strong>Cadillac<\/strong> CTS 2003-2007<br \/><strong>Citroen<\/strong> C5 2001-2004, C8 2002-<br \/><strong>Chrysler<\/strong> 300C 2005-<br \/><strong>Cadillac<\/strong> CTX SRX 2003-2007<br \/><strong>Fiat<\/strong> Ulysses 2002-<br \/><strong>SAAB<\/strong> 9-5 2003-2006*<br \/><strong>Jaguar<\/strong> XK8\/XKR 2003-2005, XJ8\/XJR 2003-2005 up to and including VIN G40555<\/p>\n<p>* Some SAAB 9-5, VW Touareg and Porsche Cayenne may after replacement require action via ODB. Ballast\/xenon light will work but an error warning may occur in the dashboard that is extinguished at the workshop with such equipment.<\/p>\n<p><em>Please compare pictures, numbers etc. with the ballast you are replacing before ordering. This ballast is available with 4, 6 or 12 power pins (PIN).<\/em><\/p>\n<p>LAD5G 12-PIN is available with the following OEM part numbers: 043736, 89015132, 343736, 68019173AA, 95563119301, 7701207648, 5408497, 5408497, 68060464aa, 73010137n, 89027878, 89027879, 3D0909158, 3D0909157, 3D0909158, 3D0909157. Valeo 73010137N<\/p>\n<p><em>General: Where applicable, individual OEM ballasts may be or look 'second hand'. Depending on the item, they may be stored for several years, dismantled from sample series, etc.<\/em><\/p>\n<p>2 year guarantee.<\/p>","protected":false},"excerpt":{"rendered":"<p>Saab 9-5, Citroen, V.A.G. m.fl. bilm\u00e4rken. Valeo LAD5G 12-PIN xenon h\u00f6gsp\u00e4nningsenhet f\u00f6r utbyte. Valeo Ballast 5G 12-PIN original xenon ballast kr\u00e4ver xenonlampor av h\u00f6gsta kvalitet (Osram eller Philips) f\u00f6r att fungera drifts\u00e4kert. Original artikel i f\u00f6ljande bil\/modell\/\u00e5r:Alfa Romeo 166 2003-2007Audi A4, S4 2002-2005Porsche Cayenne 2003-2006*Volkswagen Touareg 2004-2006*Cadillac CTS 2003-2007Citroen C5 2001-2004, C8 2002-Chrysler 300C 2005-Cadillac [&hellip;]<\/p>","protected":false},"featured_media":2416,"comment_status":"closed","ping_status":"open","template":"","meta":{"_acf_changed":false,"_smort_price_nok":"2451","_smort_price_dkk":"1557","_smort_price_eur":"208.63","_smort_sale_price_nok":"","_smort_sale_price_dkk":"","_smort_sale_price_eur":"","smort_restorder":"","shipmondo_restorder":"","_kad_blocks_custom_css":"","_kad_blocks_head_custom_js":"","_kad_blocks_body_custom_js":"","_kad_blocks_footer_custom_js":"","smort_custom_pricelist_1":"1285.2","smort_custom_pricelist_2":"1285.2","smort_custom_pricelist_3":"1220.94","smort_custom_pricelist_4":"1836","smort_custom_pricelist_5":"1285.2"},"anvandningsomrade":[],"bilmarken":[],"product_brand":[],"product_cat":[2484,2485,789,733],"product_tag":[],"class_list":{"0":"post-2415","1":"product","2":"type-product","3":"status-publish","4":"has-post-thumbnail","6":"product_cat-ballast-halvljus-helljus","7":"product_cat-xenonkonventering","8":"product_cat-ballast","9":"product_cat-halvljus-helljus","10":"pa_volt-v-159","12":"first","13":"instock","14":"taxable","15":"shipping-taxable","16":"purchasable","17":"product-type-simple"},"bundled_by":[],"bundle_stock_status":"instock","bundle_stock_quantity":11,"bundle_virtual":false,"bundle_layout":"","bundle_add_to_cart_form_location":"","bundle_editable_in_cart":false,"bundle_sold_individually_context":"","bundle_item_grouping":"","bundle_min_size":"","bundle_max_size":"","bundle_price":[],"bundled_items":[],"bundle_sell_ids":[],"acf":[],"yoast_head":"<!-- This site is optimized with the Yoast SEO plugin v27.0 - https:\/\/yoast.com\/product\/yoast-seo-wordpress\/ -->\n<title>Valeo Ballast 5G 12-PIN - Xenonkungen<\/title>\n<meta name=\"robots\" content=\"index, follow, max-snippet:-1, max-image-preview:large, max-video-preview:-1\" \/>\n<link rel=\"canonical\" href=\"https:\/\/xenonkungen.com\/en\/product\/valeo-ballast-5g-12-pin\/\" \/>\n<meta property=\"og:locale\" content=\"en_GB\" \/>\n<meta property=\"og:type\" content=\"article\" \/>\n<meta property=\"og:title\" content=\"Valeo Ballast 5G 12-PIN - Xenonkungen\" \/>\n<meta property=\"og:description\" content=\"Saab 9-5, Citroen, V.A.G. m.fl. bilm\u00e4rken. Valeo LAD5G 12-PIN xenon h\u00f6gsp\u00e4nningsenhet f\u00f6r utbyte. Valeo Ballast 5G 12-PIN original xenon ballast kr\u00e4ver xenonlampor av h\u00f6gsta kvalitet (Osram eller Philips) f\u00f6r att fungera drifts\u00e4kert. Original artikel i f\u00f6ljande bil\/modell\/\u00e5r:Alfa Romeo 166 2003-2007Audi A4, S4 2002-2005Porsche Cayenne 2003-2006*Volkswagen Touareg 2004-2006*Cadillac CTS 2003-2007Citroen C5 2001-2004, C8 2002-Chrysler 300C 2005-Cadillac [&hellip;]\" \/>\n<meta property=\"og:url\" content=\"https:\/\/xenonkungen.com\/en\/product\/valeo-ballast-5g-12-pin\/\" \/>\n<meta property=\"og:site_name\" content=\"Xenonkungen\" \/>\n<meta property=\"article:modified_time\" content=\"2026-04-24T15:32:45+00:00\" \/>\n<meta property=\"og:image\" content=\"https:\/\/xenonkungen.com\/wp-content\/uploads\/2025\/04\/4430419-origpic-d8b39c.png\" \/>\n\t<meta property=\"og:image:width\" content=\"1000\" \/>\n\t<meta property=\"og:image:height\" content=\"1000\" \/>\n\t<meta property=\"og:image:type\" content=\"image\/png\" \/>\n<meta name=\"twitter:card\" content=\"summary_large_image\" \/>\n<meta name=\"twitter:label1\" content=\"Estimated reading time\" \/>\n\t<meta name=\"twitter:data1\" content=\"1 minute\" \/>\n<script type=\"application\/ld+json\" class=\"yoast-schema-graph\">{\"@context\":\"https:\/\/schema.org\",\"@graph\":[{\"@type\":\"WebPage\",\"@id\":\"https:\/\/xenonkungen.com\/nl\/product\/valeo-ballast-5g-12-pins\/\",\"url\":\"https:\/\/xenonkungen.com\/nl\/product\/valeo-ballast-5g-12-pins\/\",\"name\":\"Valeo Ballast 5G 12-PIN - Xenonkungen\",\"isPartOf\":{\"@id\":\"https:\/\/xenonkungen.com\/#website\"},\"primaryImageOfPage\":{\"@id\":\"https:\/\/xenonkungen.com\/nl\/product\/valeo-ballast-5g-12-pins\/#primaryimage\"},\"image\":{\"@id\":\"https:\/\/xenonkungen.com\/nl\/product\/valeo-ballast-5g-12-pins\/#primaryimage\"},\"thumbnailUrl\":\"https:\/\/xenonkungen.com\/wp-content\/uploads\/2025\/04\/4430419-origpic-d8b39c.png\",\"datePublished\":\"2025-04-15T08:37:06+00:00\",\"dateModified\":\"2026-04-24T15:32:45+00:00\",\"breadcrumb\":{\"@id\":\"https:\/\/xenonkungen.com\/nl\/product\/valeo-ballast-5g-12-pins\/#breadcrumb\"},\"inLanguage\":\"en-GB\",\"potentialAction\":[{\"@type\":\"ReadAction\",\"target\":[\"https:\/\/xenonkungen.com\/nl\/product\/valeo-ballast-5g-12-pins\/\"]}]},{\"@type\":\"ImageObject\",\"inLanguage\":\"en-GB\",\"@id\":\"https:\/\/xenonkungen.com\/nl\/product\/valeo-ballast-5g-12-pins\/#primaryimage\",\"url\":\"https:\/\/xenonkungen.com\/wp-content\/uploads\/2025\/04\/4430419-origpic-d8b39c.png\",\"contentUrl\":\"https:\/\/xenonkungen.com\/wp-content\/uploads\/2025\/04\/4430419-origpic-d8b39c.png\",\"width\":1000,\"height\":1000},{\"@type\":\"BreadcrumbList\",\"@id\":\"https:\/\/xenonkungen.com\/nl\/product\/valeo-ballast-5g-12-pins\/#breadcrumb\",\"itemListElement\":[{\"@type\":\"ListItem\",\"position\":1,\"name\":\"Hem\",\"item\":\"https:\/\/xenonkungen.com\/\"},{\"@type\":\"ListItem\",\"position\":2,\"name\":\"Shop\",\"item\":\"https:\/\/xenonkungen.com\/shop\/\"},{\"@type\":\"ListItem\",\"position\":3,\"name\":\"Valeo Ballast 5G 12-PIN\"}]},{\"@type\":\"WebSite\",\"@id\":\"https:\/\/xenonkungen.com\/#website\",\"url\":\"https:\/\/xenonkungen.com\/\",\"name\":\"Xenonkungen\",\"description\":\"\",\"potentialAction\":[{\"@type\":\"SearchAction\",\"target\":{\"@type\":\"EntryPoint\",\"urlTemplate\":\"https:\/\/xenonkungen.com\/?s={search_term_string}\"},\"query-input\":{\"@type\":\"PropertyValueSpecification\",\"valueRequired\":true,\"valueName\":\"search_term_string\"}}],\"inLanguage\":\"en-GB\"}]}<\/script>\n<!-- \/ Yoast SEO plugin. -->","yoast_head_json":{"title":"Valeo Ballast 5G 12-PIN - The Xenon King","robots":{"index":"index","follow":"follow","max-snippet":"max-snippet:-1","max-image-preview":"max-image-preview:large","max-video-preview":"max-video-preview:-1"},"canonical":"https:\/\/xenonkungen.com\/en\/product\/valeo-ballast-5g-12-pin\/","og_locale":"en_GB","og_type":"article","og_title":"Valeo Ballast 5G 12-PIN - Xenonkungen","og_description":"Saab 9-5, Citroen, V.A.G. m.fl. bilm\u00e4rken. Valeo LAD5G 12-PIN xenon h\u00f6gsp\u00e4nningsenhet f\u00f6r utbyte. Valeo Ballast 5G 12-PIN original xenon ballast kr\u00e4ver xenonlampor av h\u00f6gsta kvalitet (Osram eller Philips) f\u00f6r att fungera drifts\u00e4kert. Original artikel i f\u00f6ljande bil\/modell\/\u00e5r:Alfa Romeo 166 2003-2007Audi A4, S4 2002-2005Porsche Cayenne 2003-2006*Volkswagen Touareg 2004-2006*Cadillac CTS 2003-2007Citroen C5 2001-2004, C8 2002-Chrysler 300C 2005-Cadillac [&hellip;]","og_url":"https:\/\/xenonkungen.com\/en\/product\/valeo-ballast-5g-12-pin\/","og_site_name":"Xenonkungen","article_modified_time":"2026-04-24T15:32:45+00:00","og_image":[{"width":1000,"height":1000,"url":"https:\/\/xenonkungen.com\/wp-content\/uploads\/2025\/04\/4430419-origpic-d8b39c.png","type":"image\/png"}],"twitter_card":"summary_large_image","twitter_misc":{"Estimated reading time":"1 minute"},"schema":{"@context":"https:\/\/schema.org","@graph":[{"@type":"WebPage","@id":"https:\/\/xenonkungen.com\/nl\/product\/valeo-ballast-5g-12-pins\/","url":"https:\/\/xenonkungen.com\/nl\/product\/valeo-ballast-5g-12-pins\/","name":"Valeo Ballast 5G 12-PIN - The Xenon King","isPartOf":{"@id":"https:\/\/xenonkungen.com\/#website"},"primaryImageOfPage":{"@id":"https:\/\/xenonkungen.com\/nl\/product\/valeo-ballast-5g-12-pins\/#primaryimage"},"image":{"@id":"https:\/\/xenonkungen.com\/nl\/product\/valeo-ballast-5g-12-pins\/#primaryimage"},"thumbnailUrl":"https:\/\/xenonkungen.com\/wp-content\/uploads\/2025\/04\/4430419-origpic-d8b39c.png","datePublished":"2025-04-15T08:37:06+00:00","dateModified":"2026-04-24T15:32:45+00:00","breadcrumb":{"@id":"https:\/\/xenonkungen.com\/nl\/product\/valeo-ballast-5g-12-pins\/#breadcrumb"},"inLanguage":"en-GB","potentialAction":[{"@type":"ReadAction","target":["https:\/\/xenonkungen.com\/nl\/product\/valeo-ballast-5g-12-pins\/"]}]},{"@type":"ImageObject","inLanguage":"en-GB","@id":"https:\/\/xenonkungen.com\/nl\/product\/valeo-ballast-5g-12-pins\/#primaryimage","url":"https:\/\/xenonkungen.com\/wp-content\/uploads\/2025\/04\/4430419-origpic-d8b39c.png","contentUrl":"https:\/\/xenonkungen.com\/wp-content\/uploads\/2025\/04\/4430419-origpic-d8b39c.png","width":1000,"height":1000},{"@type":"BreadcrumbList","@id":"https:\/\/xenonkungen.com\/nl\/product\/valeo-ballast-5g-12-pins\/#breadcrumb","itemListElement":[{"@type":"ListItem","position":1,"name":"Hem","item":"https:\/\/xenonkungen.com\/"},{"@type":"ListItem","position":2,"name":"Shop","item":"https:\/\/xenonkungen.com\/shop\/"},{"@type":"ListItem","position":3,"name":"Valeo Ballast 5G 12-PIN"}]},{"@type":"WebSite","@id":"https:\/\/xenonkungen.com\/#website","url":"https:\/\/xenonkungen.com\/","name":"Xenonkungen","description":"","potentialAction":[{"@type":"SearchAction","target":{"@type":"EntryPoint","urlTemplate":"https:\/\/xenonkungen.com\/?s={search_term_string}"},"query-input":{"@type":"PropertyValueSpecification","valueRequired":true,"valueName":"search_term_string"}}],"inLanguage":"en-GB"}]}},"taxonomy_info":{"product_cat":[{"value":2484,"label":"Ballast"},{"value":2485,"label":"Xenonkonvertering"},{"value":789,"label":"Ballast"},{"value":733,"label":"Halvljus \/ Helljus"}],"pa_volt-v":[{"value":159,"label":"12"}]},"featured_image_src_large":["https:\/\/xenonkungen.com\/wp-content\/uploads\/2025\/04\/4430419-origpic-d8b39c.png",1000,1000,false],"author_info":[],"comment_info":0,"_links":{"self":[{"href":"https:\/\/xenonkungen.com\/en\/wp-json\/wp\/v2\/product\/2415","targetHints":{"allow":["GET"]}}],"collection":[{"href":"https:\/\/xenonkungen.com\/en\/wp-json\/wp\/v2\/product"}],"about":[{"href":"https:\/\/xenonkungen.com\/en\/wp-json\/wp\/v2\/types\/product"}],"replies":[{"embeddable":true,"href":"https:\/\/xenonkungen.com\/en\/wp-json\/wp\/v2\/comments?post=2415"}],"wp:featuredmedia":[{"embeddable":true,"href":"https:\/\/xenonkungen.com\/en\/wp-json\/wp\/v2\/media\/2416"}],"wp:attachment":[{"href":"https:\/\/xenonkungen.com\/en\/wp-json\/wp\/v2\/media?parent=2415"}],"wp:term":[{"taxonomy":"anvandningsomrade","embeddable":true,"href":"https:\/\/xenonkungen.com\/en\/wp-json\/wp\/v2\/anvandningsomrade?post=2415"},{"taxonomy":"bilmarken","embeddable":true,"href":"https:\/\/xenonkungen.com\/en\/wp-json\/wp\/v2\/bilmarken?post=2415"},{"taxonomy":"product_brand","embeddable":true,"href":"https:\/\/xenonkungen.com\/en\/wp-json\/wp\/v2\/product_brand?post=2415"},{"taxonomy":"product_cat","embeddable":true,"href":"https:\/\/xenonkungen.com\/en\/wp-json\/wp\/v2\/product_cat?post=2415"},{"taxonomy":"product_tag","embeddable":true,"href":"https:\/\/xenonkungen.com\/en\/wp-json\/wp\/v2\/product_tag?post=2415"}],"curies":[{"name":"wp","href":"https:\/\/api.w.org\/{rel}","templated":true}]}}