{"id":2428,"date":"2025-04-15T08:37:18","date_gmt":"2025-04-15T08:37:18","guid":{"rendered":"https:\/\/xenonkungen.com\/product\/xk-ballast-5dv-008290\/"},"modified":"2026-05-11T09:27:57","modified_gmt":"2026-05-11T08:27:57","slug":"xk-ballast-5dv-008290","status":"publish","type":"product","link":"https:\/\/xenonkungen.com\/en\/product\/xk-ballast-5dv-008290\/","title":{"rendered":"XK Ballast 5DV 008290"},"content":{"rendered":"<p>Aftermarket xenon ballast according to Hella model that replaces cars equipped with similar model of make Hella 5DV 008 290-00.<br \/>12VDC.<\/p>\n<p><u>OEM makes are found in the following cars, among others<\/u><br \/><strong>BMW<\/strong> <br \/>E60, E61, E63, E64, E65, E66, E67, E68, X3 E83, E83 LCI, X5 E53, Z4 E85, E86 Coupe.<\/p>\n<p><strong>Audi<\/strong><br \/>TT, A4, A6 4F, A8, S8 2004-07<\/p>\n<p><strong>Ford<\/strong><br \/>Focus \u2013 C-max, Galaxy, Mondeo<\/p>\n<p><strong>Jaguar<\/strong> <br \/>X-type 2002-2008 S-type 2002-2008 <\/p>\n<p><strong>Mercedes<\/strong> <br \/>W200, W211, W220, W203, ML, W163, W164, W219, W171.<\/p>\n<p><strong>Nissan<\/strong><br \/>Almera, Primera<\/p>\n<p><strong>Vauxhall<\/strong><br \/>Astra G\/H, Vectra B, C, Signum, Zafira<\/p>\n<p><strong>Renault<\/strong><br \/>Scenic, Clio 2, Espace<\/p>\n<p><strong>Range Rover<\/strong><br \/>Sport 04-06<\/p>\n<p><strong>SAAB<\/strong> <br \/>Saab 9-3 <\/p>\n<p><strong>Skoda<\/strong><br \/>Octavia, Superb 2002-2008<\/p>\n<p><strong>VW<\/strong><br \/>Sharan, Golf IV, V<\/p>\n<p>Delivered article is not of OEM make in specified cars but works as a replacement. Original Hella approx price 3-4.000:-.<\/p>\n<p><strong>Good to know<\/strong><br \/>This type of replica of original products is available on the market. The most common feature of originals and copies is the outer casing. What distinguishes them is the components, programming and quality.<br \/>And this also applies between different manufacturers of replicas.<br \/>While the original is fully functional for all listed vehicles, some copies may be limited in functionality for individual makes or models depending on, among other things, the manufacturer's technical knowledge and ambition.<br \/>Our XK ballasts are more expensive to buy and therefore generally better than cheaper alternatives - which, by the way, may also be priced higher by competitors. <\/p>\n<p><u>other numbers for ballasts it is compatible with<\/u><br \/>Audi 4E0 907 476 \u2013 4E0907476<br \/>BMW 63 12 6 907 488 \u2013 63126907488<br \/>Ford 1 211 623 \u2013 1211623<br \/>Land Rover \u2013 2M5Z 13C170-AA<br \/>MB A 002 820 23 26 A0028202326<br \/>Nissan 28474-JD00A<br \/>Nissan 28474-JD00B<br \/>Opel 62 35 149 \u2013 6235149<br \/>Opel 62 35 225 \u2013 6235225<br \/>Opel 24406569<br \/>Renault 7701207033<br \/>Renault 7701207830<br \/>Saab 12 790 592 \u2013 12790592<br \/>Seat 4E0 907 476 \u2013 4E0907476<br \/>Skoda 4E0 907 476 -4E0907476<br \/>VW 4E0 907 476 \u2013 4E0907476<\/p>\n<p><strong>Warranty: 2 years<\/strong><\/p>","protected":false},"excerpt":{"rendered":"<p><b>Original replacement<\/b> <b>High quality<\/b> <b>Suitable for most car models<\/b> <b>2 year guarantee<\/b><\/p>","protected":false},"featured_media":2429,"comment_status":"closed","ping_status":"closed","template":"","meta":{"_acf_changed":false,"_smort_price_nok":"849","_smort_price_dkk":"539","_smort_price_eur":"72.27","_smort_sale_price_nok":"","_smort_sale_price_dkk":"","_smort_sale_price_eur":"","smort_restorder":"","shipmondo_restorder":"","_kad_blocks_custom_css":"","_kad_blocks_head_custom_js":"","_kad_blocks_body_custom_js":"","_kad_blocks_footer_custom_js":"","smort_custom_pricelist_1":"445.2","smort_custom_pricelist_2":"445.2","smort_custom_pricelist_3":"422.94","smort_custom_pricelist_4":"636","smort_custom_pricelist_5":"445.2"},"anvandningsomrade":[],"bilmarken":[],"product_brand":[117],"product_cat":[2484,789,733],"product_tag":[],"class_list":{"0":"post-2428","1":"product","2":"type-product","3":"status-publish","4":"has-post-thumbnail","6":"product_brand-xenonkungen","7":"product_cat-ballast-halvljus-helljus","8":"product_cat-ballast","9":"product_cat-halvljus-helljus","10":"pa_volt-v-159","12":"first","13":"instock","14":"taxable","15":"shipping-taxable","16":"purchasable","17":"product-type-simple"},"bundled_by":[],"bundle_stock_status":"instock","bundle_stock_quantity":61,"bundle_virtual":false,"bundle_layout":"","bundle_add_to_cart_form_location":"","bundle_editable_in_cart":false,"bundle_sold_individually_context":"","bundle_item_grouping":"","bundle_min_size":"","bundle_max_size":"","bundle_price":[],"bundled_items":[],"bundle_sell_ids":[],"acf":[],"yoast_head":"<!-- This site is optimized with the Yoast SEO plugin v27.0 - https:\/\/yoast.com\/product\/yoast-seo-wordpress\/ -->\n<title>XK Ballast 5DV 008290 - Xenonkungen<\/title>\n<meta name=\"robots\" content=\"index, follow, max-snippet:-1, max-image-preview:large, max-video-preview:-1\" \/>\n<link rel=\"canonical\" href=\"https:\/\/xenonkungen.com\/en\/product\/xk-ballast-5dv-008290\/\" \/>\n<meta property=\"og:locale\" content=\"en_GB\" \/>\n<meta property=\"og:type\" content=\"article\" \/>\n<meta property=\"og:title\" content=\"XK Ballast 5DV 008290 - Xenonkungen\" \/>\n<meta property=\"og:description\" content=\"Orginalers\u00e4ttning H\u00f6g kvalitet Passar flertalet bilmodeller 2 \u00e5rs garanti\" \/>\n<meta property=\"og:url\" content=\"https:\/\/xenonkungen.com\/en\/product\/xk-ballast-5dv-008290\/\" \/>\n<meta property=\"og:site_name\" content=\"Xenonkungen\" \/>\n<meta property=\"article:modified_time\" content=\"2026-05-11T08:27:57+00:00\" \/>\n<meta property=\"og:image\" content=\"https:\/\/xenonkungen.com\/wp-content\/uploads\/2025\/04\/13401216-origpic-a6899d.png\" \/>\n\t<meta property=\"og:image:width\" content=\"1000\" \/>\n\t<meta property=\"og:image:height\" content=\"1000\" \/>\n\t<meta property=\"og:image:type\" content=\"image\/png\" \/>\n<meta name=\"twitter:card\" content=\"summary_large_image\" \/>\n<meta name=\"twitter:label1\" content=\"Estimated reading time\" \/>\n\t<meta name=\"twitter:data1\" content=\"1 minute\" \/>\n<script type=\"application\/ld+json\" class=\"yoast-schema-graph\">{\"@context\":\"https:\/\/schema.org\",\"@graph\":[{\"@type\":\"WebPage\",\"@id\":\"https:\/\/xenonkungen.com\/produkt\/xk-ballast-5dv-008290\/\",\"url\":\"https:\/\/xenonkungen.com\/produkt\/xk-ballast-5dv-008290\/\",\"name\":\"XK Ballast 5DV 008290 - Xenonkungen\",\"isPartOf\":{\"@id\":\"https:\/\/xenonkungen.com\/#website\"},\"primaryImageOfPage\":{\"@id\":\"https:\/\/xenonkungen.com\/produkt\/xk-ballast-5dv-008290\/#primaryimage\"},\"image\":{\"@id\":\"https:\/\/xenonkungen.com\/produkt\/xk-ballast-5dv-008290\/#primaryimage\"},\"thumbnailUrl\":\"https:\/\/xenonkungen.com\/wp-content\/uploads\/2025\/04\/13401216-origpic-a6899d.png\",\"datePublished\":\"2025-04-15T08:37:18+00:00\",\"dateModified\":\"2026-05-11T08:27:57+00:00\",\"breadcrumb\":{\"@id\":\"https:\/\/xenonkungen.com\/produkt\/xk-ballast-5dv-008290\/#breadcrumb\"},\"inLanguage\":\"en-GB\",\"potentialAction\":[{\"@type\":\"ReadAction\",\"target\":[\"https:\/\/xenonkungen.com\/produkt\/xk-ballast-5dv-008290\/\"]}]},{\"@type\":\"ImageObject\",\"inLanguage\":\"en-GB\",\"@id\":\"https:\/\/xenonkungen.com\/produkt\/xk-ballast-5dv-008290\/#primaryimage\",\"url\":\"https:\/\/xenonkungen.com\/wp-content\/uploads\/2025\/04\/13401216-origpic-a6899d.png\",\"contentUrl\":\"https:\/\/xenonkungen.com\/wp-content\/uploads\/2025\/04\/13401216-origpic-a6899d.png\",\"width\":1000,\"height\":1000},{\"@type\":\"BreadcrumbList\",\"@id\":\"https:\/\/xenonkungen.com\/produkt\/xk-ballast-5dv-008290\/#breadcrumb\",\"itemListElement\":[{\"@type\":\"ListItem\",\"position\":1,\"name\":\"Hem\",\"item\":\"https:\/\/xenonkungen.com\/\"},{\"@type\":\"ListItem\",\"position\":2,\"name\":\"Shop\",\"item\":\"https:\/\/xenonkungen.com\/shop\/\"},{\"@type\":\"ListItem\",\"position\":3,\"name\":\"XK Ballast 5DV 008290\"}]},{\"@type\":\"WebSite\",\"@id\":\"https:\/\/xenonkungen.com\/#website\",\"url\":\"https:\/\/xenonkungen.com\/\",\"name\":\"Xenonkungen\",\"description\":\"\",\"potentialAction\":[{\"@type\":\"SearchAction\",\"target\":{\"@type\":\"EntryPoint\",\"urlTemplate\":\"https:\/\/xenonkungen.com\/?s={search_term_string}\"},\"query-input\":{\"@type\":\"PropertyValueSpecification\",\"valueRequired\":true,\"valueName\":\"search_term_string\"}}],\"inLanguage\":\"en-GB\"}]}<\/script>\n<!-- \/ Yoast SEO plugin. -->","yoast_head_json":{"title":"XK Ballast 5DV 008290 - The Xenon King","robots":{"index":"index","follow":"follow","max-snippet":"max-snippet:-1","max-image-preview":"max-image-preview:large","max-video-preview":"max-video-preview:-1"},"canonical":"https:\/\/xenonkungen.com\/en\/product\/xk-ballast-5dv-008290\/","og_locale":"en_GB","og_type":"article","og_title":"XK Ballast 5DV 008290 - Xenonkungen","og_description":"Orginalers\u00e4ttning H\u00f6g kvalitet Passar flertalet bilmodeller 2 \u00e5rs garanti","og_url":"https:\/\/xenonkungen.com\/en\/product\/xk-ballast-5dv-008290\/","og_site_name":"Xenonkungen","article_modified_time":"2026-05-11T08:27:57+00:00","og_image":[{"width":1000,"height":1000,"url":"https:\/\/xenonkungen.com\/wp-content\/uploads\/2025\/04\/13401216-origpic-a6899d.png","type":"image\/png"}],"twitter_card":"summary_large_image","twitter_misc":{"Estimated reading time":"1 minute"},"schema":{"@context":"https:\/\/schema.org","@graph":[{"@type":"WebPage","@id":"https:\/\/xenonkungen.com\/produkt\/xk-ballast-5dv-008290\/","url":"https:\/\/xenonkungen.com\/produkt\/xk-ballast-5dv-008290\/","name":"XK Ballast 5DV 008290 - The Xenon King","isPartOf":{"@id":"https:\/\/xenonkungen.com\/#website"},"primaryImageOfPage":{"@id":"https:\/\/xenonkungen.com\/produkt\/xk-ballast-5dv-008290\/#primaryimage"},"image":{"@id":"https:\/\/xenonkungen.com\/produkt\/xk-ballast-5dv-008290\/#primaryimage"},"thumbnailUrl":"https:\/\/xenonkungen.com\/wp-content\/uploads\/2025\/04\/13401216-origpic-a6899d.png","datePublished":"2025-04-15T08:37:18+00:00","dateModified":"2026-05-11T08:27:57+00:00","breadcrumb":{"@id":"https:\/\/xenonkungen.com\/produkt\/xk-ballast-5dv-008290\/#breadcrumb"},"inLanguage":"en-GB","potentialAction":[{"@type":"ReadAction","target":["https:\/\/xenonkungen.com\/produkt\/xk-ballast-5dv-008290\/"]}]},{"@type":"ImageObject","inLanguage":"en-GB","@id":"https:\/\/xenonkungen.com\/produkt\/xk-ballast-5dv-008290\/#primaryimage","url":"https:\/\/xenonkungen.com\/wp-content\/uploads\/2025\/04\/13401216-origpic-a6899d.png","contentUrl":"https:\/\/xenonkungen.com\/wp-content\/uploads\/2025\/04\/13401216-origpic-a6899d.png","width":1000,"height":1000},{"@type":"BreadcrumbList","@id":"https:\/\/xenonkungen.com\/produkt\/xk-ballast-5dv-008290\/#breadcrumb","itemListElement":[{"@type":"ListItem","position":1,"name":"Hem","item":"https:\/\/xenonkungen.com\/"},{"@type":"ListItem","position":2,"name":"Shop","item":"https:\/\/xenonkungen.com\/shop\/"},{"@type":"ListItem","position":3,"name":"XK Ballast 5DV 008290"}]},{"@type":"WebSite","@id":"https:\/\/xenonkungen.com\/#website","url":"https:\/\/xenonkungen.com\/","name":"Xenonkungen","description":"","potentialAction":[{"@type":"SearchAction","target":{"@type":"EntryPoint","urlTemplate":"https:\/\/xenonkungen.com\/?s={search_term_string}"},"query-input":{"@type":"PropertyValueSpecification","valueRequired":true,"valueName":"search_term_string"}}],"inLanguage":"en-GB"}]}},"taxonomy_info":{"product_brand":[{"value":117,"label":"Xenonkungen"}],"product_cat":[{"value":2484,"label":"Ballast"},{"value":789,"label":"Ballast"},{"value":733,"label":"Halvljus \/ Helljus"}],"pa_volt-v":[{"value":159,"label":"12"}]},"featured_image_src_large":["https:\/\/xenonkungen.com\/wp-content\/uploads\/2025\/04\/13401216-origpic-a6899d.png",1000,1000,false],"author_info":[],"comment_info":0,"_links":{"self":[{"href":"https:\/\/xenonkungen.com\/en\/wp-json\/wp\/v2\/product\/2428","targetHints":{"allow":["GET"]}}],"collection":[{"href":"https:\/\/xenonkungen.com\/en\/wp-json\/wp\/v2\/product"}],"about":[{"href":"https:\/\/xenonkungen.com\/en\/wp-json\/wp\/v2\/types\/product"}],"replies":[{"embeddable":true,"href":"https:\/\/xenonkungen.com\/en\/wp-json\/wp\/v2\/comments?post=2428"}],"wp:featuredmedia":[{"embeddable":true,"href":"https:\/\/xenonkungen.com\/en\/wp-json\/wp\/v2\/media\/2429"}],"wp:attachment":[{"href":"https:\/\/xenonkungen.com\/en\/wp-json\/wp\/v2\/media?parent=2428"}],"wp:term":[{"taxonomy":"anvandningsomrade","embeddable":true,"href":"https:\/\/xenonkungen.com\/en\/wp-json\/wp\/v2\/anvandningsomrade?post=2428"},{"taxonomy":"bilmarken","embeddable":true,"href":"https:\/\/xenonkungen.com\/en\/wp-json\/wp\/v2\/bilmarken?post=2428"},{"taxonomy":"product_brand","embeddable":true,"href":"https:\/\/xenonkungen.com\/en\/wp-json\/wp\/v2\/product_brand?post=2428"},{"taxonomy":"product_cat","embeddable":true,"href":"https:\/\/xenonkungen.com\/en\/wp-json\/wp\/v2\/product_cat?post=2428"},{"taxonomy":"product_tag","embeddable":true,"href":"https:\/\/xenonkungen.com\/en\/wp-json\/wp\/v2\/product_tag?post=2428"}],"curies":[{"name":"wp","href":"https:\/\/api.w.org\/{rel}","templated":true}]}}