{"id":24862,"date":"2026-01-21T13:52:25","date_gmt":"2026-01-21T12:52:25","guid":{"rendered":"https:\/\/xenonkungen.com\/?post_type=product&#038;p=24862"},"modified":"2026-04-24T17:43:52","modified_gmt":"2026-04-24T16:43:52","slug":"osram-lightsignal-led-beacon-light","status":"publish","type":"product","link":"https:\/\/xenonkungen.com\/en\/product\/osram-lightsignal-led-beacon-light\/","title":{"rendered":"OSRAM LIGHT signal LED BEACON LIGHT"},"content":{"rendered":"<h3 data-start=\"187\" data-end=\"235\">Light is safety \u2013 see and be seen with OSRAM<\/h3>\n<p data-start=\"237\" data-end=\"619\"><strong data-start=\"237\" data-end=\"275\">OSRAM LIGHT signal LED BEACON LIGHT<\/strong> is a powerful 360\u00b0 rotating yellow LED warning light developed to create maximum attention and increased safety in both traffic environments and demanding work areas. It is intended for vehicles with unusual width, length or load as well as for municipal vehicles, emergency vehicles, service and management vehicles where clear warning signaling is essential.<\/p>\n<p data-start=\"621\" data-end=\"957\">The warning light contributes to better visual recognition and is used to mark dangerous places, work zones and special areas where people need to be quickly alerted to an abnormal situation. It is also well suited for use on machines, in facilities and in industrial alarm systems where clear light signaling is required.<\/p>\n<p data-start=\"959\" data-end=\"1337\">With eight high-performance LED light sources, the OSRAM LIGHTsignal LED BEACON LIGHT delivers up to 1,900 lumens with a color temperature of 1,200 Kelvin. This provides a strong and clear yellow warning signal that is highly visible both in daylight and in the dark, while the low energy consumption makes the lamp suitable for longer operating periods without unnecessarily straining the vehicle&#039;s electrical system.<\/p>\n<p data-start=\"1339\" data-end=\"1708\">The construction is developed to withstand tough conditions. The non-slip and shock-absorbing rubber base reduces vibrations and acts as a seal between the lamp and the surface. The robust, unbreakable polycarbonate housing withstands high mechanical stress, while the smooth surface finish reduces the risk of dirt accumulation and ensures maintained lighting effect over time.<\/p>\n<p data-start=\"1710\" data-end=\"1946\">An integrated thermal management system protects the LED components by regulating the temperature and preventing overheating. The polarity protection automatically switches off the lamp in case of incorrect connection, contributing to safe and long-lasting operation.<\/p>\n<p data-start=\"1948\" data-end=\"2209\">Thanks to its compact and modern design, the warning light is compatible with both 12 V and 24 V vehicles. Mounting material is included and the stable three-point mounting system makes it possible to mount the light securely on the vehicle roof and use it immediately.<\/p>\n<p data-start=\"2211\" data-end=\"2526\">The OSRAM LIGHTsignal LED BEACON LIGHT complies with the ECE R10 and R65 directives and is approved for use in road traffic. The product has been tested in a DIN EN ISO\/IEC 17025-certified laboratory and meets the protection classes IP65 and IK08. For added security, it provides <strong data-start=\"2470\" data-end=\"2511\"><span class=\"hover:entity-accent entity-underline inline cursor-pointer align-baseline\"><span class=\"whitespace-normal\">OSRAM<\/span><\/span><\/strong> 2 year guarantee.<\/p>\n<h3 data-start=\"2528\" data-end=\"2560\">Important information in brief<\/h3>\n<ul data-start=\"2561\" data-end=\"2897\">\n<li data-start=\"2561\" data-end=\"2601\">\n<p data-start=\"2563\" data-end=\"2601\">360\u00b0 rotating yellow LED warning light<\/p>\n<\/li>\n<li data-start=\"2602\" data-end=\"2643\">\n<p data-start=\"2604\" data-end=\"2643\">Up to 1,900 lumens and 1,200 Kelvin<\/p>\n<\/li>\n<li data-start=\"2644\" data-end=\"2686\">\n<p data-start=\"2646\" data-end=\"2686\">Eight long-life LED light sources<\/p>\n<\/li>\n<li data-start=\"2687\" data-end=\"2734\">\n<p data-start=\"2689\" data-end=\"2734\">Low energy consumption and high operational reliability<\/p>\n<\/li>\n<li data-start=\"2735\" data-end=\"2793\">\n<p data-start=\"2737\" data-end=\"2793\">Robust construction with rubber base and polycarbonate housing<\/p>\n<\/li>\n<li data-start=\"2794\" data-end=\"2826\">\n<p data-start=\"2796\" data-end=\"2826\">Compatible with 12V and 24V<\/p>\n<\/li>\n<li data-start=\"2827\" data-end=\"2868\">\n<p data-start=\"2829\" data-end=\"2868\">ECE R10 and R65 approved for road traffic<\/p>\n<\/li>\n<li data-start=\"2869\" data-end=\"2897\">\n<p data-start=\"2871\" data-end=\"2897\">2-year warranty from OSRAM<\/p>\n<\/li>\n<\/ul>\n<p data-start=\"2899\" data-end=\"3028\">Please note that specific regulations for the use of rotating beacons are governed by the road traffic legislation of each country.<\/p>","protected":false},"excerpt":{"rendered":"<p>Ljus \u00e4r s\u00e4kerhet \u2013 se och bli sedd med OSRAM OSRAM LIGHTsignal LED BEACON LIGHT \u00e4r en kraftfull 360\u00b0 roterande gul LED-varningslampa utvecklad f\u00f6r att skapa maximal uppm\u00e4rksamhet och \u00f6kad s\u00e4kerhet i b\u00e5de trafikmilj\u00f6er och kr\u00e4vande arbetsomr\u00e5den. Den \u00e4r avsedd f\u00f6r fordon med ovanlig bredd, l\u00e4ngd eller last samt f\u00f6r kommunala fordon, r\u00e4ddningsfordon, service- och [&hellip;]<\/p>","protected":false},"featured_media":24869,"comment_status":"open","ping_status":"closed","template":"","meta":{"_acf_changed":false,"_smort_price_nok":"636","_smort_price_dkk":"","_smort_price_eur":"","_smort_sale_price_nok":"","_smort_sale_price_dkk":"","_smort_sale_price_eur":"","smort_restorder":"","shipmondo_restorder":"","_kad_blocks_custom_css":"","_kad_blocks_head_custom_js":"","_kad_blocks_body_custom_js":"","_kad_blocks_footer_custom_js":"","smort_custom_pricelist_1":"380.8","smort_custom_pricelist_2":"333.2","smort_custom_pricelist_3":"309.4","smort_custom_pricelist_4":"476","smort_custom_pricelist_5":"333.2"},"anvandningsomrade":[],"bilmarken":[],"product_brand":[108],"product_cat":[2579,2587,934,1061],"product_tag":[],"class_list":{"0":"post-24862","1":"product","2":"type-product","3":"status-publish","4":"has-post-thumbnail","6":"product_brand-osram","7":"product_cat-blixtljus-varningsljus","8":"product_cat-blixtljus-varningsljus-varningsljus","9":"product_cat-blixtljus","10":"product_cat-varningsljus","11":"pa_fargtemperatur-amber-1900k","12":"pa_fuktskydd-varde-ipxx-ip65","13":"pa_volt-v-159","14":"pa_volt-v-160","16":"first","17":"instock","18":"taxable","19":"shipping-taxable","20":"purchasable","21":"product-type-simple"},"bundled_by":[],"bundle_stock_status":"instock","bundle_stock_quantity":5,"bundle_virtual":false,"bundle_layout":"","bundle_add_to_cart_form_location":"","bundle_editable_in_cart":false,"bundle_sold_individually_context":"","bundle_item_grouping":"","bundle_min_size":"","bundle_max_size":"","bundle_price":[],"bundled_items":[],"bundle_sell_ids":[],"acf":[],"yoast_head":"<!-- This site is optimized with the Yoast SEO plugin v27.0 - https:\/\/yoast.com\/product\/yoast-seo-wordpress\/ -->\n<title>OSRAM LIGHTsignal LED BEACON LIGHT - Xenonkungen<\/title>\n<meta name=\"robots\" content=\"index, follow, max-snippet:-1, max-image-preview:large, max-video-preview:-1\" \/>\n<link rel=\"canonical\" href=\"https:\/\/xenonkungen.com\/en\/product\/osram-lightsignal-led-beacon-light\/\" \/>\n<meta property=\"og:locale\" content=\"en_GB\" \/>\n<meta property=\"og:type\" content=\"article\" \/>\n<meta property=\"og:title\" content=\"OSRAM LIGHTsignal LED BEACON LIGHT - Xenonkungen\" \/>\n<meta property=\"og:description\" content=\"Ljus \u00e4r s\u00e4kerhet \u2013 se och bli sedd med OSRAM OSRAM LIGHTsignal LED BEACON LIGHT \u00e4r en kraftfull 360\u00b0 roterande gul LED-varningslampa utvecklad f\u00f6r att skapa maximal uppm\u00e4rksamhet och \u00f6kad s\u00e4kerhet i b\u00e5de trafikmilj\u00f6er och kr\u00e4vande arbetsomr\u00e5den. Den \u00e4r avsedd f\u00f6r fordon med ovanlig bredd, l\u00e4ngd eller last samt f\u00f6r kommunala fordon, r\u00e4ddningsfordon, service- och [&hellip;]\" \/>\n<meta property=\"og:url\" content=\"https:\/\/xenonkungen.com\/en\/product\/osram-lightsignal-led-beacon-light\/\" \/>\n<meta property=\"og:site_name\" content=\"Xenonkungen\" \/>\n<meta property=\"article:modified_time\" content=\"2026-04-24T16:43:52+00:00\" \/>\n<meta property=\"og:image\" content=\"https:\/\/xenonkungen.com\/wp-content\/uploads\/2026\/01\/Small-for-web-and-ppt-BeaconLED1.jpg\" \/>\n\t<meta property=\"og:image:width\" content=\"1024\" \/>\n\t<meta property=\"og:image:height\" content=\"576\" \/>\n\t<meta property=\"og:image:type\" content=\"image\/jpeg\" \/>\n<meta name=\"twitter:card\" content=\"summary_large_image\" \/>\n<meta name=\"twitter:label1\" content=\"Estimated reading time\" \/>\n\t<meta name=\"twitter:data1\" content=\"3 minutes\" \/>\n<script type=\"application\/ld+json\" class=\"yoast-schema-graph\">{\"@context\":\"https:\/\/schema.org\",\"@graph\":[{\"@type\":\"WebPage\",\"@id\":\"https:\/\/xenonkungen.com\/produkt\/osram-lightsignal-led-beacon-light\/\",\"url\":\"https:\/\/xenonkungen.com\/produkt\/osram-lightsignal-led-beacon-light\/\",\"name\":\"OSRAM LIGHTsignal LED BEACON LIGHT - Xenonkungen\",\"isPartOf\":{\"@id\":\"https:\/\/xenonkungen.com\/#website\"},\"primaryImageOfPage\":{\"@id\":\"https:\/\/xenonkungen.com\/produkt\/osram-lightsignal-led-beacon-light\/#primaryimage\"},\"image\":{\"@id\":\"https:\/\/xenonkungen.com\/produkt\/osram-lightsignal-led-beacon-light\/#primaryimage\"},\"thumbnailUrl\":\"https:\/\/xenonkungen.com\/wp-content\/uploads\/2026\/01\/Small-for-web-and-ppt-BeaconLED1.jpg\",\"datePublished\":\"2026-01-21T12:52:25+00:00\",\"dateModified\":\"2026-04-24T16:43:52+00:00\",\"breadcrumb\":{\"@id\":\"https:\/\/xenonkungen.com\/produkt\/osram-lightsignal-led-beacon-light\/#breadcrumb\"},\"inLanguage\":\"en-GB\",\"potentialAction\":[{\"@type\":\"ReadAction\",\"target\":[\"https:\/\/xenonkungen.com\/produkt\/osram-lightsignal-led-beacon-light\/\"]}]},{\"@type\":\"ImageObject\",\"inLanguage\":\"en-GB\",\"@id\":\"https:\/\/xenonkungen.com\/produkt\/osram-lightsignal-led-beacon-light\/#primaryimage\",\"url\":\"https:\/\/xenonkungen.com\/wp-content\/uploads\/2026\/01\/Small-for-web-and-ppt-BeaconLED1.jpg\",\"contentUrl\":\"https:\/\/xenonkungen.com\/wp-content\/uploads\/2026\/01\/Small-for-web-and-ppt-BeaconLED1.jpg\",\"width\":1024,\"height\":576},{\"@type\":\"BreadcrumbList\",\"@id\":\"https:\/\/xenonkungen.com\/produkt\/osram-lightsignal-led-beacon-light\/#breadcrumb\",\"itemListElement\":[{\"@type\":\"ListItem\",\"position\":1,\"name\":\"Hem\",\"item\":\"https:\/\/xenonkungen.com\/\"},{\"@type\":\"ListItem\",\"position\":2,\"name\":\"Shop\",\"item\":\"https:\/\/xenonkungen.com\/shop\/\"},{\"@type\":\"ListItem\",\"position\":3,\"name\":\"OSRAM LIGHTsignal LED BEACON LIGHT\"}]},{\"@type\":\"WebSite\",\"@id\":\"https:\/\/xenonkungen.com\/#website\",\"url\":\"https:\/\/xenonkungen.com\/\",\"name\":\"Xenonkungen\",\"description\":\"\",\"potentialAction\":[{\"@type\":\"SearchAction\",\"target\":{\"@type\":\"EntryPoint\",\"urlTemplate\":\"https:\/\/xenonkungen.com\/?s={search_term_string}\"},\"query-input\":{\"@type\":\"PropertyValueSpecification\",\"valueRequired\":true,\"valueName\":\"search_term_string\"}}],\"inLanguage\":\"en-GB\"}]}<\/script>\n<!-- \/ Yoast SEO plugin. -->","yoast_head_json":{"title":"OSRAM LIGHTsignal LED BEACON LIGHT - The Xenon king","robots":{"index":"index","follow":"follow","max-snippet":"max-snippet:-1","max-image-preview":"max-image-preview:large","max-video-preview":"max-video-preview:-1"},"canonical":"https:\/\/xenonkungen.com\/en\/product\/osram-lightsignal-led-beacon-light\/","og_locale":"en_GB","og_type":"article","og_title":"OSRAM LIGHTsignal LED BEACON LIGHT - Xenonkungen","og_description":"Ljus \u00e4r s\u00e4kerhet \u2013 se och bli sedd med OSRAM OSRAM LIGHTsignal LED BEACON LIGHT \u00e4r en kraftfull 360\u00b0 roterande gul LED-varningslampa utvecklad f\u00f6r att skapa maximal uppm\u00e4rksamhet och \u00f6kad s\u00e4kerhet i b\u00e5de trafikmilj\u00f6er och kr\u00e4vande arbetsomr\u00e5den. Den \u00e4r avsedd f\u00f6r fordon med ovanlig bredd, l\u00e4ngd eller last samt f\u00f6r kommunala fordon, r\u00e4ddningsfordon, service- och [&hellip;]","og_url":"https:\/\/xenonkungen.com\/en\/product\/osram-lightsignal-led-beacon-light\/","og_site_name":"Xenonkungen","article_modified_time":"2026-04-24T16:43:52+00:00","og_image":[{"width":1024,"height":576,"url":"https:\/\/xenonkungen.com\/wp-content\/uploads\/2026\/01\/Small-for-web-and-ppt-BeaconLED1.jpg","type":"image\/jpeg"}],"twitter_card":"summary_large_image","twitter_misc":{"Estimated reading time":"3 minutes"},"schema":{"@context":"https:\/\/schema.org","@graph":[{"@type":"WebPage","@id":"https:\/\/xenonkungen.com\/produkt\/osram-lightsignal-led-beacon-light\/","url":"https:\/\/xenonkungen.com\/produkt\/osram-lightsignal-led-beacon-light\/","name":"OSRAM LIGHTsignal LED BEACON LIGHT - The Xenon king","isPartOf":{"@id":"https:\/\/xenonkungen.com\/#website"},"primaryImageOfPage":{"@id":"https:\/\/xenonkungen.com\/produkt\/osram-lightsignal-led-beacon-light\/#primaryimage"},"image":{"@id":"https:\/\/xenonkungen.com\/produkt\/osram-lightsignal-led-beacon-light\/#primaryimage"},"thumbnailUrl":"https:\/\/xenonkungen.com\/wp-content\/uploads\/2026\/01\/Small-for-web-and-ppt-BeaconLED1.jpg","datePublished":"2026-01-21T12:52:25+00:00","dateModified":"2026-04-24T16:43:52+00:00","breadcrumb":{"@id":"https:\/\/xenonkungen.com\/produkt\/osram-lightsignal-led-beacon-light\/#breadcrumb"},"inLanguage":"en-GB","potentialAction":[{"@type":"ReadAction","target":["https:\/\/xenonkungen.com\/produkt\/osram-lightsignal-led-beacon-light\/"]}]},{"@type":"ImageObject","inLanguage":"en-GB","@id":"https:\/\/xenonkungen.com\/produkt\/osram-lightsignal-led-beacon-light\/#primaryimage","url":"https:\/\/xenonkungen.com\/wp-content\/uploads\/2026\/01\/Small-for-web-and-ppt-BeaconLED1.jpg","contentUrl":"https:\/\/xenonkungen.com\/wp-content\/uploads\/2026\/01\/Small-for-web-and-ppt-BeaconLED1.jpg","width":1024,"height":576},{"@type":"BreadcrumbList","@id":"https:\/\/xenonkungen.com\/produkt\/osram-lightsignal-led-beacon-light\/#breadcrumb","itemListElement":[{"@type":"ListItem","position":1,"name":"Hem","item":"https:\/\/xenonkungen.com\/"},{"@type":"ListItem","position":2,"name":"Shop","item":"https:\/\/xenonkungen.com\/shop\/"},{"@type":"ListItem","position":3,"name":"OSRAM LIGHTsignal LED BEACON LIGHT"}]},{"@type":"WebSite","@id":"https:\/\/xenonkungen.com\/#website","url":"https:\/\/xenonkungen.com\/","name":"Xenonkungen","description":"","potentialAction":[{"@type":"SearchAction","target":{"@type":"EntryPoint","urlTemplate":"https:\/\/xenonkungen.com\/?s={search_term_string}"},"query-input":{"@type":"PropertyValueSpecification","valueRequired":true,"valueName":"search_term_string"}}],"inLanguage":"en-GB"}]}},"taxonomy_info":{"product_brand":[{"value":108,"label":"OSRAM"}],"product_cat":[{"value":2579,"label":"Blixtljus\/Varningsljus"},{"value":2587,"label":"Blixtljus\/Varningsljus"},{"value":934,"label":"Blixtljus"},{"value":1061,"label":"Varningsljus"}],"pa_fargtemperatur":[{"value":1986,"label":"Amber 1900K"}],"pa_fuktskydd-varde-ipxx":[{"value":520,"label":"IP65"}],"pa_volt-v":[{"value":159,"label":"12"},{"value":160,"label":"24"}]},"featured_image_src_large":["https:\/\/xenonkungen.com\/wp-content\/uploads\/2026\/01\/Small-for-web-and-ppt-BeaconLED1.jpg",1024,576,false],"author_info":[],"comment_info":0,"_links":{"self":[{"href":"https:\/\/xenonkungen.com\/en\/wp-json\/wp\/v2\/product\/24862","targetHints":{"allow":["GET"]}}],"collection":[{"href":"https:\/\/xenonkungen.com\/en\/wp-json\/wp\/v2\/product"}],"about":[{"href":"https:\/\/xenonkungen.com\/en\/wp-json\/wp\/v2\/types\/product"}],"replies":[{"embeddable":true,"href":"https:\/\/xenonkungen.com\/en\/wp-json\/wp\/v2\/comments?post=24862"}],"wp:featuredmedia":[{"embeddable":true,"href":"https:\/\/xenonkungen.com\/en\/wp-json\/wp\/v2\/media\/24869"}],"wp:attachment":[{"href":"https:\/\/xenonkungen.com\/en\/wp-json\/wp\/v2\/media?parent=24862"}],"wp:term":[{"taxonomy":"anvandningsomrade","embeddable":true,"href":"https:\/\/xenonkungen.com\/en\/wp-json\/wp\/v2\/anvandningsomrade?post=24862"},{"taxonomy":"bilmarken","embeddable":true,"href":"https:\/\/xenonkungen.com\/en\/wp-json\/wp\/v2\/bilmarken?post=24862"},{"taxonomy":"product_brand","embeddable":true,"href":"https:\/\/xenonkungen.com\/en\/wp-json\/wp\/v2\/product_brand?post=24862"},{"taxonomy":"product_cat","embeddable":true,"href":"https:\/\/xenonkungen.com\/en\/wp-json\/wp\/v2\/product_cat?post=24862"},{"taxonomy":"product_tag","embeddable":true,"href":"https:\/\/xenonkungen.com\/en\/wp-json\/wp\/v2\/product_tag?post=24862"}],"curies":[{"name":"wp","href":"https:\/\/api.w.org\/{rel}","templated":true}]}}