{"id":25027,"date":"2026-01-23T08:57:24","date_gmt":"2026-01-23T07:57:24","guid":{"rendered":"https:\/\/xenonkungen.com\/?post_type=product&#038;p=25027"},"modified":"2026-04-24T17:37:41","modified_gmt":"2026-04-24T16:37:41","slug":"osram-ultra-life-h7-2-pack","status":"publish","type":"product","link":"https:\/\/xenonkungen.com\/en\/product\/osram-ultra-life-h7-2-pack\/","title":{"rendered":"OSRAM Ultra Life \u2013 H7 \u2013 2-Pack"},"content":{"rendered":"<h3 data-start=\"153\" data-end=\"217\">OSRAM ULTRA LIFE \u2013 extra durable car lamp with extreme lifespan<\/h3>\n<p data-start=\"219\" data-end=\"550\">Tired of changing light bulbs? <strong data-start=\"245\" data-end=\"297\"><span class=\"hover:entity-accent entity-underline inline cursor-pointer align-baseline\"><span class=\"whitespace-normal\">OSRAM<\/span><\/span> ULTRA LIFE<\/strong> is the car lamp for you who want <strong data-start=\"331\" data-end=\"388\">maximum durability, long life and total peace of mind<\/strong>With up to <strong data-start=\"403\" data-end=\"435\">four times longer lifespan<\/strong> than standard halogen, it is an obvious choice for those who drive a lot \u2013 or simply want to avoid unnecessary replacements.<\/p>\n<p data-start=\"552\" data-end=\"761\">ULTRA LIFE is designed to last <strong data-start=\"592\" data-end=\"615\">up to 100,000 km<\/strong>, based on normal driving with the lights on most of the time. Perfect for modern cars where <strong data-start=\"711\" data-end=\"760\">daytime running lights and dipped beam are used continuously<\/strong>.<\/p>\n<p data-start=\"763\" data-end=\"914\">As an extra measure of security, OSRAM also provides <strong data-start=\"804\" data-end=\"826\">full 4 year warranty<\/strong>, making ULTRA LIFE one of the safest and most long-term choices on the market.<\/p>\n<h4 data-start=\"916\" data-end=\"958\">Why you should choose OSRAM ULTRA LIFE:<\/h4>\n<ul data-start=\"959\" data-end=\"1240\">\n<li data-start=\"959\" data-end=\"1017\">\n<p data-start=\"961\" data-end=\"1017\"><strong data-start=\"964\" data-end=\"996\">Up to 4\u00d7 longer lifespan<\/strong> than standard halogen<\/p>\n<\/li>\n<li data-start=\"1018\" data-end=\"1070\">\n<p data-start=\"1020\" data-end=\"1070\"><strong data-start=\"1024\" data-end=\"1047\">4-year OSRAM warranty<\/strong> for maximum security<\/p>\n<\/li>\n<li data-start=\"1071\" data-end=\"1135\">\n<p data-start=\"1073\" data-end=\"1135\">\u00a0Ideal for cars with <strong data-start=\"1099\" data-end=\"1133\">daytime running lights &amp; constant lighting<\/strong><\/p>\n<\/li>\n<li data-start=\"1136\" data-end=\"1191\">\n<p data-start=\"1138\" data-end=\"1191\"><strong data-start=\"1141\" data-end=\"1173\">Modern design with silver top<\/strong> (H4 \/ H7 \/ H11)<\/p>\n<\/li>\n<li data-start=\"1192\" data-end=\"1240\">\n<p data-start=\"1194\" data-end=\"1240\">\u00a0Also suitable for <strong data-start=\"1209\" data-end=\"1238\">headlights with clear glass<\/strong><\/p>\n<\/li>\n<\/ul>\n<p data-start=\"1242\" data-end=\"1358\">OSRAM ULTRA LIFE is the lamp for those who prioritize <strong data-start=\"1293\" data-end=\"1343\">durability, quality and trouble-free driving<\/strong> \u2013 year after year.<\/p>","protected":false},"excerpt":{"rendered":"<p>OSRAM ULTRA LIFE \u2013 extra t\u00e5lig billampa med extrem livsl\u00e4ngd Tr\u00f6tt p\u00e5 att byta lampor? OSRAM ULTRA LIFE \u00e4r billampan f\u00f6r dig som vill ha maximal h\u00e5llbarhet, l\u00e5ng livsl\u00e4ngd och total sinnesro. Med upp till fyra g\u00e5nger l\u00e4ngre livsl\u00e4ngd \u00e4n standardhalogen \u00e4r den ett sj\u00e4lvklart val f\u00f6r dig som k\u00f6r mycket \u2013 eller helt enkelt [&hellip;]<\/p>","protected":false},"featured_media":25030,"comment_status":"open","ping_status":"closed","template":"","meta":{"_acf_changed":false,"_smort_price_nok":"191","_smort_price_dkk":"","_smort_price_eur":"","_smort_sale_price_nok":"","_smort_sale_price_dkk":"","_smort_sale_price_eur":"","smort_restorder":"","shipmondo_restorder":"","_kad_blocks_custom_css":"","_kad_blocks_head_custom_js":"","_kad_blocks_body_custom_js":"","_kad_blocks_footer_custom_js":"","smort_custom_pricelist_1":"114.56","smort_custom_pricelist_2":"100.24","smort_custom_pricelist_3":"93.08","smort_custom_pricelist_4":"143.2","smort_custom_pricelist_5":"100.24"},"anvandningsomrade":[],"bilmarken":[],"product_brand":[108],"product_cat":[2543,733],"product_tag":[],"class_list":{"0":"post-25027","1":"product","2":"type-product","3":"status-publish","4":"has-post-thumbnail","6":"product_brand-osram","7":"product_cat-halogen-halvljus-helljus","8":"product_cat-halvljus-helljus","9":"pa_faktisk-effekts-forbrukning-841","10":"pa_lampsockel-kontakt-h7","11":"pa_lampsockel-kontakt-px26d","12":"pa_volt-v-159","14":"first","15":"instock","16":"taxable","17":"shipping-taxable","18":"purchasable","19":"product-type-simple"},"bundled_by":[],"bundle_stock_status":"instock","bundle_stock_quantity":5,"bundle_virtual":false,"bundle_layout":"","bundle_add_to_cart_form_location":"","bundle_editable_in_cart":false,"bundle_sold_individually_context":"","bundle_item_grouping":"","bundle_min_size":"","bundle_max_size":"","bundle_price":[],"bundled_items":[],"bundle_sell_ids":[],"acf":[],"yoast_head":"<!-- This site is optimized with the Yoast SEO plugin v27.0 - https:\/\/yoast.com\/product\/yoast-seo-wordpress\/ -->\n<title>OSRAM Ultra Life - H7 - 2-Pack - Xenonkungen<\/title>\n<meta name=\"robots\" content=\"index, follow, max-snippet:-1, max-image-preview:large, max-video-preview:-1\" \/>\n<link rel=\"canonical\" href=\"https:\/\/xenonkungen.com\/en\/product\/osram-ultra-life-h7-2-pack\/\" \/>\n<meta property=\"og:locale\" content=\"en_GB\" \/>\n<meta property=\"og:type\" content=\"article\" \/>\n<meta property=\"og:title\" content=\"OSRAM Ultra Life - H7 - 2-Pack - Xenonkungen\" \/>\n<meta property=\"og:description\" content=\"OSRAM ULTRA LIFE \u2013 extra t\u00e5lig billampa med extrem livsl\u00e4ngd Tr\u00f6tt p\u00e5 att byta lampor? OSRAM ULTRA LIFE \u00e4r billampan f\u00f6r dig som vill ha maximal h\u00e5llbarhet, l\u00e5ng livsl\u00e4ngd och total sinnesro. Med upp till fyra g\u00e5nger l\u00e4ngre livsl\u00e4ngd \u00e4n standardhalogen \u00e4r den ett sj\u00e4lvklart val f\u00f6r dig som k\u00f6r mycket \u2013 eller helt enkelt [&hellip;]\" \/>\n<meta property=\"og:url\" content=\"https:\/\/xenonkungen.com\/en\/product\/osram-ultra-life-h7-2-pack\/\" \/>\n<meta property=\"og:site_name\" content=\"Xenonkungen\" \/>\n<meta property=\"article:modified_time\" content=\"2026-04-24T16:37:41+00:00\" \/>\n<meta property=\"og:image\" content=\"https:\/\/xenonkungen.com\/wp-content\/uploads\/2026\/01\/Small-for-web-and-ppt-BS_ULTRA_LIFE_H7_64210ULT_2x.jpg\" \/>\n\t<meta property=\"og:image:width\" content=\"1024\" \/>\n\t<meta property=\"og:image:height\" content=\"1024\" \/>\n\t<meta property=\"og:image:type\" content=\"image\/jpeg\" \/>\n<meta name=\"twitter:card\" content=\"summary_large_image\" \/>\n<meta name=\"twitter:label1\" content=\"Estimated reading time\" \/>\n\t<meta name=\"twitter:data1\" content=\"2 minutes\" \/>\n<script type=\"application\/ld+json\" class=\"yoast-schema-graph\">{\"@context\":\"https:\/\/schema.org\",\"@graph\":[{\"@type\":\"WebPage\",\"@id\":\"https:\/\/xenonkungen.com\/produkt\/osram-ultra-life-h7-2-pack\/\",\"url\":\"https:\/\/xenonkungen.com\/produkt\/osram-ultra-life-h7-2-pack\/\",\"name\":\"OSRAM Ultra Life - H7 - 2-Pack - Xenonkungen\",\"isPartOf\":{\"@id\":\"https:\/\/xenonkungen.com\/#website\"},\"primaryImageOfPage\":{\"@id\":\"https:\/\/xenonkungen.com\/produkt\/osram-ultra-life-h7-2-pack\/#primaryimage\"},\"image\":{\"@id\":\"https:\/\/xenonkungen.com\/produkt\/osram-ultra-life-h7-2-pack\/#primaryimage\"},\"thumbnailUrl\":\"https:\/\/xenonkungen.com\/wp-content\/uploads\/2026\/01\/Small-for-web-and-ppt-BS_ULTRA_LIFE_H7_64210ULT_2x.jpg\",\"datePublished\":\"2026-01-23T07:57:24+00:00\",\"dateModified\":\"2026-04-24T16:37:41+00:00\",\"breadcrumb\":{\"@id\":\"https:\/\/xenonkungen.com\/produkt\/osram-ultra-life-h7-2-pack\/#breadcrumb\"},\"inLanguage\":\"en-GB\",\"potentialAction\":[{\"@type\":\"ReadAction\",\"target\":[\"https:\/\/xenonkungen.com\/produkt\/osram-ultra-life-h7-2-pack\/\"]}]},{\"@type\":\"ImageObject\",\"inLanguage\":\"en-GB\",\"@id\":\"https:\/\/xenonkungen.com\/produkt\/osram-ultra-life-h7-2-pack\/#primaryimage\",\"url\":\"https:\/\/xenonkungen.com\/wp-content\/uploads\/2026\/01\/Small-for-web-and-ppt-BS_ULTRA_LIFE_H7_64210ULT_2x.jpg\",\"contentUrl\":\"https:\/\/xenonkungen.com\/wp-content\/uploads\/2026\/01\/Small-for-web-and-ppt-BS_ULTRA_LIFE_H7_64210ULT_2x.jpg\",\"width\":1024,\"height\":1024},{\"@type\":\"BreadcrumbList\",\"@id\":\"https:\/\/xenonkungen.com\/produkt\/osram-ultra-life-h7-2-pack\/#breadcrumb\",\"itemListElement\":[{\"@type\":\"ListItem\",\"position\":1,\"name\":\"Hem\",\"item\":\"https:\/\/xenonkungen.com\/\"},{\"@type\":\"ListItem\",\"position\":2,\"name\":\"Shop\",\"item\":\"https:\/\/xenonkungen.com\/shop\/\"},{\"@type\":\"ListItem\",\"position\":3,\"name\":\"OSRAM Ultra Life &#8211; H7 &#8211; 2-Pack\"}]},{\"@type\":\"WebSite\",\"@id\":\"https:\/\/xenonkungen.com\/#website\",\"url\":\"https:\/\/xenonkungen.com\/\",\"name\":\"Xenonkungen\",\"description\":\"\",\"potentialAction\":[{\"@type\":\"SearchAction\",\"target\":{\"@type\":\"EntryPoint\",\"urlTemplate\":\"https:\/\/xenonkungen.com\/?s={search_term_string}\"},\"query-input\":{\"@type\":\"PropertyValueSpecification\",\"valueRequired\":true,\"valueName\":\"search_term_string\"}}],\"inLanguage\":\"en-GB\"}]}<\/script>\n<!-- \/ Yoast SEO plugin. -->","yoast_head_json":{"title":"OSRAM Ultra Life - H7 - 2-Pack - The Xenon King","robots":{"index":"index","follow":"follow","max-snippet":"max-snippet:-1","max-image-preview":"max-image-preview:large","max-video-preview":"max-video-preview:-1"},"canonical":"https:\/\/xenonkungen.com\/en\/product\/osram-ultra-life-h7-2-pack\/","og_locale":"en_GB","og_type":"article","og_title":"OSRAM Ultra Life - H7 - 2-Pack - Xenonkungen","og_description":"OSRAM ULTRA LIFE \u2013 extra t\u00e5lig billampa med extrem livsl\u00e4ngd Tr\u00f6tt p\u00e5 att byta lampor? OSRAM ULTRA LIFE \u00e4r billampan f\u00f6r dig som vill ha maximal h\u00e5llbarhet, l\u00e5ng livsl\u00e4ngd och total sinnesro. Med upp till fyra g\u00e5nger l\u00e4ngre livsl\u00e4ngd \u00e4n standardhalogen \u00e4r den ett sj\u00e4lvklart val f\u00f6r dig som k\u00f6r mycket \u2013 eller helt enkelt [&hellip;]","og_url":"https:\/\/xenonkungen.com\/en\/product\/osram-ultra-life-h7-2-pack\/","og_site_name":"Xenonkungen","article_modified_time":"2026-04-24T16:37:41+00:00","og_image":[{"width":1024,"height":1024,"url":"https:\/\/xenonkungen.com\/wp-content\/uploads\/2026\/01\/Small-for-web-and-ppt-BS_ULTRA_LIFE_H7_64210ULT_2x.jpg","type":"image\/jpeg"}],"twitter_card":"summary_large_image","twitter_misc":{"Estimated reading time":"2 minutes"},"schema":{"@context":"https:\/\/schema.org","@graph":[{"@type":"WebPage","@id":"https:\/\/xenonkungen.com\/produkt\/osram-ultra-life-h7-2-pack\/","url":"https:\/\/xenonkungen.com\/produkt\/osram-ultra-life-h7-2-pack\/","name":"OSRAM Ultra Life - H7 - 2-Pack - The Xenon King","isPartOf":{"@id":"https:\/\/xenonkungen.com\/#website"},"primaryImageOfPage":{"@id":"https:\/\/xenonkungen.com\/produkt\/osram-ultra-life-h7-2-pack\/#primaryimage"},"image":{"@id":"https:\/\/xenonkungen.com\/produkt\/osram-ultra-life-h7-2-pack\/#primaryimage"},"thumbnailUrl":"https:\/\/xenonkungen.com\/wp-content\/uploads\/2026\/01\/Small-for-web-and-ppt-BS_ULTRA_LIFE_H7_64210ULT_2x.jpg","datePublished":"2026-01-23T07:57:24+00:00","dateModified":"2026-04-24T16:37:41+00:00","breadcrumb":{"@id":"https:\/\/xenonkungen.com\/produkt\/osram-ultra-life-h7-2-pack\/#breadcrumb"},"inLanguage":"en-GB","potentialAction":[{"@type":"ReadAction","target":["https:\/\/xenonkungen.com\/produkt\/osram-ultra-life-h7-2-pack\/"]}]},{"@type":"ImageObject","inLanguage":"en-GB","@id":"https:\/\/xenonkungen.com\/produkt\/osram-ultra-life-h7-2-pack\/#primaryimage","url":"https:\/\/xenonkungen.com\/wp-content\/uploads\/2026\/01\/Small-for-web-and-ppt-BS_ULTRA_LIFE_H7_64210ULT_2x.jpg","contentUrl":"https:\/\/xenonkungen.com\/wp-content\/uploads\/2026\/01\/Small-for-web-and-ppt-BS_ULTRA_LIFE_H7_64210ULT_2x.jpg","width":1024,"height":1024},{"@type":"BreadcrumbList","@id":"https:\/\/xenonkungen.com\/produkt\/osram-ultra-life-h7-2-pack\/#breadcrumb","itemListElement":[{"@type":"ListItem","position":1,"name":"Hem","item":"https:\/\/xenonkungen.com\/"},{"@type":"ListItem","position":2,"name":"Shop","item":"https:\/\/xenonkungen.com\/shop\/"},{"@type":"ListItem","position":3,"name":"OSRAM Ultra Life &#8211; H7 &#8211; 2-Pack"}]},{"@type":"WebSite","@id":"https:\/\/xenonkungen.com\/#website","url":"https:\/\/xenonkungen.com\/","name":"Xenonkungen","description":"","potentialAction":[{"@type":"SearchAction","target":{"@type":"EntryPoint","urlTemplate":"https:\/\/xenonkungen.com\/?s={search_term_string}"},"query-input":{"@type":"PropertyValueSpecification","valueRequired":true,"valueName":"search_term_string"}}],"inLanguage":"en-GB"}]}},"taxonomy_info":{"product_brand":[{"value":108,"label":"OSRAM"}],"product_cat":[{"value":2543,"label":"Halogen"},{"value":733,"label":"Halvljus \/ Helljus"}],"pa_faktisk-effekts-forbrukning":[{"value":841,"label":"55"}],"pa_lampsockel-kontakt":[{"value":206,"label":"H7"},{"value":2150,"label":"PX26d"}],"pa_volt-v":[{"value":159,"label":"12"}]},"featured_image_src_large":["https:\/\/xenonkungen.com\/wp-content\/uploads\/2026\/01\/Small-for-web-and-ppt-BS_ULTRA_LIFE_H7_64210ULT_2x.jpg",1024,1024,false],"author_info":[],"comment_info":0,"_links":{"self":[{"href":"https:\/\/xenonkungen.com\/en\/wp-json\/wp\/v2\/product\/25027","targetHints":{"allow":["GET"]}}],"collection":[{"href":"https:\/\/xenonkungen.com\/en\/wp-json\/wp\/v2\/product"}],"about":[{"href":"https:\/\/xenonkungen.com\/en\/wp-json\/wp\/v2\/types\/product"}],"replies":[{"embeddable":true,"href":"https:\/\/xenonkungen.com\/en\/wp-json\/wp\/v2\/comments?post=25027"}],"wp:featuredmedia":[{"embeddable":true,"href":"https:\/\/xenonkungen.com\/en\/wp-json\/wp\/v2\/media\/25030"}],"wp:attachment":[{"href":"https:\/\/xenonkungen.com\/en\/wp-json\/wp\/v2\/media?parent=25027"}],"wp:term":[{"taxonomy":"anvandningsomrade","embeddable":true,"href":"https:\/\/xenonkungen.com\/en\/wp-json\/wp\/v2\/anvandningsomrade?post=25027"},{"taxonomy":"bilmarken","embeddable":true,"href":"https:\/\/xenonkungen.com\/en\/wp-json\/wp\/v2\/bilmarken?post=25027"},{"taxonomy":"product_brand","embeddable":true,"href":"https:\/\/xenonkungen.com\/en\/wp-json\/wp\/v2\/product_brand?post=25027"},{"taxonomy":"product_cat","embeddable":true,"href":"https:\/\/xenonkungen.com\/en\/wp-json\/wp\/v2\/product_cat?post=25027"},{"taxonomy":"product_tag","embeddable":true,"href":"https:\/\/xenonkungen.com\/en\/wp-json\/wp\/v2\/product_tag?post=25027"}],"curies":[{"name":"wp","href":"https:\/\/api.w.org\/{rel}","templated":true}]}}