{"id":25060,"date":"2026-01-23T11:36:34","date_gmt":"2026-01-23T10:36:34","guid":{"rendered":"https:\/\/xenonkungen.com\/?post_type=product&#038;p=25060"},"modified":"2026-04-24T17:35:15","modified_gmt":"2026-04-24T16:35:15","slug":"osram-allseason-super-allseason-h1","status":"publish","type":"product","link":"https:\/\/xenonkungen.com\/en\/product\/osram-allseason-super-allseason-h1\/","title":{"rendered":"OSRAM ALLSEASON SUPER \u2013 ALLSEASON \u2013 H1"},"content":{"rendered":"<h3 data-start=\"157\" data-end=\"221\">OSRAM ALLSEASON \/ ALLSEASON SUPER \u2013 better visibility in all weather conditions<\/h3>\n<p data-start=\"223\" data-end=\"419\">Drive safely regardless of the weather. <strong data-start=\"249\" data-end=\"320\"><span class=\"hover:entity-accent entity-underline inline cursor-pointer align-baseline\"><span class=\"whitespace-normal\">OSRAM<\/span><\/span> ALLSEASON and ALLSEASON SUPER<\/strong> are developed to provide <strong data-start=\"346\" data-end=\"373\">reliable visibility all year round<\/strong>, even when conditions are at their most demanding.<\/p>\n<p data-start=\"421\" data-end=\"673\">Thanks to a <strong data-start=\"434\" data-end=\"463\">yellow interference coating<\/strong> Light penetrates better <strong data-start=\"493\" data-end=\"521\">rain, fog, snow and haze<\/strong>, which reduces glare and improves contrast with the road surface. The result is <strong data-start=\"602\" data-end=\"636\">clearer vision and increased safety<\/strong>, just when you need it most.<\/p>\n<p data-start=\"675\" data-end=\"892\">Compared to standard halogen lamps, the ALLSEASON series delivers <strong data-start=\"736\" data-end=\"770\">up to 30 % higher brightness<\/strong>, making it easier to detect road markings, obstacles and other road users \u2013 in all weather conditions and in all seasons.<\/p>\n<h4 data-start=\"894\" data-end=\"946\">Advantages of OSRAM ALLSEASON \/ ALLSEASON SUPER:<\/h4>\n<ul data-start=\"947\" data-end=\"1226\">\n<li data-start=\"947\" data-end=\"1000\">\n<p data-start=\"949\" data-end=\"1000\"><strong data-start=\"953\" data-end=\"998\">Optimized light for all weather conditions<\/strong><\/p>\n<\/li>\n<li data-start=\"1001\" data-end=\"1052\">\n<p data-start=\"1003\" data-end=\"1052\"><strong data-start=\"1006\" data-end=\"1032\">Up to 30 % more light<\/strong> than standard lamps<\/p>\n<\/li>\n<li data-start=\"1053\" data-end=\"1119\">\n<p data-start=\"1055\" data-end=\"1119\"><strong data-start=\"1059\" data-end=\"1075\">Yellow light image<\/strong> which improves visibility in fog, rain and snow<\/p>\n<\/li>\n<li data-start=\"1120\" data-end=\"1168\">\n<p data-start=\"1122\" data-end=\"1168\"><strong data-start=\"1126\" data-end=\"1166\">Less glare and better contrast<\/strong><\/p>\n<\/li>\n<li data-start=\"1169\" data-end=\"1226\">\n<p data-start=\"1171\" data-end=\"1226\">Perfect for those who drive a lot. <strong data-start=\"1207\" data-end=\"1226\">Nordic climate<\/strong><\/p>\n<\/li>\n<\/ul>\n<p data-start=\"1228\" data-end=\"1401\">OSRAM ALLSEASON and ALLSEASON SUPER are the smart choice for drivers who want <strong data-start=\"1307\" data-end=\"1358\">even, safe and comfortable lighting \u2013 all year round<\/strong>, without having to change lamps after the season.<\/p>","protected":false},"excerpt":{"rendered":"<p>OSRAM ALLSEASON \/ ALLSEASON SUPER \u2013 b\u00e4ttre sikt i alla v\u00e4der K\u00f6r tryggt oavsett v\u00e4der. OSRAM ALLSEASON och ALLSEASON SUPER \u00e4r utvecklade f\u00f6r att ge p\u00e5litlig sikt \u00e5ret runt, \u00e4ven n\u00e4r f\u00f6rh\u00e5llandena \u00e4r som mest kr\u00e4vande. Tack vare en gul interferensbel\u00e4ggning tr\u00e4nger ljuset b\u00e4ttre igenom regn, dimma, sn\u00f6 och dis, vilket minskar bl\u00e4ndning och f\u00f6rb\u00e4ttrar [&hellip;]<\/p>","protected":false},"featured_media":25061,"comment_status":"open","ping_status":"closed","template":"","meta":{"_acf_changed":false,"_smort_price_nok":"81","_smort_price_dkk":"","_smort_price_eur":"","_smort_sale_price_nok":"","_smort_sale_price_dkk":"","_smort_sale_price_eur":"","smort_restorder":"","shipmondo_restorder":"","_kad_blocks_custom_css":"","_kad_blocks_head_custom_js":"","_kad_blocks_body_custom_js":"","_kad_blocks_footer_custom_js":"","smort_custom_pricelist_1":"48.64","smort_custom_pricelist_2":"42.56","smort_custom_pricelist_3":"39.52","smort_custom_pricelist_4":"60.8","smort_custom_pricelist_5":"42.56"},"anvandningsomrade":[],"bilmarken":[],"product_brand":[108],"product_cat":[2543,733],"product_tag":[],"class_list":{"0":"post-25060","1":"product","2":"type-product","3":"status-publish","4":"has-post-thumbnail","6":"product_brand-osram","7":"product_cat-halogen-halvljus-helljus","8":"product_cat-halvljus-helljus","9":"pa_faktisk-effekts-forbrukning-841","10":"pa_fargtemperatur-2004","11":"pa_lampsockel-kontakt-h1","12":"pa_volt-v-159","14":"first","15":"onbackorder","16":"taxable","17":"shipping-taxable","18":"purchasable","19":"product-type-simple"},"bundled_by":[],"bundle_stock_status":"onbackorder","bundle_stock_quantity":0,"bundle_virtual":false,"bundle_layout":"","bundle_add_to_cart_form_location":"","bundle_editable_in_cart":false,"bundle_sold_individually_context":"","bundle_item_grouping":"","bundle_min_size":"","bundle_max_size":"","bundle_price":[],"bundled_items":[],"bundle_sell_ids":[],"acf":[],"yoast_head":"<!-- This site is optimized with the Yoast SEO plugin v27.0 - https:\/\/yoast.com\/product\/yoast-seo-wordpress\/ -->\n<title>OSRAM ALLSEASON SUPER - ALLSEASON - H1 - Xenonkungen<\/title>\n<meta name=\"robots\" content=\"index, follow, max-snippet:-1, max-image-preview:large, max-video-preview:-1\" \/>\n<link rel=\"canonical\" href=\"https:\/\/xenonkungen.com\/en\/product\/osram-allseason-super-allseason-h1\/\" \/>\n<meta property=\"og:locale\" content=\"en_GB\" \/>\n<meta property=\"og:type\" content=\"article\" \/>\n<meta property=\"og:title\" content=\"OSRAM ALLSEASON SUPER - ALLSEASON - H1 - Xenonkungen\" \/>\n<meta property=\"og:description\" content=\"OSRAM ALLSEASON \/ ALLSEASON SUPER \u2013 b\u00e4ttre sikt i alla v\u00e4der K\u00f6r tryggt oavsett v\u00e4der. OSRAM ALLSEASON och ALLSEASON SUPER \u00e4r utvecklade f\u00f6r att ge p\u00e5litlig sikt \u00e5ret runt, \u00e4ven n\u00e4r f\u00f6rh\u00e5llandena \u00e4r som mest kr\u00e4vande. Tack vare en gul interferensbel\u00e4ggning tr\u00e4nger ljuset b\u00e4ttre igenom regn, dimma, sn\u00f6 och dis, vilket minskar bl\u00e4ndning och f\u00f6rb\u00e4ttrar [&hellip;]\" \/>\n<meta property=\"og:url\" content=\"https:\/\/xenonkungen.com\/en\/product\/osram-allseason-super-allseason-h1\/\" \/>\n<meta property=\"og:site_name\" content=\"Xenonkungen\" \/>\n<meta property=\"article:modified_time\" content=\"2026-04-24T16:35:15+00:00\" \/>\n<meta property=\"og:image\" content=\"https:\/\/xenonkungen.com\/wp-content\/uploads\/2026\/01\/Small-for-web-and-ppt-ZMP_61209_ALLSEASON-SUPER_H1_64150ALS.jpg\" \/>\n\t<meta property=\"og:image:width\" content=\"1024\" \/>\n\t<meta property=\"og:image:height\" content=\"1024\" \/>\n\t<meta property=\"og:image:type\" content=\"image\/jpeg\" \/>\n<meta name=\"twitter:card\" content=\"summary_large_image\" \/>\n<meta name=\"twitter:label1\" content=\"Estimated reading time\" \/>\n\t<meta name=\"twitter:data1\" content=\"2 minutes\" \/>\n<script type=\"application\/ld+json\" class=\"yoast-schema-graph\">{\"@context\":\"https:\/\/schema.org\",\"@graph\":[{\"@type\":\"WebPage\",\"@id\":\"https:\/\/xenonkungen.com\/produkt\/osram-allseason-super-allseason-h1\/\",\"url\":\"https:\/\/xenonkungen.com\/produkt\/osram-allseason-super-allseason-h1\/\",\"name\":\"OSRAM ALLSEASON SUPER - ALLSEASON - H1 - Xenonkungen\",\"isPartOf\":{\"@id\":\"https:\/\/xenonkungen.com\/#website\"},\"primaryImageOfPage\":{\"@id\":\"https:\/\/xenonkungen.com\/produkt\/osram-allseason-super-allseason-h1\/#primaryimage\"},\"image\":{\"@id\":\"https:\/\/xenonkungen.com\/produkt\/osram-allseason-super-allseason-h1\/#primaryimage\"},\"thumbnailUrl\":\"https:\/\/xenonkungen.com\/wp-content\/uploads\/2026\/01\/Small-for-web-and-ppt-ZMP_61209_ALLSEASON-SUPER_H1_64150ALS.jpg\",\"datePublished\":\"2026-01-23T10:36:34+00:00\",\"dateModified\":\"2026-04-24T16:35:15+00:00\",\"breadcrumb\":{\"@id\":\"https:\/\/xenonkungen.com\/produkt\/osram-allseason-super-allseason-h1\/#breadcrumb\"},\"inLanguage\":\"en-GB\",\"potentialAction\":[{\"@type\":\"ReadAction\",\"target\":[\"https:\/\/xenonkungen.com\/produkt\/osram-allseason-super-allseason-h1\/\"]}]},{\"@type\":\"ImageObject\",\"inLanguage\":\"en-GB\",\"@id\":\"https:\/\/xenonkungen.com\/produkt\/osram-allseason-super-allseason-h1\/#primaryimage\",\"url\":\"https:\/\/xenonkungen.com\/wp-content\/uploads\/2026\/01\/Small-for-web-and-ppt-ZMP_61209_ALLSEASON-SUPER_H1_64150ALS.jpg\",\"contentUrl\":\"https:\/\/xenonkungen.com\/wp-content\/uploads\/2026\/01\/Small-for-web-and-ppt-ZMP_61209_ALLSEASON-SUPER_H1_64150ALS.jpg\",\"width\":1024,\"height\":1024},{\"@type\":\"BreadcrumbList\",\"@id\":\"https:\/\/xenonkungen.com\/produkt\/osram-allseason-super-allseason-h1\/#breadcrumb\",\"itemListElement\":[{\"@type\":\"ListItem\",\"position\":1,\"name\":\"Hem\",\"item\":\"https:\/\/xenonkungen.com\/\"},{\"@type\":\"ListItem\",\"position\":2,\"name\":\"Shop\",\"item\":\"https:\/\/xenonkungen.com\/shop\/\"},{\"@type\":\"ListItem\",\"position\":3,\"name\":\"OSRAM ALLSEASON SUPER &#8211; ALLSEASON &#8211; H1\"}]},{\"@type\":\"WebSite\",\"@id\":\"https:\/\/xenonkungen.com\/#website\",\"url\":\"https:\/\/xenonkungen.com\/\",\"name\":\"Xenonkungen\",\"description\":\"\",\"potentialAction\":[{\"@type\":\"SearchAction\",\"target\":{\"@type\":\"EntryPoint\",\"urlTemplate\":\"https:\/\/xenonkungen.com\/?s={search_term_string}\"},\"query-input\":{\"@type\":\"PropertyValueSpecification\",\"valueRequired\":true,\"valueName\":\"search_term_string\"}}],\"inLanguage\":\"en-GB\"}]}<\/script>\n<!-- \/ Yoast SEO plugin. -->","yoast_head_json":{"title":"OSRAM ALLSEASON SUPER - ALLSEASON - H1 - The Xenon King","robots":{"index":"index","follow":"follow","max-snippet":"max-snippet:-1","max-image-preview":"max-image-preview:large","max-video-preview":"max-video-preview:-1"},"canonical":"https:\/\/xenonkungen.com\/en\/product\/osram-allseason-super-allseason-h1\/","og_locale":"en_GB","og_type":"article","og_title":"OSRAM ALLSEASON SUPER - ALLSEASON - H1 - Xenonkungen","og_description":"OSRAM ALLSEASON \/ ALLSEASON SUPER \u2013 b\u00e4ttre sikt i alla v\u00e4der K\u00f6r tryggt oavsett v\u00e4der. OSRAM ALLSEASON och ALLSEASON SUPER \u00e4r utvecklade f\u00f6r att ge p\u00e5litlig sikt \u00e5ret runt, \u00e4ven n\u00e4r f\u00f6rh\u00e5llandena \u00e4r som mest kr\u00e4vande. Tack vare en gul interferensbel\u00e4ggning tr\u00e4nger ljuset b\u00e4ttre igenom regn, dimma, sn\u00f6 och dis, vilket minskar bl\u00e4ndning och f\u00f6rb\u00e4ttrar [&hellip;]","og_url":"https:\/\/xenonkungen.com\/en\/product\/osram-allseason-super-allseason-h1\/","og_site_name":"Xenonkungen","article_modified_time":"2026-04-24T16:35:15+00:00","og_image":[{"width":1024,"height":1024,"url":"https:\/\/xenonkungen.com\/wp-content\/uploads\/2026\/01\/Small-for-web-and-ppt-ZMP_61209_ALLSEASON-SUPER_H1_64150ALS.jpg","type":"image\/jpeg"}],"twitter_card":"summary_large_image","twitter_misc":{"Estimated reading time":"2 minutes"},"schema":{"@context":"https:\/\/schema.org","@graph":[{"@type":"WebPage","@id":"https:\/\/xenonkungen.com\/produkt\/osram-allseason-super-allseason-h1\/","url":"https:\/\/xenonkungen.com\/produkt\/osram-allseason-super-allseason-h1\/","name":"OSRAM ALLSEASON SUPER - ALLSEASON - H1 - The Xenon King","isPartOf":{"@id":"https:\/\/xenonkungen.com\/#website"},"primaryImageOfPage":{"@id":"https:\/\/xenonkungen.com\/produkt\/osram-allseason-super-allseason-h1\/#primaryimage"},"image":{"@id":"https:\/\/xenonkungen.com\/produkt\/osram-allseason-super-allseason-h1\/#primaryimage"},"thumbnailUrl":"https:\/\/xenonkungen.com\/wp-content\/uploads\/2026\/01\/Small-for-web-and-ppt-ZMP_61209_ALLSEASON-SUPER_H1_64150ALS.jpg","datePublished":"2026-01-23T10:36:34+00:00","dateModified":"2026-04-24T16:35:15+00:00","breadcrumb":{"@id":"https:\/\/xenonkungen.com\/produkt\/osram-allseason-super-allseason-h1\/#breadcrumb"},"inLanguage":"en-GB","potentialAction":[{"@type":"ReadAction","target":["https:\/\/xenonkungen.com\/produkt\/osram-allseason-super-allseason-h1\/"]}]},{"@type":"ImageObject","inLanguage":"en-GB","@id":"https:\/\/xenonkungen.com\/produkt\/osram-allseason-super-allseason-h1\/#primaryimage","url":"https:\/\/xenonkungen.com\/wp-content\/uploads\/2026\/01\/Small-for-web-and-ppt-ZMP_61209_ALLSEASON-SUPER_H1_64150ALS.jpg","contentUrl":"https:\/\/xenonkungen.com\/wp-content\/uploads\/2026\/01\/Small-for-web-and-ppt-ZMP_61209_ALLSEASON-SUPER_H1_64150ALS.jpg","width":1024,"height":1024},{"@type":"BreadcrumbList","@id":"https:\/\/xenonkungen.com\/produkt\/osram-allseason-super-allseason-h1\/#breadcrumb","itemListElement":[{"@type":"ListItem","position":1,"name":"Hem","item":"https:\/\/xenonkungen.com\/"},{"@type":"ListItem","position":2,"name":"Shop","item":"https:\/\/xenonkungen.com\/shop\/"},{"@type":"ListItem","position":3,"name":"OSRAM ALLSEASON SUPER &#8211; ALLSEASON &#8211; H1"}]},{"@type":"WebSite","@id":"https:\/\/xenonkungen.com\/#website","url":"https:\/\/xenonkungen.com\/","name":"Xenonkungen","description":"","potentialAction":[{"@type":"SearchAction","target":{"@type":"EntryPoint","urlTemplate":"https:\/\/xenonkungen.com\/?s={search_term_string}"},"query-input":{"@type":"PropertyValueSpecification","valueRequired":true,"valueName":"search_term_string"}}],"inLanguage":"en-GB"}]}},"taxonomy_info":{"product_brand":[{"value":108,"label":"OSRAM"}],"product_cat":[{"value":2543,"label":"Halogen"},{"value":733,"label":"Halvljus \/ Helljus"}],"pa_faktisk-effekts-forbrukning":[{"value":841,"label":"55"}],"pa_fargtemperatur":[{"value":2004,"label":"3200"}],"pa_lampsockel-kontakt":[{"value":336,"label":"H1"}],"pa_volt-v":[{"value":159,"label":"12"}]},"featured_image_src_large":["https:\/\/xenonkungen.com\/wp-content\/uploads\/2026\/01\/Small-for-web-and-ppt-ZMP_61209_ALLSEASON-SUPER_H1_64150ALS.jpg",1024,1024,false],"author_info":[],"comment_info":0,"_links":{"self":[{"href":"https:\/\/xenonkungen.com\/en\/wp-json\/wp\/v2\/product\/25060","targetHints":{"allow":["GET"]}}],"collection":[{"href":"https:\/\/xenonkungen.com\/en\/wp-json\/wp\/v2\/product"}],"about":[{"href":"https:\/\/xenonkungen.com\/en\/wp-json\/wp\/v2\/types\/product"}],"replies":[{"embeddable":true,"href":"https:\/\/xenonkungen.com\/en\/wp-json\/wp\/v2\/comments?post=25060"}],"wp:featuredmedia":[{"embeddable":true,"href":"https:\/\/xenonkungen.com\/en\/wp-json\/wp\/v2\/media\/25061"}],"wp:attachment":[{"href":"https:\/\/xenonkungen.com\/en\/wp-json\/wp\/v2\/media?parent=25060"}],"wp:term":[{"taxonomy":"anvandningsomrade","embeddable":true,"href":"https:\/\/xenonkungen.com\/en\/wp-json\/wp\/v2\/anvandningsomrade?post=25060"},{"taxonomy":"bilmarken","embeddable":true,"href":"https:\/\/xenonkungen.com\/en\/wp-json\/wp\/v2\/bilmarken?post=25060"},{"taxonomy":"product_brand","embeddable":true,"href":"https:\/\/xenonkungen.com\/en\/wp-json\/wp\/v2\/product_brand?post=25060"},{"taxonomy":"product_cat","embeddable":true,"href":"https:\/\/xenonkungen.com\/en\/wp-json\/wp\/v2\/product_cat?post=25060"},{"taxonomy":"product_tag","embeddable":true,"href":"https:\/\/xenonkungen.com\/en\/wp-json\/wp\/v2\/product_tag?post=25060"}],"curies":[{"name":"wp","href":"https:\/\/api.w.org\/{rel}","templated":true}]}}