{"id":25116,"date":"2026-01-23T15:09:50","date_gmt":"2026-01-23T14:09:50","guid":{"rendered":"https:\/\/xenonkungen.com\/?post_type=product&#038;p=25116"},"modified":"2026-04-24T17:34:46","modified_gmt":"2026-04-24T16:34:46","slug":"osram-original-wedge-base-3w-24v-w2-1x9-5d","status":"publish","type":"product","link":"https:\/\/xenonkungen.com\/en\/product\/osram-original-wedge-base-3w-24v-w2-1x9-5d\/","title":{"rendered":"OSRAM ORIGINAL \u2013 WEDGE BASE \u2013 3W \u2013 24V \u2013 W2.1\u00d79.5d"},"content":{"rendered":"<h3 data-start=\"136\" data-end=\"218\">OSRAM ORIGINAL \u2013 cost-effective signal lamps for trucks in OEM quality<\/h3>\n<p data-start=\"220\" data-end=\"509\">When operational reliability is crucial, professionals choose <strong data-start=\"266\" data-end=\"343\"><span class=\"hover:entity-accent entity-underline inline cursor-pointer align-baseline\"><span class=\"whitespace-normal\">OSRAM<\/span><\/span> ORIGINAL signal lights for trucks<\/strong>These <strong data-start=\"351\" data-end=\"382\">signal lamps with glass base<\/strong> maintain reliable OEM quality and are designed to function as <strong data-start=\"449\" data-end=\"472\">original spare parts<\/strong> in a variety of 24 V applications.<\/p>\n<p data-start=\"511\" data-end=\"778\">The lamps are perfect for <strong data-start=\"536\" data-end=\"623\">interior lighting, reading lights, instrument lighting, position lights and parking lights<\/strong>, as well as many other functions in trucks and heavy vehicles. The result is a <strong data-start=\"701\" data-end=\"743\">stable, even light and long lifespan<\/strong>, even with continuous use.<\/p>\n<p data-start=\"780\" data-end=\"986\">With OSRAM ORIGINAL you get a <strong data-start=\"809\" data-end=\"850\">proven and cost-effective solution<\/strong> that meets the manufacturer&#039;s requirements \u2013 a safe choice for hauliers, workshops and vehicle owners who want to minimize downtime and maintenance.<\/p>\n<h4 data-start=\"988\" data-end=\"1046\">Advantages of OSRAM ORIGINAL signal lamps for trucks:<\/h4>\n<ul data-start=\"1047\" data-end=\"1245\">\n<li data-start=\"1047\" data-end=\"1080\">\n<p data-start=\"1049\" data-end=\"1080\"><strong data-start=\"1051\" data-end=\"1067\">OEM quality<\/strong> from OSRAM<\/p>\n<\/li>\n<li data-start=\"1081\" data-end=\"1119\">\n<p data-start=\"1083\" data-end=\"1119\"><strong data-start=\"1086\" data-end=\"1117\">Stable and even light output<\/strong><\/p>\n<\/li>\n<li data-start=\"1120\" data-end=\"1160\">\n<p data-start=\"1122\" data-end=\"1160\"><strong data-start=\"1125\" data-end=\"1158\">Glass base for precise fit<\/strong><\/p>\n<\/li>\n<li data-start=\"1161\" data-end=\"1199\">\n<p data-start=\"1163\" data-end=\"1199\">Adapted for <strong data-start=\"1180\" data-end=\"1197\">24 V electrical system<\/strong><\/p>\n<\/li>\n<li data-start=\"1200\" data-end=\"1245\">\n<p data-start=\"1202\" data-end=\"1245\"><strong data-start=\"1205\" data-end=\"1243\">Cost-effective original spare part<\/strong><\/p>\n<\/li>\n<\/ul>\n<hr data-start=\"1247\" data-end=\"1250\" \/>\n<h3 data-start=\"1252\" data-end=\"1280\">Technical specifications<\/h3>\n<ul data-start=\"1281\" data-end=\"1396\">\n<li data-start=\"1281\" data-end=\"1306\">\n<p data-start=\"1283\" data-end=\"1306\"><strong data-start=\"1283\" data-end=\"1294\">Base:<\/strong> W2.1\u00d79.5d<\/p>\n<\/li>\n<li data-start=\"1307\" data-end=\"1342\">\n<p data-start=\"1309\" data-end=\"1342\"><strong data-start=\"1309\" data-end=\"1335\">Nominal voltage rating:<\/strong> 24 V<\/p>\n<\/li>\n<li data-start=\"1343\" data-end=\"1371\">\n<p data-start=\"1345\" data-end=\"1371\"><strong data-start=\"1345\" data-end=\"1365\">Nominal power:<\/strong> 3W<\/p>\n<\/li>\n<li data-start=\"1372\" data-end=\"1396\">\n<p data-start=\"1374\" data-end=\"1396\"><strong data-start=\"1374\" data-end=\"1390\">Max. power:<\/strong> 4W<\/p>\n<\/li>\n<\/ul>","protected":false},"excerpt":{"rendered":"<p>OSRAM ORIGINAL \u2013 kostnadseffektiva signallampor f\u00f6r lastbilar med OEM-kvalitet N\u00e4r driftss\u00e4kerhet \u00e4r avg\u00f6rande v\u00e4ljer proffs OSRAM ORIGINAL signallampor f\u00f6r lastbilar. Dessa signallampor med glassockel h\u00e5ller p\u00e5litlig OEM-kvalitet och \u00e4r framtagna f\u00f6r att fungera som originalreservdelar i en m\u00e4ngd olika 24 V-till\u00e4mpningar. Lamporna \u00e4r perfekta f\u00f6r interi\u00f6rbelysning, l\u00e4slampor, instrumentbelysning, positionsljus och parkeringsljus, samt m\u00e5nga andra funktioner [&hellip;]<\/p>","protected":false},"featured_media":25118,"comment_status":"open","ping_status":"closed","template":"","meta":{"_acf_changed":false,"_smort_price_nok":"12","_smort_price_dkk":"","_smort_price_eur":"","_smort_sale_price_nok":"","_smort_sale_price_dkk":"","_smort_sale_price_eur":"","smort_restorder":"","shipmondo_restorder":"","_kad_blocks_custom_css":"","_kad_blocks_head_custom_js":"","_kad_blocks_body_custom_js":"","_kad_blocks_footer_custom_js":"","smort_custom_pricelist_1":"7.04","smort_custom_pricelist_2":"6.16","smort_custom_pricelist_3":"5.72","smort_custom_pricelist_4":"8.8","smort_custom_pricelist_5":"6.16"},"anvandningsomrade":[],"bilmarken":[],"product_brand":[108],"product_cat":[2533,338],"product_tag":[],"class_list":{"0":"post-25116","1":"product","2":"type-product","3":"status-publish","4":"has-post-thumbnail","6":"product_brand-osram","7":"product_cat-t10-diodlampor","8":"product_cat-diodlampor","9":"pa_faktisk-effekts-forbrukning-2858","10":"pa_lampsockel-kontakt-w2-1x9-5d","11":"pa_lampsockel-kontakt-w3w","12":"pa_volt-v-160","14":"first","15":"instock","16":"taxable","17":"shipping-taxable","18":"purchasable","19":"product-type-simple"},"bundled_by":[],"bundle_stock_status":"instock","bundle_stock_quantity":46,"bundle_virtual":false,"bundle_layout":"","bundle_add_to_cart_form_location":"","bundle_editable_in_cart":false,"bundle_sold_individually_context":"","bundle_item_grouping":"","bundle_min_size":"","bundle_max_size":"","bundle_price":[],"bundled_items":[],"bundle_sell_ids":[],"acf":[],"yoast_head":"<!-- This site is optimized with the Yoast SEO plugin v27.0 - https:\/\/yoast.com\/product\/yoast-seo-wordpress\/ -->\n<title>OSRAM ORIGINAL - WEDGE BASE - 3W - 24V - W2.1x9.5d - Xenonkungen<\/title>\n<meta name=\"robots\" content=\"index, follow, max-snippet:-1, max-image-preview:large, max-video-preview:-1\" \/>\n<link rel=\"canonical\" href=\"https:\/\/xenonkungen.com\/en\/product\/osram-original-wedge-base-3w-24v-w2-1x9-5d\/\" \/>\n<meta property=\"og:locale\" content=\"en_GB\" \/>\n<meta property=\"og:type\" content=\"article\" \/>\n<meta property=\"og:title\" content=\"OSRAM ORIGINAL - WEDGE BASE - 3W - 24V - W2.1x9.5d - Xenonkungen\" \/>\n<meta property=\"og:description\" content=\"OSRAM ORIGINAL \u2013 kostnadseffektiva signallampor f\u00f6r lastbilar med OEM-kvalitet N\u00e4r driftss\u00e4kerhet \u00e4r avg\u00f6rande v\u00e4ljer proffs OSRAM ORIGINAL signallampor f\u00f6r lastbilar. Dessa signallampor med glassockel h\u00e5ller p\u00e5litlig OEM-kvalitet och \u00e4r framtagna f\u00f6r att fungera som originalreservdelar i en m\u00e4ngd olika 24 V-till\u00e4mpningar. Lamporna \u00e4r perfekta f\u00f6r interi\u00f6rbelysning, l\u00e4slampor, instrumentbelysning, positionsljus och parkeringsljus, samt m\u00e5nga andra funktioner [&hellip;]\" \/>\n<meta property=\"og:url\" content=\"https:\/\/xenonkungen.com\/en\/product\/osram-original-wedge-base-3w-24v-w2-1x9-5d\/\" \/>\n<meta property=\"og:site_name\" content=\"Xenonkungen\" \/>\n<meta property=\"article:modified_time\" content=\"2026-04-24T16:34:46+00:00\" \/>\n<meta property=\"og:image\" content=\"https:\/\/xenonkungen.com\/wp-content\/uploads\/2026\/01\/Small-for-web-and-ppt-724726_ORIGINAL-W3W-2841.jpg\" \/>\n\t<meta property=\"og:image:width\" content=\"1024\" \/>\n\t<meta property=\"og:image:height\" content=\"1024\" \/>\n\t<meta property=\"og:image:type\" content=\"image\/jpeg\" \/>\n<meta name=\"twitter:card\" content=\"summary_large_image\" \/>\n<meta name=\"twitter:label1\" content=\"Estimated reading time\" \/>\n\t<meta name=\"twitter:data1\" content=\"1 minute\" \/>\n<script type=\"application\/ld+json\" class=\"yoast-schema-graph\">{\"@context\":\"https:\/\/schema.org\",\"@graph\":[{\"@type\":\"WebPage\",\"@id\":\"https:\/\/xenonkungen.com\/produkt\/osram-original-wedge-base-3w-24v-w2-1x9-5d\/\",\"url\":\"https:\/\/xenonkungen.com\/produkt\/osram-original-wedge-base-3w-24v-w2-1x9-5d\/\",\"name\":\"OSRAM ORIGINAL - WEDGE BASE - 3W - 24V - W2.1x9.5d - Xenonkungen\",\"isPartOf\":{\"@id\":\"https:\/\/xenonkungen.com\/#website\"},\"primaryImageOfPage\":{\"@id\":\"https:\/\/xenonkungen.com\/produkt\/osram-original-wedge-base-3w-24v-w2-1x9-5d\/#primaryimage\"},\"image\":{\"@id\":\"https:\/\/xenonkungen.com\/produkt\/osram-original-wedge-base-3w-24v-w2-1x9-5d\/#primaryimage\"},\"thumbnailUrl\":\"https:\/\/xenonkungen.com\/wp-content\/uploads\/2026\/01\/Small-for-web-and-ppt-724726_ORIGINAL-W3W-2841.jpg\",\"datePublished\":\"2026-01-23T14:09:50+00:00\",\"dateModified\":\"2026-04-24T16:34:46+00:00\",\"breadcrumb\":{\"@id\":\"https:\/\/xenonkungen.com\/produkt\/osram-original-wedge-base-3w-24v-w2-1x9-5d\/#breadcrumb\"},\"inLanguage\":\"en-GB\",\"potentialAction\":[{\"@type\":\"ReadAction\",\"target\":[\"https:\/\/xenonkungen.com\/produkt\/osram-original-wedge-base-3w-24v-w2-1x9-5d\/\"]}]},{\"@type\":\"ImageObject\",\"inLanguage\":\"en-GB\",\"@id\":\"https:\/\/xenonkungen.com\/produkt\/osram-original-wedge-base-3w-24v-w2-1x9-5d\/#primaryimage\",\"url\":\"https:\/\/xenonkungen.com\/wp-content\/uploads\/2026\/01\/Small-for-web-and-ppt-724726_ORIGINAL-W3W-2841.jpg\",\"contentUrl\":\"https:\/\/xenonkungen.com\/wp-content\/uploads\/2026\/01\/Small-for-web-and-ppt-724726_ORIGINAL-W3W-2841.jpg\",\"width\":1024,\"height\":1024},{\"@type\":\"BreadcrumbList\",\"@id\":\"https:\/\/xenonkungen.com\/produkt\/osram-original-wedge-base-3w-24v-w2-1x9-5d\/#breadcrumb\",\"itemListElement\":[{\"@type\":\"ListItem\",\"position\":1,\"name\":\"Hem\",\"item\":\"https:\/\/xenonkungen.com\/\"},{\"@type\":\"ListItem\",\"position\":2,\"name\":\"Shop\",\"item\":\"https:\/\/xenonkungen.com\/shop\/\"},{\"@type\":\"ListItem\",\"position\":3,\"name\":\"OSRAM ORIGINAL &#8211; WEDGE BASE &#8211; 3W &#8211; 24V &#8211; W2.1&#215;9.5d\"}]},{\"@type\":\"WebSite\",\"@id\":\"https:\/\/xenonkungen.com\/#website\",\"url\":\"https:\/\/xenonkungen.com\/\",\"name\":\"Xenonkungen\",\"description\":\"\",\"potentialAction\":[{\"@type\":\"SearchAction\",\"target\":{\"@type\":\"EntryPoint\",\"urlTemplate\":\"https:\/\/xenonkungen.com\/?s={search_term_string}\"},\"query-input\":{\"@type\":\"PropertyValueSpecification\",\"valueRequired\":true,\"valueName\":\"search_term_string\"}}],\"inLanguage\":\"en-GB\"}]}<\/script>\n<!-- \/ Yoast SEO plugin. -->","yoast_head_json":{"title":"OSRAM ORIGINAL - WEDGE BASE - 3W - 24V - W2.1x9.5d - The Xenon King","robots":{"index":"index","follow":"follow","max-snippet":"max-snippet:-1","max-image-preview":"max-image-preview:large","max-video-preview":"max-video-preview:-1"},"canonical":"https:\/\/xenonkungen.com\/en\/product\/osram-original-wedge-base-3w-24v-w2-1x9-5d\/","og_locale":"en_GB","og_type":"article","og_title":"OSRAM ORIGINAL - WEDGE BASE - 3W - 24V - W2.1x9.5d - Xenonkungen","og_description":"OSRAM ORIGINAL \u2013 kostnadseffektiva signallampor f\u00f6r lastbilar med OEM-kvalitet N\u00e4r driftss\u00e4kerhet \u00e4r avg\u00f6rande v\u00e4ljer proffs OSRAM ORIGINAL signallampor f\u00f6r lastbilar. Dessa signallampor med glassockel h\u00e5ller p\u00e5litlig OEM-kvalitet och \u00e4r framtagna f\u00f6r att fungera som originalreservdelar i en m\u00e4ngd olika 24 V-till\u00e4mpningar. Lamporna \u00e4r perfekta f\u00f6r interi\u00f6rbelysning, l\u00e4slampor, instrumentbelysning, positionsljus och parkeringsljus, samt m\u00e5nga andra funktioner [&hellip;]","og_url":"https:\/\/xenonkungen.com\/en\/product\/osram-original-wedge-base-3w-24v-w2-1x9-5d\/","og_site_name":"Xenonkungen","article_modified_time":"2026-04-24T16:34:46+00:00","og_image":[{"width":1024,"height":1024,"url":"https:\/\/xenonkungen.com\/wp-content\/uploads\/2026\/01\/Small-for-web-and-ppt-724726_ORIGINAL-W3W-2841.jpg","type":"image\/jpeg"}],"twitter_card":"summary_large_image","twitter_misc":{"Estimated reading time":"1 minute"},"schema":{"@context":"https:\/\/schema.org","@graph":[{"@type":"WebPage","@id":"https:\/\/xenonkungen.com\/produkt\/osram-original-wedge-base-3w-24v-w2-1x9-5d\/","url":"https:\/\/xenonkungen.com\/produkt\/osram-original-wedge-base-3w-24v-w2-1x9-5d\/","name":"OSRAM ORIGINAL - WEDGE BASE - 3W - 24V - W2.1x9.5d - The Xenon King","isPartOf":{"@id":"https:\/\/xenonkungen.com\/#website"},"primaryImageOfPage":{"@id":"https:\/\/xenonkungen.com\/produkt\/osram-original-wedge-base-3w-24v-w2-1x9-5d\/#primaryimage"},"image":{"@id":"https:\/\/xenonkungen.com\/produkt\/osram-original-wedge-base-3w-24v-w2-1x9-5d\/#primaryimage"},"thumbnailUrl":"https:\/\/xenonkungen.com\/wp-content\/uploads\/2026\/01\/Small-for-web-and-ppt-724726_ORIGINAL-W3W-2841.jpg","datePublished":"2026-01-23T14:09:50+00:00","dateModified":"2026-04-24T16:34:46+00:00","breadcrumb":{"@id":"https:\/\/xenonkungen.com\/produkt\/osram-original-wedge-base-3w-24v-w2-1x9-5d\/#breadcrumb"},"inLanguage":"en-GB","potentialAction":[{"@type":"ReadAction","target":["https:\/\/xenonkungen.com\/produkt\/osram-original-wedge-base-3w-24v-w2-1x9-5d\/"]}]},{"@type":"ImageObject","inLanguage":"en-GB","@id":"https:\/\/xenonkungen.com\/produkt\/osram-original-wedge-base-3w-24v-w2-1x9-5d\/#primaryimage","url":"https:\/\/xenonkungen.com\/wp-content\/uploads\/2026\/01\/Small-for-web-and-ppt-724726_ORIGINAL-W3W-2841.jpg","contentUrl":"https:\/\/xenonkungen.com\/wp-content\/uploads\/2026\/01\/Small-for-web-and-ppt-724726_ORIGINAL-W3W-2841.jpg","width":1024,"height":1024},{"@type":"BreadcrumbList","@id":"https:\/\/xenonkungen.com\/produkt\/osram-original-wedge-base-3w-24v-w2-1x9-5d\/#breadcrumb","itemListElement":[{"@type":"ListItem","position":1,"name":"Hem","item":"https:\/\/xenonkungen.com\/"},{"@type":"ListItem","position":2,"name":"Shop","item":"https:\/\/xenonkungen.com\/shop\/"},{"@type":"ListItem","position":3,"name":"OSRAM ORIGINAL &#8211; WEDGE BASE &#8211; 3W &#8211; 24V &#8211; W2.1&#215;9.5d"}]},{"@type":"WebSite","@id":"https:\/\/xenonkungen.com\/#website","url":"https:\/\/xenonkungen.com\/","name":"Xenonkungen","description":"","potentialAction":[{"@type":"SearchAction","target":{"@type":"EntryPoint","urlTemplate":"https:\/\/xenonkungen.com\/?s={search_term_string}"},"query-input":{"@type":"PropertyValueSpecification","valueRequired":true,"valueName":"search_term_string"}}],"inLanguage":"en-GB"}]}},"taxonomy_info":{"product_brand":[{"value":108,"label":"OSRAM"}],"product_cat":[{"value":2533,"label":"T10"},{"value":338,"label":"Diodlampor"}],"pa_faktisk-effekts-forbrukning":[{"value":2858,"label":"4"}],"pa_lampsockel-kontakt":[{"value":2751,"label":"W2.1x9.5d"},{"value":2859,"label":"W3W"}],"pa_volt-v":[{"value":160,"label":"24"}]},"featured_image_src_large":["https:\/\/xenonkungen.com\/wp-content\/uploads\/2026\/01\/Small-for-web-and-ppt-724726_ORIGINAL-W3W-2841.jpg",1024,1024,false],"author_info":[],"comment_info":0,"_links":{"self":[{"href":"https:\/\/xenonkungen.com\/en\/wp-json\/wp\/v2\/product\/25116","targetHints":{"allow":["GET"]}}],"collection":[{"href":"https:\/\/xenonkungen.com\/en\/wp-json\/wp\/v2\/product"}],"about":[{"href":"https:\/\/xenonkungen.com\/en\/wp-json\/wp\/v2\/types\/product"}],"replies":[{"embeddable":true,"href":"https:\/\/xenonkungen.com\/en\/wp-json\/wp\/v2\/comments?post=25116"}],"wp:featuredmedia":[{"embeddable":true,"href":"https:\/\/xenonkungen.com\/en\/wp-json\/wp\/v2\/media\/25118"}],"wp:attachment":[{"href":"https:\/\/xenonkungen.com\/en\/wp-json\/wp\/v2\/media?parent=25116"}],"wp:term":[{"taxonomy":"anvandningsomrade","embeddable":true,"href":"https:\/\/xenonkungen.com\/en\/wp-json\/wp\/v2\/anvandningsomrade?post=25116"},{"taxonomy":"bilmarken","embeddable":true,"href":"https:\/\/xenonkungen.com\/en\/wp-json\/wp\/v2\/bilmarken?post=25116"},{"taxonomy":"product_brand","embeddable":true,"href":"https:\/\/xenonkungen.com\/en\/wp-json\/wp\/v2\/product_brand?post=25116"},{"taxonomy":"product_cat","embeddable":true,"href":"https:\/\/xenonkungen.com\/en\/wp-json\/wp\/v2\/product_cat?post=25116"},{"taxonomy":"product_tag","embeddable":true,"href":"https:\/\/xenonkungen.com\/en\/wp-json\/wp\/v2\/product_tag?post=25116"}],"curies":[{"name":"wp","href":"https:\/\/api.w.org\/{rel}","templated":true}]}}