{"id":25123,"date":"2026-01-23T16:25:28","date_gmt":"2026-01-23T15:25:28","guid":{"rendered":"https:\/\/xenonkungen.com\/?post_type=product&#038;p=25123"},"modified":"2026-04-24T17:34:38","modified_gmt":"2026-04-24T16:34:38","slug":"osram-original-wedge-base-wy5w-12v","status":"publish","type":"product","link":"https:\/\/xenonkungen.com\/en\/product\/osram-original-wedge-base-wy5w-12v\/","title":{"rendered":"OSRAM ORIGINAL \u2013 WEDGE BASE \u2013 WY5W \u2013 12V"},"content":{"rendered":"<h3 data-start=\"148\" data-end=\"223\">OSRAM ORIGINAL \u2013 reliable signal lamps with glass base and OEM quality<\/h3>\n<p data-start=\"225\" data-end=\"544\">When you need to replace a signal lamp with <strong data-start=\"267\" data-end=\"320\">correct fit, stable function and long service life<\/strong> is <strong data-start=\"324\" data-end=\"402\"><span class=\"hover:entity-accent entity-underline inline cursor-pointer align-baseline\"><span class=\"whitespace-normal\">OSRAM<\/span><\/span> ORIGINAL signal lamps with glass base<\/strong> an obvious choice. These lamps last <strong data-start=\"443\" data-end=\"466\">recognized OEM quality<\/strong> and is used worldwide as <strong data-start=\"496\" data-end=\"519\">original spare parts<\/strong> in a variety of vehicles.<\/p>\n<p data-start=\"546\" data-end=\"805\">The lamps are developed to deliver a <strong data-start=\"590\" data-end=\"618\">even and reliable light<\/strong>, making them perfect for a variety of signal functions in the vehicle. With OSRAM ORIGINAL you get a <strong data-start=\"718\" data-end=\"738\">proven solution<\/strong> that meets the manufacturer&#039;s requirements and fits directly - without hassle.<\/p>\n<p data-start=\"807\" data-end=\"889\">A cost-effective choice for those who want <strong data-start=\"853\" data-end=\"888\">original quality at the right price<\/strong>.<\/p>\n<h4 data-start=\"891\" data-end=\"937\">Advantages of OSRAM ORIGINAL signal lamps:<\/h4>\n<ul data-start=\"938\" data-end=\"1145\">\n<li data-start=\"938\" data-end=\"971\">\n<p data-start=\"940\" data-end=\"971\"><strong data-start=\"942\" data-end=\"958\">OEM quality<\/strong> from OSRAM<\/p>\n<\/li>\n<li data-start=\"972\" data-end=\"1020\">\n<p data-start=\"974\" data-end=\"1020\"><strong data-start=\"977\" data-end=\"1018\">Stable and reliable light function<\/strong><\/p>\n<\/li>\n<li data-start=\"1021\" data-end=\"1061\">\n<p data-start=\"1023\" data-end=\"1061\"><strong data-start=\"1026\" data-end=\"1059\">Glass base for precise fit<\/strong><\/p>\n<\/li>\n<li data-start=\"1062\" data-end=\"1102\">\n<p data-start=\"1064\" data-end=\"1102\"><strong data-start=\"1067\" data-end=\"1100\">Perfect as an original spare part<\/strong><\/p>\n<\/li>\n<li data-start=\"1103\" data-end=\"1145\">\n<p data-start=\"1105\" data-end=\"1145\"><strong data-start=\"1108\" data-end=\"1145\">Cost-effective replacement lamp<\/strong><\/p>\n<\/li>\n<\/ul>\n<hr data-start=\"1147\" data-end=\"1150\" \/>\n<h3 data-start=\"1152\" data-end=\"1180\">Technical specifications<\/h3>\n<ul data-start=\"1181\" data-end=\"1296\">\n<li data-start=\"1181\" data-end=\"1206\">\n<p data-start=\"1183\" data-end=\"1206\"><strong data-start=\"1183\" data-end=\"1194\">Base:<\/strong> W2.1\u00d79.5d<\/p>\n<\/li>\n<li data-start=\"1207\" data-end=\"1242\">\n<p data-start=\"1209\" data-end=\"1242\"><strong data-start=\"1209\" data-end=\"1235\">Nominal voltage rating:<\/strong> 12V<\/p>\n<\/li>\n<li data-start=\"1243\" data-end=\"1271\">\n<p data-start=\"1245\" data-end=\"1271\"><strong data-start=\"1245\" data-end=\"1265\">Nominal power:<\/strong> 5W<\/p>\n<\/li>\n<li data-start=\"1272\" data-end=\"1296\">\n<p data-start=\"1274\" data-end=\"1296\"><strong data-start=\"1274\" data-end=\"1290\">Max. power:<\/strong> 5W<\/p>\n<\/li>\n<\/ul>","protected":false},"excerpt":{"rendered":"<p>OSRAM ORIGINAL \u2013 p\u00e5litliga signallampor med glassockel och OEM-kvalitet N\u00e4r du beh\u00f6ver ers\u00e4tta en signallampa med r\u00e4tt passform, stabil funktion och l\u00e5ng livsl\u00e4ngd \u00e4r OSRAM ORIGINAL signallampor med glassockel ett sj\u00e4lvklart val. Dessa lampor h\u00e5ller erk\u00e4nd OEM-kvalitet och anv\u00e4nds v\u00e4rlden \u00f6ver som originalreservdelar i en m\u00e4ngd olika fordon. Lamporna \u00e4r utvecklade f\u00f6r att leverera ett [&hellip;]<\/p>","protected":false},"featured_media":25130,"comment_status":"open","ping_status":"closed","template":"","meta":{"_acf_changed":false,"_smort_price_nok":"15","_smort_price_dkk":"","_smort_price_eur":"","_smort_sale_price_nok":"","_smort_sale_price_dkk":"","_smort_sale_price_eur":"","smort_restorder":"","shipmondo_restorder":"","_kad_blocks_custom_css":"","_kad_blocks_head_custom_js":"","_kad_blocks_body_custom_js":"","_kad_blocks_footer_custom_js":"","smort_custom_pricelist_1":"8.96","smort_custom_pricelist_2":"7.84","smort_custom_pricelist_3":"7.28","smort_custom_pricelist_4":"11.2","smort_custom_pricelist_5":"7.84"},"anvandningsomrade":[],"bilmarken":[],"product_brand":[108],"product_cat":[2533,338],"product_tag":[],"class_list":{"0":"post-25123","1":"product","2":"type-product","3":"status-publish","4":"has-post-thumbnail","6":"product_brand-osram","7":"product_cat-t10-diodlampor","8":"product_cat-diodlampor","9":"pa_faktisk-effekts-forbrukning-540","10":"pa_lampsockel-kontakt-t10","11":"pa_lampsockel-kontakt-w2-1x9-5d","12":"pa_lampsockel-kontakt-wy5w","13":"pa_volt-v-159","15":"first","16":"instock","17":"taxable","18":"shipping-taxable","19":"purchasable","20":"product-type-simple"},"bundled_by":[],"bundle_stock_status":"instock","bundle_stock_quantity":41,"bundle_virtual":false,"bundle_layout":"","bundle_add_to_cart_form_location":"","bundle_editable_in_cart":false,"bundle_sold_individually_context":"","bundle_item_grouping":"","bundle_min_size":"","bundle_max_size":"","bundle_price":[],"bundled_items":[],"bundle_sell_ids":[],"acf":[],"yoast_head":"<!-- This site is optimized with the Yoast SEO plugin v27.0 - https:\/\/yoast.com\/product\/yoast-seo-wordpress\/ -->\n<title>OSRAM ORIGINAL - WEDGE BASE - WY5W - 12V - Xenonkungen<\/title>\n<meta name=\"robots\" content=\"index, follow, max-snippet:-1, max-image-preview:large, max-video-preview:-1\" \/>\n<link rel=\"canonical\" href=\"https:\/\/xenonkungen.com\/en\/product\/osram-original-wedge-base-wy5w-12v\/\" \/>\n<meta property=\"og:locale\" content=\"en_GB\" \/>\n<meta property=\"og:type\" content=\"article\" \/>\n<meta property=\"og:title\" content=\"OSRAM ORIGINAL - WEDGE BASE - WY5W - 12V - Xenonkungen\" \/>\n<meta property=\"og:description\" content=\"OSRAM ORIGINAL \u2013 p\u00e5litliga signallampor med glassockel och OEM-kvalitet N\u00e4r du beh\u00f6ver ers\u00e4tta en signallampa med r\u00e4tt passform, stabil funktion och l\u00e5ng livsl\u00e4ngd \u00e4r OSRAM ORIGINAL signallampor med glassockel ett sj\u00e4lvklart val. Dessa lampor h\u00e5ller erk\u00e4nd OEM-kvalitet och anv\u00e4nds v\u00e4rlden \u00f6ver som originalreservdelar i en m\u00e4ngd olika fordon. Lamporna \u00e4r utvecklade f\u00f6r att leverera ett [&hellip;]\" \/>\n<meta property=\"og:url\" content=\"https:\/\/xenonkungen.com\/en\/product\/osram-original-wedge-base-wy5w-12v\/\" \/>\n<meta property=\"og:site_name\" content=\"Xenonkungen\" \/>\n<meta property=\"article:modified_time\" content=\"2026-04-24T16:34:38+00:00\" \/>\n<meta property=\"og:image\" content=\"https:\/\/xenonkungen.com\/wp-content\/uploads\/2026\/01\/Small-for-web-and-ppt-BS_ORIGINAL_WY5W_2827NA.jpg\" \/>\n\t<meta property=\"og:image:width\" content=\"1024\" \/>\n\t<meta property=\"og:image:height\" content=\"1024\" \/>\n\t<meta property=\"og:image:type\" content=\"image\/jpeg\" \/>\n<meta name=\"twitter:card\" content=\"summary_large_image\" \/>\n<meta name=\"twitter:label1\" content=\"Estimated reading time\" \/>\n\t<meta name=\"twitter:data1\" content=\"1 minute\" \/>\n<script type=\"application\/ld+json\" class=\"yoast-schema-graph\">{\"@context\":\"https:\/\/schema.org\",\"@graph\":[{\"@type\":\"WebPage\",\"@id\":\"https:\/\/xenonkungen.com\/produkt\/osram-original-wedge-base-wy5w-12v\/\",\"url\":\"https:\/\/xenonkungen.com\/produkt\/osram-original-wedge-base-wy5w-12v\/\",\"name\":\"OSRAM ORIGINAL - WEDGE BASE - WY5W - 12V - Xenonkungen\",\"isPartOf\":{\"@id\":\"https:\/\/xenonkungen.com\/#website\"},\"primaryImageOfPage\":{\"@id\":\"https:\/\/xenonkungen.com\/produkt\/osram-original-wedge-base-wy5w-12v\/#primaryimage\"},\"image\":{\"@id\":\"https:\/\/xenonkungen.com\/produkt\/osram-original-wedge-base-wy5w-12v\/#primaryimage\"},\"thumbnailUrl\":\"https:\/\/xenonkungen.com\/wp-content\/uploads\/2026\/01\/Small-for-web-and-ppt-BS_ORIGINAL_WY5W_2827NA.jpg\",\"datePublished\":\"2026-01-23T15:25:28+00:00\",\"dateModified\":\"2026-04-24T16:34:38+00:00\",\"breadcrumb\":{\"@id\":\"https:\/\/xenonkungen.com\/produkt\/osram-original-wedge-base-wy5w-12v\/#breadcrumb\"},\"inLanguage\":\"en-GB\",\"potentialAction\":[{\"@type\":\"ReadAction\",\"target\":[\"https:\/\/xenonkungen.com\/produkt\/osram-original-wedge-base-wy5w-12v\/\"]}]},{\"@type\":\"ImageObject\",\"inLanguage\":\"en-GB\",\"@id\":\"https:\/\/xenonkungen.com\/produkt\/osram-original-wedge-base-wy5w-12v\/#primaryimage\",\"url\":\"https:\/\/xenonkungen.com\/wp-content\/uploads\/2026\/01\/Small-for-web-and-ppt-BS_ORIGINAL_WY5W_2827NA.jpg\",\"contentUrl\":\"https:\/\/xenonkungen.com\/wp-content\/uploads\/2026\/01\/Small-for-web-and-ppt-BS_ORIGINAL_WY5W_2827NA.jpg\",\"width\":1024,\"height\":1024},{\"@type\":\"BreadcrumbList\",\"@id\":\"https:\/\/xenonkungen.com\/produkt\/osram-original-wedge-base-wy5w-12v\/#breadcrumb\",\"itemListElement\":[{\"@type\":\"ListItem\",\"position\":1,\"name\":\"Hem\",\"item\":\"https:\/\/xenonkungen.com\/\"},{\"@type\":\"ListItem\",\"position\":2,\"name\":\"Shop\",\"item\":\"https:\/\/xenonkungen.com\/shop\/\"},{\"@type\":\"ListItem\",\"position\":3,\"name\":\"OSRAM ORIGINAL &#8211; WEDGE BASE &#8211; WY5W &#8211; 12V\"}]},{\"@type\":\"WebSite\",\"@id\":\"https:\/\/xenonkungen.com\/#website\",\"url\":\"https:\/\/xenonkungen.com\/\",\"name\":\"Xenonkungen\",\"description\":\"\",\"potentialAction\":[{\"@type\":\"SearchAction\",\"target\":{\"@type\":\"EntryPoint\",\"urlTemplate\":\"https:\/\/xenonkungen.com\/?s={search_term_string}\"},\"query-input\":{\"@type\":\"PropertyValueSpecification\",\"valueRequired\":true,\"valueName\":\"search_term_string\"}}],\"inLanguage\":\"en-GB\"}]}<\/script>\n<!-- \/ Yoast SEO plugin. -->","yoast_head_json":{"title":"OSRAM ORIGINAL - WEDGE BASE - WY5W - 12V - The Xenon King","robots":{"index":"index","follow":"follow","max-snippet":"max-snippet:-1","max-image-preview":"max-image-preview:large","max-video-preview":"max-video-preview:-1"},"canonical":"https:\/\/xenonkungen.com\/en\/product\/osram-original-wedge-base-wy5w-12v\/","og_locale":"en_GB","og_type":"article","og_title":"OSRAM ORIGINAL - WEDGE BASE - WY5W - 12V - Xenonkungen","og_description":"OSRAM ORIGINAL \u2013 p\u00e5litliga signallampor med glassockel och OEM-kvalitet N\u00e4r du beh\u00f6ver ers\u00e4tta en signallampa med r\u00e4tt passform, stabil funktion och l\u00e5ng livsl\u00e4ngd \u00e4r OSRAM ORIGINAL signallampor med glassockel ett sj\u00e4lvklart val. Dessa lampor h\u00e5ller erk\u00e4nd OEM-kvalitet och anv\u00e4nds v\u00e4rlden \u00f6ver som originalreservdelar i en m\u00e4ngd olika fordon. Lamporna \u00e4r utvecklade f\u00f6r att leverera ett [&hellip;]","og_url":"https:\/\/xenonkungen.com\/en\/product\/osram-original-wedge-base-wy5w-12v\/","og_site_name":"Xenonkungen","article_modified_time":"2026-04-24T16:34:38+00:00","og_image":[{"width":1024,"height":1024,"url":"https:\/\/xenonkungen.com\/wp-content\/uploads\/2026\/01\/Small-for-web-and-ppt-BS_ORIGINAL_WY5W_2827NA.jpg","type":"image\/jpeg"}],"twitter_card":"summary_large_image","twitter_misc":{"Estimated reading time":"1 minute"},"schema":{"@context":"https:\/\/schema.org","@graph":[{"@type":"WebPage","@id":"https:\/\/xenonkungen.com\/produkt\/osram-original-wedge-base-wy5w-12v\/","url":"https:\/\/xenonkungen.com\/produkt\/osram-original-wedge-base-wy5w-12v\/","name":"OSRAM ORIGINAL - WEDGE BASE - WY5W - 12V - The Xenon King","isPartOf":{"@id":"https:\/\/xenonkungen.com\/#website"},"primaryImageOfPage":{"@id":"https:\/\/xenonkungen.com\/produkt\/osram-original-wedge-base-wy5w-12v\/#primaryimage"},"image":{"@id":"https:\/\/xenonkungen.com\/produkt\/osram-original-wedge-base-wy5w-12v\/#primaryimage"},"thumbnailUrl":"https:\/\/xenonkungen.com\/wp-content\/uploads\/2026\/01\/Small-for-web-and-ppt-BS_ORIGINAL_WY5W_2827NA.jpg","datePublished":"2026-01-23T15:25:28+00:00","dateModified":"2026-04-24T16:34:38+00:00","breadcrumb":{"@id":"https:\/\/xenonkungen.com\/produkt\/osram-original-wedge-base-wy5w-12v\/#breadcrumb"},"inLanguage":"en-GB","potentialAction":[{"@type":"ReadAction","target":["https:\/\/xenonkungen.com\/produkt\/osram-original-wedge-base-wy5w-12v\/"]}]},{"@type":"ImageObject","inLanguage":"en-GB","@id":"https:\/\/xenonkungen.com\/produkt\/osram-original-wedge-base-wy5w-12v\/#primaryimage","url":"https:\/\/xenonkungen.com\/wp-content\/uploads\/2026\/01\/Small-for-web-and-ppt-BS_ORIGINAL_WY5W_2827NA.jpg","contentUrl":"https:\/\/xenonkungen.com\/wp-content\/uploads\/2026\/01\/Small-for-web-and-ppt-BS_ORIGINAL_WY5W_2827NA.jpg","width":1024,"height":1024},{"@type":"BreadcrumbList","@id":"https:\/\/xenonkungen.com\/produkt\/osram-original-wedge-base-wy5w-12v\/#breadcrumb","itemListElement":[{"@type":"ListItem","position":1,"name":"Hem","item":"https:\/\/xenonkungen.com\/"},{"@type":"ListItem","position":2,"name":"Shop","item":"https:\/\/xenonkungen.com\/shop\/"},{"@type":"ListItem","position":3,"name":"OSRAM ORIGINAL &#8211; WEDGE BASE &#8211; WY5W &#8211; 12V"}]},{"@type":"WebSite","@id":"https:\/\/xenonkungen.com\/#website","url":"https:\/\/xenonkungen.com\/","name":"Xenonkungen","description":"","potentialAction":[{"@type":"SearchAction","target":{"@type":"EntryPoint","urlTemplate":"https:\/\/xenonkungen.com\/?s={search_term_string}"},"query-input":{"@type":"PropertyValueSpecification","valueRequired":true,"valueName":"search_term_string"}}],"inLanguage":"en-GB"}]}},"taxonomy_info":{"product_brand":[{"value":108,"label":"OSRAM"}],"product_cat":[{"value":2533,"label":"T10"},{"value":338,"label":"Diodlampor"}],"pa_faktisk-effekts-forbrukning":[{"value":540,"label":"5"}],"pa_lampsockel-kontakt":[{"value":2749,"label":"T10"},{"value":2751,"label":"W2.1x9.5d"},{"value":2860,"label":"WY5W"}],"pa_volt-v":[{"value":159,"label":"12"}]},"featured_image_src_large":["https:\/\/xenonkungen.com\/wp-content\/uploads\/2026\/01\/Small-for-web-and-ppt-BS_ORIGINAL_WY5W_2827NA.jpg",1024,1024,false],"author_info":[],"comment_info":0,"_links":{"self":[{"href":"https:\/\/xenonkungen.com\/en\/wp-json\/wp\/v2\/product\/25123","targetHints":{"allow":["GET"]}}],"collection":[{"href":"https:\/\/xenonkungen.com\/en\/wp-json\/wp\/v2\/product"}],"about":[{"href":"https:\/\/xenonkungen.com\/en\/wp-json\/wp\/v2\/types\/product"}],"replies":[{"embeddable":true,"href":"https:\/\/xenonkungen.com\/en\/wp-json\/wp\/v2\/comments?post=25123"}],"wp:featuredmedia":[{"embeddable":true,"href":"https:\/\/xenonkungen.com\/en\/wp-json\/wp\/v2\/media\/25130"}],"wp:attachment":[{"href":"https:\/\/xenonkungen.com\/en\/wp-json\/wp\/v2\/media?parent=25123"}],"wp:term":[{"taxonomy":"anvandningsomrade","embeddable":true,"href":"https:\/\/xenonkungen.com\/en\/wp-json\/wp\/v2\/anvandningsomrade?post=25123"},{"taxonomy":"bilmarken","embeddable":true,"href":"https:\/\/xenonkungen.com\/en\/wp-json\/wp\/v2\/bilmarken?post=25123"},{"taxonomy":"product_brand","embeddable":true,"href":"https:\/\/xenonkungen.com\/en\/wp-json\/wp\/v2\/product_brand?post=25123"},{"taxonomy":"product_cat","embeddable":true,"href":"https:\/\/xenonkungen.com\/en\/wp-json\/wp\/v2\/product_cat?post=25123"},{"taxonomy":"product_tag","embeddable":true,"href":"https:\/\/xenonkungen.com\/en\/wp-json\/wp\/v2\/product_tag?post=25123"}],"curies":[{"name":"wp","href":"https:\/\/api.w.org\/{rel}","templated":true}]}}