{"id":25255,"date":"2026-01-27T13:26:28","date_gmt":"2026-01-27T12:26:28","guid":{"rendered":"https:\/\/xenonkungen.com\/?post_type=product&#038;p=25255"},"modified":"2026-04-15T08:00:14","modified_gmt":"2026-04-15T07:00:14","slug":"extra-bright-optibeam-super-captain","status":"publish","type":"product","link":"https:\/\/xenonkungen.com\/en\/product\/extra-bright-optibeam-super-captain\/","title":{"rendered":"Auxiliary light bracket Optibeam Super Captain"},"content":{"rendered":"<h1>Auxiliary light bracket Optibeam Super Captain<\/h1>\n<p>The extra light bracket\u00a0<strong>Optibeam Super Captain<\/strong> is the ultimate choice for those looking for a sturdy and stylish solution to mount your LED lightbar. This bracket, made of high-quality<strong>\u00a0stainless steel<\/strong>, offers a durable and reliable mounting for your lightbar. With its elegant\u00a0<strong>black finishes<\/strong>\u00a0the mount complements the vehicle's aesthetics and provides a seamless integration with your car.<\/p>\n<p>&nbsp;<\/p>\n<p>The Optibeam Super Captain bracket is designed to allow for easy installation and positioning of the LED bar under the license plate. This provides a clean and discreet look while ensuring optimal light distribution for the best possible visibility while driving. The bracket&#039;s robust construction means it can withstand the toughest weather and road conditions, making it a perfect choice for adventurous drivers.<\/p>\n<p>&nbsp;<\/p>\n<p>Additionally, the mount may require some modification to the lower grille of the vehicle, giving you the ability to tailor the mount to your specific needs and preferences. Whether you are an enthusiastic off-road driver or a commuter looking for extra brightness for safer evening and night driving, the Optibeam Super Captain mount is an excellent choice.<\/p>\n<p>&nbsp;<\/p>\n<p>Invest in\u00a0<strong>Optibeam Super Captain mount<\/strong>\u00a0for a combination of style, performance and durability. Upgrade your car with this premium mount and experience the difference in both appearance and function.<\/p>","protected":false},"excerpt":{"rendered":"<p>Extraljusf\u00e4ste Optibeam Super Captain Extraljusf\u00e4stet\u00a0Optibeam Super Captain \u00e4r det ultimata valet f\u00f6r dig som s\u00f6ker en robust och snygg l\u00f6sning f\u00f6r att montera din LED-ljusramp. Detta f\u00e4ste, tillverkat av h\u00f6gkvalitativt\u00a0rostfritt st\u00e5l, erbjuder en h\u00e5llbar och p\u00e5litlig montering f\u00f6r din ljusramp. Med sin eleganta\u00a0svarta finish\u00a0kompletterar f\u00e4stet fordonets estetik och ger en s\u00f6ml\u00f6s integration med din bil. [&hellip;]<\/p>","protected":false},"featured_media":25259,"comment_status":"open","ping_status":"closed","template":"","meta":{"_acf_changed":false,"_smort_price_nok":"636","_smort_price_dkk":"","_smort_price_eur":"","_smort_sale_price_nok":"","_smort_sale_price_dkk":"","_smort_sale_price_eur":"","smort_restorder":"","shipmondo_restorder":"","_kad_blocks_custom_css":"","_kad_blocks_head_custom_js":"","_kad_blocks_body_custom_js":"","_kad_blocks_footer_custom_js":"","smort_custom_pricelist_1":"380.8","smort_custom_pricelist_2":"333.2","smort_custom_pricelist_3":"309.4","smort_custom_pricelist_4":"476","smort_custom_pricelist_5":"333.2"},"anvandningsomrade":[],"bilmarken":[],"product_brand":[107],"product_cat":[2461,2537,810,390,18,2158,2164],"product_tag":[],"class_list":{"0":"post-25255","1":"product","2":"type-product","3":"status-publish","4":"has-post-thumbnail","6":"product_brand-optibeam","7":"product_cat-fasten-installation","8":"product_cat-fasten-ledramper","9":"product_cat-fasten","10":"product_cat-installation","11":"product_cat-led-ramper-ljusramper","12":"product_cat-serie","13":"product_cat-optibeam-super-captain","15":"first","16":"instock","17":"taxable","18":"shipping-taxable","19":"purchasable","20":"product-type-simple"},"bundled_by":[],"bundle_stock_status":"instock","bundle_stock_quantity":6,"bundle_virtual":false,"bundle_layout":"","bundle_add_to_cart_form_location":"","bundle_editable_in_cart":false,"bundle_sold_individually_context":"","bundle_item_grouping":"","bundle_min_size":"","bundle_max_size":"","bundle_price":[],"bundled_items":[],"bundle_sell_ids":[],"acf":[],"yoast_head":"<!-- This site is optimized with the Yoast SEO plugin v27.0 - https:\/\/yoast.com\/product\/yoast-seo-wordpress\/ -->\n<title>Extraljusf\u00e4ste Optibeam Super Captain - Xenonkungen<\/title>\n<meta name=\"robots\" content=\"index, follow, max-snippet:-1, max-image-preview:large, max-video-preview:-1\" \/>\n<link rel=\"canonical\" href=\"https:\/\/xenonkungen.com\/en\/product\/extra-bright-optibeam-super-captain\/\" \/>\n<meta property=\"og:locale\" content=\"en_GB\" \/>\n<meta property=\"og:type\" content=\"article\" \/>\n<meta property=\"og:title\" content=\"Extraljusf\u00e4ste Optibeam Super Captain - Xenonkungen\" \/>\n<meta property=\"og:description\" content=\"Extraljusf\u00e4ste Optibeam Super Captain Extraljusf\u00e4stet\u00a0Optibeam Super Captain \u00e4r det ultimata valet f\u00f6r dig som s\u00f6ker en robust och snygg l\u00f6sning f\u00f6r att montera din LED-ljusramp. Detta f\u00e4ste, tillverkat av h\u00f6gkvalitativt\u00a0rostfritt st\u00e5l, erbjuder en h\u00e5llbar och p\u00e5litlig montering f\u00f6r din ljusramp. Med sin eleganta\u00a0svarta finish\u00a0kompletterar f\u00e4stet fordonets estetik och ger en s\u00f6ml\u00f6s integration med din bil. [&hellip;]\" \/>\n<meta property=\"og:url\" content=\"https:\/\/xenonkungen.com\/en\/product\/extra-bright-optibeam-super-captain\/\" \/>\n<meta property=\"og:site_name\" content=\"Xenonkungen\" \/>\n<meta property=\"article:modified_time\" content=\"2026-04-15T07:00:14+00:00\" \/>\n<meta property=\"og:image\" content=\"https:\/\/xenonkungen.com\/wp-content\/uploads\/2026\/01\/1605-3049_65773854a8ebfff8707ff2cf906c154f_1.jpg\" \/>\n\t<meta property=\"og:image:width\" content=\"800\" \/>\n\t<meta property=\"og:image:height\" content=\"600\" \/>\n\t<meta property=\"og:image:type\" content=\"image\/jpeg\" \/>\n<meta name=\"twitter:card\" content=\"summary_large_image\" \/>\n<meta name=\"twitter:label1\" content=\"Estimated reading time\" \/>\n\t<meta name=\"twitter:data1\" content=\"2 minutes\" \/>\n<script type=\"application\/ld+json\" class=\"yoast-schema-graph\">{\"@context\":\"https:\/\/schema.org\",\"@graph\":[{\"@type\":\"WebPage\",\"@id\":\"https:\/\/xenonkungen.com\/produkt\/extraljusfaste-optibeam-super-captain\/\",\"url\":\"https:\/\/xenonkungen.com\/produkt\/extraljusfaste-optibeam-super-captain\/\",\"name\":\"Extraljusf\u00e4ste Optibeam Super Captain - Xenonkungen\",\"isPartOf\":{\"@id\":\"https:\/\/xenonkungen.com\/#website\"},\"primaryImageOfPage\":{\"@id\":\"https:\/\/xenonkungen.com\/produkt\/extraljusfaste-optibeam-super-captain\/#primaryimage\"},\"image\":{\"@id\":\"https:\/\/xenonkungen.com\/produkt\/extraljusfaste-optibeam-super-captain\/#primaryimage\"},\"thumbnailUrl\":\"https:\/\/xenonkungen.com\/wp-content\/uploads\/2026\/01\/1605-3049_65773854a8ebfff8707ff2cf906c154f_1.jpg\",\"datePublished\":\"2026-01-27T12:26:28+00:00\",\"dateModified\":\"2026-04-15T07:00:14+00:00\",\"breadcrumb\":{\"@id\":\"https:\/\/xenonkungen.com\/produkt\/extraljusfaste-optibeam-super-captain\/#breadcrumb\"},\"inLanguage\":\"en-GB\",\"potentialAction\":[{\"@type\":\"ReadAction\",\"target\":[\"https:\/\/xenonkungen.com\/produkt\/extraljusfaste-optibeam-super-captain\/\"]}]},{\"@type\":\"ImageObject\",\"inLanguage\":\"en-GB\",\"@id\":\"https:\/\/xenonkungen.com\/produkt\/extraljusfaste-optibeam-super-captain\/#primaryimage\",\"url\":\"https:\/\/xenonkungen.com\/wp-content\/uploads\/2026\/01\/1605-3049_65773854a8ebfff8707ff2cf906c154f_1.jpg\",\"contentUrl\":\"https:\/\/xenonkungen.com\/wp-content\/uploads\/2026\/01\/1605-3049_65773854a8ebfff8707ff2cf906c154f_1.jpg\",\"width\":800,\"height\":600},{\"@type\":\"BreadcrumbList\",\"@id\":\"https:\/\/xenonkungen.com\/produkt\/extraljusfaste-optibeam-super-captain\/#breadcrumb\",\"itemListElement\":[{\"@type\":\"ListItem\",\"position\":1,\"name\":\"Hem\",\"item\":\"https:\/\/xenonkungen.com\/\"},{\"@type\":\"ListItem\",\"position\":2,\"name\":\"Shop\",\"item\":\"https:\/\/xenonkungen.com\/shop\/\"},{\"@type\":\"ListItem\",\"position\":3,\"name\":\"Extraljusf\u00e4ste Optibeam Super Captain\"}]},{\"@type\":\"WebSite\",\"@id\":\"https:\/\/xenonkungen.com\/#website\",\"url\":\"https:\/\/xenonkungen.com\/\",\"name\":\"Xenonkungen\",\"description\":\"\",\"potentialAction\":[{\"@type\":\"SearchAction\",\"target\":{\"@type\":\"EntryPoint\",\"urlTemplate\":\"https:\/\/xenonkungen.com\/?s={search_term_string}\"},\"query-input\":{\"@type\":\"PropertyValueSpecification\",\"valueRequired\":true,\"valueName\":\"search_term_string\"}}],\"inLanguage\":\"en-GB\"}]}<\/script>\n<!-- \/ Yoast SEO plugin. -->","yoast_head_json":{"title":"Auxiliary light bracket Optibeam Super Captain - Xenonkungen","robots":{"index":"index","follow":"follow","max-snippet":"max-snippet:-1","max-image-preview":"max-image-preview:large","max-video-preview":"max-video-preview:-1"},"canonical":"https:\/\/xenonkungen.com\/en\/product\/extra-bright-optibeam-super-captain\/","og_locale":"en_GB","og_type":"article","og_title":"Extraljusf\u00e4ste Optibeam Super Captain - Xenonkungen","og_description":"Extraljusf\u00e4ste Optibeam Super Captain Extraljusf\u00e4stet\u00a0Optibeam Super Captain \u00e4r det ultimata valet f\u00f6r dig som s\u00f6ker en robust och snygg l\u00f6sning f\u00f6r att montera din LED-ljusramp. Detta f\u00e4ste, tillverkat av h\u00f6gkvalitativt\u00a0rostfritt st\u00e5l, erbjuder en h\u00e5llbar och p\u00e5litlig montering f\u00f6r din ljusramp. Med sin eleganta\u00a0svarta finish\u00a0kompletterar f\u00e4stet fordonets estetik och ger en s\u00f6ml\u00f6s integration med din bil. [&hellip;]","og_url":"https:\/\/xenonkungen.com\/en\/product\/extra-bright-optibeam-super-captain\/","og_site_name":"Xenonkungen","article_modified_time":"2026-04-15T07:00:14+00:00","og_image":[{"width":800,"height":600,"url":"https:\/\/xenonkungen.com\/wp-content\/uploads\/2026\/01\/1605-3049_65773854a8ebfff8707ff2cf906c154f_1.jpg","type":"image\/jpeg"}],"twitter_card":"summary_large_image","twitter_misc":{"Estimated reading time":"2 minutes"},"schema":{"@context":"https:\/\/schema.org","@graph":[{"@type":"WebPage","@id":"https:\/\/xenonkungen.com\/produkt\/extraljusfaste-optibeam-super-captain\/","url":"https:\/\/xenonkungen.com\/produkt\/extraljusfaste-optibeam-super-captain\/","name":"Auxiliary light bracket Optibeam Super Captain - Xenonkungen","isPartOf":{"@id":"https:\/\/xenonkungen.com\/#website"},"primaryImageOfPage":{"@id":"https:\/\/xenonkungen.com\/produkt\/extraljusfaste-optibeam-super-captain\/#primaryimage"},"image":{"@id":"https:\/\/xenonkungen.com\/produkt\/extraljusfaste-optibeam-super-captain\/#primaryimage"},"thumbnailUrl":"https:\/\/xenonkungen.com\/wp-content\/uploads\/2026\/01\/1605-3049_65773854a8ebfff8707ff2cf906c154f_1.jpg","datePublished":"2026-01-27T12:26:28+00:00","dateModified":"2026-04-15T07:00:14+00:00","breadcrumb":{"@id":"https:\/\/xenonkungen.com\/produkt\/extraljusfaste-optibeam-super-captain\/#breadcrumb"},"inLanguage":"en-GB","potentialAction":[{"@type":"ReadAction","target":["https:\/\/xenonkungen.com\/produkt\/extraljusfaste-optibeam-super-captain\/"]}]},{"@type":"ImageObject","inLanguage":"en-GB","@id":"https:\/\/xenonkungen.com\/produkt\/extraljusfaste-optibeam-super-captain\/#primaryimage","url":"https:\/\/xenonkungen.com\/wp-content\/uploads\/2026\/01\/1605-3049_65773854a8ebfff8707ff2cf906c154f_1.jpg","contentUrl":"https:\/\/xenonkungen.com\/wp-content\/uploads\/2026\/01\/1605-3049_65773854a8ebfff8707ff2cf906c154f_1.jpg","width":800,"height":600},{"@type":"BreadcrumbList","@id":"https:\/\/xenonkungen.com\/produkt\/extraljusfaste-optibeam-super-captain\/#breadcrumb","itemListElement":[{"@type":"ListItem","position":1,"name":"Hem","item":"https:\/\/xenonkungen.com\/"},{"@type":"ListItem","position":2,"name":"Shop","item":"https:\/\/xenonkungen.com\/shop\/"},{"@type":"ListItem","position":3,"name":"Extraljusf\u00e4ste Optibeam Super Captain"}]},{"@type":"WebSite","@id":"https:\/\/xenonkungen.com\/#website","url":"https:\/\/xenonkungen.com\/","name":"Xenonkungen","description":"","potentialAction":[{"@type":"SearchAction","target":{"@type":"EntryPoint","urlTemplate":"https:\/\/xenonkungen.com\/?s={search_term_string}"},"query-input":{"@type":"PropertyValueSpecification","valueRequired":true,"valueName":"search_term_string"}}],"inLanguage":"en-GB"}]}},"taxonomy_info":{"product_brand":[{"value":107,"label":"Optibeam"}],"product_cat":[{"value":2461,"label":"F\u00e4sten"},{"value":2537,"label":"F\u00e4sten"},{"value":810,"label":"F\u00e4sten"},{"value":390,"label":"Installation"},{"value":18,"label":"LED Ramper \/ Ljusramper"},{"value":2158,"label":"Serie"},{"value":2164,"label":"OPTIBEAM Super Captain"}]},"featured_image_src_large":["https:\/\/xenonkungen.com\/wp-content\/uploads\/2026\/01\/1605-3049_65773854a8ebfff8707ff2cf906c154f_1.jpg",800,600,false],"author_info":[],"comment_info":0,"_links":{"self":[{"href":"https:\/\/xenonkungen.com\/en\/wp-json\/wp\/v2\/product\/25255","targetHints":{"allow":["GET"]}}],"collection":[{"href":"https:\/\/xenonkungen.com\/en\/wp-json\/wp\/v2\/product"}],"about":[{"href":"https:\/\/xenonkungen.com\/en\/wp-json\/wp\/v2\/types\/product"}],"replies":[{"embeddable":true,"href":"https:\/\/xenonkungen.com\/en\/wp-json\/wp\/v2\/comments?post=25255"}],"wp:featuredmedia":[{"embeddable":true,"href":"https:\/\/xenonkungen.com\/en\/wp-json\/wp\/v2\/media\/25259"}],"wp:attachment":[{"href":"https:\/\/xenonkungen.com\/en\/wp-json\/wp\/v2\/media?parent=25255"}],"wp:term":[{"taxonomy":"anvandningsomrade","embeddable":true,"href":"https:\/\/xenonkungen.com\/en\/wp-json\/wp\/v2\/anvandningsomrade?post=25255"},{"taxonomy":"bilmarken","embeddable":true,"href":"https:\/\/xenonkungen.com\/en\/wp-json\/wp\/v2\/bilmarken?post=25255"},{"taxonomy":"product_brand","embeddable":true,"href":"https:\/\/xenonkungen.com\/en\/wp-json\/wp\/v2\/product_brand?post=25255"},{"taxonomy":"product_cat","embeddable":true,"href":"https:\/\/xenonkungen.com\/en\/wp-json\/wp\/v2\/product_cat?post=25255"},{"taxonomy":"product_tag","embeddable":true,"href":"https:\/\/xenonkungen.com\/en\/wp-json\/wp\/v2\/product_tag?post=25255"}],"curies":[{"name":"wp","href":"https:\/\/api.w.org\/{rel}","templated":true}]}}