{"id":25306,"date":"2026-01-27T15:19:57","date_gmt":"2026-01-27T14:19:57","guid":{"rendered":"https:\/\/xenonkungen.com\/?post_type=product&#038;p=25306"},"modified":"2026-04-24T17:35:07","modified_gmt":"2026-04-24T16:35:07","slug":"osram-original-festoon-10w-12v-2-pack","status":"publish","type":"product","link":"https:\/\/xenonkungen.com\/en\/product\/osram-original-festoon-10w-12v-2-pack\/","title":{"rendered":"OSRAM ORIGINAL FESTOON \u2013 10w \u2013 12V"},"content":{"rendered":"<p data-start=\"63\" data-end=\"377\"><strong data-start=\"63\" data-end=\"147\">Cost-effective ORIGINAL floodlights from <span class=\"hover:entity-accent entity-underline inline cursor-pointer align-baseline\"><span class=\"whitespace-normal\">OSRAM<\/span><\/span><\/strong> with reliable OEM quality \u2013 perfect as original spare parts for many vehicles. The lamps are ideal for <strong data-start=\"259\" data-end=\"328\">license plate lighting, position lights, interior and reading lights<\/strong>, where even light and long life are crucial.<\/p>\n<p data-start=\"379\" data-end=\"604\" data-is-last-node=\"\" data-is-only-node=\"\">Med <strong data-start=\"383\" data-end=\"391\">12V<\/strong>, <strong data-start=\"393\" data-end=\"408\">10W power<\/strong> and base <strong data-start=\"420\" data-end=\"431\">SV8.5-8<\/strong> you get a proven solution that meets high quality requirements and ensures trouble-free operation. A smart choice when you want <strong data-start=\"559\" data-end=\"603\">original quality at an effective price<\/strong>.<\/p>","protected":false},"excerpt":{"rendered":"<p>Kostnadseffektiva ORIGINAL spollampor fr\u00e5n OSRAM med p\u00e5litlig OEM-kvalitet \u2013 perfekta som originalreservdelar f\u00f6r m\u00e5nga fordon. Lamporna l\u00e4mpar sig utm\u00e4rkt f\u00f6r nummerskyltsbelysning, positionsljus samt interi\u00f6r- och l\u00e4slampor, d\u00e4r j\u00e4mnt ljus och l\u00e5ng livsl\u00e4ngd \u00e4r avg\u00f6rande. Med 12 V, 10 W effekt och sockel SV8.5-8 f\u00e5r du en bepr\u00f6vad l\u00f6sning som uppfyller h\u00f6ga kvalitetskrav och s\u00e4kerst\u00e4ller problemfri [&hellip;]<\/p>","protected":false},"featured_media":25308,"comment_status":"open","ping_status":"closed","template":"","meta":{"_acf_changed":false,"_smort_price_nok":"33","_smort_price_dkk":"","_smort_price_eur":"","_smort_sale_price_nok":"","_smort_sale_price_dkk":"","_smort_sale_price_eur":"","smort_restorder":"","shipmondo_restorder":"","_kad_blocks_custom_css":"","_kad_blocks_head_custom_js":"","_kad_blocks_body_custom_js":"","_kad_blocks_footer_custom_js":"","smort_custom_pricelist_1":"19.84","smort_custom_pricelist_2":"17.36","smort_custom_pricelist_3":"16.12","smort_custom_pricelist_4":"24.8","smort_custom_pricelist_5":"17.36"},"anvandningsomrade":[],"bilmarken":[],"product_brand":[108],"product_cat":[2452,2459,338],"product_tag":[],"class_list":{"0":"post-25306","1":"product","2":"type-product","3":"status-publish","4":"has-post-thumbnail","6":"product_brand-osram","7":"product_cat-c5w","8":"product_cat-c5w-canbus-diodlampor","9":"product_cat-diodlampor","10":"pa_faktisk-effekts-forbrukning-541","11":"pa_lampsockel-kontakt-c5w","12":"pa_lampsockel-kontakt-sv8-5-8","13":"pa_volt-v-159","15":"first","16":"instock","17":"taxable","18":"shipping-taxable","19":"purchasable","20":"product-type-simple"},"bundled_by":[],"bundle_stock_status":"instock","bundle_stock_quantity":9,"bundle_virtual":false,"bundle_layout":"","bundle_add_to_cart_form_location":"","bundle_editable_in_cart":false,"bundle_sold_individually_context":"","bundle_item_grouping":"","bundle_min_size":"","bundle_max_size":"","bundle_price":[],"bundled_items":[],"bundle_sell_ids":[],"acf":[],"yoast_head":"<!-- This site is optimized with the Yoast SEO plugin v27.0 - https:\/\/yoast.com\/product\/yoast-seo-wordpress\/ -->\n<title>OSRAM ORIGINAL FESTOON - 10w - 12V - Xenonkungen<\/title>\n<meta name=\"robots\" content=\"index, follow, max-snippet:-1, max-image-preview:large, max-video-preview:-1\" \/>\n<link rel=\"canonical\" href=\"https:\/\/xenonkungen.com\/en\/product\/osram-original-festoon-10w-12v-2-pack\/\" \/>\n<meta property=\"og:locale\" content=\"en_GB\" \/>\n<meta property=\"og:type\" content=\"article\" \/>\n<meta property=\"og:title\" content=\"OSRAM ORIGINAL FESTOON - 10w - 12V - Xenonkungen\" \/>\n<meta property=\"og:description\" content=\"Kostnadseffektiva ORIGINAL spollampor fr\u00e5n OSRAM med p\u00e5litlig OEM-kvalitet \u2013 perfekta som originalreservdelar f\u00f6r m\u00e5nga fordon. Lamporna l\u00e4mpar sig utm\u00e4rkt f\u00f6r nummerskyltsbelysning, positionsljus samt interi\u00f6r- och l\u00e4slampor, d\u00e4r j\u00e4mnt ljus och l\u00e5ng livsl\u00e4ngd \u00e4r avg\u00f6rande. Med 12 V, 10 W effekt och sockel SV8.5-8 f\u00e5r du en bepr\u00f6vad l\u00f6sning som uppfyller h\u00f6ga kvalitetskrav och s\u00e4kerst\u00e4ller problemfri [&hellip;]\" \/>\n<meta property=\"og:url\" content=\"https:\/\/xenonkungen.com\/en\/product\/osram-original-festoon-10w-12v-2-pack\/\" \/>\n<meta property=\"og:site_name\" content=\"Xenonkungen\" \/>\n<meta property=\"article:modified_time\" content=\"2026-04-24T16:35:07+00:00\" \/>\n<meta name=\"twitter:card\" content=\"summary_large_image\" \/>\n<meta name=\"twitter:label1\" content=\"Estimated reading time\" \/>\n\t<meta name=\"twitter:data1\" content=\"1 minute\" \/>\n<script type=\"application\/ld+json\" class=\"yoast-schema-graph\">{\"@context\":\"https:\/\/schema.org\",\"@graph\":[{\"@type\":\"WebPage\",\"@id\":\"https:\/\/xenonkungen.com\/produkt\/osram-original-festoon-10w-12v-2-pack\/\",\"url\":\"https:\/\/xenonkungen.com\/produkt\/osram-original-festoon-10w-12v-2-pack\/\",\"name\":\"OSRAM ORIGINAL FESTOON - 10w - 12V - Xenonkungen\",\"isPartOf\":{\"@id\":\"https:\/\/xenonkungen.com\/#website\"},\"primaryImageOfPage\":{\"@id\":\"https:\/\/xenonkungen.com\/produkt\/osram-original-festoon-10w-12v-2-pack\/#primaryimage\"},\"image\":{\"@id\":\"https:\/\/xenonkungen.com\/produkt\/osram-original-festoon-10w-12v-2-pack\/#primaryimage\"},\"thumbnailUrl\":\"https:\/\/xenonkungen.com\/wp-content\/uploads\/2026\/01\/ORIGINAL-6411.avif\",\"datePublished\":\"2026-01-27T14:19:57+00:00\",\"dateModified\":\"2026-04-24T16:35:07+00:00\",\"breadcrumb\":{\"@id\":\"https:\/\/xenonkungen.com\/produkt\/osram-original-festoon-10w-12v-2-pack\/#breadcrumb\"},\"inLanguage\":\"en-GB\",\"potentialAction\":[{\"@type\":\"ReadAction\",\"target\":[\"https:\/\/xenonkungen.com\/produkt\/osram-original-festoon-10w-12v-2-pack\/\"]}]},{\"@type\":\"ImageObject\",\"inLanguage\":\"en-GB\",\"@id\":\"https:\/\/xenonkungen.com\/produkt\/osram-original-festoon-10w-12v-2-pack\/#primaryimage\",\"url\":\"https:\/\/xenonkungen.com\/wp-content\/uploads\/2026\/01\/ORIGINAL-6411.avif\",\"contentUrl\":\"https:\/\/xenonkungen.com\/wp-content\/uploads\/2026\/01\/ORIGINAL-6411.avif\",\"width\":900,\"height\":900},{\"@type\":\"BreadcrumbList\",\"@id\":\"https:\/\/xenonkungen.com\/produkt\/osram-original-festoon-10w-12v-2-pack\/#breadcrumb\",\"itemListElement\":[{\"@type\":\"ListItem\",\"position\":1,\"name\":\"Hem\",\"item\":\"https:\/\/xenonkungen.com\/\"},{\"@type\":\"ListItem\",\"position\":2,\"name\":\"Shop\",\"item\":\"https:\/\/xenonkungen.com\/shop\/\"},{\"@type\":\"ListItem\",\"position\":3,\"name\":\"OSRAM ORIGINAL FESTOON &#8211; 10w &#8211; 12V\"}]},{\"@type\":\"WebSite\",\"@id\":\"https:\/\/xenonkungen.com\/#website\",\"url\":\"https:\/\/xenonkungen.com\/\",\"name\":\"Xenonkungen\",\"description\":\"\",\"potentialAction\":[{\"@type\":\"SearchAction\",\"target\":{\"@type\":\"EntryPoint\",\"urlTemplate\":\"https:\/\/xenonkungen.com\/?s={search_term_string}\"},\"query-input\":{\"@type\":\"PropertyValueSpecification\",\"valueRequired\":true,\"valueName\":\"search_term_string\"}}],\"inLanguage\":\"en-GB\"}]}<\/script>\n<!-- \/ Yoast SEO plugin. -->","yoast_head_json":{"title":"OSRAM ORIGINAL FESTOON - 10w - 12V - The Xenon king","robots":{"index":"index","follow":"follow","max-snippet":"max-snippet:-1","max-image-preview":"max-image-preview:large","max-video-preview":"max-video-preview:-1"},"canonical":"https:\/\/xenonkungen.com\/en\/product\/osram-original-festoon-10w-12v-2-pack\/","og_locale":"en_GB","og_type":"article","og_title":"OSRAM ORIGINAL FESTOON - 10w - 12V - Xenonkungen","og_description":"Kostnadseffektiva ORIGINAL spollampor fr\u00e5n OSRAM med p\u00e5litlig OEM-kvalitet \u2013 perfekta som originalreservdelar f\u00f6r m\u00e5nga fordon. Lamporna l\u00e4mpar sig utm\u00e4rkt f\u00f6r nummerskyltsbelysning, positionsljus samt interi\u00f6r- och l\u00e4slampor, d\u00e4r j\u00e4mnt ljus och l\u00e5ng livsl\u00e4ngd \u00e4r avg\u00f6rande. Med 12 V, 10 W effekt och sockel SV8.5-8 f\u00e5r du en bepr\u00f6vad l\u00f6sning som uppfyller h\u00f6ga kvalitetskrav och s\u00e4kerst\u00e4ller problemfri [&hellip;]","og_url":"https:\/\/xenonkungen.com\/en\/product\/osram-original-festoon-10w-12v-2-pack\/","og_site_name":"Xenonkungen","article_modified_time":"2026-04-24T16:35:07+00:00","twitter_card":"summary_large_image","twitter_misc":{"Estimated reading time":"1 minute"},"schema":{"@context":"https:\/\/schema.org","@graph":[{"@type":"WebPage","@id":"https:\/\/xenonkungen.com\/produkt\/osram-original-festoon-10w-12v-2-pack\/","url":"https:\/\/xenonkungen.com\/produkt\/osram-original-festoon-10w-12v-2-pack\/","name":"OSRAM ORIGINAL FESTOON - 10w - 12V - The Xenon king","isPartOf":{"@id":"https:\/\/xenonkungen.com\/#website"},"primaryImageOfPage":{"@id":"https:\/\/xenonkungen.com\/produkt\/osram-original-festoon-10w-12v-2-pack\/#primaryimage"},"image":{"@id":"https:\/\/xenonkungen.com\/produkt\/osram-original-festoon-10w-12v-2-pack\/#primaryimage"},"thumbnailUrl":"https:\/\/xenonkungen.com\/wp-content\/uploads\/2026\/01\/ORIGINAL-6411.avif","datePublished":"2026-01-27T14:19:57+00:00","dateModified":"2026-04-24T16:35:07+00:00","breadcrumb":{"@id":"https:\/\/xenonkungen.com\/produkt\/osram-original-festoon-10w-12v-2-pack\/#breadcrumb"},"inLanguage":"en-GB","potentialAction":[{"@type":"ReadAction","target":["https:\/\/xenonkungen.com\/produkt\/osram-original-festoon-10w-12v-2-pack\/"]}]},{"@type":"ImageObject","inLanguage":"en-GB","@id":"https:\/\/xenonkungen.com\/produkt\/osram-original-festoon-10w-12v-2-pack\/#primaryimage","url":"https:\/\/xenonkungen.com\/wp-content\/uploads\/2026\/01\/ORIGINAL-6411.avif","contentUrl":"https:\/\/xenonkungen.com\/wp-content\/uploads\/2026\/01\/ORIGINAL-6411.avif","width":900,"height":900},{"@type":"BreadcrumbList","@id":"https:\/\/xenonkungen.com\/produkt\/osram-original-festoon-10w-12v-2-pack\/#breadcrumb","itemListElement":[{"@type":"ListItem","position":1,"name":"Hem","item":"https:\/\/xenonkungen.com\/"},{"@type":"ListItem","position":2,"name":"Shop","item":"https:\/\/xenonkungen.com\/shop\/"},{"@type":"ListItem","position":3,"name":"OSRAM ORIGINAL FESTOON &#8211; 10w &#8211; 12V"}]},{"@type":"WebSite","@id":"https:\/\/xenonkungen.com\/#website","url":"https:\/\/xenonkungen.com\/","name":"Xenonkungen","description":"","potentialAction":[{"@type":"SearchAction","target":{"@type":"EntryPoint","urlTemplate":"https:\/\/xenonkungen.com\/?s={search_term_string}"},"query-input":{"@type":"PropertyValueSpecification","valueRequired":true,"valueName":"search_term_string"}}],"inLanguage":"en-GB"}]}},"taxonomy_info":{"product_brand":[{"value":108,"label":"OSRAM"}],"product_cat":[{"value":2452,"label":"C5W"},{"value":2459,"label":"C5W"},{"value":338,"label":"Diodlampor"}],"pa_faktisk-effekts-forbrukning":[{"value":541,"label":"10"}],"pa_lampsockel-kontakt":[{"value":380,"label":"C5W"},{"value":2747,"label":"SV8.5-8"}],"pa_volt-v":[{"value":159,"label":"12"}]},"featured_image_src_large":["https:\/\/xenonkungen.com\/wp-content\/uploads\/2026\/01\/ORIGINAL-6411.avif",900,900,false],"author_info":[],"comment_info":0,"_links":{"self":[{"href":"https:\/\/xenonkungen.com\/en\/wp-json\/wp\/v2\/product\/25306","targetHints":{"allow":["GET"]}}],"collection":[{"href":"https:\/\/xenonkungen.com\/en\/wp-json\/wp\/v2\/product"}],"about":[{"href":"https:\/\/xenonkungen.com\/en\/wp-json\/wp\/v2\/types\/product"}],"replies":[{"embeddable":true,"href":"https:\/\/xenonkungen.com\/en\/wp-json\/wp\/v2\/comments?post=25306"}],"wp:featuredmedia":[{"embeddable":true,"href":"https:\/\/xenonkungen.com\/en\/wp-json\/wp\/v2\/media\/25308"}],"wp:attachment":[{"href":"https:\/\/xenonkungen.com\/en\/wp-json\/wp\/v2\/media?parent=25306"}],"wp:term":[{"taxonomy":"anvandningsomrade","embeddable":true,"href":"https:\/\/xenonkungen.com\/en\/wp-json\/wp\/v2\/anvandningsomrade?post=25306"},{"taxonomy":"bilmarken","embeddable":true,"href":"https:\/\/xenonkungen.com\/en\/wp-json\/wp\/v2\/bilmarken?post=25306"},{"taxonomy":"product_brand","embeddable":true,"href":"https:\/\/xenonkungen.com\/en\/wp-json\/wp\/v2\/product_brand?post=25306"},{"taxonomy":"product_cat","embeddable":true,"href":"https:\/\/xenonkungen.com\/en\/wp-json\/wp\/v2\/product_cat?post=25306"},{"taxonomy":"product_tag","embeddable":true,"href":"https:\/\/xenonkungen.com\/en\/wp-json\/wp\/v2\/product_tag?post=25306"}],"curies":[{"name":"wp","href":"https:\/\/api.w.org\/{rel}","templated":true}]}}